{"id":652,"date":"2023-08-21T02:56:38","date_gmt":"2023-08-21T02:56:38","guid":{"rendered":"https:\/\/hydraulic-cylinders.net\/?post_type=product&#038;p=652"},"modified":"2025-04-11T01:45:01","modified_gmt":"2025-04-11T01:45:01","slug":"forklift-short-lifting-hydraulic-cylinder","status":"publish","type":"product","link":"https:\/\/www.hydraulic-cylinders.net\/lt\/produktas\/forklift-short-lifting-hydraulic-cylinder\/","title":{"rendered":"\u0160akini\u0173 krautuv\u0173 trumpas k\u0117limo hidraulinis cilindras"},"content":{"rendered":"<h1 style=\"text-align: center;\"><strong>\u0160akini\u0173 krautuv\u0173 trumpas k\u0117limo hidraulinis cilindras<\/strong><\/h1>\n<p><img loading=\"lazy\" decoding=\"async\" class=\"aligncenter wp-image-653\" src=\"https:\/\/hydraulic-cylinders.net\/wp-content\/uploads\/2023\/08\/short-lifting-hydraulic-cylinder-product-2-300x300.webp\" alt=\"trumpo k\u0117limo hidraulinio cilindro produktas\" width=\"400\" height=\"400\" \/><\/p>\n<p>The <strong>Trumpas krautuvo k\u0117limo cilindras<\/strong> yra sukurtas taip, kad be vargo atlikt\u0173 trumpas k\u0117limo u\u017eduotis, u\u017etikrindamas gali\u0105 ir tikslum\u0105, reikaling\u0105 med\u017eiag\u0173 tvarkymo operacijoms optimizuoti.<\/p>\n<p>\u0160is hidraulinis cilindras, pasi\u017eymintis tvirta konstrukcija, gali atlaikyti dideles apkrovas, da\u017en\u0105 naudojim\u0105 ir sud\u0117tingas eksploatavimo s\u0105lygas. Sukurtas ilgaam\u017ei\u0161kumui, jis u\u017etikrina patikim\u0105 veikim\u0105 ir suma\u017eina su prie\u017ei\u016bra ar remontu susijusias prastovas.<\/p>\n<p>Pasi\u017eymi i\u0161skirtiniu atsparumu dilimui, korozijai ir u\u017eter\u0161tumui, <strong>Trumpas krautuvo k\u0117limo cilindras<\/strong> i\u0161laiko geriausi\u0105 na\u0161um\u0105 vis\u0105 savo naudojimo laik\u0105. Sukurtas atlaikyti at\u0161iaurias aplinkos s\u0105lygas, jis efektyviai apsaugo save nuo dr\u0117gm\u0117s, \u0161iuk\u0161li\u0173 ir kit\u0173 ter\u0161al\u0173, kurie gali pakenkti jo funkcionalumui.<\/p>\n<p>Ie\u0161kantiems patikimo k\u0117limo sprendimo, \u0161is hidraulinis cilindras yra idealus pasirinkimas, u\u017etikrinantis efektyvum\u0105 ir ilgaam\u017ei\u0161kum\u0105 kiekvienos operacijos metu.<\/p>\n<h2><strong>\u0160akinio krautuvo trumpojo k\u0117limo hidraulinio cilindro parametras:<\/strong><\/h2>\n<table>\n<tbody>\n<tr>\n<td><img loading=\"lazy\" decoding=\"async\" class=\"alignnone wp-image-654 size-full\" src=\"https:\/\/hydraulic-cylinders.net\/wp-content\/uploads\/2023\/08\/short-lifting-hydraulic-cylinder-product-1.png\" alt=\"\" width=\"457\" height=\"315\" srcset=\"https:\/\/www.hydraulic-cylinders.net\/wp-content\/uploads\/2023\/08\/short-lifting-hydraulic-cylinder-product-1.png 457w, https:\/\/www.hydraulic-cylinders.net\/wp-content\/uploads\/2023\/08\/short-lifting-hydraulic-cylinder-product-1-300x207.png 300w\" sizes=\"(max-width: 457px) 100vw, 457px\" \/><\/td>\n<td><img loading=\"lazy\" decoding=\"async\" class=\"alignnone wp-image-655 size-full\" src=\"https:\/\/hydraulic-cylinders.net\/wp-content\/uploads\/2023\/08\/short-lifting-hydraulic-cylinder-product-1-1.png\" alt=\"\" width=\"475\" height=\"137\" srcset=\"https:\/\/www.hydraulic-cylinders.net\/wp-content\/uploads\/2023\/08\/short-lifting-hydraulic-cylinder-product-1-1.png 475w, https:\/\/www.hydraulic-cylinders.net\/wp-content\/uploads\/2023\/08\/short-lifting-hydraulic-cylinder-product-1-1-300x87.png 300w\" sizes=\"(max-width: 475px) 100vw, 475px\" \/><\/td>\n<\/tr>\n<\/tbody>\n<\/table>\n<table style=\"height: 95px; width: 931px;\" border=\"1\" cellspacing=\"0\" cellpadding=\"0\">\n<tbody>\n<tr style=\"height: 47px;\">\n<td style=\"height: 47px; width: 124.137px;\">Cilindro pavadinimas<\/td>\n<td style=\"height: 47px; width: 182.712px;\">br\u0117\u017einio numeris<\/td>\n<td style=\"height: 47px; width: 74.2125px;\">gr\u0119\u017einio skersmuo (D)<\/td>\n<td style=\"height: 47px; width: 63.6375px;\">strypo skersmuo (d)<\/td>\n<td style=\"height: 47px; width: 69.75px;\">sm\u016bgis (S)<\/td>\n<td style=\"height: 47px; width: 90.0875px;\">Montavimo atstumas (L)<\/td>\n<td style=\"height: 47px; width: 92.5625px;\">darbinis sl\u0117gis<\/td>\n<td style=\"height: 47px; width: 148.925px;\">S\u0105sajos matmenys (M)<\/td>\n<td style=\"height: 47px; width: 68.975px;\">svoris<\/td>\n<\/tr>\n<tr style=\"height: 48px;\">\n<td class=\"et3\" style=\"height: 48px; width: 124.137px;\" height=\"325\">Trumpas k\u0117limo cilindras<\/td>\n<td style=\"width: 182.712px;\">RC25N480-800000-000A<\/td>\n<td style=\"width: 74.2125px;\">\u03a675<\/td>\n<td style=\"width: 63.6375px;\">\u03a660<\/td>\n<td style=\"width: 69.75px;\">800<\/td>\n<td style=\"width: 90.0875px;\">1065<\/td>\n<td style=\"width: 92.5625px;\">18,1 MPa<\/td>\n<td style=\"width: 148.925px;\">M22 * 1,5<\/td>\n<td style=\"width: 68.975px;\">36 kg<\/td>\n<\/tr>\n<tr>\n<td style=\"width: 124.137px;\">Trumpas k\u0117limo cilindras<\/td>\n<td style=\"width: 182.712px;\">X35N480-800000-001A<\/td>\n<td style=\"width: 74.2125px;\">\u03a695<\/td>\n<td style=\"width: 63.6375px;\">\u03a680<\/td>\n<td style=\"width: 69.75px;\">800<\/td>\n<td style=\"width: 90.0875px;\">1065<\/td>\n<td style=\"width: 92.5625px;\">18,1 MPa<\/td>\n<td style=\"width: 148.925px;\">M22 * 1,5<\/td>\n<td style=\"width: 68.975px;\">48,7 kg<\/td>\n<\/tr>\n<\/tbody>\n<\/table>\n<table>\n<tbody>\n<tr>\n<td><img loading=\"lazy\" decoding=\"async\" class=\"alignnone wp-image-656 size-full\" src=\"https:\/\/hydraulic-cylinders.net\/wp-content\/uploads\/2023\/08\/short-lifting-hydraulic-cylinder-product-2-1.webp\" alt=\"\" width=\"451\" height=\"358\" srcset=\"https:\/\/www.hydraulic-cylinders.net\/wp-content\/uploads\/2023\/08\/short-lifting-hydraulic-cylinder-product-2-1.webp 451w, https:\/\/www.hydraulic-cylinders.net\/wp-content\/uploads\/2023\/08\/short-lifting-hydraulic-cylinder-product-2-1-300x238.webp 300w\" sizes=\"(max-width: 451px) 100vw, 451px\" \/><\/td>\n<td><img loading=\"lazy\" decoding=\"async\" class=\"alignnone wp-image-657 size-full\" src=\"https:\/\/hydraulic-cylinders.net\/wp-content\/uploads\/2023\/08\/short-lifting-hydraulic-cylinder-product-2-1-1.webp\" alt=\"\" width=\"475\" height=\"223\" srcset=\"https:\/\/www.hydraulic-cylinders.net\/wp-content\/uploads\/2023\/08\/short-lifting-hydraulic-cylinder-product-2-1-1.webp 475w, https:\/\/www.hydraulic-cylinders.net\/wp-content\/uploads\/2023\/08\/short-lifting-hydraulic-cylinder-product-2-1-1-300x141.webp 300w\" sizes=\"(max-width: 475px) 100vw, 475px\" \/><\/td>\n<\/tr>\n<\/tbody>\n<\/table>\n<table style=\"height: 101px; width: 938px;\" border=\"1\" cellspacing=\"0\" cellpadding=\"0\">\n<tbody>\n<tr style=\"height: 47px;\">\n<td style=\"height: 47px; width: 122px;\">Cilindro pavadinimas<\/td>\n<td style=\"height: 47px; width: 155px;\">br\u0117\u017einio numeris<\/td>\n<td style=\"height: 47px; width: 80px;\">gr\u0119\u017einio skersmuo (D)<\/td>\n<td style=\"height: 47px; width: 79px;\">strypo skersmuo (d)<\/td>\n<td style=\"height: 47px; width: 65px;\">sm\u016bgis (S)<\/td>\n<td style=\"height: 47px; width: 104px;\">Montavimo atstumas (L)<\/td>\n<td style=\"height: 47px; width: 96px;\">darbinis sl\u0117gis<\/td>\n<td style=\"height: 47px; width: 177px;\">S\u0105sajos matmenys (M)<\/td>\n<td style=\"height: 47px; width: 60px;\">svoris<\/td>\n<\/tr>\n<tr style=\"height: 54px;\">\n<td class=\"et3\" style=\"height: 54px; width: 122px;\" height=\"325\">Trumpas k\u0117limo cilindras<\/td>\n<td style=\"width: 155px;\" width=\"270\">N30N450-800000-002A<\/td>\n<td style=\"width: 80px;\" width=\"102\">\u03a685<\/td>\n<td style=\"width: 79px;\" width=\"99\">\u03a670<\/td>\n<td style=\"width: 65px;\" width=\"91\">777<\/td>\n<td style=\"width: 104px;\" width=\"136\">1015<\/td>\n<td style=\"width: 96px;\" width=\"138\">18,1 MPa<\/td>\n<td style=\"width: 177px;\" width=\"294\">M22 * 1,5<\/td>\n<td style=\"width: 60px;\" width=\"78\">45,5 kg<\/td>\n<\/tr>\n<tr>\n<td style=\"width: 122px;\">Trumpas k\u0117limo cilindras<\/td>\n<td style=\"width: 155px;\">3U3H-800000-001A<\/td>\n<td style=\"width: 80px;\">\u03a685<\/td>\n<td style=\"width: 79px;\">\u03a670<\/td>\n<td style=\"width: 65px;\">777<\/td>\n<td style=\"width: 104px;\">1015<\/td>\n<td style=\"width: 96px;\">18,1 MPa<\/td>\n<td style=\"width: 177px;\">M22 * 1,5<\/td>\n<td style=\"width: 60px;\">45,5 kg<\/td>\n<\/tr>\n<tr>\n<td style=\"width: 122px;\">Trumpas k\u0117limo cilindras<\/td>\n<td style=\"width: 155px;\">N35N450-800000-003A<\/td>\n<td style=\"width: 80px;\">\u03a695<\/td>\n<td style=\"width: 79px;\">\u03a680<\/td>\n<td style=\"width: 65px;\">775<\/td>\n<td style=\"width: 104px;\">1013<\/td>\n<td style=\"width: 96px;\">18,1 MPa<\/td>\n<td style=\"width: 177px;\">M22 * 1,5<\/td>\n<td style=\"width: 60px;\">54 kg<\/td>\n<\/tr>\n<\/tbody>\n<\/table>\n<h2><strong>Atraskite efektyvum\u0105 ir tikslum\u0105 su hidrauliniu cilindru:<\/strong><\/h2>\n<p>Patirkite tikr\u0105j\u0105 hidraulin\u0117s technologijos gali\u0105 su hidrauliniu cilindru. \u0160is puikus \u012frenginys sukurtas siekiant u\u017etikrinti tikslum\u0105 ir patikimum\u0105 \u012fvairiose srityse. Nuo pramonini\u0173 ma\u0161in\u0173 iki statybin\u0117s \u012frangos \u2013 hidraulinis cilindras yra raktas \u012f na\u0161umo optimizavim\u0105 ir i\u0161skirtini\u0173 rezultat\u0173 pasiekim\u0105. Su\u017einokite, kaip \u0161is galingas \u012frankis gali pakeisti j\u016bs\u0173 veikl\u0105.<\/p>\n<ul>\n<li><strong>Tikslioji in\u017einerija<\/strong>Hidraulinis cilindras yra kruop\u0161\u010diai suprojektuotas taip, kad u\u017etikrint\u0173 tiksl\u0173 judesio ir j\u0117gos valdym\u0105. D\u0117l pa\u017eangaus dizaino ir auk\u0161tos kokyb\u0117s konstrukcijos jis u\u017etikrina tiksl\u0173 ir pasikartojant\u012f veikim\u0105, leid\u017eiant\u012f pasiekti norim\u0173 rezultat\u0173 i\u0161skirtiniu tikslumu.<\/li>\n<li><strong>Padidintas efektyvumas<\/strong>Atsisveikinkite su neefektyvumu ir netolygiu veikimu. Hidraulinis cilindras optimizuoja hidraulin\u0117s energijos panaudojim\u0105, maksimaliai padidindamas efektyvum\u0105 ir na\u0161um\u0105. Patirkite skland\u017eius ir kontroliuojamus judesius, kurie suma\u017eina energijos \u0161vaistym\u0105 ir pagerina bendr\u0105 sistemos na\u0161um\u0105.<\/li>\n<\/ul>\n<h2><strong>Gamyklos paj\u0117gumai ir talpa:<\/strong><\/h2>\n<h3><strong>(1) Surinkimas<\/strong><\/h3>\n<p>M\u016bs\u0173 gamykla gali pasigirti auk\u0161\u010diausio lygio nepriklausoma tyrim\u0173 ir pl\u0117tros surinkimo platforma, skirta hidraulini\u0173 cilindr\u0173 gamybai. Mes valdome keturias pusiau automatines k\u0117limo cilindr\u0173 surinkimo linijas ir vien\u0105 visi\u0161kai automatin\u0119 pakreipiam\u0173 cilindr\u0173 surinkimo linij\u0105, kuri\u0173 \u012fsp\u016bdingas metinis gamybos paj\u0117gumas siekia 1 milijon\u0105 cilindr\u0173.<img loading=\"lazy\" decoding=\"async\" class=\"aligncenter wp-image-626\" src=\"https:\/\/hydraulic-cylinders.net\/wp-content\/uploads\/2023\/08\/hydraulic-cylinder-product-1-300x158.webp\" alt=\"\" width=\"500\" height=\"263\" srcset=\"https:\/\/hydraulic-cylinders.net\/wp-content\/uploads\/2023\/08\/hydraulic-cylinder-product-1-300x158.webp 500w, https:\/\/hydraulic-cylinders.net\/wp-content\/uploads\/2023\/08\/hydraulic-cylinder-product-1-480x252.webp 480w\" sizes=\"(min-width: 0px) and (max-width: 480px) 480px, (min-width: 481px) 500px, 100vw\" \/><\/p>\n<p>M\u016bs\u0173 specializuotose cilindr\u0173 dirbtuv\u0117se naudojame \u012fvairioms specifikacijoms pritaikyt\u0105 pusiau automatin\u0119 valymo surinkimo sistem\u0105, galin\u010di\u0105 per metus pagaminti 200 000 cilindr\u0173. M\u016bs\u0173 dirbtuv\u0117s apr\u016bpintos pa\u017eangia CNC apdirbimo \u012franga, apdirbimo centru, didelio tikslumo cilindr\u0173 apdirbimo \u012frankiais, robot\u0173 suvirinimo aparatais, automatin\u0117mis valymo sistemomis ir automatizuota cilindr\u0173 surinkimo linija. Be to, turime visi\u0161kai automatizuot\u0105 da\u017eymo gamybos linij\u0105.<\/p>\n<p>Tur\u0117dami daugiau nei 300 svarbiausi\u0173 \u012frangos vienet\u0173, optimalus i\u0161tekli\u0173 paskirstymas u\u017etikrina, kad atitiktume grie\u017etus klient\u0173 keliamus tikslumo ir kokyb\u0117s standartus. \u0160is \u012fsipareigojimas efektyvumui ir precizi\u0161kumui i\u0161kelia mus \u012f hidraulini\u0173 cilindr\u0173 pramon\u0117s lyderi\u0173 pozicijas.<\/p>\n<p><img loading=\"lazy\" decoding=\"async\" class=\"aligncenter wp-image-627\" src=\"https:\/\/hydraulic-cylinders.net\/wp-content\/uploads\/2023\/08\/hydraulic-cylinder-product-2-300x189.webp\" alt=\"\" width=\"500\" height=\"315\" srcset=\"https:\/\/hydraulic-cylinders.net\/wp-content\/uploads\/2023\/08\/hydraulic-cylinder-product-2-300x189.webp 500w, https:\/\/hydraulic-cylinders.net\/wp-content\/uploads\/2023\/08\/hydraulic-cylinder-product-2-480x302.webp 480w\" sizes=\"(min-width: 0px) and (max-width: 480px) 480px, (min-width: 481px) 500px, 100vw\" \/><\/p>\n<h3><strong>(2) Apdirbimas<\/strong><\/h3>\n<p>M\u016bs\u0173 mechaninio apdirbimo dirbtuv\u0117se \u012frengta moderni \u012franga, \u012fskaitant individualiai pritaikyt\u0105 pasvirusi\u0173 b\u0117gi\u0173 tekinimo centr\u0105, tikslaus mechaninio apdirbimo centr\u0105, greitaeig\u012f galandimo stakles ir pa\u017eangius suvirinimo robotus. \u0160i moderni \u012franga leid\u017eia mums efektyviai apdirbti cilindrinius vamzd\u017eius, kuri\u0173 maksimalus vidinis skersmuo yra 400 mm, o ilgis \u2013 iki 6 metr\u0173.<\/p>\n<p><img loading=\"lazy\" decoding=\"async\" class=\"wp-image-628 size-large aligncenter\" src=\"https:\/\/hydraulic-cylinders.net\/wp-content\/uploads\/2023\/08\/hydraulic-cylinder-product-3-1024x391.webp\" alt=\"\" width=\"1024\" height=\"391\" srcset=\"https:\/\/hydraulic-cylinders.net\/wp-content\/uploads\/2023\/08\/hydraulic-cylinder-product-3-980x374.webp 980w, https:\/\/hydraulic-cylinders.net\/wp-content\/uploads\/2023\/08\/hydraulic-cylinder-product-3-480x183.webp 480w\" sizes=\"(min-width: 0px) and (max-width: 480px) 480px, (min-width: 481px) and (max-width: 980px) 980px, (min-width: 981px) 1024px, 100vw\" \/><\/p>\n<p>Naudodami pa\u017eangiausias technologijas, u\u017etikriname auk\u0161tos kokyb\u0117s apdirbim\u0105, kuris atitinka \u012fvairius hidraulini\u0173 cilindr\u0173 gamybos poreikius.<\/p>\n<h3><strong>(3) Suvirinimas<\/strong><\/h3>\n<p><img loading=\"lazy\" decoding=\"async\" class=\"wp-image-629 size-large aligncenter\" src=\"https:\/\/hydraulic-cylinders.net\/wp-content\/uploads\/2023\/08\/hydraulic-cylinder-product-4-1024x510.webp\" alt=\"\" width=\"1024\" height=\"510\" srcset=\"https:\/\/hydraulic-cylinders.net\/wp-content\/uploads\/2023\/08\/hydraulic-cylinder-product-4-980x488.webp 980w, https:\/\/hydraulic-cylinders.net\/wp-content\/uploads\/2023\/08\/hydraulic-cylinder-product-4-480x239.webp 480w\" sizes=\"(min-width: 0px) and (max-width: 480px) 480px, (min-width: 481px) and (max-width: 980px) 980px, (min-width: 981px) 1024px, 100vw\" \/><\/p>\n<h3><strong>(4) Da\u017eymas ir dengimas<\/strong><\/h3>\n<p><img loading=\"lazy\" decoding=\"async\" class=\"wp-image-630 aligncenter\" src=\"https:\/\/hydraulic-cylinders.net\/wp-content\/uploads\/2023\/08\/hydraulic-cylinder-product-5-300x213.webp\" alt=\"\" width=\"500\" height=\"355\" \/><\/p>\n<p>M\u016bs\u0173 gamykloje \u012frengtos pa\u017eangios automatin\u0117s vandens pagrindo da\u017e\u0173 dengimo linijos, specialiai sukurtos ma\u017eiems ir vidutinio dyd\u017eio cilindrams. \u0160iose linijose naudojama robot\u0173 technologija efektyviam pakrovimui, i\u0161krovimui ir pur\u0161kimui, pasiekiant \u012fsp\u016bding\u0105 4000 vienet\u0173 per pamain\u0105 gamybos paj\u0117gum\u0105.<\/p>\n<p><img loading=\"lazy\" decoding=\"async\" class=\"wp-image-631 aligncenter\" src=\"https:\/\/hydraulic-cylinders.net\/wp-content\/uploads\/2023\/08\/hydraulic-cylinder-product-6-300x225.webp\" alt=\"\" width=\"500\" height=\"375\" srcset=\"https:\/\/hydraulic-cylinders.net\/wp-content\/uploads\/2023\/08\/hydraulic-cylinder-product-6-300x225.webp 500w, https:\/\/hydraulic-cylinders.net\/wp-content\/uploads\/2023\/08\/hydraulic-cylinder-product-6-480x360.webp 480w\" sizes=\"(min-width: 0px) and (max-width: 480px) 480px, (min-width: 481px) 500px, 100vw\" \/><\/p>\n<p>Be to, mes eksploatuojame pusiau automatin\u0119 dideli\u0173 cilindr\u0173 da\u017e\u0173 gamybos linij\u0105, varom\u0105 tvirta j\u0117gos grandine, kurios projektinis na\u0161umas yra 60 d\u0117\u017ei\u0173 per pamain\u0105. \u0160is automatizavimo ir efektyvumo derinys u\u017etikrina auk\u0161t\u0105 vis\u0173 m\u016bs\u0173 hidraulini\u0173 cilindr\u0173 apdailos kokyb\u0119.<\/p>\n<h3><strong>(5) Testavimas<\/strong><\/h3>\n<p>Turime auk\u0161\u010diausios klas\u0117s patikros patalpas ir bandym\u0173 stendus, kad u\u017etikrintume, jog baliono veikimas atitinka reikalavimus.<\/p>\n<p><img loading=\"lazy\" decoding=\"async\" class=\"wp-image-632 aligncenter\" src=\"https:\/\/hydraulic-cylinders.net\/wp-content\/uploads\/2023\/08\/hydraulic-cylinder-product-8-300x200.webp\" alt=\"\" width=\"389\" height=\"260\" \/><\/p>\n<p>Esame \u017einomas gamintojas, gaminantis <a href=\"https:\/\/hzpt.com\/mobile-machinery-hydraulic-cylinder\/\" target=\"_blank\" rel=\"noopener\">hidrauliniai cilindrai<\/a>, pripa\u017eintas vienu geriausi\u0173 pramon\u0117je. M\u016bs\u0173 platus gamini\u0173 asortimentas apima plat\u0173 hidraulini\u0173 cilindr\u0173 asortiment\u0105, pritaikyt\u0105 \u012fvairioms reikm\u0117ms. Be hidraulini\u0173 cilindr\u0173, mes taip pat tiekiame auk\u0161tos kokyb\u0117s \u017eem\u0117s \u016bkio pavar\u0173 d\u0117\u017ees, u\u017etikrindami, kad m\u016bs\u0173 klientai tur\u0117t\u0173 prieig\u0105 prie i\u0161sami\u0173 sprendim\u0173, atitinkan\u010di\u0173 j\u0173 technikos poreikius.<\/p>\n<p>Siekdami meistri\u0161kumo, s\u0117kmingai eksportuojame savo gaminius klientams visame pasaulyje, u\u017esitarnaudami tvirt\u0105 reputacij\u0105 d\u0117l auk\u0161\u010diausios gamini\u0173 kokyb\u0117s ir i\u0161skirtinio aptarnavimo po pardavimo. M\u016bs\u0173 atsidavimas klient\u0173 pasitenkinimui leido mums tapti patikimu partneriu tiek vidaus, tiek tarptautin\u0117se rinkose.<\/p>\n<h2><strong>Kod\u0117l verta rinktis mus?<\/strong><\/h2>\n<p><img loading=\"lazy\" decoding=\"async\" class=\"size-full wp-image-7201 aligncenter\" src=\"https:\/\/www.hydraulic-cylinders.net\/wp-content\/uploads\/2024\/09\/mining-dump-steering-cylinder-hydraulics-on-trucks-8.webp\" alt=\"\" width=\"1110\" height=\"735\" srcset=\"https:\/\/www.hydraulic-cylinders.net\/wp-content\/uploads\/2024\/09\/mining-dump-steering-cylinder-hydraulics-on-trucks-8.webp 1110w, https:\/\/www.hydraulic-cylinders.net\/wp-content\/uploads\/2024\/09\/mining-dump-steering-cylinder-hydraulics-on-trucks-8-980x649.webp 980w, https:\/\/www.hydraulic-cylinders.net\/wp-content\/uploads\/2024\/09\/mining-dump-steering-cylinder-hydraulics-on-trucks-8-480x318.webp 480w\" sizes=\"(min-width: 0px) and (max-width: 480px) 480px, (min-width: 481px) and (max-width: 980px) 980px, (min-width: 981px) 1110px, 100vw\" \/><\/p>\n<p><strong>Profesin\u0117 kompetencija:<\/strong> M\u016bs\u0173 komand\u0105 sudaro \u0161ios srities profesionalai, turintys didel\u0119 patirt\u012f ir \u017einias hidraulini\u0173 sistem\u0173 srityje, tod\u0117l u\u017etikriname auk\u0161\u010diausios klas\u0117s produkt\u0173 ir paslaug\u0173 tiekim\u0105.<\/p>\n<p><strong>Tarptautiniai sertifikatai:<\/strong> Laikom\u0117s grie\u017et\u0173 kokyb\u0117s standart\u0173 ir turime \u012fvairius tarptautinius sertifikatus, kurie rodo m\u016bs\u0173 \u012fsipareigojim\u0105 tiekti patikimus ir saugius hidraulinius sprendimus.<\/p>\n<p><strong>Individual\u016bs sprendimai:<\/strong> Suprantame, kad kiekvieno kliento poreikiai yra unikal\u016bs. Tod\u0117l si\u016blome individualiai pritaikytus hidraulinius cilindrus ir pavar\u0173 d\u0117\u017ees.<\/p>\n<p><strong>Pa\u017eangi gamybos \u012franga:<\/strong> M\u016bs\u0173 gamybos \u012frenginiai yra modern\u016bs ir juose naudojamos naujausios technologijos bei \u012franga, tod\u0117l galime efektyviai gaminti auk\u0161tos kokyb\u0117s produktus.<\/p>\n<p><strong>I\u0161sami garantija po pardavimo:<\/strong> M\u016bs\u0173 \u012fsipareigojimas klientams neapsiriboja vien pardavimu. Teikiame nuolatin\u0119 pagalb\u0105 ir prie\u017ei\u016bros paslaugas, kad u\u017etikrintume optimal\u0173 m\u016bs\u0173 gamini\u0173 veikim\u0105.<\/p>\n<p>Kvie\u010diame klientus i\u0161 viso pasaulio susisiekti su mumis d\u0117l verslo deryb\u0173, keitimosi informacija ir bendradarbiavimo galimybi\u0173. Kartu galime pasiekti didesn\u0117s s\u0117km\u0117s hidraulikos pramon\u0117je!<\/p>","protected":false},"excerpt":{"rendered":"<p>Forklift Short Lifting Hydraulic Cylinder The Short Forklift Lift Cylinder is designed to tackle short lifting tasks effortlessly, delivering the power and precision needed to optimize your material handling operations. Featuring a robust design, this hydraulic cylinder can withstand heavy loads, frequent use, and challenging operating conditions. Built for durability, it ensures reliable performance while [&hellip;]<\/p>","protected":false},"featured_media":658,"comment_status":"open","ping_status":"closed","template":"","meta":{"_et_pb_use_builder":"","_et_pb_old_content":"","_et_gb_content_width":""},"product_brand":[],"product_cat":[1484,1549],"product_tag":[1380],"class_list":{"0":"post-652","1":"product","2":"type-product","3":"status-publish","4":"has-post-thumbnail","6":"product_cat-forklift-hydraulic-cylinders","7":"product_cat-single-acting-hydraulic-cylinder","8":"product_tag-hydraulic-cylinder","10":"first","11":"instock","12":"shipping-taxable","13":"product-type-simple"},"amp_enabled":true,"_links":{"self":[{"href":"https:\/\/www.hydraulic-cylinders.net\/lt\/wp-json\/wp\/v2\/product\/652","targetHints":{"allow":["GET"]}}],"collection":[{"href":"https:\/\/www.hydraulic-cylinders.net\/lt\/wp-json\/wp\/v2\/product"}],"about":[{"href":"https:\/\/www.hydraulic-cylinders.net\/lt\/wp-json\/wp\/v2\/types\/product"}],"replies":[{"embeddable":true,"href":"https:\/\/www.hydraulic-cylinders.net\/lt\/wp-json\/wp\/v2\/comments?post=652"}],"wp:featuredmedia":[{"embeddable":true,"href":"https:\/\/www.hydraulic-cylinders.net\/lt\/wp-json\/wp\/v2\/media\/658"}],"wp:attachment":[{"href":"https:\/\/www.hydraulic-cylinders.net\/lt\/wp-json\/wp\/v2\/media?parent=652"}],"wp:term":[{"taxonomy":"product_brand","embeddable":true,"href":"https:\/\/www.hydraulic-cylinders.net\/lt\/wp-json\/wp\/v2\/product_brand?post=652"},{"taxonomy":"product_cat","embeddable":true,"href":"https:\/\/www.hydraulic-cylinders.net\/lt\/wp-json\/wp\/v2\/product_cat?post=652"},{"taxonomy":"product_tag","embeddable":true,"href":"https:\/\/www.hydraulic-cylinders.net\/lt\/wp-json\/wp\/v2\/product_tag?post=652"}],"curies":[{"name":"wp","href":"https:\/\/api.w.org\/{rel}","templated":true}]}}