{"id":759,"date":"2023-08-23T01:42:36","date_gmt":"2023-08-23T01:42:36","guid":{"rendered":"https:\/\/hydraulic-cylinders.net\/?post_type=product&#038;p=759"},"modified":"2025-03-27T01:13:04","modified_gmt":"2025-03-27T01:13:04","slug":"low-pressure-hydraulic-cylinder-rear-flange","status":"publish","type":"product","link":"https:\/\/www.hydraulic-cylinders.net\/lt\/produktas\/low-pressure-hydraulic-cylinder-rear-flange\/","title":{"rendered":"\u017demo sl\u0117gio hidraulinio cilindro galinis flan\u0161as"},"content":{"rendered":"<h1 style=\"text-align: center;\"><strong>\u017demo sl\u0117gio hidraulinio cilindro galinis flan\u0161as<\/strong><\/h1>\n<p><img loading=\"lazy\" decoding=\"async\" class=\"wp-image-762 size-full aligncenter\" src=\"https:\/\/hydraulic-cylinders.net\/wp-content\/uploads\/2023\/08\/low-pressure-pull-rod-hydraulic-cylinder-back-flange-1-1.webp\" alt=\"\" width=\"488\" height=\"237\" srcset=\"https:\/\/hydraulic-cylinders.net\/wp-content\/uploads\/2023\/08\/low-pressure-pull-rod-hydraulic-cylinder-back-flange-1-1.webp 488w, https:\/\/hydraulic-cylinders.net\/wp-content\/uploads\/2023\/08\/low-pressure-pull-rod-hydraulic-cylinder-back-flange-1-1-480x233.webp 480w\" sizes=\"(min-width: 0px) and (max-width: 480px) 480px, (min-width: 481px) 488px, 100vw\" \/><\/p>\n<p>\u017demo sl\u0117gio hidraulinis cilindras su galiniu flan\u0161u \u2013 tai specialus hidraulinio cilindro tipas su flan\u0161u gale. \u0160is flan\u0161as yra tvirtinimo ta\u0161kas arba jungties anga, naudojama cilindrui prijungti prie kit\u0173 dali\u0173 ar \u012frangos. \u017demiau pateikiama \u017eemo sl\u0117gio hidraulini\u0173 cilindr\u0173 su galiniais flan\u0161ais ap\u017evalga:<\/p>\n<p>\u017demo sl\u0117gio hidraulinio cilindro projektavimas ir konstrukcija<\/p>\n<p>Cilindr\u0173 blokas: Cilindr\u0173 blokas paprastai yra pagamintas i\u0161 didelio stiprumo plieno arba kitos patvarios med\u017eiagos, kad atlaikyt\u0173 hidraulin\u012f sl\u0117g\u012f ir i\u0161orines j\u0117gas. Jame yra st\u016bmoklis ir kitos vidin\u0117s dalys.<br \/>\nSt\u016bmoklis ir kotas: St\u016bmoklis yra cilindrin\u0117 dalis, judanti pirmyn ir atgal cilindro viduje. Jis sujungtas su kotu, kuris t\u0119siasi per cilindro galin\u012f gal\u0105 ir perduoda skys\u010dio sl\u0117g\u012f.<br \/>\nGalinis flan\u0161as: Galinis flan\u0161as yra plok\u0161\u010dia arba apvali plok\u0161t\u0117, esanti cilindro gale. Ji turi tvirtinimo angas arba kitus jungiamuosius mechanizmus, kad b\u016bt\u0173 lengva prijungti prie kit\u0173 \u012frengini\u0173 ar komponent\u0173.<\/p>\n<h2><strong>\u017demo sl\u0117gio hidraulinio cilindro galinio flan\u0161o parametras:<\/strong><\/h2>\n<p><img loading=\"lazy\" decoding=\"async\" class=\"alignnone wp-image-763 size-large\" src=\"https:\/\/hydraulic-cylinders.net\/wp-content\/uploads\/2023\/08\/low-pressure-pull-rod-hydraulic-cylinder-back-flange-2-1-1024x556.webp\" alt=\"\" width=\"1024\" height=\"556\" srcset=\"https:\/\/hydraulic-cylinders.net\/wp-content\/uploads\/2023\/08\/low-pressure-pull-rod-hydraulic-cylinder-back-flange-2-1-980x532.webp 980w, https:\/\/hydraulic-cylinders.net\/wp-content\/uploads\/2023\/08\/low-pressure-pull-rod-hydraulic-cylinder-back-flange-2-1-480x261.webp 480w\" sizes=\"(min-width: 0px) and (max-width: 480px) 480px, (min-width: 481px) and (max-width: 980px) 980px, (min-width: 981px) 1024px, 100vw\" \/><\/p>\n<h2><strong>Taikymai <\/strong><strong>\u017demo sl\u0117gio hidraulinio cilindro galinis flan\u0161as<\/strong><strong>:<\/strong><\/h2>\n<ul>\n<li>\u017demo sl\u0117gio hidrauliniai cilindrai su galiniais flan\u0161ais tinka \u012fvairioms pramon\u0117s \u0161akoms ir sistemoms, veikian\u010dioms esant ma\u017eesniam hidrauliniam sl\u0117giui.<\/li>\n<li>Jie da\u017eniausiai naudojami pramonin\u0117se ma\u0161inose, mobiliuosiuose \u012frenginiuose ir kitose sistemose, kuriose yra vietos apribojim\u0173 arba specifiniai \u012frengimo reikalavimai.<\/li>\n<li>\u0160ie cilindrai tinka med\u017eiag\u0173 tvarkymui, k\u0117limo mechanizmams, transportavimo sistemoms ir kitai \u012frangai, kuriai reikalinga linijin\u0117 j\u0117ga arba jud\u0117jimas.<\/li>\n<\/ul>\n<h2><strong>Montavimas ir prijungimas <\/strong><strong>\u017demo sl\u0117gio hidraulinio cilindro galinis flan\u0161as<\/strong><strong>:<\/strong><\/h2>\n<ul>\n<li>\u017demo sl\u0117gio hidraulinio cilindro galinis flan\u0161as u\u017etikrina patog\u0173 ir saug\u0173 cilindro montavim\u0105 ir prijungim\u0105. Tai leid\u017eia tiesiogiai pritvirtinti prie kitos \u012frangos ar konstrukcini\u0173 element\u0173.<\/li>\n<li>Tvirtinimo angos arba prijungimo ta\u0161kai ant galinio flan\u0161o paprastai yra sulygiuoti su atitinkamomis angomis arba prijungimo ta\u0161kais ant \u012frangos ar konstrukcijos, prie kurios ji tvirtinama.<\/li>\n<li>Tvirtinimo detal\u0117s, tokios kaip var\u017etai arba sraigtai, naudojamos cilindro galiniam flan\u0161ui pritvirtinti prie jungiamojo pavir\u0161iaus, u\u017etikrinant stabil\u0173 ir tvirt\u0105 jungt\u012f.<\/li>\n<\/ul>\n<h2><strong>Kaip i\u0161ardyti hidraulin\u012f cilindr\u0105?<\/strong><\/h2>\n<p>Hidraulinio cilindro i\u0161ardymas reikalauja kruop\u0161taus elgesio ir cilindro komponent\u0173 i\u0161manymo. \u010cia pateikiamas bendras hidraulinio cilindro i\u0161ardymo vadovas:<\/p>\n<ol>\n<li><strong>Saugos priemon\u0117s<\/strong>:\n<ul>\n<li>\u012esitikinkite, kad hidraulin\u0117je sistemoje n\u0117ra sl\u0117gio ir kad cilindre n\u0117ra likusio sl\u0117gio. Laikykit\u0117s tinkam\u0173 blokavimo \/ \u017eym\u0117jimo proced\u016br\u0173, kad i\u0161vengtum\u0117te atsitiktinio sistemos \u012fjungimo.<\/li>\n<li>D\u0117v\u0117kite tinkamas asmenines apsaugos priemones (AAP), tokias kaip pir\u0161tin\u0117s ir apsauginiai akiniai, kad apsisaugotum\u0117te nuo hidraulinio skys\u010dio ir galim\u0173 pavoj\u0173.<\/li>\n<\/ul>\n<\/li>\n<li><strong>Cilindro nu\u0117mimas<\/strong>:\n<ul>\n<li>Atjunkite prie cilindro prijungtas hidraulines linijas, u\u017etikrindami, kad lik\u0119s skystis b\u016bt\u0173 tinkamai surinktas.<\/li>\n<li>Jei cilindras sumontuotas arba pritvirtintas prie kit\u0173 komponent\u0173, nuimkite visus tvirtinimo elementus arba tvirtinimo laikiklius, kad cilindras b\u016bt\u0173 atlaisvintas.<\/li>\n<li>Atsargiai pakelkite ir nuimkite cilindr\u0105 nuo jo tvirtinimo vietos, stengdamiesi nepa\u017eeisti ir ne\u012ftempti prijungt\u0173 \u017earn\u0173 ar jungiam\u0173j\u0173 detali\u0173.<\/li>\n<\/ul>\n<\/li>\n<li><strong>Patikrinimas ir dokumentacija<\/strong>:\n<ul>\n<li>Atid\u017eiai ap\u017ei\u016br\u0117kite cilindro i\u0161or\u0119, ar n\u0117ra koki\u0173 nors pa\u017eeidim\u0173, nuot\u0117ki\u0173 ar per didelio susid\u0117v\u0117jimo po\u017eymi\u0173. Dokumentuokite visus pasteb\u0117jimus ar problemas, kad gal\u0117tum\u0117te jas per\u017ei\u016br\u0117ti ateityje.<\/li>\n<li>Prie\u0161 i\u0161ardydami atkreipkite d\u0117mes\u012f \u012f cilindro orientacij\u0105 ir sandarikli\u0173, guoli\u0173 bei kit\u0173 komponent\u0173 pad\u0117t\u012f. Tai pad\u0117s surinkimo metu.<\/li>\n<\/ul>\n<\/li>\n<li><strong>Cilindro i\u0161ardymas<\/strong>:\n<ul>\n<li>Suraskite galinius dangtelius arba tvirtinimo \u017eiedus kiekviename cilindro gale. \u0160ie komponentai laiko cilindro korpus\u0105 ir st\u016bmoklio mazg\u0105 kartu.<\/li>\n<li>Naudodami tinkamus \u012frankius, atsargiai nuimkite galinius dangtelius arba tvirtinimo \u017eiedus, stengdamiesi nepa\u017eeisti joki\u0173 pavir\u0161i\u0173 ar komponent\u0173.<\/li>\n<li>Nu\u0117mus galinius dangtelius arba tvirtinimo \u017eiedus, cilindro korpusas ir st\u016bmoklio mazgas tur\u0117t\u0173 laisvai atsiskirti.<\/li>\n<\/ul>\n<\/li>\n<li><strong>Komponent\u0173 pa\u0161alinimas<\/strong>:\n<ul>\n<li>Nuimkite st\u016bmokl\u012f nuo cilindro korpuso, atkreipdami d\u0117mes\u012f \u012f visus prie jo pritvirtintus sandariklius, guolius ar kitus komponentus.<\/li>\n<li>Patikrinkite ir dokumentuokite vis\u0173 nuimt\u0173 komponent\u0173 b\u016bkl\u0119, ar n\u0117ra susid\u0117v\u0117jimo, pa\u017eeidim\u0173 ar nuot\u0117kio po\u017eymi\u0173. Prireikus pakeiskite visas susid\u0117v\u0117jusias ar pa\u017eeistas dalis.<\/li>\n<\/ul>\n<\/li>\n<li><strong>I\u0161valykite ir laikykite komponentus<\/strong>:\n<ul>\n<li>Kruop\u0161\u010diai nuvalykite visus i\u0161ardytus komponentus tinkama valymo priemone, kad pa\u0161alintum\u0117te ne\u0161varumus, \u0161iuk\u0161les ar hidraulin\u012f skyst\u012f.<\/li>\n<li>Komponentus laikykite \u0161variai ir tvarkingai, apsaugodami juos nuo u\u017eter\u0161imo ir pa\u017eeidim\u0173.<\/li>\n<\/ul>\n<\/li>\n<\/ol>\n<h2><strong>Gamyklos paj\u0117gumai ir talpa:<\/strong><\/h2>\n<h3>(1) Surinkimas<\/h3>\n<p>Turime pirmos klas\u0117s nepriklausom\u0105 tyrim\u0173 ir pl\u0117tros surinkimo platform\u0105. \u0160akini\u0173 krautuv\u0173 cilindr\u0173 gamybos ceche yra keturios pusiau automatin\u0117s k\u0117limo cilindr\u0173 surinkimo linijos ir viena automatin\u0117 pakreipiam\u0173 cilindr\u0173 surinkimo linija, kuri\u0173 projektinis metinis gamybos paj\u0117gumas yra 1 milijonas vienet\u0173; specialiose cilindr\u0173 dirbtuv\u0117se \u012frengta \u012fvairi\u0173 specifikacij\u0173 pusiau automatin\u0117 valymo surinkimo sistema, kurios projektinis metinis gamybos paj\u0117gumas yra 200 000 vienet\u0173. \u012erengta garsi CNC apdirbimo \u012franga, apdirbimo centras, didelio tikslumo cilindr\u0173 apdirbimo speciali \u012franga, robotinis suvirinimo aparatas, automatinis valymo aparatas, automatinis cilindr\u0173 surinkimo aparatas ir automatin\u0117 da\u017eymo gamybos linija. Esama pagrindin\u0117 \u012franga, kurios kiekis vir\u0161ija 300 komplekt\u0173 (komplekt\u0173). Optimalus \u012frangos i\u0161tekli\u0173 paskirstymas ir efektyvus naudojimas u\u017etikrina gamini\u0173 tikslumo reikalavimus ir auk\u0161tus gamini\u0173 kokyb\u0117s reikalavimus.<\/p>\n<p><img loading=\"lazy\" decoding=\"async\" class=\"alignnone wp-image-626\" src=\"https:\/\/hydraulic-cylinders.net\/wp-content\/uploads\/2023\/08\/hydraulic-cylinder-product-1-300x158.webp\" alt=\"\" width=\"495\" height=\"260\" srcset=\"https:\/\/hydraulic-cylinders.net\/wp-content\/uploads\/2023\/08\/hydraulic-cylinder-product-1-300x158.webp 495w, https:\/\/hydraulic-cylinders.net\/wp-content\/uploads\/2023\/08\/hydraulic-cylinder-product-1-480x252.webp 480w\" sizes=\"(min-width: 0px) and (max-width: 480px) 480px, (min-width: 481px) 495px, 100vw\" \/> <img loading=\"lazy\" decoding=\"async\" class=\"alignnone wp-image-627\" src=\"https:\/\/hydraulic-cylinders.net\/wp-content\/uploads\/2023\/08\/hydraulic-cylinder-product-2-300x189.webp\" alt=\"\" width=\"413\" height=\"260\" \/><\/p>\n<h3>(2) Apdirbimas<\/h3>\n<p>Mechaninio apdirbimo ceche \u012frengtas pritaikytas nuo\u017eulnaus b\u0117gio tekinimo centras, apdirbimo centras, greitaeigis galandimo stakl\u0117s, suvirinimo robotas ir kita susijusi \u012franga, galinti apdirbti cilindrinius vamzd\u017eius, kuri\u0173 maksimalus vidinis skersmuo yra 400 mm, o maksimalus ilgis \u2013 6 metrai.<\/p>\n<p><img loading=\"lazy\" decoding=\"async\" class=\"alignnone wp-image-628 size-large\" src=\"https:\/\/hydraulic-cylinders.net\/wp-content\/uploads\/2023\/08\/hydraulic-cylinder-product-3-1024x391.webp\" alt=\"\" width=\"1024\" height=\"391\" srcset=\"https:\/\/hydraulic-cylinders.net\/wp-content\/uploads\/2023\/08\/hydraulic-cylinder-product-3-980x374.webp 980w, https:\/\/hydraulic-cylinders.net\/wp-content\/uploads\/2023\/08\/hydraulic-cylinder-product-3-480x183.webp 480w\" sizes=\"(min-width: 0px) and (max-width: 480px) 480px, (min-width: 481px) and (max-width: 980px) 980px, (min-width: 981px) 1024px, 100vw\" \/><\/p>\n<h3>(3) Suvirinimas<\/h3>\n<p><img loading=\"lazy\" decoding=\"async\" class=\"alignnone wp-image-629 size-large\" src=\"https:\/\/hydraulic-cylinders.net\/wp-content\/uploads\/2023\/08\/hydraulic-cylinder-product-4-1024x510.webp\" alt=\"\" width=\"1024\" height=\"510\" srcset=\"https:\/\/hydraulic-cylinders.net\/wp-content\/uploads\/2023\/08\/hydraulic-cylinder-product-4-980x488.webp 980w, https:\/\/hydraulic-cylinders.net\/wp-content\/uploads\/2023\/08\/hydraulic-cylinder-product-4-480x239.webp 480w\" sizes=\"(min-width: 0px) and (max-width: 480px) 480px, (min-width: 481px) and (max-width: 980px) 980px, (min-width: 981px) 1024px, 100vw\" \/><\/p>\n<h3>(4) Da\u017eymas ir dengimas<\/h3>\n<p>Su ma\u017eo ir vidutinio dyd\u017eio cilindrine automatine vandens pagrindo da\u017e\u0173 dengimo linija, siekiant automatinio roboto pakrovimo ir i\u0161krovimo bei automatinio pur\u0161kimo, projektinis paj\u0117gumas yra 4000 vienet\u0173 per pamain\u0105;<br \/>\nTaip pat turime pusiau automatin\u0119 dideli\u0173 cilindr\u0173 da\u017e\u0173 gamybos linij\u0105, varom\u0105 maitinimo grandine, kurios projektinis na\u0161umas yra 60 d\u0117\u017ei\u0173 per pamain\u0105.<\/p>\n<p><img loading=\"lazy\" decoding=\"async\" class=\"alignnone wp-image-630\" src=\"https:\/\/hydraulic-cylinders.net\/wp-content\/uploads\/2023\/08\/hydraulic-cylinder-product-5-300x213.webp\" alt=\"\" width=\"366\" height=\"260\" \/> <img loading=\"lazy\" decoding=\"async\" class=\"alignnone wp-image-631\" src=\"https:\/\/hydraulic-cylinders.net\/wp-content\/uploads\/2023\/08\/hydraulic-cylinder-product-6-300x225.webp\" alt=\"\" width=\"347\" height=\"260\" \/><\/p>\n<h3>(5) Testavimas<\/h3>\n<p>Turime auk\u0161\u010diausios klas\u0117s patikros patalpas ir bandym\u0173 stendus, kad u\u017etikrintume, jog baliono veikimas atitinka reikalavimus.<\/p>\n<p><img loading=\"lazy\" decoding=\"async\" class=\"alignnone wp-image-632\" src=\"https:\/\/hydraulic-cylinders.net\/wp-content\/uploads\/2023\/08\/hydraulic-cylinder-product-8-300x200.webp\" alt=\"\" width=\"389\" height=\"260\" \/><\/p>\n<p>&nbsp;<\/p>\n<p>&nbsp;<\/p>\n<p>Esame vienas geriausi\u0173 \u017eemo sl\u0117gio hidraulini\u0173 cilindr\u0173 gamintoj\u0173. Galime pasi\u016blyti plat\u0173 \u017eemo sl\u0117gio hidraulini\u0173 cilindr\u0173 asortiment\u0105. Taip pat teikiame atitinkamas paslaugas. <a href=\"https:\/\/hzpt.com\/agricultural-pto-gearbox\/\" target=\"_blank\" rel=\"noopener\">\u017eem\u0117s \u016bkio pavar\u0173 d\u0117\u017e\u0117s<\/a>Mes eksportuojame savo gaminius klientams visame pasaulyje ir peln\u0117me ger\u0105 reputacij\u0105 d\u0117l auk\u0161\u010diausios gamini\u0173 kokyb\u0117s ir aptarnavimo po pardavimo. Nuo\u0161ird\u017eiai sveikiname klientus tiek \u0161alyje, tiek u\u017esienyje, norin\u010dius susisiekti su mumis der\u0117tis d\u0117l verslo, keistis informacija ir...\u00a0<a href=\"https:\/\/www.hydraulic-cylinders.net\/lt\/contact-us\/\">bendradarbiauti su mumis<\/a>!<\/p>\n<p>&nbsp;<\/p>","protected":false},"excerpt":{"rendered":"<p>Low-Pressure Hydraulic Cylinder Rear Flange Rear flange low-pressure hydraulic cylinder refers to a special type of hydraulic cylinder with a flange at the back end. This flange is a mounting point or connection port used to connect the cylinder to other parts or equipment. Below is an overview of low-pressure hydraulic cylinders with rear flanges: [&hellip;]<\/p>","protected":false},"featured_media":764,"comment_status":"open","ping_status":"closed","template":"","meta":{"_et_pb_use_builder":"","_et_pb_old_content":"","_et_gb_content_width":""},"product_brand":[],"product_cat":[1376,1388],"product_tag":[1380],"class_list":{"0":"post-759","1":"product","2":"type-product","3":"status-publish","4":"has-post-thumbnail","6":"product_cat-hydraulic-cylinder","7":"product_cat-low-pressure-hydraulic-cylinder","8":"product_tag-hydraulic-cylinder","10":"first","11":"instock","12":"shipping-taxable","13":"product-type-simple"},"amp_enabled":true,"_links":{"self":[{"href":"https:\/\/www.hydraulic-cylinders.net\/lt\/wp-json\/wp\/v2\/product\/759","targetHints":{"allow":["GET"]}}],"collection":[{"href":"https:\/\/www.hydraulic-cylinders.net\/lt\/wp-json\/wp\/v2\/product"}],"about":[{"href":"https:\/\/www.hydraulic-cylinders.net\/lt\/wp-json\/wp\/v2\/types\/product"}],"replies":[{"embeddable":true,"href":"https:\/\/www.hydraulic-cylinders.net\/lt\/wp-json\/wp\/v2\/comments?post=759"}],"wp:featuredmedia":[{"embeddable":true,"href":"https:\/\/www.hydraulic-cylinders.net\/lt\/wp-json\/wp\/v2\/media\/764"}],"wp:attachment":[{"href":"https:\/\/www.hydraulic-cylinders.net\/lt\/wp-json\/wp\/v2\/media?parent=759"}],"wp:term":[{"taxonomy":"product_brand","embeddable":true,"href":"https:\/\/www.hydraulic-cylinders.net\/lt\/wp-json\/wp\/v2\/product_brand?post=759"},{"taxonomy":"product_cat","embeddable":true,"href":"https:\/\/www.hydraulic-cylinders.net\/lt\/wp-json\/wp\/v2\/product_cat?post=759"},{"taxonomy":"product_tag","embeddable":true,"href":"https:\/\/www.hydraulic-cylinders.net\/lt\/wp-json\/wp\/v2\/product_tag?post=759"}],"curies":[{"name":"wp","href":"https:\/\/api.w.org\/{rel}","templated":true}]}}