{"id":765,"date":"2023-08-23T01:51:12","date_gmt":"2023-08-23T01:51:12","guid":{"rendered":"https:\/\/hydraulic-cylinders.net\/?post_type=product&#038;p=765"},"modified":"2025-03-27T01:13:02","modified_gmt":"2025-03-27T01:13:02","slug":"low-pressure-hydraulic-cylinder-front-pin","status":"publish","type":"product","link":"https:\/\/www.hydraulic-cylinders.net\/lt\/produktas\/low-pressure-hydraulic-cylinder-front-pin\/","title":{"rendered":"\u017demo sl\u0117gio hidraulinio cilindro priekinis kai\u0161tis"},"content":{"rendered":"<h1 style=\"text-align: center;\"><strong>\u017demo sl\u0117gio hidraulinio cilindro priekinis kai\u0161tis<\/strong><\/h1>\n<p><img loading=\"lazy\" decoding=\"async\" class=\"aligncenter wp-image-766 size-full\" src=\"https:\/\/hydraulic-cylinders.net\/wp-content\/uploads\/2023\/08\/low-pressure-pull-rod-hydraulic-cylinder-front-hinge-pin-1.webp\" alt=\"\" width=\"379\" height=\"169\" srcset=\"https:\/\/www.hydraulic-cylinders.net\/wp-content\/uploads\/2023\/08\/low-pressure-pull-rod-hydraulic-cylinder-front-hinge-pin-1.webp 379w, https:\/\/www.hydraulic-cylinders.net\/wp-content\/uploads\/2023\/08\/low-pressure-pull-rod-hydraulic-cylinder-front-hinge-pin-1-300x134.webp 300w\" sizes=\"(max-width: 379px) 100vw, 379px\" \/><\/p>\n<p>Kalbant apie \u017eemo sl\u0117gio hidraulinius cilindrus, terminas \u201epriekinis kai\u0161tis\u201c paprastai rei\u0161kia kai\u0161t\u012f arba velen\u0105, esant\u012f cilindro priekiniame gale. \u0160is kai\u0161tis naudojamas kaip jungties ta\u0161kas arba sukimosi ta\u0161kas cilindrui pritvirtinti arba montuoti prie kit\u0173 komponent\u0173 ar \u012frangos. Pateikiame \u0161iek tiek informacijos apie \u017eemo sl\u0117gio hidraulinio cilindro priekin\u012f kai\u0161t\u012f:<\/p>\n<p>\u017demo sl\u0117gio hidraulinio cilindro projektavimas ir konstrukcija<\/p>\n<p>Priekinis kai\u0161tis: Priekinis kai\u0161tis paprastai yra tvirtas metalinis kai\u0161tis arba velenas, kuris t\u0119siasi iki hidraulinio cilindro priekinio galo. Jo paskirtis \u2013 u\u017etikrinti saug\u0173 cilindro sujungim\u0105 ir sukimosi ta\u0161k\u0105.<br \/>\nTvirtinimo angos: Priekinis kai\u0161tis \u012fki\u0161amas per cilindro korpuso arba priekinio flan\u0161o tvirtinimo angas arba laikiklius. \u0160ios tvirtinimo angos sutampa su atitinkamomis \u012frangos ar konstrukcijos, prie kurios pritvirtintas cilindras, angomis arba laikikliais.<br \/>\nTvirtinimo mechanizmas: Priekin\u012f kai\u0161t\u012f galima pritvirtinti tvirtinimo spaustukais, var\u017etais ar kitais tvirtinimo elementais, kad b\u016bt\u0173 i\u0161vengta atsitiktinio atsijungimo ar jud\u0117jimo.<\/p>\n<h2><strong>\u017demo sl\u0117gio hidraulinio cilindro priekinio kai\u0161\u010dio parametras:<\/strong><\/h2>\n<p><img loading=\"lazy\" decoding=\"async\" class=\"alignnone wp-image-767 size-full\" src=\"https:\/\/hydraulic-cylinders.net\/wp-content\/uploads\/2023\/08\/low-pressure-pull-rod-hydraulic-cylinder-front-hinge-pin-2.webp\" alt=\"\" width=\"660\" height=\"289\" srcset=\"https:\/\/hydraulic-cylinders.net\/wp-content\/uploads\/2023\/08\/low-pressure-pull-rod-hydraulic-cylinder-front-hinge-pin-2.webp 660w, https:\/\/hydraulic-cylinders.net\/wp-content\/uploads\/2023\/08\/low-pressure-pull-rod-hydraulic-cylinder-front-hinge-pin-2-480x210.webp 480w\" sizes=\"(min-width: 0px) and (max-width: 480px) 480px, (min-width: 481px) 660px, 100vw\" \/><\/p>\n<h2><strong>Taikymai <\/strong><strong>\u017demo sl\u0117gio hidraulinio cilindro priekinis kai\u0161tis<\/strong><strong>:<\/strong><\/h2>\n<ul>\n<li>\u017demo sl\u0117gio hidrauliniai cilindrai su priekiniais kai\u0161\u010diais naudojami \u012fvairiose pramon\u0117s \u0161akose ir srityse, ypa\u010d sistemose, veikian\u010diose esant ma\u017eesniam hidrauliniam sl\u0117giui.<\/li>\n<li>Jie da\u017eniausiai naudojami pramonin\u0117se ma\u0161inose, mobiliuosiuose \u012frenginiuose ir kitose sistemose, kuriose yra vietos apribojim\u0173 arba specifiniai \u012frengimo reikalavimai.<\/li>\n<li>\u0160ie cilindrai tinka med\u017eiag\u0173 tvarkymui, k\u0117limo mechanizmams, transportavimo sistemoms ir kitai \u012frangai, kuriai reikalinga linijin\u0117 j\u0117ga arba jud\u0117jimas.<\/li>\n<\/ul>\n<h2><strong>Montavimas ir prijungimas <\/strong><strong>\u017demo sl\u0117gio hidraulinio cilindro priekinis kai\u0161tis<\/strong><strong>:<\/strong><\/h2>\n<ul>\n<li>Tvirtinimo cilindrai: Priekiniai kai\u0161\u010diai leid\u017eia tiesiogiai prijungti hidraulinius cilindrus prie kitos \u012frangos ar konstrukcini\u0173 element\u0173. Kai\u0161tis \u012fki\u0161amas per cilindro tvirtinimo ang\u0105 arba laikikl\u012f ir \u012frangos ar konstrukcijos tvirtinimo ang\u0105 arba laikikl\u012f.<\/li>\n<li>Priekinio kai\u0161\u010dio tvirtinimas: \u012eki\u0161us priekin\u012f kai\u0161t\u012f per tvirtinimo ta\u0161k\u0105, jis paprastai pritvirtinamas naudojant laikikl\u012f, var\u017et\u0105 ar kit\u0105 tvirtinimo element\u0105. \u0160ie tvirtinimo elementai u\u017etikrina stabil\u0173 ir tvirt\u0105 cilindro ir tvirtinimo pavir\u0161iaus sujungim\u0105.<\/li>\n<\/ul>\n<h2><strong>Kaip veikia hidraulinis cilindras?<\/strong><\/h2>\n<p>Hidraulinis cilindras yra mechaninis pavaros mechanizmas, kuris hidraulin\u0119 energij\u0105 (sl\u0117g\u012f ir skys\u010dio sraut\u0105) paver\u010dia linijine j\u0117ga ir judesiu. J\u012f sudaro cilindras, st\u016bmoklis, st\u016bmoklio kotas ir \u012fvair\u016bs sandarikliai. Toliau pateikiamas trumpas hidraulinio cilindro veikimo principo pristatymas:<\/p>\n<ol>\n<li><strong>Hidraulinio skys\u010dio tiekimas<\/strong>Hidraulinis cilindras yra prijungtas prie hidraulin\u0117s sistemos, kuri tiekia cilindrui susl\u0117gt\u0105 hidraulin\u012f skyst\u012f, paprastai alyv\u0105.<\/li>\n<li><strong>Cilindro cilindras ir st\u016bmoklis<\/strong>Cilindro korpusas yra cilindrinis vamzdis, kuriame yra hidraulinis skystis. St\u016bmoklis padalija cilindro korpus\u0105 \u012f dvi kameras: koto pus\u0119 ir dangtelio pus\u0119.<\/li>\n<li><strong>St\u016bmoklis ir st\u016bmoklio kotas<\/strong>St\u016bmoklis yra cilindrin\u0117 dalis, sandariai \u012fstatyta cilindro korpuse. Jis pritvirtintas prie st\u016bmoklio koto, kuris eina per cilindro galvut\u0117s sandarikl\u012f.<\/li>\n<li><strong>Antspaudai<\/strong>Hidrauliniame cilindre naudojami \u012fvair\u016bs sandarikliai, siekiant i\u0161vengti skys\u010dio nuot\u0117kio tarp st\u016bmoklio ir cilindro korpuso. \u0160ie sandarikliai apima st\u016bmoklio sandariklius, koto sandariklius ir valytuv\u0173 sandariklius.<\/li>\n<li><strong>Hidraulinio sl\u0117gio taikymas<\/strong>\u012e cilindr\u0105 tiekiamas hidraulinis skystis, kuris cilindro kamerose sukuria sl\u0117g\u012f \u2013 susl\u0117gtas skystis veikia st\u016bmokl\u012f ir sukuria j\u0117g\u0105.<\/li>\n<li><strong>J\u0117gos ir judesio generavimas<\/strong>Kai hidraulinis skystis tiekiamas \u012f cilindro dangtelio pus\u0119, skys\u010dio sl\u0117gio sukuriama j\u0117ga stumia st\u016bmokl\u012f ir st\u016bmoklio kot\u0105 \u012f i\u0161or\u0119, sukurdama pailg\u0117jim\u0105 arba jud\u0117jim\u0105 \u012f i\u0161or\u0119. Ir atvirk\u0161\u010diai, kai skystis tiekiamas \u012f koto pus\u0119, j\u0117ga stumia st\u016bmokl\u012f ir st\u016bmoklio kot\u0105 \u012f vid\u0173, sukurdama atitraukim\u0105 arba jud\u0117jim\u0105 \u012f vid\u0173.<\/li>\n<li><strong>\u012ekelti program\u0105<\/strong>St\u016bmoklio kotas yra sujungtas su kroviniu arba \u012franga, kuri\u0105 reikia perkelti. St\u016bmokliui ir st\u016bmoklio kotui i\u0161sitiesiant arba susitraukiant d\u0117l \u200b\u200bhidraulinio sl\u0117gio, linijin\u0117 j\u0117ga perduodama kroviniui, leisdama jam jud\u0117ti.<\/li>\n<li><strong>Valdymas ir kryptis<\/strong>Hidraulinio cilindro jud\u0117jimo kryptis ir valdymas pasiekiami kontroliuojant hidraulinio skys\u010dio sraut\u0105 \u012f atitinkam\u0105 cilindro kamer\u0105. Tai paprastai atliekama naudojant kryptinius valdymo vo\u017etuvus, kurie pasirinktinai nukreipia skys\u010dio sraut\u0105 \u012f norim\u0105 cilindro pus\u0119.<\/li>\n<li><strong>Gr\u012f\u017eimo sm\u016bgis<\/strong>Kai skys\u010dio srautas \u012f vien\u0105 cilindro pus\u0119 sustabdomas arba nukreipiamas, hidraulinis skystis i\u0161 prie\u0161ingos pus\u0117s gali gr\u012f\u017eti \u012f hidraulin\u012f rezervuar\u0105, o cilindras d\u0117l i\u0161orini\u0173 j\u0117g\u0173 arba spyruokli\u0173 gr\u012f\u017eta \u012f pradin\u0119 pad\u0117t\u012f.<\/li>\n<\/ol>\n<h2><strong>Gamyklos paj\u0117gumai ir talpa:<\/strong><\/h2>\n<h3>(1) Surinkimas<\/h3>\n<p>Turime pirmos klas\u0117s nepriklausom\u0105 tyrim\u0173 ir pl\u0117tros surinkimo platform\u0105. \u0160akini\u0173 krautuv\u0173 cilindr\u0173 gamybos ceche yra keturios pusiau automatin\u0117s k\u0117limo cilindr\u0173 surinkimo linijos ir viena automatin\u0117 pakreipiam\u0173 cilindr\u0173 surinkimo linija, kuri\u0173 projektinis metinis gamybos paj\u0117gumas yra 1 milijonas vienet\u0173; specialiose cilindr\u0173 dirbtuv\u0117se \u012frengta \u012fvairi\u0173 specifikacij\u0173 pusiau automatin\u0117 valymo surinkimo sistema, kurios projektinis metinis gamybos paj\u0117gumas yra 200 000 vienet\u0173. \u012erengta garsi CNC apdirbimo \u012franga, apdirbimo centras, didelio tikslumo cilindr\u0173 apdirbimo speciali \u012franga, robotinis suvirinimo aparatas, automatinis valymo aparatas, automatinis cilindr\u0173 surinkimo aparatas ir automatin\u0117 da\u017eymo gamybos linija. Esama pagrindin\u0117 \u012franga, kurios kiekis vir\u0161ija 300 komplekt\u0173 (komplekt\u0173). Optimalus \u012frangos i\u0161tekli\u0173 paskirstymas ir efektyvus naudojimas u\u017etikrina gamini\u0173 tikslumo reikalavimus ir auk\u0161tus gamini\u0173 kokyb\u0117s reikalavimus.<\/p>\n<p><img loading=\"lazy\" decoding=\"async\" class=\"alignnone wp-image-626\" src=\"https:\/\/hydraulic-cylinders.net\/wp-content\/uploads\/2023\/08\/hydraulic-cylinder-product-1-300x158.webp\" alt=\"\" width=\"495\" height=\"260\" srcset=\"https:\/\/hydraulic-cylinders.net\/wp-content\/uploads\/2023\/08\/hydraulic-cylinder-product-1-300x158.webp 495w, https:\/\/hydraulic-cylinders.net\/wp-content\/uploads\/2023\/08\/hydraulic-cylinder-product-1-480x252.webp 480w\" sizes=\"(min-width: 0px) and (max-width: 480px) 480px, (min-width: 481px) 495px, 100vw\" \/> <img loading=\"lazy\" decoding=\"async\" class=\"alignnone wp-image-627\" src=\"https:\/\/hydraulic-cylinders.net\/wp-content\/uploads\/2023\/08\/hydraulic-cylinder-product-2-300x189.webp\" alt=\"\" width=\"413\" height=\"260\" \/><\/p>\n<h3>(2) Apdirbimas<\/h3>\n<p>Mechaninio apdirbimo ceche \u012frengtas pritaikytas nuo\u017eulnaus b\u0117gio tekinimo centras, apdirbimo centras, greitaeigis galandimo stakl\u0117s, suvirinimo robotas ir kita susijusi \u012franga, galinti apdirbti cilindrinius vamzd\u017eius, kuri\u0173 maksimalus vidinis skersmuo yra 400 mm, o maksimalus ilgis \u2013 6 metrai.<\/p>\n<p><img loading=\"lazy\" decoding=\"async\" class=\"alignnone wp-image-628 size-large\" src=\"https:\/\/hydraulic-cylinders.net\/wp-content\/uploads\/2023\/08\/hydraulic-cylinder-product-3-1024x391.webp\" alt=\"\" width=\"1024\" height=\"391\" srcset=\"https:\/\/hydraulic-cylinders.net\/wp-content\/uploads\/2023\/08\/hydraulic-cylinder-product-3-980x374.webp 980w, https:\/\/hydraulic-cylinders.net\/wp-content\/uploads\/2023\/08\/hydraulic-cylinder-product-3-480x183.webp 480w\" sizes=\"(min-width: 0px) and (max-width: 480px) 480px, (min-width: 481px) and (max-width: 980px) 980px, (min-width: 981px) 1024px, 100vw\" \/><\/p>\n<h3>(3) Suvirinimas<\/h3>\n<p><img loading=\"lazy\" decoding=\"async\" class=\"alignnone wp-image-629 size-large\" src=\"https:\/\/hydraulic-cylinders.net\/wp-content\/uploads\/2023\/08\/hydraulic-cylinder-product-4-1024x510.webp\" alt=\"\" width=\"1024\" height=\"510\" srcset=\"https:\/\/hydraulic-cylinders.net\/wp-content\/uploads\/2023\/08\/hydraulic-cylinder-product-4-980x488.webp 980w, https:\/\/hydraulic-cylinders.net\/wp-content\/uploads\/2023\/08\/hydraulic-cylinder-product-4-480x239.webp 480w\" sizes=\"(min-width: 0px) and (max-width: 480px) 480px, (min-width: 481px) and (max-width: 980px) 980px, (min-width: 981px) 1024px, 100vw\" \/><\/p>\n<h3>(4) Da\u017eymas ir dengimas<\/h3>\n<p>Su ma\u017eo ir vidutinio dyd\u017eio cilindrine automatine vandens pagrindo da\u017e\u0173 dengimo linija, siekiant automatinio roboto pakrovimo ir i\u0161krovimo bei automatinio pur\u0161kimo, projektinis paj\u0117gumas yra 4000 vienet\u0173 per pamain\u0105;<br \/>\nTaip pat turime pusiau automatin\u0119 dideli\u0173 cilindr\u0173 da\u017e\u0173 gamybos linij\u0105, varom\u0105 maitinimo grandine, kurios projektinis na\u0161umas yra 60 d\u0117\u017ei\u0173 per pamain\u0105.<\/p>\n<p><img loading=\"lazy\" decoding=\"async\" class=\"alignnone wp-image-630\" src=\"https:\/\/hydraulic-cylinders.net\/wp-content\/uploads\/2023\/08\/hydraulic-cylinder-product-5-300x213.webp\" alt=\"\" width=\"366\" height=\"260\" \/> <img loading=\"lazy\" decoding=\"async\" class=\"alignnone wp-image-631\" src=\"https:\/\/hydraulic-cylinders.net\/wp-content\/uploads\/2023\/08\/hydraulic-cylinder-product-6-300x225.webp\" alt=\"\" width=\"347\" height=\"260\" \/><\/p>\n<h3>(5) Testavimas<\/h3>\n<p>Turime auk\u0161\u010diausios klas\u0117s patikros patalpas ir bandym\u0173 stendus, kad u\u017etikrintume, jog baliono veikimas atitinka reikalavimus.<\/p>\n<p><img loading=\"lazy\" decoding=\"async\" class=\"alignnone wp-image-632\" src=\"https:\/\/hydraulic-cylinders.net\/wp-content\/uploads\/2023\/08\/hydraulic-cylinder-product-8-300x200.webp\" alt=\"\" width=\"389\" height=\"260\" \/><\/p>\n<p>&nbsp;<\/p>\n<p>&nbsp;<\/p>\n<p>Esame vienas geriausi\u0173 \u017eemo sl\u0117gio hidraulini\u0173 cilindr\u0173 gamintoj\u0173. Galime pasi\u016blyti plat\u0173 \u017eemo sl\u0117gio hidraulini\u0173 cilindr\u0173 asortiment\u0105. Taip pat teikiame atitinkamas paslaugas. <a href=\"https:\/\/hzpt.com\/agricultural-pto-gearbox\/\" target=\"_blank\" rel=\"noopener\">\u017eem\u0117s \u016bkio pavar\u0173 d\u0117\u017e\u0117s<\/a>Mes eksportuojame savo gaminius klientams visame pasaulyje ir peln\u0117me ger\u0105 reputacij\u0105 d\u0117l auk\u0161\u010diausios gamini\u0173 kokyb\u0117s ir aptarnavimo po pardavimo. Nuo\u0161ird\u017eiai sveikiname klientus tiek \u0161alyje, tiek u\u017esienyje, norin\u010dius susisiekti su mumis der\u0117tis d\u0117l verslo, keistis informacija ir...\u00a0<a href=\"https:\/\/www.hydraulic-cylinders.net\/lt\/contact-us\/\">bendradarbiauti su mumis<\/a>!<\/p>\n<p>&nbsp;<\/p>","protected":false},"excerpt":{"rendered":"<p>Low-Pressure Hydraulic Cylinder Front Pin In the case of low-pressure hydraulic cylinders, the term &#8220;front pin&#8221; usually refers to the pin or shaft located at the front end of the cylinder. This pin is used as a connection point or pivot for attaching or mounting the cylinder to other components or equipment. Here is some [&hellip;]<\/p>","protected":false},"featured_media":768,"comment_status":"open","ping_status":"closed","template":"","meta":{"_et_pb_use_builder":"","_et_pb_old_content":"","_et_gb_content_width":""},"product_brand":[],"product_cat":[1376,1388],"product_tag":[1380],"class_list":{"0":"post-765","1":"product","2":"type-product","3":"status-publish","4":"has-post-thumbnail","6":"product_cat-hydraulic-cylinder","7":"product_cat-low-pressure-hydraulic-cylinder","8":"product_tag-hydraulic-cylinder","10":"first","11":"instock","12":"shipping-taxable","13":"product-type-simple"},"amp_enabled":true,"_links":{"self":[{"href":"https:\/\/www.hydraulic-cylinders.net\/lt\/wp-json\/wp\/v2\/product\/765","targetHints":{"allow":["GET"]}}],"collection":[{"href":"https:\/\/www.hydraulic-cylinders.net\/lt\/wp-json\/wp\/v2\/product"}],"about":[{"href":"https:\/\/www.hydraulic-cylinders.net\/lt\/wp-json\/wp\/v2\/types\/product"}],"replies":[{"embeddable":true,"href":"https:\/\/www.hydraulic-cylinders.net\/lt\/wp-json\/wp\/v2\/comments?post=765"}],"wp:featuredmedia":[{"embeddable":true,"href":"https:\/\/www.hydraulic-cylinders.net\/lt\/wp-json\/wp\/v2\/media\/768"}],"wp:attachment":[{"href":"https:\/\/www.hydraulic-cylinders.net\/lt\/wp-json\/wp\/v2\/media?parent=765"}],"wp:term":[{"taxonomy":"product_brand","embeddable":true,"href":"https:\/\/www.hydraulic-cylinders.net\/lt\/wp-json\/wp\/v2\/product_brand?post=765"},{"taxonomy":"product_cat","embeddable":true,"href":"https:\/\/www.hydraulic-cylinders.net\/lt\/wp-json\/wp\/v2\/product_cat?post=765"},{"taxonomy":"product_tag","embeddable":true,"href":"https:\/\/www.hydraulic-cylinders.net\/lt\/wp-json\/wp\/v2\/product_tag?post=765"}],"curies":[{"name":"wp","href":"https:\/\/api.w.org\/{rel}","templated":true}]}}