{"id":782,"date":"2023-08-23T03:36:50","date_gmt":"2023-08-23T03:36:50","guid":{"rendered":"https:\/\/hydraulic-cylinders.net\/?post_type=product&#038;p=782"},"modified":"2025-04-16T02:23:02","modified_gmt":"2025-04-16T02:23:02","slug":"machine-tool-low-pressure-hydraulic-cylinder","status":"publish","type":"product","link":"https:\/\/www.hydraulic-cylinders.net\/lt\/produktas\/machine-tool-low-pressure-hydraulic-cylinder\/","title":{"rendered":"Stakli\u0173 \u017eemo sl\u0117gio hidraulinis cilindras"},"content":{"rendered":"<h1 style=\"text-align: center;\"><strong>Stakli\u0173 \u017eemo sl\u0117gio hidraulinis cilindras<\/strong><\/h1>\n<p><img loading=\"lazy\" decoding=\"async\" class=\"aligncenter wp-image-785 size-full\" src=\"https:\/\/hydraulic-cylinders.net\/wp-content\/uploads\/2023\/08\/low-pressure-hydraulic-cylinder-2.webp\" alt=\"\" width=\"300\" height=\"300\" srcset=\"https:\/\/www.hydraulic-cylinders.net\/wp-content\/uploads\/2023\/08\/low-pressure-hydraulic-cylinder-2.webp 300w, https:\/\/www.hydraulic-cylinders.net\/wp-content\/uploads\/2023\/08\/low-pressure-hydraulic-cylinder-2-100x100.webp 100w, https:\/\/www.hydraulic-cylinders.net\/wp-content\/uploads\/2023\/08\/low-pressure-hydraulic-cylinder-2-150x150.webp 150w\" sizes=\"(max-width: 300px) 100vw, 300px\" \/><\/p>\n<p>\u017demo sl\u0117gio hidraulinis cilindras yra \u012fmon\u0117s prana\u0161umas d\u0117l produkt\u0173, gamybos patirties, brand\u017ei\u0173 technologij\u0173, ekonomi\u0161kumo ir gali pakeisti hidraulin\u012f cilindr\u0105.<\/p>\n<p>Kartu su rinkos paklausa, i\u0161siai\u0161kinkite stakli\u0173 pramon\u0117s \u017eemo sl\u0117gio hidraulini\u0173 cilindr\u0173 parametrus, tokius kaip juostini\u0173 pj\u016bkl\u0173 hidrauliniai cilindrai.<\/p>\n<p>Klientai gali u\u017esisakyti pagal \u0161iuos parametrus, patogum\u0105 ir greit\u0105 pristatymo laik\u0105.<\/p>\n<p>Ma\u017ea kaina: \u017demo sl\u0117gio hidrauliniai cilindrai paprastai yra pigesni nei kiti cilindrai.<br \/>\nPaprastas dizainas: \u017demo sl\u0117gio hidraulini\u0173 cilindr\u0173 projektavimas ir gamyba yra gana paprasta.<br \/>\nLengva prie\u017ei\u016bra: \u017demo sl\u0117gio hidraulinius cilindrus gana lengva pri\u017ei\u016br\u0117ti.<\/p>\n<h2><strong>\u017demo sl\u0117gio hidraulinio cilindro parametras:<\/strong><\/h2>\n<h3>(1) \u017demo sl\u0117gio hidraulinio cilindro priekinis flan\u0161as:<\/h3>\n<h3><img loading=\"lazy\" decoding=\"async\" class=\"alignnone wp-image-786 size-full\" src=\"https:\/\/hydraulic-cylinders.net\/wp-content\/uploads\/2023\/08\/low-pressure-pull-rod-hydraulic-cylinder-front-flange-2-2.webp\" alt=\"\" width=\"690\" height=\"397\" srcset=\"https:\/\/hydraulic-cylinders.net\/wp-content\/uploads\/2023\/08\/low-pressure-pull-rod-hydraulic-cylinder-front-flange-2-2.webp 690w, https:\/\/hydraulic-cylinders.net\/wp-content\/uploads\/2023\/08\/low-pressure-pull-rod-hydraulic-cylinder-front-flange-2-2-480x276.webp 480w\" sizes=\"(min-width: 0px) and (max-width: 480px) 480px, (min-width: 481px) 690px, 100vw\" \/><\/h3>\n<h3>(2) \u017demo sl\u0117gio hidraulinio cilindro galinis flan\u0161as:<\/h3>\n<h3><img loading=\"lazy\" decoding=\"async\" class=\"alignnone wp-image-787\" src=\"https:\/\/hydraulic-cylinders.net\/wp-content\/uploads\/2023\/08\/low-pressure-pull-rod-hydraulic-cylinder-back-flange-2-2-1024x556.webp\" alt=\"\" width=\"800\" height=\"434\" \/><\/h3>\n<h3>(3) \u017demo sl\u0117gio hidraulinio cilindro priekinis kai\u0161tis:<\/h3>\n<p><img loading=\"lazy\" decoding=\"async\" class=\"alignnone wp-image-788 size-full\" src=\"https:\/\/hydraulic-cylinders.net\/wp-content\/uploads\/2023\/08\/low-pressure-pull-rod-hydraulic-cylinder-front-hinge-pin-2-1.webp\" alt=\"\" width=\"660\" height=\"289\" srcset=\"https:\/\/hydraulic-cylinders.net\/wp-content\/uploads\/2023\/08\/low-pressure-pull-rod-hydraulic-cylinder-front-hinge-pin-2-1.webp 660w, https:\/\/hydraulic-cylinders.net\/wp-content\/uploads\/2023\/08\/low-pressure-pull-rod-hydraulic-cylinder-front-hinge-pin-2-1-480x210.webp 480w\" sizes=\"(min-width: 0px) and (max-width: 480px) 480px, (min-width: 481px) 660px, 100vw\" \/><\/p>\n<h3>(4) \u017demo sl\u0117gio hidraulinio cilindro tarpinis kai\u0161tis:<\/h3>\n<p><img loading=\"lazy\" decoding=\"async\" class=\"alignnone wp-image-789 size-full\" src=\"https:\/\/hydraulic-cylinders.net\/wp-content\/uploads\/2023\/08\/low-pressure-pull-rod-hydraulic-cylinder-intermediate-pin-2-1.webp\" alt=\"\" width=\"690\" height=\"315\" srcset=\"https:\/\/hydraulic-cylinders.net\/wp-content\/uploads\/2023\/08\/low-pressure-pull-rod-hydraulic-cylinder-intermediate-pin-2-1.webp 690w, https:\/\/hydraulic-cylinders.net\/wp-content\/uploads\/2023\/08\/low-pressure-pull-rod-hydraulic-cylinder-intermediate-pin-2-1-480x219.webp 480w\" sizes=\"(min-width: 0px) and (max-width: 480px) 480px, (min-width: 481px) 690px, 100vw\" \/><\/p>\n<h3>(5) \u017demo sl\u0117gio hidraulinio cilindro galinis kai\u0161tis:<\/h3>\n<p><img loading=\"lazy\" decoding=\"async\" class=\"alignnone wp-image-790 size-full\" src=\"https:\/\/hydraulic-cylinders.net\/wp-content\/uploads\/2023\/08\/low-pressure-pull-rod-hydraulic-cylinder-rear-pin-hole-2-1.webp\" alt=\"\" width=\"690\" height=\"333\" srcset=\"https:\/\/hydraulic-cylinders.net\/wp-content\/uploads\/2023\/08\/low-pressure-pull-rod-hydraulic-cylinder-rear-pin-hole-2-1.webp 690w, https:\/\/hydraulic-cylinders.net\/wp-content\/uploads\/2023\/08\/low-pressure-pull-rod-hydraulic-cylinder-rear-pin-hole-2-1-480x232.webp 480w\" sizes=\"(min-width: 0px) and (max-width: 480px) 480px, (min-width: 481px) 690px, 100vw\" \/><\/p>\n<h3>(6) \u017demo sl\u0117gio hidraulinio cilindro atramos parametras:<\/h3>\n<p><img loading=\"lazy\" decoding=\"async\" class=\"alignnone wp-image-791 size-full\" src=\"https:\/\/hydraulic-cylinders.net\/wp-content\/uploads\/2023\/08\/low-pressure-pull-rod-hydraulic-cylinder-footstand-2-1.webp\" alt=\"\" width=\"703\" height=\"314\" srcset=\"https:\/\/hydraulic-cylinders.net\/wp-content\/uploads\/2023\/08\/low-pressure-pull-rod-hydraulic-cylinder-footstand-2-1.webp 703w, https:\/\/hydraulic-cylinders.net\/wp-content\/uploads\/2023\/08\/low-pressure-pull-rod-hydraulic-cylinder-footstand-2-1-480x214.webp 480w\" sizes=\"(min-width: 0px) and (max-width: 480px) 480px, (min-width: 481px) 703px, 100vw\" \/><\/p>\n<h2><strong>Techninis parametras <\/strong><strong>\u017demo sl\u0117gio hidraulinis cilindras:<\/strong><\/h2>\n<p>Diegimo re\u017eim\u0105 galima pasirinkti i\u0161 \u0161i\u0173 parink\u010di\u0173<br \/>\n1) St\u016bmoklio koto galo sriegio dydis: vidinis arba i\u0161orinis sriegis, sriegio dydis ir ilgis<br \/>\n2) naftos uosto pad\u0117tis;<br \/>\n3) \u201eBendras ilgis\u201c parametr\u0173 lentel\u0117je, t. y. cilindro ilgis, kai eiga yra 0, pvz., eiga yra 100 mm, bendras cilindro ilgis = \u201ebendro ilgio\u201c reik\u0161m\u0117 +100<\/p>\n<h2><strong>Taikymo sritis <\/strong><strong>\u017demo sl\u0117gio hidraulinis cilindras:<\/strong><\/h2>\n<p>1) Sl\u0117gio diapazonas yra ma\u017eesnis nei 5MPA;<br \/>\n2) Priekinis dangtis, galinis dangtis ir st\u016bmoklis yra liejiniai, cilindras yra i\u0161 Nr. 20 plieno, o st\u016bmoklio kotas \u2013 i\u0161 Nr. 45 chromuoto plieno;<br \/>\n3) Numatyt\u0105j\u012f cilindr\u0105 daugiausia veikia trauka; jei tai daugiausia lemia \u012ftempimas, klientas turi pateikti specialias instrukcijas;<br \/>\n4) \u0160ios serijos gamini\u0173 vidinis skersmuo yra 63\u2013125 mm, maksimali trauka \u2013 4,8 tonos;<br \/>\n5) Numatytasis buferio n\u0117ra; Jei buferis reikalingas, klientui reikia speciali\u0173 nurodym\u0173.<\/p>\n<p><img loading=\"lazy\" decoding=\"async\" class=\"size-full wp-image-316728 aligncenter\" src=\"https:\/\/hzpt.com\/wp-content\/uploads\/2023\/08\/low-pressure-hydraulic-cylinder-1.webp\" alt=\"\" width=\"540\" height=\"1015\" \/><\/p>\n<h2><strong>Kaip i\u0161matuoti hidraulin\u012f cilindr\u0105?<\/strong><\/h2>\n<p>Nor\u0117dami i\u0161matuoti hidraulin\u012f cilindr\u0105, jums reik\u0117s keli\u0173 pagrindini\u0173 \u012franki\u0173, toki\u0173 kaip matavimo juosta arba liniuot\u0117, slankmatis ir galb\u016bt gylio matuoklis. \u0160tai nuoseklus vadovas, kaip i\u0161matuoti hidraulin\u012f cilindr\u0105:<\/p>\n<ol>\n<li><strong>Prailgintas ilgis<\/strong>:\n<ul>\n<li>\u012esitikinkite, kad hidraulinis cilindras yra visi\u0161kai i\u0161tiestas.<\/li>\n<li>I\u0161matuokite atstum\u0105 nuo tvirtinimo angos centro viename cilindro gale iki tvirtinimo angos centro kitame gale. \u0160is matavimas rodo i\u0161pl\u0117stin\u012f arba bendr\u0105 cilindro ilg\u012f.<\/li>\n<\/ul>\n<\/li>\n<li><strong>\u012etrauktas ilgis<\/strong>:\n<ul>\n<li>Visi\u0161kai \u012ftraukite hidraulin\u012f cilindr\u0105.<\/li>\n<li>I\u0161matuokite atstum\u0105 nuo tvirtinimo angos centro viename cilindro gale iki tvirtinimo angos centro kitame gale. \u0160is matavimas rodo cilindro ilg\u012f i\u0161traukus.<\/li>\n<\/ul>\n<\/li>\n<li><strong>Skyl\u0117s skersmuo<\/strong>:\n<ul>\n<li>I\u0161matuokite cilindro korpuso vidin\u012f skersmen\u012f, kuris vadinamas kiaurym\u0117s skersmeniu. Tai paprastai atliekama naudojant slankmat\u012f.<\/li>\n<li>\u012estatykite suporto \u017enyples \u012f cilindro korpus\u0105 ir i\u0161matuokite atstum\u0105 tarp cilindro korpuso sieneli\u0173 vidini\u0173 pavir\u0161i\u0173.<\/li>\n<\/ul>\n<\/li>\n<li><strong>Strypo skersmuo<\/strong>:\n<ul>\n<li>I\u0161matuokite st\u016bmoklio koto skersmen\u012f. Paprastai tai daroma naudojant slankmat\u012f.<\/li>\n<li>U\u017ed\u0117kite suporto \u017enyples aplink st\u016bmoklio kot\u0105 ir i\u0161matuokite atstum\u0105 tarp koto i\u0161orini\u0173 pavir\u0161i\u0173.<\/li>\n<\/ul>\n<\/li>\n<li><strong>Sm\u016bgio ilgis<\/strong>:\n<ul>\n<li>St\u016bmoklio eigos ilgis rei\u0161kia atstum\u0105, kur\u012f st\u016bmoklio kotas gali nueiti tarp visi\u0161kai i\u0161tiestos ir visi\u0161kai \u012ftrauktos pad\u0117\u010di\u0173.<\/li>\n<li>Atimkite atitraukto ilgio matavim\u0105 i\u0161 i\u0161tiesto ilgio matavimo, kad gautum\u0117te eigos ilg\u012f.<\/li>\n<\/ul>\n<\/li>\n<li><strong>Sandariklio ir guolio matmenys<\/strong>:\n<ul>\n<li>Jei reikia, i\u0161matuokite vis\u0173 hidraulinio cilindro sandarikli\u0173 ar guoli\u0173 matmenis. Tai gali b\u016bti i\u0161orinio skersmens, vidinio skersmens ir storio matavimai.<\/li>\n<\/ul>\n<\/li>\n<\/ol>\n<h2><strong>Gamyklos paj\u0117gumai ir talpa:<\/strong><\/h2>\n<h3>(1) Surinkimas<\/h3>\n<p>Turime pirmos klas\u0117s nepriklausom\u0105 tyrim\u0173 ir pl\u0117tros surinkimo platform\u0105. \u0160akini\u0173 krautuv\u0173 cilindr\u0173 gamybos ceche yra keturios pusiau automatin\u0117s k\u0117limo cilindr\u0173 surinkimo linijos ir viena automatin\u0117 pakreipiam\u0173 cilindr\u0173 surinkimo linija, kuri\u0173 projektinis metinis gamybos paj\u0117gumas yra 1 milijonas vienet\u0173; specialiose cilindr\u0173 dirbtuv\u0117se \u012frengta \u012fvairi\u0173 specifikacij\u0173 pusiau automatin\u0117 valymo surinkimo sistema, kurios projektinis metinis gamybos paj\u0117gumas yra 200 000 vienet\u0173. \u012erengta garsi CNC apdirbimo \u012franga, apdirbimo centras, didelio tikslumo cilindr\u0173 apdirbimo speciali \u012franga, robotinis suvirinimo aparatas, automatinis valymo aparatas, automatinis cilindr\u0173 surinkimo aparatas ir automatin\u0117 da\u017eymo gamybos linija. Esama pagrindin\u0117 \u012franga, kurios kiekis vir\u0161ija 300 komplekt\u0173 (komplekt\u0173). Optimalus \u012frangos i\u0161tekli\u0173 paskirstymas ir efektyvus naudojimas u\u017etikrina gamini\u0173 tikslumo reikalavimus ir auk\u0161tus gamini\u0173 kokyb\u0117s reikalavimus.<\/p>\n<p><img loading=\"lazy\" decoding=\"async\" class=\"alignnone wp-image-626\" src=\"https:\/\/hydraulic-cylinders.net\/wp-content\/uploads\/2023\/08\/hydraulic-cylinder-product-1-300x158.webp\" alt=\"\" width=\"495\" height=\"260\" srcset=\"https:\/\/hydraulic-cylinders.net\/wp-content\/uploads\/2023\/08\/hydraulic-cylinder-product-1-300x158.webp 495w, https:\/\/hydraulic-cylinders.net\/wp-content\/uploads\/2023\/08\/hydraulic-cylinder-product-1-480x252.webp 480w\" sizes=\"(min-width: 0px) and (max-width: 480px) 480px, (min-width: 481px) 495px, 100vw\" \/> <img loading=\"lazy\" decoding=\"async\" class=\"alignnone wp-image-627\" src=\"https:\/\/hydraulic-cylinders.net\/wp-content\/uploads\/2023\/08\/hydraulic-cylinder-product-2-300x189.webp\" alt=\"\" width=\"413\" height=\"260\" \/><\/p>\n<h3>(2) Apdirbimas<\/h3>\n<p>Mechaninio apdirbimo ceche \u012frengtas pritaikytas nuo\u017eulnaus b\u0117gio tekinimo centras, apdirbimo centras, greitaeigis galandimo stakl\u0117s, suvirinimo robotas ir kita susijusi \u012franga, galinti apdirbti cilindrinius vamzd\u017eius, kuri\u0173 maksimalus vidinis skersmuo yra 400 mm, o maksimalus ilgis \u2013 6 metrai.<\/p>\n<p><img loading=\"lazy\" decoding=\"async\" class=\"alignnone wp-image-628 size-large\" src=\"https:\/\/hydraulic-cylinders.net\/wp-content\/uploads\/2023\/08\/hydraulic-cylinder-product-3-1024x391.webp\" alt=\"\" width=\"1024\" height=\"391\" srcset=\"https:\/\/hydraulic-cylinders.net\/wp-content\/uploads\/2023\/08\/hydraulic-cylinder-product-3-980x374.webp 980w, https:\/\/hydraulic-cylinders.net\/wp-content\/uploads\/2023\/08\/hydraulic-cylinder-product-3-480x183.webp 480w\" sizes=\"(min-width: 0px) and (max-width: 480px) 480px, (min-width: 481px) and (max-width: 980px) 980px, (min-width: 981px) 1024px, 100vw\" \/><\/p>\n<h3>(3) Suvirinimas<\/h3>\n<p><img loading=\"lazy\" decoding=\"async\" class=\"alignnone wp-image-629 size-large\" src=\"https:\/\/hydraulic-cylinders.net\/wp-content\/uploads\/2023\/08\/hydraulic-cylinder-product-4-1024x510.webp\" alt=\"\" width=\"1024\" height=\"510\" srcset=\"https:\/\/hydraulic-cylinders.net\/wp-content\/uploads\/2023\/08\/hydraulic-cylinder-product-4-980x488.webp 980w, https:\/\/hydraulic-cylinders.net\/wp-content\/uploads\/2023\/08\/hydraulic-cylinder-product-4-480x239.webp 480w\" sizes=\"(min-width: 0px) and (max-width: 480px) 480px, (min-width: 481px) and (max-width: 980px) 980px, (min-width: 981px) 1024px, 100vw\" \/><\/p>\n<h3>(4) Da\u017eymas ir dengimas<\/h3>\n<p>Su ma\u017eomis ir vidutinio dyd\u017eio cilindrin\u0117mis automatin\u0117mis vandens pagrindo da\u017e\u0173 dengimo linijomis, siekiant automatinio robot\u0173 pakrovimo ir i\u0161krovimo bei automatinio pur\u0161kimo, projektinis paj\u0117gumas yra 4000 vienet\u0173 per pamain\u0105;<br \/>\nTaip pat turime pusiau automatin\u0119 dideli\u0173 cilindr\u0173 da\u017e\u0173 gamybos linij\u0105, varom\u0105 maitinimo grandine, kurios projektinis na\u0161umas yra 60 d\u0117\u017ei\u0173 per pamain\u0105.<\/p>\n<p><img loading=\"lazy\" decoding=\"async\" class=\"alignnone wp-image-630\" src=\"https:\/\/hydraulic-cylinders.net\/wp-content\/uploads\/2023\/08\/hydraulic-cylinder-product-5-300x213.webp\" alt=\"\" width=\"408\" height=\"290\" \/> <img loading=\"lazy\" decoding=\"async\" class=\"alignnone wp-image-631\" src=\"https:\/\/hydraulic-cylinders.net\/wp-content\/uploads\/2023\/08\/hydraulic-cylinder-product-6-300x225.webp\" alt=\"\" width=\"387\" height=\"290\" \/><\/p>\n<h3>(5) Testavimas<\/h3>\n<p>Turime auk\u0161\u010diausios klas\u0117s patikros patalpas ir bandym\u0173 stendus, kad u\u017etikrintume, jog baliono veikimas atitinka reikalavimus.<\/p>\n<p><img loading=\"lazy\" decoding=\"async\" class=\"alignnone wp-image-632\" src=\"https:\/\/hydraulic-cylinders.net\/wp-content\/uploads\/2023\/08\/hydraulic-cylinder-product-8-300x200.webp\" alt=\"\" width=\"389\" height=\"260\" \/><\/p>\n<p>&nbsp;<\/p>\n<p>&nbsp;<\/p>\n<p>Esame vienas geriausi\u0173 \u017eemo sl\u0117gio hidraulini\u0173 cilindr\u0173 gamintoj\u0173. Galime pasi\u016blyti plat\u0173 \u017eemo sl\u0117gio hidraulini\u0173 cilindr\u0173 asortiment\u0105. Taip pat teikiame atitinkamas paslaugas. <a href=\"https:\/\/hzpt.com\/agricultural-pto-gearbox\/\" target=\"_blank\" rel=\"noopener\">\u017eem\u0117s \u016bkio pavar\u0173 d\u0117\u017e\u0117s<\/a>Mes eksportuojame savo gaminius klientams visame pasaulyje ir peln\u0117me ger\u0105 reputacij\u0105 d\u0117l auk\u0161\u010diausios gamini\u0173 kokyb\u0117s ir aptarnavimo po pardavimo. Nuo\u0161ird\u017eiai sveikiname klientus tiek \u0161alyje, tiek u\u017esienyje, norin\u010dius susisiekti su mumis der\u0117tis d\u0117l verslo, keistis informacija ir...\u00a0<a href=\"https:\/\/www.hydraulic-cylinders.net\/lt\/contact-us\/\">bendradarbiauti su mumis<\/a>!<\/p>\n<p>&nbsp;<\/p>\n<h2><\/h2>","protected":false},"excerpt":{"rendered":"<p>Machine Tool Low-Pressure Hydraulic Cylinder Low-pressure hydraulic cylinder is the company&#8217;s advantage in products, manufacturing experience, mature technology, cost-effectiveness, and can replace the hydraulic cylinder. Combined with the market demand, sort out the machine tool industry low-pressure hydraulic cylinder parameters, such as band saw machine hydraulic cylinder. Customers can order according to the following parameters, [&hellip;]<\/p>","protected":false},"featured_media":792,"comment_status":"open","ping_status":"closed","template":"","meta":{"_et_pb_use_builder":"","_et_pb_old_content":"","_et_gb_content_width":""},"product_brand":[],"product_cat":[1550,1525,1509,1376,1388],"product_tag":[],"class_list":{"0":"post-782","1":"product","2":"type-product","3":"status-publish","4":"has-post-thumbnail","6":"product_cat-double-acting-hydraulic-cylinder","7":"product_cat-machine-tool-hydraulic-cylinders","8":"product_cat-tie-rod-hydraulic-cylinder","9":"product_cat-hydraulic-cylinder","10":"product_cat-low-pressure-hydraulic-cylinder","12":"first","13":"instock","14":"shipping-taxable","15":"product-type-simple"},"amp_enabled":true,"_links":{"self":[{"href":"https:\/\/www.hydraulic-cylinders.net\/lt\/wp-json\/wp\/v2\/product\/782","targetHints":{"allow":["GET"]}}],"collection":[{"href":"https:\/\/www.hydraulic-cylinders.net\/lt\/wp-json\/wp\/v2\/product"}],"about":[{"href":"https:\/\/www.hydraulic-cylinders.net\/lt\/wp-json\/wp\/v2\/types\/product"}],"replies":[{"embeddable":true,"href":"https:\/\/www.hydraulic-cylinders.net\/lt\/wp-json\/wp\/v2\/comments?post=782"}],"wp:featuredmedia":[{"embeddable":true,"href":"https:\/\/www.hydraulic-cylinders.net\/lt\/wp-json\/wp\/v2\/media\/792"}],"wp:attachment":[{"href":"https:\/\/www.hydraulic-cylinders.net\/lt\/wp-json\/wp\/v2\/media?parent=782"}],"wp:term":[{"taxonomy":"product_brand","embeddable":true,"href":"https:\/\/www.hydraulic-cylinders.net\/lt\/wp-json\/wp\/v2\/product_brand?post=782"},{"taxonomy":"product_cat","embeddable":true,"href":"https:\/\/www.hydraulic-cylinders.net\/lt\/wp-json\/wp\/v2\/product_cat?post=782"},{"taxonomy":"product_tag","embeddable":true,"href":"https:\/\/www.hydraulic-cylinders.net\/lt\/wp-json\/wp\/v2\/product_tag?post=782"}],"curies":[{"name":"wp","href":"https:\/\/api.w.org\/{rel}","templated":true}]}}