{"id":831,"date":"2023-08-30T06:05:27","date_gmt":"2023-08-30T06:05:27","guid":{"rendered":"https:\/\/hydraulic-cylinders.net\/?post_type=product&#038;p=831"},"modified":"2025-04-16T02:22:44","modified_gmt":"2025-04-16T02:22:44","slug":"axial-tripod-type-metallurgical-hydraulic-cylinder-2","status":"publish","type":"product","link":"https:\/\/www.hydraulic-cylinders.net\/lt\/produktas\/axial-tripod-type-metallurgical-hydraulic-cylinder-2\/","title":{"rendered":"CA monoaural Y tipo jungtis \u0160viesos strypas hidraulinis cilindras"},"content":{"rendered":"<h1 style=\"text-align: center;\"><strong>CA monoaural Y tipo jungtis \u0160viesos strypas hidraulinis cilindras<\/strong><\/h1>\n<p>CA monoaurinio tipo lengvojo strypo hidraulinis cilindras yra specialaus tipo, turintis monoaurin\u0119 konstrukcij\u0105 ir lengvojo strypo konstrukcij\u0105. Pateikiame \u0161iek tiek informacijos apie \u0161io tipo cilindr\u0105:<\/p>\n<p><strong>Monofoninis dizainas<\/strong>Monofonin\u0117 konstrukcija rei\u0161kia, kad i\u0161 vieno hidraulinio cilindro galo i\u0161siki\u0161a vienas strypas. \u0160i konstrukcija da\u017enai naudojama tais atvejais, kai reikia ribotos erdv\u0117s arba kompakti\u0161kesnio cilindro.<\/p>\n<p><strong>\u0160viesos strypo konstrukcija<\/strong>Lengvojo strypo konstrukcija rei\u0161kia lengv\u0173 med\u017eiag\u0173, toki\u0173 kaip aliuminis arba kompozicin\u0117s med\u017eiagos, naudojim\u0105 kaip hidraulinio cilindro stryp\u0105. \u0160i konstrukcija padeda suma\u017einti cilindro svor\u012f, i\u0161laikant tvirtum\u0105 ir na\u0161um\u0105.<\/p>\n<p><strong>Kompakti\u0161kas dydis<\/strong>CA monofoniniai \u0161viesos stryp\u0173 hidrauliniai cilindrai yra \u017einomi d\u0117l savo kompakti\u0161ko dyd\u017eio ir tinka naudoti ribotoje erdv\u0117je. D\u0117l ma\u017eo matmen\u0173 lengva montuoti ir integruoti \u012f \u012fvairias sistemas.<\/p>\n<p><strong>Tikslus tiesinis judesio valdymas<\/strong>\u0160io tipo hidraulinis cilindras skirtas tiksliam tiesiniam judesio valdymui. \u0160viesos stulpo konstrukcija ir monofoninis dizainas u\u017etikrina skland\u0173 ir tiksl\u0173 jud\u0117jim\u0105, tod\u0117l pramoniniuose \u012frenginiuose galima tiksliai nustatyti pad\u0117t\u012f ir j\u012f valdyti.<\/p>\n<p><strong>Universalus<\/strong>CA monoaurinio tipo lengvojo strypo hidrauliniai cilindrai gali b\u016bti naudojami \u012fvairiose pramon\u0117s srityse. Jie turi praktin\u0119 vert\u0119 robotikoje, pakavimo ma\u0161inose, automatizavimo sistemose ir kitose srityse, kurioms reikalingas efektyvus ir tikslus tiesinio judesio valdymas.<\/p>\n<p><img loading=\"lazy\" decoding=\"async\" class=\"wp-image-833 size-full aligncenter\" src=\"https:\/\/hydraulic-cylinders.net\/wp-content\/uploads\/2023\/08\/ca-monoaural-type-y-connector-light-pull-rod-hydraulic-cylinder-1.webp\" alt=\"\" width=\"790\" height=\"200\" srcset=\"https:\/\/hydraulic-cylinders.net\/wp-content\/uploads\/2023\/08\/ca-monoaural-type-y-connector-light-pull-rod-hydraulic-cylinder-1.webp 790w, https:\/\/hydraulic-cylinders.net\/wp-content\/uploads\/2023\/08\/ca-monoaural-type-y-connector-light-pull-rod-hydraulic-cylinder-1-480x122.webp 480w\" sizes=\"(min-width: 0px) and (max-width: 480px) 480px, (min-width: 481px) 790px, 100vw\" \/><\/p>\n<h2><strong>CA Monoaural Y tipo jungties \u0161viesos strypo hidraulinio cilindro parametras:<\/strong><\/h2>\n<p><img loading=\"lazy\" decoding=\"async\" class=\"alignnone wp-image-834 size-full\" src=\"https:\/\/hydraulic-cylinders.net\/wp-content\/uploads\/2023\/08\/ca-monoaural-type-y-connector-light-pull-rod-hydraulic-cylinder-2.webp\" alt=\"\" width=\"790\" height=\"498\" srcset=\"https:\/\/hydraulic-cylinders.net\/wp-content\/uploads\/2023\/08\/ca-monoaural-type-y-connector-light-pull-rod-hydraulic-cylinder-2.webp 790w, https:\/\/hydraulic-cylinders.net\/wp-content\/uploads\/2023\/08\/ca-monoaural-type-y-connector-light-pull-rod-hydraulic-cylinder-2-480x303.webp 480w\" sizes=\"(min-width: 0px) and (max-width: 480px) 480px, (min-width: 481px) 790px, 100vw\" \/><\/p>\n<h2><strong>CA monoaural Y tipo jungtis \u0160viesos strypas hidraulinis cilindras <\/strong><strong>Prie\u017ei\u016bra<\/strong><strong>:<\/strong><\/h2>\n<p>Norint maksimaliai padidinti CA monoauralaus tipo \u0161viesos strypo hidraulinio cilindro tarnavimo laik\u0105 ir na\u0161um\u0105, b\u016btina tinkama prie\u017ei\u016bra.<\/p>\n<p>\u0160tai keletas prie\u017ei\u016bros gairi\u0173:<\/p>\n<p>Reguliarus patikrinimas: patikrinkite, ar \u0161viesos strypo hidraulinis cilindras n\u0117ra susid\u0117v\u0117j\u0119s, pa\u017eeistas ar nepratek\u0117j\u0119s. Atkreipkite d\u0117mes\u012f \u012f sandariklius, jungiam\u0105sias detales ir tvirtinimo ta\u0161kus.<br \/>\nTepimas: Tepkite rekomenduojam\u0105 tepal\u0105 ant judan\u010di\u0173 cilindro dali\u0173 pagal gamintojo nurodymus. Reguliarus tepimas u\u017etikrina skland\u0173 veikim\u0105 ir suma\u017eina su trintimi susijusias problemas.<\/p>\n<p>Pakeiskite tarpiklius: Jei tarpikliai susid\u0117vi arba praleid\u017eia vanden\u012f, pakeiskite juos originaliomis gamintojo patvirtintomis dalimis.<\/p>\n<p>Valymas: \u0160viesos strypo hidraulin\u012f cilindr\u0105 laikykite \u0161var\u0173 ir pa\u0161alinkite ne\u0161varumus, \u0161iuk\u0161les ir ter\u0161alus, kurie gali tur\u0117ti \u012ftakos cilindro veikimui. Prie\u0161 surinkdami, naudokite neabrazyvin\u012f valikl\u012f ir \u012fsitikinkite, kad visos dalys yra sausos.<\/p>\n<h2><strong>Kaip i\u0161leisti or\u0105 i\u0161 hidraulinio cilindro be oro i\u0161leidimo vo\u017etuvo?<\/strong><\/h2>\n<p>Hidraulinio cilindro nuorinimas be i\u0161leidimo vo\u017etuvo gali b\u016bti sud\u0117tingesnis, ta\u010diau vis tiek \u012fmanomas. \u0160tai nuoseklus vadovas, kaip nuorinti hidraulin\u012f cilindr\u0105 be i\u0161leidimo vo\u017etuvo:<\/p>\n<ol>\n<li><strong>Paruo\u0161kite reikiamus \u012frankius<\/strong>Prie\u0161 prad\u0117dami nuorinimo proces\u0105, pasiruo\u0161kite \u0161iuos \u012frankius: ver\u017eliarakt\u012f arba galvu\u010di\u0173 rinkin\u012f, ind\u0105 hidrauliniam skys\u010diui surinkti ir \u0161vari\u0105 \u0161luost\u0119 arba skudur\u0105.<\/li>\n<li><strong>Pad\u0117kite cilindr\u0105<\/strong>\u012esitikinkite, kad hidraulinis cilindras yra saugus ir stabilus. Jei reikia, naudokite spaustukus arba tvirtinimo elementus, kad j\u012f pritvirtintum\u0117te ir i\u0161vengtum\u0117te atsitiktinio jud\u0117jimo nuorinimo metu.<\/li>\n<li><strong>Raskite auk\u0161\u010diausi\u0105 ta\u0161k\u0105<\/strong>: Nustatykite auk\u0161\u010diausi\u0105 hidraulinio cilindro ta\u0161k\u0105. Tai ta\u0161kas, kuriame paprastai kaupiasi oras. Paprastai jis yra netoli cilindro galo arba st\u016bmoklio koto vir\u0161aus.<\/li>\n<li><strong>Atlaisvinkite jungiam\u0105sias detales<\/strong>Ver\u017eliarak\u010diu arba galvu\u010di\u0173 rinkiniu atsargiai atlaisvinkite jungt\u012f arba jungt\u012f auk\u0161\u010diausiame cilindro ta\u0161ke. \u012esitikinkite, kad jungtis atlaisvinta tik tiek, kad i\u0161eit\u0173 oras ir neb\u016bt\u0173 hidraulinio skys\u010dio nuot\u0117kio.<\/li>\n<li><strong>L\u0117tai i\u0161tieskite cilindr\u0105<\/strong>L\u0117tai i\u0161stumkite cilindr\u0105 \u012fjungdami hidraulin\u0119 sistem\u0105. \u0160is veiksmas padeda stumti oro burbuliukus link atviros jungties ir leid\u017eia jiems i\u0161eiti.<\/li>\n<li><strong>Steb\u0117kite skys\u010di\u0173 sraut\u0105<\/strong>Atid\u017eiai steb\u0117kite hidraulinio skys\u010dio sraut\u0105, kai cilindras i\u0161siki\u0161a. Ie\u0161kokite, ar skystyje n\u0117ra oro burbuliuk\u0173 ar put\u0173. Leiskite skys\u010diui tek\u0117ti, kol pamatysite tolyg\u0173 ir skland\u0173 sraut\u0105 be oro burbuliuk\u0173.<\/li>\n<li><strong>Priver\u017ekite jungt\u012f<\/strong>Kai \u012fsitikinsite, kad i\u0161 cilindro i\u0161leistas visas oras, atsargiai priver\u017ekite jungt\u012f arba jungt\u012f auk\u0161\u010diausiame ta\u0161ke. \u012esitikinkite, kad ji tinkamai pritvirtinta, kad i\u0161vengtum\u0117te hidraulinio skys\u010dio nuot\u0117kio.<\/li>\n<li><strong>Pakartokite proces\u0105<\/strong>Jei hidraulin\u0117je sistemoje yra keli cilindrai arba kitose auk\u0161tose vietose, kuriose gal\u0117jo susikaupti oras, pakartokite 4\u20137 veiksmus kiekvienam cilindrui arba auk\u0161tesnei daliai.<\/li>\n<li><strong>Patikrinkite, ar veikia tinkamai<\/strong>I\u0161leid\u0119 cilindr\u0105, patikrinkite jo veikim\u0105, kad \u012fsitikintum\u0117te, jog jis veikia tinkamai. \u012ejunkite hidraulin\u0119 sistem\u0105 ir steb\u0117kite cilindro jud\u0117jim\u0105, ar n\u0117ra pa\u017eeidim\u0173 ar su oru susijusi\u0173 problem\u0173. Jei problem\u0173 vis tiek kyla, kreipkit\u0117s \u012f hidraulin\u0117s sistemos specialist\u0105.<\/li>\n<\/ol>\n<h2><strong>Gamyklos paj\u0117gumai ir talpa:<\/strong><\/h2>\n<h3>(1) Surinkimas<\/h3>\n<p>Turime pirmos klas\u0117s nepriklausom\u0105 tyrim\u0173 ir pl\u0117tros surinkimo platform\u0105. Hidraulini\u0173 cilindr\u0173 gamybos ceche yra keturios pusiau automatin\u0117s k\u0117limo cilindr\u0173 surinkimo linijos ir viena automatin\u0117 pakreipimo cilindr\u0173 surinkimo linija, kuri\u0173 projektinis metinis gamybos paj\u0117gumas yra 1 milijonas vienet\u0173. Speciali\u0173j\u0173 cilindr\u0173 ceche \u012frengta \u012fvairi\u0173 specifikacij\u0173 pusiau automatin\u0117 valymo surinkimo sistema, kurios projektinis metinis gamybos paj\u0117gumas yra 200 000 vienet\u0173, ir garsi CNC apdirbimo \u012franga, apdirbimo centras, didelio tikslumo cilindr\u0173 apdirbimo speciali \u012franga, robotinis suvirinimo aparatas, automatinis valymo aparatas, automatinis cilindr\u0173 surinkimo aparatas ir automatin\u0117 da\u017eymo gamybos linija. Esama daugiau nei 300 rinkini\u0173 (komplekt\u0173) kritin\u0117 \u012franga. Optimalus \u012frangos i\u0161tekli\u0173 paskirstymas ir efektyvus naudojimas u\u017etikrina gamini\u0173 tikslumo reikalavimus ir auk\u0161tus gamini\u0173 kokyb\u0117s poreikius.<\/p>\n<p><img loading=\"lazy\" decoding=\"async\" class=\"alignnone wp-image-626\" src=\"https:\/\/hydraulic-cylinders.net\/wp-content\/uploads\/2023\/08\/hydraulic-cylinder-product-1-300x158.webp\" alt=\"\" width=\"495\" height=\"260\" srcset=\"https:\/\/hydraulic-cylinders.net\/wp-content\/uploads\/2023\/08\/hydraulic-cylinder-product-1-300x158.webp 495w, https:\/\/hydraulic-cylinders.net\/wp-content\/uploads\/2023\/08\/hydraulic-cylinder-product-1-480x252.webp 480w\" sizes=\"(min-width: 0px) and (max-width: 480px) 480px, (min-width: 481px) 495px, 100vw\" \/> <img loading=\"lazy\" decoding=\"async\" class=\"alignnone wp-image-627\" src=\"https:\/\/hydraulic-cylinders.net\/wp-content\/uploads\/2023\/08\/hydraulic-cylinder-product-2-300x189.webp\" alt=\"\" width=\"413\" height=\"260\" \/><\/p>\n<h3>(2) Apdirbimas<\/h3>\n<p>Mechaninio apdirbimo ceche \u012frengtas pritaikytas nuo\u017eulnaus b\u0117gio tekinimo centras, apdirbimo centras, greitaeigis galandimo stakl\u0117s, suvirinimo robotas ir kita susijusi \u012franga, galinti apdirbti cilindrinius vamzd\u017eius, kuri\u0173 maksimalus vidinis skersmuo yra 400 mm, o maksimalus ilgis \u2013 6 metrai.<\/p>\n<p><img loading=\"lazy\" decoding=\"async\" class=\"alignnone wp-image-628 size-large\" src=\"https:\/\/hydraulic-cylinders.net\/wp-content\/uploads\/2023\/08\/hydraulic-cylinder-product-3-1024x391.webp\" alt=\"\" width=\"1024\" height=\"391\" srcset=\"https:\/\/hydraulic-cylinders.net\/wp-content\/uploads\/2023\/08\/hydraulic-cylinder-product-3-980x374.webp 980w, https:\/\/hydraulic-cylinders.net\/wp-content\/uploads\/2023\/08\/hydraulic-cylinder-product-3-480x183.webp 480w\" sizes=\"(min-width: 0px) and (max-width: 480px) 480px, (min-width: 481px) and (max-width: 980px) 980px, (min-width: 981px) 1024px, 100vw\" \/><\/p>\n<h3>(3) Suvirinimas<\/h3>\n<p><img loading=\"lazy\" decoding=\"async\" class=\"alignnone wp-image-629 size-large\" src=\"https:\/\/hydraulic-cylinders.net\/wp-content\/uploads\/2023\/08\/hydraulic-cylinder-product-4-1024x510.webp\" alt=\"\" width=\"1024\" height=\"510\" srcset=\"https:\/\/hydraulic-cylinders.net\/wp-content\/uploads\/2023\/08\/hydraulic-cylinder-product-4-980x488.webp 980w, https:\/\/hydraulic-cylinders.net\/wp-content\/uploads\/2023\/08\/hydraulic-cylinder-product-4-480x239.webp 480w\" sizes=\"(min-width: 0px) and (max-width: 480px) 480px, (min-width: 481px) and (max-width: 980px) 980px, (min-width: 981px) 1024px, 100vw\" \/><\/p>\n<h3>(4) Da\u017eymas ir dengimas<\/h3>\n<p>Su ma\u017eomis ir vidutinio dyd\u017eio cilindrin\u0117mis automatin\u0117mis vandens pagrindo da\u017e\u0173 dengimo linijomis, siekiant automatinio robot\u0173 pakrovimo ir i\u0161krovimo bei automatinio pur\u0161kimo, projektinis paj\u0117gumas yra 4000 vienet\u0173 per pamain\u0105;<br \/>\nTaip pat turime pusiau automatin\u0119 dideli\u0173 cilindr\u0173 da\u017e\u0173 gamybos linij\u0105, varom\u0105 grandin\u0117s, kurios projektinis na\u0161umas yra 60 d\u0117\u017ei\u0173 per pamain\u0105.<\/p>\n<p><img loading=\"lazy\" decoding=\"async\" class=\"alignnone wp-image-630\" src=\"https:\/\/hydraulic-cylinders.net\/wp-content\/uploads\/2023\/08\/hydraulic-cylinder-product-5-300x213.webp\" alt=\"\" width=\"366\" height=\"260\" \/> <img loading=\"lazy\" decoding=\"async\" class=\"alignnone wp-image-631\" src=\"https:\/\/hydraulic-cylinders.net\/wp-content\/uploads\/2023\/08\/hydraulic-cylinder-product-6-300x225.webp\" alt=\"\" width=\"347\" height=\"260\" \/><\/p>\n<h3>(5) Testavimas<\/h3>\n<p>Turime auk\u0161\u010diausios klas\u0117s patikros patalpas ir bandym\u0173 stendus, kad u\u017etikrintume, jog baliono veikimas atitinka reikalavimus.<\/p>\n<p><img loading=\"lazy\" decoding=\"async\" class=\"alignnone wp-image-632\" src=\"https:\/\/hydraulic-cylinders.net\/wp-content\/uploads\/2023\/08\/hydraulic-cylinder-product-8-300x200.webp\" alt=\"\" width=\"389\" height=\"260\" \/><\/p>\n<p>&nbsp;<\/p>\n<p>&nbsp;<\/p>\n<p>Esame vieni geriausi\u0173 lengv\u0173j\u0173 stryp\u0173 hidraulini\u0173 cilindr\u0173 gamintoj\u0173. Galime pasi\u016blyti plat\u0173 lengv\u0173j\u0173 stryp\u0173 hidraulini\u0173 cilindr\u0173 asortiment\u0105. Taip pat tiekiame atitinkamus gaminius. <a href=\"https:\/\/hzpt.com\/agricultural-pto-gearbox\/\" target=\"_blank\" rel=\"noopener\">\u017eem\u0117s \u016bkio pavar\u0173 d\u0117\u017e\u0117s<\/a>Mes eksportuojame savo gaminius klientams visame pasaulyje ir peln\u0117me ger\u0105 reputacij\u0105 d\u0117l auk\u0161\u010diausios gamini\u0173 kokyb\u0117s ir aptarnavimo po pardavimo. Nuo\u0161ird\u017eiai sveikiname klientus tiek \u0161alyje, tiek u\u017esienyje, norin\u010dius susisiekti su mumis der\u0117tis d\u0117l verslo, keistis informacija ir...\u00a0<a href=\"https:\/\/www.hydraulic-cylinders.net\/lt\/contact-us\/\">bendradarbiauti su mumis<\/a>!<\/p>\n<p>&nbsp;<\/p>\n<h2><\/h2>","protected":false},"excerpt":{"rendered":"<p>CA Monoaural Type Y Connector Light Rod Hydraulic Cylinder The CA monoaural type light rod hydraulic cylinder is a specific type with a monoaural design and a light rod construction. Here&#8217;s some information about this type of cylinder: Monophonic Design: The monophonic design means the hydraulic cylinder protrudes a single rod from one end. This [&hellip;]<\/p>","protected":false},"featured_media":883,"comment_status":"open","ping_status":"closed","template":"","meta":{"_et_pb_use_builder":"","_et_pb_old_content":"","_et_gb_content_width":""},"product_brand":[],"product_cat":[1550,1525,1509,1376,1387],"product_tag":[1380],"class_list":{"0":"post-831","1":"product","2":"type-product","3":"status-publish","4":"has-post-thumbnail","6":"product_cat-double-acting-hydraulic-cylinder","7":"product_cat-machine-tool-hydraulic-cylinders","8":"product_cat-tie-rod-hydraulic-cylinder","9":"product_cat-hydraulic-cylinder","10":"product_cat-light-rod-hydraulic-cylinder","11":"product_tag-hydraulic-cylinder","13":"first","14":"instock","15":"shipping-taxable","16":"product-type-simple"},"amp_enabled":true,"_links":{"self":[{"href":"https:\/\/www.hydraulic-cylinders.net\/lt\/wp-json\/wp\/v2\/product\/831","targetHints":{"allow":["GET"]}}],"collection":[{"href":"https:\/\/www.hydraulic-cylinders.net\/lt\/wp-json\/wp\/v2\/product"}],"about":[{"href":"https:\/\/www.hydraulic-cylinders.net\/lt\/wp-json\/wp\/v2\/types\/product"}],"replies":[{"embeddable":true,"href":"https:\/\/www.hydraulic-cylinders.net\/lt\/wp-json\/wp\/v2\/comments?post=831"}],"wp:featuredmedia":[{"embeddable":true,"href":"https:\/\/www.hydraulic-cylinders.net\/lt\/wp-json\/wp\/v2\/media\/883"}],"wp:attachment":[{"href":"https:\/\/www.hydraulic-cylinders.net\/lt\/wp-json\/wp\/v2\/media?parent=831"}],"wp:term":[{"taxonomy":"product_brand","embeddable":true,"href":"https:\/\/www.hydraulic-cylinders.net\/lt\/wp-json\/wp\/v2\/product_brand?post=831"},{"taxonomy":"product_cat","embeddable":true,"href":"https:\/\/www.hydraulic-cylinders.net\/lt\/wp-json\/wp\/v2\/product_cat?post=831"},{"taxonomy":"product_tag","embeddable":true,"href":"https:\/\/www.hydraulic-cylinders.net\/lt\/wp-json\/wp\/v2\/product_tag?post=831"}],"curies":[{"name":"wp","href":"https:\/\/api.w.org\/{rel}","templated":true}]}}