{"id":988,"date":"2023-09-06T07:32:37","date_gmt":"2023-09-06T07:32:37","guid":{"rendered":"https:\/\/hydraulic-cylinders.net\/?post_type=product&#038;p=988"},"modified":"2023-09-19T01:39:34","modified_gmt":"2023-09-19T01:39:34","slug":"rear-cover-rectangular-flange-four-rod-hydraulic-cylinder","status":"publish","type":"product","link":"https:\/\/www.hydraulic-cylinders.net\/lt\/produktas\/rear-cover-rectangular-flange-four-rod-hydraulic-cylinder\/","title":{"rendered":"Galinis dangtis Sta\u010diakampio formos flan\u0161as Keturi\u0173 stryp\u0173 hidraulinis cilindras"},"content":{"rendered":"<h1 style=\"text-align: center;\"><strong>Galinis dangtis Sta\u010diakampio formos flan\u0161as Keturi\u0173 stryp\u0173 hidraulinis cilindras<\/strong><\/h1>\n<p><img loading=\"lazy\" decoding=\"async\" class=\"size-full wp-image-989 aligncenter\" src=\"https:\/\/hydraulic-cylinders.net\/wp-content\/uploads\/2023\/09\/rear-cover-rectangular-flange-four-rod-hydraulic-cylinder-1.webp\" alt=\"\" width=\"229\" height=\"229\" srcset=\"https:\/\/www.hydraulic-cylinders.net\/wp-content\/uploads\/2023\/09\/rear-cover-rectangular-flange-four-rod-hydraulic-cylinder-1.webp 229w, https:\/\/www.hydraulic-cylinders.net\/wp-content\/uploads\/2023\/09\/rear-cover-rectangular-flange-four-rod-hydraulic-cylinder-1-100x100.webp 100w, https:\/\/www.hydraulic-cylinders.net\/wp-content\/uploads\/2023\/09\/rear-cover-rectangular-flange-four-rod-hydraulic-cylinder-1-150x150.webp 150w, https:\/\/www.hydraulic-cylinders.net\/wp-content\/uploads\/2023\/09\/rear-cover-rectangular-flange-four-rod-hydraulic-cylinder-1-12x12.webp 12w\" sizes=\"(max-width: 229px) 100vw, 229px\" \/><\/p>\n<p>Galinio dang\u010dio sta\u010diakampio flan\u0161o keturi\u0173 stryp\u0173 hidraulinis cilindras yra universalus ir tvirtas keturi\u0173 stryp\u0173 hidraulinis cilindras, skirtas u\u017etikrinti patikim\u0105 ir efektyv\u0173 tiesin\u012f jud\u0117jim\u0105 \u012fvairiose pramonin\u0117se srityse. D\u0117l savo unikalios konstrukcijos ir i\u0161skirtini\u0173 na\u0161um\u0173 \u0161is keturi\u0173 stryp\u0173 hidraulinis cilindras pasi\u017eymi i\u0161skirtine galia ir tikslumu, tod\u0117l yra idealus pasirinkimas reiklioms hidraulin\u0117ms sistemoms.<\/p>\n<p>Keturi\u0173 stryp\u0173 hidraulinio cilindro esmin\u0117s charakteristikos:<\/p>\n<p><strong>Didelio stiprumo konstrukcija:<\/strong><\/p>\n<ol>\n<li style=\"list-style-type: none;\">\n<ul>\n<li>Keturi\u0173 stryp\u0173 hidraulinis cilindras yra tvirtos konstrukcijos ir pagamintas i\u0161 auk\u0161tos kokyb\u0117s med\u017eiag\u0173, kad b\u016bt\u0173 u\u017etikrintas patvarus ir ilgaam\u017eis veikimas.<\/li>\n<li>Jis gali atlaikyti dideles apkrovas ir at\u0161iaurias eksploatavimo s\u0105lygas, tod\u0117l tinka naudoti sud\u0117tingose \u200b\u200bpramon\u0117s srityse.<\/li>\n<\/ul>\n<\/li>\n<\/ol>\n<p><strong>Sta\u010diakampio flan\u0161o konstrukcija:<\/strong><\/p>\n<ol>\n<li style=\"list-style-type: none;\">\n<ul>\n<li>\u0160io keturi\u0173 stryp\u0173 hidraulinio cilindro galinis dangtelis turi sta\u010diakamp\u012f flan\u0161\u0105, u\u017etikrinant\u012f saug\u0173 ir stabil\u0173 montavim\u0105.<\/li>\n<li>Flan\u0161ai sukurti taip, kad b\u016bt\u0173 lengva montuoti ir kalibruoti, u\u017etikrinant tiksl\u0173 atitikim\u0105 hidraulin\u0117je sistemoje.<\/li>\n<\/ul>\n<\/li>\n<\/ol>\n<p><strong>Keturi\u0173 stryp\u0173 konfig\u016bracija:<\/strong><\/p>\n<ol>\n<li style=\"list-style-type: none;\">\n<ul>\n<li>Keturi\u0173 stryp\u0173 hidraulinis cilindras yra keturi\u0173 stryp\u0173 konstrukcijos, siekiant pagerinti stabilum\u0105 ir keliam\u0105j\u0105 gali\u0105.<\/li>\n<li>Keturi strypai tolygiai paskirsto apkrov\u0105, suma\u017eindami kiekvieno komponento apkrov\u0105 ir u\u017etikrindami skland\u0173 bei subalansuot\u0105 veikim\u0105.<\/li>\n<\/ul>\n<\/li>\n<\/ol>\n<p><strong>I\u0161skirtinis na\u0161umas:<\/strong><\/p>\n<ul>\n<li style=\"list-style-type: none;\">\n<ul>\n<li>Cilindrai pasi\u017eymi dideliu na\u0161umu ir u\u017etikrina tiksl\u0173 bei patikim\u0105 tiesinio judesio valdym\u0105.<\/li>\n<li>Jis u\u017etikrina didesn\u0119 j\u0117gos i\u0161vest\u012f ir eigos ilg\u012f, tod\u0117l galima efektyviai naudoti \u012fvairiose srityse.<\/li>\n<\/ul>\n<\/li>\n<\/ul>\n<h2><strong>Galinio dang\u010dio sta\u010diakampio flan\u0161o keturi\u0173 stryp\u0173 hidraulinio cilindro parametras:<\/strong><\/h2>\n<p><img loading=\"lazy\" decoding=\"async\" class=\"alignnone wp-image-990 size-full\" src=\"https:\/\/hydraulic-cylinders.net\/wp-content\/uploads\/2023\/09\/rear-cover-rectangular-flange-four-rod-hydraulic-cylinder.webp\" alt=\"\" width=\"655\" height=\"197\" srcset=\"https:\/\/hydraulic-cylinders.net\/wp-content\/uploads\/2023\/09\/rear-cover-rectangular-flange-four-rod-hydraulic-cylinder.webp 655w, https:\/\/hydraulic-cylinders.net\/wp-content\/uploads\/2023\/09\/rear-cover-rectangular-flange-four-rod-hydraulic-cylinder-480x144.webp 480w\" sizes=\"(min-width: 0px) and (max-width: 480px) 480px, (min-width: 481px) 655px, 100vw\" \/><\/p>\n<p><img loading=\"lazy\" decoding=\"async\" class=\"alignnone size-full wp-image-320248\" src=\"https:\/\/hzpt.com\/wp-content\/uploads\/2023\/09\/jj-hh-c-four-rod-hydraulic-cylinder.webp\" alt=\"\" width=\"655\" height=\"218\" \/><\/p>\n<h2><strong>Galinis dangtis Sta\u010diakampio formos flan\u0161as Keturi\u0173 stryp\u0173 hidraulinis cilindras <\/strong><strong>Naudojimo metodas<\/strong><strong>:<\/strong><\/h2>\n<p><strong>Montavimas:<\/strong><\/p>\n<ol>\n<li style=\"list-style-type: none;\">\n<ul>\n<li>Nustatykite tinkam\u0105 hidraulinio cilindro pad\u0117t\u012f hidraulin\u0117je sistemoje.<\/li>\n<li>\u012esitikinkite, kad tvirtinimo pavir\u0161ius yra \u0161varus ir be joki\u0173 \u0161iuk\u0161li\u0173 ar ter\u0161al\u0173.<\/li>\n<li>Sta\u010diakamp\u0119 jung\u0119 priglauskite prie tvirtinimo pavir\u0161iaus ir pritvirtinkite atitinkamais var\u017etais arba tvirtinimo detal\u0117mis.<\/li>\n<\/ul>\n<\/li>\n<\/ol>\n<p><strong>Hidraulin\u0117s jungtys:<\/strong><\/p>\n<ol>\n<li style=\"list-style-type: none;\">\n<ul>\n<li>Prijunkite hidraulin\u0119 tiekimo linij\u0105 prie cilindro angos, kad u\u017etikrintum\u0117te tinkam\u0105 sandarum\u0105 ir i\u0161vengtum\u0117te nuot\u0117kio.<\/li>\n<li>Laikykit\u0117s gamintojo rekomendacij\u0173 d\u0117l hidraulin\u0117s alyvos tipo ir atitinkamai pripildykite sistem\u0105.<\/li>\n<\/ul>\n<\/li>\n<\/ol>\n<p><strong>Operacija:<\/strong><\/p>\n<ul>\n<li style=\"list-style-type: none;\">\n<ul>\n<li>Paleiskite hidraulin\u0119 sistem\u0105 ir hidrauliniu valdymo vo\u017etuvu valdykite cilindro jud\u0117jim\u0105.<\/li>\n<li>Sureguliuokite srauto ir sl\u0117gio nustatymus, kad pasiektum\u0117te norim\u0105 greit\u012f ir j\u0117gos i\u0161vest\u012f.<\/li>\n<li>Steb\u0117kite keturi\u0173 stryp\u0173 hidraulinio cilindro veikim\u0105, ar n\u0117ra koki\u0173 nors anomalij\u0173 ar gedimo po\u017eymi\u0173.<\/li>\n<\/ul>\n<\/li>\n<\/ul>\n<h2><strong>Galinis dangtis Sta\u010diakampio formos flan\u0161as Keturi\u0173 stryp\u0173 hidraulinis cilindras <\/strong><strong>Prie\u017ei\u016bra<\/strong><strong>:<\/strong><\/h2>\n<p><strong>Reguliarus patikrinimas:<\/strong><\/p>\n<ol>\n<li style=\"list-style-type: none;\">\n<ul>\n<li>Atlikite \u012fprastin\u0119 vizualin\u0119 ap\u017ei\u016br\u0105, kad patikrintum\u0117te, ar n\u0117ra susid\u0117v\u0117jimo, nuot\u0117kio ar pa\u017eeidimo po\u017eymi\u0173.<\/li>\n<li>Patikrinkite sandariklius, traukes ir cilindr\u0173 blokus, ar n\u0117ra sutrikim\u0173, ir nedelsdami pakeiskite susid\u0117v\u0117jusias ar pa\u017eeistas dalis.<\/li>\n<\/ul>\n<\/li>\n<\/ol>\n<p><strong>Tepimas:<\/strong><\/p>\n<ol>\n<li style=\"list-style-type: none;\">\n<ul>\n<li>Laikykit\u0117s gamintojo tepimo interval\u0173 nurodym\u0173 ir naudokite rekomenduojam\u0105 tepal\u0105, kad u\u017etikrintum\u0117te skland\u0173 veikim\u0105.<\/li>\n<li>Sutepkite strypus ir sandariklius, kad i\u0161vengtum\u0117te trinties ir pailgintum\u0117te cilindro tarnavimo laik\u0105.<\/li>\n<\/ul>\n<\/li>\n<\/ol>\n<p><strong>Sandariklio keitimas:<\/strong><\/p>\n<ul>\n<li style=\"list-style-type: none;\">\n<ul>\n<li>Laikui b\u0117gant, sandarikliai gali susid\u0117v\u0117ti ir juos reik\u0117s pakeisti.<\/li>\n<li>Keisdami sandariklius, \u012fsitikinkite, kad jie yra tinkamo dyd\u017eio ir tipo, kaip rekomenduoja gamintojas.<\/li>\n<li>Kei\u010diant sandarikl\u012f, i\u0161imkite ir surinkite cilindr\u0105 laikydamiesi teisingos proced\u016bros.<\/li>\n<\/ul>\n<\/li>\n<\/ul>\n<h2><strong>Kaip valdyti hidraulinio cilindro greit\u012f?<\/strong><\/h2>\n<p>Hidraulinio cilindro grei\u010dio valdymas yra b\u016btinas siekiant u\u017etikrinti saug\u0173 ir efektyv\u0173 veikim\u0105 \u012fvairiose srityse. \u0160tai keli hidraulinio cilindro grei\u010dio valdymo metodai:<\/p>\n<ol>\n<li><strong>Srauto valdymo vo\u017etuvas:<\/strong><\/li>\n<\/ol>\n<ul>\n<li>Da\u017eniausias hidraulinio cilindro grei\u010dio reguliavimo b\u016bdas yra srauto reguliavimo vo\u017etuvo naudojimas.<\/li>\n<li>Srauto reguliavimo vo\u017etuvas reguliuoja \u012f cilindr\u0105 ir i\u0161 jo tekan\u010dio hidraulinio skys\u010dio kiek\u012f, taip kontroliuodamas cilindro jud\u0117jimo greit\u012f.<\/li>\n<li>Srauto reguliavimo vo\u017etuvai yra \u012fvairi\u0173 tip\u0173, \u012fskaitant adatinius vo\u017etuvus, reguliuojamus diafragminius vo\u017etuvus ir droselio vo\u017etuvus.<\/li>\n<li>Reguliuodami srauto reguliavimo vo\u017etuvo atidarym\u0105, galite reguliuoti hidraulinio skys\u010dio sraut\u0105 ir atitinkamai cilindro greit\u012f.<\/li>\n<\/ul>\n<ol start=\"2\">\n<li><strong>Proporciniai valdymo vo\u017etuvai:<\/strong><\/li>\n<\/ol>\n<ul>\n<li>Proporciniai valdymo vo\u017etuvai u\u017etikrina tikslesn\u012f grei\u010dio valdym\u0105 nei standartiniai srauto reguliavimo vo\u017etuvai.<\/li>\n<li>\u0160ie vo\u017etuvai leid\u017eia nuolat reguliuoti sraut\u0105, taip u\u017etikrinant tikslesn\u012f cilindro grei\u010dio valdym\u0105.<\/li>\n<li>Proporciniai valdymo vo\u017etuvai da\u017enai naudojami tose srityse, kur labai svarbus tikslus pad\u0117ties nustatymas ir grei\u010dio valdymas, pavyzd\u017eiui, robotikoje ar automatizavimo sistemose.<\/li>\n<\/ul>\n<ol start=\"3\">\n<li><strong>Sl\u0117gio valdymas:<\/strong><\/li>\n<\/ol>\n<ul>\n<li>Hidraulinio cilindro greit\u012f taip pat galima netiesiogiai valdyti reguliuojant sistemos sl\u0117g\u012f.<\/li>\n<li>Padidinus sl\u0117g\u012f, cilindras jud\u0117s grei\u010diau, o suma\u017einus \u2013 sul\u0117tins.<\/li>\n<li>Sl\u0117g\u012f galima reguliuoti naudojant sl\u0117gio ma\u017einimo vo\u017etuv\u0105 arba sl\u0117gio kompensavimo srauto reguliavimo vo\u017etuv\u0105 hidraulin\u0117je sistemoje.<\/li>\n<\/ul>\n<ol start=\"4\">\n<li><strong>Apkrovos valdymas:<\/strong><\/li>\n<\/ol>\n<ul>\n<li>Hidraulinio cilindro apkrova gali tur\u0117ti \u012ftakos jo veikimo grei\u010diui.<\/li>\n<li>Didinant apkrov\u0105, cilindras paprastai sul\u0117t\u0117ja d\u0117l padid\u0117jusio pasiprie\u0161inimo.<\/li>\n<li>Norint valdyti greit\u012f esant skirtingoms apkrovos s\u0105lygoms, \u012f hidraulin\u0119 sistem\u0105 galite integruoti apkrovos jutimo vo\u017etuvus arba apkrovos kompensavimo srauto valdymo vo\u017etuvus.<\/li>\n<li>\u0160ie vo\u017etuvai reguliuoja sraut\u0105 pagal apkrov\u0105, u\u017etikrindami pastov\u0173 greit\u012f, nepriklausomai nuo apkrovos poky\u010di\u0173.<\/li>\n<\/ul>\n<ol start=\"5\">\n<li><strong>Cilindro dydis ir konstrukcija:<\/strong><\/li>\n<\/ol>\n<ul>\n<li>Hidraulinio cilindro dydis ir konstrukcija gali tur\u0117ti \u012ftakos jo grei\u010dio charakteristikoms.<\/li>\n<li>Didesnis cilindro skersmuo paprastai u\u017etikrina didesn\u012f greit\u012f d\u0117l didesnio st\u016bmoklio ploto, o ma\u017eesnio skersmens cilindras \u2013 ma\u017eesn\u012f greit\u012f.<\/li>\n<li>Cilindro konstrukcija, \u012fskaitant ang\u0173 ir vidini\u0173 pra\u0117jim\u0173 skersmen\u012f, taip pat gali tur\u0117ti \u012ftakos cilindro jud\u0117jimo grei\u010diui.<\/li>\n<li>Renkantis hidraulin\u012f cilindr\u0105, atsi\u017evelkite \u012f pageidaujamus grei\u010dio reikalavimus ir, nor\u0117dami pasirinkti tinkam\u0105 dyd\u012f ir konstrukcij\u0105, perskaitykite gamintojo specifikacijas.<\/li>\n<\/ul>\n<h2><strong>Gamyklos paj\u0117gumai ir talpa:<\/strong><\/h2>\n<h3>(1) Surinkimas<\/h3>\n<p>Turime pirmos klas\u0117s nepriklausom\u0105 tyrim\u0173 ir pl\u0117tros surinkimo platform\u0105. Hidraulini\u0173 cilindr\u0173 gamybos ceche yra keturios pusiau automatin\u0117s k\u0117limo cilindr\u0173 surinkimo linijos ir viena automatin\u0117 pakreipimo cilindr\u0173 surinkimo linija, kuri\u0173 projektinis metinis gamybos paj\u0117gumas yra 1 milijonas vienet\u0173. Speciali\u0173j\u0173 cilindr\u0173 ceche \u012frengta \u012fvairi\u0173 specifikacij\u0173 pusiau automatin\u0117 valymo surinkimo sistema, kurios projektinis metinis gamybos paj\u0117gumas yra 200 000 vienet\u0173, ir garsi CNC apdirbimo \u012franga, apdirbimo centras, didelio tikslumo cilindr\u0173 apdirbimo speciali \u012franga, robotinis suvirinimo aparatas, automatinis valymo aparatas, automatinis cilindr\u0173 surinkimo aparatas ir automatin\u0117 da\u017eymo gamybos linija. Esama daugiau nei 300 rinkini\u0173 (komplekt\u0173) kritin\u0117 \u012franga. Optimalus \u012frangos i\u0161tekli\u0173 paskirstymas ir efektyvus naudojimas u\u017etikrina gamini\u0173 tikslumo reikalavimus ir auk\u0161tus gamini\u0173 kokyb\u0117s poreikius.<\/p>\n<p><img loading=\"lazy\" decoding=\"async\" class=\"alignnone wp-image-626\" src=\"https:\/\/hydraulic-cylinders.net\/wp-content\/uploads\/2023\/08\/hydraulic-cylinder-product-1-300x158.webp\" alt=\"\" width=\"495\" height=\"260\" srcset=\"https:\/\/hydraulic-cylinders.net\/wp-content\/uploads\/2023\/08\/hydraulic-cylinder-product-1-300x158.webp 495w, https:\/\/hydraulic-cylinders.net\/wp-content\/uploads\/2023\/08\/hydraulic-cylinder-product-1-480x252.webp 480w\" sizes=\"(min-width: 0px) and (max-width: 480px) 480px, (min-width: 481px) 495px, 100vw\" \/> <img loading=\"lazy\" decoding=\"async\" class=\"alignnone wp-image-627\" src=\"https:\/\/hydraulic-cylinders.net\/wp-content\/uploads\/2023\/08\/hydraulic-cylinder-product-2-300x189.webp\" alt=\"\" width=\"413\" height=\"260\" \/><\/p>\n<h3>(2) Apdirbimas<\/h3>\n<p>Mechaninio apdirbimo ceche \u012frengtas pritaikytas nuo\u017eulnaus b\u0117gio tekinimo centras, apdirbimo centras, greitaeigis galandimo stakl\u0117s, suvirinimo robotas ir kita susijusi \u012franga, galinti apdirbti cilindrinius vamzd\u017eius, kuri\u0173 maksimalus vidinis skersmuo yra 400 mm, o maksimalus ilgis \u2013 6 metrai.<\/p>\n<p><img loading=\"lazy\" decoding=\"async\" class=\"alignnone wp-image-628 size-large\" src=\"https:\/\/hydraulic-cylinders.net\/wp-content\/uploads\/2023\/08\/hydraulic-cylinder-product-3-1024x391.webp\" alt=\"\" width=\"1024\" height=\"391\" srcset=\"https:\/\/hydraulic-cylinders.net\/wp-content\/uploads\/2023\/08\/hydraulic-cylinder-product-3-980x374.webp 980w, https:\/\/hydraulic-cylinders.net\/wp-content\/uploads\/2023\/08\/hydraulic-cylinder-product-3-480x183.webp 480w\" sizes=\"(min-width: 0px) and (max-width: 480px) 480px, (min-width: 481px) and (max-width: 980px) 980px, (min-width: 981px) 1024px, 100vw\" \/><\/p>\n<h3>(3) Suvirinimas<\/h3>\n<p><img loading=\"lazy\" decoding=\"async\" class=\"alignnone wp-image-629 size-large\" src=\"https:\/\/hydraulic-cylinders.net\/wp-content\/uploads\/2023\/08\/hydraulic-cylinder-product-4-1024x510.webp\" alt=\"\" width=\"1024\" height=\"510\" srcset=\"https:\/\/hydraulic-cylinders.net\/wp-content\/uploads\/2023\/08\/hydraulic-cylinder-product-4-980x488.webp 980w, https:\/\/hydraulic-cylinders.net\/wp-content\/uploads\/2023\/08\/hydraulic-cylinder-product-4-480x239.webp 480w\" sizes=\"(min-width: 0px) and (max-width: 480px) 480px, (min-width: 481px) and (max-width: 980px) 980px, (min-width: 981px) 1024px, 100vw\" \/><\/p>\n<h3>(4) Da\u017eymas ir dengimas<\/h3>\n<p>Su ma\u017eomis ir vidutinio dyd\u017eio cilindrin\u0117mis automatin\u0117mis vandens pagrindo da\u017e\u0173 dengimo linijomis, siekiant automatinio robot\u0173 pakrovimo ir i\u0161krovimo bei automatinio pur\u0161kimo, projektinis paj\u0117gumas yra 4000 vienet\u0173 per pamain\u0105;<br \/>\nTaip pat turime pusiau automatin\u0119 dideli\u0173 cilindr\u0173 da\u017e\u0173 gamybos linij\u0105, varom\u0105 grandin\u0117s, kurios projektinis na\u0161umas yra 60 d\u0117\u017ei\u0173 per pamain\u0105.<\/p>\n<p><img loading=\"lazy\" decoding=\"async\" class=\"alignnone wp-image-630\" src=\"https:\/\/hydraulic-cylinders.net\/wp-content\/uploads\/2023\/08\/hydraulic-cylinder-product-5-300x213.webp\" alt=\"\" width=\"366\" height=\"260\" \/> <img loading=\"lazy\" decoding=\"async\" class=\"alignnone wp-image-631\" src=\"https:\/\/hydraulic-cylinders.net\/wp-content\/uploads\/2023\/08\/hydraulic-cylinder-product-6-300x225.webp\" alt=\"\" width=\"347\" height=\"260\" \/><\/p>\n<h3>(5) Testavimas<\/h3>\n<p>Turime auk\u0161\u010diausios klas\u0117s patikros patalpas ir bandym\u0173 stendus, kad u\u017etikrintume, jog baliono veikimas atitinka reikalavimus.<\/p>\n<p><img loading=\"lazy\" decoding=\"async\" class=\"alignnone wp-image-632\" src=\"https:\/\/hydraulic-cylinders.net\/wp-content\/uploads\/2023\/08\/hydraulic-cylinder-product-8-300x200.webp\" alt=\"\" width=\"389\" height=\"260\" \/><\/p>\n<p>&nbsp;<\/p>\n<p>&nbsp;<\/p>\n<p>Esame vienas geriausi\u0173 lengv\u0173j\u0173 keturi\u0173 stryp\u0173 hidraulini\u0173 cilindr\u0173 gamintoj\u0173. Galime pasi\u016blyti plat\u0173 lengv\u0173j\u0173 keturi\u0173 stryp\u0173 hidraulini\u0173 cilindr\u0173 asortiment\u0105. Taip pat teikiame atitinkamas paslaugas. <a href=\"https:\/\/hzpt.com\/agricultural-pto-gearbox\/\" target=\"_blank\" rel=\"noopener\">\u017eem\u0117s \u016bkio pavar\u0173 d\u0117\u017e\u0117s<\/a>Mes eksportuojame savo gaminius klientams visame pasaulyje ir peln\u0117me ger\u0105 reputacij\u0105 d\u0117l auk\u0161\u010diausios gamini\u0173 kokyb\u0117s ir aptarnavimo po pardavimo. Nuo\u0161ird\u017eiai sveikiname klientus tiek \u0161alyje, tiek u\u017esienyje, norin\u010dius susisiekti su mumis der\u0117tis d\u0117l verslo, keistis informacija ir...\u00a0<a href=\"https:\/\/www.hydraulic-cylinders.net\/lt\/contact-us\/\">bendradarbiauti su mumis<\/a>!<\/p>\n<h2><\/h2>\n<h2><\/h2>","protected":false},"excerpt":{"rendered":"<p>Rear Cover Rectangular Flange Four Rod Hydraulic Cylinder The rear cover rectangular flange four rod hydraulic cylinder is a versatile and robust four rod hydraulic cylinder designed to provide reliable and efficient linear motion in various industrial applications. With its unique design and exceptional performance, this four rod hydraulic cylinder offers outstanding power and precision, [&hellip;]<\/p>","protected":false},"featured_media":991,"comment_status":"open","ping_status":"closed","template":"","meta":{"_et_pb_use_builder":"","_et_pb_old_content":"","_et_gb_content_width":""},"product_brand":[],"product_cat":[1376,1386],"product_tag":[1380],"class_list":{"0":"post-988","1":"product","2":"type-product","3":"status-publish","4":"has-post-thumbnail","6":"product_cat-hydraulic-cylinder","7":"product_cat-four-rod-hydraulic-cylinder","8":"product_tag-hydraulic-cylinder","10":"first","11":"instock","12":"shipping-taxable","13":"product-type-simple"},"amp_enabled":true,"_links":{"self":[{"href":"https:\/\/www.hydraulic-cylinders.net\/lt\/wp-json\/wp\/v2\/product\/988","targetHints":{"allow":["GET"]}}],"collection":[{"href":"https:\/\/www.hydraulic-cylinders.net\/lt\/wp-json\/wp\/v2\/product"}],"about":[{"href":"https:\/\/www.hydraulic-cylinders.net\/lt\/wp-json\/wp\/v2\/types\/product"}],"replies":[{"embeddable":true,"href":"https:\/\/www.hydraulic-cylinders.net\/lt\/wp-json\/wp\/v2\/comments?post=988"}],"wp:featuredmedia":[{"embeddable":true,"href":"https:\/\/www.hydraulic-cylinders.net\/lt\/wp-json\/wp\/v2\/media\/991"}],"wp:attachment":[{"href":"https:\/\/www.hydraulic-cylinders.net\/lt\/wp-json\/wp\/v2\/media?parent=988"}],"wp:term":[{"taxonomy":"product_brand","embeddable":true,"href":"https:\/\/www.hydraulic-cylinders.net\/lt\/wp-json\/wp\/v2\/product_brand?post=988"},{"taxonomy":"product_cat","embeddable":true,"href":"https:\/\/www.hydraulic-cylinders.net\/lt\/wp-json\/wp\/v2\/product_cat?post=988"},{"taxonomy":"product_tag","embeddable":true,"href":"https:\/\/www.hydraulic-cylinders.net\/lt\/wp-json\/wp\/v2\/product_tag?post=988"}],"curies":[{"name":"wp","href":"https:\/\/api.w.org\/{rel}","templated":true}]}}