{"id":1003,"date":"2023-09-06T08:58:05","date_gmt":"2023-09-06T08:58:05","guid":{"rendered":"https:\/\/hydraulic-cylinders.net\/?post_type=product&#038;p=1003"},"modified":"2023-09-19T01:36:55","modified_gmt":"2023-09-19T01:36:55","slug":"rear-earring-with-spherical-bearing-four-rod-hydraulic-cylinder","status":"publish","type":"product","link":"https:\/\/www.hydraulic-cylinders.net\/lv\/products\/rear-earring-with-spherical-bearing-four-rod-hydraulic-cylinder\/","title":{"rendered":"Aizmugur\u0113jais auskars ar sf\u0113risko gult\u0146u \u010detru stie\u0146u hidraulisko cilindru"},"content":{"rendered":"<h1 style=\"text-align: center;\"><strong>Aizmugur\u0113jais auskars ar sf\u0113risko gult\u0146u \u010detru stie\u0146u hidraulisko cilindru<\/strong><\/h1>\n<p><img loading=\"lazy\" decoding=\"async\" class=\"size-full wp-image-1007 aligncenter\" src=\"https:\/\/hydraulic-cylinders.net\/wp-content\/uploads\/2023\/09\/rear-earring-with-spherical-bearing-four-pull-rod-hydraulic-cylinder-1.webp\" alt=\"\" width=\"236\" height=\"236\" srcset=\"https:\/\/www.hydraulic-cylinders.net\/wp-content\/uploads\/2023\/09\/rear-earring-with-spherical-bearing-four-pull-rod-hydraulic-cylinder-1.webp 236w, https:\/\/www.hydraulic-cylinders.net\/wp-content\/uploads\/2023\/09\/rear-earring-with-spherical-bearing-four-pull-rod-hydraulic-cylinder-1-100x100.webp 100w, https:\/\/www.hydraulic-cylinders.net\/wp-content\/uploads\/2023\/09\/rear-earring-with-spherical-bearing-four-pull-rod-hydraulic-cylinder-1-150x150.webp 150w, https:\/\/www.hydraulic-cylinders.net\/wp-content\/uploads\/2023\/09\/rear-earring-with-spherical-bearing-four-pull-rod-hydraulic-cylinder-1-12x12.webp 12w\" sizes=\"(max-width: 236px) 100vw, 236px\" \/><\/p>\n<p>Aizmugur\u0113jais auskars ar sf\u0113risku gultni un \u010detru stie\u0146u hidraulisko cilindru ir inovat\u012bvs hidrauliskais elements, kas paredz\u0113ts, lai nodro\u0161in\u0101tu izcilu veiktsp\u0113ju un daudzpus\u012bbu da\u017e\u0101dos r\u016bpnieciskos pielietojumos. Ar savu unik\u0101lo aizmugur\u0113j\u0101 auskara dizainu, sf\u0113riskajiem gult\u0146iem un \u010detru stie\u0146u konfigur\u0101ciju \u0161is \u010detru stie\u0146u hidrauliskais cilindrs pied\u0101v\u0101 uzlabotu stabilit\u0101ti, prec\u012bzu vad\u012bbu un palielin\u0101tu nestsp\u0113ju.<\/p>\n<p>\u010cetru stie\u0146u hidraulisk\u0101 cilindra b\u016btisk\u0101s \u012bpa\u0161\u012bbas:<\/p>\n<p><strong>Aizmugur\u0113jo auskaru dizains:<\/strong><\/p>\n<ol>\n<li style=\"list-style-type: none;\">\n<ul>\n<li>Aizmugur\u0113j\u0101 stiprin\u0101juma konstrukcija nodro\u0161ina dro\u0161u un stabilu uzst\u0101d\u012b\u0161anas risin\u0101jumu, kas garant\u0113 uzticamu darb\u012bbu pat pie liel\u0101m slodz\u0113m un ekstrem\u0101liem apst\u0101k\u013ciem.<\/li>\n<li>Tas vienk\u0101r\u0161o uzst\u0101d\u012b\u0161anu un \u013cauj viegli integr\u0113t da\u017e\u0101d\u0101s hidrauliskaj\u0101s sist\u0113m\u0101s vai iek\u0101rt\u0101s.<\/li>\n<\/ul>\n<\/li>\n<\/ol>\n<p><strong>Sf\u0113risks gultnis:<\/strong><\/p>\n<ol>\n<li style=\"list-style-type: none;\">\n<ul>\n<li>Sf\u0113risko gult\u0146u iek\u013cau\u0161ana uzlabo \u010detru stie\u0146u hidraulisk\u0101 cilindra elast\u012bbu un kompens\u0113 nepareizu izl\u012bdzin\u0101\u0161anu, samazinot cilindra deta\u013cu spriegumu un nodilumu.<\/li>\n<li>Sf\u0113riskais gultnis nodro\u0161ina vienm\u0113r\u012bgu un prec\u012bzu kust\u012bbu pat tad, ja tiek str\u0101d\u0101ts ar le\u0146\u0137isk\u0101m vai necentr\u0101l\u0101m slodz\u0113m.<\/li>\n<\/ul>\n<\/li>\n<\/ol>\n<p><strong>\u010cetru stie\u0146u konfigur\u0101cija:<\/strong><\/p>\n<ol>\n<li style=\"list-style-type: none;\">\n<ul>\n<li>\u010cetru stie\u0146u konfigur\u0101cija palielina cilindra nestsp\u0113ju un stabilit\u0101ti, nov\u0113r\u0161 novirzi un nodro\u0161ina prec\u012bzu line\u0101ras kust\u012bbas vad\u012bbu.<\/li>\n<li>Tas vienm\u0113r\u012bgi sadala slodzi pa stie\u0146a virsmu, samazinot priek\u0161laic\u012bgas nodiluma vai atteices risku.<\/li>\n<\/ul>\n<\/li>\n<\/ol>\n<p><strong>Augsta veiktsp\u0113ja un efektivit\u0101te:<\/strong><\/p>\n<ul>\n<li style=\"list-style-type: none;\">\n<ul>\n<li>\u0160is \u010detru stie\u0146u hidrauliskais cilindrs nodro\u0161ina lielu sp\u0113ka izvadi un prec\u012bzu vad\u012bbu, \u013caujot efekt\u012bvi un lietder\u012bgi darboties.<\/li>\n<li>Tas nodro\u0161ina prec\u012bzu pozicion\u0113\u0161anu, \u0101tru cikla laiku un optimiz\u0113tu produktivit\u0101ti da\u017e\u0101dos r\u016bpnieciskos pielietojumos.<\/li>\n<\/ul>\n<\/li>\n<\/ul>\n<h2><strong>Aizmugur\u0113jais auskars ar sf\u0113risku gultni. \u010cetru stie\u0146u hidraulisk\u0101 cilindra parametrs:<\/strong><\/h2>\n<p><img loading=\"lazy\" decoding=\"async\" class=\"alignnone wp-image-1005 size-full\" src=\"https:\/\/hydraulic-cylinders.net\/wp-content\/uploads\/2023\/09\/rear-earring-with-spherical-bearing-four-pull-rod-hydraulic-cylinder.webp\" alt=\"\" width=\"650\" height=\"196\" srcset=\"https:\/\/hydraulic-cylinders.net\/wp-content\/uploads\/2023\/09\/rear-earring-with-spherical-bearing-four-pull-rod-hydraulic-cylinder.webp 650w, https:\/\/hydraulic-cylinders.net\/wp-content\/uploads\/2023\/09\/rear-earring-with-spherical-bearing-four-pull-rod-hydraulic-cylinder-480x145.webp 480w\" sizes=\"(min-width: 0px) and (max-width: 480px) 480px, (min-width: 481px) 650px, 100vw\" \/><\/p>\n<p><img loading=\"lazy\" decoding=\"async\" class=\"alignnone wp-image-1031 size-full\" src=\"https:\/\/hydraulic-cylinders.net\/wp-content\/uploads\/2023\/09\/b-bb-sbd-four-rod-hydraulic-cylinder.webp\" alt=\"\" width=\"650\" height=\"237\" srcset=\"https:\/\/hydraulic-cylinders.net\/wp-content\/uploads\/2023\/09\/b-bb-sbd-four-rod-hydraulic-cylinder.webp 650w, https:\/\/hydraulic-cylinders.net\/wp-content\/uploads\/2023\/09\/b-bb-sbd-four-rod-hydraulic-cylinder-480x175.webp 480w\" sizes=\"(min-width: 0px) and (max-width: 480px) 480px, (min-width: 481px) 650px, 100vw\" \/><\/p>\n<h2><strong>Aizmugur\u0113jais auskars ar sf\u0113risko gult\u0146u \u010detru stie\u0146u hidraulisko cilindru <\/strong><strong>Lieto\u0161anas metode<\/strong><strong>:<\/strong><\/h2>\n<p><strong>Mont\u0101\u017ea un uzst\u0101d\u012b\u0161ana:<\/strong><\/p>\n<ol>\n<li style=\"list-style-type: none;\">\n<ul>\n<li>Lai noteiktu atbilsto\u0161u \u010detru stie\u0146u hidraulisk\u0101 cilindra uzst\u0101d\u012b\u0161anas vietu sist\u0113m\u0101 vai iek\u0101rt\u0101, \u0146emiet v\u0113r\u0101 t\u0101dus faktorus k\u0101 slodzes pras\u012bbas un vietas ierobe\u017eojumi.<\/li>\n<li>P\u0101rliecinieties, vai mont\u0101\u017eas virsma ir t\u012bra, l\u012bdzena un sp\u0113j\u012bga iztur\u0113t cilindra svaru.<\/li>\n<li>Novietojiet aizmugur\u0113jo auskaru ar stiprin\u0101juma virsmu un stingri nostipriniet to, izmantojot ieteicam\u0101s skr\u016bves vai stiprin\u0101jumus.<\/li>\n<\/ul>\n<\/li>\n<\/ol>\n<p><strong>Hidrauliskie savienojumi:<\/strong><\/p>\n<ol>\n<li style=\"list-style-type: none;\">\n<ul>\n<li>Pievienojiet hidraulisk\u0101s padeves l\u012bnijas cilindru piesl\u0113gviet\u0101m, nodro\u0161inot pareizu bl\u012bv\u0113jumu, lai nov\u0113rstu nopl\u016bdes.<\/li>\n<li>Iev\u0113rojiet ra\u017eot\u0101ja ieteikumus par hidraulisk\u0101s e\u013c\u013cas veidu un uzpildiet sist\u0113mu l\u012bdz ieteicamajam l\u012bmenim.<\/li>\n<\/ul>\n<\/li>\n<\/ol>\n<p><strong>Darb\u012bba:<\/strong><\/p>\n<ul>\n<li style=\"list-style-type: none;\">\n<ul>\n<li>Aktiviz\u0113jiet hidraulisko sist\u0113mu un kontrol\u0113jiet cilindra kust\u012bbu, izmantojot hidraulisko vad\u012bbas v\u0101rstu vai citu piem\u0113rotu vad\u012bbas meh\u0101nismu.<\/li>\n<li>Piel\u0101gojiet pl\u016bsmas un spiediena iestat\u012bjumus, lai sasniegtu v\u0113lamo \u0101trumu un sp\u0113ka izvadi.<\/li>\n<li>Regul\u0101ri p\u0101rbaudiet \u010detru stie\u0146u hidraulisk\u0101 cilindra darb\u012bbu, vai nav k\u0101das neparastas darb\u012bbas paz\u012bmes, piem\u0113ram, nopl\u016bdes, p\u0101rkar\u0161ana vai neparasts troksnis.<\/li>\n<\/ul>\n<\/li>\n<\/ul>\n<h2><strong>Aizmugur\u0113jais auskars ar sf\u0113risko gult\u0146u \u010detru stie\u0146u hidraulisko cilindru <\/strong><strong>Apkope<\/strong><strong>:<\/strong><\/h2>\n<p><strong>Regul\u0101ra p\u0101rbaude:<\/strong><\/p>\n<ol>\n<li style=\"list-style-type: none;\">\n<ul>\n<li>Veiciet regul\u0101ras vizu\u0101las p\u0101rbaudes, lai p\u0101rbaud\u012btu, vai nav nodiluma, nopl\u016bdes vai boj\u0101jumu paz\u012bmju.<\/li>\n<li>P\u0101rbaudiet stie\u0146u virsmas, bl\u012bves un mont\u0101\u017eas savienojumus, vai nav novir\u017eu, un nekav\u0113joties nov\u0113rsiet visas probl\u0113mas.<\/li>\n<\/ul>\n<\/li>\n<\/ol>\n<p><strong>E\u013c\u013co\u0161ana:<\/strong><\/p>\n<ol>\n<li style=\"list-style-type: none;\">\n<ul>\n<li>Iev\u0113rojiet ra\u017eot\u0101ja e\u013c\u013co\u0161anas interv\u0101lu vadl\u012bnijas un izmantojiet ieteicamo sm\u0113rvielu, lai nodro\u0161in\u0101tu vienm\u0113r\u012bgu darb\u012bbu.<\/li>\n<li>Iee\u013c\u013cojiet stie\u0146us, bl\u012bves un citas kust\u012bg\u0101s da\u013cas, lai samazin\u0101tu berzi un pagarin\u0101tu \u010detru stie\u0146u hidraulisk\u0101 cilindra kalpo\u0161anas laiku.<\/li>\n<\/ul>\n<\/li>\n<\/ol>\n<p><strong>Bl\u012bv\u0113juma nomai\u0146a:<\/strong><\/p>\n<ul>\n<li style=\"list-style-type: none;\">\n<ul>\n<li>Laika gait\u0101 bl\u012bves var nolietoties un t\u0101s ir j\u0101nomaina. Ja tiek konstat\u0113ta nopl\u016bde, uzman\u012bgi no\u0146emiet veco bl\u012bvi un uzst\u0101diet jauno bl\u012bvi saska\u0146\u0101 ar ra\u017eot\u0101ja specifik\u0101cij\u0101m.<\/li>\n<\/ul>\n<\/li>\n<\/ul>\n<h2><strong>K\u0101 no\u0146emt hidraulisk\u0101 cilindra tapas\uff1f<\/strong><\/h2>\n<p>Hidraulisk\u0101 cilindra tapu no\u0146em\u0161ana prasa r\u016bp\u012bgu r\u012bc\u012bbu, lai nodro\u0161in\u0101tu dro\u0161\u012bbu un nov\u0113rstu cilindra vai apk\u0101rt\u0113jo komponentu boj\u0101jumus. \u0160eit ir sniegta visp\u0101r\u012bga soli pa solim sniegta instrukcija par hidraulisk\u0101 cilindra tapu no\u0146em\u0161anu:<\/p>\n<ol>\n<li><strong>Sagatavojiet darba zonu:<\/strong>\n<ul>\n<li>Nodro\u0161iniet, lai jums b\u016btu t\u012bra un labi apgaismota darba zona.<\/li>\n<li>Valk\u0101jiet atbilsto\u0161us individu\u0101los aizsardz\u012bbas l\u012bdzek\u013cus, piem\u0113ram, aizsargbrilles un cimdus.<\/li>\n<\/ul>\n<\/li>\n<li><strong>Hidraulisk\u0101 spiediena atbr\u012bvo\u0161ana:<\/strong>\n<ul>\n<li>Ja cilindrs ir da\u013ca no akt\u012bvas hidraulisk\u0101s sist\u0113mas, samaziniet spiedienu, ievelkot vai deaktiviz\u0113jot sist\u0113mu. Konkr\u0113tus nor\u0101d\u012bjumus skatiet iek\u0101rtas rokasgr\u0101mat\u0101.<\/li>\n<\/ul>\n<\/li>\n<li><strong>Nostipriniet cilindru:<\/strong>\n<ul>\n<li>Izmantojiet piem\u0113rotu pacel\u0161anas ier\u012bci vai atbalstu, lai nostiprin\u0101tu cilindru viet\u0101, nodro\u0161inot, ka tas ir stabils un nekustas tapas izvilk\u0161anas procesa laik\u0101.<\/li>\n<\/ul>\n<\/li>\n<li><strong>Atrodiet tapas:<\/strong>\n<ul>\n<li>Identific\u0113jiet tapas, kas ir j\u0101iz\u0146em. Hidrauliskajiem cilindriem parasti katr\u0101 gal\u0101 ir tapas, kas tos savieno ar mont\u0101\u017eas kron\u0161teiniem vai cit\u0101m sast\u0101vda\u013c\u0101m.<\/li>\n<\/ul>\n<\/li>\n<li><strong>No\u0146emiet fiks\u0101cijas klip\u0161us:<\/strong>\n<ul>\n<li>Da\u017eas tapas var b\u016bt nostiprin\u0101tas ar fiksatoriem. Izmantojiet knaibles vai piem\u0113rotu instrumentu, lai no\u0146emtu fiksatorus, uzmanoties, lai tos nesaboj\u0101tu.<\/li>\n<\/ul>\n<\/li>\n<li><strong>Novietojiet sitienu vai triecienu:<\/strong>\n<ul>\n<li>Novietojiet perforatoru vai ieliek\u0161anas instrumentu pret tapas galu. P\u0101rliecinieties, vai perforatora vai ieliek\u0161anas instrumenta izm\u0113rs ir atbilsto\u0161s tapas diametram.<\/li>\n<\/ul>\n<\/li>\n<li><strong>Sitiens vai dreifs:<\/strong>\n<ul>\n<li>Izmantojot \u0101muru, uzman\u012bgi uzsitiet pa perforatoru vai urbi, lai pieliktu sp\u0113ku tapai. S\u0101ciet ar viegliem uzsitieniem un pak\u0101peniski palieliniet sp\u0113ku, l\u012bdz tapa s\u0101k kust\u0113ties.<\/li>\n<\/ul>\n<\/li>\n<li><strong>No\u0146emt tapu:<\/strong>\n<ul>\n<li>Turpiniet sist ar perforatoru vai ieliktni, l\u012bdz tapa ir piln\u012bb\u0101 iz\u0146emta. Vienm\u0113r\u012bgi pielietojiet sp\u0113ku, lai nov\u0113rstu tapas saliek\u0161anos vai boj\u0101jumus.<\/li>\n<\/ul>\n<\/li>\n<li><strong>Atk\u0101rtojiet procesu:<\/strong>\n<ul>\n<li>Ja ir j\u0101no\u0146em vair\u0101kas tapas, atk\u0101rtojiet 4.\u20138. darb\u012bbu katrai tapai, l\u012bdz visas ir veiksm\u012bgi iz\u0146emtas.<\/li>\n<\/ul>\n<\/li>\n<li><strong>P\u0101rbaudiet tapas:<\/strong><\/li>\n<\/ol>\n<ul>\n<li>Kad tapas ir no\u0146emtas, p\u0101rbaudiet, vai t\u0101s nav nodiluma, boj\u0101jumu vai deform\u0101cijas paz\u012bmju. Ja nepiecie\u0161ams, pirms atk\u0101rtotas uzst\u0101d\u012b\u0161anas not\u012briet vai nomainiet tapas.<\/li>\n<\/ul>\n<h2><strong>R\u016bpn\u012bcas iesp\u0113jas un jauda:<\/strong><\/h2>\n<h3>(1) Mont\u0101\u017ea<\/h3>\n<p>Mums ir pirmklas\u012bga neatkar\u012bga p\u0113tniec\u012bbas un att\u012bst\u012bbas mont\u0101\u017eas platforma. Hidraulisko cilindru ra\u017eo\u0161anas darbn\u012bc\u0101 ir \u010detras pusautom\u0101tiskas pacel\u0161anas cilindru mont\u0101\u017eas l\u012bnijas un viena autom\u0101tisk\u0101 sl\u012bpuma cilindru mont\u0101\u017eas l\u012bnija ar projekt\u0113to gada ra\u017eo\u0161anas jaudu 1 miljons vien\u012bbu. Speci\u0101lo cilindru darbn\u012bca ir apr\u012bkota ar da\u017e\u0101du specifik\u0101ciju pusautom\u0101tisku t\u012br\u012b\u0161anas mont\u0101\u017eas sist\u0113mu ar projekt\u0113to gada ra\u017eo\u0161anas jaudu 200 000 vien\u012bbu un apr\u012bkota ar slaven\u0101m CNC apstr\u0101des iek\u0101rt\u0101m, apstr\u0101des centru, augstas precizit\u0101tes cilindru apstr\u0101des speci\u0101lo apr\u012bkojumu, robotiz\u0113tu metin\u0101\u0161anas iek\u0101rtu, autom\u0101tisku t\u012br\u012b\u0161anas iek\u0101rtu, autom\u0101tisku cilindru mont\u0101\u017eas iek\u0101rtu un autom\u0101tisku kr\u0101so\u0161anas ra\u017eo\u0161anas l\u012bniju. Eso\u0161ais kritiskais apr\u012bkojums ir vair\u0101k nek\u0101 300 komplektu (komplektu). Optim\u0101la iek\u0101rtu resursu sadale un efekt\u012bva izmanto\u0161ana nodro\u0161ina produktu precizit\u0101tes pras\u012bbas un apmierina produktu augst\u0101s kvalit\u0101tes pras\u012bbas.<\/p>\n<p><img loading=\"lazy\" decoding=\"async\" class=\"alignnone wp-image-626\" src=\"https:\/\/hydraulic-cylinders.net\/wp-content\/uploads\/2023\/08\/hydraulic-cylinder-product-1-300x158.webp\" alt=\"\" width=\"495\" height=\"260\" srcset=\"https:\/\/hydraulic-cylinders.net\/wp-content\/uploads\/2023\/08\/hydraulic-cylinder-product-1-300x158.webp 495w, https:\/\/hydraulic-cylinders.net\/wp-content\/uploads\/2023\/08\/hydraulic-cylinder-product-1-480x252.webp 480w\" sizes=\"(min-width: 0px) and (max-width: 480px) 480px, (min-width: 481px) 495px, 100vw\" \/> <img loading=\"lazy\" decoding=\"async\" class=\"alignnone wp-image-627\" src=\"https:\/\/hydraulic-cylinders.net\/wp-content\/uploads\/2023\/08\/hydraulic-cylinder-product-2-300x189.webp\" alt=\"\" width=\"413\" height=\"260\" \/><\/p>\n<h3>(2) Apstr\u0101de<\/h3>\n<p>Apstr\u0101des cehs ir apr\u012bkots ar piel\u0101gotu sl\u012bpo slie\u017eu virpo\u0161anas centru, apstr\u0101des centru, \u0101trgaitas asin\u0101\u0161anas ma\u0161\u012bnu, metin\u0101\u0161anas robotu un citu saist\u012btu apr\u012bkojumu, kas var apstr\u0101d\u0101t cilindriskas caurules ar maksim\u0101lo iek\u0161\u0113jo diametru 400 mm un maksim\u0101lo garumu 6 metri.<\/p>\n<p><img loading=\"lazy\" decoding=\"async\" class=\"alignnone wp-image-628 size-large\" src=\"https:\/\/hydraulic-cylinders.net\/wp-content\/uploads\/2023\/08\/hydraulic-cylinder-product-3-1024x391.webp\" alt=\"\" width=\"1024\" height=\"391\" srcset=\"https:\/\/hydraulic-cylinders.net\/wp-content\/uploads\/2023\/08\/hydraulic-cylinder-product-3-980x374.webp 980w, https:\/\/hydraulic-cylinders.net\/wp-content\/uploads\/2023\/08\/hydraulic-cylinder-product-3-480x183.webp 480w\" sizes=\"(min-width: 0px) and (max-width: 480px) 480px, (min-width: 481px) and (max-width: 980px) 980px, (min-width: 981px) 1024px, 100vw\" \/><\/p>\n<h3>(3) Metin\u0101\u0161ana<\/h3>\n<p><img loading=\"lazy\" decoding=\"async\" class=\"alignnone wp-image-629 size-large\" src=\"https:\/\/hydraulic-cylinders.net\/wp-content\/uploads\/2023\/08\/hydraulic-cylinder-product-4-1024x510.webp\" alt=\"\" width=\"1024\" height=\"510\" srcset=\"https:\/\/hydraulic-cylinders.net\/wp-content\/uploads\/2023\/08\/hydraulic-cylinder-product-4-980x488.webp 980w, https:\/\/hydraulic-cylinders.net\/wp-content\/uploads\/2023\/08\/hydraulic-cylinder-product-4-480x239.webp 480w\" sizes=\"(min-width: 0px) and (max-width: 480px) 480px, (min-width: 481px) and (max-width: 980px) 980px, (min-width: 981px) 1024px, 100vw\" \/><\/p>\n<h3>(4) Kr\u0101so\u0161ana un p\u0101rkl\u0101\u0161ana<\/h3>\n<p>Ar maz\u0101m un vid\u0113ja izm\u0113ra cilindrisk\u0101m autom\u0101tisk\u0101m \u016bdens b\u0101zes kr\u0101su p\u0101rkl\u0101\u0161anas l\u012bnij\u0101m, lai pan\u0101ktu autom\u0101tisku robotu iekrau\u0161anu un izkrau\u0161anu un autom\u0101tisku izsmidzin\u0101\u0161anu, projekt\u0113t\u0101 jauda ir 4000 gabali mai\u0146\u0101;<br \/>\nMums ir ar\u012b pusautom\u0101tiska kr\u0101su ra\u017eo\u0161anas l\u012bnija lieliem baloniem, ko darbina \u0137\u0113des piedzi\u0146a, ar 60 kastu konstrukcijas jaudu vien\u0101 mai\u0146\u0101.<\/p>\n<p><img loading=\"lazy\" decoding=\"async\" class=\"alignnone wp-image-630\" src=\"https:\/\/hydraulic-cylinders.net\/wp-content\/uploads\/2023\/08\/hydraulic-cylinder-product-5-300x213.webp\" alt=\"\" width=\"366\" height=\"260\" \/> <img loading=\"lazy\" decoding=\"async\" class=\"alignnone wp-image-631\" src=\"https:\/\/hydraulic-cylinders.net\/wp-content\/uploads\/2023\/08\/hydraulic-cylinder-product-6-300x225.webp\" alt=\"\" width=\"347\" height=\"260\" \/><\/p>\n<h3>(5) Test\u0113\u0161ana<\/h3>\n<p>Mums ir augst\u0101k\u0101s klases p\u0101rbaudes iek\u0101rtas un test\u0113\u0161anas stendi, lai nodro\u0161in\u0101tu, ka balona veiktsp\u0113ja atbilst pras\u012bb\u0101m.<\/p>\n<p><img loading=\"lazy\" decoding=\"async\" class=\"alignnone wp-image-632\" src=\"https:\/\/hydraulic-cylinders.net\/wp-content\/uploads\/2023\/08\/hydraulic-cylinder-product-8-300x200.webp\" alt=\"\" width=\"389\" height=\"260\" \/><\/p>\n<p>&nbsp;<\/p>\n<p>&nbsp;<\/p>\n<p>M\u0113s esam viens no lab\u0101kajiem vieglo \u010detru stie\u0146u hidraulisko cilindru ra\u017eot\u0101jiem. M\u0113s varam pied\u0101v\u0101t pla\u0161u vieglo \u010detru stie\u0146u hidraulisko cilindru kl\u0101stu. M\u0113s nodro\u0161in\u0101m ar\u012b atbilsto\u0161us <a href=\"https:\/\/hzpt.com\/agricultural-pto-gearbox\/\" target=\"_blank\" rel=\"noopener\">lauksaimniec\u012bbas p\u0101rnesumk\u0101rbas<\/a>M\u0113s esam eksport\u0113ju\u0161i savus produktus klientiem vis\u0101 pasaul\u0113 un ieguvu\u0161i labu reput\u0101ciju, pateicoties m\u016bsu augst\u0101kajai produktu kvalit\u0101tei un p\u0113cp\u0101rdo\u0161anas apkalpo\u0161anai. M\u0113s sirsn\u012bgi sveicam klientus gan m\u0101j\u0101s, gan \u0101rzem\u0113s sazin\u0101ties ar mums, lai veiktu dar\u012bjumus, apmain\u012btos ar inform\u0101ciju un\u00a0<a href=\"https:\/\/www.hydraulic-cylinders.net\/lv\/contact-us\/\">sadarboties ar mums<\/a>!<\/p>\n<h2><\/h2>\n<h2><\/h2>","protected":false},"excerpt":{"rendered":"<p>Rear Earring With Spherical Bearing Four Rod Hydraulic Cylinder The rear earring with a spherical bearing four rod hydraulic cylinder is an innovative hydraulic element designed to provide superior performance and versatility in various industrial applications. With its unique rear earring design, spherical bearings, and four rod configuration, this four rod hydraulic cylinder offers enhanced [&hellip;]<\/p>","protected":false},"featured_media":1006,"comment_status":"open","ping_status":"closed","template":"","meta":{"_et_pb_use_builder":"","_et_pb_old_content":"","_et_gb_content_width":""},"product_brand":[],"product_cat":[1376,1386],"product_tag":[1380],"class_list":{"0":"post-1003","1":"product","2":"type-product","3":"status-publish","4":"has-post-thumbnail","6":"product_cat-hydraulic-cylinder","7":"product_cat-four-rod-hydraulic-cylinder","8":"product_tag-hydraulic-cylinder","10":"first","11":"instock","12":"shipping-taxable","13":"product-type-simple"},"amp_enabled":true,"_links":{"self":[{"href":"https:\/\/www.hydraulic-cylinders.net\/lv\/wp-json\/wp\/v2\/product\/1003","targetHints":{"allow":["GET"]}}],"collection":[{"href":"https:\/\/www.hydraulic-cylinders.net\/lv\/wp-json\/wp\/v2\/product"}],"about":[{"href":"https:\/\/www.hydraulic-cylinders.net\/lv\/wp-json\/wp\/v2\/types\/product"}],"replies":[{"embeddable":true,"href":"https:\/\/www.hydraulic-cylinders.net\/lv\/wp-json\/wp\/v2\/comments?post=1003"}],"wp:featuredmedia":[{"embeddable":true,"href":"https:\/\/www.hydraulic-cylinders.net\/lv\/wp-json\/wp\/v2\/media\/1006"}],"wp:attachment":[{"href":"https:\/\/www.hydraulic-cylinders.net\/lv\/wp-json\/wp\/v2\/media?parent=1003"}],"wp:term":[{"taxonomy":"product_brand","embeddable":true,"href":"https:\/\/www.hydraulic-cylinders.net\/lv\/wp-json\/wp\/v2\/product_brand?post=1003"},{"taxonomy":"product_cat","embeddable":true,"href":"https:\/\/www.hydraulic-cylinders.net\/lv\/wp-json\/wp\/v2\/product_cat?post=1003"},{"taxonomy":"product_tag","embeddable":true,"href":"https:\/\/www.hydraulic-cylinders.net\/lv\/wp-json\/wp\/v2\/product_tag?post=1003"}],"curies":[{"name":"wp","href":"https:\/\/api.w.org\/{rel}","templated":true}]}}