{"id":1008,"date":"2023-09-07T01:23:43","date_gmt":"2023-09-07T01:23:43","guid":{"rendered":"https:\/\/hydraulic-cylinders.net\/?post_type=product&#038;p=1008"},"modified":"2023-09-19T01:36:54","modified_gmt":"2023-09-19T01:36:54","slug":"front-cover-trunnion-four-rod-hydraulic-cylinder","status":"publish","type":"product","link":"https:\/\/www.hydraulic-cylinders.net\/lv\/products\/front-cover-trunnion-four-rod-hydraulic-cylinder\/","title":{"rendered":"Priek\u0161\u0113jais v\u0101ks Trunnion \u010cetru stie\u0146u hidrauliskais cilindrs"},"content":{"rendered":"<h1 style=\"text-align: center;\"><strong>Priek\u0161\u0113jais v\u0101ks Trunnion \u010cetru stie\u0146u hidrauliskais cilindrs<\/strong><\/h1>\n<p><img loading=\"lazy\" decoding=\"async\" class=\"size-full wp-image-1009 aligncenter\" src=\"https:\/\/hydraulic-cylinders.net\/wp-content\/uploads\/2023\/09\/front-cover-rectangular-flange-four-rod-hydraulic-cylinder-1-2.webp\" alt=\"\" width=\"224\" height=\"224\" srcset=\"https:\/\/www.hydraulic-cylinders.net\/wp-content\/uploads\/2023\/09\/front-cover-rectangular-flange-four-rod-hydraulic-cylinder-1-2.webp 224w, https:\/\/www.hydraulic-cylinders.net\/wp-content\/uploads\/2023\/09\/front-cover-rectangular-flange-four-rod-hydraulic-cylinder-1-2-100x100.webp 100w, https:\/\/www.hydraulic-cylinders.net\/wp-content\/uploads\/2023\/09\/front-cover-rectangular-flange-four-rod-hydraulic-cylinder-1-2-150x150.webp 150w, https:\/\/www.hydraulic-cylinders.net\/wp-content\/uploads\/2023\/09\/front-cover-rectangular-flange-four-rod-hydraulic-cylinder-1-2-12x12.webp 12w\" sizes=\"(max-width: 224px) 100vw, 224px\" \/><\/p>\n<p>Priek\u0161\u0113j\u0101 \u0161arn\u012bra \u010detru stie\u0146u hidrauliskais cilindrs ir augstas veiktsp\u0113jas hidrauliskais elements, kas nodro\u0161ina izcilu jaudu, prec\u012bzu vad\u012bbu un nep\u0101rsp\u0113jamu daudzpus\u012bbu da\u017e\u0101dos r\u016bpnieciskos pielietojumos. Ar savu inovat\u012bvo priek\u0161\u0113j\u0101 v\u0101ka \u0161arn\u012bra dizainu un \u010detru stie\u0146u konfigur\u0101ciju \u0161is \u010detru stie\u0146u hidrauliskais cilindrs pied\u0101v\u0101 paaugstin\u0101tu stabilit\u0101ti, iztur\u012bbu un nestsp\u0113ju, padarot to par neaizst\u0101jamu l\u012bdzekli pras\u012bg\u0101s hidrauliskaj\u0101s sist\u0113m\u0101s.<\/p>\n<p>\u010cetru stie\u0146u hidraulisk\u0101 cilindra b\u016btisk\u0101s \u012bpa\u0161\u012bbas:<\/p>\n<p><strong>Priek\u0161\u0113j\u0101 v\u0101ka stie\u0146a dizains:<\/strong><\/p>\n<ol>\n<li style=\"list-style-type: none;\">\n<ul>\n<li>Priek\u0161\u0113j\u0101 v\u0101ka trunnion dizains nodro\u0161ina dro\u0161u un efekt\u012bvu uzst\u0101d\u012b\u0161anas risin\u0101jumu, kas garant\u0113 uzticamu darb\u012bbu pat liel\u0101s slodz\u0113s un ekstrem\u0101los apst\u0101k\u013cos.<\/li>\n<li>Tas vienk\u0101r\u0161o uzst\u0101d\u012b\u0161anu un to var viegli integr\u0113t da\u017e\u0101d\u0101s hidrauliskaj\u0101s sist\u0113m\u0101s vai iek\u0101rt\u0101s.<\/li>\n<\/ul>\n<\/li>\n<\/ol>\n<p><strong>\u010cetru stie\u0146u konfigur\u0101cija:<\/strong><\/p>\n<ol>\n<li style=\"list-style-type: none;\">\n<ul>\n<li>\u010cetru stie\u0146u konfigur\u0101cija uzlabo \u010detru stie\u0146u hidraulisk\u0101 cilindra nestsp\u0113ju un nodro\u0161ina optim\u0101lu stabilit\u0101ti un prec\u012bzu pozicion\u0113\u0161anu.<\/li>\n<li>Tas \u013cauj \u010detru stie\u0146u hidrauliskajam cilindram efekt\u012bvi iztur\u0113t s\u0101nu slodzes, nodro\u0161inot izcilu iztur\u012bbu pret v\u0113rpi un s\u0101nu sp\u0113kiem.<\/li>\n<\/ul>\n<\/li>\n<\/ol>\n<p><strong>Augsta jauda:<\/strong><\/p>\n<ol>\n<li style=\"list-style-type: none;\">\n<ul>\n<li>\u0160im \u010detru stie\u0146u hidrauliskajam cilindram ir iespaid\u012bga jauda, \u200b\u200bkas \u013cauj tam efekt\u012bvi tikt gal\u0101 ar smag\u0101m krav\u0101m.<\/li>\n<li>Tas nodro\u0161ina izcilu jaudu un vilci, padarot to piem\u0113rotu iztur\u012bbas un celtsp\u0113jas lietojumprogramm\u0101m.<\/li>\n<\/ul>\n<\/li>\n<\/ol>\n<p><strong>Prec\u012bza kontrole:<\/strong><\/p>\n<ul>\n<li style=\"list-style-type: none;\">\n<ul>\n<li>Priek\u0161\u0113j\u0101 v\u0101ka trunnija \u010detru stie\u0146u hidrauliskais cilindrs nodro\u0161ina prec\u012bzu line\u0101ru kust\u012bbas vad\u012bbu, lai garant\u0113tu prec\u012bzu pozicion\u0113\u0161anu un vienm\u0113r\u012bgu darb\u012bbu.<\/li>\n<li>Tas nodro\u0161ina izcilu g\u0101jiena kontroli, \u013caujot operatoriem sasniegt konkr\u0113tiem uzdevumiem nepiecie\u0161amo \u0101trumu un precizit\u0101ti.<\/li>\n<\/ul>\n<\/li>\n<\/ul>\n<h2><strong>Priek\u0161\u0113j\u0101 v\u0101ka stie\u0146a \u010detru stie\u0146u hidraulisk\u0101 cilindra parametrs:<\/strong><\/h2>\n<p><img loading=\"lazy\" decoding=\"async\" class=\"alignnone wp-image-1032 size-full\" src=\"https:\/\/hydraulic-cylinders.net\/wp-content\/uploads\/2023\/09\/front-cover-trunnion-four-rod-hydraulic-cylinder.webp\" alt=\"\" width=\"655\" height=\"186\" srcset=\"https:\/\/hydraulic-cylinders.net\/wp-content\/uploads\/2023\/09\/front-cover-trunnion-four-rod-hydraulic-cylinder.webp 655w, https:\/\/hydraulic-cylinders.net\/wp-content\/uploads\/2023\/09\/front-cover-trunnion-four-rod-hydraulic-cylinder-480x136.webp 480w\" sizes=\"(min-width: 0px) and (max-width: 480px) 480px, (min-width: 481px) 655px, 100vw\" \/><\/p>\n<p><img loading=\"lazy\" decoding=\"async\" class=\"alignnone wp-image-1033 size-full\" src=\"https:\/\/hydraulic-cylinders.net\/wp-content\/uploads\/2023\/09\/d-db-dd-four-rod-hydraulic-cylinder.webp\" alt=\"\" width=\"655\" height=\"249\" srcset=\"https:\/\/hydraulic-cylinders.net\/wp-content\/uploads\/2023\/09\/d-db-dd-four-rod-hydraulic-cylinder.webp 655w, https:\/\/hydraulic-cylinders.net\/wp-content\/uploads\/2023\/09\/d-db-dd-four-rod-hydraulic-cylinder-480x182.webp 480w\" sizes=\"(min-width: 0px) and (max-width: 480px) 480px, (min-width: 481px) 655px, 100vw\" \/><\/p>\n<h2><strong>Priek\u0161\u0113j\u0101 v\u0101ka Trunnion \u010detru stie\u0146u hidraulisk\u0101 cilindra lieto\u0161anas metode<\/strong><strong>:<\/strong><\/h2>\n<p><strong>Mont\u0101\u017ea un uzst\u0101d\u012b\u0161ana:<\/strong><\/p>\n<ol>\n<li style=\"list-style-type: none;\">\n<ul>\n<li>Lai noteiktu atbilsto\u0161u \u010detru stie\u0146u hidraulisk\u0101 cilindra uzst\u0101d\u012b\u0161anas vietu sist\u0113m\u0101 vai iek\u0101rt\u0101, \u0146emiet v\u0113r\u0101 slodzes pras\u012bbas un vietas ierobe\u017eojumus.<\/li>\n<li>P\u0101rliecinieties, vai mont\u0101\u017eas virsma ir t\u012bra, l\u012bdzena un var iztur\u0113t cilindra svaru.<\/li>\n<li>Novietojiet priek\u0161\u0113j\u0101 v\u0101ka stie\u0146us vien\u0101 l\u012bmen\u012b ar mont\u0101\u017eas virsmu un nostipriniet tos, izmantojot ieteicam\u0101s skr\u016bves vai stiprin\u0101jumus.<\/li>\n<\/ul>\n<\/li>\n<\/ol>\n<p><strong>Hidrauliskie savienojumi:<\/strong><\/p>\n<ol>\n<li style=\"list-style-type: none;\">\n<ul>\n<li>Pievienojiet hidraulisko padeves l\u012bniju cilindra piesl\u0113gvietai, nodro\u0161inot atbilsto\u0161u bl\u012bv\u0113jumu, lai nov\u0113rstu nopl\u016bdi.<\/li>\n<li>Iev\u0113rojiet ra\u017eot\u0101ja ieteikumus par hidraulisk\u0101s e\u013c\u013cas veidu un uzpildiet sist\u0113mu l\u012bdz ieteicamajam l\u012bmenim.<\/li>\n<\/ul>\n<\/li>\n<\/ol>\n<p><strong>Darb\u012bba:<\/strong><\/p>\n<ul>\n<li style=\"list-style-type: none;\">\n<ul>\n<li>Aktiviz\u0113jiet hidraulisko sist\u0113mu un kontrol\u0113jiet cilindra kust\u012bbu, izmantojot hidraulisko vad\u012bbas v\u0101rstu vai citu piem\u0113rotu vad\u012bbas meh\u0101nismu.<\/li>\n<li>Piel\u0101gojiet pl\u016bsmas un spiediena iestat\u012bjumus, lai sasniegtu v\u0113lamo \u0101trumu un sp\u0113ka izvadi.<\/li>\n<li>Regul\u0101ri p\u0101rbaudiet \u010detru stie\u0146u hidraulisk\u0101 cilindra darb\u012bbu, vai nav nov\u0113rojamas neparastas darb\u012bbas, piem\u0113ram, nopl\u016bdes, p\u0101rkar\u0161anas vai neparasta trok\u0161\u0146a.<\/li>\n<\/ul>\n<\/li>\n<\/ul>\n<h2><strong>Priek\u0161\u0113j\u0101 v\u0101ka stie\u0146a \u010detru stie\u0146u hidraulisk\u0101 cilindra apkope<\/strong><strong>:<\/strong><\/h2>\n<p><strong>Regul\u0101ra p\u0101rbaude:<\/strong><\/p>\n<ol>\n<li style=\"list-style-type: none;\">\n<ul>\n<li>Veiciet regul\u0101ras vizu\u0101las p\u0101rbaudes, lai p\u0101rbaud\u012btu, vai nav nodiluma, nopl\u016bdes vai boj\u0101jumu paz\u012bmju.<\/li>\n<li>P\u0101rbaudiet st\u016bres stie\u0146u virsmas, bl\u012bves un mont\u0101\u017eas savienojumus, vai nav radu\u0161\u0101s novirzes, un savlaic\u012bgi nov\u0113rsiet visas probl\u0113mas.<\/li>\n<\/ul>\n<\/li>\n<\/ol>\n<p><strong>E\u013c\u013co\u0161ana:<\/strong><\/p>\n<ol>\n<li style=\"list-style-type: none;\">\n<ul>\n<li>Iev\u0113rojiet ra\u017eot\u0101ja e\u013c\u013co\u0161anas interv\u0101lu vadl\u012bnijas un izmantojiet ieteicam\u0101s sm\u0113rvielas, lai nodro\u0161in\u0101tu vienm\u0113r\u012bgu darb\u012bbu.<\/li>\n<li>Iee\u013c\u013cojiet stie\u0146us, bl\u012bves un citas kust\u012bg\u0101s da\u013cas, lai samazin\u0101tu berzi un pagarin\u0101tu cilindra kalpo\u0161anas laiku.<\/li>\n<\/ul>\n<\/li>\n<\/ol>\n<p><strong>Bl\u012bv\u0113juma nomai\u0146a:<\/strong><\/p>\n<ul>\n<li style=\"list-style-type: none;\">\n<ul>\n<li>Laika gait\u0101 bl\u012bves var nolietoties un t\u0101s ir j\u0101nomaina. Ja tiek konstat\u0113ta nopl\u016bde, uzman\u012bgi no\u0146emiet veco bl\u012bvi un uzst\u0101diet jauno bl\u012bvi saska\u0146\u0101 ar ra\u017eot\u0101ja specifik\u0101cij\u0101m.<\/li>\n<\/ul>\n<\/li>\n<\/ul>\n<h2><strong>K\u0101 izm\u0113r\u012bt hidraulisko cilindru?<\/strong><\/h2>\n<p>Hidraulisk\u0101 cilindra m\u0113r\u012b\u0161anai b\u016bs nepiecie\u0161ami da\u017ei pamata instrumenti, piem\u0113ram, m\u0113rlente, suporti vai mikrometrs. \u0160eit ir soli pa solim sniegta instrukcija par hidraulisk\u0101 cilindra m\u0113r\u012b\u0161anu:<\/p>\n<ol>\n<li><strong>Nosakiet m\u0113r\u012b\u0161anas m\u0113r\u0137i:<\/strong>\n<ul>\n<li>Izlemiet, vai m\u0113r\u012bt visu cilindra garumu vai konkr\u0113tus izm\u0113rus, piem\u0113ram, stie\u0146a diametru vai g\u0101jiena garumu.<\/li>\n<\/ul>\n<\/li>\n<li><strong>Izm\u0113riet kop\u0113jo cilindra garumu:<\/strong>\n<ul>\n<li>Lai ieg\u016btu prec\u012bzu m\u0113r\u012bjumu, izstiepiet hidraulisko cilindru l\u012bdz maksim\u0101lajam garumam.<\/li>\n<li>Izmantojiet m\u0113rlenti vai line\u0101lu, lai izm\u0113r\u012btu att\u0101lumu no viena cilindra gala l\u012bdz otram, ieskaitot visus stiprin\u0101juma kron\u0161teinus vai skavas.<\/li>\n<\/ul>\n<\/li>\n<li><strong>Izm\u0113riet stie\u0146a diametru:<\/strong>\n<ul>\n<li>Ja nepiecie\u0161ams izm\u0113r\u012bt stie\u0146a diametru, piln\u012bb\u0101 ievelciet cilindru, lai stienis b\u016btu piln\u012bb\u0101 atsegts.<\/li>\n<li>Lai izm\u0113r\u012btu stie\u0146a diametru, izmantojiet suportm\u0113ru vai mikrometru. Novietojiet m\u0113rinstrumentu perpendikul\u0101ri stie\u0146a asij un izm\u0113riet vair\u0101kos punktos, lai nodro\u0161in\u0101tu precizit\u0101ti. Piev\u0113rsiet uzman\u012bbu liel\u0101kajam diametra m\u0113r\u012bjumam.<\/li>\n<\/ul>\n<\/li>\n<li><strong>Izm\u0113riet g\u0101jiena garumu:<\/strong>\n<ul>\n<li>G\u0101jiena garums attiecas uz att\u0101lumu, ko stienis var nobraukt no piln\u012bb\u0101 ievilktas l\u012bdz piln\u012bb\u0101 izstieptai poz\u012bcijai.<\/li>\n<li>Piln\u012bb\u0101 ievelciet cilindru un izm\u0113riet att\u0101lumu no pamatnes vai stiprin\u0101juma virsmas l\u012bdz stie\u0146a galam.<\/li>\n<\/ul>\n<\/li>\n<li><strong>Izm\u0113riet urbuma diametru:<\/strong>\n<ul>\n<li>Urbuma diametrs attiecas uz cilindra korpusa iek\u0161\u0113jo diametru.<\/li>\n<li>Ja nepiecie\u0161ams izm\u0113r\u012bt urbuma diametru, iz\u0146emiet cilindru no iek\u0101rtas (ja iesp\u0113jams) un p\u0101rbaudiet mucas atv\u0113rto galu.<\/li>\n<li>Izmantojiet suportm\u0113ru vai mikrometru, lai izm\u0113r\u012btu mucas iek\u0161\u0113jo diametru vair\u0101kos punktos. Piev\u0113rsiet uzman\u012bbu liel\u0101kajam diametra m\u0113r\u012bjumam.<\/li>\n<\/ul>\n<\/li>\n<li><strong>M\u0113r\u012bjumu re\u0123istr\u0113\u0161ana un p\u0101rbaude:<\/strong>\n<ul>\n<li>P\u0113c m\u0113r\u012bjumu ieg\u016b\u0161anas tos prec\u012bzi pierakstiet turpm\u0101kai uzzi\u0146ai.<\/li>\n<li>V\u0113lreiz p\u0101rbaudiet m\u0113r\u012bjumus, lai p\u0101rliecin\u0101tos, ka tie ir pareizi un konsekventi.<\/li>\n<\/ul>\n<\/li>\n<\/ol>\n<h2><strong>R\u016bpn\u012bcas iesp\u0113jas un jauda:<\/strong><\/h2>\n<h3>(1) Mont\u0101\u017ea<\/h3>\n<p>Mums ir pirmklas\u012bga neatkar\u012bga p\u0113tniec\u012bbas un att\u012bst\u012bbas mont\u0101\u017eas platforma. Hidraulisko cilindru ra\u017eo\u0161anas darbn\u012bc\u0101 ir \u010detras pusautom\u0101tiskas pacel\u0161anas cilindru mont\u0101\u017eas l\u012bnijas un viena autom\u0101tisk\u0101 sl\u012bpuma cilindru mont\u0101\u017eas l\u012bnija ar projekt\u0113to gada ra\u017eo\u0161anas jaudu 1 miljons vien\u012bbu. Speci\u0101lo cilindru darbn\u012bca ir apr\u012bkota ar da\u017e\u0101du specifik\u0101ciju pusautom\u0101tisku t\u012br\u012b\u0161anas mont\u0101\u017eas sist\u0113mu ar projekt\u0113to gada ra\u017eo\u0161anas jaudu 200 000 vien\u012bbu un apr\u012bkota ar slaven\u0101m CNC apstr\u0101des iek\u0101rt\u0101m, apstr\u0101des centru, augstas precizit\u0101tes cilindru apstr\u0101des speci\u0101lo apr\u012bkojumu, robotiz\u0113tu metin\u0101\u0161anas iek\u0101rtu, autom\u0101tisku t\u012br\u012b\u0161anas iek\u0101rtu, autom\u0101tisku cilindru mont\u0101\u017eas iek\u0101rtu un autom\u0101tisku kr\u0101so\u0161anas ra\u017eo\u0161anas l\u012bniju. Eso\u0161ais kritiskais apr\u012bkojums ir vair\u0101k nek\u0101 300 komplektu (komplektu). Optim\u0101la iek\u0101rtu resursu sadale un efekt\u012bva izmanto\u0161ana nodro\u0161ina produktu precizit\u0101tes pras\u012bbas un apmierina produktu augst\u0101s kvalit\u0101tes pras\u012bbas.<\/p>\n<p><img loading=\"lazy\" decoding=\"async\" class=\"alignnone wp-image-626\" src=\"https:\/\/hydraulic-cylinders.net\/wp-content\/uploads\/2023\/08\/hydraulic-cylinder-product-1-300x158.webp\" alt=\"\" width=\"495\" height=\"260\" srcset=\"https:\/\/hydraulic-cylinders.net\/wp-content\/uploads\/2023\/08\/hydraulic-cylinder-product-1-300x158.webp 495w, https:\/\/hydraulic-cylinders.net\/wp-content\/uploads\/2023\/08\/hydraulic-cylinder-product-1-480x252.webp 480w\" sizes=\"(min-width: 0px) and (max-width: 480px) 480px, (min-width: 481px) 495px, 100vw\" \/> <img loading=\"lazy\" decoding=\"async\" class=\"alignnone wp-image-627\" src=\"https:\/\/hydraulic-cylinders.net\/wp-content\/uploads\/2023\/08\/hydraulic-cylinder-product-2-300x189.webp\" alt=\"\" width=\"413\" height=\"260\" \/><\/p>\n<h3>(2) Apstr\u0101de<\/h3>\n<p>Apstr\u0101des cehs ir apr\u012bkots ar piel\u0101gotu sl\u012bpo slie\u017eu virpo\u0161anas centru, apstr\u0101des centru, \u0101trgaitas asin\u0101\u0161anas ma\u0161\u012bnu, metin\u0101\u0161anas robotu un citu saist\u012btu apr\u012bkojumu, kas var apstr\u0101d\u0101t cilindriskas caurules ar maksim\u0101lo iek\u0161\u0113jo diametru 400 mm un maksim\u0101lo garumu 6 metri.<\/p>\n<p><img loading=\"lazy\" decoding=\"async\" class=\"alignnone wp-image-628 size-large\" src=\"https:\/\/hydraulic-cylinders.net\/wp-content\/uploads\/2023\/08\/hydraulic-cylinder-product-3-1024x391.webp\" alt=\"\" width=\"1024\" height=\"391\" srcset=\"https:\/\/hydraulic-cylinders.net\/wp-content\/uploads\/2023\/08\/hydraulic-cylinder-product-3-980x374.webp 980w, https:\/\/hydraulic-cylinders.net\/wp-content\/uploads\/2023\/08\/hydraulic-cylinder-product-3-480x183.webp 480w\" sizes=\"(min-width: 0px) and (max-width: 480px) 480px, (min-width: 481px) and (max-width: 980px) 980px, (min-width: 981px) 1024px, 100vw\" \/><\/p>\n<h3>(3) Metin\u0101\u0161ana<\/h3>\n<p><img loading=\"lazy\" decoding=\"async\" class=\"alignnone wp-image-629 size-large\" src=\"https:\/\/hydraulic-cylinders.net\/wp-content\/uploads\/2023\/08\/hydraulic-cylinder-product-4-1024x510.webp\" alt=\"\" width=\"1024\" height=\"510\" srcset=\"https:\/\/hydraulic-cylinders.net\/wp-content\/uploads\/2023\/08\/hydraulic-cylinder-product-4-980x488.webp 980w, https:\/\/hydraulic-cylinders.net\/wp-content\/uploads\/2023\/08\/hydraulic-cylinder-product-4-480x239.webp 480w\" sizes=\"(min-width: 0px) and (max-width: 480px) 480px, (min-width: 481px) and (max-width: 980px) 980px, (min-width: 981px) 1024px, 100vw\" \/><\/p>\n<h3>(4) Kr\u0101so\u0161ana un p\u0101rkl\u0101\u0161ana<\/h3>\n<p>Ar maz\u0101m un vid\u0113ja izm\u0113ra cilindrisk\u0101m autom\u0101tisk\u0101m \u016bdens b\u0101zes kr\u0101su p\u0101rkl\u0101\u0161anas l\u012bnij\u0101m, lai pan\u0101ktu autom\u0101tisku robotu iekrau\u0161anu un izkrau\u0161anu un autom\u0101tisku izsmidzin\u0101\u0161anu, projekt\u0113t\u0101 jauda ir 4000 gabali mai\u0146\u0101;<br \/>\nMums ir ar\u012b pusautom\u0101tiska kr\u0101su ra\u017eo\u0161anas l\u012bnija lieliem baloniem, ko darbina \u0137\u0113des piedzi\u0146a, ar 60 kastu konstrukcijas jaudu vien\u0101 mai\u0146\u0101.<\/p>\n<p><img loading=\"lazy\" decoding=\"async\" class=\"alignnone wp-image-630\" src=\"https:\/\/hydraulic-cylinders.net\/wp-content\/uploads\/2023\/08\/hydraulic-cylinder-product-5-300x213.webp\" alt=\"\" width=\"366\" height=\"260\" \/> <img loading=\"lazy\" decoding=\"async\" class=\"alignnone wp-image-631\" src=\"https:\/\/hydraulic-cylinders.net\/wp-content\/uploads\/2023\/08\/hydraulic-cylinder-product-6-300x225.webp\" alt=\"\" width=\"347\" height=\"260\" \/><\/p>\n<h3>(5) Test\u0113\u0161ana<\/h3>\n<p>Mums ir augst\u0101k\u0101s klases p\u0101rbaudes iek\u0101rtas un test\u0113\u0161anas stendi, lai nodro\u0161in\u0101tu, ka balona veiktsp\u0113ja atbilst pras\u012bb\u0101m.<\/p>\n<p><img loading=\"lazy\" decoding=\"async\" class=\"alignnone wp-image-632\" src=\"https:\/\/hydraulic-cylinders.net\/wp-content\/uploads\/2023\/08\/hydraulic-cylinder-product-8-300x200.webp\" alt=\"\" width=\"389\" height=\"260\" \/><\/p>\n<p>&nbsp;<\/p>\n<p>&nbsp;<\/p>\n<p>M\u0113s esam viens no lab\u0101kajiem vieglo \u010detru stie\u0146u hidraulisko cilindru ra\u017eot\u0101jiem. M\u0113s varam pied\u0101v\u0101t pla\u0161u vieglo \u010detru stie\u0146u hidraulisko cilindru kl\u0101stu. M\u0113s nodro\u0161in\u0101m ar\u012b atbilsto\u0161us <a href=\"https:\/\/hzpt.com\/agricultural-pto-gearbox\/\" target=\"_blank\" rel=\"noopener\">lauksaimniec\u012bbas p\u0101rnesumk\u0101rbas<\/a>M\u0113s esam eksport\u0113ju\u0161i savus produktus klientiem vis\u0101 pasaul\u0113 un ieguvu\u0161i labu reput\u0101ciju, pateicoties m\u016bsu augst\u0101kajai produktu kvalit\u0101tei un p\u0113cp\u0101rdo\u0161anas apkalpo\u0161anai. M\u0113s sirsn\u012bgi sveicam klientus gan m\u0101j\u0101s, gan \u0101rzem\u0113s sazin\u0101ties ar mums, lai veiktu dar\u012bjumus, apmain\u012btos ar inform\u0101ciju un\u00a0<a href=\"https:\/\/www.hydraulic-cylinders.net\/lv\/contact-us\/\">sadarboties ar mums<\/a>!<\/p>\n<h2><\/h2>\n<h2><\/h2>\n<h2><\/h2>","protected":false},"excerpt":{"rendered":"<p>Front Cover Trunnion Four Rod Hydraulic Cylinder The front trunnion four rod hydraulic cylinder is a high-performance hydraulic element that provides superior power, precise control, and unmatched versatility in various industrial applications. With its innovative front cover trunnion design and four-bar configuration, this four rod hydraulic cylinder offers increased stability, durability, and load-carrying capacity, making [&hellip;]<\/p>","protected":false},"featured_media":1011,"comment_status":"open","ping_status":"closed","template":"","meta":{"_et_pb_use_builder":"","_et_pb_old_content":"","_et_gb_content_width":""},"product_brand":[],"product_cat":[1376,1386],"product_tag":[1380],"class_list":{"0":"post-1008","1":"product","2":"type-product","3":"status-publish","4":"has-post-thumbnail","6":"product_cat-hydraulic-cylinder","7":"product_cat-four-rod-hydraulic-cylinder","8":"product_tag-hydraulic-cylinder","10":"first","11":"instock","12":"shipping-taxable","13":"product-type-simple"},"amp_enabled":true,"_links":{"self":[{"href":"https:\/\/www.hydraulic-cylinders.net\/lv\/wp-json\/wp\/v2\/product\/1008","targetHints":{"allow":["GET"]}}],"collection":[{"href":"https:\/\/www.hydraulic-cylinders.net\/lv\/wp-json\/wp\/v2\/product"}],"about":[{"href":"https:\/\/www.hydraulic-cylinders.net\/lv\/wp-json\/wp\/v2\/types\/product"}],"replies":[{"embeddable":true,"href":"https:\/\/www.hydraulic-cylinders.net\/lv\/wp-json\/wp\/v2\/comments?post=1008"}],"wp:featuredmedia":[{"embeddable":true,"href":"https:\/\/www.hydraulic-cylinders.net\/lv\/wp-json\/wp\/v2\/media\/1011"}],"wp:attachment":[{"href":"https:\/\/www.hydraulic-cylinders.net\/lv\/wp-json\/wp\/v2\/media?parent=1008"}],"wp:term":[{"taxonomy":"product_brand","embeddable":true,"href":"https:\/\/www.hydraulic-cylinders.net\/lv\/wp-json\/wp\/v2\/product_brand?post=1008"},{"taxonomy":"product_cat","embeddable":true,"href":"https:\/\/www.hydraulic-cylinders.net\/lv\/wp-json\/wp\/v2\/product_cat?post=1008"},{"taxonomy":"product_tag","embeddable":true,"href":"https:\/\/www.hydraulic-cylinders.net\/lv\/wp-json\/wp\/v2\/product_tag?post=1008"}],"curies":[{"name":"wp","href":"https:\/\/api.w.org\/{rel}","templated":true}]}}