{"id":1014,"date":"2023-09-07T02:36:18","date_gmt":"2023-09-07T02:36:18","guid":{"rendered":"https:\/\/hydraulic-cylinders.net\/?post_type=product&#038;p=1014"},"modified":"2023-09-19T01:36:38","modified_gmt":"2023-09-19T01:36:38","slug":"middle-fixed-trunnion-four-rod-hydraulic-cylinder","status":"publish","type":"product","link":"https:\/\/www.hydraulic-cylinders.net\/lv\/products\/middle-fixed-trunnion-four-rod-hydraulic-cylinder\/","title":{"rendered":"Vid\u0113jais fiks\u0113tais \u010detru stie\u0146u hidrauliskais cilindrs"},"content":{"rendered":"<h1 style=\"text-align: center;\"><strong>Vid\u0113jais fiks\u0113tais \u010detru stie\u0146u hidrauliskais cilindrs<\/strong><\/h1>\n<p><img loading=\"lazy\" decoding=\"async\" class=\"size-full wp-image-1015 aligncenter\" src=\"https:\/\/hydraulic-cylinders.net\/wp-content\/uploads\/2023\/09\/middle-fixed-trunnion-four-rod-hydraulic-cylinder-1.webp\" alt=\"\" width=\"227\" height=\"227\" srcset=\"https:\/\/www.hydraulic-cylinders.net\/wp-content\/uploads\/2023\/09\/middle-fixed-trunnion-four-rod-hydraulic-cylinder-1.webp 227w, https:\/\/www.hydraulic-cylinders.net\/wp-content\/uploads\/2023\/09\/middle-fixed-trunnion-four-rod-hydraulic-cylinder-1-100x100.webp 100w, https:\/\/www.hydraulic-cylinders.net\/wp-content\/uploads\/2023\/09\/middle-fixed-trunnion-four-rod-hydraulic-cylinder-1-150x150.webp 150w, https:\/\/www.hydraulic-cylinders.net\/wp-content\/uploads\/2023\/09\/middle-fixed-trunnion-four-rod-hydraulic-cylinder-1-12x12.webp 12w\" sizes=\"(max-width: 227px) 100vw, 227px\" \/><\/p>\n<p>The middle fixed trunnion four rod hydraulic cylinder is a state-of-the-art hydraulic component designed to deliver exceptional power, stability, and precision in a wide range of industrial applications. With its innovative middle fixed trunnion design and four rod configuration, this four rod hydraulic cylinder offers superior load-bearing capacity, durability, and reliable performance, making it an essential asset in demanding hydraulic systems.<\/p>\n<p>\u010cetru stie\u0146u hidraulisk\u0101 cilindra b\u016btisk\u0101s \u012bpa\u0161\u012bbas:<\/p>\n<p><strong>Middle Fixed Trunnion Design:<\/strong><\/p>\n<ol>\n<li style=\"list-style-type: none;\">\n<ul>\n<li>The intermediate fixed trunnion design provides a safe and stable installation solution that ensures reliable operation even under heavy loads and extreme conditions.<\/li>\n<li>It simplifies the installation process and can be easily integrated into various hydraulic systems or equipment.<\/li>\n<\/ul>\n<\/li>\n<\/ol>\n<p><strong>\u010cetru stie\u0146u konfigur\u0101cija:<\/strong><\/p>\n<ol>\n<li style=\"list-style-type: none;\">\n<ul>\n<li>The four rod configuration enhances the bearing capacity of the cylinder, providing optimal stability and precise positioning.<\/li>\n<li>It enables the cylinder to effectively withstand side loads, providing exceptional resistance to torsion and lateral forces.<\/li>\n<\/ul>\n<\/li>\n<\/ol>\n<p><strong>Augsta jauda:<\/strong><\/p>\n<ol>\n<li style=\"list-style-type: none;\">\n<ul>\n<li>\u0160im \u010detru stie\u0146u hidrauliskajam cilindram ir iespaid\u012bga jauda, \u200b\u200bkas \u013cauj tam viegli tikt gal\u0101 ar smag\u0101m krav\u0101m.<\/li>\n<li>It provides superior power and thrust, making it suitable for applications requiring strength and lifting capacity.<\/li>\n<\/ul>\n<\/li>\n<\/ol>\n<p><strong>Prec\u012bza kontrole:<\/strong><\/p>\n<ul>\n<li style=\"list-style-type: none;\">\n<ul>\n<li>The four rod hydraulic cylinder with a fixed trunnion in the middle can accurately control the linear movement to ensure accurate positioning and smooth operation.<\/li>\n<li>Tas nodro\u0161ina izcilu g\u0101jiena kontroli, \u013caujot operatoriem sasniegt konkr\u0113tiem uzdevumiem nepiecie\u0161amo \u0101trumu un precizit\u0101ti.<\/li>\n<\/ul>\n<\/li>\n<\/ul>\n<h2><strong>Middle Fixed Trunnion Four Rod Hydraulic Cylinder Parameter:<\/strong><\/h2>\n<p><img loading=\"lazy\" decoding=\"async\" class=\"alignnone wp-image-1016 size-full\" src=\"https:\/\/hydraulic-cylinders.net\/wp-content\/uploads\/2023\/09\/middle-fixed-trunnion-four-rod-hydraulic-cylinder.webp\" alt=\"\" width=\"655\" height=\"191\" srcset=\"https:\/\/hydraulic-cylinders.net\/wp-content\/uploads\/2023\/09\/middle-fixed-trunnion-four-rod-hydraulic-cylinder.webp 655w, https:\/\/hydraulic-cylinders.net\/wp-content\/uploads\/2023\/09\/middle-fixed-trunnion-four-rod-hydraulic-cylinder-480x140.webp 480w\" sizes=\"(min-width: 0px) and (max-width: 480px) 480px, (min-width: 481px) 655px, 100vw\" \/><\/p>\n<p><img loading=\"lazy\" decoding=\"async\" class=\"alignnone wp-image-1033 size-full\" src=\"https:\/\/hydraulic-cylinders.net\/wp-content\/uploads\/2023\/09\/d-db-dd-four-rod-hydraulic-cylinder.webp\" alt=\"\" width=\"655\" height=\"249\" srcset=\"https:\/\/hydraulic-cylinders.net\/wp-content\/uploads\/2023\/09\/d-db-dd-four-rod-hydraulic-cylinder.webp 655w, https:\/\/hydraulic-cylinders.net\/wp-content\/uploads\/2023\/09\/d-db-dd-four-rod-hydraulic-cylinder-480x182.webp 480w\" sizes=\"(min-width: 0px) and (max-width: 480px) 480px, (min-width: 481px) 655px, 100vw\" \/><\/p>\n<h2><strong>Vid\u0113jais fiks\u0113tais \u010detru stie\u0146u hidrauliskais cilindrs <\/strong><strong>Lieto\u0161anas metode<\/strong><strong>:<\/strong><\/h2>\n<p><strong>Mont\u0101\u017ea un uzst\u0101d\u012b\u0161ana:<\/strong><\/p>\n<ol>\n<li style=\"list-style-type: none;\">\n<ul>\n<li>Lai noteiktu atbilsto\u0161u \u010detru stie\u0146u hidraulisk\u0101 cilindra uzst\u0101d\u012b\u0161anas vietu sist\u0113m\u0101 vai iek\u0101rt\u0101, \u0146emiet v\u0113r\u0101 slodzes pras\u012bbas un vietas ierobe\u017eojumus.<\/li>\n<li>Ensure the mounting surface is clean, level, and able to support the weight of the cylinder.<\/li>\n<li>Secure the middle fixing trunnons to the mounting surface using recommended bolts or fasteners.<\/li>\n<\/ul>\n<\/li>\n<\/ol>\n<p><strong>Hidrauliskie savienojumi:<\/strong><\/p>\n<ol>\n<li style=\"list-style-type: none;\">\n<ul>\n<li>Pievienojiet hidraulisko padeves l\u012bniju cilindra piesl\u0113gvietai, nodro\u0161inot atbilsto\u0161u bl\u012bv\u0113jumu, lai nov\u0113rstu nopl\u016bdi.<\/li>\n<li>Iev\u0113rojiet ra\u017eot\u0101ja ieteikumus par hidraulisk\u0101s e\u013c\u013cas veidu un uzpildiet sist\u0113mu l\u012bdz ieteicamajam l\u012bmenim.<\/li>\n<\/ul>\n<\/li>\n<\/ol>\n<p><strong>Darb\u012bba:<\/strong><\/p>\n<ul>\n<li style=\"list-style-type: none;\">\n<ul>\n<li>Aktiviz\u0113jiet hidraulisko sist\u0113mu un kontrol\u0113jiet cilindra kust\u012bbu, izmantojot hidraulisko vad\u012bbas v\u0101rstu vai citu piem\u0113rotu vad\u012bbas meh\u0101nismu.<\/li>\n<li>Piel\u0101gojiet pl\u016bsmas un spiediena iestat\u012bjumus, lai sasniegtu v\u0113lamo \u0101trumu un sp\u0113ka izvadi.<\/li>\n<li>Regul\u0101ri uzraugiet cilindra darb\u012bbu, vai nav nov\u0113rojamas neparastas darb\u012bbas, piem\u0113ram, nopl\u016bdes, p\u0101rkar\u0161anas vai neparasta trok\u0161\u0146a.<\/li>\n<\/ul>\n<\/li>\n<\/ul>\n<h2><strong>Vid\u0113jais fiks\u0113tais \u010detru stie\u0146u hidrauliskais cilindrs <\/strong><strong>Apkope<\/strong><strong>:<\/strong><\/h2>\n<p><strong>Regul\u0101ra p\u0101rbaude:<\/strong><\/p>\n<ol>\n<li style=\"list-style-type: none;\">\n<ul>\n<li>Veiciet regul\u0101ras vizu\u0101las p\u0101rbaudes, lai p\u0101rbaud\u012btu, vai nav nodiluma, nopl\u016bdes vai boj\u0101jumu paz\u012bmju.<\/li>\n<li>P\u0101rbaudiet stie\u0146u virsmas, bl\u012bves un mont\u0101\u017eas savienojumus, vai nav novir\u017eu, un nekav\u0113joties nov\u0113rsiet visas probl\u0113mas.<\/li>\n<\/ul>\n<\/li>\n<\/ol>\n<p><strong>E\u013c\u013co\u0161ana:<\/strong><\/p>\n<ol>\n<li style=\"list-style-type: none;\">\n<ul>\n<li>Iev\u0113rojiet ra\u017eot\u0101ja e\u013c\u013co\u0161anas interv\u0101lu vadl\u012bnijas un izmantojiet ieteicamo sm\u0113rvielu, lai nodro\u0161in\u0101tu vienm\u0113r\u012bgu darb\u012bbu.<\/li>\n<li>Lubricate rods, seals, and other moving parts to reduce friction and extend the service life of four-bar hydraulic cylinders.<\/li>\n<\/ul>\n<\/li>\n<\/ol>\n<p><strong>Bl\u012bv\u0113juma nomai\u0146a:<\/strong><\/p>\n<ul>\n<li style=\"list-style-type: none;\">\n<ul>\n<li>Laika gait\u0101 bl\u012bves var nolietoties un t\u0101s ir j\u0101nomaina. Ja tiek konstat\u0113ta nopl\u016bde, uzman\u012bgi no\u0146emiet veco bl\u012bvi un uzst\u0101diet jauno bl\u012bvi saska\u0146\u0101 ar ra\u017eot\u0101ja specifik\u0101cij\u0101m.<\/li>\n<\/ul>\n<\/li>\n<\/ul>\n<h2><strong>How Fast Can A Hydraulic Cylinder Move\uff1f<\/strong><\/h2>\n<p>The speed at which a hydraulic cylinder can move depends on several factors, including the size and design of the cylinder, the hydraulic system&#8217;s pressure and flow rate, and the load being moved.<\/p>\n<p>In general, hydraulic cylinders are known for their ability to provide both high force and precise control, but their maximum speed is typically lower compared to other types of actuators. The speed of a hydraulic cylinder is determined by the rate at which hydraulic fluid is supplied to or released from the cylinder chamber.<\/p>\n<p>Here are a few factors that can affect the speed of a hydraulic cylinder:<\/p>\n<ol>\n<li><strong>System Design and Components:<\/strong> The design of the hydraulic system, including the pump, valves, and piping, can impact the speed of the cylinder. The system should be properly sized and configured to provide adequate flow rate and pressure to achieve the desired speed.<\/li>\n<li><strong>Cylinder Diameter and Stroke Length:<\/strong> The diameter and stroke length of the cylinder also play a role in determining its speed. Generally, larger diameter cylinders tend to move more slowly than smaller ones due to the more extensive hydraulic fluid required to fill or empty the cylinder chamber.<\/li>\n<li><strong>Flow Rate and Pressure:<\/strong> The flow rate and pressure of the hydraulic fluid supplied to the cylinder are critical factors in determining the cylinder&#8217;s speed. Increasing the flow rate or pressure can result in faster movement, while reducing them will slow down the cylinder.<\/li>\n<li><strong>Load and Friction:<\/strong> The weight and friction of the shipment being moved can affect the speed of the cylinder. Heavier loads may require more force, which can reduce the overall rate of the cylinder. Additionally, increased friction within the system, such as from seals or misalignment, can also impact the speed.<\/li>\n<\/ol>\n<h2><strong>R\u016bpn\u012bcas iesp\u0113jas un jauda:<\/strong><\/h2>\n<h3>(1) Mont\u0101\u017ea<\/h3>\n<p>Mums ir pirmklas\u012bga neatkar\u012bga p\u0113tniec\u012bbas un att\u012bst\u012bbas mont\u0101\u017eas platforma. Hidraulisko cilindru ra\u017eo\u0161anas darbn\u012bc\u0101 ir \u010detras pusautom\u0101tiskas pacel\u0161anas cilindru mont\u0101\u017eas l\u012bnijas un viena autom\u0101tisk\u0101 sl\u012bpuma cilindru mont\u0101\u017eas l\u012bnija ar projekt\u0113to gada ra\u017eo\u0161anas jaudu 1 miljons vien\u012bbu. Speci\u0101lo cilindru darbn\u012bca ir apr\u012bkota ar da\u017e\u0101du specifik\u0101ciju pusautom\u0101tisku t\u012br\u012b\u0161anas mont\u0101\u017eas sist\u0113mu ar projekt\u0113to gada ra\u017eo\u0161anas jaudu 200 000 vien\u012bbu un apr\u012bkota ar slaven\u0101m CNC apstr\u0101des iek\u0101rt\u0101m, apstr\u0101des centru, augstas precizit\u0101tes cilindru apstr\u0101des speci\u0101lo apr\u012bkojumu, robotiz\u0113tu metin\u0101\u0161anas iek\u0101rtu, autom\u0101tisku t\u012br\u012b\u0161anas iek\u0101rtu, autom\u0101tisku cilindru mont\u0101\u017eas iek\u0101rtu un autom\u0101tisku kr\u0101so\u0161anas ra\u017eo\u0161anas l\u012bniju. Eso\u0161ais kritiskais apr\u012bkojums ir vair\u0101k nek\u0101 300 komplektu (komplektu). Optim\u0101la iek\u0101rtu resursu sadale un efekt\u012bva izmanto\u0161ana nodro\u0161ina produktu precizit\u0101tes pras\u012bbas un apmierina produktu augst\u0101s kvalit\u0101tes pras\u012bbas.<\/p>\n<p><img loading=\"lazy\" decoding=\"async\" class=\"alignnone wp-image-626\" src=\"https:\/\/hydraulic-cylinders.net\/wp-content\/uploads\/2023\/08\/hydraulic-cylinder-product-1-300x158.webp\" alt=\"\" width=\"495\" height=\"260\" srcset=\"https:\/\/hydraulic-cylinders.net\/wp-content\/uploads\/2023\/08\/hydraulic-cylinder-product-1-300x158.webp 495w, https:\/\/hydraulic-cylinders.net\/wp-content\/uploads\/2023\/08\/hydraulic-cylinder-product-1-480x252.webp 480w\" sizes=\"(min-width: 0px) and (max-width: 480px) 480px, (min-width: 481px) 495px, 100vw\" \/> <img loading=\"lazy\" decoding=\"async\" class=\"alignnone wp-image-627\" src=\"https:\/\/hydraulic-cylinders.net\/wp-content\/uploads\/2023\/08\/hydraulic-cylinder-product-2-300x189.webp\" alt=\"\" width=\"413\" height=\"260\" \/><\/p>\n<h3>(2) Apstr\u0101de<\/h3>\n<p>Apstr\u0101des cehs ir apr\u012bkots ar piel\u0101gotu sl\u012bpo slie\u017eu virpo\u0161anas centru, apstr\u0101des centru, \u0101trgaitas asin\u0101\u0161anas ma\u0161\u012bnu, metin\u0101\u0161anas robotu un citu saist\u012btu apr\u012bkojumu, kas var apstr\u0101d\u0101t cilindriskas caurules ar maksim\u0101lo iek\u0161\u0113jo diametru 400 mm un maksim\u0101lo garumu 6 metri.<\/p>\n<p><img loading=\"lazy\" decoding=\"async\" class=\"alignnone wp-image-628 size-large\" src=\"https:\/\/hydraulic-cylinders.net\/wp-content\/uploads\/2023\/08\/hydraulic-cylinder-product-3-1024x391.webp\" alt=\"\" width=\"1024\" height=\"391\" srcset=\"https:\/\/hydraulic-cylinders.net\/wp-content\/uploads\/2023\/08\/hydraulic-cylinder-product-3-980x374.webp 980w, https:\/\/hydraulic-cylinders.net\/wp-content\/uploads\/2023\/08\/hydraulic-cylinder-product-3-480x183.webp 480w\" sizes=\"(min-width: 0px) and (max-width: 480px) 480px, (min-width: 481px) and (max-width: 980px) 980px, (min-width: 981px) 1024px, 100vw\" \/><\/p>\n<h3>(3) Metin\u0101\u0161ana<\/h3>\n<p><img loading=\"lazy\" decoding=\"async\" class=\"alignnone wp-image-629 size-large\" src=\"https:\/\/hydraulic-cylinders.net\/wp-content\/uploads\/2023\/08\/hydraulic-cylinder-product-4-1024x510.webp\" alt=\"\" width=\"1024\" height=\"510\" srcset=\"https:\/\/hydraulic-cylinders.net\/wp-content\/uploads\/2023\/08\/hydraulic-cylinder-product-4-980x488.webp 980w, https:\/\/hydraulic-cylinders.net\/wp-content\/uploads\/2023\/08\/hydraulic-cylinder-product-4-480x239.webp 480w\" sizes=\"(min-width: 0px) and (max-width: 480px) 480px, (min-width: 481px) and (max-width: 980px) 980px, (min-width: 981px) 1024px, 100vw\" \/><\/p>\n<h3>(4) Kr\u0101so\u0161ana un p\u0101rkl\u0101\u0161ana<\/h3>\n<p>Ar maz\u0101m un vid\u0113ja izm\u0113ra cilindrisk\u0101m autom\u0101tisk\u0101m \u016bdens b\u0101zes kr\u0101su p\u0101rkl\u0101\u0161anas l\u012bnij\u0101m, lai pan\u0101ktu autom\u0101tisku robotu iekrau\u0161anu un izkrau\u0161anu un autom\u0101tisku izsmidzin\u0101\u0161anu, projekt\u0113t\u0101 jauda ir 4000 gabali mai\u0146\u0101;<br \/>\nMums ir ar\u012b pusautom\u0101tiska kr\u0101su ra\u017eo\u0161anas l\u012bnija lieliem baloniem, ko darbina \u0137\u0113des piedzi\u0146a, ar 60 kastu konstrukcijas jaudu vien\u0101 mai\u0146\u0101.<\/p>\n<p><img loading=\"lazy\" decoding=\"async\" class=\"alignnone wp-image-630\" src=\"https:\/\/hydraulic-cylinders.net\/wp-content\/uploads\/2023\/08\/hydraulic-cylinder-product-5-300x213.webp\" alt=\"\" width=\"366\" height=\"260\" \/> <img loading=\"lazy\" decoding=\"async\" class=\"alignnone wp-image-631\" src=\"https:\/\/hydraulic-cylinders.net\/wp-content\/uploads\/2023\/08\/hydraulic-cylinder-product-6-300x225.webp\" alt=\"\" width=\"347\" height=\"260\" \/><\/p>\n<h3>(5) Test\u0113\u0161ana<\/h3>\n<p>Mums ir augst\u0101k\u0101s klases p\u0101rbaudes iek\u0101rtas un test\u0113\u0161anas stendi, lai nodro\u0161in\u0101tu, ka balona veiktsp\u0113ja atbilst pras\u012bb\u0101m.<\/p>\n<p><img loading=\"lazy\" decoding=\"async\" class=\"alignnone wp-image-632\" src=\"https:\/\/hydraulic-cylinders.net\/wp-content\/uploads\/2023\/08\/hydraulic-cylinder-product-8-300x200.webp\" alt=\"\" width=\"389\" height=\"260\" \/><\/p>\n<p>&nbsp;<\/p>\n<p>&nbsp;<\/p>\n<p>M\u0113s esam viens no lab\u0101kajiem vieglo \u010detru stie\u0146u hidraulisko cilindru ra\u017eot\u0101jiem. M\u0113s varam pied\u0101v\u0101t pla\u0161u vieglo \u010detru stie\u0146u hidraulisko cilindru kl\u0101stu. M\u0113s nodro\u0161in\u0101m ar\u012b atbilsto\u0161us <a href=\"https:\/\/hzpt.com\/agricultural-pto-gearbox\/\" target=\"_blank\" rel=\"noopener\">lauksaimniec\u012bbas p\u0101rnesumk\u0101rbas<\/a>M\u0113s esam eksport\u0113ju\u0161i savus produktus klientiem vis\u0101 pasaul\u0113 un ieguvu\u0161i labu reput\u0101ciju, pateicoties m\u016bsu augst\u0101kajai produktu kvalit\u0101tei un p\u0113cp\u0101rdo\u0161anas apkalpo\u0161anai. M\u0113s sirsn\u012bgi sveicam klientus gan m\u0101j\u0101s, gan \u0101rzem\u0113s sazin\u0101ties ar mums, lai veiktu dar\u012bjumus, apmain\u012btos ar inform\u0101ciju un\u00a0<a href=\"https:\/\/www.hydraulic-cylinders.net\/lv\/contact-us\/\">sadarboties ar mums<\/a>!<\/p>\n<h2><\/h2>\n<h2><\/h2>","protected":false},"excerpt":{"rendered":"<p>Middle Fixed Trunnion Four Rod Hydraulic Cylinder The middle fixed trunnion four rod hydraulic cylinder is a state-of-the-art hydraulic component designed to deliver exceptional power, stability, and precision in a wide range of industrial applications. With its innovative middle fixed trunnion design and four rod configuration, this four rod hydraulic cylinder offers superior load-bearing capacity, [&hellip;]<\/p>","protected":false},"featured_media":1017,"comment_status":"open","ping_status":"closed","template":"","meta":{"_et_pb_use_builder":"","_et_pb_old_content":"","_et_gb_content_width":""},"product_brand":[],"product_cat":[1376,1386],"product_tag":[1380],"class_list":{"0":"post-1014","1":"product","2":"type-product","3":"status-publish","4":"has-post-thumbnail","6":"product_cat-hydraulic-cylinder","7":"product_cat-four-rod-hydraulic-cylinder","8":"product_tag-hydraulic-cylinder","10":"first","11":"instock","12":"shipping-taxable","13":"product-type-simple"},"amp_enabled":true,"_links":{"self":[{"href":"https:\/\/www.hydraulic-cylinders.net\/lv\/wp-json\/wp\/v2\/product\/1014","targetHints":{"allow":["GET"]}}],"collection":[{"href":"https:\/\/www.hydraulic-cylinders.net\/lv\/wp-json\/wp\/v2\/product"}],"about":[{"href":"https:\/\/www.hydraulic-cylinders.net\/lv\/wp-json\/wp\/v2\/types\/product"}],"replies":[{"embeddable":true,"href":"https:\/\/www.hydraulic-cylinders.net\/lv\/wp-json\/wp\/v2\/comments?post=1014"}],"wp:featuredmedia":[{"embeddable":true,"href":"https:\/\/www.hydraulic-cylinders.net\/lv\/wp-json\/wp\/v2\/media\/1017"}],"wp:attachment":[{"href":"https:\/\/www.hydraulic-cylinders.net\/lv\/wp-json\/wp\/v2\/media?parent=1014"}],"wp:term":[{"taxonomy":"product_brand","embeddable":true,"href":"https:\/\/www.hydraulic-cylinders.net\/lv\/wp-json\/wp\/v2\/product_brand?post=1014"},{"taxonomy":"product_cat","embeddable":true,"href":"https:\/\/www.hydraulic-cylinders.net\/lv\/wp-json\/wp\/v2\/product_cat?post=1014"},{"taxonomy":"product_tag","embeddable":true,"href":"https:\/\/www.hydraulic-cylinders.net\/lv\/wp-json\/wp\/v2\/product_tag?post=1014"}],"curies":[{"name":"wp","href":"https:\/\/api.w.org\/{rel}","templated":true}]}}