{"id":1019,"date":"2023-09-07T03:16:54","date_gmt":"2023-09-07T03:16:54","guid":{"rendered":"https:\/\/hydraulic-cylinders.net\/?post_type=product&#038;p=1019"},"modified":"2023-09-19T01:36:32","modified_gmt":"2023-09-19T01:36:32","slug":"double-pistion-rod-hydraulic-cylinder","status":"publish","type":"product","link":"https:\/\/www.hydraulic-cylinders.net\/lv\/products\/double-pistion-rod-hydraulic-cylinder\/","title":{"rendered":"Dubult\u0101 virzu\u013ca stie\u0146a hidrauliskais cilindrs"},"content":{"rendered":"<h1 style=\"text-align: center;\"><strong>Dubult\u0101 virzu\u013ca stie\u0146a hidrauliskais cilindrs<\/strong><\/h1>\n<p><img loading=\"lazy\" decoding=\"async\" class=\"size-full wp-image-1022 aligncenter\" src=\"https:\/\/hydraulic-cylinders.net\/wp-content\/uploads\/2023\/09\/double-piston-rod-hydraulic-cylinder-1-1.webp\" alt=\"\" width=\"281\" height=\"281\" srcset=\"https:\/\/www.hydraulic-cylinders.net\/wp-content\/uploads\/2023\/09\/double-piston-rod-hydraulic-cylinder-1-1.webp 281w, https:\/\/www.hydraulic-cylinders.net\/wp-content\/uploads\/2023\/09\/double-piston-rod-hydraulic-cylinder-1-1-100x100.webp 100w, https:\/\/www.hydraulic-cylinders.net\/wp-content\/uploads\/2023\/09\/double-piston-rod-hydraulic-cylinder-1-1-150x150.webp 150w, https:\/\/www.hydraulic-cylinders.net\/wp-content\/uploads\/2023\/09\/double-piston-rod-hydraulic-cylinder-1-1-12x12.webp 12w\" sizes=\"(max-width: 281px) 100vw, 281px\" \/><\/p>\n<p>Divk\u0101r\u0161\u0101 virzu\u013ca stie\u0146a hidrauliskais cilindrs ir modern\u0101kais hidrauliskais elements, kas paredz\u0113ts, lai nodro\u0161in\u0101tu izcilu jaudu, stabilit\u0101ti un daudzpus\u012bbu pla\u0161am r\u016bpniecisko pielietojumu kl\u0101stam. Ar savu unik\u0101lo divu virzu\u013ca stie\u0146u konfigur\u0101ciju \u0161is hidrauliskais cilindrs pied\u0101v\u0101 uzlabotu nestsp\u0113ju, prec\u012bzu vad\u012bbu un uzticamu veiktsp\u0113ju, padarot to par neaizst\u0101jamu l\u012bdzekli pras\u012bg\u0101s hidrauliskaj\u0101s sist\u0113m\u0101s.<\/p>\n<p>\u010cetru stie\u0146u hidraulisk\u0101 cilindra b\u016btisk\u0101s \u012bpa\u0161\u012bbas:<\/p>\n<p><strong>Divk\u0101r\u0161\u0101 virzu\u013ca stie\u0146a konfigur\u0101cija:<\/strong><\/p>\n<ol>\n<li style=\"list-style-type: none;\">\n<ul>\n<li>Divk\u0101r\u0161\u0101 virzu\u013ca stie\u0146a konfigur\u0101cija at\u0161\u0137ir hidraulisko cilindru no tradicion\u0101l\u0101s konstrukcijas, nodro\u0161inot augst\u0101ku stabilit\u0101ti, kravnes\u012bbu un s\u0101nu slodzes iztur\u012bbu.<\/li>\n<li>Tas nodro\u0161ina simetrisku sp\u0113ku sadal\u012bjumu, garant\u0113jot l\u012bdzsvarotu un prec\u012bzu kust\u012bbu darb\u012bbas laik\u0101.<\/li>\n<\/ul>\n<\/li>\n<\/ol>\n<p><strong>Augsta jauda:<\/strong><\/p>\n<ol>\n<li style=\"list-style-type: none;\">\n<ul>\n<li>\u0160im hidrauliskajam cilindram ir iespaid\u012bga jauda, \u200b\u200bkas padara to piem\u0113rotu lietojumiem, kuriem nepiecie\u0161ama liela jauda un celtsp\u0113ja.<\/li>\n<li>Tas nodro\u0161ina \u012bpa\u0161u vilkmi, kas \u013cauj viegli tikt gal\u0101 ar smag\u0101m krav\u0101m.<\/li>\n<\/ul>\n<\/li>\n<\/ol>\n<p><strong>Prec\u012bza vad\u012bba un pozicion\u0113\u0161ana:<\/strong><\/p>\n<ol>\n<li style=\"list-style-type: none;\">\n<ul>\n<li>Divu virzu\u013cu stie\u0146u hidrauliskie cilindri nodro\u0161ina prec\u012bzu line\u0101r\u0101s kust\u012bbas kontroli, garant\u0113jot prec\u012bzu pozicion\u0113\u0161anu un vienm\u0113r\u012bgu darb\u012bbu.<\/li>\n<li>Tas nodro\u0161ina izcilu g\u0101jiena kontroli, \u013caujot operatoriem sasniegt konkr\u0113tiem uzdevumiem nepiecie\u0161amo \u0101trumu un precizit\u0101ti.<\/li>\n<\/ul>\n<\/li>\n<\/ol>\n<p><strong>Daudzpus\u012bgs pielietojums:<\/strong><\/p>\n<ul>\n<li style=\"list-style-type: none;\">\n<ul>\n<li>T\u0101 iztur\u012bg\u0101 konstrukcija un daudzpus\u012bgais dizains padara \u0161o hidraulisko cilindru piem\u0113rotu da\u017e\u0101d\u0101m nozar\u0113m un pielietojumiem.<\/li>\n<li>To var izmantot smagaj\u0101s ma\u0161\u012bn\u0101s, celtniec\u012bbas iek\u0101rt\u0101s, materi\u0101lu apstr\u0101des sist\u0113m\u0101s, lauksaimniec\u012bbas ma\u0161\u012bn\u0101s utt.<\/li>\n<\/ul>\n<\/li>\n<\/ul>\n<h2><strong>Dubult\u0101 virzu\u013ca stie\u0146a hidraulisk\u0101 cilindra parametrs:<\/strong><\/h2>\n<p><img loading=\"lazy\" decoding=\"async\" class=\"alignnone wp-image-1023 size-full\" src=\"https:\/\/hydraulic-cylinders.net\/wp-content\/uploads\/2023\/09\/double-piston-rod-hydraulic-cylinder-2.webp\" alt=\"\" width=\"654\" height=\"388\" srcset=\"https:\/\/hydraulic-cylinders.net\/wp-content\/uploads\/2023\/09\/double-piston-rod-hydraulic-cylinder-2.webp 654w, https:\/\/hydraulic-cylinders.net\/wp-content\/uploads\/2023\/09\/double-piston-rod-hydraulic-cylinder-2-480x285.webp 480w\" sizes=\"(min-width: 0px) and (max-width: 480px) 480px, (min-width: 481px) 654px, 100vw\" \/><\/p>\n<h2><strong>Dubult\u0101 virzu\u013ca stie\u0146a hidrauliskais cilindrs <\/strong><strong>Lieto\u0161anas metode<\/strong><strong>:<\/strong><\/h2>\n<p><strong>Mont\u0101\u017ea un uzst\u0101d\u012b\u0161ana:<\/strong><\/p>\n<ol>\n<li style=\"list-style-type: none;\">\n<ul>\n<li>Lai noteiktu atbilsto\u0161u hidraulisk\u0101 cilindra uzst\u0101d\u012b\u0161anas vietu sist\u0113m\u0101 vai iek\u0101rt\u0101, \u0146emiet v\u0113r\u0101 slodzes pras\u012bbas un vietas ierobe\u017eojumus.<\/li>\n<li>P\u0101rliecinieties, vai mont\u0101\u017eas virsma ir t\u012bra, l\u012bdzena un sp\u0113j\u012bga iztur\u0113t cilindra svaru.<\/li>\n<li>Nostipriniet cilindrus, izmantojot ieteicam\u0101s skr\u016bves vai stiprin\u0101jumus saska\u0146\u0101 ar ra\u017eot\u0101ja nor\u0101d\u012bjumiem.<\/li>\n<\/ul>\n<\/li>\n<\/ol>\n<p><strong>Hidrauliskie savienojumi:<\/strong><\/p>\n<ol>\n<li style=\"list-style-type: none;\">\n<ul>\n<li>Pievienojiet hidraulisko padeves l\u012bniju cilindra piesl\u0113gvietai, nodro\u0161inot atbilsto\u0161u bl\u012bv\u0113jumu, lai nov\u0113rstu nopl\u016bdi.<\/li>\n<li>Iev\u0113rojiet ra\u017eot\u0101ja ieteikumus par hidraulisk\u0101s e\u013c\u013cas veidu un uzpildiet sist\u0113mu l\u012bdz ieteicamajam l\u012bmenim.<\/li>\n<\/ul>\n<\/li>\n<\/ol>\n<p><strong>Darb\u012bba:<\/strong><\/p>\n<ul>\n<li style=\"list-style-type: none;\">\n<ul>\n<li>Aktiviz\u0113jiet hidraulisko sist\u0113mu un kontrol\u0113jiet cilindra kust\u012bbu, izmantojot hidraulisko vad\u012bbas v\u0101rstu vai citu piem\u0113rotu vad\u012bbas meh\u0101nismu.<\/li>\n<li>Piel\u0101gojiet pl\u016bsmas un spiediena iestat\u012bjumus, lai sasniegtu v\u0113lamo \u0101trumu un sp\u0113ka izvadi.<\/li>\n<li>Regul\u0101ri uzraugiet cilindra darb\u012bbu, vai nav nov\u0113rojamas neparastas darb\u012bbas, piem\u0113ram, nopl\u016bdes, p\u0101rkar\u0161anas vai neparasta trok\u0161\u0146a.<\/li>\n<\/ul>\n<\/li>\n<\/ul>\n<h2><strong>Dubult\u0101 virzu\u013ca stie\u0146a hidrauliskais cilindrs <\/strong><strong>Apkope<\/strong><strong>:<\/strong><\/h2>\n<p><strong>Regul\u0101ra p\u0101rbaude:<\/strong><\/p>\n<ol>\n<li style=\"list-style-type: none;\">\n<ul>\n<li>Veiciet regul\u0101ras vizu\u0101las p\u0101rbaudes, lai p\u0101rbaud\u012btu, vai nav nodiluma, nopl\u016bdes vai boj\u0101jumu paz\u012bmju.<\/li>\n<li>P\u0101rbaudiet virzu\u013ca stieni, bl\u012bves un mont\u0101\u017eas savienojumus, vai nav radu\u0161\u0101s novirzes, un nekav\u0113joties nov\u0113rsiet visas probl\u0113mas.<\/li>\n<\/ul>\n<\/li>\n<\/ol>\n<p><strong>E\u013c\u013co\u0161ana:<\/strong><\/p>\n<ol>\n<li style=\"list-style-type: none;\">\n<ul>\n<li>Iev\u0113rojiet ra\u017eot\u0101ja e\u013c\u013co\u0161anas interv\u0101lu vadl\u012bnijas un izmantojiet ieteicamo sm\u0113rvielu, lai nodro\u0161in\u0101tu vienm\u0113r\u012bgu darb\u012bbu.<\/li>\n<li>Iee\u013c\u013cojiet virzu\u013ca stie\u0146us, bl\u012bves un citas kust\u012bg\u0101s da\u013cas, lai samazin\u0101tu berzi un pagarin\u0101tu cilindra kalpo\u0161anas laiku.<\/li>\n<\/ul>\n<\/li>\n<\/ol>\n<p><strong>Bl\u012bv\u0113juma nomai\u0146a:<\/strong><\/p>\n<ul>\n<li style=\"list-style-type: none;\">\n<ul>\n<li>Laika gait\u0101 bl\u012bves var nolietoties un t\u0101s ir j\u0101nomaina. Ja tiek konstat\u0113ta nopl\u016bde, uzman\u012bgi no\u0146emiet veco bl\u012bvi un uzst\u0101diet jauno bl\u012bvi saska\u0146\u0101 ar ra\u017eot\u0101ja specifik\u0101cij\u0101m.<\/li>\n<\/ul>\n<\/li>\n<\/ul>\n<h2><strong>TB tipa \u010detru stie\u0146u hidrauliskais cilindrs <\/strong><strong>Apkope<\/strong><strong>:<\/strong><\/h2>\n<ol>\n<li><strong>Regul\u0101ra p\u0101rbaude:<\/strong><\/li>\n<\/ol>\n<ul>\n<li>Periodiski p\u0101rbaudiet cilindru, vai nav nopl\u016b\u017eu, boj\u0101jumu vai p\u0101rm\u0113r\u012bga nodiluma.<\/li>\n<li>P\u0101rbaudiet bl\u012bv\u0113jumu, stie\u0146u un mont\u0101\u017eas deta\u013cu st\u0101vokli un nomainiet visas nolietot\u0101s vai boj\u0101t\u0101s deta\u013cas.<\/li>\n<\/ul>\n<ol start=\"2\">\n<li><strong>E\u013c\u013co\u0161ana:<\/strong><\/li>\n<\/ol>\n<ul>\n<li>Iev\u0113rojiet ra\u017eot\u0101ja ieteikumus par e\u013c\u013co\u0161anas interv\u0101liem un izmantojiet augstas kvalit\u0101tes hidraulisko e\u013c\u013cu vai sm\u0113rvielu, kas piem\u0113rota cilindra specifik\u0101cij\u0101m.<\/li>\n<li>Lai samazin\u0101tu berzi un nodro\u0161in\u0101tu vienm\u0113r\u012bgu darb\u012bbu, uzkl\u0101jiet sm\u0113rvielu uz stie\u0146a, bl\u012bv\u0113m un cit\u0101m kust\u012bgaj\u0101m da\u013c\u0101m.<\/li>\n<\/ul>\n<ol start=\"3\">\n<li><strong>T\u012br\u012b\u0161ana:<\/strong><\/li>\n<\/ol>\n<ul>\n<li>Uzturiet cilindru un t\u0101 apk\u0101rt\u0113jo vidi t\u012bru un bez gru\u017eiem, putek\u013ciem vai pies\u0101r\u0146ot\u0101jiem, kas ietekm\u0113 t\u0101 darb\u012bbu.<\/li>\n<li>Cilindra \u0101r\u0113jo virsmu noslauk\u0161anai izmantojiet maigu t\u012br\u012b\u0161anas l\u012bdzekli un m\u012bkstu dr\u0101nu.<\/li>\n<\/ul>\n<h2><strong>R\u016bpn\u012bcas iesp\u0113jas un jauda:<\/strong><\/h2>\n<h3>(1) Mont\u0101\u017ea<\/h3>\n<p>Mums ir pirmklas\u012bga neatkar\u012bga p\u0113tniec\u012bbas un att\u012bst\u012bbas mont\u0101\u017eas platforma. Hidraulisko cilindru ra\u017eo\u0161anas darbn\u012bc\u0101 ir \u010detras pusautom\u0101tiskas pacel\u0161anas cilindru mont\u0101\u017eas l\u012bnijas un viena autom\u0101tisk\u0101 sl\u012bpuma cilindru mont\u0101\u017eas l\u012bnija ar projekt\u0113to gada ra\u017eo\u0161anas jaudu 1 miljons vien\u012bbu. Speci\u0101lo cilindru darbn\u012bca ir apr\u012bkota ar da\u017e\u0101du specifik\u0101ciju pusautom\u0101tisku t\u012br\u012b\u0161anas mont\u0101\u017eas sist\u0113mu ar projekt\u0113to gada ra\u017eo\u0161anas jaudu 200 000 vien\u012bbu un apr\u012bkota ar slaven\u0101m CNC apstr\u0101des iek\u0101rt\u0101m, apstr\u0101des centru, augstas precizit\u0101tes cilindru apstr\u0101des speci\u0101lo apr\u012bkojumu, robotiz\u0113tu metin\u0101\u0161anas iek\u0101rtu, autom\u0101tisku t\u012br\u012b\u0161anas iek\u0101rtu, autom\u0101tisku cilindru mont\u0101\u017eas iek\u0101rtu un autom\u0101tisku kr\u0101so\u0161anas ra\u017eo\u0161anas l\u012bniju. Eso\u0161ais kritiskais apr\u012bkojums ir vair\u0101k nek\u0101 300 komplektu (komplektu). Optim\u0101la iek\u0101rtu resursu sadale un efekt\u012bva izmanto\u0161ana nodro\u0161ina produktu precizit\u0101tes pras\u012bbas un apmierina produktu augst\u0101s kvalit\u0101tes pras\u012bbas.<\/p>\n<p><img loading=\"lazy\" decoding=\"async\" class=\"alignnone wp-image-626\" src=\"https:\/\/hydraulic-cylinders.net\/wp-content\/uploads\/2023\/08\/hydraulic-cylinder-product-1-300x158.webp\" alt=\"\" width=\"495\" height=\"260\" srcset=\"https:\/\/hydraulic-cylinders.net\/wp-content\/uploads\/2023\/08\/hydraulic-cylinder-product-1-300x158.webp 495w, https:\/\/hydraulic-cylinders.net\/wp-content\/uploads\/2023\/08\/hydraulic-cylinder-product-1-480x252.webp 480w\" sizes=\"(min-width: 0px) and (max-width: 480px) 480px, (min-width: 481px) 495px, 100vw\" \/> <img loading=\"lazy\" decoding=\"async\" class=\"alignnone wp-image-627\" src=\"https:\/\/hydraulic-cylinders.net\/wp-content\/uploads\/2023\/08\/hydraulic-cylinder-product-2-300x189.webp\" alt=\"\" width=\"413\" height=\"260\" \/><\/p>\n<h3>(2) Apstr\u0101de<\/h3>\n<p>Apstr\u0101des cehs ir apr\u012bkots ar piel\u0101gotu sl\u012bpo slie\u017eu virpo\u0161anas centru, apstr\u0101des centru, \u0101trgaitas asin\u0101\u0161anas ma\u0161\u012bnu, metin\u0101\u0161anas robotu un citu saist\u012btu apr\u012bkojumu, kas var apstr\u0101d\u0101t cilindriskas caurules ar maksim\u0101lo iek\u0161\u0113jo diametru 400 mm un maksim\u0101lo garumu 6 metri.<\/p>\n<p><img loading=\"lazy\" decoding=\"async\" class=\"alignnone wp-image-628 size-large\" src=\"https:\/\/hydraulic-cylinders.net\/wp-content\/uploads\/2023\/08\/hydraulic-cylinder-product-3-1024x391.webp\" alt=\"\" width=\"1024\" height=\"391\" srcset=\"https:\/\/hydraulic-cylinders.net\/wp-content\/uploads\/2023\/08\/hydraulic-cylinder-product-3-980x374.webp 980w, https:\/\/hydraulic-cylinders.net\/wp-content\/uploads\/2023\/08\/hydraulic-cylinder-product-3-480x183.webp 480w\" sizes=\"(min-width: 0px) and (max-width: 480px) 480px, (min-width: 481px) and (max-width: 980px) 980px, (min-width: 981px) 1024px, 100vw\" \/><\/p>\n<h3>(3) Metin\u0101\u0161ana<\/h3>\n<p><img loading=\"lazy\" decoding=\"async\" class=\"alignnone wp-image-629 size-large\" src=\"https:\/\/hydraulic-cylinders.net\/wp-content\/uploads\/2023\/08\/hydraulic-cylinder-product-4-1024x510.webp\" alt=\"\" width=\"1024\" height=\"510\" srcset=\"https:\/\/hydraulic-cylinders.net\/wp-content\/uploads\/2023\/08\/hydraulic-cylinder-product-4-980x488.webp 980w, https:\/\/hydraulic-cylinders.net\/wp-content\/uploads\/2023\/08\/hydraulic-cylinder-product-4-480x239.webp 480w\" sizes=\"(min-width: 0px) and (max-width: 480px) 480px, (min-width: 481px) and (max-width: 980px) 980px, (min-width: 981px) 1024px, 100vw\" \/><\/p>\n<h3>(4) Kr\u0101so\u0161ana un p\u0101rkl\u0101\u0161ana<\/h3>\n<p>Ar maz\u0101m un vid\u0113ja izm\u0113ra cilindrisk\u0101m autom\u0101tisk\u0101m \u016bdens b\u0101zes kr\u0101su p\u0101rkl\u0101\u0161anas l\u012bnij\u0101m, lai pan\u0101ktu autom\u0101tisku robotu iekrau\u0161anu un izkrau\u0161anu un autom\u0101tisku izsmidzin\u0101\u0161anu, projekt\u0113t\u0101 jauda ir 4000 gabali mai\u0146\u0101;<br \/>\nMums ir ar\u012b pusautom\u0101tiska kr\u0101su ra\u017eo\u0161anas l\u012bnija lieliem baloniem, ko darbina \u0137\u0113des piedzi\u0146a, ar 60 kastu konstrukcijas jaudu vien\u0101 mai\u0146\u0101.<\/p>\n<p><img loading=\"lazy\" decoding=\"async\" class=\"alignnone wp-image-630\" src=\"https:\/\/hydraulic-cylinders.net\/wp-content\/uploads\/2023\/08\/hydraulic-cylinder-product-5-300x213.webp\" alt=\"\" width=\"366\" height=\"260\" \/> <img loading=\"lazy\" decoding=\"async\" class=\"alignnone wp-image-631\" src=\"https:\/\/hydraulic-cylinders.net\/wp-content\/uploads\/2023\/08\/hydraulic-cylinder-product-6-300x225.webp\" alt=\"\" width=\"347\" height=\"260\" \/><\/p>\n<h3>(5) Test\u0113\u0161ana<\/h3>\n<p>Mums ir augst\u0101k\u0101s klases p\u0101rbaudes iek\u0101rtas un test\u0113\u0161anas stendi, lai nodro\u0161in\u0101tu, ka balona veiktsp\u0113ja atbilst pras\u012bb\u0101m.<\/p>\n<p><img loading=\"lazy\" decoding=\"async\" class=\"alignnone wp-image-632\" src=\"https:\/\/hydraulic-cylinders.net\/wp-content\/uploads\/2023\/08\/hydraulic-cylinder-product-8-300x200.webp\" alt=\"\" width=\"389\" height=\"260\" \/><\/p>\n<p>&nbsp;<\/p>\n<p>&nbsp;<\/p>\n<p>M\u0113s esam viens no lab\u0101kajiem vieglo \u010detru stie\u0146u hidraulisko cilindru ra\u017eot\u0101jiem. M\u0113s varam pied\u0101v\u0101t pla\u0161u vieglo \u010detru stie\u0146u hidraulisko cilindru kl\u0101stu. M\u0113s nodro\u0161in\u0101m ar\u012b atbilsto\u0161us <a href=\"https:\/\/hzpt.com\/agricultural-pto-gearbox\/\" target=\"_blank\" rel=\"noopener\">lauksaimniec\u012bbas p\u0101rnesumk\u0101rbas<\/a>M\u0113s esam eksport\u0113ju\u0161i savus produktus klientiem vis\u0101 pasaul\u0113 un ieguvu\u0161i labu reput\u0101ciju, pateicoties m\u016bsu augst\u0101kajai produktu kvalit\u0101tei un p\u0113cp\u0101rdo\u0161anas apkalpo\u0161anai. M\u0113s sirsn\u012bgi sveicam klientus gan m\u0101j\u0101s, gan \u0101rzem\u0113s sazin\u0101ties ar mums, lai veiktu dar\u012bjumus, apmain\u012btos ar inform\u0101ciju un\u00a0<a href=\"https:\/\/www.hydraulic-cylinders.net\/lv\/contact-us\/\">sadarboties ar mums<\/a>!<\/p>\n<h2><\/h2>\n<h2><\/h2>","protected":false},"excerpt":{"rendered":"<p>Double Piston Rod Hydraulic Cylinder The double piston rod hydraulic cylinder is a cutting-edge hydraulic element designed to provide superior power, stability, and versatility for a wide range of industrial applications. With its unique dual piston rod configuration, this hydraulic cylinder offers enhanced load-carrying capacity, precise control, and reliable performance, making it an indispensable asset [&hellip;]<\/p>","protected":false},"featured_media":1024,"comment_status":"open","ping_status":"closed","template":"","meta":{"_et_pb_use_builder":"","_et_pb_old_content":"","_et_gb_content_width":""},"product_brand":[],"product_cat":[1376,1386],"product_tag":[1380],"class_list":{"0":"post-1019","1":"product","2":"type-product","3":"status-publish","4":"has-post-thumbnail","6":"product_cat-hydraulic-cylinder","7":"product_cat-four-rod-hydraulic-cylinder","8":"product_tag-hydraulic-cylinder","10":"first","11":"instock","12":"shipping-taxable","13":"product-type-simple"},"amp_enabled":true,"_links":{"self":[{"href":"https:\/\/www.hydraulic-cylinders.net\/lv\/wp-json\/wp\/v2\/product\/1019","targetHints":{"allow":["GET"]}}],"collection":[{"href":"https:\/\/www.hydraulic-cylinders.net\/lv\/wp-json\/wp\/v2\/product"}],"about":[{"href":"https:\/\/www.hydraulic-cylinders.net\/lv\/wp-json\/wp\/v2\/types\/product"}],"replies":[{"embeddable":true,"href":"https:\/\/www.hydraulic-cylinders.net\/lv\/wp-json\/wp\/v2\/comments?post=1019"}],"wp:featuredmedia":[{"embeddable":true,"href":"https:\/\/www.hydraulic-cylinders.net\/lv\/wp-json\/wp\/v2\/media\/1024"}],"wp:attachment":[{"href":"https:\/\/www.hydraulic-cylinders.net\/lv\/wp-json\/wp\/v2\/media?parent=1019"}],"wp:term":[{"taxonomy":"product_brand","embeddable":true,"href":"https:\/\/www.hydraulic-cylinders.net\/lv\/wp-json\/wp\/v2\/product_brand?post=1019"},{"taxonomy":"product_cat","embeddable":true,"href":"https:\/\/www.hydraulic-cylinders.net\/lv\/wp-json\/wp\/v2\/product_cat?post=1019"},{"taxonomy":"product_tag","embeddable":true,"href":"https:\/\/www.hydraulic-cylinders.net\/lv\/wp-json\/wp\/v2\/product_tag?post=1019"}],"curies":[{"name":"wp","href":"https:\/\/api.w.org\/{rel}","templated":true}]}}