{"id":1105,"date":"2023-09-11T07:55:14","date_gmt":"2023-09-11T07:55:14","guid":{"rendered":"https:\/\/hydraulic-cylinders.net\/?post_type=product&#038;p=1105"},"modified":"2023-09-19T02:17:30","modified_gmt":"2023-09-19T02:17:30","slug":"piston-rod-end-with-external-thread-connection-engineering-hydraulic-cylinder","status":"publish","type":"product","link":"https:\/\/www.hydraulic-cylinders.net\/lv\/products\/piston-rod-end-with-external-thread-connection-engineering-hydraulic-cylinder\/","title":{"rendered":"Virzu\u013ca stie\u0146a gals ar \u0101r\u0113jo v\u012btni savienojums In\u017eeniertehniskais hidrauliskais cilindrs"},"content":{"rendered":"<h1 style=\"text-align: center;\"><strong>Virzu\u013ca stie\u0146a gals ar \u0101r\u0113jo v\u012btni savienojums In\u017eeniertehniskais hidrauliskais cilindrs<\/strong><\/h1>\n<p>In\u017eeniertehnisk\u0101 hidraulisk\u0101 cilindra virzu\u013ca stie\u0146a gal\u0101 atrodas virzu\u013ca stie\u0146a gals ar \u0101r\u0113jo v\u012btnes savienojumu. Tam parasti ir v\u012bt\u0146otas sekcijas, kas \u013cauj dro\u0161i nostiprin\u0101t da\u017e\u0101das sast\u0101vda\u013cas, piem\u0113ram, mont\u0101\u017eas kron\u0161teinus, plaisas vai citas neso\u0161\u0101s konstrukcijas.<\/p>\n<p>HSG s\u0113rijas in\u017eeniertehniskais hidrauliskais cilindrs ir divk\u0101r\u0161as darb\u012bbas virzu\u013cstie\u0146a hidrauliskais cilindrs. Uzst\u0101d\u012b\u0161anas re\u017e\u012bm\u0101 tiek izmantots auskaru tips. Atkar\u012bb\u0101 no cilindra galvas un cilindra bloka savienojuma ir tr\u012bs veidu savienojumi: \u0101r\u0113j\u0101 v\u012btne, iek\u0161\u0113jais kritiskais savienojums un atloka savienojums. In\u017eeniertehnisko hidraulisko cilindru galvenok\u0101rt izmanto b\u016bvniec\u012bb\u0101, cel\u0161an\u0101, ieguves r\u016bpniec\u012bb\u0101 un cit\u0101s hidrauliskaj\u0101s sist\u0113m\u0101s.<\/p>\n<p><img loading=\"lazy\" decoding=\"async\" class=\"aligncenter wp-image-1106\" src=\"https:\/\/hydraulic-cylinders.net\/wp-content\/uploads\/2023\/09\/hsg-hydraulic-cylinder-3-1-300x300.webp\" alt=\"\" width=\"400\" height=\"400\" \/><\/p>\n<h2><strong>HSG Engineering hidraulisk\u0101 cilindra parametrs<\/strong><strong>:<\/strong><\/h2>\n<p><img loading=\"lazy\" decoding=\"async\" class=\"alignnone wp-image-1107 size-full\" src=\"https:\/\/hydraulic-cylinders.net\/wp-content\/uploads\/2023\/09\/hsg-engineering-hydraulic-cylinder-parameter-1-scaled.webp\" alt=\"\" width=\"2560\" height=\"1848\" srcset=\"https:\/\/hydraulic-cylinders.net\/wp-content\/uploads\/2023\/09\/hsg-engineering-hydraulic-cylinder-parameter-1-scaled.webp 2560w, https:\/\/hydraulic-cylinders.net\/wp-content\/uploads\/2023\/09\/hsg-engineering-hydraulic-cylinder-parameter-1-1280x924.webp 1280w, https:\/\/hydraulic-cylinders.net\/wp-content\/uploads\/2023\/09\/hsg-engineering-hydraulic-cylinder-parameter-1-980x707.webp 980w, https:\/\/hydraulic-cylinders.net\/wp-content\/uploads\/2023\/09\/hsg-engineering-hydraulic-cylinder-parameter-1-480x347.webp 480w\" sizes=\"(min-width: 0px) and (max-width: 480px) 480px, (min-width: 481px) and (max-width: 980px) 980px, (min-width: 981px) and (max-width: 1280px) 1280px, (min-width: 1281px) 2560px, 100vw\" \/> <img loading=\"lazy\" decoding=\"async\" class=\"alignnone wp-image-1108 size-full\" src=\"https:\/\/hydraulic-cylinders.net\/wp-content\/uploads\/2023\/09\/hsg-engineering-hydraulic-cylinder-parameter-2-scaled.webp\" alt=\"\" width=\"2269\" height=\"2560\" srcset=\"https:\/\/hydraulic-cylinders.net\/wp-content\/uploads\/2023\/09\/hsg-engineering-hydraulic-cylinder-parameter-2-scaled.webp 2269w, https:\/\/hydraulic-cylinders.net\/wp-content\/uploads\/2023\/09\/hsg-engineering-hydraulic-cylinder-parameter-2-1280x1444.webp 1280w, https:\/\/hydraulic-cylinders.net\/wp-content\/uploads\/2023\/09\/hsg-engineering-hydraulic-cylinder-parameter-2-980x1106.webp 980w, https:\/\/hydraulic-cylinders.net\/wp-content\/uploads\/2023\/09\/hsg-engineering-hydraulic-cylinder-parameter-2-480x542.webp 480w\" sizes=\"(min-width: 0px) and (max-width: 480px) 480px, (min-width: 481px) and (max-width: 980px) 980px, (min-width: 981px) and (max-width: 1280px) 1280px, (min-width: 1281px) 2269px, 100vw\" \/> <img loading=\"lazy\" decoding=\"async\" class=\"alignnone wp-image-1109 size-full\" src=\"https:\/\/hydraulic-cylinders.net\/wp-content\/uploads\/2023\/09\/hsg-engineering-hydraulic-cylinder-parameter-3-scaled.webp\" alt=\"\" width=\"2112\" height=\"2560\" srcset=\"https:\/\/hydraulic-cylinders.net\/wp-content\/uploads\/2023\/09\/hsg-engineering-hydraulic-cylinder-parameter-3-scaled.webp 2112w, https:\/\/hydraulic-cylinders.net\/wp-content\/uploads\/2023\/09\/hsg-engineering-hydraulic-cylinder-parameter-3-1280x1552.webp 1280w, https:\/\/hydraulic-cylinders.net\/wp-content\/uploads\/2023\/09\/hsg-engineering-hydraulic-cylinder-parameter-3-980x1188.webp 980w, https:\/\/hydraulic-cylinders.net\/wp-content\/uploads\/2023\/09\/hsg-engineering-hydraulic-cylinder-parameter-3-480x582.webp 480w\" sizes=\"(min-width: 0px) and (max-width: 480px) 480px, (min-width: 481px) and (max-width: 980px) 980px, (min-width: 981px) and (max-width: 1280px) 1280px, (min-width: 1281px) 2112px, 100vw\" \/><\/p>\n<h2><strong>HSG in\u017eenierijas hidrauliskais cilindrs <\/strong><strong>Priek\u0161roc\u012bbas<\/strong><strong>:<\/strong><\/h2>\n<p>Virzu\u013ca stie\u0146a gals ar \u0101r\u0113jo v\u012btnes savienojumu pied\u0101v\u0101 vair\u0101kas priek\u0161roc\u012bbas hidraulisko cilindru in\u017eenierij\u0101:<\/p>\n<ol>\n<li>Daudzpus\u012bba:\n<ul>\n<li>V\u012bt\u0146otie savienojumi nodro\u0161ina elast\u012bbu da\u017e\u0101du komponentu vai neso\u0161o konstrukciju savieno\u0161an\u0101, \u013caujot piel\u0101got un piel\u0101goties da\u017e\u0101d\u0101m lietojumprogrammu pras\u012bb\u0101m.<\/li>\n<\/ul>\n<\/li>\n<li>Dro\u0161a stiprin\u0101\u0161ana:\n<ul>\n<li>\u0100r\u0113j\u0101s v\u012btnes nodro\u0161ina dro\u0161u un uzticamu savienojumu, samazinot atsl\u0101b\u0161anas vai atvieno\u0161anas risku darb\u012bbas laik\u0101.<\/li>\n<li>Tas uzlabo hidraulisko cilindru mezglu dro\u0161\u012bbu un stabilit\u0101ti, \u012bpa\u0161i pras\u012bgos vai augstas iztur\u012bbas pielietojumos.<\/li>\n<\/ul>\n<\/li>\n<li>Apkopes un nomai\u0146as vienk\u0101r\u0161\u012bba:\n<ul>\n<li>\u0100r\u0113jie v\u012bt\u0146otie savienojumi vienk\u0101r\u0161o deta\u013cu apkopi un nomai\u0146u, \u013caujot \u0101tri demont\u0113t un salikt.<\/li>\n<li>Tas pal\u012bdz p\u0101rbaud\u012bt, salabot vai nomain\u012bt boj\u0101tas vai nolietotas deta\u013cas, samazinot d\u012bkst\u0101ves laiku un uzlabojot kop\u0113jo sist\u0113mas efektivit\u0101ti.<\/li>\n<\/ul>\n<\/li>\n<\/ol>\n<h2><strong>HSG in\u017eenierijas hidrauliskais cilindrs<\/strong><strong> Lietojumi:<\/strong><\/h2>\n<p>\u0100r\u0113jais v\u012btnes savienojums virzu\u013ca stie\u0146a gal\u0101 pied\u0101v\u0101 daudzpus\u012bbu un \u0113rt\u012bbas da\u017e\u0101dos in\u017eeniertehniskos pielietojumos, tostarp:<\/p>\n<ol>\n<li><strong>Mont\u0101\u017eas kron\u0161teini un balsti:<\/strong>\n<ul>\n<li>V\u012bt\u0146otais savienojums \u013cauj piestiprin\u0101t mont\u0101\u017eas kron\u0161teinus vai balstus pie hidraulisk\u0101 cilindra.<\/li>\n<li>\u0160ie kron\u0161teini vai balsti nodro\u0161ina papildu stabilit\u0101ti un konstrukcijas atbalstu cilindra mezglam, nodro\u0161inot pareizu izl\u012bdzin\u0101\u0161anu un slodzes sadal\u012bjumu.<\/li>\n<\/ul>\n<\/li>\n<li><strong>Saiknes meh\u0101nismi:<\/strong>\n<ul>\n<li>\u0100r\u0113j\u0101s v\u012btnes \u013cauj savienot stie\u0146a meh\u0101nismus, piem\u0113ram, rievas vai lodveida savienojumus, ar stie\u0146a galu.<\/li>\n<li>\u0160\u012bs saites atvieglo sp\u0113ka un kust\u012bbas p\u0101rnesi starp hidrauliskajiem cilindriem un cit\u0101m meh\u0101nisk\u0101m sast\u0101vda\u013c\u0101m, nodro\u0161inot kontrol\u0113tu kust\u012bbu un prec\u012bzu pozicion\u0113\u0161anu.<\/li>\n<\/ul>\n<\/li>\n<li><strong>Neso\u0161\u0101s konstrukcijas:<\/strong>\n<ul>\n<li>V\u012bt\u0146otais savienojums piestiprina neso\u0161o konstrukciju vai apr\u012bkojumu tie\u0161i pie virzu\u013ca stie\u0146a gala.<\/li>\n<li>Tas \u013cauj hidrauliskajam cilindram pielikt sp\u0113ku un atbalst\u012bt \u0101r\u0113ju priek\u0161metu vai ma\u0161\u012bnu svaru, padarot to piem\u0113rotu smagu priek\u0161metu cel\u0161anai, stum\u0161anai vai vilk\u0161anai.<\/li>\n<\/ul>\n<\/li>\n<\/ol>\n<h2><strong>K\u0101 p\u0101rpakot hidraulisko cilindru?<\/strong><\/h2>\n<p>Hidraulisk\u0101 cilindra atk\u0101rtota iepako\u0161ana ietver bl\u012bvju un citu deta\u013cu nomai\u0146u, kas laika gait\u0101 var b\u016bt nolietoju\u0161\u0101s vai boj\u0101tas. \u0160eit ir sniegta visp\u0101r\u012bga soli pa solim sniegta instrukcija par hidraulisk\u0101 cilindra atk\u0101rtotu iepako\u0161anu:<\/p>\n<ol>\n<li><strong>Sagatavo\u0161ana:<\/strong>\n<ul>\n<li>P\u0101rliecinieties, ka hidrauliskaj\u0101 sist\u0113m\u0101 nav spiediena un cilindrs ir piln\u012bb\u0101 ievilkts.<\/li>\n<li>Sagatavojiet savam cilindra modelim nepiecie\u0161amos instrumentus un rezerves bl\u012bves vai bl\u012bvju komplektus.<\/li>\n<li>Konkr\u0113tus nor\u0101d\u012bjumus vai piesardz\u012bbas pas\u0101kumus skatiet ra\u017eot\u0101ja dokument\u0101cij\u0101 vai servisa rokasgr\u0101mat\u0101.<\/li>\n<\/ul>\n<\/li>\n<li><strong>No\u0146emiet cilindru:<\/strong>\n<ul>\n<li>Atvienojiet visas hidraulisk\u0101s l\u012bnijas vai savienojumus, kas pievienoti cilindram.<\/li>\n<li>No\u0146emiet visus stiprin\u0101juma kron\u0161teinus vai komponentus, kas var b\u016bt piestiprin\u0101ti pie cilindra.<\/li>\n<li>Uzman\u012bgi atvienojiet cilindru no iek\u0101rtas vai ma\u0161\u012bnas, uz kuras tas ir uzst\u0101d\u012bts.<\/li>\n<\/ul>\n<\/li>\n<li><strong>Izjauciet cilindru:<\/strong>\n<ul>\n<li>Dro\u0161i turiet cilindru un, izmantojot atbilsto\u0161us instrumentus, no\u0146emiet virzu\u013ca stie\u0146a gala v\u0101ci\u0146u vai galvi\u0146u.<\/li>\n<li>Izvelciet virzuli, virzu\u013ca stieni un saist\u012bt\u0101s sast\u0101vda\u013cas no cilindra korpusa.<\/li>\n<li>P\u0101rbaudiet deta\u013cas, vai nav nodiluma, boj\u0101jumu vai korozijas paz\u012bmju.<\/li>\n<\/ul>\n<\/li>\n<li><strong>No\u0146emiet vec\u0101s plombas:<\/strong>\n<ul>\n<li>Atrodiet un no\u0146emiet vec\u0101s bl\u012bves, tostarp virzu\u013ca bl\u012bves, stie\u0146a bl\u012bves un visas citas cilindra bl\u012bves.<\/li>\n<li>R\u016bp\u012bgi not\u012briet cilindra korpusa un virzu\u013ca stie\u0146a bl\u012bv\u0113juma rievas un iek\u0161\u0113j\u0101s virsmas.<\/li>\n<\/ul>\n<\/li>\n<li><strong>Jaunu bl\u012bv\u0113jumu uzst\u0101d\u012b\u0161ana:<\/strong>\n<ul>\n<li>Iee\u013c\u013cojiet jaun\u0101s bl\u012bves ar sader\u012bgu hidraulisko \u0161\u0137idrumu vai herm\u0113ti\u0137i, k\u0101 iesaka ra\u017eot\u0101js.<\/li>\n<li>Uzst\u0101diet jaun\u0101s bl\u012bves to riev\u0101s, nodro\u0161inot pareizu orient\u0101ciju un izl\u012bdzin\u0101\u0161anu.<\/li>\n<li>Lai nov\u0113rstu bl\u012bv\u0113juma boj\u0101jumus uzst\u0101d\u012b\u0161anas laik\u0101, izmantojiet bl\u012bv\u0113juma uzst\u0101d\u012b\u0161anas instrumentus vai piem\u0113rotas improviz\u0113tas metodes.<\/li>\n<\/ul>\n<\/li>\n<li><strong>Cilindra salik\u0161ana atpaka\u013c:<\/strong>\n<ul>\n<li>Ievietojiet virzuli, virzu\u013ca stieni un saist\u012bt\u0101s sast\u0101vda\u013cas atpaka\u013c cilindra korpus\u0101.<\/li>\n<li>Uz cilindra korpusa un virzu\u013ca stie\u0146a iek\u0161\u0113j\u0101m virsm\u0101m uzkl\u0101jiet pl\u0101nu hidraulisk\u0101 \u0161\u0137idruma vai sm\u0113rvielas k\u0101rtu.<\/li>\n<li>Uzman\u012bgi uzlieciet atpaka\u013c virzu\u013ca stie\u0146a gala v\u0101ci\u0146u vai galvi\u0146u, nodro\u0161inot pareizu izl\u012bdzin\u0101\u0161anu un pievilk\u0161anu atbilsto\u0161i ra\u017eot\u0101ja specifik\u0101cij\u0101m.<\/li>\n<\/ul>\n<\/li>\n<li><strong>P\u0101rbaudiet un uzst\u0101diet cilindru atk\u0101rtoti:<\/strong>\n<ul>\n<li>Pievienojiet cilindram atpaka\u013c visas hidraulisk\u0101s l\u012bnijas vai savienojumus.<\/li>\n<li>Uzman\u012bgi uzst\u0101diet cilindru atpaka\u013c uz iek\u0101rtas vai ma\u0161\u012bnas, nodro\u0161inot pareizu izl\u012bdzin\u0101\u0161anu un stiprin\u0101jumu.<\/li>\n<li>L\u0113n\u0101m piepildiet hidraulisko sist\u0113mu ar spiedienu un p\u0101rbaudiet, vai nav nopl\u016b\u017eu vai darb\u012bbas trauc\u0113jumu.<\/li>\n<li>Piln\u012bb\u0101 izstiepiet un ievelciet cilindru, lai nodro\u0161in\u0101tu pareizu darb\u012bbu.<\/li>\n<\/ul>\n<\/li>\n<li><strong>Apkope un test\u0113\u0161ana:<\/strong>\n<ul>\n<li>Regul\u0101ri p\u0101rbaudiet un apkopiet hidraulisko cilindru, lai nodro\u0161in\u0101tu optim\u0101lu darb\u012bbu un nov\u0113rstu priek\u0161laic\u012bgu bl\u012bv\u0113juma boj\u0101jumu.<\/li>\n<li>Uzraugiet, vai nav nopl\u016b\u017eu, p\u0101rm\u0113r\u012bga nodiluma vai citu probl\u0113mu paz\u012bmju, un nekav\u0113joties nov\u0113rsiet t\u0101s.<\/li>\n<li>Veiciet periodiskas p\u0101rbaudes un piel\u0101gojumus saska\u0146\u0101 ar ra\u017eot\u0101ja ieteikumiem vai pamatojoties uz \u012bpa\u0161aj\u0101m lieto\u0161anas pras\u012bb\u0101m.<\/li>\n<\/ul>\n<\/li>\n<\/ol>\n<h2><strong>R\u016bpn\u012bcas iesp\u0113jas un jauda:<\/strong><\/h2>\n<h3>(1) Mont\u0101\u017ea<\/h3>\n<p>Mums ir pirmklas\u012bga neatkar\u012bga p\u0113tniec\u012bbas un att\u012bst\u012bbas mont\u0101\u017eas platforma. Hidraulisko cilindru ra\u017eo\u0161anas darbn\u012bc\u0101 ir \u010detras pusautom\u0101tiskas pacel\u0161anas cilindru mont\u0101\u017eas l\u012bnijas un viena autom\u0101tisk\u0101 sl\u012bpuma cilindru mont\u0101\u017eas l\u012bnija ar projekt\u0113to gada ra\u017eo\u0161anas jaudu 1 miljons vien\u012bbu. Speci\u0101lo cilindru darbn\u012bca ir apr\u012bkota ar da\u017e\u0101du specifik\u0101ciju pusautom\u0101tisku t\u012br\u012b\u0161anas mont\u0101\u017eas sist\u0113mu ar projekt\u0113to gada ra\u017eo\u0161anas jaudu 200 000 vien\u012bbu un apr\u012bkota ar slaven\u0101m CNC apstr\u0101des iek\u0101rt\u0101m, apstr\u0101des centru, augstas precizit\u0101tes cilindru apstr\u0101des speci\u0101lo apr\u012bkojumu, robotiz\u0113tu metin\u0101\u0161anas iek\u0101rtu, autom\u0101tisku t\u012br\u012b\u0161anas iek\u0101rtu, autom\u0101tisku cilindru mont\u0101\u017eas iek\u0101rtu un autom\u0101tisku kr\u0101so\u0161anas ra\u017eo\u0161anas l\u012bniju. Eso\u0161ais kritiskais apr\u012bkojums ir vair\u0101k nek\u0101 300 komplektu (komplektu). Optim\u0101la iek\u0101rtu resursu sadale un efekt\u012bva izmanto\u0161ana nodro\u0161ina produktu precizit\u0101tes pras\u012bbas un apmierina produktu augst\u0101s kvalit\u0101tes pras\u012bbas.<\/p>\n<p><img loading=\"lazy\" decoding=\"async\" class=\"alignnone wp-image-626\" src=\"https:\/\/hydraulic-cylinders.net\/wp-content\/uploads\/2023\/08\/hydraulic-cylinder-product-1-300x158.webp\" alt=\"\" width=\"495\" height=\"260\" srcset=\"https:\/\/hydraulic-cylinders.net\/wp-content\/uploads\/2023\/08\/hydraulic-cylinder-product-1-300x158.webp 495w, https:\/\/hydraulic-cylinders.net\/wp-content\/uploads\/2023\/08\/hydraulic-cylinder-product-1-480x252.webp 480w\" sizes=\"(min-width: 0px) and (max-width: 480px) 480px, (min-width: 481px) 495px, 100vw\" \/> <img loading=\"lazy\" decoding=\"async\" class=\"alignnone wp-image-627\" src=\"https:\/\/hydraulic-cylinders.net\/wp-content\/uploads\/2023\/08\/hydraulic-cylinder-product-2-300x189.webp\" alt=\"\" width=\"413\" height=\"260\" \/><\/p>\n<h3>(2) Apstr\u0101de<\/h3>\n<p>Apstr\u0101des cehs ir apr\u012bkots ar piel\u0101gotu sl\u012bpo slie\u017eu virpo\u0161anas centru, apstr\u0101des centru, \u0101trgaitas asin\u0101\u0161anas ma\u0161\u012bnu, metin\u0101\u0161anas robotu un citu saist\u012btu apr\u012bkojumu, kas var apstr\u0101d\u0101t cilindriskas caurules ar maksim\u0101lo iek\u0161\u0113jo diametru 400 mm un maksim\u0101lo garumu 6 metri.<\/p>\n<p><img loading=\"lazy\" decoding=\"async\" class=\"alignnone wp-image-628 size-large\" src=\"https:\/\/hydraulic-cylinders.net\/wp-content\/uploads\/2023\/08\/hydraulic-cylinder-product-3-1024x391.webp\" alt=\"\" width=\"1024\" height=\"391\" srcset=\"https:\/\/hydraulic-cylinders.net\/wp-content\/uploads\/2023\/08\/hydraulic-cylinder-product-3-980x374.webp 980w, https:\/\/hydraulic-cylinders.net\/wp-content\/uploads\/2023\/08\/hydraulic-cylinder-product-3-480x183.webp 480w\" sizes=\"(min-width: 0px) and (max-width: 480px) 480px, (min-width: 481px) and (max-width: 980px) 980px, (min-width: 981px) 1024px, 100vw\" \/><\/p>\n<h3>(3) Metin\u0101\u0161ana<\/h3>\n<p><img loading=\"lazy\" decoding=\"async\" class=\"alignnone wp-image-629 size-large\" src=\"https:\/\/hydraulic-cylinders.net\/wp-content\/uploads\/2023\/08\/hydraulic-cylinder-product-4-1024x510.webp\" alt=\"\" width=\"1024\" height=\"510\" srcset=\"https:\/\/hydraulic-cylinders.net\/wp-content\/uploads\/2023\/08\/hydraulic-cylinder-product-4-980x488.webp 980w, https:\/\/hydraulic-cylinders.net\/wp-content\/uploads\/2023\/08\/hydraulic-cylinder-product-4-480x239.webp 480w\" sizes=\"(min-width: 0px) and (max-width: 480px) 480px, (min-width: 481px) and (max-width: 980px) 980px, (min-width: 981px) 1024px, 100vw\" \/><\/p>\n<h3>(4) Kr\u0101so\u0161ana un p\u0101rkl\u0101\u0161ana<\/h3>\n<p>Ar maz\u0101m un vid\u0113ja izm\u0113ra cilindrisk\u0101m autom\u0101tisk\u0101m \u016bdens b\u0101zes kr\u0101su p\u0101rkl\u0101\u0161anas l\u012bnij\u0101m, lai pan\u0101ktu autom\u0101tisku robotu iekrau\u0161anu un izkrau\u0161anu un autom\u0101tisku izsmidzin\u0101\u0161anu, projekt\u0113t\u0101 jauda ir 4000 gabali mai\u0146\u0101;<br \/>\nMums ir ar\u012b pusautom\u0101tiska kr\u0101su ra\u017eo\u0161anas l\u012bnija lieliem baloniem, ko darbina \u0137\u0113des piedzi\u0146a, ar 60 kastu konstrukcijas jaudu vien\u0101 mai\u0146\u0101.<\/p>\n<p><img loading=\"lazy\" decoding=\"async\" class=\"alignnone wp-image-630\" src=\"https:\/\/hydraulic-cylinders.net\/wp-content\/uploads\/2023\/08\/hydraulic-cylinder-product-5-300x213.webp\" alt=\"\" width=\"366\" height=\"260\" \/> <img loading=\"lazy\" decoding=\"async\" class=\"alignnone wp-image-631\" src=\"https:\/\/hydraulic-cylinders.net\/wp-content\/uploads\/2023\/08\/hydraulic-cylinder-product-6-300x225.webp\" alt=\"\" width=\"347\" height=\"260\" \/><\/p>\n<h3>(5) Test\u0113\u0161ana<\/h3>\n<p>Mums ir augst\u0101k\u0101s klases p\u0101rbaudes iek\u0101rtas un test\u0113\u0161anas stendi, lai nodro\u0161in\u0101tu, ka balona veiktsp\u0113ja atbilst pras\u012bb\u0101m.<\/p>\n<p><img loading=\"lazy\" decoding=\"async\" class=\"alignnone wp-image-632\" src=\"https:\/\/hydraulic-cylinders.net\/wp-content\/uploads\/2023\/08\/hydraulic-cylinder-product-8-300x200.webp\" alt=\"\" width=\"389\" height=\"260\" \/><\/p>\n<p>&nbsp;<\/p>\n<p>&nbsp;<\/p>\n<p>M\u0113s esam viens no lab\u0101kajiem in\u017eeniertehnisko hidraulisko cilindru ra\u017eot\u0101jiem. M\u0113s varam pied\u0101v\u0101t pla\u0161u in\u017eeniertehnisko hidraulisko cilindru kl\u0101stu. M\u0113s nodro\u0161in\u0101m ar\u012b atbilsto\u0161us <a href=\"https:\/\/hzpt.com\/agricultural-pto-gearbox\/\" target=\"_blank\" rel=\"noopener\">lauksaimniec\u012bbas p\u0101rnesumk\u0101rbas<\/a>M\u0113s esam eksport\u0113ju\u0161i savus produktus klientiem vis\u0101 pasaul\u0113 un ieguvu\u0161i labu reput\u0101ciju, pateicoties m\u016bsu augst\u0101kajai produktu kvalit\u0101tei un p\u0113cp\u0101rdo\u0161anas apkalpo\u0161anai. M\u0113s sirsn\u012bgi sveicam klientus gan m\u0101j\u0101s, gan \u0101rzem\u0113s sazin\u0101ties ar mums, lai veiktu dar\u012bjumus, apmain\u012btos ar inform\u0101ciju un\u00a0<a href=\"https:\/\/www.hydraulic-cylinders.net\/lv\/contact-us\/\">sadarboties ar mums<\/a>!<\/p>\n<h2><\/h2>\n<h2><\/h2>","protected":false},"excerpt":{"rendered":"<p>Piston Rod End With External Thread Connection Engineering Hydraulic Cylinder The piston rod end with an external thread connection is located at the end of the engineering hydraulic cylinder piston rod. It usually has threaded sections that allow for the safe fastening of various components, such as mounting brackets, cracks, or other load-bearing structures. HSG [&hellip;]<\/p>","protected":false},"featured_media":1110,"comment_status":"open","ping_status":"closed","template":"","meta":{"_et_pb_use_builder":"","_et_pb_old_content":"","_et_gb_content_width":""},"product_brand":[],"product_cat":[1376],"product_tag":[1380],"class_list":{"0":"post-1105","1":"product","2":"type-product","3":"status-publish","4":"has-post-thumbnail","6":"product_cat-hydraulic-cylinder","7":"product_tag-hydraulic-cylinder","9":"first","10":"instock","11":"shipping-taxable","12":"product-type-simple"},"amp_enabled":true,"_links":{"self":[{"href":"https:\/\/www.hydraulic-cylinders.net\/lv\/wp-json\/wp\/v2\/product\/1105","targetHints":{"allow":["GET"]}}],"collection":[{"href":"https:\/\/www.hydraulic-cylinders.net\/lv\/wp-json\/wp\/v2\/product"}],"about":[{"href":"https:\/\/www.hydraulic-cylinders.net\/lv\/wp-json\/wp\/v2\/types\/product"}],"replies":[{"embeddable":true,"href":"https:\/\/www.hydraulic-cylinders.net\/lv\/wp-json\/wp\/v2\/comments?post=1105"}],"wp:featuredmedia":[{"embeddable":true,"href":"https:\/\/www.hydraulic-cylinders.net\/lv\/wp-json\/wp\/v2\/media\/1110"}],"wp:attachment":[{"href":"https:\/\/www.hydraulic-cylinders.net\/lv\/wp-json\/wp\/v2\/media?parent=1105"}],"wp:term":[{"taxonomy":"product_brand","embeddable":true,"href":"https:\/\/www.hydraulic-cylinders.net\/lv\/wp-json\/wp\/v2\/product_brand?post=1105"},{"taxonomy":"product_cat","embeddable":true,"href":"https:\/\/www.hydraulic-cylinders.net\/lv\/wp-json\/wp\/v2\/product_cat?post=1105"},{"taxonomy":"product_tag","embeddable":true,"href":"https:\/\/www.hydraulic-cylinders.net\/lv\/wp-json\/wp\/v2\/product_tag?post=1105"}],"curies":[{"name":"wp","href":"https:\/\/api.w.org\/{rel}","templated":true}]}}