{"id":1111,"date":"2023-09-11T08:12:31","date_gmt":"2023-09-11T08:12:31","guid":{"rendered":"https:\/\/hydraulic-cylinders.net\/?post_type=product&#038;p=1111"},"modified":"2023-09-19T02:17:35","modified_gmt":"2023-09-19T02:17:35","slug":"pistion-rod-end-is-external-threaded-rod-head-earring-connection-engineering-hydraulic-cylinder","status":"publish","type":"product","link":"https:\/\/www.hydraulic-cylinders.net\/lv\/products\/pistion-rod-end-is-external-threaded-rod-head-earring-connection-engineering-hydraulic-cylinder\/","title":{"rendered":"Pistion Rod End ir \u0101r\u0113j\u0101 v\u012bt\u0146ot\u0101 stie\u0146a galvas auskaru savienojums In\u017eenierzin\u0101tnes hidrauliskais cilindrs"},"content":{"rendered":"<h1 style=\"text-align: center;\"><strong>Pistion Rod End ir \u0101r\u0113j\u0101 v\u012bt\u0146ot\u0101 stie\u0146a galvas auskaru savienojums In\u017eenierzin\u0101tnes hidrauliskais cilindrs<\/strong><\/h1>\n<p>Virzu\u013ca stie\u0146a galam ir \u0101r\u0113ji v\u012bt\u0146ots stie\u0146a galvas auskaru savienojums, kas parasti sast\u0101v no v\u012bt\u0146otas stie\u0146a galvas virzu\u013ca stie\u0146a gal\u0101. Stie\u0146a galvai ir \u0101r\u0113j\u0101 v\u012btne, un to var savienot ar \u0101r\u0113j\u0101m deta\u013c\u0101m vai neso\u0161aj\u0101m konstrukcij\u0101m.<\/p>\n<p>HSG s\u0113rijas in\u017eeniertehniskais hidrauliskais cilindrs ir divk\u0101r\u0161as darb\u012bbas virzu\u013cstie\u0146a hidrauliskais cilindrs. Uzst\u0101d\u012b\u0161anas re\u017e\u012bm\u0101 tiek izmantots auskaru tips. Atkar\u012bb\u0101 no cilindra galvas un cilindra bloka savienojuma ir tr\u012bs veidu savienojumi: \u0101r\u0113j\u0101 v\u012btne, iek\u0161\u0113jais kritiskais savienojums un atloka savienojums. In\u017eeniertehnisko hidraulisko cilindru galvenok\u0101rt izmanto b\u016bvniec\u012bb\u0101, cel\u0161an\u0101, ieguves r\u016bpniec\u012bb\u0101 un cit\u0101s hidrauliskaj\u0101s sist\u0113m\u0101s.<\/p>\n<p><img loading=\"lazy\" decoding=\"async\" class=\"aligncenter wp-image-1112\" src=\"https:\/\/hydraulic-cylinders.net\/wp-content\/uploads\/2023\/09\/hsg-hydraulic-cylinder-4-1-300x300.webp\" alt=\"\" width=\"400\" height=\"400\" \/><\/p>\n<h2><strong>HSG Engineering hidraulisk\u0101 cilindra parametrs<\/strong><strong>:<\/strong><\/h2>\n<p><img loading=\"lazy\" decoding=\"async\" class=\"alignnone wp-image-1113 size-full\" src=\"https:\/\/hydraulic-cylinders.net\/wp-content\/uploads\/2023\/09\/hsg-engineering-hydraulic-cylinder-parameter-1-1-scaled.webp\" alt=\"\" width=\"2560\" height=\"1848\" srcset=\"https:\/\/hydraulic-cylinders.net\/wp-content\/uploads\/2023\/09\/hsg-engineering-hydraulic-cylinder-parameter-1-1-scaled.webp 2560w, https:\/\/hydraulic-cylinders.net\/wp-content\/uploads\/2023\/09\/hsg-engineering-hydraulic-cylinder-parameter-1-1-1280x924.webp 1280w, https:\/\/hydraulic-cylinders.net\/wp-content\/uploads\/2023\/09\/hsg-engineering-hydraulic-cylinder-parameter-1-1-980x707.webp 980w, https:\/\/hydraulic-cylinders.net\/wp-content\/uploads\/2023\/09\/hsg-engineering-hydraulic-cylinder-parameter-1-1-480x347.webp 480w\" sizes=\"(min-width: 0px) and (max-width: 480px) 480px, (min-width: 481px) and (max-width: 980px) 980px, (min-width: 981px) and (max-width: 1280px) 1280px, (min-width: 1281px) 2560px, 100vw\" \/> <img loading=\"lazy\" decoding=\"async\" class=\"alignnone wp-image-1114 size-full\" src=\"https:\/\/hydraulic-cylinders.net\/wp-content\/uploads\/2023\/09\/hsg-engineering-hydraulic-cylinder-parameter-4-scaled.webp\" alt=\"\" width=\"1767\" height=\"2560\" srcset=\"https:\/\/hydraulic-cylinders.net\/wp-content\/uploads\/2023\/09\/hsg-engineering-hydraulic-cylinder-parameter-4-scaled.webp 1767w, https:\/\/hydraulic-cylinders.net\/wp-content\/uploads\/2023\/09\/hsg-engineering-hydraulic-cylinder-parameter-4-1280x1854.webp 1280w, https:\/\/hydraulic-cylinders.net\/wp-content\/uploads\/2023\/09\/hsg-engineering-hydraulic-cylinder-parameter-4-980x1420.webp 980w, https:\/\/hydraulic-cylinders.net\/wp-content\/uploads\/2023\/09\/hsg-engineering-hydraulic-cylinder-parameter-4-480x695.webp 480w\" sizes=\"(min-width: 0px) and (max-width: 480px) 480px, (min-width: 481px) and (max-width: 980px) 980px, (min-width: 981px) and (max-width: 1280px) 1280px, (min-width: 1281px) 1767px, 100vw\" \/> <img loading=\"lazy\" decoding=\"async\" class=\"alignnone wp-image-1115 size-full\" src=\"https:\/\/hydraulic-cylinders.net\/wp-content\/uploads\/2023\/09\/hsg-engineering-hydraulic-cylinder-parameter-5-scaled.webp\" alt=\"\" width=\"2002\" height=\"2560\" srcset=\"https:\/\/hydraulic-cylinders.net\/wp-content\/uploads\/2023\/09\/hsg-engineering-hydraulic-cylinder-parameter-5-scaled.webp 2002w, https:\/\/hydraulic-cylinders.net\/wp-content\/uploads\/2023\/09\/hsg-engineering-hydraulic-cylinder-parameter-5-1280x1637.webp 1280w, https:\/\/hydraulic-cylinders.net\/wp-content\/uploads\/2023\/09\/hsg-engineering-hydraulic-cylinder-parameter-5-980x1253.webp 980w, https:\/\/hydraulic-cylinders.net\/wp-content\/uploads\/2023\/09\/hsg-engineering-hydraulic-cylinder-parameter-5-480x614.webp 480w\" sizes=\"(min-width: 0px) and (max-width: 480px) 480px, (min-width: 481px) and (max-width: 980px) 980px, (min-width: 981px) and (max-width: 1280px) 1280px, (min-width: 1281px) 2002px, 100vw\" \/><\/p>\n<h2><strong>HSG in\u017eenierijas hidrauliskais cilindrs <\/strong><strong>Priek\u0161roc\u012bbas<\/strong><strong>:<\/strong><\/h2>\n<p>Virzu\u013ca stie\u0146a gals ar \u0101r\u0113jo v\u012bt\u0146oto stie\u0146a galvas savienojumu pied\u0101v\u0101 vair\u0101kas priek\u0161roc\u012bbas hidraulisko cilindru in\u017eenierij\u0101:<\/p>\n<ol>\n<li><strong>Dro\u0161a stiprin\u0101\u0161ana:<\/strong>\n<ul>\n<li>V\u012bt\u0146ot\u0101 stie\u0146a galvas savienojums nodro\u0161ina dro\u0161u un uzticamu savienojumu, kas samazina atsl\u0101b\u0161anas vai atvieno\u0161anas risku darb\u012bbas laik\u0101.<\/li>\n<li>Tas uzlabo hidraulisko cilindru mezglu dro\u0161\u012bbu un stabilit\u0101ti, \u012bpa\u0161i lietojumos ar liel\u0101m slodz\u0113m vai vibr\u0101cij\u0101m.<\/li>\n<\/ul>\n<\/li>\n<li><strong>Vienk\u0101r\u0161a uzst\u0101d\u012b\u0161ana un nomai\u0146a:<\/strong>\n<ul>\n<li>\u0100r\u0113ji v\u012bt\u0146oti savienojumi vienk\u0101r\u0161o deta\u013cu vai neso\u0161o konstrukciju uzst\u0101d\u012b\u0161anu un nomai\u0146u.<\/li>\n<li>Tas \u013cauj \u0101tri no\u0146emt un salikt atpaka\u013c, izmantojot v\u012bt\u0146otus stiprin\u0101jumus, lai atvieglotu apkopi, remontu vai nomai\u0146u.<\/li>\n<\/ul>\n<\/li>\n<li><strong>Piel\u0101go\u0161an\u0101s sp\u0113ja:<\/strong>\n<ul>\n<li>V\u012bt\u0146otu stie\u0146u galvas savienojumus var piel\u0101got da\u017e\u0101d\u0101m pielietojuma pras\u012bb\u0101m.<\/li>\n<li>Tas \u013cauj savienot da\u017e\u0101das sast\u0101vda\u013cas vai neso\u0161\u0101s konstrukcijas, izmantojot sader\u012bgus v\u012bt\u0146otus stiprin\u0101jumus, pied\u0101v\u0101jot daudzpus\u012bbu un piel\u0101go\u0161anas iesp\u0113jas.<\/li>\n<\/ul>\n<\/li>\n<\/ol>\n<h2><strong>HSG in\u017eenierijas hidrauliskais cilindrs<\/strong><strong> Lietojumi:<\/strong><\/h2>\n<ol>\n<li><strong>V\u012bt\u0146ots stiprin\u0101jums:<\/strong>\n<ul>\n<li>Ar \u0101r\u0113ji v\u012bt\u0146ot\u0101m stie\u0146u galvi\u0146\u0101m var tie\u0161i pievilkt deta\u013cas vai neso\u0161\u0101s konstrukcijas, izmantojot uzgrie\u017e\u0146us, bultskr\u016bves vai citus v\u012bt\u0146otus stiprin\u0101jumus.<\/li>\n<li>\u0160is v\u012bt\u0146otais savienojums nodro\u0161ina dro\u0161u un uzticamu savienojumu, kas nodro\u0161ina hidraulisk\u0101 cilindra mezgla stabilit\u0101ti un integrit\u0101ti.<\/li>\n<\/ul>\n<\/li>\n<li><strong>Piel\u0101go\u0161ana un regul\u0113\u0161ana:<\/strong>\n<ul>\n<li>V\u012bt\u0146ot\u0101 stie\u0146a galvas savienojums nodro\u0161ina elast\u012bbu da\u017e\u0101du komponentu vai neso\u0161o konstrukciju piestiprin\u0101\u0161an\u0101.<\/li>\n<li>Tas \u013cauj piel\u0101got un regul\u0113t, izv\u0113loties atbilsto\u0161us v\u012bt\u0146otus stiprin\u0101jumus, kas atbilst konkr\u0113t\u0101m pielietojuma pras\u012bb\u0101m.<\/li>\n<\/ul>\n<\/li>\n<li><strong>Neso\u0161\u0101s konstrukcijas:<\/strong>\n<ul>\n<li>V\u012bt\u0146otu stie\u0146u galvas savienojumus var tie\u0161i savienot ar neso\u0161aj\u0101m konstrukcij\u0101m, piem\u0113ram, kron\u0161teiniem, pl\u0101ksn\u0113m vai citiem atbalsta elementiem.<\/li>\n<li>\u0160\u012b konfigur\u0101cija \u013cauj hidrauliskajam cilindram pielikt sp\u0113ku un atbalst\u012bt \u0101r\u0113ju priek\u0161metu vai ma\u0161\u012bnu svaru, padarot to piem\u0113rotu lietojumiem, kuriem nepiecie\u0161ama nestsp\u0113ja.<\/li>\n<\/ul>\n<\/li>\n<\/ol>\n<h2><strong>K\u0101 atgaisot divk\u0101r\u0161as darb\u012bbas hidraulisko cilindru?<\/strong><\/h2>\n<p>Divk\u0101r\u0161as darb\u012bbas hidraulisk\u0101 cilindra atgaiso\u0161ana ietver gaisa vai iesprostoto g\u0101zu izvad\u012b\u0161anu no sist\u0113mas, lai nodro\u0161in\u0101tu pareizu darb\u012bbu un nov\u0113rstu porainu vai nevienm\u0113r\u012bgu kust\u012bbu. \u0160eit ir sniegta detaliz\u0113ta instrukcija par divk\u0101r\u0161as darb\u012bbas hidraulisk\u0101 cilindra atgaiso\u0161anu:<\/p>\n<ol>\n<li><strong>Sagatavo\u0161ana:<\/strong>\n<ul>\n<li>P\u0101rliecinieties, ka hidrauliskaj\u0101 sist\u0113m\u0101 nav spiediena un cilindrs ir ievilkts.<\/li>\n<li>Atrodiet cilindra atgaiso\u0161anas v\u0101rstus vai savienojumus. Tie parasti atrodas gala v\u0101ci\u0146\u0101 vai cilindra atveru tuvum\u0101.<\/li>\n<\/ul>\n<\/li>\n<li><strong>Novietojiet cilindru:<\/strong>\n<ul>\n<li>Ja iesp\u0113jams, novietojiet cilindru vertik\u0101li ar stie\u0146a galu uz aug\u0161u. Tas pal\u012bdz\u0113s gaisa burbu\u013ciem pacelties uz aug\u0161u, lai atvieglotu atgaiso\u0161anu.<\/li>\n<\/ul>\n<\/li>\n<li><strong>Atveriet iztuk\u0161o\u0161anas v\u0101rstus:<\/strong>\n<ul>\n<li>Atrodiet cilindra atgaiso\u0161anas v\u0101rstus vai savienojumus.<\/li>\n<li>Izmantojiet atbilsto\u0161u uzgrie\u017e\u0146u atsl\u0113gu vai instrumentu, lai l\u0113n\u0101m atv\u0113rtu atgaiso\u0161anas v\u0101rstus vai savienojumus. S\u0101ciet ar to, kas atrodas vistuv\u0101k cilindra stie\u0146a galam.<\/li>\n<\/ul>\n<\/li>\n<li><strong>Pielietot spiedienu:<\/strong>\n<ul>\n<li>Aktiviz\u0113jiet hidraulisko sist\u0113mu, darbinot s\u016bkni vai izpildmeh\u0101nismu.<\/li>\n<li>Pak\u0101peniski palieliniet spiedienu l\u012bdz m\u0113renam l\u012bmenim. Tas pal\u012bdz\u0113s izspiest iesprostoto gaisu no cilindra caur atv\u0113rtajiem iztuk\u0161o\u0161anas v\u0101rstiem.<\/li>\n<\/ul>\n<\/li>\n<li><strong>Atgaisojiet gaisu:<\/strong>\n<ul>\n<li>Hidraulisk\u0101s sist\u0113mas spiedienam paaugstinoties, j\u016bs varat paman\u012bt gaisa burbu\u013cus, kas izpl\u016bst caur atv\u0113rtajiem atgaiso\u0161anas v\u0101rstiem.<\/li>\n<li>\u013baujiet gaisam izvad\u012bties no sist\u0113mas, l\u012bdz tiek nov\u0113rota vienm\u0113r\u012bga hidraulisk\u0101 \u0161\u0137idruma pl\u016bsma bez gaisa burbu\u013ciem. Tas nor\u0101da, ka cilindrs ir pareizi atgaisots.<\/li>\n<\/ul>\n<\/li>\n<li><strong>Aizveriet iztuk\u0161o\u0161anas v\u0101rstus:<\/strong>\n<ul>\n<li>Kad viss gaiss ir izspiests, aizveriet cilindra atgaiso\u0161anas v\u0101rstus vai savienojumus.<\/li>\n<li>P\u0101rliecinieties, ka tie ir dro\u0161i pievilkti, bet izvairieties no p\u0101r\u0101k lielas pievilk\u0161anas.<\/li>\n<\/ul>\n<\/li>\n<li><strong>Cilindra ievilk\u0161ana un izvilk\u0161ana:<\/strong>\n<ul>\n<li>Da\u017eas reizes darbiniet hidraulisko sist\u0113mu, lai piln\u012bb\u0101 ievilktu un izb\u012bd\u012btu cilindru.<\/li>\n<li>Tas pal\u012bdz v\u0113l vair\u0101k att\u012br\u012bt atliku\u0161\u0101s gaisa kabatas un nodro\u0161in\u0101t vienm\u0113r\u012bgu un past\u0101v\u012bgu cilindra kust\u012bbu.<\/li>\n<\/ul>\n<\/li>\n<li><strong>P\u0101rbaudiet, vai nav nopl\u016b\u017eu:<\/strong>\n<ul>\n<li>P\u0113c atgaiso\u0161anas un cilindra darb\u012bbas p\u0101rbaudiet visu hidraulisko sist\u0113mu, vai nav nopl\u016b\u017eu vai citu anom\u0101liju.<\/li>\n<li>Nekav\u0113joties nov\u0113rsiet visas nopl\u016bdes vai probl\u0113mas, lai nov\u0113rstu turpm\u0101kas probl\u0113mas.<\/li>\n<\/ul>\n<\/li>\n<\/ol>\n<h2><strong>R\u016bpn\u012bcas iesp\u0113jas un jauda:<\/strong><\/h2>\n<h3>(1) Mont\u0101\u017ea<\/h3>\n<p>Mums ir pirmklas\u012bga neatkar\u012bga p\u0113tniec\u012bbas un att\u012bst\u012bbas mont\u0101\u017eas platforma. Hidraulisko cilindru ra\u017eo\u0161anas darbn\u012bc\u0101 ir \u010detras pusautom\u0101tiskas pacel\u0161anas cilindru mont\u0101\u017eas l\u012bnijas un viena autom\u0101tisk\u0101 sl\u012bpuma cilindru mont\u0101\u017eas l\u012bnija ar projekt\u0113to gada ra\u017eo\u0161anas jaudu 1 miljons vien\u012bbu. Speci\u0101lo cilindru darbn\u012bca ir apr\u012bkota ar da\u017e\u0101du specifik\u0101ciju pusautom\u0101tisku t\u012br\u012b\u0161anas mont\u0101\u017eas sist\u0113mu ar projekt\u0113to gada ra\u017eo\u0161anas jaudu 200 000 vien\u012bbu un apr\u012bkota ar slaven\u0101m CNC apstr\u0101des iek\u0101rt\u0101m, apstr\u0101des centru, augstas precizit\u0101tes cilindru apstr\u0101des speci\u0101lo apr\u012bkojumu, robotiz\u0113tu metin\u0101\u0161anas iek\u0101rtu, autom\u0101tisku t\u012br\u012b\u0161anas iek\u0101rtu, autom\u0101tisku cilindru mont\u0101\u017eas iek\u0101rtu un autom\u0101tisku kr\u0101so\u0161anas ra\u017eo\u0161anas l\u012bniju. Eso\u0161ais kritiskais apr\u012bkojums ir vair\u0101k nek\u0101 300 komplektu (komplektu). Optim\u0101la iek\u0101rtu resursu sadale un efekt\u012bva izmanto\u0161ana nodro\u0161ina produktu precizit\u0101tes pras\u012bbas un apmierina produktu augst\u0101s kvalit\u0101tes pras\u012bbas.<\/p>\n<p><img loading=\"lazy\" decoding=\"async\" class=\"alignnone wp-image-626\" src=\"https:\/\/hydraulic-cylinders.net\/wp-content\/uploads\/2023\/08\/hydraulic-cylinder-product-1-300x158.webp\" alt=\"\" width=\"495\" height=\"260\" srcset=\"https:\/\/hydraulic-cylinders.net\/wp-content\/uploads\/2023\/08\/hydraulic-cylinder-product-1-300x158.webp 495w, https:\/\/hydraulic-cylinders.net\/wp-content\/uploads\/2023\/08\/hydraulic-cylinder-product-1-480x252.webp 480w\" sizes=\"(min-width: 0px) and (max-width: 480px) 480px, (min-width: 481px) 495px, 100vw\" \/> <img loading=\"lazy\" decoding=\"async\" class=\"alignnone wp-image-627\" src=\"https:\/\/hydraulic-cylinders.net\/wp-content\/uploads\/2023\/08\/hydraulic-cylinder-product-2-300x189.webp\" alt=\"\" width=\"413\" height=\"260\" \/><\/p>\n<h3>(2) Apstr\u0101de<\/h3>\n<p>Apstr\u0101des cehs ir apr\u012bkots ar piel\u0101gotu sl\u012bpo slie\u017eu virpo\u0161anas centru, apstr\u0101des centru, \u0101trgaitas asin\u0101\u0161anas ma\u0161\u012bnu, metin\u0101\u0161anas robotu un citu saist\u012btu apr\u012bkojumu, kas var apstr\u0101d\u0101t cilindriskas caurules ar maksim\u0101lo iek\u0161\u0113jo diametru 400 mm un maksim\u0101lo garumu 6 metri.<\/p>\n<p><img loading=\"lazy\" decoding=\"async\" class=\"alignnone wp-image-628 size-large\" src=\"https:\/\/hydraulic-cylinders.net\/wp-content\/uploads\/2023\/08\/hydraulic-cylinder-product-3-1024x391.webp\" alt=\"\" width=\"1024\" height=\"391\" srcset=\"https:\/\/hydraulic-cylinders.net\/wp-content\/uploads\/2023\/08\/hydraulic-cylinder-product-3-980x374.webp 980w, https:\/\/hydraulic-cylinders.net\/wp-content\/uploads\/2023\/08\/hydraulic-cylinder-product-3-480x183.webp 480w\" sizes=\"(min-width: 0px) and (max-width: 480px) 480px, (min-width: 481px) and (max-width: 980px) 980px, (min-width: 981px) 1024px, 100vw\" \/><\/p>\n<h3>(3) Metin\u0101\u0161ana<\/h3>\n<p><img loading=\"lazy\" decoding=\"async\" class=\"alignnone wp-image-629 size-large\" src=\"https:\/\/hydraulic-cylinders.net\/wp-content\/uploads\/2023\/08\/hydraulic-cylinder-product-4-1024x510.webp\" alt=\"\" width=\"1024\" height=\"510\" srcset=\"https:\/\/hydraulic-cylinders.net\/wp-content\/uploads\/2023\/08\/hydraulic-cylinder-product-4-980x488.webp 980w, https:\/\/hydraulic-cylinders.net\/wp-content\/uploads\/2023\/08\/hydraulic-cylinder-product-4-480x239.webp 480w\" sizes=\"(min-width: 0px) and (max-width: 480px) 480px, (min-width: 481px) and (max-width: 980px) 980px, (min-width: 981px) 1024px, 100vw\" \/><\/p>\n<h3>(4) Kr\u0101so\u0161ana un p\u0101rkl\u0101\u0161ana<\/h3>\n<p>Ar maz\u0101m un vid\u0113ja izm\u0113ra cilindrisk\u0101m autom\u0101tisk\u0101m \u016bdens b\u0101zes kr\u0101su p\u0101rkl\u0101\u0161anas l\u012bnij\u0101m, lai pan\u0101ktu autom\u0101tisku robotu iekrau\u0161anu un izkrau\u0161anu un autom\u0101tisku izsmidzin\u0101\u0161anu, projekt\u0113t\u0101 jauda ir 4000 gabali mai\u0146\u0101;<br \/>\nMums ir ar\u012b pusautom\u0101tiska kr\u0101su ra\u017eo\u0161anas l\u012bnija lieliem baloniem, ko darbina \u0137\u0113des piedzi\u0146a, ar 60 kastu konstrukcijas jaudu vien\u0101 mai\u0146\u0101.<\/p>\n<p><img loading=\"lazy\" decoding=\"async\" class=\"alignnone wp-image-630\" src=\"https:\/\/hydraulic-cylinders.net\/wp-content\/uploads\/2023\/08\/hydraulic-cylinder-product-5-300x213.webp\" alt=\"\" width=\"366\" height=\"260\" \/> <img loading=\"lazy\" decoding=\"async\" class=\"alignnone wp-image-631\" src=\"https:\/\/hydraulic-cylinders.net\/wp-content\/uploads\/2023\/08\/hydraulic-cylinder-product-6-300x225.webp\" alt=\"\" width=\"347\" height=\"260\" \/><\/p>\n<h3>(5) Test\u0113\u0161ana<\/h3>\n<p>Mums ir augst\u0101k\u0101s klases p\u0101rbaudes iek\u0101rtas un test\u0113\u0161anas stendi, lai nodro\u0161in\u0101tu, ka balona veiktsp\u0113ja atbilst pras\u012bb\u0101m.<\/p>\n<p><img loading=\"lazy\" decoding=\"async\" class=\"alignnone wp-image-632\" src=\"https:\/\/hydraulic-cylinders.net\/wp-content\/uploads\/2023\/08\/hydraulic-cylinder-product-8-300x200.webp\" alt=\"\" width=\"389\" height=\"260\" \/><\/p>\n<p>&nbsp;<\/p>\n<p>&nbsp;<\/p>\n<p>M\u0113s esam viens no lab\u0101kajiem in\u017eeniertehnisko hidraulisko cilindru ra\u017eot\u0101jiem. M\u0113s varam pied\u0101v\u0101t pla\u0161u in\u017eeniertehnisko hidraulisko cilindru kl\u0101stu. M\u0113s nodro\u0161in\u0101m ar\u012b atbilsto\u0161us <a href=\"https:\/\/hzpt.com\/agricultural-pto-gearbox\/\" target=\"_blank\" rel=\"noopener\">lauksaimniec\u012bbas p\u0101rnesumk\u0101rbas<\/a>M\u0113s esam eksport\u0113ju\u0161i savus produktus klientiem vis\u0101 pasaul\u0113 un ieguvu\u0161i labu reput\u0101ciju, pateicoties m\u016bsu augst\u0101kajai produktu kvalit\u0101tei un p\u0113cp\u0101rdo\u0161anas apkalpo\u0161anai. M\u0113s sirsn\u012bgi sveicam klientus gan m\u0101j\u0101s, gan \u0101rzem\u0113s sazin\u0101ties ar mums, lai veiktu dar\u012bjumus, apmain\u012btos ar inform\u0101ciju un\u00a0<a href=\"https:\/\/www.hydraulic-cylinders.net\/lv\/contact-us\/\">sadarboties ar mums<\/a>!<\/p>\n<h2><\/h2>\n<h2><\/h2>\n<h2><\/h2>","protected":false},"excerpt":{"rendered":"<p>Pistion Rod End Is External Threaded Rod Head Earring Connection Engineering Hydraulic Cylinder The piston rod end has an externally threaded rod head earring connection, usually consisting of a threaded rod head at the end of the piston rod. The rod head has external threads and can be connected to external components or load-bearing structures. [&hellip;]<\/p>","protected":false},"featured_media":1116,"comment_status":"open","ping_status":"closed","template":"","meta":{"_et_pb_use_builder":"","_et_pb_old_content":"","_et_gb_content_width":""},"product_brand":[],"product_cat":[1376],"product_tag":[1380],"class_list":{"0":"post-1111","1":"product","2":"type-product","3":"status-publish","4":"has-post-thumbnail","6":"product_cat-hydraulic-cylinder","7":"product_tag-hydraulic-cylinder","9":"first","10":"instock","11":"shipping-taxable","12":"product-type-simple"},"amp_enabled":true,"_links":{"self":[{"href":"https:\/\/www.hydraulic-cylinders.net\/lv\/wp-json\/wp\/v2\/product\/1111","targetHints":{"allow":["GET"]}}],"collection":[{"href":"https:\/\/www.hydraulic-cylinders.net\/lv\/wp-json\/wp\/v2\/product"}],"about":[{"href":"https:\/\/www.hydraulic-cylinders.net\/lv\/wp-json\/wp\/v2\/types\/product"}],"replies":[{"embeddable":true,"href":"https:\/\/www.hydraulic-cylinders.net\/lv\/wp-json\/wp\/v2\/comments?post=1111"}],"wp:featuredmedia":[{"embeddable":true,"href":"https:\/\/www.hydraulic-cylinders.net\/lv\/wp-json\/wp\/v2\/media\/1116"}],"wp:attachment":[{"href":"https:\/\/www.hydraulic-cylinders.net\/lv\/wp-json\/wp\/v2\/media?parent=1111"}],"wp:term":[{"taxonomy":"product_brand","embeddable":true,"href":"https:\/\/www.hydraulic-cylinders.net\/lv\/wp-json\/wp\/v2\/product_brand?post=1111"},{"taxonomy":"product_cat","embeddable":true,"href":"https:\/\/www.hydraulic-cylinders.net\/lv\/wp-json\/wp\/v2\/product_cat?post=1111"},{"taxonomy":"product_tag","embeddable":true,"href":"https:\/\/www.hydraulic-cylinders.net\/lv\/wp-json\/wp\/v2\/product_tag?post=1111"}],"curies":[{"name":"wp","href":"https:\/\/api.w.org\/{rel}","templated":true}]}}