{"id":1117,"date":"2023-09-11T08:28:18","date_gmt":"2023-09-11T08:28:18","guid":{"rendered":"https:\/\/hydraulic-cylinders.net\/?post_type=product&#038;p=1117"},"modified":"2023-09-19T02:17:40","modified_gmt":"2023-09-19T02:17:40","slug":"pistion-rod-end-is-internal-threaded-rod-head-earring-connection-engineering-hydraulic-cylinder","status":"publish","type":"product","link":"https:\/\/www.hydraulic-cylinders.net\/lv\/products\/pistion-rod-end-is-internal-threaded-rod-head-earring-connection-engineering-hydraulic-cylinder\/","title":{"rendered":"Pistion Rod End ir iek\u0161\u0113j\u0101 v\u012bt\u0146ot\u0101 stie\u0146a galvas auskaru savienojums In\u017eenierzin\u0101tnes hidrauliskais cilindrs"},"content":{"rendered":"<h1 style=\"text-align: center;\"><strong>Pistion Rod End ir iek\u0161\u0113j\u0101 v\u012bt\u0146ot\u0101 stie\u0146a galvas auskaru savienojums In\u017eenierzin\u0101tnes hidrauliskais cilindrs<\/strong><\/h1>\n<p>Virzu\u013ca stie\u0146a gals \u2013 v\u012bt\u0146ota stie\u0146a galvas auskaru savienojums. In\u017eeniertehniskais hidrauliskais cilindrs ir augstas veiktsp\u0113jas hidrauliska sast\u0101vda\u013ca uzticamai un efekt\u012bvai darb\u012bbai da\u017e\u0101dos in\u017eeniertehniskos pielietojumos. \u0160is produkts nodro\u0161ina dro\u0161u un uzticamu savienojumu starp virzu\u013ca stie\u0146a galu un \u0101r\u0113jo neso\u0161o konstrukciju, garant\u0113jot optim\u0101lu veiktsp\u0113ju un vienm\u0113r\u012bgu hidraulisk\u0101 cilindra darb\u012bbu.<\/p>\n<p>HSG s\u0113rijas in\u017eeniertehniskais hidrauliskais cilindrs ir divk\u0101r\u0161as darb\u012bbas virzu\u013cstie\u0146a hidrauliskais cilindrs. Uzst\u0101d\u012b\u0161anas re\u017e\u012bm\u0101 tiek izmantots auskaru tips. Atkar\u012bb\u0101 no cilindra galvas un cilindra bloka savienojuma ir tr\u012bs veidu savienojumi: \u0101r\u0113j\u0101 v\u012btne, iek\u0161\u0113jais kritiskais savienojums un atloka savienojums. In\u017eeniertehnisko hidraulisko cilindru galvenok\u0101rt izmanto b\u016bvniec\u012bb\u0101, cel\u0161an\u0101, ieguves r\u016bpniec\u012bb\u0101 un cit\u0101s hidrauliskaj\u0101s sist\u0113m\u0101s.<\/p>\n<p><img loading=\"lazy\" decoding=\"async\" class=\"aligncenter wp-image-1133\" src=\"https:\/\/hydraulic-cylinders.net\/wp-content\/uploads\/2023\/09\/hsg-hydraulic-cylinder-5-1-300x300.webp\" alt=\"\" width=\"400\" height=\"400\" \/><\/p>\n<h2><strong>HSG Engineering hidraulisk\u0101 cilindra parametrs<\/strong><strong>:<img loading=\"lazy\" decoding=\"async\" class=\"alignnone wp-image-1120 size-large\" src=\"https:\/\/hydraulic-cylinders.net\/wp-content\/uploads\/2023\/09\/hsg-engineering-hydraulic-cylinder-parameter-1-2-1024x739.webp\" alt=\"\" width=\"1024\" height=\"739\" srcset=\"https:\/\/hydraulic-cylinders.net\/wp-content\/uploads\/2023\/09\/hsg-engineering-hydraulic-cylinder-parameter-1-2-980x707.webp 980w, https:\/\/hydraulic-cylinders.net\/wp-content\/uploads\/2023\/09\/hsg-engineering-hydraulic-cylinder-parameter-1-2-480x347.webp 480w\" sizes=\"(min-width: 0px) and (max-width: 480px) 480px, (min-width: 481px) and (max-width: 980px) 980px, (min-width: 981px) 1024px, 100vw\" \/> <img loading=\"lazy\" decoding=\"async\" class=\"alignnone wp-image-1121 size-large\" src=\"https:\/\/hydraulic-cylinders.net\/wp-content\/uploads\/2023\/09\/hsg-engineering-hydraulic-cylinder-parameter-6-628x1024.webp\" alt=\"\" width=\"628\" height=\"1024\" \/> <img loading=\"lazy\" decoding=\"async\" class=\"alignnone wp-image-1122 size-large\" src=\"https:\/\/hydraulic-cylinders.net\/wp-content\/uploads\/2023\/09\/hsg-engineering-hydraulic-cylinder-parameter-7-844x1024.webp\" alt=\"\" width=\"844\" height=\"1024\" \/><\/strong><\/h2>\n<h2><strong>HSG in\u017eenierijas hidrauliskais cilindrs <\/strong><strong>Lieto\u0161anas metode<\/strong><strong>:<\/strong><\/h2>\n<ol>\n<li><strong>Identific\u0113jiet iek\u0161\u0113jo v\u012btni:<\/strong>\n<ul>\n<li>Nosakiet iek\u0161\u0113j\u0101s v\u012btnes specifik\u0101cijas, tostarp izm\u0113rus, soli un tipu, ko nor\u0101d\u012bjis ra\u017eot\u0101js.<\/li>\n<li>Lai prec\u012bzi izm\u0113r\u012btu iek\u0161\u0113jos v\u012btnes izm\u0113rus, izmantojiet v\u012btnes m\u0113rinstrumentus vai suportus.<\/li>\n<\/ul>\n<\/li>\n<li><strong>Izv\u0113lieties sader\u012bgas sast\u0101vda\u013cas:<\/strong>\n<ul>\n<li>Izv\u0113lieties neso\u0161o konstrukciju vai komponentu ar \u0101r\u0113jo v\u012btni, kas atbilst virzu\u013ca stie\u0146a gala iek\u0161\u0113j\u0101s v\u012btnes specifik\u0101cijai.<\/li>\n<li>P\u0101rliecinieties, vai izv\u0113l\u0113t\u0101s sast\u0101vda\u013cas ir t\u012bras, nesagraujo\u0161as un atbilst hidraulisk\u0101s sist\u0113mas pras\u012bb\u0101m.<\/li>\n<\/ul>\n<\/li>\n<li><strong>V\u012btnes savienojums:<\/strong>\n<ul>\n<li>Novietojiet mezgla \u0101r\u0113jo v\u012bt\u0146oto da\u013cu ar iek\u0161\u0113jo v\u012bt\u0146oto caurumu\/ligzdu virzu\u013ca stie\u0146a gal\u0101.<\/li>\n<li>Pagrieziet komponentu pulkste\u0146r\u0101d\u012bt\u0101ja virzien\u0101, lai savienotos ar v\u012btni.<\/li>\n<li>Ar roku pievelciet savienojumu, l\u012bdz tas ir cie\u0161i piegu\u013co\u0161s.<\/li>\n<\/ul>\n<\/li>\n<li><strong>Nodro\u0161iniet savienojumu:<\/strong>\n<ul>\n<li>Izmantojiet atbilsto\u0161u instrumentu, piem\u0113ram, uzgrie\u017e\u0146u atsl\u0113gu vai skr\u016bvgriezi, lai v\u0113l vair\u0101k pievilktu savienojumu un p\u0101rliecin\u0101tos, ka tas ir dro\u0161i nostiprin\u0101ts.<\/li>\n<li>Nep\u0101rsavelciet, jo tas var saboj\u0101t v\u012btnes vai deta\u013cas.<\/li>\n<\/ul>\n<\/li>\n<\/ol>\n<h2><strong>HSG in\u017eenierijas hidrauliskais cilindrs <\/strong><strong>Raksturojums<\/strong><strong>:<\/strong><\/h2>\n<ul>\n<li style=\"list-style-type: none;\">\n<ul>\n<li><strong>Iztur\u012bga konstrukcija:<\/strong> Hidrauliskais cilindrs ir iztur\u012bgs un ilgm\u016b\u017e\u012bgs, \u013caujot tam iztur\u0113t sare\u017e\u0123\u012btus in\u017eeniertehniskos pielietojumus.<\/li>\n<li>Dro\u0161s savienojums: Iek\u0161\u0113jais v\u012bt\u0146ot\u0101 stie\u0146a galvas auskaru savienojums nodro\u0161ina uzticamu un dro\u0161u stiprin\u0101jumu, nodro\u0161inot stabilit\u0101ti un nov\u0113r\u0161ot nejau\u0161u atvieno\u0161anos.<\/li>\n<li><strong>Sader\u012bba:<\/strong> Produkts ir izstr\u0101d\u0101ts sader\u012bbai ar da\u017e\u0101d\u0101m neso\u0161aj\u0101m konstrukcij\u0101m un komponentiem, pied\u0101v\u0101jot daudzpus\u012bbu in\u017eeniertehniskajos projektos.<\/li>\n<li><strong>Vienm\u0113r\u012bga darb\u012bba:<\/strong> Prec\u012bza virzu\u013ca stie\u0146a gala un iek\u0161\u0113j\u0101s v\u012btnes konstrukcija nodro\u0161ina vienm\u0113r\u012bgu un efekt\u012bvu hidraulisk\u0101 cilindra kust\u012bbu, samazinot berzi un uzlabojot kop\u0113jo veiktsp\u0113ju.<\/li>\n<li><strong>Vienk\u0101r\u0161a apkope:<\/strong> V\u012bt\u0146otais savienojums atvieglo deta\u013cu p\u0101rbaudi, e\u013c\u013co\u0161anu un nomai\u0146u, vienk\u0101r\u0161ojot apkopes uzdevumus.<\/li>\n<\/ul>\n<\/li>\n<\/ul>\n<h2><strong>K\u0101 izjaukt John Deere hidraulisko cilindru?<\/strong><\/h2>\n<p>Lai izjauktu John Deere hidraulisko cilindru, veiciet t\u0101l\u0101k nor\u0101d\u012bt\u0101s visp\u0101r\u012bg\u0101s darb\u012bbas.<\/p>\n<ol>\n<li><strong>Sagatavo\u0161ana:<\/strong>\n<ul>\n<li>P\u0101rliecinieties, ka hidrauliskaj\u0101 sist\u0113m\u0101 nav spiediena un cilindrs ir ievilkts.<\/li>\n<li>Sagatavojiet nepiecie\u0161amos instrumentus demont\u0101\u017eai, piem\u0113ram, uzgrie\u017e\u0146u atsl\u0113gas, knaibles un gumijas \u0101muru.<\/li>\n<li>Novietojiet t\u012bru darba vietu vai solu ar pietiekami daudz vietas, lai sak\u0101rtotu un p\u0101rvietotu cilindra komponentus.<\/li>\n<\/ul>\n<\/li>\n<li>\u0100r\u0113jo savienojumu no\u0146em\u0161ana:\n<ul>\n<li>Identific\u0113jiet hidraulisk\u0101s \u0161\u013c\u016btenes, savienojumus vai citus \u0101r\u0113jos savienojumus, kas piestiprin\u0101ti pie cilindra.<\/li>\n<li>Izmantojiet atbilsto\u0161us instrumentus, lai atbr\u012bvotu un atvienotu \u0161os savienojumus, nov\u0113r\u0161ot hidraulisk\u0101 \u0161\u0137idruma nopl\u016bdi.<\/li>\n<li>Lai nov\u0113rstu pies\u0101r\u0146ojumu, aizb\u0101\u017e vai aizb\u0101\u017e hidraulisko l\u012bniju atv\u0113rtos galus.<\/li>\n<\/ul>\n<\/li>\n<li><strong>Nostipriniet cilindru:<\/strong>\n<ul>\n<li>Dro\u0161i ievietojiet cilindru skr\u016bvsp\u012bl\u0113s vai l\u012bdz\u012bg\u0101 stiprin\u0101juma armat\u016br\u0101, neboj\u0101jot cilindra korpusu vai stieni.<\/li>\n<\/ul>\n<\/li>\n<li><strong>No\u0146emiet stie\u0146a gala v\u0101ci\u0146u:<\/strong>\n<ul>\n<li>Atrodiet stie\u0146a gala v\u0101ci\u0146u, parasti cilindra gal\u0101, kas atrodas pret\u012b virzulim.<\/li>\n<li>Izmantojiet atbilsto\u0161u uzgrie\u017e\u0146u atsl\u0113gu vai ligzdu, lai atskr\u016bv\u0113tu un no\u0146emtu skr\u016bves, kas nostiprina stie\u0146a gala v\u0101ci\u0146u.<\/li>\n<li>Viegli uzsitiet pa gala v\u0101ci\u0146u ar gumijas \u0101muru, lai p\u0101rrautu jebk\u0101du bl\u012bv\u0113jumu vai l\u012bmes saiti.<\/li>\n<\/ul>\n<\/li>\n<li><strong>Atdaliet stie\u0146a un virzu\u013ca mezglu:<\/strong>\n<ul>\n<li>Kad stie\u0146a gala v\u0101ci\u0146\u0161 ir no\u0146emts, uzman\u012bgi izb\u012bdiet stie\u0146a un virzu\u013ca komplektu no cilindra korpusa.<\/li>\n<li>Atbalstiet konstrukcijas svaru, lai nov\u0113rstu t\u0101s nokri\u0161anu vai boj\u0101jumu ra\u0161anos.<\/li>\n<\/ul>\n<\/li>\n<li><strong>Izjauciet stie\u0146a un virzu\u013ca mezglu:<\/strong>\n<ul>\n<li>P\u0101rbaudiet stie\u0146a un virzu\u013ca mezglu, vai taj\u0101 nav fiks\u0101cijas gredzenu, fiks\u0101cijas gredzenu vai citu vad\u012bbas ier\u012b\u010du.<\/li>\n<li>Lai no\u0146emtu \u0161\u012bs stiprin\u0101\u0161anas ier\u012bces, izmantojiet atbilsto\u0161us instrumentus, piem\u0113ram, knaibles vai fiks\u0101cijas gredzenu knaibles, lai var\u0113tu izjaukt mezglu pa sast\u0101vda\u013c\u0101m.<\/li>\n<li>Piev\u0113rsiet uzman\u012bbu katras sast\u0101vda\u013cas sec\u012bbai un orient\u0101cijai atk\u0101rtotas mont\u0101\u017eas laik\u0101.<\/li>\n<\/ul>\n<\/li>\n<li><strong>P\u0101rbaudiet un not\u012briet:<\/strong>\n<ul>\n<li>P\u0101rbaudiet visas izjaukt\u0101s sast\u0101vda\u013cas, vai nav nodiluma, boj\u0101jumu vai nopl\u016bdes paz\u012bmju.<\/li>\n<li>R\u016bp\u012bgi not\u012briet katru komponentu, izmantojot atbilsto\u0161u \u0161\u0137\u012bdin\u0101t\u0101ju vai t\u012br\u012b\u0161anas l\u012bdzekli, lai no\u0146emtu net\u012brumus, gru\u017eus un hidraulisk\u0101 \u0161\u0137idruma atlikumus.<\/li>\n<li>Pirms atk\u0101rtotas salik\u0161anas piln\u012bb\u0101 nosusiniet deta\u013cas.<\/li>\n<\/ul>\n<\/li>\n<li><strong>Salik\u0161ana:<\/strong>\n<ul>\n<li>Veiciet demont\u0101\u017eas darb\u012bbas apgriezt\u0101 sec\u012bb\u0101, iev\u0113rojot pareizo komponentu sec\u012bbu un orient\u0101ciju.<\/li>\n<li>Mont\u0101\u017eas laik\u0101 uz bl\u012bv\u0113m un kust\u012bgaj\u0101m da\u013c\u0101m uzkl\u0101jiet pl\u0101nu t\u012bra hidraulisk\u0101 \u0161\u0137idruma vai ieteicam\u0101s sm\u0113rvielas k\u0101rtu.<\/li>\n<li>P\u0101rliecinieties, vai visas deta\u013cas ir pareizi savienotas un pievilktas atbilsto\u0161i ra\u017eot\u0101ja specifik\u0101cij\u0101m.<\/li>\n<\/ul>\n<\/li>\n<\/ol>\n<h2><strong>R\u016bpn\u012bcas iesp\u0113jas un jauda:<\/strong><\/h2>\n<h3>(1) Mont\u0101\u017ea<\/h3>\n<p>Mums ir pirmklas\u012bga neatkar\u012bga p\u0113tniec\u012bbas un att\u012bst\u012bbas mont\u0101\u017eas platforma. Hidraulisko cilindru ra\u017eo\u0161anas darbn\u012bc\u0101 ir \u010detras pusautom\u0101tiskas pacel\u0161anas cilindru mont\u0101\u017eas l\u012bnijas un viena autom\u0101tisk\u0101 sl\u012bpuma cilindru mont\u0101\u017eas l\u012bnija ar projekt\u0113to gada ra\u017eo\u0161anas jaudu 1 miljons vien\u012bbu. Speci\u0101lo cilindru darbn\u012bca ir apr\u012bkota ar da\u017e\u0101du specifik\u0101ciju pusautom\u0101tisku t\u012br\u012b\u0161anas mont\u0101\u017eas sist\u0113mu ar projekt\u0113to gada ra\u017eo\u0161anas jaudu 200 000 vien\u012bbu un apr\u012bkota ar slaven\u0101m CNC apstr\u0101des iek\u0101rt\u0101m, apstr\u0101des centru, augstas precizit\u0101tes cilindru apstr\u0101des speci\u0101lo apr\u012bkojumu, robotiz\u0113tu metin\u0101\u0161anas iek\u0101rtu, autom\u0101tisku t\u012br\u012b\u0161anas iek\u0101rtu, autom\u0101tisku cilindru mont\u0101\u017eas iek\u0101rtu un autom\u0101tisku kr\u0101so\u0161anas ra\u017eo\u0161anas l\u012bniju. Eso\u0161ais kritiskais apr\u012bkojums ir vair\u0101k nek\u0101 300 komplektu (komplektu). Optim\u0101la iek\u0101rtu resursu sadale un efekt\u012bva izmanto\u0161ana nodro\u0161ina produktu precizit\u0101tes pras\u012bbas un apmierina produktu augst\u0101s kvalit\u0101tes pras\u012bbas.<\/p>\n<p><img loading=\"lazy\" decoding=\"async\" class=\"alignnone wp-image-626\" src=\"https:\/\/hydraulic-cylinders.net\/wp-content\/uploads\/2023\/08\/hydraulic-cylinder-product-1-300x158.webp\" alt=\"\" width=\"495\" height=\"260\" srcset=\"https:\/\/hydraulic-cylinders.net\/wp-content\/uploads\/2023\/08\/hydraulic-cylinder-product-1-300x158.webp 495w, https:\/\/hydraulic-cylinders.net\/wp-content\/uploads\/2023\/08\/hydraulic-cylinder-product-1-480x252.webp 480w\" sizes=\"(min-width: 0px) and (max-width: 480px) 480px, (min-width: 481px) 495px, 100vw\" \/> <img loading=\"lazy\" decoding=\"async\" class=\"alignnone wp-image-627\" src=\"https:\/\/hydraulic-cylinders.net\/wp-content\/uploads\/2023\/08\/hydraulic-cylinder-product-2-300x189.webp\" alt=\"\" width=\"413\" height=\"260\" \/><\/p>\n<h3>(2) Apstr\u0101de<\/h3>\n<p>Apstr\u0101des cehs ir apr\u012bkots ar piel\u0101gotu sl\u012bpo slie\u017eu virpo\u0161anas centru, apstr\u0101des centru, \u0101trgaitas asin\u0101\u0161anas ma\u0161\u012bnu, metin\u0101\u0161anas robotu un citu saist\u012btu apr\u012bkojumu, kas var apstr\u0101d\u0101t cilindriskas caurules ar maksim\u0101lo iek\u0161\u0113jo diametru 400 mm un maksim\u0101lo garumu 6 metri.<\/p>\n<p><img loading=\"lazy\" decoding=\"async\" class=\"alignnone wp-image-628 size-large\" src=\"https:\/\/hydraulic-cylinders.net\/wp-content\/uploads\/2023\/08\/hydraulic-cylinder-product-3-1024x391.webp\" alt=\"\" width=\"1024\" height=\"391\" srcset=\"https:\/\/hydraulic-cylinders.net\/wp-content\/uploads\/2023\/08\/hydraulic-cylinder-product-3-980x374.webp 980w, https:\/\/hydraulic-cylinders.net\/wp-content\/uploads\/2023\/08\/hydraulic-cylinder-product-3-480x183.webp 480w\" sizes=\"(min-width: 0px) and (max-width: 480px) 480px, (min-width: 481px) and (max-width: 980px) 980px, (min-width: 981px) 1024px, 100vw\" \/><\/p>\n<h3>(3) Metin\u0101\u0161ana<\/h3>\n<p><img loading=\"lazy\" decoding=\"async\" class=\"alignnone wp-image-629 size-large\" src=\"https:\/\/hydraulic-cylinders.net\/wp-content\/uploads\/2023\/08\/hydraulic-cylinder-product-4-1024x510.webp\" alt=\"\" width=\"1024\" height=\"510\" srcset=\"https:\/\/hydraulic-cylinders.net\/wp-content\/uploads\/2023\/08\/hydraulic-cylinder-product-4-980x488.webp 980w, https:\/\/hydraulic-cylinders.net\/wp-content\/uploads\/2023\/08\/hydraulic-cylinder-product-4-480x239.webp 480w\" sizes=\"(min-width: 0px) and (max-width: 480px) 480px, (min-width: 481px) and (max-width: 980px) 980px, (min-width: 981px) 1024px, 100vw\" \/><\/p>\n<h3>(4) Kr\u0101so\u0161ana un p\u0101rkl\u0101\u0161ana<\/h3>\n<p>Ar maz\u0101m un vid\u0113ja izm\u0113ra cilindrisk\u0101m autom\u0101tisk\u0101m \u016bdens b\u0101zes kr\u0101su p\u0101rkl\u0101\u0161anas l\u012bnij\u0101m, lai pan\u0101ktu autom\u0101tisku robotu iekrau\u0161anu un izkrau\u0161anu un autom\u0101tisku izsmidzin\u0101\u0161anu, projekt\u0113t\u0101 jauda ir 4000 gabali mai\u0146\u0101;<br \/>\nMums ir ar\u012b pusautom\u0101tiska kr\u0101su ra\u017eo\u0161anas l\u012bnija lieliem baloniem, ko darbina \u0137\u0113des piedzi\u0146a, ar 60 kastu konstrukcijas jaudu vien\u0101 mai\u0146\u0101.<\/p>\n<p><img loading=\"lazy\" decoding=\"async\" class=\"alignnone wp-image-630\" src=\"https:\/\/hydraulic-cylinders.net\/wp-content\/uploads\/2023\/08\/hydraulic-cylinder-product-5-300x213.webp\" alt=\"\" width=\"366\" height=\"260\" \/> <img loading=\"lazy\" decoding=\"async\" class=\"alignnone wp-image-631\" src=\"https:\/\/hydraulic-cylinders.net\/wp-content\/uploads\/2023\/08\/hydraulic-cylinder-product-6-300x225.webp\" alt=\"\" width=\"347\" height=\"260\" \/><\/p>\n<h3>(5) Test\u0113\u0161ana<\/h3>\n<p>Mums ir augst\u0101k\u0101s klases p\u0101rbaudes iek\u0101rtas un test\u0113\u0161anas stendi, lai nodro\u0161in\u0101tu, ka balona veiktsp\u0113ja atbilst pras\u012bb\u0101m.<\/p>\n<p><img loading=\"lazy\" decoding=\"async\" class=\"alignnone wp-image-632\" src=\"https:\/\/hydraulic-cylinders.net\/wp-content\/uploads\/2023\/08\/hydraulic-cylinder-product-8-300x200.webp\" alt=\"\" width=\"389\" height=\"260\" \/><\/p>\n<p>&nbsp;<\/p>\n<p>&nbsp;<\/p>\n<p>M\u0113s esam viens no lab\u0101kajiem in\u017eeniertehnisko hidraulisko cilindru ra\u017eot\u0101jiem. M\u0113s varam pied\u0101v\u0101t pla\u0161u in\u017eeniertehnisko hidraulisko cilindru kl\u0101stu. M\u0113s nodro\u0161in\u0101m ar\u012b atbilsto\u0161us <a href=\"https:\/\/hzpt.com\/agricultural-pto-gearbox\/\" target=\"_blank\" rel=\"noopener\">lauksaimniec\u012bbas p\u0101rnesumk\u0101rbas<\/a>M\u0113s esam eksport\u0113ju\u0161i savus produktus klientiem vis\u0101 pasaul\u0113 un ieguvu\u0161i labu reput\u0101ciju, pateicoties m\u016bsu augst\u0101kajai produktu kvalit\u0101tei un p\u0113cp\u0101rdo\u0161anas apkalpo\u0161anai. M\u0113s sirsn\u012bgi sveicam klientus gan m\u0101j\u0101s, gan \u0101rzem\u0113s sazin\u0101ties ar mums, lai veiktu dar\u012bjumus, apmain\u012btos ar inform\u0101ciju un\u00a0<a href=\"https:\/\/www.hydraulic-cylinders.net\/lv\/contact-us\/\">sadarboties ar mums<\/a>!<\/p>\n<h2><\/h2>\n<h2><\/h2>","protected":false},"excerpt":{"rendered":"<p>Pistion Rod End Is Internal Threaded Rod Head Earring Connection Engineering Hydraulic Cylinder Piston rod end &#8211; Threaded rod head earring connection Engineering hydraulic cylinder is a high-performance hydraulic component for reliable and efficient operation in various engineering applications. This product provides a safe and reliable connection between the piston rod end and the external [&hellip;]<\/p>","protected":false},"featured_media":1134,"comment_status":"open","ping_status":"closed","template":"","meta":{"_et_pb_use_builder":"","_et_pb_old_content":"","_et_gb_content_width":""},"product_brand":[],"product_cat":[1376],"product_tag":[1380],"class_list":{"0":"post-1117","1":"product","2":"type-product","3":"status-publish","4":"has-post-thumbnail","6":"product_cat-hydraulic-cylinder","7":"product_tag-hydraulic-cylinder","9":"first","10":"instock","11":"shipping-taxable","12":"product-type-simple"},"amp_enabled":true,"_links":{"self":[{"href":"https:\/\/www.hydraulic-cylinders.net\/lv\/wp-json\/wp\/v2\/product\/1117","targetHints":{"allow":["GET"]}}],"collection":[{"href":"https:\/\/www.hydraulic-cylinders.net\/lv\/wp-json\/wp\/v2\/product"}],"about":[{"href":"https:\/\/www.hydraulic-cylinders.net\/lv\/wp-json\/wp\/v2\/types\/product"}],"replies":[{"embeddable":true,"href":"https:\/\/www.hydraulic-cylinders.net\/lv\/wp-json\/wp\/v2\/comments?post=1117"}],"wp:featuredmedia":[{"embeddable":true,"href":"https:\/\/www.hydraulic-cylinders.net\/lv\/wp-json\/wp\/v2\/media\/1134"}],"wp:attachment":[{"href":"https:\/\/www.hydraulic-cylinders.net\/lv\/wp-json\/wp\/v2\/media?parent=1117"}],"wp:term":[{"taxonomy":"product_brand","embeddable":true,"href":"https:\/\/www.hydraulic-cylinders.net\/lv\/wp-json\/wp\/v2\/product_brand?post=1117"},{"taxonomy":"product_cat","embeddable":true,"href":"https:\/\/www.hydraulic-cylinders.net\/lv\/wp-json\/wp\/v2\/product_cat?post=1117"},{"taxonomy":"product_tag","embeddable":true,"href":"https:\/\/www.hydraulic-cylinders.net\/lv\/wp-json\/wp\/v2\/product_tag?post=1117"}],"curies":[{"name":"wp","href":"https:\/\/api.w.org\/{rel}","templated":true}]}}