{"id":1153,"date":"2023-09-12T02:21:39","date_gmt":"2023-09-12T02:21:39","guid":{"rendered":"https:\/\/hydraulic-cylinders.net\/?post_type=product&#038;p=1153"},"modified":"2023-09-19T02:24:44","modified_gmt":"2023-09-19T02:24:44","slug":"axial-tripod-type-metallurgical-hydraulic-cylinder","status":"publish","type":"product","link":"https:\/\/www.hydraulic-cylinders.net\/lv\/products\/axial-tripod-type-metallurgical-hydraulic-cylinder\/","title":{"rendered":"Aksi\u0101lais stat\u012bva tipa metalur\u0123ijas hidrauliskais cilindrs"},"content":{"rendered":"<h1 style=\"text-align: center;\"><strong>Aksi\u0101lais stat\u012bva tipa metalur\u0123ijas hidrauliskais cilindrs<\/strong><\/h1>\n<p>Aksi\u0101lais trijk\u0101ja tipa metalur\u0123iskais hidrauliskais cilindrs ir \u013coti efekt\u012bva un iztur\u012bga sast\u0101vda\u013ca, kas \u012bpa\u0161i paredz\u0113ta metalur\u0123isk\u0101m vajadz\u012bb\u0101m. \u0160is produkts pied\u0101v\u0101 izcilu veiktsp\u0113ju, prec\u012bzu vad\u012bbu un uzticamu darb\u012bbu sare\u017e\u0123\u012btos r\u016bpnieciskos apst\u0101k\u013cos. T\u0101 unik\u0101lais aksi\u0101l\u0101 trijk\u0101ja dizains nodro\u0161ina stabilit\u0101ti, precizit\u0101ti un uzlabotu dro\u0161\u012bbu.<\/p>\n<p>Y-HG1 s\u0113rijas metalur\u0123isk\u0101s iek\u0101rtas hidrauliskais cilindrs divk\u0101r\u0161as darb\u012bbas virzu\u013ccilindram, cilindra diametrs parasti ir 40 ~ 320 mm, darba spiediens &lt;= 16mpa, hidraulisk\u0101s e\u013c\u013cas meh\u0101nisko sist\u0113mu var izmantot emulsijas un citu darba l\u012bdzek\u013cu zaud\u0113\u0161anai, atloku, auskaru, tapu, sl\u0113d\u017eu (pamatnes) un da\u017e\u0101du veidu uzst\u0101d\u012b\u0161anai.<\/p>\n<p>Augstas precizit\u0101tes CNC asin\u0101\u0161anas ma\u0161\u012bna, autom\u0101tisk\u0101 metin\u0101\u0161anas iek\u0101rta, vertik\u0101lais, horizont\u0101lais apstr\u0101des centrs, port\u0101la apstr\u0101des centrs, CNC virpa un citas apstr\u0101des iek\u0101rtas, produktu kvalit\u0101te ir stabila un garant\u0113ta.<\/p>\n<p><img loading=\"lazy\" decoding=\"async\" class=\"aligncenter wp-image-1154\" src=\"https:\/\/hydraulic-cylinders.net\/wp-content\/uploads\/2023\/09\/axial-tripod-type-metallurgical-hydraulic-cylinder-2-300x300.webp\" alt=\"\" width=\"400\" height=\"399\" \/><\/p>\n<h2><strong>Aksi\u0101l\u0101 stat\u012bva tipa metalur\u0123isk\u0101 hidraulisk\u0101 cilindra parametrs:<\/strong><\/h2>\n<p><img loading=\"lazy\" decoding=\"async\" class=\"alignnone wp-image-1155 size-large\" src=\"https:\/\/hydraulic-cylinders.net\/wp-content\/uploads\/2023\/09\/axial-tripod-type-metallurgical-hydraulic-cylinder-1-1024x715.webp\" alt=\"\" width=\"1024\" height=\"715\" srcset=\"https:\/\/hydraulic-cylinders.net\/wp-content\/uploads\/2023\/09\/axial-tripod-type-metallurgical-hydraulic-cylinder-1-1024x715.webp 1024w, https:\/\/hydraulic-cylinders.net\/wp-content\/uploads\/2023\/09\/axial-tripod-type-metallurgical-hydraulic-cylinder-1-980x684.webp 980w, https:\/\/hydraulic-cylinders.net\/wp-content\/uploads\/2023\/09\/axial-tripod-type-metallurgical-hydraulic-cylinder-1-480x335.webp 480w\" sizes=\"(min-width: 0px) and (max-width: 480px) 480px, (min-width: 481px) and (max-width: 980px) 980px, (min-width: 981px) 1024px, 100vw\" \/><\/p>\n<h2><strong>Aksi\u0101lais stat\u012bva tipa metalur\u0123ijas hidrauliskais cilindrs <\/strong><strong>Lieto\u0161anas metode<\/strong><strong>:<\/strong><\/h2>\n<ol>\n<li><strong>Mont\u0101\u017ea un uzst\u0101d\u012b\u0161ana:<\/strong>\n<ul>\n<li>Nosakiet atbilsto\u0161o hidraulisk\u0101 cilindra uzst\u0101d\u012b\u0161anas poz\u012bciju atbilsto\u0161i konkr\u0113tajam metalur\u0123iskajam pielietojumam un apr\u012bkojuma pras\u012bb\u0101m.<\/li>\n<li>P\u0101rliecinieties, vai mont\u0101\u017eas virsma ir t\u012bra, l\u012bdzena un sp\u0113j\u012bga iztur\u0113t cilindra slodzi.<\/li>\n<\/ul>\n<\/li>\n<li><strong>Savienojums ar hidraulisko sist\u0113mu:<\/strong>\n<ul>\n<li>Pievienojiet hidraulisko cilindru hidrauliskajai sist\u0113mai, izmantojot sader\u012bgas hidraulisk\u0101s \u0161\u013c\u016btenes vai caurules.<\/li>\n<li>Nodro\u0161iniet pareizu izl\u012bdzin\u0101\u0161anu un dro\u0161u savienojumu, lai nov\u0113rstu nopl\u016bdes.<\/li>\n<\/ul>\n<\/li>\n<li><strong>Sist\u0113mas integr\u0101cija un kalibr\u0113\u0161ana:<\/strong>\n<ul>\n<li>Saska\u0146\u0101 ar ra\u017eot\u0101ja vadl\u012bnij\u0101m integr\u0113jiet metalur\u0123iskos hidrauliskos cilindrus metalur\u0123iskaj\u0101s iek\u0101rt\u0101s vai sist\u0113m\u0101s.<\/li>\n<li>Kalibr\u0113jiet sist\u0113mu, lai sasniegtu v\u0113lamo veiktsp\u0113ju un darb\u012bbas parametrus.<\/li>\n<\/ul>\n<\/li>\n<li><strong>Cilindra darb\u012bba:<\/strong>\n<ul>\n<li>Aktiviz\u0113jiet hidraulisko sist\u0113mu, lai rad\u012btu spiedienu un uzs\u0101ktu hidraulisk\u0101 cilindra kust\u012bbu.<\/li>\n<li>Hidraulisk\u0101 vad\u012bbas sist\u0113ma kontrol\u0113 cilindra pagarin\u0101\u0161anu, ievilk\u0161anu un pozicion\u0113\u0161anu.<\/li>\n<\/ul>\n<\/li>\n<\/ol>\n<h2><strong>Aksi\u0101lais stat\u012bva tipa metalur\u0123ijas hidrauliskais cilindrs <\/strong><strong>Apkope<\/strong><strong>:<\/strong><\/h2>\n<ol>\n<li><strong>Regul\u0101ra p\u0101rbaude:<\/strong>\n<ul>\n<li>Veiciet hidraulisk\u0101 cilindra regul\u0101ru p\u0101rbaudi, lai noteiktu nopl\u016bdes, nodiluma vai boj\u0101jumu paz\u012bmes.<\/li>\n<li>P\u0101rbaudiet mont\u0101\u017eas kron\u0161teinus, stiprin\u0101jumus un savienojumus, lai p\u0101rliecin\u0101tos, ka tie ir dro\u0161i un darbojas pareizi.<\/li>\n<\/ul>\n<\/li>\n<li><strong>E\u013c\u013co\u0161ana:<\/strong>\n<ul>\n<li>Iev\u0113rojiet ra\u017eot\u0101ja ieteikumus par e\u013c\u013co\u0161anas interv\u0101liem un izmantot\u0101s sm\u0113rvielas veidu.<\/li>\n<li>Uzkl\u0101jiet sm\u0113rvielu uz nepiecie\u0161amaj\u0101m deta\u013c\u0101m, piem\u0113ram, virzu\u013ca stie\u0146iem, bl\u012bv\u0113m un gult\u0146iem, lai samazin\u0101tu berzi un nodro\u0161in\u0101tu vienm\u0113r\u012bgu darb\u012bbu.<\/li>\n<\/ul>\n<\/li>\n<li><strong>T\u012br\u012b\u0161ana:<\/strong>\n<ul>\n<li>Uzturiet hidraulisko cilindru un apk\u0101rt\u0113jo vidi t\u012bru, lai izvair\u012btos no net\u012brumiem, gru\u017eiem un pies\u0101r\u0146ot\u0101jiem, kas ietekm\u0113 hidraulisk\u0101 cilindra darb\u012bbu.<\/li>\n<li>Izmantojiet atbilsto\u0161as \u200b\u200bt\u012br\u012b\u0161anas metodes un materi\u0101lus, lai nesaboj\u0101tu cilindru vai t\u0101 sast\u0101vda\u013cas.<\/li>\n<\/ul>\n<\/li>\n<\/ol>\n<h2><strong>K\u0101 izjaukt hidraulisko cilindru?<\/strong><\/h2>\n<p>Hidraulisk\u0101 cilindra izjauk\u0161ana prasa r\u016bp\u012bgu demont\u0101\u017eu, lai izvair\u012btos no boj\u0101jumiem un nodro\u0161in\u0101tu dro\u0161u apie\u0161anos. \u0160eit ir nor\u0101d\u012btas visp\u0101r\u012bg\u0101s darb\u012bbas, kas j\u0101veic:<\/p>\n<ol>\n<li><strong>Dro\u0161\u012bbas pas\u0101kumi:<\/strong>\n<ul>\n<li>P\u0101rliecinieties, ka hidrauliskaj\u0101 sist\u0113m\u0101 nav spiediena un cilindrs ir ievilkts.<\/li>\n<li>Izmantojiet atbilsto\u0161us individu\u0101los aizsardz\u012bbas l\u012bdzek\u013cus, piem\u0113ram, cimdus un aizsargbrilles.<\/li>\n<li>Sagatavojiet t\u012bru un organiz\u0113tu darba vietu ar atbilsto\u0161u apgaismojumu un ventil\u0101ciju.<\/li>\n<\/ul>\n<\/li>\n<li><strong>Identific\u0113jiet cilindra sast\u0101vda\u013cas:<\/strong>\n<ul>\n<li>Iepaz\u012bstieties ar da\u017e\u0101d\u0101m hidraulisk\u0101 cilindra da\u013c\u0101m, tostarp cilindra korpusu, virzuli, stieni, bl\u012bv\u0113m un gala v\u0101ci\u0146iem.<\/li>\n<\/ul>\n<\/li>\n<li><strong>\u0100r\u0113jo savienojumu no\u0146em\u0161ana:<\/strong>\n<ul>\n<li>Atvienojiet visas hidraulisk\u0101s \u0161\u013c\u016btenes, savienojumus vai citus \u0101r\u0113jos savienojumus, kas pievienoti cilindram.<\/li>\n<li>Izmantojiet atbilsto\u0161us instrumentus, piem\u0113ram, uzgrie\u017e\u0146u atsl\u0113gas vai knaibles, lai uzman\u012bgi atbr\u012bvotu un no\u0146emtu savienojumus.<\/li>\n<\/ul>\n<\/li>\n<li><strong>Nostipriniet cilindru:<\/strong>\n<ul>\n<li>Dro\u0161i ievietojiet cilindru skr\u016bvsp\u012bl\u0113s vai l\u012bdz\u012bg\u0101 stiprin\u0101juma armat\u016br\u0101, p\u0101rliecinoties, ka tas ir stabils un demont\u0101\u017eas laik\u0101 nekustas.<\/li>\n<\/ul>\n<\/li>\n<li><strong>No\u0146emiet stie\u0146a gala v\u0101ci\u0146u:<\/strong>\n<ul>\n<li>Atrodiet stie\u0146a gala v\u0101ci\u0146u, parasti cilindra gal\u0101, kas atrodas pret\u012b virzulim.<\/li>\n<li>Izmantojiet atbilsto\u0161u uzgrie\u017e\u0146u atsl\u0113gu vai ligzdu, lai atskr\u016bv\u0113tu un no\u0146emtu skr\u016bves, kas nostiprina stie\u0146a gala v\u0101ci\u0146u.<\/li>\n<li>Viegli uzsitiet pa gala v\u0101ci\u0146u ar gumijas \u0101muru, lai p\u0101rrautu jebk\u0101du bl\u012bv\u0113jumu vai l\u012bmes saiti.<\/li>\n<\/ul>\n<\/li>\n<li><strong>Atdaliet stie\u0146a un virzu\u013ca mezglu:<\/strong>\n<ul>\n<li>Kad stie\u0146a gala v\u0101ci\u0146\u0161 ir no\u0146emts, uzman\u012bgi izb\u012bdiet stie\u0146a un virzu\u013ca komplektu no cilindra korpusa.<\/li>\n<li>Atbalstiet konstrukcijas svaru, lai nov\u0113rstu t\u0101s nokri\u0161anu vai boj\u0101jumu ra\u0161anos.<\/li>\n<\/ul>\n<\/li>\n<li><strong>Izjauciet stie\u0146a un virzu\u013ca mezglu:<\/strong>\n<ul>\n<li>P\u0101rbaudiet stie\u0146a un virzu\u013ca mezglu, vai taj\u0101 nav fiks\u0101cijas gredzenu, fiks\u0101cijas gredzenu vai citu vad\u012bbas ier\u012b\u010du.<\/li>\n<li>Izmantojiet atbilsto\u0161us instrumentus, piem\u0113ram, knaibles vai fiks\u0101cijas gredzenu knaibles, lai no\u0146emtu \u0161\u012bs stiprin\u0101\u0161anas ier\u012bces, \u013caujot mezglu izjaukt pa sast\u0101vda\u013c\u0101m.<\/li>\n<li>Piev\u0113rsiet uzman\u012bbu katras sast\u0101vda\u013cas sec\u012bbai un orient\u0101cijai atk\u0101rtotas mont\u0101\u017eas laik\u0101.<\/li>\n<\/ul>\n<\/li>\n<li><strong>P\u0101rbaudiet un not\u012briet:<\/strong>\n<ul>\n<li>P\u0101rbaudiet visas izjaukt\u0101s sast\u0101vda\u013cas, vai nav nodiluma, boj\u0101jumu vai nopl\u016bdes paz\u012bmju.<\/li>\n<li>R\u016bp\u012bgi not\u012briet katru komponentu, izmantojot atbilsto\u0161u \u0161\u0137\u012bdin\u0101t\u0101ju vai t\u012br\u012b\u0161anas l\u012bdzekli, lai no\u0146emtu net\u012brumus, gru\u017eus un hidraulisk\u0101 \u0161\u0137idruma atlikumus.<\/li>\n<li>Pirms atk\u0101rtotas salik\u0161anas piln\u012bb\u0101 nosusiniet deta\u013cas.<\/li>\n<\/ul>\n<\/li>\n<li><strong>Atk\u0101rtota mont\u0101\u017ea vai komponentu nomai\u0146a:<\/strong>\n<ul>\n<li>Nomainiet visas boj\u0101t\u0101s vai nolietot\u0101s deta\u013cas ar jaun\u0101m, iev\u0113rojot ra\u017eot\u0101ja nor\u0101d\u012bjumus.<\/li>\n<li>Hidraulisko cilindru salieciet atpaka\u013c izjauk\u0161anas apgriezt\u0101 sec\u012bb\u0101, nodro\u0161inot pareizu deta\u013cu izl\u012bdzin\u0101\u0161anu un orient\u0101ciju.<\/li>\n<li>Pievelciet skr\u016bves vai stiprin\u0101jumus l\u012bdz ra\u017eot\u0101ja ieteiktajiem griezes momenta parametriem.<\/li>\n<\/ul>\n<\/li>\n<\/ol>\n<h2><strong>R\u016bpn\u012bcas iesp\u0113jas un jauda:<\/strong><\/h2>\n<h3>(1) Mont\u0101\u017ea<\/h3>\n<p>Mums ir pirmklas\u012bga neatkar\u012bga p\u0113tniec\u012bbas un att\u012bst\u012bbas mont\u0101\u017eas platforma. Hidraulisko cilindru ra\u017eo\u0161anas darbn\u012bc\u0101 ir \u010detras pusautom\u0101tiskas pacel\u0161anas cilindru mont\u0101\u017eas l\u012bnijas un viena autom\u0101tisk\u0101 sl\u012bpuma cilindru mont\u0101\u017eas l\u012bnija ar projekt\u0113to gada ra\u017eo\u0161anas jaudu 1 miljons vien\u012bbu. Speci\u0101lo cilindru darbn\u012bca ir apr\u012bkota ar da\u017e\u0101du specifik\u0101ciju pusautom\u0101tisku t\u012br\u012b\u0161anas mont\u0101\u017eas sist\u0113mu ar projekt\u0113to gada ra\u017eo\u0161anas jaudu 200 000 vien\u012bbu un apr\u012bkota ar slaven\u0101m CNC apstr\u0101des iek\u0101rt\u0101m, apstr\u0101des centru, augstas precizit\u0101tes cilindru apstr\u0101des speci\u0101lo apr\u012bkojumu, robotiz\u0113tu metin\u0101\u0161anas iek\u0101rtu, autom\u0101tisku t\u012br\u012b\u0161anas iek\u0101rtu, autom\u0101tisku cilindru mont\u0101\u017eas iek\u0101rtu un autom\u0101tisku kr\u0101so\u0161anas ra\u017eo\u0161anas l\u012bniju. Eso\u0161ais kritiskais apr\u012bkojums ir vair\u0101k nek\u0101 300 komplektu (komplektu). Optim\u0101la iek\u0101rtu resursu sadale un efekt\u012bva izmanto\u0161ana nodro\u0161ina produktu precizit\u0101tes pras\u012bbas un apmierina produktu augst\u0101s kvalit\u0101tes pras\u012bbas.<\/p>\n<p><img loading=\"lazy\" decoding=\"async\" class=\"alignnone wp-image-626\" src=\"https:\/\/hydraulic-cylinders.net\/wp-content\/uploads\/2023\/08\/hydraulic-cylinder-product-1-300x158.webp\" alt=\"\" width=\"495\" height=\"260\" srcset=\"https:\/\/hydraulic-cylinders.net\/wp-content\/uploads\/2023\/08\/hydraulic-cylinder-product-1-300x158.webp 495w, https:\/\/hydraulic-cylinders.net\/wp-content\/uploads\/2023\/08\/hydraulic-cylinder-product-1-480x252.webp 480w\" sizes=\"(min-width: 0px) and (max-width: 480px) 480px, (min-width: 481px) 495px, 100vw\" \/> <img loading=\"lazy\" decoding=\"async\" class=\"alignnone wp-image-627\" src=\"https:\/\/hydraulic-cylinders.net\/wp-content\/uploads\/2023\/08\/hydraulic-cylinder-product-2-300x189.webp\" alt=\"\" width=\"413\" height=\"260\" \/><\/p>\n<h3>(2) Apstr\u0101de<\/h3>\n<p>Apstr\u0101des cehs ir apr\u012bkots ar piel\u0101gotu sl\u012bpo slie\u017eu virpo\u0161anas centru, apstr\u0101des centru, \u0101trgaitas asin\u0101\u0161anas ma\u0161\u012bnu, metin\u0101\u0161anas robotu un citu saist\u012btu apr\u012bkojumu, kas var apstr\u0101d\u0101t cilindriskas caurules ar maksim\u0101lo iek\u0161\u0113jo diametru 400 mm un maksim\u0101lo garumu 6 metri.<\/p>\n<p><img loading=\"lazy\" decoding=\"async\" class=\"alignnone wp-image-628 size-large\" src=\"https:\/\/hydraulic-cylinders.net\/wp-content\/uploads\/2023\/08\/hydraulic-cylinder-product-3-1024x391.webp\" alt=\"\" width=\"1024\" height=\"391\" srcset=\"https:\/\/hydraulic-cylinders.net\/wp-content\/uploads\/2023\/08\/hydraulic-cylinder-product-3-980x374.webp 980w, https:\/\/hydraulic-cylinders.net\/wp-content\/uploads\/2023\/08\/hydraulic-cylinder-product-3-480x183.webp 480w\" sizes=\"(min-width: 0px) and (max-width: 480px) 480px, (min-width: 481px) and (max-width: 980px) 980px, (min-width: 981px) 1024px, 100vw\" \/><\/p>\n<h3>(3) Metin\u0101\u0161ana<\/h3>\n<p><img loading=\"lazy\" decoding=\"async\" class=\"alignnone wp-image-629 size-large\" src=\"https:\/\/hydraulic-cylinders.net\/wp-content\/uploads\/2023\/08\/hydraulic-cylinder-product-4-1024x510.webp\" alt=\"\" width=\"1024\" height=\"510\" srcset=\"https:\/\/hydraulic-cylinders.net\/wp-content\/uploads\/2023\/08\/hydraulic-cylinder-product-4-980x488.webp 980w, https:\/\/hydraulic-cylinders.net\/wp-content\/uploads\/2023\/08\/hydraulic-cylinder-product-4-480x239.webp 480w\" sizes=\"(min-width: 0px) and (max-width: 480px) 480px, (min-width: 481px) and (max-width: 980px) 980px, (min-width: 981px) 1024px, 100vw\" \/><\/p>\n<h3>(4) Kr\u0101so\u0161ana un p\u0101rkl\u0101\u0161ana<\/h3>\n<p>Ar maz\u0101m un vid\u0113ja izm\u0113ra cilindrisk\u0101m autom\u0101tisk\u0101m \u016bdens b\u0101zes kr\u0101su p\u0101rkl\u0101\u0161anas l\u012bnij\u0101m, lai pan\u0101ktu autom\u0101tisku robotu iekrau\u0161anu un izkrau\u0161anu un autom\u0101tisku izsmidzin\u0101\u0161anu, projekt\u0113t\u0101 jauda ir 4000 gabali mai\u0146\u0101;<br \/>\nMums ir ar\u012b pusautom\u0101tiska kr\u0101su ra\u017eo\u0161anas l\u012bnija lieliem baloniem, ko darbina \u0137\u0113des piedzi\u0146a, ar 60 kastu konstrukcijas jaudu vien\u0101 mai\u0146\u0101.<\/p>\n<p><img loading=\"lazy\" decoding=\"async\" class=\"alignnone wp-image-630\" src=\"https:\/\/hydraulic-cylinders.net\/wp-content\/uploads\/2023\/08\/hydraulic-cylinder-product-5-300x213.webp\" alt=\"\" width=\"366\" height=\"260\" \/> <img loading=\"lazy\" decoding=\"async\" class=\"alignnone wp-image-631\" src=\"https:\/\/hydraulic-cylinders.net\/wp-content\/uploads\/2023\/08\/hydraulic-cylinder-product-6-300x225.webp\" alt=\"\" width=\"347\" height=\"260\" \/><\/p>\n<h3>(5) Test\u0113\u0161ana<\/h3>\n<p>Mums ir augst\u0101k\u0101s klases p\u0101rbaudes iek\u0101rtas un test\u0113\u0161anas stendi, lai nodro\u0161in\u0101tu, ka balona veiktsp\u0113ja atbilst pras\u012bb\u0101m.<\/p>\n<p><img loading=\"lazy\" decoding=\"async\" class=\"alignnone wp-image-632\" src=\"https:\/\/hydraulic-cylinders.net\/wp-content\/uploads\/2023\/08\/hydraulic-cylinder-product-8-300x200.webp\" alt=\"\" width=\"389\" height=\"260\" \/><\/p>\n<p>&nbsp;<\/p>\n<p>&nbsp;<\/p>\n<p>M\u0113s esam viens no lab\u0101kajiem metalur\u0123isko hidraulisko cilindru ra\u017eot\u0101jiem. M\u0113s varam pied\u0101v\u0101t pla\u0161u metalur\u0123isko hidraulisko cilindru kl\u0101stu. M\u0113s nodro\u0161in\u0101m ar\u012b atbilsto\u0161us <a href=\"https:\/\/hzpt.com\/agricultural-pto-gearbox\/\" target=\"_blank\" rel=\"noopener\">lauksaimniec\u012bbas p\u0101rnesumk\u0101rbas<\/a>. M\u0113s esam eksport\u0113ju\u0161i savus produktus klientiem vis\u0101 pasaul\u0113 un esam ieguvu\u0161i labu reput\u0101ciju, pateicoties m\u016bsu izcilajai produktu kvalit\u0101tei un p\u0113cp\u0101rdo\u0161anas servisam. M\u0113s aicin\u0101m klientus no valsts un \u0101rvalst\u012bm sazin\u0101ties ar mums, lai risin\u0101tu biznesa sarunas, apmain\u012btos ar inform\u0101ciju un... <a href=\"https:\/\/www.hydraulic-cylinders.net\/lv\/contact-us\/\">sadarboties ar mums<\/a>!<\/p>\n<h2><\/h2>\n<h2><\/h2>\n<h2><\/h2>","protected":false},"excerpt":{"rendered":"<p>Axial Tripod Type Metallurgical Hydraulic Cylinder The axial tripod-type metallurgical hydraulic cylinder is a highly efficient and durable component explicitly designed for metallurgical applications. This product offers superior performance, precise control, and reliable operation in demanding industrial settings. Its unique axial tripod design ensures stability, accuracy, and enhanced safety. Y-HG1 series of metallurgical equipment hydraulic [&hellip;]<\/p>","protected":false},"featured_media":1158,"comment_status":"open","ping_status":"closed","template":"","meta":{"_et_pb_use_builder":"","_et_pb_old_content":"","_et_gb_content_width":""},"product_brand":[],"product_cat":[1376],"product_tag":[1380],"class_list":{"0":"post-1153","1":"product","2":"type-product","3":"status-publish","4":"has-post-thumbnail","6":"product_cat-hydraulic-cylinder","7":"product_tag-hydraulic-cylinder","9":"first","10":"instock","11":"shipping-taxable","12":"product-type-simple"},"amp_enabled":true,"_links":{"self":[{"href":"https:\/\/www.hydraulic-cylinders.net\/lv\/wp-json\/wp\/v2\/product\/1153","targetHints":{"allow":["GET"]}}],"collection":[{"href":"https:\/\/www.hydraulic-cylinders.net\/lv\/wp-json\/wp\/v2\/product"}],"about":[{"href":"https:\/\/www.hydraulic-cylinders.net\/lv\/wp-json\/wp\/v2\/types\/product"}],"replies":[{"embeddable":true,"href":"https:\/\/www.hydraulic-cylinders.net\/lv\/wp-json\/wp\/v2\/comments?post=1153"}],"wp:featuredmedia":[{"embeddable":true,"href":"https:\/\/www.hydraulic-cylinders.net\/lv\/wp-json\/wp\/v2\/media\/1158"}],"wp:attachment":[{"href":"https:\/\/www.hydraulic-cylinders.net\/lv\/wp-json\/wp\/v2\/media?parent=1153"}],"wp:term":[{"taxonomy":"product_brand","embeddable":true,"href":"https:\/\/www.hydraulic-cylinders.net\/lv\/wp-json\/wp\/v2\/product_brand?post=1153"},{"taxonomy":"product_cat","embeddable":true,"href":"https:\/\/www.hydraulic-cylinders.net\/lv\/wp-json\/wp\/v2\/product_cat?post=1153"},{"taxonomy":"product_tag","embeddable":true,"href":"https:\/\/www.hydraulic-cylinders.net\/lv\/wp-json\/wp\/v2\/product_tag?post=1153"}],"curies":[{"name":"wp","href":"https:\/\/api.w.org\/{rel}","templated":true}]}}