{"id":1213,"date":"2023-09-13T07:59:01","date_gmt":"2023-09-13T07:59:01","guid":{"rendered":"https:\/\/hydraulic-cylinders.net\/?post_type=product&#038;p=1213"},"modified":"2025-04-11T05:06:52","modified_gmt":"2025-04-11T05:06:52","slug":"y-hg1-noraml-metallurgical-hydraulic-cylinder","status":"publish","type":"product","link":"https:\/\/www.hydraulic-cylinders.net\/lv\/products\/y-hg1-noraml-metallurgical-hydraulic-cylinder\/","title":{"rendered":"Y-HG1 Noraml metalur\u0123ijas hidrauliskais cilindrs"},"content":{"rendered":"<h1 style=\"text-align: center;\"><strong>Y-HG1 Noraml metalur\u0123ijas hidrauliskais cilindrs<\/strong><\/h1>\n<p>Y-HG1 metalur\u0123iskais hidrauliskais cilindrs ir moderna hidraulisk\u0101 sast\u0101vda\u013ca, kas \u012bpa\u0161i izstr\u0101d\u0101ta, lai atbilstu metalur\u0123ijas lietojumprogrammu stingraj\u0101m pras\u012bb\u0101m. Ar sav\u0101m uzlabotaj\u0101m funkcij\u0101m, iztur\u012bgo konstrukciju un izcilo veiktsp\u0113ju Y-HG1 metalur\u0123iskais hidrauliskais cilindrs pied\u0101v\u0101 prec\u012bzu vad\u012bbu, iztur\u012bbu un uzticam\u012bbu t\u0113rauda r\u016bpn\u012bcu, lietuvju un citu metalur\u0123isko procesu skarbos apst\u0101k\u013cos. Neatkar\u012bgi no t\u0101, vai tas ir paredz\u0113ts lieljaudas cel\u0161anai, pres\u0113\u0161anai vai pozicion\u0113\u0161anai, Y-HG1 cilindrs nosaka jaunus standartus hidrauliskaj\u0101 tehnolo\u0123ij\u0101, padarot to par ide\u0101lu izv\u0113li metalur\u0123ijas nozarei.<\/p>\n<p>Y-HG1 s\u0113rijas metalur\u0123isk\u0101s iek\u0101rtas hidrauliskais cilindrs divk\u0101r\u0161as darb\u012bbas virzu\u013ccilindram, cilindra diametrs parasti ir 40 ~ 320 mm, darba spiediens &lt;= 16mpa, hidraulisk\u0101s e\u013c\u013cas meh\u0101nisk\u0101 sist\u0113ma var tikt izmantota emulsijas un citu darba materi\u0101lu zaud\u0113\u0161anai, atloku, auskaru, tapu, atsl\u0113dznieku (pamatnes) un da\u017e\u0101du veidu uzst\u0101d\u012b\u0161anai.<\/p>\n<p>Augstas precizit\u0101tes CNC asin\u0101\u0161anas ma\u0161\u012bna, autom\u0101tisk\u0101 metin\u0101\u0161anas iek\u0101rta, vertik\u0101lais, horizont\u0101lais apstr\u0101des centrs, port\u0101la apstr\u0101des centrs, CNC virpa un citas apstr\u0101des iek\u0101rtas, produktu kvalit\u0101te ir stabila un garant\u0113ta.<\/p>\n<p><img loading=\"lazy\" decoding=\"async\" class=\"aligncenter wp-image-1214\" src=\"https:\/\/hydraulic-cylinders.net\/wp-content\/uploads\/2023\/09\/y-hg-1-noraml-metallurgical-hydraulic-cylinder-3-300x300.webp\" alt=\"\" width=\"400\" height=\"400\" \/><\/p>\n<h2><strong>Y-HG1 Noraml metalur\u0123isk\u0101 hidraulisk\u0101 cilindra parametrs:<img loading=\"lazy\" decoding=\"async\" class=\"alignnone wp-image-1215 size-large\" src=\"https:\/\/hydraulic-cylinders.net\/wp-content\/uploads\/2023\/09\/y-hg-1-noraml-metallurgical-hydraulic-cylinder-1-1024x307.webp\" alt=\"\" width=\"1024\" height=\"307\" srcset=\"https:\/\/hydraulic-cylinders.net\/wp-content\/uploads\/2023\/09\/y-hg-1-noraml-metallurgical-hydraulic-cylinder-1-980x293.webp 980w, https:\/\/hydraulic-cylinders.net\/wp-content\/uploads\/2023\/09\/y-hg-1-noraml-metallurgical-hydraulic-cylinder-1-480x144.webp 480w\" sizes=\"(min-width: 0px) and (max-width: 480px) 480px, (min-width: 481px) and (max-width: 980px) 980px, (min-width: 981px) 1024px, 100vw\" \/> <img loading=\"lazy\" decoding=\"async\" class=\"alignnone wp-image-1216 size-large\" src=\"https:\/\/hydraulic-cylinders.net\/wp-content\/uploads\/2023\/09\/y-hg-1-noraml-metallurgical-hydraulic-cylinder-2-1024x553.webp\" alt=\"\" width=\"1024\" height=\"553\" srcset=\"https:\/\/hydraulic-cylinders.net\/wp-content\/uploads\/2023\/09\/y-hg-1-noraml-metallurgical-hydraulic-cylinder-2-980x530.webp 980w, https:\/\/hydraulic-cylinders.net\/wp-content\/uploads\/2023\/09\/y-hg-1-noraml-metallurgical-hydraulic-cylinder-2-480x259.webp 480w\" sizes=\"(min-width: 0px) and (max-width: 480px) 480px, (min-width: 481px) and (max-width: 980px) 980px, (min-width: 981px) 1024px, 100vw\" \/><\/strong><\/h2>\n<h2><strong>Y-HG1 Noraml metalur\u0123ijas hidrauliskais cilindrs <\/strong><strong>Lieto\u0161anas metode<\/strong><strong>:<\/strong><\/h2>\n<ol>\n<li><strong>Mont\u0101\u017ea un uzst\u0101d\u012b\u0161ana:<\/strong>\n<ul>\n<li>Nosakiet piem\u0113rotu vietu Y-HG1 balonu uzst\u0101d\u012b\u0161anai, pamatojoties uz j\u016bsu metalur\u0123ijas iek\u0101rtu \u012bpa\u0161aj\u0101m pras\u012bb\u0101m.<\/li>\n<li>P\u0101rliecinieties, vai mont\u0101\u017eas virsma ir t\u012bra, l\u012bdzena un sp\u0113j\u012bga iztur\u0113t cilindra svaru un slodzi.<\/li>\n<\/ul>\n<\/li>\n<li><strong>Savienojums ar hidraulisko sist\u0113mu:<\/strong>\n<ul>\n<li>Pievienojiet Y-HG1 metalur\u0123isko hidraulisko cilindru hidrauliskajai sist\u0113mai, izmantojot sader\u012bgu hidraulisko \u0161\u013c\u016bteni vai cauruli.<\/li>\n<li>Nodro\u0161iniet pareizu izl\u012bdzin\u0101\u0161anu un dro\u0161us savienojumus, lai nov\u0113rstu nopl\u016bdes un nodro\u0161in\u0101tu optim\u0101lu veiktsp\u0113ju.<\/li>\n<\/ul>\n<\/li>\n<li><strong>Sist\u0113mas integr\u0101cija un kalibr\u0113\u0161ana:<\/strong>\n<ul>\n<li>Integr\u0113jiet Y-HG1 metalur\u0123iskos hidrauliskos cilindrus metalur\u0123iskaj\u0101s iek\u0101rt\u0101s vai sist\u0113m\u0101s saska\u0146\u0101 ar ra\u017eot\u0101ja vadl\u012bnij\u0101m.<\/li>\n<li>Kalibr\u0113jiet sist\u0113mu, lai sasniegtu nepiecie\u0161amos darb\u012bbas parametrus un nodro\u0161in\u0101tu prec\u012bzu cilindra kust\u012bbas kontroli.<\/li>\n<\/ul>\n<\/li>\n<li><strong>Cilindra darb\u012bba:<\/strong>\n<ul>\n<li>Aktiviz\u0113jiet hidraulisko sist\u0113mu, lai rad\u012btu spiedienu un uzs\u0101ktu Y-HG1 cilindra kust\u012bbu.<\/li>\n<li>Hidraulisk\u0101 vad\u012bbas sist\u0113ma prec\u012bzi kontrol\u0113 cilindra pagarin\u0101\u0161anu, sarau\u0161anos un pozicion\u0113\u0161anu, lai nodro\u0161in\u0101tu efekt\u012bvas metalur\u0123isk\u0101s darb\u012bbas.<\/li>\n<\/ul>\n<\/li>\n<\/ol>\n<h2><strong>Y-HG1 Noraml metalur\u0123ijas hidrauliskais cilindrs <\/strong><strong>Raksturojums<\/strong><strong>:<\/strong><\/h2>\n<ul>\n<li><strong>Iztur\u012bga konstrukcija:<\/strong> Y-HG1 cilindrs ir izgatavots no augstas kvalit\u0101tes materi\u0101liem, kas nodro\u0161ina iztur\u012bbu un ilgm\u016b\u017e\u012bbu pras\u012bgaj\u0101 metalur\u0123iskaj\u0101 vid\u0113.<\/li>\n<li><strong>Prec\u012bza kontrole:<\/strong>\u00a0 Metalur\u0123iskais hidrauliskais cilindrs nodro\u0161ina izcilu vad\u012bbu un pozicion\u0113\u0161anas precizit\u0101ti, \u013caujot operatoriem sasniegt prec\u012bzu kust\u012bbu optim\u0101liem metalur\u0123iskajiem procesiem.<\/li>\n<li><strong>Augsta kravnes\u012bba:<\/strong>\u00a0 Y-HG1 metalur\u0123iskie hidrauliskie cilindri ir paredz\u0113ti, lai iztur\u0113tu lielas slodzes standarta metalur\u0123ijas lietojumos, nodro\u0161inot uzticamas cel\u0161anas un pres\u0113\u0161anas iesp\u0113jas.<\/li>\n<li><strong>Korozijas iztur\u012bba:<\/strong>\u00a0 Balona korozijiztur\u012bgais p\u0101rkl\u0101jums to pasarg\u0101 no sp\u0113c\u012bg\u0101m \u0137\u012bmisk\u0101m viel\u0101m un ekstrem\u0101l\u0101m temperat\u016br\u0101m, kas bie\u017ei sastopamas metalur\u0123iskaj\u0101 vid\u0113.<\/li>\n<li><strong>Daudzpus\u012bgas mont\u0101\u017eas iesp\u0113jas:<\/strong> Y-HG1 cilindri ir pieejami da\u017e\u0101d\u0101s mont\u0101\u017eas iesp\u0113j\u0101s un tos var viegli integr\u0113t vair\u0101k\u0101s metalur\u0123ijas iek\u0101rt\u0101s un sist\u0113m\u0101s.<\/li>\n<\/ul>\n<h2><strong>Vai darbojas vienvirziena hidrauliskais cilindrs?<\/strong><\/h2>\n<p>Vienvirziena, vienk\u0101r\u0161as darb\u012bbas hidrauliskais cilindrs izmanto hidraulisko sist\u0113mu, lai rad\u012btu line\u0101ru kust\u012bbu vien\u0101 virzien\u0101. Tas sast\u0101v no cilindra korpusa, virzu\u013ca, virzu\u013ca stie\u0146a un hidraulisk\u0101 \u0161\u0137idruma. L\u016bk, k\u0101 tas darbojas:<\/p>\n<ol>\n<li><strong>Hidraulisk\u0101 \u0161\u0137idruma padeve:<\/strong>\n<ul>\n<li>Hidraulisk\u0101 sist\u0113ma pieg\u0101d\u0101 cilindram spiediena \u0161\u0137idrumu, parasti e\u013c\u013cu, caur hidraulisko s\u016bkni vai baro\u0161anas avotu.<\/li>\n<\/ul>\n<\/li>\n<li><strong>Cilindra pagarin\u0101jums:<\/strong>\n<ul>\n<li>Kad cilindram tiek pieg\u0101d\u0101ts hidrauliskais \u0161\u0137idrums, tas non\u0101k cilindra korpus\u0101 caur iepl\u016bdes atveri.<\/li>\n<li>Spiediena \u0161\u0137idrums spie\u017eas pret virzuli, izraisot t\u0101 kust\u012bbu v\u0113lamaj\u0101 virzien\u0101 (parasti pagarinot virzu\u013ca stieni).<\/li>\n<li>Palielinoties \u0161\u0137idruma spiedienam, tas p\u0101rvar virzu\u013ca pretest\u012bbu vai slodzi, k\u0101 rezult\u0101t\u0101 virzu\u013ca stienis pagarin\u0101s.<\/li>\n<\/ul>\n<\/li>\n<li><strong>Bl\u012bv\u0113\u0161anas meh\u0101nisms:<\/strong>\n<ul>\n<li>Cilindra korpuss ir nosl\u0113gts, lai nov\u0113rstu \u0161\u0137idruma nopl\u016bdi. Parasti taj\u0101 ir iek\u013cauti bl\u012bv\u0113jumi ap virzuli un virzu\u013ca stieni, piem\u0113ram, O veida gredzeni vai l\u016bpu bl\u012bves.<\/li>\n<li>\u0160ie bl\u012bv\u0113jumi nodro\u0161ina, ka spiediena \u0161\u0137idrums iedarbojas tikai uz vienu virzu\u013ca pusi, radot spiediena nel\u012bdzsvarot\u012bbu, kas virza virzuli v\u0113lamaj\u0101 virzien\u0101.<\/li>\n<\/ul>\n<\/li>\n<li><strong>Atgrie\u0161an\u0101s g\u0101jiens:<\/strong>\n<ul>\n<li>P\u0113c pagarin\u0101juma g\u0101jiena hidrauliskais \u0161\u0137idrums tiek izlaists vai izvad\u012bts no cilindra.<\/li>\n<li>Hidraulisk\u0101 sist\u0113ma var izmantot gravit\u0101ciju, atsperi vai \u0101r\u0113ju sp\u0113ku, lai atgrieztu virzuli un virzu\u013ca stieni to s\u0101kotn\u0113j\u0101s poz\u012bcij\u0101s.<\/li>\n<li>Atpaka\u013cgaitas laik\u0101 hidrauliskais \u0161\u0137idrums izpl\u016bst no cilindra caur izpl\u016bdes atveri.<\/li>\n<\/ul>\n<\/li>\n<li><strong>Slodzes atbalsts:<\/strong>\n<ul>\n<li>Hidraulisk\u0101 cilindra virzu\u013ca stienis bie\u017ei ir savienots ar slodzi vai meh\u0101nismu, kam nepiecie\u0161ama line\u0101ra kust\u012bba vai sp\u0113ks.<\/li>\n<li>Virzulis, izstiepjoties vai ievelkas, nodro\u0161ina nepiecie\u0161amo sp\u0113ku slodzes p\u0101rvieto\u0161anai vai atbalstam.<\/li>\n<\/ul>\n<\/li>\n<li><strong>Vad\u012bba un v\u0101rsti:<\/strong>\n<ul>\n<li>Lai kontrol\u0113tu vienvirziena hidraulisk\u0101 cilindra pagarin\u0101\u0161anu un ievilk\u0161anu, hidrauliskaj\u0101 sist\u0113m\u0101 ir iek\u013cauti v\u0101rsti, piem\u0113ram, pretv\u0101rsti vai virziena vad\u012bbas v\u0101rsti.<\/li>\n<li>\u0160ie v\u0101rsti regul\u0113 hidraulisk\u0101 \u0161\u0137idruma pl\u016bsmu, \u013caujot tam iepl\u016bst un izpl\u016bst no cilindra v\u0113lamaj\u0101 virzien\u0101.<\/li>\n<\/ul>\n<\/li>\n<li><strong>Lietojumprogrammas specifika:<\/strong>\n<ul>\n<li>Vienvirziena hidrauliskos cilindrus parasti izmanto lietojumos, kur sp\u0113ks vai kust\u012bba ir nepiecie\u0161ama tikai vien\u0101 virzien\u0101, piem\u0113ram, cel\u0161anai, stum\u0161anai vai iesp\u012bl\u0113\u0161anai.<\/li>\n<li>Tos bie\u017ei var atrast hidrauliskaj\u0101s domkratos, hidrauliskaj\u0101s pres\u0113s, pa\u0161izg\u0101z\u0113jos un da\u017e\u0101d\u0101s cit\u0101s r\u016bpniecisk\u0101s un mobil\u0101s iek\u0101rt\u0101s.<\/li>\n<\/ul>\n<\/li>\n<\/ol>\n<h2><strong>R\u016bpn\u012bcas iesp\u0113jas un jauda:<\/strong><\/h2>\n<h3>(1) Mont\u0101\u017ea<\/h3>\n<p>Mums ir pirmklas\u012bga neatkar\u012bga p\u0113tniec\u012bbas un att\u012bst\u012bbas mont\u0101\u017eas platforma. Hidraulisko cilindru ra\u017eo\u0161anas darbn\u012bc\u0101 ir \u010detras pusautom\u0101tiskas pacel\u0161anas cilindru mont\u0101\u017eas l\u012bnijas un viena autom\u0101tisk\u0101 sl\u012bpuma cilindru mont\u0101\u017eas l\u012bnija ar projekt\u0113to gada ra\u017eo\u0161anas jaudu 1 miljons vien\u012bbu. Speci\u0101lo cilindru darbn\u012bca ir apr\u012bkota ar da\u017e\u0101du specifik\u0101ciju pusautom\u0101tisku t\u012br\u012b\u0161anas mont\u0101\u017eas sist\u0113mu ar projekt\u0113to gada ra\u017eo\u0161anas jaudu 200 000 vien\u012bbu un apr\u012bkota ar slaven\u0101m CNC apstr\u0101des iek\u0101rt\u0101m, apstr\u0101des centru, augstas precizit\u0101tes cilindru apstr\u0101des speci\u0101lo apr\u012bkojumu, robotiz\u0113tu metin\u0101\u0161anas iek\u0101rtu, autom\u0101tisku t\u012br\u012b\u0161anas iek\u0101rtu, autom\u0101tisku cilindru mont\u0101\u017eas iek\u0101rtu un autom\u0101tisku kr\u0101so\u0161anas ra\u017eo\u0161anas l\u012bniju. Eso\u0161ais kritiskais apr\u012bkojums ir vair\u0101k nek\u0101 300 komplektu (komplektu). Optim\u0101la iek\u0101rtu resursu sadale un efekt\u012bva izmanto\u0161ana nodro\u0161ina produktu precizit\u0101tes pras\u012bbas un apmierina produktu augst\u0101s kvalit\u0101tes pras\u012bbas.<\/p>\n<p><img loading=\"lazy\" decoding=\"async\" class=\"alignnone wp-image-626\" src=\"https:\/\/hydraulic-cylinders.net\/wp-content\/uploads\/2023\/08\/hydraulic-cylinder-product-1-300x158.webp\" alt=\"\" width=\"495\" height=\"260\" srcset=\"https:\/\/hydraulic-cylinders.net\/wp-content\/uploads\/2023\/08\/hydraulic-cylinder-product-1-300x158.webp 495w, https:\/\/hydraulic-cylinders.net\/wp-content\/uploads\/2023\/08\/hydraulic-cylinder-product-1-480x252.webp 480w\" sizes=\"(min-width: 0px) and (max-width: 480px) 480px, (min-width: 481px) 495px, 100vw\" \/> <img loading=\"lazy\" decoding=\"async\" class=\"alignnone wp-image-627\" src=\"https:\/\/hydraulic-cylinders.net\/wp-content\/uploads\/2023\/08\/hydraulic-cylinder-product-2-300x189.webp\" alt=\"\" width=\"413\" height=\"260\" \/><\/p>\n<h3>(2) Apstr\u0101de<\/h3>\n<p>Apstr\u0101des cehs ir apr\u012bkots ar piel\u0101gotu sl\u012bpo slie\u017eu virpo\u0161anas centru, apstr\u0101des centru, \u0101trgaitas asin\u0101\u0161anas ma\u0161\u012bnu, metin\u0101\u0161anas robotu un citu saist\u012btu apr\u012bkojumu, kas var apstr\u0101d\u0101t cilindriskas caurules ar maksim\u0101lo iek\u0161\u0113jo diametru 400 mm un maksim\u0101lo garumu 6 metri.<\/p>\n<p><img loading=\"lazy\" decoding=\"async\" class=\"alignnone wp-image-628 size-large\" src=\"https:\/\/hydraulic-cylinders.net\/wp-content\/uploads\/2023\/08\/hydraulic-cylinder-product-3-1024x391.webp\" alt=\"\" width=\"1024\" height=\"391\" srcset=\"https:\/\/hydraulic-cylinders.net\/wp-content\/uploads\/2023\/08\/hydraulic-cylinder-product-3-980x374.webp 980w, https:\/\/hydraulic-cylinders.net\/wp-content\/uploads\/2023\/08\/hydraulic-cylinder-product-3-480x183.webp 480w\" sizes=\"(min-width: 0px) and (max-width: 480px) 480px, (min-width: 481px) and (max-width: 980px) 980px, (min-width: 981px) 1024px, 100vw\" \/><\/p>\n<h3>(3) Metin\u0101\u0161ana<\/h3>\n<p><img loading=\"lazy\" decoding=\"async\" class=\"alignnone wp-image-629 size-large\" src=\"https:\/\/hydraulic-cylinders.net\/wp-content\/uploads\/2023\/08\/hydraulic-cylinder-product-4-1024x510.webp\" alt=\"\" width=\"1024\" height=\"510\" srcset=\"https:\/\/hydraulic-cylinders.net\/wp-content\/uploads\/2023\/08\/hydraulic-cylinder-product-4-980x488.webp 980w, https:\/\/hydraulic-cylinders.net\/wp-content\/uploads\/2023\/08\/hydraulic-cylinder-product-4-480x239.webp 480w\" sizes=\"(min-width: 0px) and (max-width: 480px) 480px, (min-width: 481px) and (max-width: 980px) 980px, (min-width: 981px) 1024px, 100vw\" \/><\/p>\n<h3>(4) Kr\u0101so\u0161ana un p\u0101rkl\u0101\u0161ana<\/h3>\n<p>Ar maz\u0101m un vid\u0113ja izm\u0113ra cilindrisk\u0101m autom\u0101tisk\u0101m \u016bdens b\u0101zes kr\u0101su p\u0101rkl\u0101\u0161anas l\u012bnij\u0101m, lai pan\u0101ktu autom\u0101tisku robotu iekrau\u0161anu un izkrau\u0161anu un autom\u0101tisku izsmidzin\u0101\u0161anu, projekt\u0113t\u0101 jauda ir 4000 gabali mai\u0146\u0101;<br \/>\nMums ir ar\u012b pusautom\u0101tiska kr\u0101su ra\u017eo\u0161anas l\u012bnija lieliem baloniem, ko darbina \u0137\u0113des piedzi\u0146a, ar 60 kastu konstrukcijas jaudu vien\u0101 mai\u0146\u0101.<\/p>\n<p><img loading=\"lazy\" decoding=\"async\" class=\"alignnone wp-image-630\" src=\"https:\/\/hydraulic-cylinders.net\/wp-content\/uploads\/2023\/08\/hydraulic-cylinder-product-5-300x213.webp\" alt=\"\" width=\"366\" height=\"260\" \/> <img loading=\"lazy\" decoding=\"async\" class=\"alignnone wp-image-631\" src=\"https:\/\/hydraulic-cylinders.net\/wp-content\/uploads\/2023\/08\/hydraulic-cylinder-product-6-300x225.webp\" alt=\"\" width=\"347\" height=\"260\" \/><\/p>\n<h3>(5) Test\u0113\u0161ana<\/h3>\n<p>Mums ir augst\u0101k\u0101s klases p\u0101rbaudes iek\u0101rtas un test\u0113\u0161anas stendi, lai nodro\u0161in\u0101tu, ka balona veiktsp\u0113ja atbilst pras\u012bb\u0101m.<\/p>\n<p><img loading=\"lazy\" decoding=\"async\" class=\"alignnone wp-image-632\" src=\"https:\/\/hydraulic-cylinders.net\/wp-content\/uploads\/2023\/08\/hydraulic-cylinder-product-8-300x200.webp\" alt=\"\" width=\"389\" height=\"260\" \/><\/p>\n<p>&nbsp;<\/p>\n<p>&nbsp;<\/p>\n<p>M\u0113s esam viens no lab\u0101kajiem metalur\u0123isko hidraulisko cilindru ra\u017eot\u0101jiem. M\u0113s varam pied\u0101v\u0101t pla\u0161u metalur\u0123isko hidraulisko cilindru kl\u0101stu. M\u0113s nodro\u0161in\u0101m ar\u012b atbilsto\u0161us <a href=\"https:\/\/hzpt.com\/agricultural-pto-gearbox\/\" target=\"_blank\" rel=\"noopener\">lauksaimniec\u012bbas p\u0101rnesumk\u0101rbas<\/a>. M\u0113s esam eksport\u0113ju\u0161i savus produktus klientiem vis\u0101 pasaul\u0113 un esam ieguvu\u0161i labu reput\u0101ciju, pateicoties m\u016bsu izcilajai produktu kvalit\u0101tei un p\u0113cp\u0101rdo\u0161anas servisam. M\u0113s aicin\u0101m klientus no valsts un \u0101rvalst\u012bm sazin\u0101ties ar mums, lai risin\u0101tu biznesa sarunas, apmain\u012btos ar inform\u0101ciju un... <a href=\"https:\/\/www.hydraulic-cylinders.net\/lv\/contact-us\/\">sadarboties ar mums<\/a>!<\/p>\n<h2><\/h2>\n<h2><\/h2>","protected":false},"excerpt":{"rendered":"<p>Y-HG1 Noraml Metallurgical Hydraulic Cylinder The Y-HG1 metallurgical hydraulic cylinder is a state-of-the-art hydraulic component specifically designed to meet the demanding requirements of metallurgical applications. With its advanced features, robust construction, and exceptional performance, the Y-HG1 metallurgical hydraulic cylinder offers precise control, durability, and reliability in the rigorous environments of steel mills, foundries, and other [&hellip;]<\/p>","protected":false},"featured_media":1217,"comment_status":"open","ping_status":"closed","template":"","meta":{"_et_pb_use_builder":"","_et_pb_old_content":"","_et_gb_content_width":""},"product_brand":[],"product_cat":[1376,1550,1524],"product_tag":[1380],"class_list":{"0":"post-1213","1":"product","2":"type-product","3":"status-publish","4":"has-post-thumbnail","6":"product_cat-hydraulic-cylinder","7":"product_cat-double-acting-hydraulic-cylinder","8":"product_cat-steel-mill-hydraulic-cylinders","9":"product_tag-hydraulic-cylinder","11":"first","12":"instock","13":"shipping-taxable","14":"product-type-simple"},"amp_enabled":true,"_links":{"self":[{"href":"https:\/\/www.hydraulic-cylinders.net\/lv\/wp-json\/wp\/v2\/product\/1213","targetHints":{"allow":["GET"]}}],"collection":[{"href":"https:\/\/www.hydraulic-cylinders.net\/lv\/wp-json\/wp\/v2\/product"}],"about":[{"href":"https:\/\/www.hydraulic-cylinders.net\/lv\/wp-json\/wp\/v2\/types\/product"}],"replies":[{"embeddable":true,"href":"https:\/\/www.hydraulic-cylinders.net\/lv\/wp-json\/wp\/v2\/comments?post=1213"}],"wp:featuredmedia":[{"embeddable":true,"href":"https:\/\/www.hydraulic-cylinders.net\/lv\/wp-json\/wp\/v2\/media\/1217"}],"wp:attachment":[{"href":"https:\/\/www.hydraulic-cylinders.net\/lv\/wp-json\/wp\/v2\/media?parent=1213"}],"wp:term":[{"taxonomy":"product_brand","embeddable":true,"href":"https:\/\/www.hydraulic-cylinders.net\/lv\/wp-json\/wp\/v2\/product_brand?post=1213"},{"taxonomy":"product_cat","embeddable":true,"href":"https:\/\/www.hydraulic-cylinders.net\/lv\/wp-json\/wp\/v2\/product_cat?post=1213"},{"taxonomy":"product_tag","embeddable":true,"href":"https:\/\/www.hydraulic-cylinders.net\/lv\/wp-json\/wp\/v2\/product_tag?post=1213"}],"curies":[{"name":"wp","href":"https:\/\/api.w.org\/{rel}","templated":true}]}}