{"id":1223,"date":"2023-09-13T08:26:41","date_gmt":"2023-09-13T08:26:41","guid":{"rendered":"https:\/\/hydraulic-cylinders.net\/?post_type=product&#038;p=1223"},"modified":"2025-04-11T05:06:43","modified_gmt":"2025-04-11T05:06:43","slug":"rear-single-earring-type-metallurgical-hydraulic-cylinder","status":"publish","type":"product","link":"https:\/\/www.hydraulic-cylinders.net\/lv\/products\/rear-single-earring-type-metallurgical-hydraulic-cylinder\/","title":{"rendered":"Aizmugur\u0113jais viena auskaru tipa metalur\u0123ijas hidrauliskais cilindrs"},"content":{"rendered":"<h1 style=\"text-align: center;\"><strong>Aizmugur\u0113jais viena auskaru tipa metalur\u0123ijas hidrauliskais cilindrs<\/strong><\/h1>\n<p>Aizmugur\u0113jais viena auss tipa metalur\u0123iskais hidrauliskais cilindrs ir moderna hidraulisk\u0101 sast\u0101vda\u013ca, kas paredz\u0113ta, lai atbilstu metalur\u0123ijas lietojumprogrammu stingraj\u0101m pras\u012bb\u0101m. Ar sav\u0101m uzlabotaj\u0101m funkcij\u0101m, prec\u012bzo vad\u012bbu un iztur\u012bgo konstrukciju \u0161is hidrauliskais cilindrs pied\u0101v\u0101 izcilu veiktsp\u0113ju, iztur\u012bbu un uzticam\u012bbu t\u0113rauda r\u016bpn\u012bcas, lietuves un citu metalur\u0123isko procesu skarbos apst\u0101k\u013cos. Aizmugur\u0113jais viena auss tipa cilindrs nosaka jaunus standartus hidrauliskaj\u0101 tehnolo\u0123ij\u0101, padarot to par ide\u0101lu izv\u0113li metalur\u0123ijas nozarei.<\/p>\n<p>Y-HG1 s\u0113rijas metalur\u0123isk\u0101s iek\u0101rtas hidrauliskais cilindrs divk\u0101r\u0161as darb\u012bbas virzu\u013ccilindram, cilindra diametrs parasti ir 40 ~ 320 mm, darba spiediens &lt;= 16mpa, hidraulisk\u0101s e\u013c\u013cas meh\u0101nisk\u0101 sist\u0113ma var tikt izmantota emulsijas un citu darba materi\u0101lu zaud\u0113\u0161anai, atloku, auskaru, tapu, atsl\u0113dznieku (pamatnes) un da\u017e\u0101du veidu uzst\u0101d\u012b\u0161anai.<\/p>\n<p>Augstas precizit\u0101tes CNC asin\u0101\u0161anas ma\u0161\u012bna, autom\u0101tisk\u0101 metin\u0101\u0161anas iek\u0101rta, vertik\u0101lais, horizont\u0101lais apstr\u0101des centrs, port\u0101la apstr\u0101des centrs, CNC virpa un citas apstr\u0101des iek\u0101rtas, produktu kvalit\u0101te ir stabila un garant\u0113ta.<\/p>\n<p><img loading=\"lazy\" decoding=\"async\" class=\"wp-image-1224 aligncenter\" src=\"https:\/\/hydraulic-cylinders.net\/wp-content\/uploads\/2023\/09\/rear-single-earring-type-metallurgical-hydraulic-cylinder-2-300x300.webp\" alt=\"\" width=\"400\" height=\"400\" \/><\/p>\n<h2><strong>Aizmugur\u0113j\u0101 viena auskara tipa metalur\u0123isk\u0101 hidraulisk\u0101 cilindra parametrs:<\/strong><\/h2>\n<p><img loading=\"lazy\" decoding=\"async\" class=\"alignnone wp-image-1225 size-large\" src=\"https:\/\/hydraulic-cylinders.net\/wp-content\/uploads\/2023\/09\/rear-single-earring-type-metallurgical-hydraulic-cylinder-1-1-1024x684.webp\" alt=\"\" width=\"1024\" height=\"684\" srcset=\"https:\/\/hydraulic-cylinders.net\/wp-content\/uploads\/2023\/09\/rear-single-earring-type-metallurgical-hydraulic-cylinder-1-1-980x655.webp 980w, https:\/\/hydraulic-cylinders.net\/wp-content\/uploads\/2023\/09\/rear-single-earring-type-metallurgical-hydraulic-cylinder-1-1-480x321.webp 480w\" sizes=\"(min-width: 0px) and (max-width: 480px) 480px, (min-width: 481px) and (max-width: 980px) 980px, (min-width: 981px) 1024px, 100vw\" \/><\/p>\n<h2><strong>Aizmugur\u0113jais viena auskaru tipa metalur\u0123ijas hidrauliskais cilindrs <\/strong><strong>Lieto\u0161anas metode<\/strong><strong>:<\/strong><\/h2>\n<ol>\n<li><strong>Mont\u0101\u017ea un uzst\u0101d\u012b\u0161ana:<\/strong>\n<ul>\n<li>Atbilsto\u0161i metalur\u0123ijas iek\u0101rtu \u012bpa\u0161aj\u0101m pras\u012bb\u0101m nosakiet atbilsto\u0161o hidraulisk\u0101 cilindra uzst\u0101d\u012b\u0161anas poz\u012bciju.<\/li>\n<li>P\u0101rliecinieties, vai mont\u0101\u017eas virsma ir t\u012bra, l\u012bdzena un sp\u0113j\u012bga iztur\u0113t cilindra svaru un slodzi.<\/li>\n<\/ul>\n<\/li>\n<li><strong>Savienojums ar hidraulisko sist\u0113mu:<\/strong>\n<ul>\n<li>Pievienojiet hidraulisko cilindru hidrauliskajai sist\u0113mai, izmantojot sader\u012bgu hidraulisko \u0161\u013c\u016bteni vai cauruli.<\/li>\n<li>Nodro\u0161iniet pareizu izl\u012bdzin\u0101\u0161anu un dro\u0161us savienojumus, lai nov\u0113rstu nopl\u016bdes un nodro\u0161in\u0101tu optim\u0101lu veiktsp\u0113ju.<\/li>\n<\/ul>\n<\/li>\n<li><strong>Sist\u0113mas integr\u0101cija un kalibr\u0113\u0161ana:<\/strong>\n<ul>\n<li>Integr\u0113t metalur\u0123iskos hidrauliskos cilindrus metalur\u0123iskaj\u0101s iek\u0101rt\u0101s vai sist\u0113m\u0101s saska\u0146\u0101 ar ra\u017eot\u0101ja vadl\u012bnij\u0101m.<\/li>\n<li>Kalibr\u0113jiet sist\u0113mu, lai sasniegtu v\u0113lamos darb\u012bbas parametrus un nodro\u0161in\u0101tu nevainojamu darb\u012bbu.<\/li>\n<\/ul>\n<\/li>\n<li><strong>Cilindra darb\u012bba:<\/strong>\n<ul>\n<li>Iedarbiniet hidraulisko sist\u0113mu. Pielietojiet spiedienu, lai s\u0101ktu hidraulisk\u0101 cilindra kust\u012bbu.<\/li>\n<li>Hidraulisk\u0101 vad\u012bbas sist\u0113ma prec\u012bzi kontrol\u0113 cilindra pagarin\u0101\u0161anu, sarau\u0161anos un pozicion\u0113\u0161anu, lai nodro\u0161in\u0101tu efekt\u012bvas metalur\u0123isk\u0101s darb\u012bbas.<\/li>\n<\/ul>\n<\/li>\n<\/ol>\n<h2><strong>Aizmugur\u0113jais viena auskaru tipa metalur\u0123ijas hidrauliskais cilindrs <\/strong><strong>Raksturojums<\/strong><strong>:<\/strong><\/h2>\n<ul>\n<li><strong>Aizmugur\u0113j\u0101 viena auskara dizains:<\/strong> Aizmugur\u0113j\u0101 viena auskara konstrukcija nodro\u0161ina dro\u0161u un uzticamu savienojuma punktu, garant\u0113jot stabilit\u0101ti un prec\u012bzu izl\u012bdzin\u0101\u0161anu metalur\u0123isko darb\u012bbu laik\u0101.<\/li>\n<li><strong>Metalur\u0123ijas pielietojuma fokuss:<\/strong>\u00a0 Metalur\u0123iskie hidrauliskie cilindri ir izstr\u0101d\u0101ti, lai atbilstu stingraj\u0101m metalur\u0123ijas pielietojumu pras\u012bb\u0101m, nodro\u0161inot iztur\u012bbu un augstu veiktsp\u0113ju ekstrem\u0101los apst\u0101k\u013cos.<\/li>\n<li><strong>Prec\u012bza kontrole:<\/strong> Metalur\u0123iskais hidrauliskais cilindrs nodro\u0161ina prec\u012bzu vad\u012bbu un pozicion\u0113\u0161anu, \u013caujot operatoriem sasniegt prec\u012bzas un efekt\u012bvas metalur\u0123isk\u0101s darb\u012bbas.<\/li>\n<li><strong>Iztur\u012bga konstrukcija:<\/strong>\u00a0 Metalur\u0123iskie hidrauliskie cilindri ir izgatavoti no augstas kvalit\u0101tes materi\u0101liem, kas iztur lielas slodzes, ekstrem\u0101las temperat\u016bras un skarbus ekspluat\u0101cijas apst\u0101k\u013cus.<\/li>\n<li><strong>Efekt\u012bva ener\u0123ijas p\u0101rveido\u0161ana:<\/strong>\u00a0 Metalur\u0123iskais hidrauliskais cilindrs izmanto modernu hidraulisko tehnolo\u0123iju, lai efekt\u012bvi p\u0101rveidotu hidraulisko ener\u0123iju meh\u0101nisk\u0101 sp\u0113k\u0101 un optimiz\u0113tu metalur\u0123isk\u0101 procesa produktivit\u0101ti.<\/li>\n<\/ul>\n<h2><strong>Cik gr\u016bti ir atjaunot hidraulisko cilindru?<\/strong><\/h2>\n<p>Hidraulisk\u0101 cilindra atjauno\u0161ana var b\u016bt sare\u017e\u0123\u012bts uzdevums, kam nepiecie\u0161amas meh\u0101nikas zin\u0101\u0161anas, pieredze un pareizie instrumenti. Procesa gr\u016bt\u012bbas pak\u0101pe var at\u0161\u0137irties atkar\u012bb\u0101 no cilindra konkr\u0113t\u0101s konstrukcijas un st\u0101vok\u013ca. \u0160eit ir da\u017ei faktori, kas j\u0101\u0146em v\u0113r\u0101:<\/p>\n<ol>\n<li><strong>Ekspert\u012bze un pieredze:<\/strong><br \/>\nHidraulisk\u0101 cilindra atjauno\u0161anai ir nepiecie\u0161ama laba izpratne par t\u0101 sast\u0101vda\u013c\u0101m, funkcionalit\u0101ti un mont\u0101\u017eu. Process var b\u016bt viegl\u0101k p\u0101rvald\u0101ms, ja jums ir pieredze darb\u0101 ar hidrauliskaj\u0101m sist\u0113m\u0101m vai iepriek\u0161 esat p\u0101rb\u016bv\u0113jis hidrauliskos cilindrus. Tom\u0113r, ja esat jauns hidraulisko sist\u0113mu jom\u0101, ieteicams mekl\u0113t profesion\u0101lu pal\u012bdz\u012bbu vai nor\u0101d\u012bjumus.<\/li>\n<li><strong>Cilindra dizains:<\/strong><br \/>\nHidraulisk\u0101 cilindra atjauno\u0161anas sare\u017e\u0123\u012bt\u012bba var b\u016bt atkar\u012bga no t\u0101 konstrukcijas. Da\u017eiem cilindriem ir vienk\u0101r\u0161\u0101ka konstrukcija ar maz\u0101k iek\u0161\u0113j\u0101m sast\u0101vda\u013c\u0101m, t\u0101p\u0113c tos ir relat\u012bvi viegl\u0101k atjaunot. Tom\u0113r progres\u012bv\u0101kas metodes, piem\u0113ram, t\u0101s, kur\u0101m ir vair\u0101ki posmi vai integr\u0113tas funkcijas, var b\u016bt sare\u017e\u0123\u012bt\u0101kas un gr\u016bt\u0101k pareizi izjaukt, atk\u0101rtoti nosl\u0113gt un salikt.<\/li>\n<li><strong>Cilindra st\u0101voklis:<\/strong><br \/>\nHidraulisk\u0101 cilindra visp\u0101r\u0113jais st\u0101voklis ietekm\u0113 ar\u012b atjauno\u0161anas procesu. Ja cilindram ir nopietni boj\u0101jumi, pla\u0161s nodilums vai korozija, tam var b\u016bt nepiecie\u0161ams papildu remonts vai deta\u013cu nomai\u0146a, kas var palielin\u0101t atjauno\u0161anas sare\u017e\u0123\u012bt\u012bbu. Cilindra st\u0101vok\u013ca iepriek\u0161\u0113ja nov\u0113rt\u0113\u0161ana pal\u012bdz\u0113s noteikt nepiecie\u0161am\u0101 darba apjomu.<\/li>\n<li><strong>Instrumenti un apr\u012bkojums:<\/strong><br \/>\nHidraulisk\u0101 cilindra atjauno\u0161anai bie\u017ei vien ir nepiecie\u0161ami specializ\u0113ti instrumenti un apr\u012bkojums. Tie ietver hidraulisk\u0101s preses, bl\u012bv\u0113jumu uzst\u0101d\u012b\u0161anas instrumentus, sprostgredzenu knaibles un griezes momenta atsl\u0113gas. Nepiecie\u0161amo instrumentu esam\u012bba un zin\u0101\u0161anas par to pareizu lieto\u0161anu ir \u013coti svar\u012bgas veiksm\u012bgai atjauno\u0161anai.<\/li>\n<li><strong>Bl\u012bv\u0113juma nomai\u0146a un mont\u0101\u017ea:<\/strong><br \/>\nViens no svar\u012bg\u0101kajiem hidraulisk\u0101 cilindra atjauno\u0161anas posmiem ir bl\u012bv\u0113jumu nomai\u0146a. Pareiza bl\u012bv\u0113jumu izv\u0113le un uzst\u0101d\u012b\u0161ana ir \u013coti svar\u012bga pareizai darb\u012bbai un nopl\u016b\u017eu nov\u0113r\u0161anai. Tas prasa precizit\u0101ti un uzman\u012bbu deta\u013c\u0101m. Turkl\u0101t cilindra sast\u0101vda\u013cu salik\u0161ana pareiz\u0101 sec\u012bb\u0101 un izl\u012bdzin\u0101\u0161an\u0101 ir \u013coti svar\u012bga t\u0101 optim\u0101lai darb\u012bbai.<\/li>\n<li><strong>Test\u0113\u0161ana un verifik\u0101cija:<\/strong><br \/>\nP\u0113c hidraulisk\u0101 cilindra atjauno\u0161anas ir svar\u012bgi veikt r\u016bp\u012bgu p\u0101rbaudi, lai p\u0101rliecin\u0101tos, ka tas darbojas, k\u0101 paredz\u0113ts. Tas var ietvert spiediena p\u0101rbaudi, nopl\u016b\u017eu p\u0101rbaudi un cilindra kust\u012bbas diapazona un veiktsp\u0113jas p\u0101rbaudi. Pareiza p\u0101rbaude pal\u012bdz identific\u0113t probl\u0113mas un nodro\u0161ina cilindra dro\u0161\u012bbu un uzticam\u012bbu.<\/li>\n<\/ol>\n<h2><strong>R\u016bpn\u012bcas iesp\u0113jas un jauda:<\/strong><\/h2>\n<h3>(1) Mont\u0101\u017ea<\/h3>\n<p>Mums ir pirmklas\u012bga neatkar\u012bga p\u0113tniec\u012bbas un att\u012bst\u012bbas mont\u0101\u017eas platforma. Hidraulisko cilindru ra\u017eo\u0161anas darbn\u012bc\u0101 ir \u010detras pusautom\u0101tiskas pacel\u0161anas cilindru mont\u0101\u017eas l\u012bnijas un viena autom\u0101tisk\u0101 sl\u012bpuma cilindru mont\u0101\u017eas l\u012bnija ar projekt\u0113to gada ra\u017eo\u0161anas jaudu 1 miljons vien\u012bbu. Speci\u0101lo cilindru darbn\u012bca ir apr\u012bkota ar da\u017e\u0101du specifik\u0101ciju pusautom\u0101tisku t\u012br\u012b\u0161anas mont\u0101\u017eas sist\u0113mu ar projekt\u0113to gada ra\u017eo\u0161anas jaudu 200 000 vien\u012bbu un apr\u012bkota ar slaven\u0101m CNC apstr\u0101des iek\u0101rt\u0101m, apstr\u0101des centru, augstas precizit\u0101tes cilindru apstr\u0101des speci\u0101lo apr\u012bkojumu, robotiz\u0113tu metin\u0101\u0161anas iek\u0101rtu, autom\u0101tisku t\u012br\u012b\u0161anas iek\u0101rtu, autom\u0101tisku cilindru mont\u0101\u017eas iek\u0101rtu un autom\u0101tisku kr\u0101so\u0161anas ra\u017eo\u0161anas l\u012bniju. Eso\u0161ais kritiskais apr\u012bkojums ir vair\u0101k nek\u0101 300 komplektu (komplektu). Optim\u0101la iek\u0101rtu resursu sadale un efekt\u012bva izmanto\u0161ana nodro\u0161ina produktu precizit\u0101tes pras\u012bbas un apmierina produktu augst\u0101s kvalit\u0101tes pras\u012bbas.<\/p>\n<p><img loading=\"lazy\" decoding=\"async\" class=\"alignnone wp-image-626\" src=\"https:\/\/hydraulic-cylinders.net\/wp-content\/uploads\/2023\/08\/hydraulic-cylinder-product-1-300x158.webp\" alt=\"\" width=\"495\" height=\"260\" srcset=\"https:\/\/hydraulic-cylinders.net\/wp-content\/uploads\/2023\/08\/hydraulic-cylinder-product-1-300x158.webp 495w, https:\/\/hydraulic-cylinders.net\/wp-content\/uploads\/2023\/08\/hydraulic-cylinder-product-1-480x252.webp 480w\" sizes=\"(min-width: 0px) and (max-width: 480px) 480px, (min-width: 481px) 495px, 100vw\" \/> <img loading=\"lazy\" decoding=\"async\" class=\"alignnone wp-image-627\" src=\"https:\/\/hydraulic-cylinders.net\/wp-content\/uploads\/2023\/08\/hydraulic-cylinder-product-2-300x189.webp\" alt=\"\" width=\"413\" height=\"260\" \/><\/p>\n<h3>(2) Apstr\u0101de<\/h3>\n<p>Apstr\u0101des cehs ir apr\u012bkots ar piel\u0101gotu sl\u012bpo slie\u017eu virpo\u0161anas centru, apstr\u0101des centru, \u0101trgaitas asin\u0101\u0161anas ma\u0161\u012bnu, metin\u0101\u0161anas robotu un citu saist\u012btu apr\u012bkojumu, kas var apstr\u0101d\u0101t cilindriskas caurules ar maksim\u0101lo iek\u0161\u0113jo diametru 400 mm un maksim\u0101lo garumu 6 metri.<\/p>\n<p><img loading=\"lazy\" decoding=\"async\" class=\"alignnone wp-image-628 size-large\" src=\"https:\/\/hydraulic-cylinders.net\/wp-content\/uploads\/2023\/08\/hydraulic-cylinder-product-3-1024x391.webp\" alt=\"\" width=\"1024\" height=\"391\" srcset=\"https:\/\/hydraulic-cylinders.net\/wp-content\/uploads\/2023\/08\/hydraulic-cylinder-product-3-980x374.webp 980w, https:\/\/hydraulic-cylinders.net\/wp-content\/uploads\/2023\/08\/hydraulic-cylinder-product-3-480x183.webp 480w\" sizes=\"(min-width: 0px) and (max-width: 480px) 480px, (min-width: 481px) and (max-width: 980px) 980px, (min-width: 981px) 1024px, 100vw\" \/><\/p>\n<h3>(3) Metin\u0101\u0161ana<\/h3>\n<p><img loading=\"lazy\" decoding=\"async\" class=\"alignnone wp-image-629 size-large\" src=\"https:\/\/hydraulic-cylinders.net\/wp-content\/uploads\/2023\/08\/hydraulic-cylinder-product-4-1024x510.webp\" alt=\"\" width=\"1024\" height=\"510\" srcset=\"https:\/\/hydraulic-cylinders.net\/wp-content\/uploads\/2023\/08\/hydraulic-cylinder-product-4-980x488.webp 980w, https:\/\/hydraulic-cylinders.net\/wp-content\/uploads\/2023\/08\/hydraulic-cylinder-product-4-480x239.webp 480w\" sizes=\"(min-width: 0px) and (max-width: 480px) 480px, (min-width: 481px) and (max-width: 980px) 980px, (min-width: 981px) 1024px, 100vw\" \/><\/p>\n<h3>(4) Kr\u0101so\u0161ana un p\u0101rkl\u0101\u0161ana<\/h3>\n<p>Ar maz\u0101m un vid\u0113ja izm\u0113ra cilindrisk\u0101m autom\u0101tisk\u0101m \u016bdens b\u0101zes kr\u0101su p\u0101rkl\u0101\u0161anas l\u012bnij\u0101m, lai pan\u0101ktu autom\u0101tisku robotu iekrau\u0161anu un izkrau\u0161anu un autom\u0101tisku izsmidzin\u0101\u0161anu, projekt\u0113t\u0101 jauda ir 4000 gabali mai\u0146\u0101;<br \/>\nMums ir ar\u012b pusautom\u0101tiska kr\u0101su ra\u017eo\u0161anas l\u012bnija lieliem baloniem, ko darbina \u0137\u0113des piedzi\u0146a, ar 60 kastu konstrukcijas jaudu vien\u0101 mai\u0146\u0101.<\/p>\n<p><img loading=\"lazy\" decoding=\"async\" class=\"alignnone wp-image-630\" src=\"https:\/\/hydraulic-cylinders.net\/wp-content\/uploads\/2023\/08\/hydraulic-cylinder-product-5-300x213.webp\" alt=\"\" width=\"366\" height=\"260\" \/> <img loading=\"lazy\" decoding=\"async\" class=\"alignnone wp-image-631\" src=\"https:\/\/hydraulic-cylinders.net\/wp-content\/uploads\/2023\/08\/hydraulic-cylinder-product-6-300x225.webp\" alt=\"\" width=\"347\" height=\"260\" \/><\/p>\n<h3>(5) Test\u0113\u0161ana<\/h3>\n<p>Mums ir augst\u0101k\u0101s klases p\u0101rbaudes iek\u0101rtas un test\u0113\u0161anas stendi, lai nodro\u0161in\u0101tu, ka balona veiktsp\u0113ja atbilst pras\u012bb\u0101m.<\/p>\n<p><img loading=\"lazy\" decoding=\"async\" class=\"alignnone wp-image-632\" src=\"https:\/\/hydraulic-cylinders.net\/wp-content\/uploads\/2023\/08\/hydraulic-cylinder-product-8-300x200.webp\" alt=\"\" width=\"389\" height=\"260\" \/><\/p>\n<p>&nbsp;<\/p>\n<p>&nbsp;<\/p>\n<p>M\u0113s esam viens no lab\u0101kajiem metalur\u0123isko hidraulisko cilindru ra\u017eot\u0101jiem. M\u0113s varam pied\u0101v\u0101t pla\u0161u metalur\u0123isko hidraulisko cilindru kl\u0101stu. M\u0113s nodro\u0161in\u0101m ar\u012b atbilsto\u0161us <a href=\"https:\/\/hzpt.com\/agricultural-pto-gearbox\/\" target=\"_blank\" rel=\"noopener\">lauksaimniec\u012bbas p\u0101rnesumk\u0101rbas<\/a>. M\u0113s esam eksport\u0113ju\u0161i savus produktus klientiem vis\u0101 pasaul\u0113 un esam ieguvu\u0161i labu reput\u0101ciju, pateicoties m\u016bsu izcilajai produktu kvalit\u0101tei un p\u0113cp\u0101rdo\u0161anas servisam. M\u0113s aicin\u0101m klientus no valsts un \u0101rvalst\u012bm sazin\u0101ties ar mums, lai risin\u0101tu biznesa sarunas, apmain\u012btos ar inform\u0101ciju un... <a href=\"https:\/\/www.hydraulic-cylinders.net\/lv\/contact-us\/\">sadarboties ar mums<\/a>!<\/p>\n<h2><\/h2>","protected":false},"excerpt":{"rendered":"<p>Rear Single Earring Type Metallurgical Hydraulic Cylinder The rear single-earring type metallurgical hydraulic cylinder is a cutting-edge hydraulic component designed to meet the demanding requirements of metallurgical applications. With its advanced features, precise control, and robust construction, this hydraulic cylinder offers exceptional performance, durability, and reliability in the rigorous environments of steel mills, foundries, and [&hellip;]<\/p>","protected":false},"featured_media":1226,"comment_status":"open","ping_status":"closed","template":"","meta":{"_et_pb_use_builder":"","_et_pb_old_content":"","_et_gb_content_width":""},"product_brand":[],"product_cat":[1376,1550,1524],"product_tag":[1380],"class_list":{"0":"post-1223","1":"product","2":"type-product","3":"status-publish","4":"has-post-thumbnail","6":"product_cat-hydraulic-cylinder","7":"product_cat-double-acting-hydraulic-cylinder","8":"product_cat-steel-mill-hydraulic-cylinders","9":"product_tag-hydraulic-cylinder","11":"first","12":"instock","13":"shipping-taxable","14":"product-type-simple"},"amp_enabled":true,"_links":{"self":[{"href":"https:\/\/www.hydraulic-cylinders.net\/lv\/wp-json\/wp\/v2\/product\/1223","targetHints":{"allow":["GET"]}}],"collection":[{"href":"https:\/\/www.hydraulic-cylinders.net\/lv\/wp-json\/wp\/v2\/product"}],"about":[{"href":"https:\/\/www.hydraulic-cylinders.net\/lv\/wp-json\/wp\/v2\/types\/product"}],"replies":[{"embeddable":true,"href":"https:\/\/www.hydraulic-cylinders.net\/lv\/wp-json\/wp\/v2\/comments?post=1223"}],"wp:featuredmedia":[{"embeddable":true,"href":"https:\/\/www.hydraulic-cylinders.net\/lv\/wp-json\/wp\/v2\/media\/1226"}],"wp:attachment":[{"href":"https:\/\/www.hydraulic-cylinders.net\/lv\/wp-json\/wp\/v2\/media?parent=1223"}],"wp:term":[{"taxonomy":"product_brand","embeddable":true,"href":"https:\/\/www.hydraulic-cylinders.net\/lv\/wp-json\/wp\/v2\/product_brand?post=1223"},{"taxonomy":"product_cat","embeddable":true,"href":"https:\/\/www.hydraulic-cylinders.net\/lv\/wp-json\/wp\/v2\/product_cat?post=1223"},{"taxonomy":"product_tag","embeddable":true,"href":"https:\/\/www.hydraulic-cylinders.net\/lv\/wp-json\/wp\/v2\/product_tag?post=1223"}],"curies":[{"name":"wp","href":"https:\/\/api.w.org\/{rel}","templated":true}]}}