{"id":1250,"date":"2023-09-14T08:25:27","date_gmt":"2023-09-14T08:25:27","guid":{"rendered":"https:\/\/hydraulic-cylinders.net\/?post_type=product&#038;p=1250"},"modified":"2025-04-11T05:26:06","modified_gmt":"2025-04-11T05:26:06","slug":"hroe-rear-flange-type-circular-hydraulic-cylinder","status":"publish","type":"product","link":"https:\/\/www.hydraulic-cylinders.net\/lv\/products\/hroe-rear-flange-type-circular-hydraulic-cylinder\/","title":{"rendered":"HROE aizmugur\u0113j\u0101 atloka tipa ap\u013cveida hidrauliskais cilindrs"},"content":{"rendered":"<h1 style=\"text-align: center;\"><strong>HROE aizmugur\u0113j\u0101 atloka tipa ap\u013cveida hidrauliskais cilindrs<\/strong><\/h1>\n<p>HROE aizmugur\u0113j\u0101 atloka apa\u013cais hidrauliskais cilindrs ir modern\u0101kais hidrauliskais elements, kas paredz\u0113ts, lai nodro\u0161in\u0101tu uzticamu un efekt\u012bvu jaudas p\u0101rvadi pla\u0161am r\u016bpniecisko pielietojumu kl\u0101stam. Ar savu inovat\u012bvo dizainu un izcilo veiktsp\u0113ju \u0161is hidrauliskais cilindrs pied\u0101v\u0101 prec\u012bzu vad\u012bbu, iztur\u012bbu un daudzpus\u012bbu. Neatkar\u012bgi no t\u0101, vai tas ir ra\u017eo\u0161an\u0101, b\u016bvniec\u012bb\u0101 vai materi\u0101lu apstr\u0101d\u0113, HROE aizmugur\u0113j\u0101 atloka cilindrs optimiz\u0113 hidraulisko darb\u012bbu un palielina produktivit\u0101ti.<\/p>\n<p>HRO s\u0113rijas apa\u013cais cilindrs ir dro\u0161s un stabils, ar jaudu, vieglu apkopi, skaistu izskatu, augstu kvalit\u0101ti, piem\u0113rots visu veidu pres\u0113m.<\/p>\n<p><img loading=\"lazy\" decoding=\"async\" class=\"aligncenter wp-image-1251\" src=\"https:\/\/hydraulic-cylinders.net\/wp-content\/uploads\/2023\/09\/hro-circular-hydraulic-cylinder-9-1-300x300.webp\" alt=\"\" width=\"400\" height=\"400\" \/><\/p>\n<h2><strong>HROA tipa ap\u013cveida hidraulisk\u0101 cilindra raksturlielumi:<\/strong><\/h2>\n<p><img loading=\"lazy\" decoding=\"async\" class=\"alignnone wp-image-1234 size-full\" src=\"https:\/\/hydraulic-cylinders.net\/wp-content\/uploads\/2023\/09\/hro-circular-hydraulic-cylinder-1-1-1.webp\" alt=\"\" width=\"1428\" height=\"436\" srcset=\"https:\/\/hydraulic-cylinders.net\/wp-content\/uploads\/2023\/09\/hro-circular-hydraulic-cylinder-1-1-1.webp 1428w, https:\/\/hydraulic-cylinders.net\/wp-content\/uploads\/2023\/09\/hro-circular-hydraulic-cylinder-1-1-1-1280x391.webp 1280w, https:\/\/hydraulic-cylinders.net\/wp-content\/uploads\/2023\/09\/hro-circular-hydraulic-cylinder-1-1-1-980x299.webp 980w, https:\/\/hydraulic-cylinders.net\/wp-content\/uploads\/2023\/09\/hro-circular-hydraulic-cylinder-1-1-1-480x147.webp 480w\" sizes=\"(min-width: 0px) and (max-width: 480px) 480px, (min-width: 481px) and (max-width: 980px) 980px, (min-width: 981px) and (max-width: 1280px) 1280px, (min-width: 1281px) 1428px, 100vw\" \/><\/p>\n<h2><strong>HROA tipa ap\u013cveida hidraulisk\u0101 cilindra strukt\u016bras sh\u0113ma:<\/strong><\/h2>\n<p><img loading=\"lazy\" decoding=\"async\" class=\"alignnone wp-image-1235 size-full\" src=\"https:\/\/hydraulic-cylinders.net\/wp-content\/uploads\/2023\/09\/hro-circular-hydraulic-cylinder-2-1.webp\" alt=\"\" width=\"1404\" height=\"889\" srcset=\"https:\/\/hydraulic-cylinders.net\/wp-content\/uploads\/2023\/09\/hro-circular-hydraulic-cylinder-2-1.webp 1404w, https:\/\/hydraulic-cylinders.net\/wp-content\/uploads\/2023\/09\/hro-circular-hydraulic-cylinder-2-1-1280x810.webp 1280w, https:\/\/hydraulic-cylinders.net\/wp-content\/uploads\/2023\/09\/hro-circular-hydraulic-cylinder-2-1-980x621.webp 980w, https:\/\/hydraulic-cylinders.net\/wp-content\/uploads\/2023\/09\/hro-circular-hydraulic-cylinder-2-1-480x304.webp 480w\" sizes=\"(min-width: 0px) and (max-width: 480px) 480px, (min-width: 481px) and (max-width: 980px) 980px, (min-width: 981px) and (max-width: 1280px) 1280px, (min-width: 1281px) 1404px, 100vw\" \/><\/p>\n<h2><strong>HROE aizmugur\u0113j\u0101 atloka tipa ap\u013cveida hidraulisk\u0101 cilindra parametrs:<\/strong> <img loading=\"lazy\" decoding=\"async\" class=\"alignnone wp-image-1252 size-full\" src=\"https:\/\/hydraulic-cylinders.net\/wp-content\/uploads\/2023\/09\/hro-circular-hydraulic-cylinder-9.webp\" alt=\"\" width=\"1452\" height=\"1221\" srcset=\"https:\/\/hydraulic-cylinders.net\/wp-content\/uploads\/2023\/09\/hro-circular-hydraulic-cylinder-9.webp 1452w, https:\/\/hydraulic-cylinders.net\/wp-content\/uploads\/2023\/09\/hro-circular-hydraulic-cylinder-9-1280x1076.webp 1280w, https:\/\/hydraulic-cylinders.net\/wp-content\/uploads\/2023\/09\/hro-circular-hydraulic-cylinder-9-980x824.webp 980w, https:\/\/hydraulic-cylinders.net\/wp-content\/uploads\/2023\/09\/hro-circular-hydraulic-cylinder-9-480x404.webp 480w\" sizes=\"(min-width: 0px) and (max-width: 480px) 480px, (min-width: 481px) and (max-width: 980px) 980px, (min-width: 981px) and (max-width: 1280px) 1280px, (min-width: 1281px) 1452px, 100vw\" \/><\/h2>\n<h2><strong>HROE aizmugur\u0113j\u0101 atloka tipa ap\u013cveida hidrauliskais cilindrs <\/strong><strong>\u0100r\u0113j\u0101 zobu tipa specifik\u0101cijas lapa:<\/strong><\/h2>\n<h2><img loading=\"lazy\" decoding=\"async\" class=\"alignnone wp-image-1253 size-full\" src=\"https:\/\/hydraulic-cylinders.net\/wp-content\/uploads\/2023\/09\/hro-circular-hydraulic-cylinder-10.webp\" alt=\"\" width=\"1406\" height=\"491\" srcset=\"https:\/\/hydraulic-cylinders.net\/wp-content\/uploads\/2023\/09\/hro-circular-hydraulic-cylinder-10.webp 1406w, https:\/\/hydraulic-cylinders.net\/wp-content\/uploads\/2023\/09\/hro-circular-hydraulic-cylinder-10-1280x447.webp 1280w, https:\/\/hydraulic-cylinders.net\/wp-content\/uploads\/2023\/09\/hro-circular-hydraulic-cylinder-10-980x342.webp 980w, https:\/\/hydraulic-cylinders.net\/wp-content\/uploads\/2023\/09\/hro-circular-hydraulic-cylinder-10-480x168.webp 480w\" sizes=\"(min-width: 0px) and (max-width: 480px) 480px, (min-width: 481px) and (max-width: 980px) 980px, (min-width: 981px) and (max-width: 1280px) 1280px, (min-width: 1281px) 1406px, 100vw\" \/><\/h2>\n<h2><strong>HROE aizmugur\u0113j\u0101 atloka tipa ap\u013cveida hidrauliskais cilindrs <\/strong><strong>Lieto\u0161anas metode<\/strong><strong>:<\/strong><\/h2>\n<ol>\n<li><strong>Mont\u0101\u017ea un uzst\u0101d\u012b\u0161ana:<\/strong>\n<ul>\n<li>Nosakiet atbilsto\u0161o HROE aizmugur\u0113j\u0101 atloka tipa cilindra mont\u0101\u017eas poz\u012bciju, pamatojoties uz j\u016bsu apr\u012bkojuma vai ma\u0161\u012bnu \u012bpa\u0161aj\u0101m pras\u012bb\u0101m.<\/li>\n<li>P\u0101rliecinieties, vai mont\u0101\u017eas virsma ir stabila, l\u012bdzena un sp\u0113j\u012bga dro\u0161i iztur\u0113t cilindra svaru un slodzi.<\/li>\n<\/ul>\n<\/li>\n<li><strong>Hidraulisk\u0101s sist\u0113mas savienojums:<\/strong>\n<ul>\n<li>Pievienojiet hidraulisko cilindru hidrauliskajai sist\u0113mai, izmantojot sader\u012bgas hidraulisk\u0101s \u0161\u013c\u016btenes vai caurules.<\/li>\n<li>Nodro\u0161iniet pareizu izl\u012bdzin\u0101\u0161anu un dro\u0161us savienojumus, lai nov\u0113rstu nopl\u016bdes un nodro\u0161in\u0101tu optim\u0101lu veiktsp\u0113ju.<\/li>\n<\/ul>\n<\/li>\n<li><strong>Cilindra darb\u012bba:<\/strong>\n<ul>\n<li>Aktiviz\u0113jiet hidraulisko sist\u0113mu, lai uzs\u0101ktu HROE aizmugur\u0113j\u0101 atloka tipa cilindra kust\u012bbu.<\/li>\n<li>Izmantojiet hidraulisko vad\u012bbas sist\u0113mu, lai prec\u012bzi kontrol\u0113tu cilindra pagarin\u0101\u0161anu, ievilk\u0161anu un pozicion\u0113\u0161anu efekt\u012bvai darb\u012bbai.<\/li>\n<\/ul>\n<\/li>\n<\/ol>\n<h2><strong>HROE aizmugur\u0113j\u0101 atloka tipa ap\u013cveida hidraulisk\u0101 cilindra raksturojums:<\/strong><\/h2>\n<ul>\n<li><strong>Inovat\u012bvs dizains:<\/strong>\u00a0 HROE aizmugur\u0113j\u0101 atloka tipa cilindram ir moderna konstrukcija, kas maksim\u0101li palielina veiktsp\u0113ju, efektivit\u0101ti un iztur\u012bbu.<\/li>\n<li><strong>Prec\u012bza kontrole:<\/strong>\u00a0 \u0160is hidrauliskais cilindrs nodro\u0161ina izcilu kust\u012bbas un pozicion\u0113\u0161anas kontroli, \u013caujot prec\u012bzi un efekt\u012bvi darboties.<\/li>\n<li><strong>Augsta kravnes\u012bba:<\/strong>\u00a0 HROE aizmugur\u0113j\u0101 atloka tipa cilindri ir paredz\u0113ti lielu slod\u017eu iztur\u0113\u0161anai un pras\u012bgiem r\u016bpnieciskiem pielietojumiem.<\/li>\n<li><strong>Daudzpus\u012bgi pielietojumi:<\/strong>\u00a0 Hidrauliskajam cilindram ir univers\u0101ls dizains, kas ir piem\u0113rots ra\u017eo\u0161anai, b\u016bvniec\u012bbai, materi\u0101lu apstr\u0101dei un cit\u0101m nozar\u0113m.<\/li>\n<li><strong>Uzticam\u012bba un iztur\u012bba:<\/strong>\u00a0 HROE cilindri ar aizmugur\u0113jo atloku var iztur\u0113t skarbus ekspluat\u0101cijas apst\u0101k\u013cus, nodro\u0161inot ilgsto\u0161u veiktsp\u0113ju un samazinot d\u012bkst\u0101ves laiku.<\/li>\n<li><strong>Vienm\u0113r\u012bga darb\u012bba:<\/strong>\u00a0 Cilindrs nodro\u0161ina vienm\u0113r\u012bgu un uzticamu darb\u012bbu un samazina vibr\u0101ciju un troksni hidraulisk\u0101s kust\u012bbas laik\u0101.<\/li>\n<\/ul>\n<h2><strong>K\u0101 no\u0146emt hidraulisko cilindru no front\u0101l\u0101 iekr\u0101v\u0113ja?<\/strong><\/h2>\n<p>Hidraulisk\u0101 cilindra no\u0146em\u0161ana no front\u0101l\u0101 iekr\u0101v\u0113ja prasa r\u016bp\u012bgu sagatavo\u0161anos un izpildi. \u0160eit ir soli pa solim sniegta instrukcija, kas pal\u012bdz\u0113s jums \u0161aj\u0101 proces\u0101:<\/p>\n<ol>\n<li><strong>Dro\u0161\u012bba pirmaj\u0101 viet\u0101:<\/strong>\n<ul>\n<li>Pirms darba uzs\u0101k\u0161anas p\u0101rliecinieties, vai front\u0101lais iekr\u0101v\u0113js ir novietots uz l\u012bdzenas virsmas un dzin\u0113js ir izsl\u0113gts.<\/li>\n<li>Iesl\u0113dziet st\u0101vbremzi un novietojiet rite\u0146u \u0137\u012b\u013cus aiz aizmugur\u0113jiem rite\u0146iem, lai nov\u0113rstu nejau\u0161u kust\u012bbu.<\/li>\n<li>Valk\u0101jiet atbilsto\u0161us individu\u0101los aizsardz\u012bbas l\u012bdzek\u013cus (IAL), tostarp cimdus un aizsargbrilles.<\/li>\n<\/ul>\n<\/li>\n<li><strong>Identific\u0113jiet cilindru:<\/strong>\n<ul>\n<li>Atrodiet hidraulisko cilindru, kuru pl\u0101nojat no\u0146emt. Tas tiks savienots ar iekr\u0101v\u0113ja hidraulisko sist\u0113mu un piestiprin\u0101ts pie noteiktiem stiprin\u0101juma punktiem.<\/li>\n<\/ul>\n<\/li>\n<li><strong>Hidraulisk\u0101 spiediena samazin\u0101\u0161ana:<\/strong>\n<ul>\n<li>Lai izvair\u012btos no p\u0113k\u0161\u0146\u0101m kust\u012bb\u0101m vai iesp\u0113jamiem savainojumiem, pirms cilindra atvieno\u0161anas samaziniet hidraulisko spiedienu sist\u0113m\u0101.<\/li>\n<li>Iedarbiniet dzin\u0113ju un darbiniet iekr\u0101v\u0113ja hidraulisk\u0101s vad\u012bbas ier\u012bces, lai p\u0101rvietotu kausu vai piekabi piln\u012bb\u0101 izstiept\u0101 vai pacelt\u0101 poz\u012bcij\u0101.<\/li>\n<li>Izsl\u0113dziet dzin\u0113ju un atbr\u012bvojiet atliku\u0161o spiedienu, da\u017eas reizes darbinot hidraulisk\u0101s vad\u012bbas ier\u012bces.<\/li>\n<\/ul>\n<\/li>\n<li><strong>Atvienojiet hidrauliskos savienojumus:<\/strong>\n<ul>\n<li>Atrodiet hidraulisk\u0101s \u0161\u013c\u016btenes vai l\u012bnijas, kas ir savienotas ar cilindru. T\u0101s parasti ir nostiprin\u0101tas ar savienot\u0101jelementiem, skr\u016bv\u0113m vai \u0101tr\u0101s atvieno\u0161an\u0101s savienojumiem.<\/li>\n<li>Uzman\u012bgi atskr\u016bv\u0113jiet un atvienojiet hidrauliskos savienojumus, nepiecie\u0161am\u012bbas gad\u012bjum\u0101 izmantojot atbilsto\u0161us instrumentus.<\/li>\n<li>Esiet gatavi hidraulisk\u0101 \u0161\u0137idruma nopl\u016bdei, t\u0101p\u0113c sagatavojiet sav\u0101k\u0161anas trauku vai absorb\u0113jo\u0161u materi\u0101lu, lai samazin\u0101tu nopl\u016bdes risku.<\/li>\n<\/ul>\n<\/li>\n<li><strong>No\u0146emiet stiprin\u0101juma deta\u013cas:<\/strong>\n<ul>\n<li>Nosakiet stiprin\u0101juma punktus, kur cilindrs ir piestiprin\u0101ts pie iekr\u0101v\u0113ja konstrukcijas. Tie var b\u016bt tapas, skr\u016bves vai kron\u0161teini.<\/li>\n<li>Izmantojot atbilsto\u0161us instrumentus, no\u0146emiet visas stiprin\u0101\u0161anas tapas vai skr\u016bves, kas nostiprina cilindru pie iekr\u0101v\u0113ja.<\/li>\n<li>Sekojiet l\u012bdzi aparat\u016brai, to no\u0146emot, lai nodro\u0161in\u0101tu, ka t\u0101 netiek pazaud\u0113ta vai nozaud\u0113ta.<\/li>\n<\/ul>\n<\/li>\n<li><strong>Atvienojiet cilindru:<\/strong>\n<ul>\n<li>Kad hidrauliskie savienojumi un stiprin\u0101juma aparat\u016bra ir no\u0146emti, cilindram tagad vajadz\u0113tu b\u016bt br\u012bvam atvieno\u0161anai.<\/li>\n<li>Uzman\u012bgi pab\u012bdiet vai manevr\u0113jiet cilindru no t\u0101 mont\u0101\u017eas poz\u012bcijas, neboj\u0101jot apk\u0101rt\u0113j\u0101s sast\u0101vda\u013cas vai hidraulisk\u0101s l\u012bnijas.<\/li>\n<li>Izmantojiet cel\u0161anas apr\u012bkojumu vai pal\u012bdz\u012bbu, lai dro\u0161i p\u0101rvietotu un iz\u0146emtu balonu no iekr\u0101v\u0113ja.<\/li>\n<\/ul>\n<\/li>\n<li><strong>Pareiza uzglab\u0101\u0161ana un apkope:<\/strong>\n<ul>\n<li>Kad cilindrs ir no\u0146emts, p\u0101rbaudiet, vai nav boj\u0101jumu vai nodiluma paz\u012bmju. Ja nepiecie\u0161ams, nomainiet nolietot\u0101s bl\u012bves vai deta\u013cas.<\/li>\n<li>Hidraulisko cilindru glab\u0101jiet t\u012br\u0101 un saus\u0101 viet\u0101, pasarg\u0101jot to no putek\u013ciem, mitruma un ekstrem\u0101l\u0101m temperat\u016br\u0101m.<\/li>\n<li>Ja cilindram nepiecie\u0161ama papildu apkope, iepaz\u012bstieties ar ra\u017eot\u0101ja nor\u0101d\u012bjumiem vai mekl\u0113jiet profesion\u0101lu pal\u012bdz\u012bbu.<\/li>\n<\/ul>\n<\/li>\n<\/ol>\n<ol>\n<li style=\"list-style-type: none;\"><\/li>\n<\/ol>\n<h2><strong>R\u016bpn\u012bcas iesp\u0113jas un jauda:<\/strong><\/h2>\n<h3>(1) Mont\u0101\u017ea<\/h3>\n<p>Mums ir pirmklas\u012bga neatkar\u012bga p\u0113tniec\u012bbas un att\u012bst\u012bbas mont\u0101\u017eas platforma. Hidraulisko cilindru ra\u017eo\u0161anas darbn\u012bc\u0101 ir \u010detras pusautom\u0101tiskas pacel\u0161anas cilindru mont\u0101\u017eas l\u012bnijas un viena autom\u0101tisk\u0101 sl\u012bpuma cilindru mont\u0101\u017eas l\u012bnija ar projekt\u0113to gada ra\u017eo\u0161anas jaudu 1 miljons vien\u012bbu. Speci\u0101lo cilindru darbn\u012bca ir apr\u012bkota ar da\u017e\u0101du specifik\u0101ciju pusautom\u0101tisku t\u012br\u012b\u0161anas mont\u0101\u017eas sist\u0113mu ar projekt\u0113to gada ra\u017eo\u0161anas jaudu 200 000 vien\u012bbu un apr\u012bkota ar slaven\u0101m CNC apstr\u0101des iek\u0101rt\u0101m, apstr\u0101des centru, augstas precizit\u0101tes cilindru apstr\u0101des speci\u0101lo apr\u012bkojumu, robotiz\u0113tu metin\u0101\u0161anas iek\u0101rtu, autom\u0101tisku t\u012br\u012b\u0161anas iek\u0101rtu, autom\u0101tisku cilindru mont\u0101\u017eas iek\u0101rtu un autom\u0101tisku kr\u0101so\u0161anas ra\u017eo\u0161anas l\u012bniju. Eso\u0161ais kritiskais apr\u012bkojums ir vair\u0101k nek\u0101 300 komplektu (komplektu). Optim\u0101la iek\u0101rtu resursu sadale un efekt\u012bva izmanto\u0161ana nodro\u0161ina produktu precizit\u0101tes pras\u012bbas un apmierina produktu augst\u0101s kvalit\u0101tes pras\u012bbas.<\/p>\n<p><img loading=\"lazy\" decoding=\"async\" class=\"alignnone wp-image-626\" src=\"https:\/\/hydraulic-cylinders.net\/wp-content\/uploads\/2023\/08\/hydraulic-cylinder-product-1-300x158.webp\" alt=\"\" width=\"495\" height=\"260\" srcset=\"https:\/\/hydraulic-cylinders.net\/wp-content\/uploads\/2023\/08\/hydraulic-cylinder-product-1-300x158.webp 495w, https:\/\/hydraulic-cylinders.net\/wp-content\/uploads\/2023\/08\/hydraulic-cylinder-product-1-480x252.webp 480w\" sizes=\"(min-width: 0px) and (max-width: 480px) 480px, (min-width: 481px) 495px, 100vw\" \/> <img loading=\"lazy\" decoding=\"async\" class=\"alignnone wp-image-627\" src=\"https:\/\/hydraulic-cylinders.net\/wp-content\/uploads\/2023\/08\/hydraulic-cylinder-product-2-300x189.webp\" alt=\"\" width=\"413\" height=\"260\" \/><\/p>\n<h3>(2) Apstr\u0101de<\/h3>\n<p>Apstr\u0101des cehs ir apr\u012bkots ar piel\u0101gotu sl\u012bpo slie\u017eu virpo\u0161anas centru, apstr\u0101des centru, \u0101trgaitas asin\u0101\u0161anas ma\u0161\u012bnu, metin\u0101\u0161anas robotu un citu saist\u012btu apr\u012bkojumu, kas var apstr\u0101d\u0101t cilindriskas caurules ar maksim\u0101lo iek\u0161\u0113jo diametru 400 mm un maksim\u0101lo garumu 6 metri.<\/p>\n<p><img loading=\"lazy\" decoding=\"async\" class=\"alignnone wp-image-628 size-large\" src=\"https:\/\/hydraulic-cylinders.net\/wp-content\/uploads\/2023\/08\/hydraulic-cylinder-product-3-1024x391.webp\" alt=\"\" width=\"1024\" height=\"391\" srcset=\"https:\/\/hydraulic-cylinders.net\/wp-content\/uploads\/2023\/08\/hydraulic-cylinder-product-3-980x374.webp 980w, https:\/\/hydraulic-cylinders.net\/wp-content\/uploads\/2023\/08\/hydraulic-cylinder-product-3-480x183.webp 480w\" sizes=\"(min-width: 0px) and (max-width: 480px) 480px, (min-width: 481px) and (max-width: 980px) 980px, (min-width: 981px) 1024px, 100vw\" \/><\/p>\n<h3>(3) Metin\u0101\u0161ana<\/h3>\n<p><img loading=\"lazy\" decoding=\"async\" class=\"alignnone wp-image-629 size-large\" src=\"https:\/\/hydraulic-cylinders.net\/wp-content\/uploads\/2023\/08\/hydraulic-cylinder-product-4-1024x510.webp\" alt=\"\" width=\"1024\" height=\"510\" srcset=\"https:\/\/hydraulic-cylinders.net\/wp-content\/uploads\/2023\/08\/hydraulic-cylinder-product-4-980x488.webp 980w, https:\/\/hydraulic-cylinders.net\/wp-content\/uploads\/2023\/08\/hydraulic-cylinder-product-4-480x239.webp 480w\" sizes=\"(min-width: 0px) and (max-width: 480px) 480px, (min-width: 481px) and (max-width: 980px) 980px, (min-width: 981px) 1024px, 100vw\" \/><\/p>\n<h3>(4) Kr\u0101so\u0161ana un p\u0101rkl\u0101\u0161ana<\/h3>\n<p>Ar maz\u0101m un vid\u0113ja izm\u0113ra cilindrisk\u0101m autom\u0101tisk\u0101m \u016bdens b\u0101zes kr\u0101su p\u0101rkl\u0101\u0161anas l\u012bnij\u0101m, lai pan\u0101ktu autom\u0101tisku robotu iekrau\u0161anu un izkrau\u0161anu un autom\u0101tisku izsmidzin\u0101\u0161anu, projekt\u0113t\u0101 jauda ir 4000 gabali mai\u0146\u0101;<br \/>\nMums ir ar\u012b pusautom\u0101tiska kr\u0101su ra\u017eo\u0161anas l\u012bnija lieliem baloniem, ko darbina \u0137\u0113des piedzi\u0146a, ar 60 kastu konstrukcijas jaudu vien\u0101 mai\u0146\u0101.<\/p>\n<p><img loading=\"lazy\" decoding=\"async\" class=\"alignnone wp-image-630\" src=\"https:\/\/hydraulic-cylinders.net\/wp-content\/uploads\/2023\/08\/hydraulic-cylinder-product-5-300x213.webp\" alt=\"\" width=\"366\" height=\"260\" \/> <img loading=\"lazy\" decoding=\"async\" class=\"alignnone wp-image-631\" src=\"https:\/\/hydraulic-cylinders.net\/wp-content\/uploads\/2023\/08\/hydraulic-cylinder-product-6-300x225.webp\" alt=\"\" width=\"347\" height=\"260\" \/><\/p>\n<h3>(5) Test\u0113\u0161ana<\/h3>\n<p>Mums ir augst\u0101k\u0101s klases p\u0101rbaudes iek\u0101rtas un test\u0113\u0161anas stendi, lai nodro\u0161in\u0101tu, ka balona veiktsp\u0113ja atbilst pras\u012bb\u0101m.<\/p>\n<p><img loading=\"lazy\" decoding=\"async\" class=\"alignnone wp-image-632\" src=\"https:\/\/hydraulic-cylinders.net\/wp-content\/uploads\/2023\/08\/hydraulic-cylinder-product-8-300x200.webp\" alt=\"\" width=\"389\" height=\"260\" \/><\/p>\n<p>&nbsp;<\/p>\n<p>&nbsp;<\/p>\n<p>M\u0113s esam viens no lab\u0101kajiem metalur\u0123isko hidraulisko cilindru ra\u017eot\u0101jiem. M\u0113s varam pied\u0101v\u0101t pla\u0161u metalur\u0123isko hidraulisko cilindru kl\u0101stu. M\u0113s nodro\u0161in\u0101m ar\u012b atbilsto\u0161us <a href=\"https:\/\/hzpt.com\/agricultural-pto-gearbox\/\" target=\"_blank\" rel=\"noopener\">lauksaimniec\u012bbas p\u0101rnesumk\u0101rbas<\/a>. M\u0113s esam eksport\u0113ju\u0161i savus produktus klientiem vis\u0101 pasaul\u0113 un esam ieguvu\u0161i labu reput\u0101ciju, pateicoties m\u016bsu izcilajai produktu kvalit\u0101tei un p\u0113cp\u0101rdo\u0161anas servisam. M\u0113s aicin\u0101m klientus no valsts un \u0101rvalst\u012bm sazin\u0101ties ar mums, lai risin\u0101tu biznesa sarunas, apmain\u012btos ar inform\u0101ciju un... <a href=\"https:\/\/www.hydraulic-cylinders.net\/lv\/contact-us\/\">sadarboties ar mums<\/a>!<\/p>\n<h2><\/h2>\n<h2><\/h2>\n<h2><\/h2>","protected":false},"excerpt":{"rendered":"<p>HROE Rear Flange Type Circular Hydraulic Cylinder The HROE rear flanged circular hydraulic cylinder is a cutting-edge hydraulic element designed to provide reliable and efficient power transmission for a wide range of industrial applications. With its innovative design and superior performance, this hydraulic cylinder offers precise control, durability, and versatility. Whether in manufacturing, construction, or [&hellip;]<\/p>","protected":false},"featured_media":1257,"comment_status":"open","ping_status":"closed","template":"","meta":{"_et_pb_use_builder":"","_et_pb_old_content":"","_et_gb_content_width":""},"product_brand":[],"product_cat":[1526,1550,1376],"product_tag":[1380],"class_list":{"0":"post-1250","1":"product","2":"type-product","3":"status-publish","4":"has-post-thumbnail","6":"product_cat-assembly-line-hydraulic-cylinders","7":"product_cat-double-acting-hydraulic-cylinder","8":"product_cat-hydraulic-cylinder","9":"product_tag-hydraulic-cylinder","11":"first","12":"instock","13":"shipping-taxable","14":"product-type-simple"},"amp_enabled":true,"_links":{"self":[{"href":"https:\/\/www.hydraulic-cylinders.net\/lv\/wp-json\/wp\/v2\/product\/1250","targetHints":{"allow":["GET"]}}],"collection":[{"href":"https:\/\/www.hydraulic-cylinders.net\/lv\/wp-json\/wp\/v2\/product"}],"about":[{"href":"https:\/\/www.hydraulic-cylinders.net\/lv\/wp-json\/wp\/v2\/types\/product"}],"replies":[{"embeddable":true,"href":"https:\/\/www.hydraulic-cylinders.net\/lv\/wp-json\/wp\/v2\/comments?post=1250"}],"wp:featuredmedia":[{"embeddable":true,"href":"https:\/\/www.hydraulic-cylinders.net\/lv\/wp-json\/wp\/v2\/media\/1257"}],"wp:attachment":[{"href":"https:\/\/www.hydraulic-cylinders.net\/lv\/wp-json\/wp\/v2\/media?parent=1250"}],"wp:term":[{"taxonomy":"product_brand","embeddable":true,"href":"https:\/\/www.hydraulic-cylinders.net\/lv\/wp-json\/wp\/v2\/product_brand?post=1250"},{"taxonomy":"product_cat","embeddable":true,"href":"https:\/\/www.hydraulic-cylinders.net\/lv\/wp-json\/wp\/v2\/product_cat?post=1250"},{"taxonomy":"product_tag","embeddable":true,"href":"https:\/\/www.hydraulic-cylinders.net\/lv\/wp-json\/wp\/v2\/product_tag?post=1250"}],"curies":[{"name":"wp","href":"https:\/\/api.w.org\/{rel}","templated":true}]}}