{"id":1266,"date":"2023-09-15T07:54:55","date_gmt":"2023-09-15T07:54:55","guid":{"rendered":"https:\/\/hydraulic-cylinders.net\/?post_type=product&#038;p=1266"},"modified":"2025-04-11T05:25:56","modified_gmt":"2025-04-11T05:25:56","slug":"cx-series-homotaxial-compact-hydraulic-cylinder","status":"publish","type":"product","link":"https:\/\/www.hydraulic-cylinders.net\/lv\/products\/cx-series-homotaxial-compact-hydraulic-cylinder\/","title":{"rendered":"CX s\u0113rijas homotaksiskais kompaktais hidrauliskais cilindrs"},"content":{"rendered":"<h1 style=\"text-align: center;\"><strong>CX s\u0113rijas homotaksiskais kompaktais hidrauliskais cilindrs<\/strong><\/h1>\n<p>CX s\u0113rijas homotaksiskais kompaktais hidrauliskais cilindrs ir moderna hidraulisk\u0101 sast\u0101vda\u013ca, kas paredz\u0113ta efekt\u012bvas un uzticamas jaudas p\u0101rvades nodro\u0161in\u0101\u0161anai pla\u0161\u0101 r\u016bpniecisko pielietojumu kl\u0101st\u0101. Pateicoties kompaktajam dizainam, izcilajai veiktsp\u0113jai un iztur\u012bbai, \u0161is hidrauliskais cilindrs pied\u0101v\u0101 prec\u012bzu vad\u012bbu un daudzpus\u012bbu. Neatkar\u012bgi no t\u0101, vai to izmanto ra\u017eo\u0161an\u0101, materi\u0101lu apstr\u0101d\u0113 vai b\u016bvniec\u012bb\u0101, CX s\u0113rijas homotaksiskais kompaktais hidrauliskais cilindrs ir izstr\u0101d\u0101ts, lai optimiz\u0113tu hidraulisk\u0101s darb\u012bbas un uzlabotu produktivit\u0101ti.<\/p>\n<p>CX s\u0113rijas kompaktie cilindri tiek izmantoti cilindru iesp\u012bl\u0113\u0161anai. To uzst\u0101d\u012b\u0161ana ir neliela. M\u016bsu r\u016bpn\u012bc\u0101 ir modernas hidraulisk\u0101s iek\u0101rtas, tostarp vertik\u0101ls horizont\u0101ls apstr\u0101des centrs, k\u0101 ar\u012b vid\u0113ja un liela izm\u0113ra hidrauliskie cilindri. Pl\u0101no cilindru ra\u017eo\u0161anas tehnolo\u0123ija ir lieliska.<\/p>\n<p><img loading=\"lazy\" decoding=\"async\" class=\"size-full wp-image-1267 aligncenter\" src=\"https:\/\/hydraulic-cylinders.net\/wp-content\/uploads\/2023\/09\/cx-compact-hydraulic-cylinder-6.webp\" alt=\"\" width=\"245\" height=\"245\" srcset=\"https:\/\/www.hydraulic-cylinders.net\/wp-content\/uploads\/2023\/09\/cx-compact-hydraulic-cylinder-6.webp 245w, https:\/\/www.hydraulic-cylinders.net\/wp-content\/uploads\/2023\/09\/cx-compact-hydraulic-cylinder-6-100x100.webp 100w, https:\/\/www.hydraulic-cylinders.net\/wp-content\/uploads\/2023\/09\/cx-compact-hydraulic-cylinder-6-150x150.webp 150w, https:\/\/www.hydraulic-cylinders.net\/wp-content\/uploads\/2023\/09\/cx-compact-hydraulic-cylinder-6-12x12.webp 12w\" sizes=\"(max-width: 245px) 100vw, 245px\" \/><\/p>\n<h2><strong>CX s\u0113rijas homotaksi\u0101lais kompaktais hidrauliskais cilindrs, mode\u013ca apraksts:<img loading=\"lazy\" decoding=\"async\" class=\"alignnone wp-image-1269 size-full\" src=\"https:\/\/hydraulic-cylinders.net\/wp-content\/uploads\/2023\/09\/cx-compact-hydraulic-cylinder-2.webp\" alt=\"\" width=\"730\" height=\"119\" srcset=\"https:\/\/hydraulic-cylinders.net\/wp-content\/uploads\/2023\/09\/cx-compact-hydraulic-cylinder-2.webp 730w, https:\/\/hydraulic-cylinders.net\/wp-content\/uploads\/2023\/09\/cx-compact-hydraulic-cylinder-2-480x78.webp 480w\" sizes=\"(min-width: 0px) and (max-width: 480px) 480px, (min-width: 481px) 730px, 100vw\" \/>\u00a0<\/strong><\/h2>\n<h2><strong>CX s\u0113rijas homotaksiskais kompaktais hidrauliskais cilindrs <\/strong><strong>Funkcijas<\/strong>:<\/h2>\n<h2><strong><img loading=\"lazy\" decoding=\"async\" class=\"alignnone wp-image-1270 size-full\" src=\"https:\/\/hydraulic-cylinders.net\/wp-content\/uploads\/2023\/09\/cx-compact-hydraulic-cylinder-3.webp\" alt=\"\" width=\"730\" height=\"87\" srcset=\"https:\/\/hydraulic-cylinders.net\/wp-content\/uploads\/2023\/09\/cx-compact-hydraulic-cylinder-3.webp 730w, https:\/\/hydraulic-cylinders.net\/wp-content\/uploads\/2023\/09\/cx-compact-hydraulic-cylinder-3-480x57.webp 480w\" sizes=\"(min-width: 0px) and (max-width: 480px) 480px, (min-width: 481px) 730px, 100vw\" \/>\u00a0<\/strong><\/h2>\n<h2><strong>CX s\u0113rijas homotaksiskais kompaktais hidrauliskais cilindrs Parametrs:<\/strong><\/h2>\n<h2><strong><img loading=\"lazy\" decoding=\"async\" class=\"alignnone wp-image-1271 size-full\" src=\"https:\/\/hydraulic-cylinders.net\/wp-content\/uploads\/2023\/09\/cx-compact-hydraulic-cylinder-4.webp\" alt=\"\" width=\"730\" height=\"878\" srcset=\"https:\/\/hydraulic-cylinders.net\/wp-content\/uploads\/2023\/09\/cx-compact-hydraulic-cylinder-4.webp 730w, https:\/\/hydraulic-cylinders.net\/wp-content\/uploads\/2023\/09\/cx-compact-hydraulic-cylinder-4-480x577.webp 480w\" sizes=\"(min-width: 0px) and (max-width: 480px) 480px, (min-width: 481px) 730px, 100vw\" \/><\/strong><\/h2>\n<h2><strong>CX s\u0113rijas homotaksiskais kompaktais hidrauliskais cilindrs <\/strong><strong>Galven\u0101s iez\u012bmes un priek\u0161roc\u012bbas<\/strong><strong>:<\/strong><\/h2>\n<ol>\n<li><strong>Kompakts dizains:<\/strong>\n<ul>\n<li>CX s\u0113rijas koaksi\u0101lie kompaktie hidrauliskie cilindri ir izstr\u0101d\u0101ti t\u0101, lai aiz\u0146emtu minim\u0101lu vietu, padarot tos ide\u0101li piem\u0113rotus lietojumiem, kur uzst\u0101d\u012b\u0161anas vietas ir ierobe\u017eotas.<\/li>\n<li>T\u0101 kompaktais izm\u0113rs \u013cauj to neman\u0101mi integr\u0113t da\u017e\u0101d\u0101s iek\u0101rt\u0101s un meh\u0101niskajos iestat\u012bjumos.<\/li>\n<\/ul>\n<\/li>\n<li><strong>Prec\u012bza kontrole:<\/strong>\n<ul>\n<li>\u0160is hidrauliskais cilindrs nodro\u0161ina izcilu kust\u012bbas un pozicion\u0113\u0161anas kontroli, \u013caujot prec\u012bzi un efekt\u012bvi darboties.<\/li>\n<li>Prec\u012bzs vad\u012bbas meh\u0101nisms nodro\u0161ina vienm\u0113r\u012bgu un kontrol\u0113jamu kust\u012bbu un uzlabo kop\u0113jo ra\u017eo\u0161anas efektivit\u0101ti.<\/li>\n<\/ul>\n<\/li>\n<li><strong>Augsta veiktsp\u0113ja:<\/strong>\n<ul>\n<li>CX s\u0113rijas koaksi\u0101l\u0101 kompakt\u0101 hidraulisk\u0101 cilindra konstrukcija nodro\u0161ina augstas veiktsp\u0113jas jaudas p\u0101rvades iesp\u0113jas.<\/li>\n<li>Tas var iztur\u0113t lielas slodzes un sare\u017e\u0123\u012btus r\u016bpnieciskos pielietojumus, nodro\u0161inot uzticamu un nemain\u012bgu veiktsp\u0113ju.<\/li>\n<\/ul>\n<\/li>\n<li><strong>Daudzpus\u012bgi pielietojumi:<\/strong>\n<ul>\n<li>CX s\u0113rijas koaksi\u0101lie kompaktie hidrauliskie cilindri ir paredz\u0113ti daudzfunkcion\u0101liem pielietojumiem ra\u017eo\u0161an\u0101, materi\u0101lu apstr\u0101d\u0113, b\u016bvniec\u012bb\u0101 un cit\u0101s nozar\u0113s.<\/li>\n<li>To var izmantot da\u017e\u0101d\u0101s iek\u0101rt\u0101s, piem\u0113ram, pres\u0113s, kompaktoros, iekr\u0101v\u0113jos utt.<\/li>\n<\/ul>\n<\/li>\n<\/ol>\n<h2><strong>CX s\u0113rijas homotaksiskais kompaktais hidrauliskais cilindrs <\/strong><strong>Lieto\u0161anas metode<\/strong><strong>:<\/strong><\/h2>\n<ol>\n<li><strong>Mont\u0101\u017ea un uzst\u0101d\u012b\u0161ana:<\/strong>\n<ul>\n<li>Nosakiet piem\u0113rotu CX s\u0113rijas koaksi\u0101lo kompakto hidraulisko cilindru uzst\u0101d\u012b\u0161anas vietu, pamatojoties uz j\u016bsu apr\u012bkojuma vai ma\u0161\u012bnas \u012bpa\u0161aj\u0101m pras\u012bb\u0101m.<\/li>\n<li>P\u0101rliecinieties, vai mont\u0101\u017eas virsma ir stingra, l\u012bdzena un var dro\u0161i iztur\u0113t cilindra svaru un slodzi.<\/li>\n<\/ul>\n<\/li>\n<li><strong>Hidraulisk\u0101s sist\u0113mas savienojums:<\/strong>\n<ul>\n<li>Pievienojiet hidraulisko cilindru hidrauliskajai sist\u0113mai, izmantojot sader\u012bgu hidraulisko \u0161\u013c\u016bteni vai cauruli.<\/li>\n<li>Pareiza izl\u012bdzin\u0101\u0161ana un cie\u0161i savienojumi nov\u0113r\u0161 nopl\u016bdes un nodro\u0161ina optim\u0101lu veiktsp\u0113ju.<\/li>\n<\/ul>\n<\/li>\n<li><strong>Cilindra darb\u012bba:<\/strong>\n<ul>\n<li>Iesl\u0113dziet hidraulisko sist\u0113mu un s\u0101ciet CX s\u0113rijas koaksi\u0101l\u0101 kompakt\u0101 hidraulisk\u0101 cilindra kust\u012bbu.<\/li>\n<li>Hidraulisk\u0101 vad\u012bbas sist\u0113ma tiek izmantota, lai prec\u012bzi kontrol\u0113tu cilindra pagarin\u0101\u0161anu, ievilk\u0161anu un pozicion\u0113\u0161anu, lai pan\u0101ktu efekt\u012bvu darb\u012bbu.<\/li>\n<\/ul>\n<\/li>\n<\/ol>\n<h2><strong>K\u0101 no\u0146emt hidraulisko cilindru no front\u0101l\u0101 iekr\u0101v\u0113ja?<\/strong><\/h2>\n<p>Hidraulisk\u0101 cilindra no\u0146em\u0161ana no front\u0101l\u0101 iekr\u0101v\u0113ja prasa pien\u0101c\u012bgu sagatavo\u0161anos un piesardz\u012bbu. \u0160eit ir sniegta detaliz\u0113ta instrukcija, kas pal\u012bdz\u0113s jums \u0161aj\u0101 proces\u0101:<\/p>\n<ol>\n<li><strong>Nodro\u0161in\u0101t dro\u0161\u012bbu:<\/strong>\n<ul>\n<li>Pirms darba uzs\u0101k\u0161anas novietojiet front\u0101lo iekr\u0101v\u0113ju uz l\u012bdzenas, stabilas virsmas.<\/li>\n<li>Iesl\u0113dziet st\u0101vbremzi un izsl\u0113dziet dzin\u0113ju, lai nov\u0113rstu nejau\u0161u kust\u012bbu.<\/li>\n<\/ul>\n<\/li>\n<li><strong>Identific\u0113jiet cilindru:<\/strong>\n<ul>\n<li>Atrodiet hidraulisko cilindru, kas j\u0101no\u0146em. Atkar\u012bb\u0101 no iekr\u0101v\u0113ja konstrukcijas var b\u016bt vair\u0101ki cilindri.<\/li>\n<\/ul>\n<\/li>\n<li><strong>Hidraulisk\u0101 spiediena samazin\u0101\u0161ana:<\/strong>\n<ul>\n<li>Lai izvair\u012btos no p\u0113k\u0161\u0146as spiediena pazemin\u0101\u0161an\u0101s, samaziniet hidraulisko spiedienu sist\u0113m\u0101. \u0160is solis ir \u013coti svar\u012bgs dro\u0161\u012bbas labad.<\/li>\n<li>Iedarbiniet iekr\u0101v\u0113ja dzin\u0113ju un darbiniet hidraulisk\u0101s vad\u012bbas ier\u012bces, lai piln\u012bb\u0101 p\u0101rvietotu cilindra virzuli vien\u0101 virzien\u0101.<\/li>\n<li>Izsl\u0113dziet dzin\u0113ju un atbr\u012bvojiet atliku\u0161o spiedienu, v\u0113lreiz darbinot vad\u012bbas ier\u012bces.<\/li>\n<\/ul>\n<\/li>\n<li><strong>Atvienojiet hidraulisk\u0101s l\u012bnijas:<\/strong>\n<ul>\n<li>Atrodiet hidraulisk\u0101s l\u012bnijas, kas savienotas ar cilindru. Parasti b\u016bs padeves l\u012bnija un atgrie\u0161anas l\u012bnija.<\/li>\n<li>Novietojiet notekas pannu zem cilindra, lai sav\u0101ktu hidraulisk\u0101 \u0161\u0137idruma nopl\u016bdi atvieno\u0161anas laik\u0101.<\/li>\n<li>Uzman\u012bgi atvienojiet hidraulisk\u0101s l\u012bnijas no cilindra, izmantojot atbilsto\u0161as \u200b\u200buzgrie\u017e\u0146u atsl\u0113gas vai stiprin\u0101jumus. Esiet gatavi nelielai \u0161\u0137idruma izlie\u0161anai.<\/li>\n<\/ul>\n<\/li>\n<li><strong>Atbalstiet cilindru:<\/strong>\n<ul>\n<li>T\u0101 k\u0101 hidrauliskie cilindri var b\u016bt smagi, pirms to no\u0146em\u0161anas ir svar\u012bgi nodro\u0161in\u0101t atbalstu.<\/li>\n<li>Izmantojiet domkratu, blokus vai jebkuru citu stabilu atbalsta konstrukciju, lai dro\u0161i notur\u0113tu balona svaru.<\/li>\n<\/ul>\n<\/li>\n<li><strong>No\u0146emiet stiprin\u0101juma skr\u016bves:<\/strong>\n<ul>\n<li>Nosakiet stiprin\u0101juma punktus, kur cilindrs ir piestiprin\u0101ts pie iekr\u0101v\u0113ja r\u0101mja vai cit\u0101m sast\u0101vda\u013c\u0101m.<\/li>\n<li>Izmantojot atbilsto\u0161us instrumentus, piem\u0113ram, uzgrie\u017e\u0146u atsl\u0113gas vai uzgrie\u017e\u0146u atsl\u0113gas, no\u0146emiet stiprin\u0101juma skr\u016bves vai tapas, kas nostiprina cilindru.<\/li>\n<li>Sekojiet l\u012bdzi skr\u016bv\u0113m un visiem saist\u012btajiem stiprin\u0101jumiem atk\u0101rtotai uzst\u0101d\u012b\u0161anai.<\/li>\n<\/ul>\n<\/li>\n<li><strong>Uzman\u012bgi no\u0146emiet cilindru:<\/strong>\n<ul>\n<li>Kad hidraulisk\u0101s l\u012bnijas ir atvienotas un stiprin\u0101juma skr\u016bves ir iz\u0146emtas, l\u0113n\u0101m un uzman\u012bgi pab\u012bdiet vai paceliet cilindru no t\u0101 stiprin\u0101juma poz\u012bcijas.<\/li>\n<li>Lai no\u0146em\u0161anas laik\u0101 nov\u0113rstu negad\u012bjumus vai traumas, \u0146emiet v\u0113r\u0101 cilindra svaru un izm\u0113ru.<\/li>\n<\/ul>\n<\/li>\n<li><strong>P\u0101rbaudiet un uzglab\u0101jiet:<\/strong>\n<ul>\n<li>Kad cilindrs ir no\u0146emts, p\u0101rbaudiet to, vai nav boj\u0101jumu, nopl\u016b\u017eu vai p\u0101rm\u0113r\u012bga nodiluma paz\u012bmju. \u0160is nov\u0113rt\u0113jums pal\u012bdz\u0113s noteikt, vai cilindrs ir j\u0101remont\u0113 vai j\u0101nomaina.<\/li>\n<li>Not\u012briet cilindru un uzglab\u0101jiet to t\u012br\u0101 un saus\u0101 viet\u0101, lai nov\u0113rstu pies\u0101r\u0146ojumu vai turpm\u0101kus boj\u0101jumus.<\/li>\n<\/ul>\n<\/li>\n<\/ol>\n<h2><strong>\u0136\u012bnas hidraulisko cilindru ra\u017eot\u0101ji:<\/strong><\/h2>\n<p>HZPT ir uz\u0146\u0113mums, kas nodarbojas ar kompakto hidraulisko cilindru p\u0113tniec\u012bbu un att\u012bst\u012bbu, k\u0101 ar\u012b ra\u017eo\u0161anu. Tas ie\u0146em vado\u0161o poz\u012bciju \u0136\u012bnas hidraulisko cilindru tirgus segment\u0101. 2020. gad\u0101 t\u0101 viet\u0113j\u0101 tirgus da\u013ca bija aptuveni 29%. M\u0113s ra\u017eojam r\u016bpniecisko transportl\u012bdzek\u013cu kompaktos hidrauliskos cilindrus, pac\u0113l\u0101ju transportl\u012bdzek\u013cu kompaktos hidrauliskos cilindrus, lauksaimniec\u012bbas tehnikas hidrauliskos cilindrus un sanit\u0101ro iek\u0101rtu hidrauliskos cilindrus.<\/p>\n<p>Mums ir pirmklas\u012bga neatkar\u012bga p\u0113tniec\u012bbas un att\u012bst\u012bbas platforma mont\u0101\u017eai. Kompaktaj\u0101 hidraulisko cilindru ra\u017eo\u0161anas ceh\u0101 ir \u010detras pusautom\u0101tiskas pacel\u0161anas cilindru mont\u0101\u017eas l\u012bnijas un viena piln\u012bb\u0101 autom\u0101tiska noliecamo cilindru mont\u0101\u017eas l\u012bnija ar projekt\u0113to gada ra\u017eo\u0161anas jaudu 1 miljons vien\u012bbu; speci\u0101l\u0101 cilindru ceh\u0101 ir da\u017e\u0101das specifik\u0101cijas pusautom\u0101tiskas t\u012br\u012b\u0161anas un mont\u0101\u017eas sist\u0113mas ar projekt\u0113to gada ra\u017eo\u0161anas jaudu 200 000 vien\u012bbu. Taj\u0101 ir slavenas CNC apstr\u0101des iek\u0101rtas, apstr\u0101des centri, speci\u0101ls apr\u012bkojums augstas precizit\u0101tes cilindru apstr\u0101dei, robotiz\u0113tas metin\u0101\u0161anas iek\u0101rtas, autom\u0101tisk\u0101s t\u012br\u012b\u0161anas iek\u0101rtas, autom\u0101tisk\u0101s cilindru mont\u0101\u017eas iek\u0101rtas un autom\u0101tisk\u0101s kr\u0101so\u0161anas ra\u017eo\u0161anas l\u012bnijas. Mums darbojas vair\u0101k nek\u0101 300 kritisko iek\u0101rtu komplekti. Optimiz\u0113ta iek\u0101rtu resursu sadale un efekt\u012bva izmanto\u0161ana nodro\u0161ina produktu precizit\u0101tes pras\u012bbas un atbilst\u012bbu augstaj\u0101m produktu kvalit\u0101tes pras\u012bb\u0101m.<\/p>\n<table>\n<tbody>\n<tr>\n<td><img loading=\"lazy\" decoding=\"async\" class=\"size-large wp-image-315926 aligncenter\" src=\"https:\/\/hzpt.com\/wp-content\/uploads\/2023\/08\/China-Hydraulic-Cylinder-Manufacturers-1-1024x768.webp\" sizes=\"(min-width: 0px) and (max-width: 480px) 480px, (min-width: 481px) and (max-width: 980px) 980px, (min-width: 981px) 1024px, 100vw\" srcset=\"https:\/\/hzpt.com\/wp-content\/uploads\/2023\/08\/China-Hydraulic-Cylinder-Manufacturers-1-1024x768.webp 1024w, https:\/\/hzpt.com\/wp-content\/uploads\/2023\/08\/China-Hydraulic-Cylinder-Manufacturers-1-980x735.webp 980w, https:\/\/hzpt.com\/wp-content\/uploads\/2023\/08\/China-Hydraulic-Cylinder-Manufacturers-1-480x360.webp 480w\" alt=\"\u0136\u012bnas hidraulisko cilindru ra\u017eot\u0101ji\" width=\"1024\" height=\"768\" \/><\/td>\n<td><img loading=\"lazy\" decoding=\"async\" class=\"size-large wp-image-315927 aligncenter\" src=\"https:\/\/hzpt.com\/wp-content\/uploads\/2023\/08\/China-Hydraulic-Cylinder-Manufacturers-2-1024x768.webp\" sizes=\"(min-width: 0px) and (max-width: 480px) 480px, (min-width: 481px) and (max-width: 980px) 980px, (min-width: 981px) 1024px, 100vw\" srcset=\"https:\/\/hzpt.com\/wp-content\/uploads\/2023\/08\/China-Hydraulic-Cylinder-Manufacturers-2-1024x768.webp 1024w, https:\/\/hzpt.com\/wp-content\/uploads\/2023\/08\/China-Hydraulic-Cylinder-Manufacturers-2-980x735.webp 980w, https:\/\/hzpt.com\/wp-content\/uploads\/2023\/08\/China-Hydraulic-Cylinder-Manufacturers-2-480x360.webp 480w\" alt=\"\u0136\u012bnas hidraulisko cilindru ra\u017eot\u0101ji\" width=\"1024\" height=\"768\" \/><\/td>\n<\/tr>\n<\/tbody>\n<\/table>\n<p>&nbsp;<\/p>\n<p>&nbsp;<\/p>","protected":false},"excerpt":{"rendered":"<p>CX Series Homotaxial Compact Hydraulic Cylinder The CX series homotaxial compact hydraulic cylinder is a cutting-edge hydraulic component designed to provide efficient and reliable power transmission in a wide range of industrial applications. With its compact design, superior performance, and durability, this hydraulic cylinder offers precise control and versatility. Whether used in manufacturing, material handling, [&hellip;]<\/p>","protected":false},"featured_media":1268,"comment_status":"open","ping_status":"closed","template":"","meta":{"_et_pb_use_builder":"","_et_pb_old_content":"","_et_gb_content_width":""},"product_brand":[],"product_cat":[1526,1550,1376],"product_tag":[1380],"class_list":{"0":"post-1266","1":"product","2":"type-product","3":"status-publish","4":"has-post-thumbnail","6":"product_cat-assembly-line-hydraulic-cylinders","7":"product_cat-double-acting-hydraulic-cylinder","8":"product_cat-hydraulic-cylinder","9":"product_tag-hydraulic-cylinder","11":"first","12":"instock","13":"shipping-taxable","14":"product-type-simple"},"amp_enabled":true,"_links":{"self":[{"href":"https:\/\/www.hydraulic-cylinders.net\/lv\/wp-json\/wp\/v2\/product\/1266","targetHints":{"allow":["GET"]}}],"collection":[{"href":"https:\/\/www.hydraulic-cylinders.net\/lv\/wp-json\/wp\/v2\/product"}],"about":[{"href":"https:\/\/www.hydraulic-cylinders.net\/lv\/wp-json\/wp\/v2\/types\/product"}],"replies":[{"embeddable":true,"href":"https:\/\/www.hydraulic-cylinders.net\/lv\/wp-json\/wp\/v2\/comments?post=1266"}],"wp:featuredmedia":[{"embeddable":true,"href":"https:\/\/www.hydraulic-cylinders.net\/lv\/wp-json\/wp\/v2\/media\/1268"}],"wp:attachment":[{"href":"https:\/\/www.hydraulic-cylinders.net\/lv\/wp-json\/wp\/v2\/media?parent=1266"}],"wp:term":[{"taxonomy":"product_brand","embeddable":true,"href":"https:\/\/www.hydraulic-cylinders.net\/lv\/wp-json\/wp\/v2\/product_brand?post=1266"},{"taxonomy":"product_cat","embeddable":true,"href":"https:\/\/www.hydraulic-cylinders.net\/lv\/wp-json\/wp\/v2\/product_cat?post=1266"},{"taxonomy":"product_tag","embeddable":true,"href":"https:\/\/www.hydraulic-cylinders.net\/lv\/wp-json\/wp\/v2\/product_tag?post=1266"}],"curies":[{"name":"wp","href":"https:\/\/api.w.org\/{rel}","templated":true}]}}