{"id":1282,"date":"2023-09-15T08:45:50","date_gmt":"2023-09-15T08:45:50","guid":{"rendered":"https:\/\/hydraulic-cylinders.net\/?post_type=product&#038;p=1282"},"modified":"2025-03-27T01:00:54","modified_gmt":"2025-03-27T01:00:54","slug":"pin-joint-two-stage-telescopic-hydraulic-cylinder","status":"publish","type":"product","link":"https:\/\/www.hydraulic-cylinders.net\/lv\/products\/pin-joint-two-stage-telescopic-hydraulic-cylinder\/","title":{"rendered":"Divpak\u0101pju teleskopiskais hidrauliskais cilindrs ar tapu savienojumu"},"content":{"rendered":"<h1 style=\"text-align: center;\"><strong>Divpak\u0101pju teleskopiskais hidrauliskais cilindrs ar tapu savienojumu<\/strong><\/h1>\n<p>Divpak\u0101pju teleskopiskais hidrauliskais cilindrs ar tapu savienojumu ir moderns hidrauliskais elements, kas paredz\u0113ts efekt\u012bvas un uzticamas jaudas p\u0101rvades nodro\u0161in\u0101\u0161anai da\u017e\u0101diem r\u016bpnieciskiem pielietojumiem. Ar savu inovat\u012bvo dizainu, izcilo veiktsp\u0113ju un daudzpus\u012bbu \u0161is hidrauliskais cilindrs pied\u0101v\u0101 prec\u012bzu vad\u012bbu un paaugstin\u0101tu produktivit\u0101ti. Neatkar\u012bgi no t\u0101, vai tos izmanto b\u016bvniec\u012bb\u0101, lauksaimniec\u012bb\u0101 vai materi\u0101lu apstr\u0101d\u0113, divpak\u0101pju teleskopiskie hidrauliskie cilindri ar tapu savienojumu ir izstr\u0101d\u0101ti, lai optimiz\u0113tu hidraulisko darb\u012bbu un nodro\u0161in\u0101tu izcilus rezult\u0101tus.<\/p>\n<p>CX s\u0113rijas kompaktie cilindri tiek izmantoti cilindru iesp\u012bl\u0113\u0161anai. To uzst\u0101d\u012b\u0161ana ir neliela. M\u016bsu r\u016bpn\u012bc\u0101 ir modernas hidraulisk\u0101s iek\u0101rtas, tostarp vertik\u0101ls un horizont\u0101ls apstr\u0101des centrs, k\u0101 ar\u012b vid\u0113ja un liela izm\u0113ra hidrauliskie cilindri. Pl\u0101no cilindru ra\u017eo\u0161anas tehnolo\u0123ija ir lieliska.<\/p>\n<p><img loading=\"lazy\" decoding=\"async\" class=\"size-medium wp-image-1283 aligncenter\" src=\"https:\/\/hydraulic-cylinders.net\/wp-content\/uploads\/2023\/09\/two-stage-telescopic-hydraulic-cylinder-1-300x300.webp\" alt=\"\" width=\"300\" height=\"300\" \/><\/p>\n<h2><strong>Divpak\u0101pju teleskopisk\u0101 hidraulisk\u0101 cilindra tapas savienojuma parametrs:<\/strong><\/h2>\n<p><img loading=\"lazy\" decoding=\"async\" class=\"alignnone wp-image-1285 size-full\" src=\"https:\/\/hydraulic-cylinders.net\/wp-content\/uploads\/2023\/09\/two-stage-telescopic-hydraulic-cylinder-1-2.webp\" alt=\"\" width=\"1044\" height=\"603\" srcset=\"https:\/\/hydraulic-cylinders.net\/wp-content\/uploads\/2023\/09\/two-stage-telescopic-hydraulic-cylinder-1-2.webp 1044w, https:\/\/hydraulic-cylinders.net\/wp-content\/uploads\/2023\/09\/two-stage-telescopic-hydraulic-cylinder-1-2-980x566.webp 980w, https:\/\/hydraulic-cylinders.net\/wp-content\/uploads\/2023\/09\/two-stage-telescopic-hydraulic-cylinder-1-2-480x277.webp 480w\" sizes=\"(min-width: 0px) and (max-width: 480px) 480px, (min-width: 481px) and (max-width: 980px) 980px, (min-width: 981px) 1044px, 100vw\" \/><\/p>\n<h2><strong>Divpak\u0101pju teleskopiskais hidrauliskais cilindrs ar tapu savienojumu <\/strong><strong>Galven\u0101s iez\u012bmes un priek\u0161roc\u012bbas<\/strong><strong>:<\/strong><\/h2>\n<ol>\n<li><strong>Divpak\u0101pju teleskopiskais dizains:<\/strong>\n<ul>\n<li>Divpak\u0101pju teleskopiskajam hidrauliskajam cilindram ar tapu savienojumu ir divpak\u0101pju teleskopiska konstrukcija, kas palielina g\u0101jiena garumu, vienlaikus saglab\u0101jot kompaktu izm\u0113ru ievilkt\u0101 st\u0101vokl\u012b.<\/li>\n<li>\u0160is dizains nodro\u0161ina elast\u012bbu hidraulisk\u0101s lietojumprogramm\u0101s, kur nepiecie\u0161ama liel\u0101ka sniedzam\u012bba, neupur\u0113jot vietas ierobe\u017eojumus.<\/li>\n<\/ul>\n<\/li>\n<li><strong>Tapu savienojuma konstrukcija:<\/strong>\n<ul>\n<li>Cilindram ir tapveida savienojuma konstrukcija, kas nodro\u0161ina teleskopisko platformu vienm\u0113r\u012bgu un sinhroniz\u0113tu kust\u012bbu.<\/li>\n<li>Tapu savienojuma meh\u0101nisms nodro\u0161ina darb\u012bbas stabilit\u0101ti, precizit\u0101ti un lielisku nestsp\u0113ju.<\/li>\n<\/ul>\n<\/li>\n<li><strong>Prec\u012bza kontrole:<\/strong>\n<ul>\n<li>\u0160is hidrauliskais cilindrs pied\u0101v\u0101 izcilu kontroli p\u0101r izstiep\u0161anu un ievilk\u0161anu, nodro\u0161inot prec\u012bzu pozicion\u0113\u0161anu un efekt\u012bvu darb\u012bbu.<\/li>\n<li>Prec\u012bzs vad\u012bbas meh\u0101nisms nodro\u0161ina vienm\u0113r\u012bgu un kontrol\u0113tu kust\u012bbu, uzlabojot kop\u0113jo produktivit\u0101ti.<\/li>\n<\/ul>\n<\/li>\n<li><strong>Augsta nestsp\u0113ja:<\/strong>\n<ul>\n<li>Divpak\u0101pju teleskopiskais hidrauliskais cilindrs ar tapu savienojumu ir izstr\u0101d\u0101ts, lai iztur\u0113tu lielas slodzes un sare\u017e\u0123\u012btus r\u016bpnieciskus pielietojumus.<\/li>\n<li>Tas nodro\u0161ina lielisku nestsp\u0113ju, padarot to piem\u0113rotu iev\u0113rojamu svaru cel\u0161anai, stum\u0161anai vai vilk\u0161anai.<\/li>\n<\/ul>\n<\/li>\n<\/ol>\n<h2><strong>Divpak\u0101pju teleskopiskais hidrauliskais cilindrs ar tapu savienojumu <\/strong><strong>Lieto\u0161anas metode<\/strong><strong>:<\/strong><\/h2>\n<ol>\n<li><strong>Mont\u0101\u017ea un uzst\u0101d\u012b\u0161ana:<\/strong>\n<ul>\n<li>Nosakiet piem\u0113rotu sekund\u0101r\u0101 teleskopisk\u0101 hidraulisk\u0101 cilindra ar tapveida savienojumu uzst\u0101d\u012b\u0161anas vietu, pamatojoties uz j\u016bsu apr\u012bkojuma vai ma\u0161\u012bnas \u012bpa\u0161aj\u0101m pras\u012bb\u0101m.<\/li>\n<li>P\u0101rliecinieties, vai mont\u0101\u017eas virsma ir iztur\u012bga, l\u012bdzena un var dro\u0161i iztur\u0113t cilindra svaru un slodzi.<\/li>\n<\/ul>\n<\/li>\n<li><strong>Hidraulisk\u0101s sist\u0113mas savienojums:<\/strong>\n<ul>\n<li>Pievienojiet hidraulisko cilindru hidrauliskajai sist\u0113mai, izmantojot sader\u012bgu hidraulisko \u0161\u013c\u016bteni vai cauruli.<\/li>\n<li>Pareizi izl\u012bdziniet un nostipriniet savienojumus, lai nov\u0113rstu nopl\u016bdes un nodro\u0161in\u0101tu optim\u0101lu veiktsp\u0113ju.<\/li>\n<\/ul>\n<\/li>\n<li><strong>Cilindra darb\u012bba:<\/strong>\n<ul>\n<li>Iesl\u0113dziet hidraulisko sist\u0113mu un s\u0101ciet divpak\u0101pju teleskopisk\u0101 hidraulisk\u0101 cilindra kust\u012bbu ar tapu savienojumu.<\/li>\n<li>Hidraulisk\u0101 vad\u012bbas sist\u0113ma tiek izmantota, lai prec\u012bzi kontrol\u0113tu cilindra pagarin\u0101jumu un uzlabotu darb\u012bbas efektivit\u0101ti.<\/li>\n<\/ul>\n<\/li>\n<\/ol>\n<h2><strong>K\u0101 nomain\u012bt bl\u012bves hidrauliskaj\u0101 cilindr\u0101?<\/strong><\/h2>\n<p>Lai no\u0146emtu hidraulisko cilindru no kr\u0113sla, veiciet \u0161\u0101das darb\u012bbas:<\/p>\n<ol>\n<li><strong>Sagatavojiet darba vietu:<\/strong>\n<ul>\n<li>Atbr\u012bvojiet vietu ap kr\u0113slu, lai izveidotu dro\u0161u un netrauc\u0113tu darba vietu.<\/li>\n<li>Novietojiet uz gr\u012bdas aizsargapvalku vai audumu, lai nesaboj\u0101tu kr\u0113slu vai apk\u0101rt\u0113j\u0101s virsmas.<\/li>\n<\/ul>\n<\/li>\n<li><strong>Nolaidiet kr\u0113slu:<\/strong>\n<ul>\n<li>Izmantojiet kr\u0113sla regul\u0113\u0161anas sviru vai vad\u012bbas meh\u0101nismu, lai to nolaistu zem\u0101kaj\u0101 poz\u012bcij\u0101.<\/li>\n<li>\u0160is solis nodro\u0161ina, ka cilindrs ir piln\u012bb\u0101 saspiests, t\u0101d\u0113j\u0101di atvieglojot t\u0101 no\u0146em\u0161anu.<\/li>\n<\/ul>\n<\/li>\n<li><strong>Atrodiet cilindru:<\/strong>\n<ul>\n<li>Identific\u0113jiet kr\u0113sla hidraulisko cilindru. Tas parasti atrodas net\u0101lu no kr\u0113sla pamatnes un ir savienots ar s\u0113dekli vai kr\u0113sla meh\u0101nismu.<\/li>\n<\/ul>\n<\/li>\n<li><strong>No\u0146emiet kr\u0113sla s\u0113dekli:<\/strong>\n<ul>\n<li>Ja kr\u0113sla s\u0113deklis ir no\u0146emams, atrodiet stiprin\u0101juma skr\u016bves vai bultskr\u016bves, kas to nostiprina pie cilindra vai kr\u0113sla pamatnes.<\/li>\n<li>Skr\u016bvju vai bultskr\u016bvju no\u0146em\u0161anai izmantojiet atbilsto\u0161u instrumentu, piem\u0113ram, skr\u016bvgriezi vai uzgrie\u017e\u0146u atsl\u0113gu.<\/li>\n<li>Paceliet s\u0113dekli no kr\u0113sla, atkl\u0101jot hidraulisko cilindru.<\/li>\n<\/ul>\n<\/li>\n<li><strong>Atbalstiet priek\u0161s\u0113d\u0113t\u0101ju:<\/strong>\n<ul>\n<li>T\u0101 k\u0101 kr\u0113sls bez s\u0113dek\u013ca b\u016bs nestabils, nodro\u0161iniet atbalstu, lai tas neapg\u0101ztos.<\/li>\n<li>Izmantojiet iztur\u012bgu priek\u0161metu, piem\u0113ram, kasti vai koka bloku, lai atbalst\u012btu kr\u0113sla atliku\u0161o konstrukciju.<\/li>\n<\/ul>\n<\/li>\n<li><strong>Atvienojiet cilindru:<\/strong>\n<ul>\n<li>P\u0101rbaudiet savienojuma punktus starp hidraulisko cilindru un kr\u0113sla meh\u0101nismu vai pamatni.<\/li>\n<li>Atkar\u012bb\u0101 no kr\u0113sla konstrukcijas var atrast stiprin\u0101juma kron\u0161teinus, klip\u0161us vai skr\u016bves, kas nostiprina cilindru.<\/li>\n<li>No\u0146emiet visus stiprin\u0101jumus, kas tur cilindru viet\u0101, izmantojot atbilsto\u0161us instrumentus.<\/li>\n<li>Kad stiprin\u0101jumi ir no\u0146emti, uzman\u012bgi pavelciet vai pakustiniet cilindru, lai to atdal\u012btu no kr\u0113sla.<\/li>\n<\/ul>\n<\/li>\n<li><strong>Cilindra nomai\u0146a vai utiliz\u0101cija:<\/strong>\n<ul>\n<li>Ja main\u0101t hidraulisko cilindru, p\u0101rliecinieties, vai jums ir sader\u012bgs nomai\u0146as cilindrs, kas atbilst vec\u0101 cilindra specifik\u0101cij\u0101m.<\/li>\n<li>Ja nepiecie\u0161ams, konsult\u0113jieties ar kr\u0113sla ra\u017eot\u0101ju vai speci\u0101listu, lai ieg\u016btu pareizo rezerves cilindru.<\/li>\n<li>Ja j\u016bs utiliz\u0113jat balonu, iev\u0113rojiet viet\u0113jos noteikumus un vadl\u012bnijas par pareizu utiliz\u0101ciju.<\/li>\n<\/ul>\n<\/li>\n<li><strong>Kr\u0113sla salik\u0161ana atpaka\u013c:<\/strong>\n<ul>\n<li>Piestipriniet kr\u0113sla s\u0113dekli atpaka\u013c, izl\u012bdzinot skr\u016bvju caurumus un nostiprinot tos ar atbilsto\u0161aj\u0101m skr\u016bv\u0113m vai bultskr\u016bv\u0113m, ja esat no\u0146\u0113mis kr\u0113sla s\u0113dekli.<\/li>\n<li>Pirms atk\u0101rtotas kr\u0113sla lieto\u0161anas p\u0101rliecinieties, vai s\u0113deklis ir stingri nostiprin\u0101ts un stabils.<\/li>\n<\/ul>\n<\/li>\n<\/ol>\n<h2><strong>R\u016bpn\u012bcas iesp\u0113jas un jauda:<\/strong><\/h2>\n<h3>(1) Mont\u0101\u017ea<\/h3>\n<p>Mums ir pirmklas\u012bga neatkar\u012bga p\u0113tniec\u012bbas un att\u012bst\u012bbas mont\u0101\u017eas platforma. Hidraulisko cilindru ra\u017eo\u0161anas darbn\u012bc\u0101 ir \u010detras pusautom\u0101tiskas pacel\u0161anas cilindru mont\u0101\u017eas l\u012bnijas un viena autom\u0101tisk\u0101 sl\u012bpuma cilindru mont\u0101\u017eas l\u012bnija ar projekt\u0113to gada ra\u017eo\u0161anas jaudu 1 miljons vien\u012bbu. Speci\u0101lo cilindru darbn\u012bca ir apr\u012bkota ar da\u017e\u0101du specifik\u0101ciju pusautom\u0101tisku t\u012br\u012b\u0161anas mont\u0101\u017eas sist\u0113mu ar projekt\u0113to gada ra\u017eo\u0161anas jaudu 200 000 vien\u012bbu un apr\u012bkota ar slaven\u0101m CNC apstr\u0101des iek\u0101rt\u0101m, apstr\u0101des centru, augstas precizit\u0101tes cilindru apstr\u0101des speci\u0101lo apr\u012bkojumu, robotiz\u0113tu metin\u0101\u0161anas iek\u0101rtu, autom\u0101tisku t\u012br\u012b\u0161anas iek\u0101rtu, autom\u0101tisku cilindru mont\u0101\u017eas iek\u0101rtu un autom\u0101tisku kr\u0101so\u0161anas ra\u017eo\u0161anas l\u012bniju. Eso\u0161ais kritiskais apr\u012bkojums ir vair\u0101k nek\u0101 300 komplektu (komplektu). Optim\u0101la iek\u0101rtu resursu sadale un efekt\u012bva izmanto\u0161ana nodro\u0161ina produktu precizit\u0101tes pras\u012bbas un apmierina produktu augst\u0101s kvalit\u0101tes pras\u012bbas.<\/p>\n<p><img loading=\"lazy\" decoding=\"async\" class=\"alignnone wp-image-626\" src=\"https:\/\/hydraulic-cylinders.net\/wp-content\/uploads\/2023\/08\/hydraulic-cylinder-product-1-300x158.webp\" alt=\"\" width=\"495\" height=\"260\" srcset=\"https:\/\/hydraulic-cylinders.net\/wp-content\/uploads\/2023\/08\/hydraulic-cylinder-product-1-300x158.webp 495w, https:\/\/hydraulic-cylinders.net\/wp-content\/uploads\/2023\/08\/hydraulic-cylinder-product-1-480x252.webp 480w\" sizes=\"(min-width: 0px) and (max-width: 480px) 480px, (min-width: 481px) 495px, 100vw\" \/> <img loading=\"lazy\" decoding=\"async\" class=\"alignnone wp-image-627\" src=\"https:\/\/hydraulic-cylinders.net\/wp-content\/uploads\/2023\/08\/hydraulic-cylinder-product-2-300x189.webp\" alt=\"\" width=\"413\" height=\"260\" \/><\/p>\n<h3>(2) Apstr\u0101de<\/h3>\n<p>Apstr\u0101des cehs ir apr\u012bkots ar piel\u0101gotu sl\u012bpo slie\u017eu virpo\u0161anas centru, apstr\u0101des centru, \u0101trgaitas asin\u0101\u0161anas ma\u0161\u012bnu, metin\u0101\u0161anas robotu un citu saist\u012btu apr\u012bkojumu, kas var apstr\u0101d\u0101t cilindriskas caurules ar maksim\u0101lo iek\u0161\u0113jo diametru 400 mm un maksim\u0101lo garumu 6 metri.<\/p>\n<p><img loading=\"lazy\" decoding=\"async\" class=\"alignnone wp-image-628 size-large\" src=\"https:\/\/hydraulic-cylinders.net\/wp-content\/uploads\/2023\/08\/hydraulic-cylinder-product-3-1024x391.webp\" alt=\"\" width=\"1024\" height=\"391\" srcset=\"https:\/\/hydraulic-cylinders.net\/wp-content\/uploads\/2023\/08\/hydraulic-cylinder-product-3-980x374.webp 980w, https:\/\/hydraulic-cylinders.net\/wp-content\/uploads\/2023\/08\/hydraulic-cylinder-product-3-480x183.webp 480w\" sizes=\"(min-width: 0px) and (max-width: 480px) 480px, (min-width: 481px) and (max-width: 980px) 980px, (min-width: 981px) 1024px, 100vw\" \/><\/p>\n<h3>(3) Metin\u0101\u0161ana<\/h3>\n<p><img loading=\"lazy\" decoding=\"async\" class=\"alignnone wp-image-629 size-large\" src=\"https:\/\/hydraulic-cylinders.net\/wp-content\/uploads\/2023\/08\/hydraulic-cylinder-product-4-1024x510.webp\" alt=\"\" width=\"1024\" height=\"510\" srcset=\"https:\/\/hydraulic-cylinders.net\/wp-content\/uploads\/2023\/08\/hydraulic-cylinder-product-4-980x488.webp 980w, https:\/\/hydraulic-cylinders.net\/wp-content\/uploads\/2023\/08\/hydraulic-cylinder-product-4-480x239.webp 480w\" sizes=\"(min-width: 0px) and (max-width: 480px) 480px, (min-width: 481px) and (max-width: 980px) 980px, (min-width: 981px) 1024px, 100vw\" \/><\/p>\n<h3>(4) Kr\u0101so\u0161ana un p\u0101rkl\u0101\u0161ana<\/h3>\n<p>Ar maz\u0101m un vid\u0113ja izm\u0113ra cilindrisk\u0101m autom\u0101tisk\u0101m \u016bdens b\u0101zes kr\u0101su p\u0101rkl\u0101\u0161anas l\u012bnij\u0101m, lai pan\u0101ktu autom\u0101tisku robotu iekrau\u0161anu un izkrau\u0161anu un autom\u0101tisku izsmidzin\u0101\u0161anu, projekt\u0113t\u0101 jauda ir 4000 gabali mai\u0146\u0101;<br \/>\nMums ir ar\u012b pusautom\u0101tiska kr\u0101su ra\u017eo\u0161anas l\u012bnija lieliem baloniem, ko darbina \u0137\u0113des piedzi\u0146a, ar 60 kastu konstrukcijas jaudu vien\u0101 mai\u0146\u0101.<\/p>\n<p><img loading=\"lazy\" decoding=\"async\" class=\"alignnone wp-image-630\" src=\"https:\/\/hydraulic-cylinders.net\/wp-content\/uploads\/2023\/08\/hydraulic-cylinder-product-5-300x213.webp\" alt=\"\" width=\"366\" height=\"260\" \/> <img loading=\"lazy\" decoding=\"async\" class=\"alignnone wp-image-631\" src=\"https:\/\/hydraulic-cylinders.net\/wp-content\/uploads\/2023\/08\/hydraulic-cylinder-product-6-300x225.webp\" alt=\"\" width=\"347\" height=\"260\" \/><\/p>\n<h3>(5) Test\u0113\u0161ana<\/h3>\n<p>Mums ir augst\u0101k\u0101s klases p\u0101rbaudes iek\u0101rtas un test\u0113\u0161anas stendi, lai nodro\u0161in\u0101tu, ka balona veiktsp\u0113ja atbilst pras\u012bb\u0101m.<\/p>\n<p><img loading=\"lazy\" decoding=\"async\" class=\"alignnone wp-image-632\" src=\"https:\/\/hydraulic-cylinders.net\/wp-content\/uploads\/2023\/08\/hydraulic-cylinder-product-8-300x200.webp\" alt=\"\" width=\"389\" height=\"260\" \/><\/p>\n<p>&nbsp;<\/p>\n<p>&nbsp;<\/p>\n<p>M\u0113s esam viens no lab\u0101kajiem kompakto hidraulisko cilindru ra\u017eot\u0101jiem. M\u0113s varam pied\u0101v\u0101t pla\u0161u kompakto hidraulisko cilindru kl\u0101stu. M\u0113s nodro\u0161in\u0101m ar\u012b atbilsto\u0161us <a href=\"https:\/\/hzpt.com\/agricultural-pto-gearbox\/\" target=\"_blank\" rel=\"noopener\">lauksaimniec\u012bbas p\u0101rnesumk\u0101rbas<\/a>. M\u0113s esam eksport\u0113ju\u0161i savus produktus klientiem vis\u0101 pasaul\u0113 un esam ieguvu\u0161i labu reput\u0101ciju, pateicoties m\u016bsu izcilajai produktu kvalit\u0101tei un p\u0113cp\u0101rdo\u0161anas servisam. M\u0113s aicin\u0101m klientus no valsts un \u0101rvalst\u012bm sazin\u0101ties ar mums, lai risin\u0101tu biznesa sarunas, apmain\u012btos ar inform\u0101ciju un... <a href=\"https:\/\/www.hydraulic-cylinders.net\/lv\/contact-us\/\">sadarboties ar mums<\/a>!<\/p>\n<h2><\/h2>","protected":false},"excerpt":{"rendered":"<p>Pin Joint Two Stage Telescopic Hydraulic Cylinder The pin joint two-stage telescopic hydraulic cylinder is a cutting-edge hydraulic element designed to provide efficient and reliable power transmission for a variety of industrial applications. With its innovative design, superior performance, and versatility, this hydraulic cylinder offers precise control and increased productivity. Whether used in construction, agriculture, [&hellip;]<\/p>","protected":false},"featured_media":1284,"comment_status":"open","ping_status":"closed","template":"","meta":{"_et_pb_use_builder":"","_et_pb_old_content":"","_et_gb_content_width":""},"product_brand":[],"product_cat":[1376,1393],"product_tag":[1380],"class_list":{"0":"post-1282","1":"product","2":"type-product","3":"status-publish","4":"has-post-thumbnail","6":"product_cat-hydraulic-cylinder","7":"product_cat-telescopic-hydraulic-cylinder","8":"product_tag-hydraulic-cylinder","10":"first","11":"instock","12":"shipping-taxable","13":"product-type-simple"},"amp_enabled":true,"_links":{"self":[{"href":"https:\/\/www.hydraulic-cylinders.net\/lv\/wp-json\/wp\/v2\/product\/1282","targetHints":{"allow":["GET"]}}],"collection":[{"href":"https:\/\/www.hydraulic-cylinders.net\/lv\/wp-json\/wp\/v2\/product"}],"about":[{"href":"https:\/\/www.hydraulic-cylinders.net\/lv\/wp-json\/wp\/v2\/types\/product"}],"replies":[{"embeddable":true,"href":"https:\/\/www.hydraulic-cylinders.net\/lv\/wp-json\/wp\/v2\/comments?post=1282"}],"wp:featuredmedia":[{"embeddable":true,"href":"https:\/\/www.hydraulic-cylinders.net\/lv\/wp-json\/wp\/v2\/media\/1284"}],"wp:attachment":[{"href":"https:\/\/www.hydraulic-cylinders.net\/lv\/wp-json\/wp\/v2\/media?parent=1282"}],"wp:term":[{"taxonomy":"product_brand","embeddable":true,"href":"https:\/\/www.hydraulic-cylinders.net\/lv\/wp-json\/wp\/v2\/product_brand?post=1282"},{"taxonomy":"product_cat","embeddable":true,"href":"https:\/\/www.hydraulic-cylinders.net\/lv\/wp-json\/wp\/v2\/product_cat?post=1282"},{"taxonomy":"product_tag","embeddable":true,"href":"https:\/\/www.hydraulic-cylinders.net\/lv\/wp-json\/wp\/v2\/product_tag?post=1282"}],"curies":[{"name":"wp","href":"https:\/\/api.w.org\/{rel}","templated":true}]}}