{"id":13646,"date":"2024-12-10T08:09:10","date_gmt":"2024-12-10T08:09:10","guid":{"rendered":"https:\/\/www.hydraulic-cylinders.net\/product\/replacement-of-ah221999-bucket-hydraulic-cylinder\/"},"modified":"2024-12-10T08:09:12","modified_gmt":"2024-12-10T08:09:12","slug":"replacement-of-ah221999-bucket-hydraulic-cylinder","status":"publish","type":"product","link":"https:\/\/www.hydraulic-cylinders.net\/lv\/products\/replacement-of-ah221999-bucket-hydraulic-cylinder\/","title":{"rendered":"AH221999 kausa hidraulisk\u0101 cilindra nomai\u0146a"},"content":{"rendered":"<h2>Produkta ievads<\/h2>\n<p>AH221999 kausa hidraulisk\u0101 cilindra nomai\u0146a ir hidraulisk\u0101 cilindra veids, kas paredz\u0113ts boj\u0101tu vai nolietotu hidraulisko cilindru nomai\u0146ai ma\u0161\u012bn\u0101s. T\u0101 svars ir 30,17 m\u0101rci\u0146as, augstums 2,7 collas, platums 3,5 collas un garums 33,25 collas. \u0160is produkts ir sader\u012bgs ar ma\u0161\u012bnu mode\u013ciem 521, 522, 541 un 542.<\/p>\n<h2>Specifik\u0101cijas un sader\u012bgie mode\u013ci<\/h2>\n<p>AH221999 kausa hidraulisk\u0101 cilindra nomai\u0146as svars ir 30,17 m\u0101rci\u0146as, augstums ir 2,7 collas, platums ir 3,5 collas un garums ir 33,25 collas. Tas ir sader\u012bgs ar ma\u0161\u012bnu mode\u013ciem 521, 522, 541 un 542.<\/p>\n<h2>Funkcijas<\/h2>\n<ul>\n<li>Uzlabota iek\u0101rtu veiktsp\u0113ja: Boj\u0101tu vai nolietotu hidraulisko cilindru nomai\u0146a var atjaunot iek\u0101rtu norm\u0101las darb\u012bbas sp\u0113jas, nodro\u0161inot to veiktsp\u0113ju da\u017e\u0101dos pielietojumos.<\/li>\n<li>Paaugstin\u0101ta dro\u0161\u012bba: Regul\u0101ra hidraulisko cilindru nomai\u0146a var samazin\u0101t cilindru boj\u0101jumu rad\u012btos dro\u0161\u012bbas apdraud\u0113jumus, nodro\u0161inot operatoru un ma\u0161\u012bnu dro\u0161\u012bbu.<\/li>\n<li>P\u0101rslodzes aizsardz\u012bba: Jaunos cilindru dizainos bie\u017ei tiek \u0146emti v\u0113r\u0101 lab\u0101ki p\u0101rslodzes aizsardz\u012bbas meh\u0101nismi, kas uzlabo dro\u0161\u012bbu.<\/li>\n<li>\u0100tra uzst\u0101d\u012b\u0161ana: M\u016bsdienu hidrauliskie cilindri ir izstr\u0101d\u0101ti, \u0146emot v\u0113r\u0101 vienk\u0101r\u0161u uzst\u0101d\u012b\u0161anu un nomai\u0146u, t\u0101d\u0113j\u0101di samazinot d\u012bkst\u0101ves laiku.<\/li>\n<li>Standartiz\u0113tas sast\u0101vda\u013cas: Daudzi hidrauliskie cilindri ir standartiz\u0113ti produkti, kas atvieglo rezerves da\u013cu ieg\u016b\u0161anu tirg\u016b.<\/li>\n<\/ul>\n<p>M\u016bsu uz\u0146\u0113mums var ra\u017eot \u0161o produktu, un m\u016bsu produkts var lieliski aizst\u0101t \u0161os hidrauliskos cilindrus.<\/p>\n<h2>Lietojumprogrammu scen\u0101riji<\/h2>\n<p>AH221999 kausa hidraulisk\u0101 cilindra nomai\u0146a parasti tiek izmantota da\u017e\u0101d\u0101s ma\u0161\u012bn\u0101s. \u0160eit ir da\u017ei piem\u0113ri:<\/p>\n<ol>\n<li>Ekskavatori: Ekskavatoru str\u0113les vai kausa hidrauliskie cilindri var tikt boj\u0101ti ilgsto\u0161as \u200b\u200blieto\u0161anas vai p\u0101rslodzes d\u0113\u013c, un tie ir j\u0101nomaina, lai atjaunotu norm\u0101lu darb\u012bbu.<\/li>\n<li>Celt\u0146i: Bie\u017eas cel\u0161anas un nolai\u0161anas laik\u0101 celt\u0146a str\u0113les hidrauliskais cilindrs ir pak\u013cauts nodilumam, t\u0101p\u0113c dro\u0161\u012bbas labad tas ir regul\u0101ri j\u0101maina.<\/li>\n<li>Traktori: Traktoru front\u0101l\u0101 iekr\u0101v\u0113ja hidrauliskais cilindrs var nopl\u016bst vai t\u0101 veiktsp\u0113ja var samazin\u0101ties nep\u0101rtrauktas cel\u0161anas un noliek\u0161anas laik\u0101, un tas ir j\u0101nomaina.<\/li>\n<li>Kombaini: Ra\u017eas nov\u0101k\u0161anas laik\u0101 hidraulisk\u0101 sist\u0113ma ir zem augsta spiediena, un cilindri var tikt boj\u0101ti noguruma d\u0113\u013c, t\u0101p\u0113c tie ir j\u0101nomaina savlaic\u012bgi, lai saglab\u0101tu darba efektivit\u0101ti.<\/li>\n<li>Automatiz\u0113tas ra\u017eo\u0161anas l\u012bnijas: Hidrauliskos cilindrus izmanto robotiz\u0113tu roku un cita automatiz\u0113ta apr\u012bkojuma vad\u012bbai. Ja cilindrs saboj\u0101jas, tas var ietekm\u0113t ra\u017eo\u0161anas efektivit\u0101ti, un tas var b\u016bt nekav\u0113joties j\u0101nomaina.<\/li>\n<li>Spiediena lie\u0161anas ma\u0161\u012bnas: Augsta spiediena un augstas temperat\u016bras apst\u0101k\u013cos hidraulisko cilindru veiktsp\u0113ja var pasliktin\u0101ties. Regul\u0101ra nomai\u0146a var nodro\u0161in\u0101t produkta kvalit\u0101ti.<\/li>\n<li>Kalnr\u016bpniec\u012bbas iek\u0101rtas: Hidrauliskos cilindrus izmanto smagu priek\u0161metu pacel\u0161anai un p\u0101rvieto\u0161anai kalnr\u016bpniec\u012bbas iek\u0101rt\u0101s. Skarb\u0101s darba vides d\u0113\u013c ir nepiecie\u0161ama regul\u0101ra p\u0101rbaude un nomai\u0146a, lai izvair\u012btos no iek\u0101rtu boj\u0101jumiem.<\/li>\n<li>Buldozeri: Hidraulisko cilindru nodilums uz buldozera st\u016bm\u0113jsviras var izrais\u012bt stum\u0161anas jaudas samazin\u0101\u0161anos, un t\u0101p\u0113c tie ir savlaic\u012bgi j\u0101nomaina, lai saglab\u0101tu darb\u012bbas efektivit\u0101ti.<\/li>\n<\/ol>\n<h2>Apkopes uzdevumi<\/h2>\n<p>Regul\u0101ra apkope ir svar\u012bga hidraulisko cilindru ilgm\u016b\u017e\u012bbai un dro\u0161\u012bbai. \u0160eit ir tr\u012bs bie\u017ei veicami apkopes darbi:<\/p>\n<ol>\n<li>Regul\u0101ra p\u0101rbaude: p\u0101rbaudiet, vai nav nopl\u016b\u017eu, boj\u0101jumu vai citu nodiluma paz\u012bmju.<\/li>\n<li>Pareiza e\u013c\u013co\u0161ana: Cilindram un t\u0101 sast\u0101vda\u013c\u0101m j\u0101pievieno atbilsto\u0161a e\u013c\u013co\u0161ana, lai nodro\u0161in\u0101tu vienm\u0113r\u012bgu darb\u012bbu.<\/li>\n<li>Bl\u012bv\u0113jumu nomai\u0146a un kalibr\u0113\u0161anas p\u0101rbaude: Nodilu\u0161u bl\u012bv\u0113jumu nomai\u0146a un kalibr\u0113\u0161anas p\u0101rbaudes, lai nodro\u0161in\u0101tu precizit\u0101ti.<\/li>\n<\/ol>\n<p>Uzst\u0101d\u012b\u0161anas laik\u0101 ir svar\u012bgi sniegt nor\u0101d\u012bjumus par pareizu cilindra izl\u012bdzin\u0101\u0161anu un ieteikt atbilsto\u0161us uzst\u0101d\u012b\u0161anas kron\u0161teinus cilindra nostiprin\u0101\u0161anai. M\u0113s ar\u012b pied\u0101v\u0101jam ieteicam\u0101s p\u0101rbaudes, remonta un nomai\u0146as proced\u016bras, rezerves da\u013cas un atjauno\u0161anas pakalpojumus, lai pagarin\u0101tu produkta kalpo\u0161anas laiku.<\/p>\n<h2>Dro\u0161\u012bbas apsv\u0113rumi un vides faktori<\/h2>\n<p>Izmantojot hidrauliskos cilindrus, ir svar\u012bgi iev\u0113rot dro\u0161\u012bbas pas\u0101kumus. Tie ietver pareizas uzst\u0101d\u012b\u0161anas nodro\u0161in\u0101\u0161anu, atbilsto\u0161a aizsargl\u012bdzek\u013ca lieto\u0161anu un visu dro\u0161\u012bbas vadl\u012bniju iev\u0113ro\u0161anu. Ir svar\u012bgi \u0146emt v\u0113r\u0101 ar\u012b t\u0101dus vides faktorus k\u0101 temperat\u016bra, mitrums un putek\u013cu l\u012bmenis, kas var ietekm\u0113t hidraulisko cilindru darb\u012bbu.<\/p>\n<h2>K\u013c\u016bmju diagnostika un bie\u017e\u0101k sastopam\u0101s probl\u0113mas<\/h2>\n<p>Bie\u017ei sastopamas probl\u0113mas ar hidrauliskajiem cilindriem ir nopl\u016bdes, bl\u012bv\u0113jumu boj\u0101jumi un probl\u0113mas ar virzuli vai stieni. Boj\u0101jumu diagnostiku var veikt, p\u0101rbaudot, vai nav neparastu trok\u0161\u0146u, \u0161\u0137idruma nopl\u016b\u017eu vai cilindra kust\u012bbu. Lai nov\u0113rstu \u0161\u012bs probl\u0113mas, var b\u016bt nepiecie\u0161ams nomain\u012bt bl\u012bves vai citas sast\u0101vda\u013cas vai ar\u012b cilindrs var b\u016bt j\u0101p\u0101rb\u016bv\u0113.<\/p>\n<h2>Produkta dizaina apsv\u0113rumi un atlases krit\u0113riji<\/h2>\n<p>Izv\u0113loties hidrauliskos cilindrus, ir svar\u012bgi \u0146emt v\u0113r\u0101 to nestsp\u0113ju, bl\u012bv\u0113jumu, iztur\u012bbu, dro\u0161\u012bbu un apkopes iesp\u0113jas. AH221999 kausa hidraulisk\u0101 cilindra nomai\u0146ai tiek izmantoti augstas kvalit\u0101tes bl\u012bv\u0113jumi un materi\u0101li, un tas ir iztur\u0113jis stingras p\u0101rbaudes, lai nodro\u0161in\u0101tu t\u0101 uzticam\u012bbu un iztur\u012bbu. Regul\u0101ra apkope var pal\u012bdz\u0113t pagarin\u0101t produkta kalpo\u0161anas laiku.<\/p>\n<h2>Bl\u012bv\u0113\u0161ana un e\u013c\u013co\u0161ana<\/h2>\n<p>AH221999 kausa hidraulisk\u0101 cilindra nomai\u0146ai tiek izmantoti da\u017e\u0101di bl\u012bv\u0113\u0161anas komponenti, piem\u0113ram, virzu\u013ca bl\u012bves un stie\u0146a bl\u012bves, kas izgatavotas no t\u0101diem materi\u0101liem k\u0101 poliuret\u0101ns un nitrilgumija, lai nodro\u0161in\u0101tu iztur\u012bbu un nodilumiztur\u012bbu. Cilindra korpuss un v\u012bt\u0146ot\u0101 gala virsma ir smalki apstr\u0101d\u0101ta, lai uzlabotu nodilumiztur\u012bbu. Regul\u0101ra atbilsto\u0161as \u200b\u200bhidraulisk\u0101s e\u013c\u013cas pievieno\u0161ana e\u013c\u013co\u0161anai ir svar\u012bga ar\u012b cilindra pareizai darb\u012bbai.<\/p>\n<h2>Prevent\u012bv\u0101 apkope<\/h2>\n<p>Prevent\u012bv\u0101 apkope var pal\u012bdz\u0113t samazin\u0101t hidraulisko cilindru boj\u0101jumu risku un pagarin\u0101t to kalpo\u0161anas laiku. To var pan\u0101kt, veicot regul\u0101ras p\u0101rbaudes un apkopi, izmantojot ieteicam\u0101s rezerves da\u013cas un iev\u0113rojot ieteicam\u0101s remonta un nomai\u0146as proced\u016bras.<\/p>\n<h2>Instal\u0101cijas rokasgr\u0101mata<\/h2>\n<p>Pareiza uzst\u0101d\u012b\u0161ana ir b\u016btiska hidraulisko cilindru dro\u0161ai un efekt\u012bvai lieto\u0161anai. Cilindram j\u0101b\u016bt pareizi izl\u012bdzin\u0101tam, un t\u0101 nostiprin\u0101\u0161anai viet\u0101 j\u0101izmanto atbilsto\u0161i uzst\u0101d\u012b\u0161anas kron\u0161teini. Lai nodro\u0161in\u0101tu pareizu uzst\u0101d\u012b\u0161anu, iev\u0113rojiet ra\u017eot\u0101ja ieteiktos uzst\u0101d\u012b\u0161anas so\u013cus.<\/p>\n<p><img decoding=\"async\" src=\"https:\/\/www.hydraulic-cylinders.net\/wp-content\/uploads\/2024\/12\/Replacement-Of-John-Deere-Hydraulic-Cylinder-3.webp\" alt=\"hidrauliskais cilindrs\" \/><\/p>\n<h2>Par m\u016bsu uz\u0146\u0113mumu<\/h2>\n<p>M\u0113s esam rezerves hidraulisko cilindru ra\u017eot\u0101js un pied\u0101v\u0101jam pla\u0161u produktu kl\u0101stu. M\u0113s esam viens no vado\u0161ajiem hidraulisko cilindru ra\u017eot\u0101jiem un vairumtirdzniec\u012bbas izplat\u012bt\u0101jiem viet\u0113j\u0101 un starptautiskaj\u0101 tirg\u016b.<\/p>\n<p>M\u0113s lepojamies ar savu profesionalit\u0101ti, starptautiskajiem sertifik\u0101tiem, pas\u016bt\u012bjuma pakalpojumiem, ra\u017eo\u0161anas iek\u0101rt\u0101m un p\u0113cp\u0101rdo\u0161anas pakalpojumiem. M\u016bsu m\u0113r\u0137is ir nodro\u0161in\u0101t m\u016bsu klientiem augstas kvalit\u0101tes hidrauliskos cilindrus un pakalpojumus.<\/p>\n<p><img decoding=\"async\" src=\"https:\/\/images.hzpt.com\/2024\/11\/hydraulic-cylinder-factory.webp\" alt=\"hidraulisko cilindru r\u016bpn\u012bca\" \/><\/p>\n<p>Autors: lil<\/p>","protected":false},"excerpt":{"rendered":"<p>Product Introduction The Replacement Of AH221999 Bucket Hydraulic Cylinder is a type of hydraulic cylinder that is designed to replace damaged or worn out hydraulic cylinders in machinery. It has a weight of 30.17 lb, a height of 2.7 in, a width of 3.5 in, and a length of 33.25 in. This product is compatible [&hellip;]<\/p>","protected":false},"featured_media":11058,"comment_status":"open","ping_status":"closed","template":"","meta":{"_et_pb_use_builder":"","_et_pb_old_content":"","_et_gb_content_width":""},"product_brand":[],"product_cat":[1489],"product_tag":[1380,1490,1491],"class_list":{"0":"post-13646","1":"product","2":"type-product","3":"status-publish","4":"has-post-thumbnail","6":"product_cat-replacement-of-john-deere-hydraulic-cylinder","7":"product_tag-hydraulic-cylinder","8":"product_tag-replacement-of-hydraulic-cylinder","9":"product_tag-replacemet-of-john-deere-hydraulic-cylinder","11":"first","12":"instock","13":"shipping-taxable","14":"product-type-simple"},"amp_enabled":true,"_links":{"self":[{"href":"https:\/\/www.hydraulic-cylinders.net\/lv\/wp-json\/wp\/v2\/product\/13646","targetHints":{"allow":["GET"]}}],"collection":[{"href":"https:\/\/www.hydraulic-cylinders.net\/lv\/wp-json\/wp\/v2\/product"}],"about":[{"href":"https:\/\/www.hydraulic-cylinders.net\/lv\/wp-json\/wp\/v2\/types\/product"}],"replies":[{"embeddable":true,"href":"https:\/\/www.hydraulic-cylinders.net\/lv\/wp-json\/wp\/v2\/comments?post=13646"}],"wp:featuredmedia":[{"embeddable":true,"href":"https:\/\/www.hydraulic-cylinders.net\/lv\/wp-json\/wp\/v2\/media\/11058"}],"wp:attachment":[{"href":"https:\/\/www.hydraulic-cylinders.net\/lv\/wp-json\/wp\/v2\/media?parent=13646"}],"wp:term":[{"taxonomy":"product_brand","embeddable":true,"href":"https:\/\/www.hydraulic-cylinders.net\/lv\/wp-json\/wp\/v2\/product_brand?post=13646"},{"taxonomy":"product_cat","embeddable":true,"href":"https:\/\/www.hydraulic-cylinders.net\/lv\/wp-json\/wp\/v2\/product_cat?post=13646"},{"taxonomy":"product_tag","embeddable":true,"href":"https:\/\/www.hydraulic-cylinders.net\/lv\/wp-json\/wp\/v2\/product_tag?post=13646"}],"curies":[{"name":"wp","href":"https:\/\/api.w.org\/{rel}","templated":true}]}}