{"id":13684,"date":"2024-12-10T08:12:15","date_gmt":"2024-12-10T08:12:15","guid":{"rendered":"https:\/\/www.hydraulic-cylinders.net\/product\/replacement-of-lva19372-bucket-hydraulic-cylinder\/"},"modified":"2024-12-10T08:12:18","modified_gmt":"2024-12-10T08:12:18","slug":"replacement-of-lva19372-bucket-hydraulic-cylinder","status":"publish","type":"product","link":"https:\/\/www.hydraulic-cylinders.net\/lv\/products\/replacement-of-lva19372-bucket-hydraulic-cylinder\/","title":{"rendered":"LVA19372 kausa hidraulisk\u0101 cilindra nomai\u0146a"},"content":{"rendered":"<h1>LVA19372 kausa hidraulisk\u0101 cilindra nomai\u0146a<\/h1>\n<p>LVA19372 kausa hidraulisk\u0101 cilindra nomai\u0146a ir hidrauliska sast\u0101vda\u013ca, kas paredz\u0113ta da\u017e\u0101diem mode\u013ciem, tostarp 46, 47, 48, 370B, 375, 375A, 385A, 447, 448, 485 un 485A. Ar 24 m\u0101rci\u0146u svaru, 2,8 collu augstumu, 5 collu platumu un 24,8 collu garumu \u0161is hidrauliskais cilindrs sp\u0113l\u0113 iz\u0161\u0137iro\u0161u lomu iek\u0101rtu vienm\u0113r\u012bg\u0101 darb\u012bb\u0101.<\/p>\n<h2>Specifik\u0101cijas un mode\u013ci<\/h2>\n<p>LVA19372 kausa hidraulisk\u0101 cilindra nomai\u0146a ir pieejama \u0161\u0101d\u0101s specifik\u0101cij\u0101s un mode\u013cos:<\/p>\n<ul>\n<li>Svars: 24 m\u0101rci\u0146as (11,7 kg)<\/li>\n<li>Augstums: 2,8 collas<\/li>\n<li>Platums: 5 collas<\/li>\n<li>Garums: 24,8 collas<\/li>\n<\/ul>\n<p>Sader\u012bgi mode\u013ci: 46, 47, 48, 370B, 375, 375A, 385A, 447, 448, 485, 485A.<\/p>\n<h2>Galven\u0101s iez\u012bmes<\/h2>\n<ul>\n<li>Uzlabota iek\u0101rtu veiktsp\u0113ja: Boj\u0101tu vai nodilu\u0161u hidraulisko cilindru nomai\u0146a var atjaunot iek\u0101rtu norm\u0101lu darb\u012bbu, nodro\u0161inot optim\u0101lu veiktsp\u0113ju da\u017e\u0101dos pielietojumos.<\/li>\n<li>Paaugstin\u0101ta dro\u0161\u012bba: Regul\u0101ra hidraulisko cilindru nomai\u0146a samazina cilindru boj\u0101jumu rad\u012bto dro\u0161\u012bbas apdraud\u0113jumu risku, nodro\u0161inot operatoru un apr\u012bkojuma dro\u0161\u012bbu.<\/li>\n<li>P\u0101rslodzes aizsardz\u012bba: Jaunu cilindru konstrukcij\u0101 bie\u017ei vien ir iek\u013cauti lab\u0101ki p\u0101rslodzes aizsardz\u012bbas meh\u0101nismi, kas uzlabo dro\u0161\u012bbu.<\/li>\n<li>\u0100tra uzst\u0101d\u012b\u0161ana: M\u016bsdienu hidrauliskie cilindri ir paredz\u0113ti vienk\u0101r\u0161ai uzst\u0101d\u012b\u0161anai un nomai\u0146ai, t\u0101d\u0113j\u0101di samazinot d\u012bkst\u0101ves laiku.<\/li>\n<li>Standartiz\u0113tas sast\u0101vda\u013cas: Daudzi hidrauliskie cilindri ir standartiz\u0113ti produkti, kas atvieglo rezerves da\u013cu ieg\u016b\u0161anu tirg\u016b.<\/li>\n<\/ul>\n<p>M\u0113s varam ra\u017eot \u0161o produktu un nodro\u0161in\u0101t perfektas rezerves da\u013cas \u0161iem hidrauliskajiem cilindriem.<\/p>\n<h2>Pieteikumi<\/h2>\n<p>LVA19372 kausa hidraulisk\u0101 cilindra nomai\u0146a atrod pielietojumu da\u017e\u0101dos scen\u0101rijos:<\/p>\n<ol>\n<li>Ekskavatori: Hidraulisko cilindru var nomain\u012bt uz ekskavatora sviras vai kausa, lai atjaunotu norm\u0101lu darb\u012bbu un veiktsp\u0113ju.<\/li>\n<li>Celt\u0146i: Hidrauliskais cilindrs celt\u0146a str\u0113l\u0113 ir pak\u013cauts nodilumam bie\u017eas cel\u0161anas un nolai\u0161anas d\u0113\u013c, t\u0101p\u0113c tas ir regul\u0101ri j\u0101maina, lai nodro\u0161in\u0101tu dro\u0161\u012bbu.<\/li>\n<li>Traktori: Nep\u0101rtrauktas cel\u0161anas un noliek\u0161anas laik\u0101 traktora front\u0101l\u0101 iekr\u0101v\u0113ja hidrauliskaj\u0101 cilindr\u0101 var rasties nopl\u016bdes vai pasliktin\u0101ties t\u0101 veiktsp\u0113ja, k\u0101 rezult\u0101t\u0101 tas ir j\u0101nomaina.<\/li>\n<li>Kombaini: Ra\u017eas nov\u0101k\u0161anas laik\u0101 hidraulisk\u0101 sist\u0113ma tiek pak\u013cauta augstam spiedienam, un cilindri var tikt boj\u0101ti noguruma d\u0113\u013c, t\u0101p\u0113c tie ir j\u0101nomaina savlaic\u012bgi, lai saglab\u0101tu produktivit\u0101ti.<\/li>\n<li>Automatiz\u0113tas ra\u017eo\u0161anas l\u012bnijas: Hidrauliskos cilindrus izmanto robotiz\u0113tu roku un cita automatiz\u0113ta apr\u012bkojuma vad\u012bbai. Ja cilindrs saboj\u0101jas, tas ir nekav\u0113joties j\u0101nomaina, t\u0101d\u0113j\u0101di netrauc\u0113jot ra\u017eo\u0161anas efektivit\u0101ti.<\/li>\n<li>Spiediena lie\u0161anas ma\u0161\u012bnas: Augsta spiediena un augstas temperat\u016bras vid\u0113 hidraulisko cilindru veiktsp\u0113ja var pasliktin\u0101ties. Regul\u0101ra nomai\u0146a nodro\u0161ina produkta kvalit\u0101ti.<\/li>\n<li>Kalnr\u016bpniec\u012bbas iek\u0101rtas: Hidrauliskos cilindrus izmanto smagu kravu cel\u0161anai un p\u0101rvieto\u0161anai kalnr\u016bpniec\u012bbas iek\u0101rt\u0101s. Skarbu darba apst\u0101k\u013cu d\u0113\u013c ir nepiecie\u0161ama regul\u0101ra p\u0101rbaude un nomai\u0146a, lai nov\u0113rstu iek\u0101rtu boj\u0101jumus.<\/li>\n<li>Buldozeri: Hidraulisko cilindru nodilums uz buldozera l\u0101psti\u0146as rokas var samazin\u0101t stum\u0161anas jaudu, t\u0101p\u0113c tie ir savlaic\u012bgi j\u0101nomaina, lai saglab\u0101tu darb\u012bbas efektivit\u0101ti.<\/li>\n<\/ol>\n<h2>Apkopes uzdevumi<\/h2>\n<p>Regul\u0101rie LVA19372 kausa hidraulisk\u0101 cilindra nomai\u0146as apkopes darbi ietver:<\/p>\n<ul>\n<li>Periodiska p\u0101rbaude<\/li>\n<li>Pareiza e\u013c\u013co\u0161ana<\/li>\n<li>Bl\u012bv\u0113juma nomai\u0146a<\/li>\n<li>Kalibr\u0113\u0161anas p\u0101rbaude<\/li>\n<\/ul>\n<p>Ir \u013coti svar\u012bgi nodro\u0161in\u0101t pareizu uzst\u0101d\u012b\u0161anu, e\u013c\u013co\u0161anu un regul\u0113\u0161anu. Ir svar\u012bgi nodro\u0161in\u0101t atbilsto\u0161us nor\u0101d\u012bjumus cilindra izl\u012bdzin\u0101\u0161anai uzst\u0101d\u012b\u0161anas laik\u0101. Ieteicams izmantot piem\u0113rotus uzst\u0101d\u012b\u0161anas kron\u0161teinus cilindra nostiprin\u0101\u0161anai. M\u0113s pied\u0101v\u0101jam ieteicam\u0101s p\u0101rbaudes, remonta un nomai\u0146as proced\u016bras, k\u0101 ar\u012b rezerves da\u013cas un atjauno\u0161anas pakalpojumus, lai uzlabotu hidraulisk\u0101 cilindra kalpo\u0161anas laiku.<\/p>\n<h2>Dro\u0161\u012bbas apsv\u0113rumi un vides faktori<\/h2>\n<p>Izmantojot LVA19372 kausa hidraulisk\u0101 cilindra nomai\u0146u, ir svar\u012bgi iev\u0113rot dro\u0161\u012bbas pas\u0101kumus, lai nov\u0113rstu negad\u012bjumus un \u0146emtu v\u0113r\u0101 vides faktorus. Str\u0101d\u0101jot ar hidraulisko apr\u012bkojumu, vienm\u0113r j\u0101iev\u0113ro dro\u0161\u012bbas pas\u0101kumi, lai samazin\u0101tu riskus un nodro\u0161in\u0101tu dro\u0161u darba vidi.<\/p>\n<h2>Probl\u0113mu nov\u0113r\u0161ana un bie\u017ei sastopamas probl\u0113mas<\/h2>\n<p>Bie\u017ei sastopamas probl\u0113mas un probl\u0113mu nov\u0113r\u0161ana, nomainot LVA19372 kausa hidraulisko cilindru:<\/p>\n<ul>\n<li>Nopl\u016bde: P\u0101rbaudiet cilindru, vai nav e\u013c\u013cas nopl\u016bdes paz\u012bmju, un p\u0101rbaudiet, vai bl\u012bves nav boj\u0101tas. Nomainiet nolietot\u0101s bl\u012bves, lai nov\u0113rstu turpm\u0101ku nopl\u016bdi.<\/li>\n<li>L\u0113na darb\u012bba: p\u0101rbaudiet hidraulisko sist\u0113mu, vai nav ierobe\u017eojumu vai aizsprostojumu, kas var\u0113tu ietekm\u0113t cilindra darb\u012bbu. Ja nepiecie\u0161ams, not\u012briet vai nomainiet visas boj\u0101t\u0101s deta\u013cas.<\/li>\n<li>Troksnis un vibr\u0101cija: P\u0101rm\u0113r\u012bgs troksnis vai vibr\u0101cija var liecin\u0101t par probl\u0113mu ar cilindru vai hidraulisko sist\u0113mu. P\u0101rbaudiet un nov\u0113rsiet sist\u0113mas darb\u012bbas trauc\u0113jumus, lai identific\u0113tu un nov\u0113rstu probl\u0113mu.<\/li>\n<li>Nepietiekams sp\u0113ks: Ja cilindrs nenodro\u0161ina pietiekamu sp\u0113ku, p\u0101rbaudiet, vai nav ierobe\u017eojumu vai nepietiekama hidraulisk\u0101 spiediena. Attiec\u012bgi noregul\u0113jiet vai salabojiet sist\u0113mu.<\/li>\n<li>Bl\u012bv\u0113juma boj\u0101jums: Regul\u0101ri p\u0101rbaudiet bl\u012bv\u0113jumu nodilumu. Nomainiet visus boj\u0101tos bl\u012bv\u0113jumus, lai nov\u0113rstu \u0161\u0137idruma nopl\u016bdes un nodro\u0161in\u0101tu pareizu darb\u012bbu.<\/li>\n<\/ul>\n<p>Sniedzot probl\u0113mu nov\u0113r\u0161anas padomus un risin\u0101jumus, k\u0101 ar\u012b prevent\u012bvos pas\u0101kumus, las\u012bt\u0101jiem var pal\u012bdz\u0113t efekt\u012bvi diagnostic\u0113t un nov\u0113rst ar hidraulisko cilindru saist\u012btas probl\u0113mas. Iev\u0113rojot pareizu apkopes praksi un veicot prevent\u012bvus pas\u0101kumus, potenci\u0101l\u0101s probl\u0113mas var samazin\u0101t l\u012bdz minimumam.<\/p>\n<p><img decoding=\"async\" src=\"https:\/\/www.hydraulic-cylinders.net\/wp-content\/uploads\/2024\/12\/Replacement-Of-John-Deere-Hydraulic-Cylinder-3.webp\"><\/p>\n<h2>Dizaina apsv\u0113rumi un atlases krit\u0113riji<\/h2>\n<p>Apsverot LVA19372 kausa hidraulisk\u0101 cilindra nomai\u0146as konstrukciju un izv\u0113li, j\u0101\u0146em v\u0113r\u0101 vair\u0101ki faktori:<\/p>\n<ul>\n<li>Nestsp\u0113ja<\/li>\n<li>Bl\u012bv\u0113\u0161anas veiktsp\u0113ja<\/li>\n<li>Iztur\u012bba<\/li>\n<li>Dro\u0161\u012bbas funkcijas<\/li>\n<li>Uzturam\u012bba<\/li>\n<\/ul>\n<p>Katram no \u0161iem aspektiem ir iz\u0161\u0137iro\u0161a noz\u012bme hidraulisk\u0101 cilindra kop\u0113j\u0101s veiktsp\u0113jas un ilgm\u016b\u017e\u012bbas nodro\u0161in\u0101\u0161an\u0101.<\/p>\n<h2>Bl\u012bv\u0113\u0161ana un e\u013c\u013co\u0161ana<\/h2>\n<p>Lai sasniegtu optim\u0101lu veiktsp\u0113ju, LVA19372 kausa hidraulisk\u0101 cilindra nomai\u0146as proces\u0101 tiek izmantoti da\u017e\u0101di bl\u012bv\u0113\u0161anas komponenti, piem\u0113ram, virzu\u013ca bl\u012bves un stie\u0146a bl\u012bves, kas izgatavotas no nodilumiztur\u012bgiem materi\u0101liem, piem\u0113ram, poliuret\u0101na un nitrila gumijas. Cilindra korpuss un v\u012bt\u0146otie gali tiek r\u016bp\u012bgi apstr\u0101d\u0101ti, lai uzlabotu nodilumiztur\u012bbu. Lai nodro\u0161in\u0101tu vienm\u0113r\u012bgu darb\u012bbu un pagarin\u0101tu cilindra kalpo\u0161anas laiku, ir nepiecie\u0161ama regul\u0101ra e\u013c\u013co\u0161ana ar atbilsto\u0161u hidraulisko e\u013c\u013cu.<\/p>\n<h2>Regul\u0101ra p\u0101rbaude un profilaktisk\u0101 apkope<\/h2>\n<p>Regul\u0101ra p\u0101rbaude un profilaktisk\u0101 apkope ir b\u016btiska LVA19372 kausa hidraulisk\u0101 cilindra nomai\u0146ai:<\/p>\n<ul>\n<li>Nodro\u0161iniet pareizu uzst\u0101d\u012b\u0161anu, e\u013c\u013co\u0161anu un regul\u0113\u0161anu<\/li>\n<li>Sniedziet nor\u0101d\u012bjumus cilindra pareizai izl\u012bdzin\u0101\u0161anai uzst\u0101d\u012b\u0161anas laik\u0101<\/li>\n<li>Cilindra nostiprin\u0101\u0161anai ieteicams izmantot piem\u0113rotus mont\u0101\u017eas kron\u0161teinus<\/li>\n<li>Ieteikt p\u0101rbaudes, remonta un nomai\u0146as proced\u016bras<\/li>\n<li>Pied\u0101v\u0101jam rezerves da\u013cas un remonta pakalpojumus<\/li>\n<li>Sniedziet padomus<br \/>","protected":false},"excerpt":{"rendered":"<p>Replacement Of LVA19372 Bucket Hydraulic Cylinder The Replacement Of LVA19372 Bucket Hydraulic Cylinder is a hydraulic component designed for various models including 46, 47, 48, 370B, 375, 375A, 385A, 447, 448, 485, and 485A. With a weight of 24 lb, a height of 2.8 in, a width of 5 in, and a length of 24.8 [&hellip;]<\/p>","protected":false},"featured_media":12321,"comment_status":"open","ping_status":"closed","template":"","meta":{"_et_pb_use_builder":"","_et_pb_old_content":"","_et_gb_content_width":""},"product_brand":[],"product_cat":[1489],"product_tag":[1380,1490,1491],"class_list":{"0":"post-13684","1":"product","2":"type-product","3":"status-publish","4":"has-post-thumbnail","6":"product_cat-replacement-of-john-deere-hydraulic-cylinder","7":"product_tag-hydraulic-cylinder","8":"product_tag-replacement-of-hydraulic-cylinder","9":"product_tag-replacemet-of-john-deere-hydraulic-cylinder","11":"first","12":"instock","13":"shipping-taxable","14":"product-type-simple"},"amp_enabled":true,"_links":{"self":[{"href":"https:\/\/www.hydraulic-cylinders.net\/lv\/wp-json\/wp\/v2\/product\/13684","targetHints":{"allow":["GET"]}}],"collection":[{"href":"https:\/\/www.hydraulic-cylinders.net\/lv\/wp-json\/wp\/v2\/product"}],"about":[{"href":"https:\/\/www.hydraulic-cylinders.net\/lv\/wp-json\/wp\/v2\/types\/product"}],"replies":[{"embeddable":true,"href":"https:\/\/www.hydraulic-cylinders.net\/lv\/wp-json\/wp\/v2\/comments?post=13684"}],"wp:featuredmedia":[{"embeddable":true,"href":"https:\/\/www.hydraulic-cylinders.net\/lv\/wp-json\/wp\/v2\/media\/12321"}],"wp:attachment":[{"href":"https:\/\/www.hydraulic-cylinders.net\/lv\/wp-json\/wp\/v2\/media?parent=13684"}],"wp:term":[{"taxonomy":"product_brand","embeddable":true,"href":"https:\/\/www.hydraulic-cylinders.net\/lv\/wp-json\/wp\/v2\/product_brand?post=13684"},{"taxonomy":"product_cat","embeddable":true,"href":"https:\/\/www.hydraulic-cylinders.net\/lv\/wp-json\/wp\/v2\/product_cat?post=13684"},{"taxonomy":"product_tag","embeddable":true,"href":"https:\/\/www.hydraulic-cylinders.net\/lv\/wp-json\/wp\/v2\/product_tag?post=13684"}],"curies":[{"name":"wp","href":"https:\/\/api.w.org\/{rel}","templated":true}]}}