{"id":1419,"date":"2023-09-18T08:45:51","date_gmt":"2023-09-18T08:45:51","guid":{"rendered":"https:\/\/hydraulic-cylinders.net\/?post_type=product&#038;p=1419"},"modified":"2025-04-11T02:57:05","modified_gmt":"2025-04-11T02:57:05","slug":"40-mdc-series-compact-mold-cylinder","status":"publish","type":"product","link":"https:\/\/www.hydraulic-cylinders.net\/lv\/products\/40-mdc-series-compact-mold-cylinder\/","title":{"rendered":"40. MDC s\u0113rijas kompaktais veid\u0146u cilindrs"},"content":{"rendered":"<h1 style=\"text-align: center;\"><strong>40. MDC s\u0113rijas kompaktais veid\u0146u cilindrs<\/strong><\/h1>\n<p>40. MDC s\u0113rijas kompaktais veid\u0146u cilindrs ir efekt\u012bvs un daudzpus\u012bgs hidrauliskais cilindrs, kas \u012bpa\u0161i paredz\u0113ts presformu lietojumiem. Pateicoties kompaktajam dizainam, izcilajai veiktsp\u0113jai un iztur\u012bgajai konstrukcijai, \u0161is cilindrs nodro\u0161ina uzticamu un prec\u012bzu darb\u012bbu da\u017e\u0101d\u0101s r\u016bpniecisk\u0101s vid\u0113s. Neatkar\u012bgi no t\u0101, vai to izmanto iesmidzin\u0101\u0161anas form\u0113\u0161anas ma\u0161\u012bn\u0101s, lie\u0161anas iek\u0101rt\u0101s vai cit\u0101s ar presform\u0101m saist\u012bt\u0101s lietojumprogramm\u0101s, 40. MDC kompaktais veid\u0146u cilindrs pied\u0101v\u0101 izcilu funkcionalit\u0101ti un produktivit\u0101ti.<\/p>\n<p>\u00b7 MDC ir kompakts hidrauliskais cilindrs (cx) ar elektrisko k\u0101rbu un cilindrisku stieni, lai prec\u012bzi kontrol\u0113tu veidnes neitronu poz\u012bciju.<br \/>\n\u00b7 Hidrauliskais cilindrs, kas piem\u0113rots plastmasas veid\u0146u lieto\u0161anai.<\/p>\n<p><img loading=\"lazy\" decoding=\"async\" class=\"aligncenter wp-image-323230\" src=\"https:\/\/hzpt.com\/wp-content\/uploads\/2023\/09\/mdc-compact-hydraulic-cylinder-7.webp\" alt=\"40-kompakt\u0101 veidnes cilindra-parametrs-1 \" width=\"400\" height=\"400\" \/><\/p>\n<h2><strong>Kompakta veidnes cilindra mode\u013ca apraksts:<\/strong><\/h2>\n<p><img loading=\"lazy\" decoding=\"async\" class=\"alignnone size-full wp-image-323234\" src=\"https:\/\/hzpt.com\/wp-content\/uploads\/2023\/09\/mdc-compact-hydraulic-cylinder-2.webp\" alt=\"\" width=\"966\" height=\"882\" \/><\/p>\n<h2><strong>Kompakta veidnes cilindra raksturlielumi:<\/strong><\/h2>\n<p><img loading=\"lazy\" decoding=\"async\" class=\"alignnone size-full wp-image-323236\" src=\"https:\/\/hzpt.com\/wp-content\/uploads\/2023\/09\/mdc-compact-hydraulic-cylinder-3-1.webp\" alt=\"\" width=\"899\" height=\"262\" \/><\/p>\n<h2><strong>Kompakta veid\u0146u cilindra strukt\u016bras sh\u0113ma:<\/strong><\/h2>\n<p><img loading=\"lazy\" decoding=\"async\" class=\"alignnone size-full wp-image-323250\" src=\"https:\/\/hzpt.com\/wp-content\/uploads\/2023\/09\/mdc-compact-hydraulic-cylinder-4-1.webp\" alt=\"\" width=\"737\" height=\"808\" \/><\/p>\n<h2><strong>Virzu\u013ca stie\u0146a savienojuma izm\u0113ru diagramma:<\/strong><\/h2>\n<p><img loading=\"lazy\" decoding=\"async\" class=\"alignnone size-large wp-image-323239\" src=\"https:\/\/hzpt.com\/wp-content\/uploads\/2023\/09\/mdc-compact-hydraulic-cylinder-5-787x1024.webp\" alt=\"\" width=\"787\" height=\"1024\" \/><\/p>\n<h2><strong>Elektrisk\u0101s k\u0101rbas spr\u0101dzes poz\u012bcija, e\u013c\u013cas piesl\u0113gvietas poz\u012bcija un sadales izejas poz\u012bcija:<\/strong><\/h2>\n<p><img loading=\"lazy\" decoding=\"async\" class=\"alignnone size-large wp-image-323241\" src=\"https:\/\/hzpt.com\/wp-content\/uploads\/2023\/09\/mdc-compact-hydraulic-cylinder-6-616x1024.webp\" alt=\"\" width=\"616\" height=\"1024\" \/><\/p>\n<h2><strong>40 MDC s\u0113rijas kompakt\u0101 veidnes cilindra parametrs:<\/strong><\/h2>\n<p><img loading=\"lazy\" decoding=\"async\" class=\"alignnone size-large wp-image-323251\" src=\"https:\/\/hzpt.com\/wp-content\/uploads\/2023\/09\/mdc-compact-hydraulic-cylinder-8-1-941x1024.webp\" alt=\"\" width=\"941\" height=\"1024\" \/><\/p>\n<h2><strong>40. MDC s\u0113rijas kompaktais veid\u0146u cilindrs <\/strong><strong>Lieto\u0161anas metode<\/strong><strong>:<\/strong><\/h2>\n<ol>\n<li><strong>Mont\u0101\u017ea un uzst\u0101d\u012b\u0161ana:<\/strong>\n<ul>\n<li>Nosakiet atbilsto\u0161o 32 MDC s\u0113rijas kompakto veid\u0146u cilindru mont\u0101\u017eas poz\u012bciju atbilsto\u0161i veidnes pielietojuma pras\u012bb\u0101m.<\/li>\n<li>P\u0101rliecinieties, vai cilindrs ir stingri uzst\u0101d\u012bts, stabils un stingrs, lai darb\u012bbas laik\u0101 nov\u0113rstu vibr\u0101ciju vai dislok\u0101ciju.<\/li>\n<\/ul>\n<\/li>\n<li><strong>Savienojums ar hidraulisko sist\u0113mu:<\/strong>\n<ul>\n<li>Pievienojiet hidraulisko cilindru hidrauliskajai sist\u0113mai, izmantojot sader\u012bgu hidraulisko \u0161\u013c\u016bteni vai cauruli.<\/li>\n<li>Nodro\u0161iniet pareizu izl\u012bdzin\u0101\u0161anu, cie\u0161us savienojumus un piem\u0113rotus veidgabalus, lai nov\u0113rstu nopl\u016bdes un nodro\u0161in\u0101tu optim\u0101lu veiktsp\u0113ju.<\/li>\n<\/ul>\n<\/li>\n<li><strong>Pel\u0113juma darb\u012bba:<\/strong>\n<ul>\n<li>Aktiviz\u0113jiet hidraulisko sist\u0113mu, lai uzs\u0101ktu 32 MDC s\u0113rijas kompakt\u0101 cilindra kust\u012bbu.<\/li>\n<li>Izmantojiet hidraulisk\u0101s vad\u012bbas sist\u0113mas, piem\u0113ram, v\u0101rstus vai sl\u0113d\u017eus, lai kontrol\u0113tu prec\u012bzas veidnes darb\u012bbas, tostarp atv\u0113r\u0161anu, aizv\u0113r\u0161anu un iesp\u012bl\u0113\u0161anu.<\/li>\n<\/ul>\n<\/li>\n<\/ol>\n<h2><strong>K\u0101 atgaisot pa\u0161izg\u0101z\u0113ja hidraulisko cilindru?<\/strong><\/h2>\n<p>Lai izjauktu hidraulisko cilindru, veiciet t\u0101l\u0101k nor\u0101d\u012bt\u0101s visp\u0101r\u012bg\u0101s darb\u012bbas.<\/p>\n<ol>\n<li><strong>Dro\u0161\u012bbas pas\u0101kumi:<\/strong>\n<ul>\n<li>Pirms iedarbin\u0101\u0161anas p\u0101rliecinieties, vai hidrauliskaj\u0101 sist\u0113m\u0101 nav spiediena un baro\u0161anas avots ir atvienots.<\/li>\n<li>Lai pasarg\u0101tu sevi no iesp\u0113jamiem apdraud\u0113jumiem, izmantojiet atbilsto\u0161us individu\u0101los aizsardz\u012bbas l\u012bdzek\u013cus, piem\u0113ram, cimdus un aizsargbrilles.<\/li>\n<\/ul>\n<\/li>\n<li><strong>Pozicion\u0113\u0161ana un atbalsts:<\/strong>\n<ul>\n<li>Novietojiet hidraulisko cilindru uz stabilas darba virsmas, nodro\u0161inot, ka tas ir pien\u0101c\u012bgi atbalst\u012bts, lai nov\u0113rstu nejau\u0161u kust\u012bbu vai boj\u0101jumus.<\/li>\n<\/ul>\n<\/li>\n<li><strong>\u0100r\u0113jo komponentu no\u0146em\u0161ana:<\/strong>\n<ul>\n<li>Atvienojiet visas cilindram piestiprin\u0101t\u0101s \u0101r\u0113j\u0101s sast\u0101vda\u013cas, piem\u0113ram, \u0161\u013c\u016btenes, savienojumus vai mont\u0101\u017eas kron\u0161teinus.<\/li>\n<li>Izmantojiet piem\u0113rotus instrumentus, piem\u0113ram, uzgrie\u017e\u0146u atsl\u0113gas vai knaibles, lai uzman\u012bgi atbr\u012bvotu un no\u0146emtu \u0161\u012bs deta\u013cas.<\/li>\n<\/ul>\n<\/li>\n<li><strong>Hidraulisk\u0101 \u0161\u0137idruma izle\u0161ana:<\/strong>\n<ul>\n<li>Atrodiet cilindra iztuk\u0161o\u0161anas aizb\u0101zni vai v\u0101rstu un no\u0146emiet to, lai hidrauliskais \u0161\u0137idrums var\u0113tu iztec\u0113t piem\u0113rot\u0101 trauk\u0101.<\/li>\n<li>Novietojiet cilindru t\u0101, lai b\u016btu iesp\u0113jama piln\u012bga iztuk\u0161o\u0161ana.<\/li>\n<\/ul>\n<\/li>\n<li><strong>Izjauciet gala v\u0101ci\u0146us:<\/strong>\n<ul>\n<li>Identific\u0113jiet hidraulisk\u0101 cilindra gala v\u0101ci\u0146us. Tie parasti atrodas katr\u0101 cilindra korpusa gal\u0101.<\/li>\n<li>No\u0146emiet bultskr\u016bves, skr\u016bves vai stiprin\u0101jumus, nostiprinot gala v\u0101ci\u0146us, izmantojot atbilsto\u0161us instrumentus.<\/li>\n<li>Ja nepiecie\u0161ams, viegli uzsitiet pa gala v\u0101ci\u0146iem ar gumijas \u0101muru, lai p\u0101rrautu jebk\u0101du bl\u012bv\u0113jumu vai l\u012bmes saiti.<\/li>\n<\/ul>\n<\/li>\n<li><strong>Atsevi\u0161\u0137as cilindru sast\u0101vda\u013cas:<\/strong>\n<ul>\n<li>Kad gala v\u0101ci\u0146i ir no\u0146emti, uzman\u012bgi izvelciet virzuli un virzu\u013ca stieni no cilindra korpusa.<\/li>\n<li>L\u016bdzu, piev\u0113rsiet uzman\u012bbu visiem bl\u012bv\u0113jumiem, gult\u0146iem vai buks\u0113m un no\u0146emiet tos, ja nepiecie\u0161ams.<\/li>\n<li>Lai atvieglotu salik\u0161anu, \u0146emiet v\u0113r\u0101 sast\u0101vda\u013cu sec\u012bbu un orient\u0101ciju.<\/li>\n<\/ul>\n<\/li>\n<li><strong>P\u0101rbaudiet un not\u012briet komponentus:<\/strong>\n<ul>\n<li>P\u0101rbaudiet katru izjaukto komponentu, vai nav nodiluma, boj\u0101jumu vai pies\u0101r\u0146ojuma paz\u012bmju.<\/li>\n<li>Not\u012briet visas sast\u0101vda\u013cas, izmantojot piem\u0113rotu \u0161\u0137\u012bdin\u0101t\u0101ju vai t\u012br\u012b\u0161anas l\u012bdzekli, lai no\u0146emtu net\u012brumus, gru\u017eus vai veco sm\u0113rvielu.<\/li>\n<li>Izmantojiet m\u012bkstu dr\u0101nu vai birsti, lai maigi not\u012br\u012btu virsmas, neradot boj\u0101jumus.<\/li>\n<\/ul>\n<\/li>\n<li><strong>Nomainiet vai salabojiet komponentus:<\/strong>\n<ul>\n<li>Ja k\u0101das sast\u0101vda\u013cas ir iev\u0113rojami nodilu\u0161as vai boj\u0101tas, apsveriet iesp\u0113ju t\u0101s nomain\u012bt pret jaun\u0101m.<\/li>\n<li>Remont\u0113jiet vai atjaunojiet deta\u013cas, piem\u0113ram, nomainiet bl\u012bves vai atjaunojiet virzu\u013ca stieni.<\/li>\n<\/ul>\n<\/li>\n<li><strong>Salik\u0161ana:<\/strong>\n<ul>\n<li>Lai saliktu hidraulisko cilindru atpaka\u013c, veiciet izjauk\u0161anas darb\u012bbas apgriezt\u0101 sec\u012bb\u0101, nodro\u0161inot pareizu deta\u013cu izl\u012bdzin\u0101\u0161anu un orient\u0101ciju.<\/li>\n<li>Mont\u0101\u017eas laik\u0101 iee\u013c\u013cojiet atbilsto\u0161\u0101s deta\u013cas ar ieteicamo hidraulisko \u0161\u0137idrumu vai sm\u0113rvielu.<\/li>\n<li>Pievelciet visus stiprin\u0101jumus atbilsto\u0161i ra\u017eot\u0101ja specifik\u0101cij\u0101m, ja nepiecie\u0161ams, izmantojot griezes momenta atsl\u0113gu.<\/li>\n<\/ul>\n<\/li>\n<li><strong>Test\u0113\u0161ana un p\u0101rbaude:<\/strong><\/li>\n<\/ol>\n<ul>\n<li>P\u0113c salik\u0161anas veiciet r\u016bp\u012bgu p\u0101rbaudi, lai p\u0101rliecin\u0101tos, ka visas sast\u0101vda\u013cas ir pareizi izl\u012bdzin\u0101tas un nostiprin\u0101tas.<\/li>\n<li>P\u0101rbaudiet hidraulisko cilindru kontrol\u0113t\u0101 veid\u0101, lai p\u0101rliecin\u0101tos par t\u0101 darb\u012bbu, un p\u0101rbaudiet, vai nav nopl\u016b\u017eu vai darb\u012bbas trauc\u0113jumu.<\/li>\n<\/ul>\n<h2><strong>R\u016bpn\u012bcas iesp\u0113jas un jauda:<\/strong><\/h2>\n<h3>(1) Mont\u0101\u017ea<\/h3>\n<p>Mums ir pirmklas\u012bga neatkar\u012bga p\u0113tniec\u012bbas un att\u012bst\u012bbas mont\u0101\u017eas platforma. Hidraulisko cilindru ra\u017eo\u0161anas darbn\u012bc\u0101 ir \u010detras pusautom\u0101tiskas pacel\u0161anas cilindru mont\u0101\u017eas l\u012bnijas un viena autom\u0101tisk\u0101 sl\u012bpuma cilindru mont\u0101\u017eas l\u012bnija ar projekt\u0113to gada ra\u017eo\u0161anas jaudu 1 miljons vien\u012bbu. Speci\u0101lo cilindru darbn\u012bca ir apr\u012bkota ar da\u017e\u0101du specifik\u0101ciju pusautom\u0101tisku t\u012br\u012b\u0161anas mont\u0101\u017eas sist\u0113mu ar projekt\u0113to gada ra\u017eo\u0161anas jaudu 200 000 vien\u012bbu un apr\u012bkota ar slaven\u0101m CNC apstr\u0101des iek\u0101rt\u0101m, apstr\u0101des centru, augstas precizit\u0101tes cilindru apstr\u0101des speci\u0101lo apr\u012bkojumu, robotiz\u0113tu metin\u0101\u0161anas iek\u0101rtu, autom\u0101tisku t\u012br\u012b\u0161anas iek\u0101rtu, autom\u0101tisku cilindru mont\u0101\u017eas iek\u0101rtu un autom\u0101tisku kr\u0101so\u0161anas ra\u017eo\u0161anas l\u012bniju. Eso\u0161ais kritiskais apr\u012bkojums ir vair\u0101k nek\u0101 300 komplektu (komplektu). Optim\u0101la iek\u0101rtu resursu sadale un efekt\u012bva izmanto\u0161ana nodro\u0161ina produktu precizit\u0101tes pras\u012bbas un apmierina produktu augst\u0101s kvalit\u0101tes pras\u012bbas.<\/p>\n<p><img loading=\"lazy\" decoding=\"async\" class=\"alignnone wp-image-626\" src=\"https:\/\/hydraulic-cylinders.net\/wp-content\/uploads\/2023\/08\/hydraulic-cylinder-product-1-300x158.webp\" alt=\"\" width=\"495\" height=\"260\" srcset=\"https:\/\/hydraulic-cylinders.net\/wp-content\/uploads\/2023\/08\/hydraulic-cylinder-product-1-300x158.webp 495w, https:\/\/hydraulic-cylinders.net\/wp-content\/uploads\/2023\/08\/hydraulic-cylinder-product-1-480x252.webp 480w\" sizes=\"(min-width: 0px) and (max-width: 480px) 480px, (min-width: 481px) 495px, 100vw\" \/> <img loading=\"lazy\" decoding=\"async\" class=\"alignnone wp-image-627\" src=\"https:\/\/hydraulic-cylinders.net\/wp-content\/uploads\/2023\/08\/hydraulic-cylinder-product-2-300x189.webp\" alt=\"\" width=\"413\" height=\"260\" \/><\/p>\n<h3>(2) Apstr\u0101de<\/h3>\n<p>Apstr\u0101des cehs ir apr\u012bkots ar piel\u0101gotu sl\u012bpo slie\u017eu virpo\u0161anas centru, apstr\u0101des centru, \u0101trgaitas asin\u0101\u0161anas ma\u0161\u012bnu, metin\u0101\u0161anas robotu un citu saist\u012btu apr\u012bkojumu, kas var apstr\u0101d\u0101t cilindriskas caurules ar maksim\u0101lo iek\u0161\u0113jo diametru 400 mm un maksim\u0101lo garumu 6 metri.<\/p>\n<p><img loading=\"lazy\" decoding=\"async\" class=\"alignnone wp-image-628 size-large\" src=\"https:\/\/hydraulic-cylinders.net\/wp-content\/uploads\/2023\/08\/hydraulic-cylinder-product-3-1024x391.webp\" alt=\"\" width=\"1024\" height=\"391\" srcset=\"https:\/\/hydraulic-cylinders.net\/wp-content\/uploads\/2023\/08\/hydraulic-cylinder-product-3-980x374.webp 980w, https:\/\/hydraulic-cylinders.net\/wp-content\/uploads\/2023\/08\/hydraulic-cylinder-product-3-480x183.webp 480w\" sizes=\"(min-width: 0px) and (max-width: 480px) 480px, (min-width: 481px) and (max-width: 980px) 980px, (min-width: 981px) 1024px, 100vw\" \/><\/p>\n<h3>(3) Metin\u0101\u0161ana<\/h3>\n<p><img loading=\"lazy\" decoding=\"async\" class=\"alignnone wp-image-629 size-large\" src=\"https:\/\/hydraulic-cylinders.net\/wp-content\/uploads\/2023\/08\/hydraulic-cylinder-product-4-1024x510.webp\" alt=\"\" width=\"1024\" height=\"510\" srcset=\"https:\/\/hydraulic-cylinders.net\/wp-content\/uploads\/2023\/08\/hydraulic-cylinder-product-4-980x488.webp 980w, https:\/\/hydraulic-cylinders.net\/wp-content\/uploads\/2023\/08\/hydraulic-cylinder-product-4-480x239.webp 480w\" sizes=\"(min-width: 0px) and (max-width: 480px) 480px, (min-width: 481px) and (max-width: 980px) 980px, (min-width: 981px) 1024px, 100vw\" \/><\/p>\n<h3>(4) Kr\u0101so\u0161ana un p\u0101rkl\u0101\u0161ana<\/h3>\n<p>Ar maz\u0101m un vid\u0113ja izm\u0113ra cilindrisk\u0101m autom\u0101tisk\u0101m \u016bdens b\u0101zes kr\u0101su p\u0101rkl\u0101\u0161anas l\u012bnij\u0101m, lai pan\u0101ktu autom\u0101tisku robotu iekrau\u0161anu un izkrau\u0161anu un autom\u0101tisku izsmidzin\u0101\u0161anu, projekt\u0113t\u0101 jauda ir 4000 gabali mai\u0146\u0101;<br \/>\nMums ir ar\u012b pusautom\u0101tiska kr\u0101su ra\u017eo\u0161anas l\u012bnija lieliem baloniem, ko darbina \u0137\u0113des piedzi\u0146a, ar 60 kastu konstrukcijas jaudu vien\u0101 mai\u0146\u0101.<\/p>\n<p><img loading=\"lazy\" decoding=\"async\" class=\"alignnone wp-image-630\" src=\"https:\/\/hydraulic-cylinders.net\/wp-content\/uploads\/2023\/08\/hydraulic-cylinder-product-5-300x213.webp\" alt=\"\" width=\"366\" height=\"260\" \/> <img loading=\"lazy\" decoding=\"async\" class=\"alignnone wp-image-631\" src=\"https:\/\/hydraulic-cylinders.net\/wp-content\/uploads\/2023\/08\/hydraulic-cylinder-product-6-300x225.webp\" alt=\"\" width=\"347\" height=\"260\" \/><\/p>\n<h3>(5) Test\u0113\u0161ana<\/h3>\n<p>Mums ir augst\u0101k\u0101s klases p\u0101rbaudes iek\u0101rtas un test\u0113\u0161anas stendi, lai nodro\u0161in\u0101tu, ka balona veiktsp\u0113ja atbilst pras\u012bb\u0101m.<\/p>\n<p><img loading=\"lazy\" decoding=\"async\" class=\"alignnone wp-image-632\" src=\"https:\/\/hydraulic-cylinders.net\/wp-content\/uploads\/2023\/08\/hydraulic-cylinder-product-8-300x200.webp\" alt=\"\" width=\"389\" height=\"260\" \/><\/p>\n<p>&nbsp;<\/p>\n<p>&nbsp;<\/p>\n<p>M\u0113s esam viens no lab\u0101kajiem kompakto hidraulisko cilindru ra\u017eot\u0101jiem. M\u0113s varam pied\u0101v\u0101t pla\u0161u kompakto hidraulisko cilindru kl\u0101stu. M\u0113s nodro\u0161in\u0101m ar\u012b atbilsto\u0161us <a href=\"https:\/\/hzpt.com\/agricultural-pto-gearbox\/\" target=\"_blank\" rel=\"noopener\">lauksaimniec\u012bbas p\u0101rnesumk\u0101rbas<\/a>. M\u0113s esam eksport\u0113ju\u0161i savus produktus klientiem vis\u0101 pasaul\u0113 un esam ieguvu\u0161i labu reput\u0101ciju, pateicoties m\u016bsu izcilajai produktu kvalit\u0101tei un p\u0113cp\u0101rdo\u0161anas servisam. M\u0113s aicin\u0101m klientus no valsts un \u0101rvalst\u012bm sazin\u0101ties ar mums, lai risin\u0101tu biznesa sarunas, apmain\u012btos ar inform\u0101ciju un... <a href=\"https:\/\/www.hydraulic-cylinders.net\/lv\/contact-us\/\">sadarboties ar mums<\/a>!<\/p>\n<h2><\/h2>","protected":false},"excerpt":{"rendered":"<p>40 MDC Series Compact Mold Cylinder The 40 MDC Series compact mold cylinder is an efficient and versatile hydraulic cylinder designed specifically for die applications. With its compact design, superior performance, and durable construction, this cylinder provides reliable and precise operation in a variety of industrial environments. Whether used in injection molding machines, die-casting equipment, [&hellip;]<\/p>","protected":false},"featured_media":1422,"comment_status":"open","ping_status":"closed","template":"","meta":{"_et_pb_use_builder":"","_et_pb_old_content":"","_et_gb_content_width":""},"product_brand":[],"product_cat":[1523,1549,1376],"product_tag":[1380],"class_list":{"0":"post-1419","1":"product","2":"type-product","3":"status-publish","4":"has-post-thumbnail","6":"product_cat-injection-molding-hydraulic-cylinders","7":"product_cat-single-acting-hydraulic-cylinder","8":"product_cat-hydraulic-cylinder","9":"product_tag-hydraulic-cylinder","11":"first","12":"instock","13":"shipping-taxable","14":"product-type-simple"},"amp_enabled":true,"_links":{"self":[{"href":"https:\/\/www.hydraulic-cylinders.net\/lv\/wp-json\/wp\/v2\/product\/1419","targetHints":{"allow":["GET"]}}],"collection":[{"href":"https:\/\/www.hydraulic-cylinders.net\/lv\/wp-json\/wp\/v2\/product"}],"about":[{"href":"https:\/\/www.hydraulic-cylinders.net\/lv\/wp-json\/wp\/v2\/types\/product"}],"replies":[{"embeddable":true,"href":"https:\/\/www.hydraulic-cylinders.net\/lv\/wp-json\/wp\/v2\/comments?post=1419"}],"wp:featuredmedia":[{"embeddable":true,"href":"https:\/\/www.hydraulic-cylinders.net\/lv\/wp-json\/wp\/v2\/media\/1422"}],"wp:attachment":[{"href":"https:\/\/www.hydraulic-cylinders.net\/lv\/wp-json\/wp\/v2\/media?parent=1419"}],"wp:term":[{"taxonomy":"product_brand","embeddable":true,"href":"https:\/\/www.hydraulic-cylinders.net\/lv\/wp-json\/wp\/v2\/product_brand?post=1419"},{"taxonomy":"product_cat","embeddable":true,"href":"https:\/\/www.hydraulic-cylinders.net\/lv\/wp-json\/wp\/v2\/product_cat?post=1419"},{"taxonomy":"product_tag","embeddable":true,"href":"https:\/\/www.hydraulic-cylinders.net\/lv\/wp-json\/wp\/v2\/product_tag?post=1419"}],"curies":[{"name":"wp","href":"https:\/\/api.w.org\/{rel}","templated":true}]}}