{"id":14445,"date":"2024-12-12T08:44:56","date_gmt":"2024-12-12T08:44:56","guid":{"rendered":"https:\/\/www.hydraulic-cylinders.net\/product\/replacement-of-sj31116-hydraulic-steering-cylinder\/"},"modified":"2024-12-12T08:44:58","modified_gmt":"2024-12-12T08:44:58","slug":"replacement-of-sj31116-hydraulic-steering-cylinder","status":"publish","type":"product","link":"https:\/\/www.hydraulic-cylinders.net\/lv\/products\/replacement-of-sj31116-hydraulic-steering-cylinder\/","title":{"rendered":"SJ31116 hidraulisk\u0101 st\u016bres cilindra nomai\u0146a"},"content":{"rendered":"<h2>Ievads<\/h2>\n<p>SJ31116 hidraulisk\u0101 st\u016bres cilindra nomai\u0146a ir b\u016btiska hidraulisko sist\u0113mu sast\u0101vda\u013ca. T\u0101 funkcija ir p\u0101rveidot hidraulisko ener\u0123iju meh\u0101nisk\u0101 sp\u0113k\u0101, nodro\u0161inot prec\u012bzu ma\u0161\u012bnu vad\u012bbu un kust\u012bbu. Cilindra svars ir 21,86 m\u0101rci\u0146as, augstums ir 4 collas un garums ir 26 collas. Tas ir sader\u012bgs ar da\u017e\u0101diem John Deere mode\u013ciem, tostarp 5E-5310, 5045E, 5050E, 5055E, 5058E, 5060E, 5065E, 5067E, 5075E.<\/p>\n<h2>Specifik\u0101cijas un sader\u012bba<\/h2>\n<p>SJ31116 hidraulisk\u0101 st\u016bres cilindra nomai\u0146as da\u013ca sver 21,86 m\u0101rci\u0146as, ir 4 collas augsta un 26 collas gara. T\u0101 ir sader\u012bga ar da\u017e\u0101diem John Deere mode\u013ciem, tostarp 5E-5310, 5045E, 5050E, 5055E, 5058E, 5060E, 5065E, 5067E, 5075E.<\/p>\n<h2>Funkcijas<\/h2>\n<ul>\n<li>Atjauno iek\u0101rtu darb\u012bbu: Boj\u0101tu vai nodilu\u0161u hidraulisko cilindru nomai\u0146a var atjaunot iek\u0101rtu norm\u0101lu darb\u012bbas sp\u0113ju, nodro\u0161inot t\u0101s darb\u012bbu da\u017e\u0101dos pielietojumos.<\/li>\n<li>Uzlabo dro\u0161\u012bbu: Regul\u0101ra hidraulisko cilindru nomai\u0146a var samazin\u0101t cilindru boj\u0101jumu rad\u012btos dro\u0161\u012bbas apdraud\u0113jumus, nodro\u0161inot operatoru un apr\u012bkojuma dro\u0161\u012bbu.<\/li>\n<li>P\u0101rslodzes aizsardz\u012bba: Jaunos cilindru dizainos parasti tiek \u0146emti v\u0113r\u0101 lab\u0101ki p\u0101rslodzes aizsardz\u012bbas meh\u0101nismi, t\u0101d\u0113j\u0101di uzlabojot dro\u0161\u012bbu.<\/li>\n<li>\u0100tra uzst\u0101d\u012b\u0161ana: M\u016bsdienu hidraulisko cilindru konstrukcij\u0101s parasti tiek \u0146emta v\u0113r\u0101 vienk\u0101r\u0161a uzst\u0101d\u012b\u0161ana un nomai\u0146a, t\u0101d\u0113j\u0101di samazinot d\u012bkst\u0101ves laiku.<\/li>\n<li>Standartiz\u0113tas sast\u0101vda\u013cas: Daudzi hidrauliskie cilindri ir standartiz\u0113ti produkti, kas atvieglo rezerves da\u013cu ieg\u016b\u0161anu tirg\u016b.<\/li>\n<\/ul>\n<p>M\u0113s sp\u0113jam ra\u017eot un pieg\u0101d\u0101t perfektu aizst\u0101j\u0113jproduktu \u0161iem hidrauliskajiem cilindriem.<\/p>\n<h2>Pieteikumi<\/h2>\n<p>SJ31116 hidraulisk\u0101 st\u016bres cilindra nomai\u0146a tiek izmantota da\u017e\u0101d\u0101s ma\u0161\u012bn\u0101s, tostarp:<\/p>\n<h3>Ekskavatori<\/h3>\n<p>Ekskavatora str\u0113l\u0113s vai kausos hidrauliskie cilindri var tikt boj\u0101ti ilgsto\u0161as \u200b\u200blieto\u0161anas vai p\u0101rslodzes d\u0113\u013c, un tie ir j\u0101nomaina, lai atjaunotu norm\u0101lu darb\u012bbu.<\/p>\n<h3>Celt\u0146i<\/h3>\n<p>Celt\u0146a str\u0113les hidrauliskais cilindrs ir pak\u013cauts nodilumam bie\u017eas cel\u0161anas un nolai\u0161anas d\u0113\u013c, un tas regul\u0101ri j\u0101nomaina, lai nodro\u0161in\u0101tu dro\u0161\u012bbu.<\/p>\n<h3>Traktori<\/h3>\n<p>Traktora front\u0101l\u0101 iekr\u0101v\u0113ja hidrauliskais cilindrs var nopl\u016bst vai zaud\u0113t veiktsp\u0113ju nep\u0101rtrauktas cel\u0161anas un noliek\u0161anas darb\u012bbu d\u0113\u013c, un tas ir j\u0101nomaina.<\/p>\n<h3>Kombaini<\/h3>\n<p>Ra\u017eas nov\u0101k\u0161anas laik\u0101 hidrauliskaj\u0101 sist\u0113m\u0101 ir augsts spiediens, un cilindri var tikt boj\u0101ti noguruma d\u0113\u013c, t\u0101p\u0113c tie ir j\u0101nomaina savlaic\u012bgi, lai saglab\u0101tu darba efektivit\u0101ti.<\/p>\n<h3>Automatiz\u0113tas ra\u017eo\u0161anas l\u012bnijas<\/h3>\n<p>Hidrauliskos cilindrus izmanto robotu roku un citu automatiz\u0101cijas iek\u0101rtu vad\u012bbai. Cilindra atteice var ietekm\u0113t ra\u017eo\u0161anas efektivit\u0101ti un prasa t\u016bl\u012bt\u0113ju nomai\u0146u.<\/p>\n<h3>Spiediena lie\u0161anas ma\u0161\u012bnas<\/h3>\n<p>Augsta spiediena un augstas temperat\u016bras apst\u0101k\u013cos hidraulisko cilindru veiktsp\u0113ja var pasliktin\u0101ties. Regul\u0101ra nomai\u0146a var nodro\u0161in\u0101t produkta kvalit\u0101ti.<\/p>\n<h3>Kalnr\u016bpniec\u012bbas iek\u0101rtas<\/h3>\n<p>Hidrauliskos cilindrus kalnr\u016bpniec\u012bbas iek\u0101rt\u0101s izmanto smagu priek\u0161metu pacel\u0161anai un p\u0101rvieto\u0161anai. Skarb\u0101s darba vides d\u0113\u013c ir nepiecie\u0161ama regul\u0101ra p\u0101rbaude un nomai\u0146a, lai izvair\u012btos no iek\u0101rtu boj\u0101jumiem.<\/p>\n<h3>Buldozeri<\/h3>\n<p>Buldozera st\u016bm\u0113ja sviras hidraulisk\u0101 cilindra nodilums var izrais\u012bt stum\u0161anas jaudas samazin\u0101\u0161anos un piepras\u012bt t\u016bl\u012bt\u0113ju nomai\u0146u, lai saglab\u0101tu darba efektivit\u0101ti.<\/p>\n<h2>Apkope<\/h2>\n<p>Regul\u0101ra apkope ir \u013coti svar\u012bga hidraulisko cilindru ilgm\u016b\u017e\u012bbai un optim\u0101lai veiktsp\u0113jai. T\u0101l\u0101k ir nor\u0101d\u012bti tr\u012bs bie\u017ei veicamie apkopes uzdevumi:<\/p>\n<h3>P\u0101rbaude<\/h3>\n<p>Regul\u0101ra hidraulisko cilindru p\u0101rbaude var nov\u0113rst probl\u0113mas un pagarin\u0101t to kalpo\u0161anas laiku. P\u0101rbaud\u0113 j\u0101iek\u013cauj nopl\u016b\u017eu un citu nodiluma paz\u012bmju p\u0101rbaude.<\/p>\n<h3>E\u013c\u013co\u0161ana<\/h3>\n<p>Pareiza e\u013c\u013co\u0161ana ir \u013coti svar\u012bga hidraulisk\u0101 cilindra darb\u012bbai. B\u016btu noder\u012bgi izmantot pareizo sm\u0113rvielu un regul\u0101ri to uzkl\u0101t uz cilindra, lai samazin\u0101tu berzi un nodilumu.<\/p>\n<h3>Bl\u012bv\u0113juma nomai\u0146a un kalibr\u0113\u0161anas p\u0101rbaude<\/h3>\n<p>Bl\u012bv\u0113jumu nomai\u0146a un kalibr\u0113\u0161anas p\u0101rbaude ir \u013coti svar\u012bga, lai uztur\u0113tu cilindra veiktsp\u0113ju. Bl\u012bvsl\u0113gi \u200b\u200bj\u0101nomaina, pirms tie ir nodilu\u0161i, un regul\u0101ri j\u0101p\u0101rbauda kalibr\u0113\u0161ana, lai nodro\u0161in\u0101tu optim\u0101lu veiktsp\u0113ju.<\/p>\n<p>Pareiza uzst\u0101d\u012b\u0161ana, e\u013c\u013co\u0161ana un regul\u0113\u0161ana ir \u013coti svar\u012bga hidraulisk\u0101 cilindra darb\u012bbai. Uzst\u0101d\u012b\u0161anas laik\u0101 ir svar\u012bgi nodro\u0161in\u0101t pareizu izl\u012bdzin\u0101\u0161anas vadl\u012bniju un izmantot atbilsto\u0161us uzst\u0101d\u012b\u0161anas kron\u0161teinus cilindra nostiprin\u0101\u0161anai. Ieteicam\u0101s p\u0101rbaudes, remonta un nomai\u0146as proced\u016bras ir b\u016btiskas, lai palielin\u0101tu hidraulisko cilindru kalpo\u0161anas laiku.<\/p>\n<h2>Dro\u0161\u012bbas un vides apsv\u0113rumi<\/h2>\n<p>Str\u0101d\u0101jot ar hidrauliskajiem cilindriem, ir svar\u012bgi iev\u0113rot dro\u0161\u012bbas pas\u0101kumus. Ir svar\u012bgi iev\u0113rot dro\u0161\u012bbas vadl\u012bnijas un ra\u017eot\u0101ja ieteikumus. Pareiza hidraulisko cilindru apie\u0161an\u0101s, p\u0101rbaude un apkope ir \u013coti svar\u012bga, lai nodro\u0161in\u0101tu dro\u0161\u012bbu un vides aizsardz\u012bbu. <\/p>\n<h2>Bie\u017ei sastopamas probl\u0113mas un to nov\u0113r\u0161ana<\/h2>\n<p>Bie\u017ei sastopamas probl\u0113mas ar hidrauliskajiem cilindriem ir nopl\u016bdes, bl\u012bv\u0113jumu boj\u0101jumi un veiktsp\u0113jas pasliktin\u0101\u0161an\u0101s. \u0160o probl\u0113mu nov\u0113r\u0161ana var ietvert bl\u012bv\u0113jumu un citu komponentu p\u0101rbaudi, kalibr\u0113\u0161anas p\u0101rbaudi un boj\u0101tu deta\u013cu nomai\u0146u. Lai nov\u0113rstu probl\u0113mas, ir svar\u012bgi veikt regul\u0101ru p\u0101rbaudi un apkopi.<\/p>\n<h2>Dizaina apsv\u0113rumi un atlases krit\u0113riji<\/h2>\n<p>Hidraulisk\u0101 cilindra konstrukcijas apsv\u0113rumi ietver nestsp\u0113ju, bl\u012bv\u0113jumu, iztur\u012bbu, dro\u0161\u012bbu un apkopes iesp\u0113jas. Izv\u0113loties pareizo hidraulisko cilindru, j\u0101\u0146em v\u0113r\u0101 ekspluat\u0101cijas apst\u0101k\u013ci, slodzes iztur\u012bba un vide. Pareiza bl\u012bv\u0113\u0161ana un e\u013c\u013co\u0161ana ir b\u016btiska, lai saglab\u0101tu hidraulisko cilindru ilgm\u016b\u017e\u012bbu un optim\u0101lu veiktsp\u0113ju.<\/p>\n<h2>Par m\u016bsu uz\u0146\u0113mumu<\/h2>\n<p>M\u0113s esam vado\u0161ais hidraulisko cilindru ra\u017eot\u0101js un vairumtirdzniec\u012bbas izplat\u012bt\u0101js, kas pied\u0101v\u0101 pilnu rezerves da\u013cu kl\u0101stu. M\u0113s esam paz\u012bstami ar savu pieredzi, starptautiskajiem sertifik\u0101tiem, piel\u0101gotiem pakalpojumiem, ra\u017eo\u0161anas iek\u0101rt\u0101m un p\u0113cp\u0101rdo\u0161anas apkalpo\u0161anu. <\/p>\n<p><img decoding=\"async\" src=\"https:\/\/www.hydraulic-cylinders.net\/wp-content\/uploads\/2024\/12\/hydraulic-cylinder-factory.webp\" alt=\"Hidraulisko cilindru r\u016bpn\u012bca\"><\/p>\n<p>Autors: lil<\/p>","protected":false},"excerpt":{"rendered":"<p>Introduction The Replacement Of SJ31116 Hydraulic Steering Cylinder is a crucial component in hydraulic systems. It functions to convert hydraulic power into mechanical force, allowing for precise control and movement of machinery. The cylinder has a weight of 21.86 lbs, a height of 4 inches, and a length of 26 inches. It is compatible with [&hellip;]<\/p>","protected":false},"featured_media":12410,"comment_status":"open","ping_status":"closed","template":"","meta":{"_et_pb_use_builder":"","_et_pb_old_content":"","_et_gb_content_width":""},"product_brand":[],"product_cat":[1489],"product_tag":[1380,1490,1491],"class_list":{"0":"post-14445","1":"product","2":"type-product","3":"status-publish","4":"has-post-thumbnail","6":"product_cat-replacement-of-john-deere-hydraulic-cylinder","7":"product_tag-hydraulic-cylinder","8":"product_tag-replacement-of-hydraulic-cylinder","9":"product_tag-replacemet-of-john-deere-hydraulic-cylinder","11":"first","12":"instock","13":"shipping-taxable","14":"product-type-simple"},"amp_enabled":true,"_links":{"self":[{"href":"https:\/\/www.hydraulic-cylinders.net\/lv\/wp-json\/wp\/v2\/product\/14445","targetHints":{"allow":["GET"]}}],"collection":[{"href":"https:\/\/www.hydraulic-cylinders.net\/lv\/wp-json\/wp\/v2\/product"}],"about":[{"href":"https:\/\/www.hydraulic-cylinders.net\/lv\/wp-json\/wp\/v2\/types\/product"}],"replies":[{"embeddable":true,"href":"https:\/\/www.hydraulic-cylinders.net\/lv\/wp-json\/wp\/v2\/comments?post=14445"}],"wp:featuredmedia":[{"embeddable":true,"href":"https:\/\/www.hydraulic-cylinders.net\/lv\/wp-json\/wp\/v2\/media\/12410"}],"wp:attachment":[{"href":"https:\/\/www.hydraulic-cylinders.net\/lv\/wp-json\/wp\/v2\/media?parent=14445"}],"wp:term":[{"taxonomy":"product_brand","embeddable":true,"href":"https:\/\/www.hydraulic-cylinders.net\/lv\/wp-json\/wp\/v2\/product_brand?post=14445"},{"taxonomy":"product_cat","embeddable":true,"href":"https:\/\/www.hydraulic-cylinders.net\/lv\/wp-json\/wp\/v2\/product_cat?post=14445"},{"taxonomy":"product_tag","embeddable":true,"href":"https:\/\/www.hydraulic-cylinders.net\/lv\/wp-json\/wp\/v2\/product_tag?post=14445"}],"curies":[{"name":"wp","href":"https:\/\/api.w.org\/{rel}","templated":true}]}}