{"id":14456,"date":"2024-12-12T08:45:51","date_gmt":"2024-12-12T08:45:51","guid":{"rendered":"https:\/\/www.hydraulic-cylinders.net\/product\/replacement-of-lva23453-hydraulic-steering-cylinder\/"},"modified":"2024-12-12T08:45:53","modified_gmt":"2024-12-12T08:45:53","slug":"replacement-of-lva23453-hydraulic-steering-cylinder","status":"publish","type":"product","link":"https:\/\/www.hydraulic-cylinders.net\/lv\/products\/replacement-of-lva23453-hydraulic-steering-cylinder\/","title":{"rendered":"LVA23453 hidraulisk\u0101 st\u016bres cilindra nomai\u0146a"},"content":{"rendered":"<p><!DOCTYPE html><br \/>\n<html><br \/>\n<head><br \/>\n<title>LVA23453 hidraulisk\u0101 st\u016bres cilindra nomai\u0146a<\/title><br \/>\n<\/head><br \/>\n<body><\/p>\n<h1>LVA23453 hidraulisk\u0101 st\u016bres cilindra nomai\u0146a<\/h1>\n<h2>Produkta ievads<\/h2>\n<p>LVA23453 hidraulisk\u0101 st\u016bres cilindra nomai\u0146a ir hidrauliska sast\u0101vda\u013ca, ko izmanto da\u017e\u0101d\u0101s ma\u0161\u012bn\u0101s, piem\u0113ram, mode\u013cos 1023E un 1026R. Tam ir iz\u0161\u0137iro\u0161a noz\u012bme iek\u0101rtu pareizas darb\u012bbas nodro\u0161in\u0101\u0161an\u0101, nodro\u0161inot hidraulisko jaudu st\u016bres vad\u012bbai. \u0160is cilindrs ir paredz\u0113ts boj\u0101tu vai nolietotu cilindru nomai\u0146ai, atjaunojot iek\u0101rtu veiktsp\u0113ju da\u017e\u0101dos pielietojumos.<\/p>\n<h2>Specifik\u0101cijas<\/h2>\n<ul>\n<li>Svars: 5,41 m\u0101rci\u0146as<\/li>\n<li>Augstums: 3 collas<\/li>\n<li>Platums: 4 collas<\/li>\n<li>Garums: 14,2 collas<\/li>\n<\/ul>\n<h2>Funkcijas<\/h2>\n<ul>\n<li>Uzlabota iek\u0101rtu veiktsp\u0113ja: Boj\u0101tu vai nolietotu hidraulisko cilindru nomai\u0146a var atjaunot iek\u0101rtu norm\u0101lu darb\u012bbu, nodro\u0161inot t\u0101s veiktsp\u0113ju da\u017e\u0101dos pielietojumos.<\/li>\n<li>Paaugstin\u0101ta dro\u0161\u012bba: Regul\u0101ra hidraulisko cilindru nomai\u0146a samazina cilindru boj\u0101jumu rad\u012btos dro\u0161\u012bbas apdraud\u0113jumus, nodro\u0161inot operatoru un apr\u012bkojuma dro\u0161\u012bbu.<\/li>\n<li>P\u0101rslodzes aizsardz\u012bba: Jauni cilindru mode\u013ci bie\u017ei ietver lab\u0101kus p\u0101rslodzes aizsardz\u012bbas meh\u0101nismus, t\u0101d\u0113j\u0101di uzlabojot dro\u0161\u012bbu.<\/li>\n<li>\u0100tra uzst\u0101d\u012b\u0161ana: M\u016bsdienu hidrauliskie cilindri ir paredz\u0113ti vienk\u0101r\u0161ai uzst\u0101d\u012b\u0161anai un nomai\u0146ai, t\u0101d\u0113j\u0101di samazinot d\u012bkst\u0101ves laiku.<\/li>\n<li>Standartiz\u0113tas sast\u0101vda\u013cas: Daudzi hidrauliskie cilindri ir standartiz\u0113ti produkti, kas atvieglo rezerves da\u013cu ieg\u016b\u0161anu tirg\u016b.<\/li>\n<\/ul>\n<h2>Pieteikumi<\/h2>\n<ul>\n<li>Ekskavatori: Ekskavatora str\u0113les vai kausa hidrauliskie cilindri var tikt boj\u0101ti ilgsto\u0161as \u200b\u200blieto\u0161anas vai p\u0101rslodzes d\u0113\u013c, un tie ir j\u0101nomaina, lai atjaunotu norm\u0101lu darb\u012bbu.<\/li>\n<li>Celt\u0146i: Hidrauliskie cilindri uz celt\u0146a str\u0113les ir pak\u013cauti nodilumam bie\u017eu cel\u0161anas un nolai\u0161anas procesu laik\u0101, t\u0101p\u0113c dro\u0161\u012bbas nol\u016bkos tie ir regul\u0101ri j\u0101maina.<\/li>\n<li>Traktori: Nep\u0101rtrauktas cel\u0161anas un noliek\u0161anas laik\u0101 traktora front\u0101l\u0101 iekr\u0101v\u0113ja hidrauliskajiem cilindriem var rasties nopl\u016bdes vai samazin\u0101ties to veiktsp\u0113ja, k\u0101 rezult\u0101t\u0101 tie ir j\u0101nomaina.<\/li>\n<li>Ra\u017eas nov\u0101k\u0161anas tehnikas hidrauliskie cilindri iztur augstu spiedienu un var tikt boj\u0101ti noguruma d\u0113\u013c, t\u0101p\u0113c darba efektivit\u0101tes saglab\u0101\u0161anai tie ir j\u0101nomaina savlaic\u012bgi.<\/li>\n<li>Automatiz\u0113tas ra\u017eo\u0161anas l\u012bnijas: Hidrauliskos cilindrus izmanto robotiz\u0113tu roku un cita automatiz\u0113ta apr\u012bkojuma vad\u012bbai. Cilindra atteice var ietekm\u0113t ra\u017eo\u0161anas efektivit\u0101ti, un t\u0101 nekav\u0113joties j\u0101nomaina.<\/li>\n<li>Spiediena lie\u0161anas ma\u0161\u012bnas: Augsta spiediena un augstas temperat\u016bras vid\u0113 hidraulisko cilindru veiktsp\u0113ja var pasliktin\u0101ties. Regul\u0101ra nomai\u0146a nodro\u0161ina produkta kvalit\u0101ti.<\/li>\n<li>Kalnr\u016bpniec\u012bbas iek\u0101rtas: Hidrauliskos cilindrus izmanto smagu kravu cel\u0161anai un p\u0101rvieto\u0161anai kalnr\u016bpniec\u012bbas iek\u0101rt\u0101s. Lai izvair\u012btos no iek\u0101rtu boj\u0101jumiem, ir nepiecie\u0161amas regul\u0101ras p\u0101rbaudes un nomai\u0146a.<\/li>\n<li>Buldozeri: Buldozera l\u0101pstu hidraulisko cilindru nodilums var samazin\u0101t stum\u0161anas jaudu, t\u0101p\u0113c darb\u012bbas efektivit\u0101tes saglab\u0101\u0161anai ir nepiecie\u0161ama savlaic\u012bga nomai\u0146a.<\/li>\n<\/ul>\n<h2>Apkopes uzdevumi<\/h2>\n<p>Regul\u0101rie LVA23453 hidraulisk\u0101 st\u016bres cilindra nomai\u0146as apkopes darbi ietver:<\/p>\n<ol>\n<li>Periodiskas p\u0101rbaudes: Regul\u0101ri p\u0101rbaudiet balonu, vai nav nodiluma, nopl\u016b\u017eu un citu boj\u0101jumu paz\u012bmju.<\/li>\n<li>Pareiza e\u013c\u013co\u0161ana: atbilsto\u0161as \u200b\u200be\u013c\u013co\u0161anas uzkl\u0101\u0161ana, lai nodro\u0161in\u0101tu vienm\u0113r\u012bgu darb\u012bbu un nov\u0113rstu koroziju.<\/li>\n<li>Bl\u012bvju nomai\u0146a un kalibr\u0113\u0161anas p\u0101rbaudes: Nodilu\u0161u bl\u012bv\u0113jumu nomai\u0146a un kalibr\u0113\u0161anas p\u0101rbau\u017eu veik\u0161ana, lai uztur\u0113tu optim\u0101lu veiktsp\u0113ju.<\/li>\n<\/ol>\n<h2>Dro\u0161\u012bbas apsv\u0113rumi un vides faktori<\/h2>\n<p>Izmantojot hidrauliskos cilindrus, ir svar\u012bgi iev\u0113rot dro\u0161\u012bbas pas\u0101kumus, lai nov\u0113rstu negad\u012bjumus un nodro\u0161in\u0101tu operatoru un vides labkl\u0101j\u012bbu. Iz\u0161\u0137iro\u0161a noz\u012bme ir atbilsto\u0161ai apm\u0101c\u012bbai un dro\u0161\u012bbas vadl\u012bniju iev\u0113ro\u0161anai.<\/p>\n<h2>Probl\u0113mu nov\u0113r\u0161ana un bie\u017ei sastopamas probl\u0113mas<\/h2>\n<p>Bie\u017ei sastopam\u0101s probl\u0113mas un probl\u0113mu nov\u0113r\u0161ana, nomainot LVA23453 hidraulisko st\u016bres cilindru, ir \u0161\u0101da:<\/p>\n<ul>\n<li>Nopl\u016bde: P\u0101rbaudiet, vai nav hidraulisk\u0101 \u0161\u0137idruma nopl\u016bdes paz\u012bmju, un p\u0101rbaudiet, vai bl\u012bves nav boj\u0101tas.<\/li>\n<li>L\u0113na cilindra kust\u012bba: p\u0101rbaudiet, vai nav zems hidrauliskais spiediens, nepietiekama e\u013c\u013co\u0161ana vai nodilu\u0161as deta\u013cas.<\/li>\n<li>Nevienm\u0113r\u012bga cilindra kust\u012bba: p\u0101rbaudiet, vai nav nob\u012bdes, boj\u0101tu deta\u013cu vai hidraulisk\u0101 \u0161\u0137idruma pies\u0101r\u0146ojuma.<\/li>\n<li>Troksnis vai vibr\u0101cijas: p\u0101rbaudiet, vai nav va\u013c\u012bgu savienojumu, nepareiza izl\u012bdzin\u0101juma vai nolietotu deta\u013cu.<\/li>\n<li>St\u016br\u0113\u0161anas gr\u016bt\u012bbas: p\u0101rbaudiet hidraulisk\u0101s l\u012bnijas, v\u0101rstus un komponentus, vai tajos nav aizsprostojumu vai darb\u012bbas trauc\u0113jumu.<\/li>\n<\/ul>\n<h2>Prevent\u012bvie pas\u0101kumi<\/h2>\n<p>Lai mazin\u0101tu iesp\u0113jam\u0101s probl\u0113mas, apsveriet \u0161\u0101dus prevent\u012bvus pas\u0101kumus:<\/p>\n<ul>\n<li>Regul\u0101ras p\u0101rbaudes: veiciet regul\u0101ras p\u0101rbaudes, lai identific\u0113tu un risin\u0101tu visas probl\u0113mas, pirms t\u0101s saasin\u0101s.<\/li>\n<li>Pareiza apkope: Iev\u0113rojiet ieteicam\u0101s apkopes proced\u016bras un e\u013c\u013co\u0161anas grafikus.<\/li>\n<li>Pareiza uzst\u0101d\u012b\u0161ana: Uzst\u0101d\u012b\u0161anas laik\u0101 nodro\u0161iniet pareizu cilindra izl\u012bdzin\u0101\u0161anu un izmantojiet atbilsto\u0161us uzst\u0101d\u012b\u0161anas stiprin\u0101jumus, lai nostiprin\u0101tu cilindru.<\/li>\n<li>Ieteicam\u0101s remonta un nomai\u0146as proced\u016bras: Lai saglab\u0101tu cilindra ilgm\u016b\u017e\u012bbu, iev\u0113rojiet ra\u017eot\u0101ja ieteikt\u0101s remonta un nomai\u0146as proced\u016bras.<\/li>\n<\/ul>\n<p><img decoding=\"async\" src=\"https:\/\/www.hydraulic-cylinders.net\/wp-content\/uploads\/2024\/12\/Replacement-Of-John-Deere-Hydraulic-Cylinder-7.webp\" alt=\"Hidraulisk\u0101 cilindra att\u0113ls\"><\/p>\n<h2>Dizaina apsv\u0113rumi un atlases krit\u0113riji<\/h2>\n<p>Izv\u0113loties un izv\u0113loties hidraulisko cilindru, j\u0101\u0146em v\u0113r\u0101 \u0161\u0101di faktori:<\/p>\n<ul>\n<li>Nestsp\u0113ja: P\u0101rliecinieties, vai cilindrs sp\u0113j iztur\u0113t nepiecie\u0161amo slodzi bez boj\u0101jumiem.<\/li>\n<li>Bl\u012bv\u0113jums un iztur\u012bba: Izv\u0113lieties atbilsto\u0161us bl\u012bv\u0113jumus un materi\u0101lus, lai uzlabotu iztur\u012bbu un bl\u012bv\u0113juma veiktsp\u0113ju.<\/li>\n<li>Dro\u0161\u012bba: Izv\u0113lieties balonus ar dro\u0161\u012bbas funkcij\u0101m un meh\u0101nismiem, lai nov\u0113rstu negad\u012bjumus.<\/li>\n<li>Uzturam\u012bba: Apsveriet cilindrus ar vienk\u0101r\u0161\u0101m apkopes un remonta iesp\u0113j\u0101m, lai samazin\u0101tu d\u012bkst\u0101ves laiku.<\/li>\n<\/ul>\n<h2>Bl\u012bv\u0113\u0161ana un e\u013c\u013co\u0161ana<\/h2>\n<p>Lai nodro\u0161in\u0101tu optim\u0101lu veiktsp\u0113ju, LVA23453 hidraulisk\u0101 st\u016bres cilindra nomai\u0146as meh\u0101nism\u0101 tiek izmantoti da\u017e\u0101di bl\u012bv\u0113jumi, piem\u0113ram, virzu\u013ca bl\u012bv\u0113jumi un stie\u0146a bl\u012bv\u0113jumi, kas izgatavoti no nodilumiztur\u012bgiem materi\u0101liem, piem\u0113ram, poliuret\u0101na un nitrila gumijas. Cilindra korpuss un v\u012bt\u0146otie gali tiek pak\u013cauti prec\u012bzai virsmas apstr\u0101dei, lai uzlabotu nodilumiztur\u012bbu. Lai nodro\u0161in\u0101tu vienm\u0113r\u012bgu darb\u012bbu, ir nepiecie\u0161ama regul\u0101ra e\u013c\u013co\u0161ana ar piem\u0113rotu hidraulisko e\u013c\u013cu.<\/p>\n<h2>Regul\u0101ra p\u0101rbaude un profilaktisk\u0101 apkope<\/h2>\n<p>Regul\u0101ras p\u0101rbaudes un profilaktisk\u0101s apkopes proced\u016bras LVA23453 hidraulisk\u0101 st\u016bres cilindra nomai\u0146ai ietver:<\/p>\n<ul>\n<li>Pareiza uzst\u0101d\u012b\u0161ana: Uzst\u0101d\u012b\u0161anas laik\u0101 nodro\u0161iniet pareizu izl\u012bdzin\u0101\u0161anu, iesakiet izmantot atbilsto\u0161us uzst\u0101d\u012b\u0161anas stiprin\u0101jumus cilindra nostiprin\u0101\u0161anai.<\/li>\n<li>Ieteicam\u0101s p\u0101rbaudes, remonta un nomai\u0146as proced\u016bras: Iev\u0113rojiet ra\u017eot\u0101ja ieteikt\u0101s p\u0101rbaudes, remonta un nomai\u0146as proced\u016bras. Pied\u0101v\u0101jiet rezerves da\u013cas un atjauno\u0161anas pakalpojumus, lai pagarin\u0101tu balona kalpo\u0161anas laiku.<\/li>\n<li>Padomi lieto\u0161anas laika pagarin\u0101\u0161anai: Sniedziet padomus un metodes, kas pal\u012bdz lietot\u0101jiem pagarin\u0101t hidraulisk\u0101 cilindra lieto\u0161anas laiku.<\/li>\n<\/ul>\n<h2>Dro\u0161\u012bbas apsv\u0113rumi un vides faktori<\/h2>\n<p>Str\u0101d\u0101jot ar hidrauliskajiem cilindriem, ir svar\u012bgi noteikt dro\u0161\u012bbas pas\u0101kumu priorit\u0101ti un \u0146emt v\u0113r\u0101 vides faktorus. Dro\u0161\u012bbas protokolu iev\u0113ro\u0161ana un atbilsto\u0161a dro\u0161\u012bbas apr\u012bkojuma lieto\u0161ana ir \u013coti svar\u012bga, lai nov\u0113rstu negad\u012bjumus un aizsarg\u0101tu vidi.<\/p>\n<h2>Probl\u0113mu nov\u0113r\u0161ana un bie\u017ei sastopamas probl\u0113mas<\/h2>\n<p>Bie\u017e\u0101k sastopam\u0101s probl\u0113mu nov\u0113r\u0161anas un risin\u0101jumi LVA23453 hidraulisk\u0101 st\u016bres cilindra nomai\u0146ai:<\/p>\n<ul>\n<li>1.\u00a0probl\u0113ma: nopl\u016bde\u00a0\u2014 p\u0101rbaudiet, vai nav hidraulisk\u0101 \u0161\u0137idruma nopl\u016bdes paz\u012bmju, un p\u0101rbaudiet, vai bl\u012bves nav boj\u0101tas. Ja nepiecie\u0161ams, nomainiet nolietot\u0101s bl\u012bves.<\/li>\n<li>2. probl\u0113ma: L\u0113na cilindra kust\u012bba \u2014 p\u0101rbaudiet hidraulisko spiedienu.<br \/>","protected":false},"excerpt":{"rendered":"<p>Replacement Of LVA23453 Hydraulic Steering Cylinder Replacement Of LVA23453 Hydraulic Steering Cylinder Product Introduction The Replacement Of LVA23453 Hydraulic Steering Cylinder is a hydraulic component used in various machinery, such as the 1023E and 1026R models. It plays a crucial role in ensuring the proper functioning of equipment by providing hydraulic power for steering control. [&hellip;]<\/p>","protected":false},"featured_media":12337,"comment_status":"open","ping_status":"closed","template":"","meta":{"_et_pb_use_builder":"","_et_pb_old_content":"","_et_gb_content_width":""},"product_brand":[],"product_cat":[1489],"product_tag":[1380,1490,1491],"class_list":{"0":"post-14456","1":"product","2":"type-product","3":"status-publish","4":"has-post-thumbnail","6":"product_cat-replacement-of-john-deere-hydraulic-cylinder","7":"product_tag-hydraulic-cylinder","8":"product_tag-replacement-of-hydraulic-cylinder","9":"product_tag-replacemet-of-john-deere-hydraulic-cylinder","11":"first","12":"instock","13":"shipping-taxable","14":"product-type-simple"},"amp_enabled":true,"_links":{"self":[{"href":"https:\/\/www.hydraulic-cylinders.net\/lv\/wp-json\/wp\/v2\/product\/14456","targetHints":{"allow":["GET"]}}],"collection":[{"href":"https:\/\/www.hydraulic-cylinders.net\/lv\/wp-json\/wp\/v2\/product"}],"about":[{"href":"https:\/\/www.hydraulic-cylinders.net\/lv\/wp-json\/wp\/v2\/types\/product"}],"replies":[{"embeddable":true,"href":"https:\/\/www.hydraulic-cylinders.net\/lv\/wp-json\/wp\/v2\/comments?post=14456"}],"wp:featuredmedia":[{"embeddable":true,"href":"https:\/\/www.hydraulic-cylinders.net\/lv\/wp-json\/wp\/v2\/media\/12337"}],"wp:attachment":[{"href":"https:\/\/www.hydraulic-cylinders.net\/lv\/wp-json\/wp\/v2\/media?parent=14456"}],"wp:term":[{"taxonomy":"product_brand","embeddable":true,"href":"https:\/\/www.hydraulic-cylinders.net\/lv\/wp-json\/wp\/v2\/product_brand?post=14456"},{"taxonomy":"product_cat","embeddable":true,"href":"https:\/\/www.hydraulic-cylinders.net\/lv\/wp-json\/wp\/v2\/product_cat?post=14456"},{"taxonomy":"product_tag","embeddable":true,"href":"https:\/\/www.hydraulic-cylinders.net\/lv\/wp-json\/wp\/v2\/product_tag?post=14456"}],"curies":[{"name":"wp","href":"https:\/\/api.w.org\/{rel}","templated":true}]}}