{"id":14476,"date":"2024-12-12T08:47:22","date_gmt":"2024-12-12T08:47:22","guid":{"rendered":"https:\/\/www.hydraulic-cylinders.net\/product\/replacement-of-tca17941-cylinder\/"},"modified":"2024-12-12T08:47:24","modified_gmt":"2024-12-12T08:47:24","slug":"replacement-of-tca17941-cylinder","status":"publish","type":"product","link":"https:\/\/www.hydraulic-cylinders.net\/lv\/products\/replacement-of-tca17941-cylinder\/","title":{"rendered":"TCA17941 cilindra nomai\u0146a"},"content":{"rendered":"<h1>TCA17941 cilindra nomai\u0146a<\/h1>\n<p>TCA17941 cilindra nomai\u0146as hidrauliskais cilindrs ir paredz\u0113ts ori\u0123in\u0101l\u0101 TCA17941 cilindra nomai\u0146ai. Tas ir b\u016btisks komponents da\u017e\u0101dos r\u016bpnieciskos pielietojumos, nodro\u0161inot nepiecie\u0161amo jaudu un vad\u012bbu iek\u0101rtu darb\u012bbai.<\/p>\n<h2>Specifik\u0101cijas<\/h2>\n<ul>\n<li>Svars: 7,29 m\u0101rci\u0146as<\/li>\n<li>Augstums: 2,1 collas<\/li>\n<li>Platums: 3,9 collas<\/li>\n<li>Garums: 18,5 collas<\/li>\n<\/ul>\n<h2>Sader\u012bgi mode\u013ci<\/h2>\n<ul>\n<li>2653<\/li>\n<li>2653A<\/li>\n<li>2653B<\/li>\n<\/ul>\n<h2>Produkta funkcijas<\/h2>\n<ul>\n<li>Uzlabota iek\u0101rtu veiktsp\u0113ja: Boj\u0101tu vai nodilu\u0161u hidraulisko cilindru nomai\u0146a var atjaunot iek\u0101rtu norm\u0101lu darb\u012bbu, nodro\u0161inot to veiktsp\u0113ju da\u017e\u0101dos pielietojumos.<\/li>\n<li>Paaugstin\u0101ta dro\u0161\u012bba: Regul\u0101ra hidraulisko cilindru nomai\u0146a var samazin\u0101t cilindru boj\u0101jumu rad\u012btos dro\u0161\u012bbas apdraud\u0113jumus, nodro\u0161inot operatoru un apr\u012bkojuma dro\u0161\u012bbu.<\/li>\n<li>P\u0101rslodzes aizsardz\u012bba: Jaun\u0101s cilindru konstrukcijas bie\u017ei vien ietver lab\u0101kus p\u0101rslodzes aizsardz\u012bbas meh\u0101nismus, kas uzlabo dro\u0161\u012bbu.<\/li>\n<li>\u0100tra uzst\u0101d\u012b\u0161ana: M\u016bsdienu hidrauliskie cilindri ir izstr\u0101d\u0101ti, \u0146emot v\u0113r\u0101 vienk\u0101r\u0161u uzst\u0101d\u012b\u0161anu un nomai\u0146u, t\u0101d\u0113j\u0101di samazinot d\u012bkst\u0101ves laiku.<\/li>\n<li>Standartiz\u0113tas sast\u0101vda\u013cas: Daudzi hidrauliskie cilindri ir standartiz\u0113ti produkti, kas atvieglo rezerves da\u013cu ieg\u016b\u0161anu tirg\u016b.<\/li>\n<\/ul>\n<p>M\u0113s varam ra\u017eot \u0161o produktu, nodro\u0161inot perfektu \u0161o hidraulisko cilindru aizvieto\u0161anu. <\/p>\n<h2>Pieteikumi<\/h2>\n<p>TCA17941 cilindra nomai\u0146a tiek izmantota da\u017e\u0101d\u0101s nozar\u0113s, tostarp:<\/p>\n<ol>\n<li>Ekskavatori: Ekskavatoru str\u0113les vai kausa hidrauliskie cilindri var tikt boj\u0101ti ilgsto\u0161as \u200b\u200blieto\u0161anas vai p\u0101rslodzes d\u0113\u013c, un tie ir j\u0101nomaina, lai atjaunotu norm\u0101lu darb\u012bbu.<\/li>\n<li>Celt\u0146i: Hidrauliskie cilindri uz celt\u0146u pacel\u0161anas str\u0113les ir pak\u013cauti nodilumam bie\u017eu cel\u0161anas un nolai\u0161anas procesu laik\u0101, t\u0101p\u0113c dro\u0161\u012bbas nol\u016bkos tie ir regul\u0101ri j\u0101maina.<\/li>\n<li>Traktori: Nep\u0101rtrauktas cel\u0161anas un noliek\u0161anas laik\u0101 traktoru front\u0101l\u0101 iekr\u0101v\u0113ja hidrauliskajiem cilindriem var rasties nopl\u016bdes vai veiktsp\u0113jas probl\u0113mas, kuru d\u0113\u013c tie ir j\u0101nomaina.<\/li>\n<li>Kombaini: Kombainu hidraulisk\u0101s sist\u0113mas hidrauliskie cilindri ra\u017eas nov\u0101k\u0161anas laik\u0101 iztur augstu spiedienu, un savlaic\u012bga nomai\u0146a nodro\u0161ina darba efektivit\u0101ti.<\/li>\n<li>Automatiz\u0113tas ra\u017eo\u0161anas l\u012bnijas: Hidrauliskos cilindrus izmanto robotiz\u0113tu roku un cita automatiz\u0113ta apr\u012bkojuma vad\u012bbai. Lai izvair\u012btos no ra\u017eo\u0161anas efektivit\u0101tes trauc\u0113jumiem, tie ir nekav\u0113joties j\u0101nomaina.<\/li>\n<\/ol>\n<h2>Apkopes uzdevumi<\/h2>\n<p>Regul\u0101rie TCA17941 cilindra nomai\u0146as apkopes darbi ietver:<\/p>\n<ol>\n<li>Periodiska p\u0101rbaude<\/li>\n<li>Pareiza e\u013c\u013co\u0161ana<\/li>\n<li>Bl\u012bv\u0113juma nomai\u0146a<\/li>\n<li>Kalibr\u0113\u0161anas p\u0101rbaudes<\/li>\n<\/ol>\n<p>Pareiza uzst\u0101d\u012b\u0161ana, e\u013c\u013co\u0161ana un regul\u0113\u0161ana ir \u013coti svar\u012bgas. Ir svar\u012bgi sniegt nor\u0101d\u012bjumus par pareizu cilindra izl\u012bdzin\u0101\u0161anu uzst\u0101d\u012b\u0161anas laik\u0101 un ieteikt atbilsto\u0161u stiprin\u0101juma kron\u0161teinu izmanto\u0161anu cilindra nostiprin\u0101\u0161anai. M\u0113s pied\u0101v\u0101jam ar\u012b p\u0101rbaudes, remonta un nomai\u0146as proced\u016bras, k\u0101 ar\u012b deta\u013cu nomai\u0146as un atjauno\u0161anas pakalpojumus, lai pagarin\u0101tu hidraulisk\u0101 cilindra kalpo\u0161anas laiku.<\/p>\n<h2>Dro\u0161\u012bbas apsv\u0113rumi un vides faktori<\/h2>\n<p>Izmantojot TCA17941 cilindra nomai\u0146u, ir svar\u012bgi iev\u0113rot dro\u0161\u012bbas pas\u0101kumus, lai nodro\u0161in\u0101tu dro\u0161u darba vidi. R\u012bkojoties ar hidrauliskajiem cilindriem, j\u0101iev\u0113ro atbilsto\u0161i dro\u0161\u012bbas pas\u0101kumi, lai nov\u0113rstu negad\u012bjumus vai traumas. Turkl\u0101t, lietojot hidrauliskos cilindrus, ir svar\u012bgi \u0146emt v\u0113r\u0101 vides faktorus, lai samazin\u0101tu jebk\u0101du iesp\u0113jamo negat\u012bvo ietekmi uz apk\u0101rt\u0113jo vidi.<\/p>\n<h2>Probl\u0113mu nov\u0113r\u0161ana un bie\u017ei sastopamas probl\u0113mas<\/h2>\n<p>Bie\u017ei sastopamas probl\u0113mas un probl\u0113mu nov\u0113r\u0161anas padomi, kas saist\u012bti ar TCA17941 cilindra nomai\u0146u, ir \u0161\u0101di:<\/p>\n<ol>\n<li>Probl\u0113ma: Cilindra nopl\u016bde<\/li>\n<p>Risin\u0101jums: P\u0101rbaudiet un nomainiet boj\u0101t\u0101s bl\u012bves, nodro\u0161inot pareizu bl\u012bv\u0113jumu.<\/p>\n<li>Probl\u0113ma: Cilindrs neizvirz\u0101s vai neievelkas<\/li>\n<p>Risin\u0101jums: P\u0101rbaudiet hidraulisk\u0101 \u0161\u0137idruma l\u012bmeni un kvalit\u0101ti, p\u0101rbaudiet, vai nav aizsprostojumu, un p\u0101rliecinieties par pareizu izl\u012bdzin\u0101\u0161anu.<\/p>\n<li>Probl\u0113ma: Cilindra troksnis vai vibr\u0101cija<\/li>\n<p>Risin\u0101jums: P\u0101rbaudiet, vai nav va\u013c\u012bgu savienojumu, boj\u0101tu deta\u013cu vai nepietiekamas e\u013c\u013co\u0161anas.<\/p>\n<\/ol>\n<p>Probl\u0113mu nov\u0113r\u0161anas padomu un risin\u0101jumu snieg\u0161ana pal\u012bdz las\u012bt\u0101jiem efekt\u012bvi diagnostic\u0113t un nov\u0113rst probl\u0113mas. Svar\u012bgi ir ar\u012b pied\u0101v\u0101t prevent\u012bvus pas\u0101kumus, lai samazin\u0101tu potenci\u0101l\u0101s probl\u0113mas.<\/p>\n<p><img decoding=\"async\" src=\"https:\/\/www.hydraulic-cylinders.net\/wp-content\/uploads\/2024\/12\/Replacement-Of-John-Deere-Hydraulic-Cylinder-7.webp\" alt=\"Hidraulisk\u0101 cilindra att\u0113ls\"><\/p>\n<h2>Dizaina apsv\u0113rumi un atlases krit\u0113riji<\/h2>\n<p>Izv\u0113loties TCA17941 cilindra nomai\u0146u, j\u0101\u0146em v\u0113r\u0101 da\u017e\u0101di konstrukcijas apsv\u0113rumi:<\/p>\n<ol>\n<li>Nestsp\u0113ja: Cilindra sp\u0113ja iztur\u0113t nepiecie\u0161amo slodzi ir \u013coti svar\u012bga optim\u0101lai veiktsp\u0113jai.<\/li>\n<li>Bl\u012bv\u0113jums: Da\u017e\u0101du bl\u012bv\u0113\u0161anas komponentu, piem\u0113ram, virzu\u013ca bl\u012bv\u0113jumu un stie\u0146u bl\u012bv\u0113jumu, izmanto\u0161ana, kas izgatavoti no nodilumiztur\u012bgiem materi\u0101liem, piem\u0113ram, poliuret\u0101na un nitrila gumijas.<\/li>\n<li>Iztur\u012bba: Cilindra korpuss un v\u012bt\u0146otie gali tiek r\u016bp\u012bgi apstr\u0101d\u0101ti, lai uzlabotu nodilumiztur\u012bbu.<\/li>\n<li>Dro\u0161\u012bba: Dro\u0161\u012bbas funkciju un meh\u0101nismu iek\u013cau\u0161ana, lai nov\u0113rstu negad\u012bjumus un nodro\u0161in\u0101tu operatora aizsardz\u012bbu.<\/li>\n<li>Uzturam\u012bba: Projekt\u0113\u0161anas elementi, kas atvieglo apkopi, p\u0101rbaudi un remontu.<\/li>\n<\/ol>\n<p>Bl\u012bv\u0113jums un e\u013c\u013co\u0161ana ir b\u016btiska optim\u0101lai darb\u012bbai. Izmantojot atbilsto\u0161us bl\u012bv\u0113jumus un regul\u0101ru e\u013c\u013co\u0161anu, piem\u0113ram, pievienojot ieteicamo hidraulisko e\u013c\u013cu, tiek nodro\u0161in\u0101ta vienm\u0113r\u012bga darb\u012bba un pagarin\u0101ts cilindra kalpo\u0161anas laiks.<\/p>\n<h2>Regul\u0101ra p\u0101rbaude un profilaktisk\u0101 apkope<\/h2>\n<p>Regul\u0101ras p\u0101rbaudes un profilaktisk\u0101 apkope TCA17941 cilindra nomai\u0146ai ietver:<\/p>\n<ol>\n<li>Periodiska p\u0101rbaude<\/li>\n<p>P\u0101rbaudiet cilindru, vai nav nodiluma, boj\u0101jumu vai nopl\u016bdes paz\u012bmju. P\u0101rbaudiet mont\u0101\u017eas kron\u0161teinu pareizu izl\u012bdzin\u0101\u0161anu un stingr\u012bbu.<\/p>\n<li>Pareiza e\u013c\u013co\u0161ana<\/li>\n<p>Iev\u0113rojiet ra\u017eot\u0101ja ieteikumus par e\u013c\u013co\u0161anas interv\u0101liem un izmantojiet atbilsto\u0161u sm\u0113rvielu, lai nodro\u0161in\u0101tu vienm\u0113r\u012bgu darb\u012bbu.<\/p>\n<li>Bl\u012bv\u0113juma nomai\u0146a<\/li>\n<p>Regul\u0101ri p\u0101rbaudiet un nomainiet nolietotas vai boj\u0101tas bl\u012bves, lai uztur\u0113tu optim\u0101lu bl\u012bv\u0113\u0161anas veiktsp\u0113ju.<\/p>\n<li>Kalibr\u0113\u0161anas p\u0101rbaudes<\/li>\n<p>Periodiski kalibr\u0113jiet cilindru, lai nodro\u0161in\u0101tu prec\u012bzu darb\u012bbu un izvair\u012btos no jebk\u0101d\u0101m novirz\u0113m.<\/p>\n<\/ol>\n<p>Pareizas uzst\u0101d\u012b\u0161anas rokasgr\u0101matas snieg\u0161ana ir b\u016btiska, lai nodro\u0161in\u0101tu produkta pareizu darb\u012bbu un ilgm\u016b\u017e\u012bbu.<\/p>\n<p><img decoding=\"async\" src=\"https:\/\/www.hydraulic-cylinders.net\/wp-content\/uploads\/2024\/12\/Replacement-Of-John-Deere-Hydraulic-Cylinder-8.webp\" alt=\"Hidraulisk\u0101 cilindra att\u0113ls\"><\/p>\n<h2>Par m\u016bsu uz\u0146\u0113mumu<\/h2>\n<p>M\u0113s esam vado\u0161ais rezerves hidraulisko cilindru ra\u017eot\u0101js un vairumtirdzniec\u012bbas izplat\u012bt\u0101js, kas pied\u0101v\u0101 pla\u0161u produktu kl\u0101stu. M\u016bsu uz\u0146\u0113mums ir paz\u012bstams ar savu profesionalit\u0101ti, starptautiskajiem sertifik\u0101tiem, piel\u0101gotiem pakalpojumiem, modernu ra\u017eo\u0161anas apr\u012bkojumu un lielisku p\u0113cp\u0101rdo\u0161anas atbalstu.<\/p>\n<p><img decoding=\"async\" src=\"https:\/\/www.hydraulic-cylinders.net\/wp-content\/uploads\/2024\/12\/hydraulic-cylinder-factory.webp\" alt=\"Uz\u0146\u0113muma t\u0113ls\"><\/p>\n<p>Autors: lil<\/p>","protected":false},"excerpt":{"rendered":"<p>Replacement Of TCA17941 Cylinder The Replacement Of TCA17941 Cylinder is a hydraulic cylinder designed to replace the original TCA17941 cylinder. It is an essential component in various industrial applications, providing the necessary power and control for equipment operation. Specifications Weight: 7.29 lb Height: 2.1 in Width: 3.9 in Length: 18.5 in Compatible Models 2653 2653A [&hellip;]<\/p>","protected":false},"featured_media":12445,"comment_status":"open","ping_status":"closed","template":"","meta":{"_et_pb_use_builder":"","_et_pb_old_content":"","_et_gb_content_width":""},"product_brand":[],"product_cat":[1489],"product_tag":[1380,1490,1491],"class_list":{"0":"post-14476","1":"product","2":"type-product","3":"status-publish","4":"has-post-thumbnail","6":"product_cat-replacement-of-john-deere-hydraulic-cylinder","7":"product_tag-hydraulic-cylinder","8":"product_tag-replacement-of-hydraulic-cylinder","9":"product_tag-replacemet-of-john-deere-hydraulic-cylinder","11":"first","12":"instock","13":"shipping-taxable","14":"product-type-simple"},"amp_enabled":true,"_links":{"self":[{"href":"https:\/\/www.hydraulic-cylinders.net\/lv\/wp-json\/wp\/v2\/product\/14476","targetHints":{"allow":["GET"]}}],"collection":[{"href":"https:\/\/www.hydraulic-cylinders.net\/lv\/wp-json\/wp\/v2\/product"}],"about":[{"href":"https:\/\/www.hydraulic-cylinders.net\/lv\/wp-json\/wp\/v2\/types\/product"}],"replies":[{"embeddable":true,"href":"https:\/\/www.hydraulic-cylinders.net\/lv\/wp-json\/wp\/v2\/comments?post=14476"}],"wp:featuredmedia":[{"embeddable":true,"href":"https:\/\/www.hydraulic-cylinders.net\/lv\/wp-json\/wp\/v2\/media\/12445"}],"wp:attachment":[{"href":"https:\/\/www.hydraulic-cylinders.net\/lv\/wp-json\/wp\/v2\/media?parent=14476"}],"wp:term":[{"taxonomy":"product_brand","embeddable":true,"href":"https:\/\/www.hydraulic-cylinders.net\/lv\/wp-json\/wp\/v2\/product_brand?post=14476"},{"taxonomy":"product_cat","embeddable":true,"href":"https:\/\/www.hydraulic-cylinders.net\/lv\/wp-json\/wp\/v2\/product_cat?post=14476"},{"taxonomy":"product_tag","embeddable":true,"href":"https:\/\/www.hydraulic-cylinders.net\/lv\/wp-json\/wp\/v2\/product_tag?post=14476"}],"curies":[{"name":"wp","href":"https:\/\/api.w.org\/{rel}","templated":true}]}}