{"id":14484,"date":"2024-12-12T08:47:59","date_gmt":"2024-12-12T08:47:59","guid":{"rendered":"https:\/\/www.hydraulic-cylinders.net\/product\/replacement-of-f707985-cylinder\/"},"modified":"2024-12-12T08:48:01","modified_gmt":"2024-12-12T08:48:01","slug":"replacement-of-f707985-cylinder","status":"publish","type":"product","link":"https:\/\/www.hydraulic-cylinders.net\/lv\/products\/replacement-of-f707985-cylinder\/","title":{"rendered":"F707985 cilindra nomai\u0146a"},"content":{"rendered":"<p>F707985 cilindra nomai\u0146a<\/p>\n<p><strong>Ievads<\/strong><\/p>\n<p>F707985 cilindra nomai\u0146as hidrauliskais cilindrs ir paredz\u0113ts ori\u0123in\u0101l\u0101 F707985 cilindra nomai\u0146ai. Tas kalpo tam pa\u0161am m\u0113r\u0137im k\u0101 ori\u0123in\u0101lais cilindrs, nodro\u0161inot nepiecie\u0161amo hidraulisko jaudu da\u017e\u0101diem pielietojumiem.<\/p>\n<p><strong>Specifik\u0101cijas<\/strong><\/p>\n<ul>\n<li>Svars: 36,453 m\u0101rci\u0146as<\/li>\n<li>Augstums: 6,5 collas<\/li>\n<li>Garums: 26 collas<\/li>\n<\/ul>\n<p><strong>Modelis<\/strong><\/p>\n<p>F707985 cilindra nomai\u0146as deta\u013ca ir sader\u012bga ar \u0161\u0101diem mode\u013ciem: 1910E, 1910G.<\/p>\n<p><strong>Funkcijas<\/strong><\/p>\n<ul>\n<li>Uzlabota iek\u0101rtu veiktsp\u0113ja: Boj\u0101ta vai nolietota hidraulisk\u0101 cilindra nomai\u0146a var atjaunot iek\u0101rtu norm\u0101las darb\u012bbas sp\u0113jas, nodro\u0161inot optim\u0101lu veiktsp\u0113ju da\u017e\u0101dos pielietojumos.<\/li>\n<li>Paaugstin\u0101ta dro\u0161\u012bba: Regul\u0101ra hidraulisko cilindru nomai\u0146a var samazin\u0101t cilindru boj\u0101jumu rad\u012btos dro\u0161\u012bbas apdraud\u0113jumus, nodro\u0161inot operatoru un apr\u012bkojuma dro\u0161\u012bbu.<\/li>\n<li>P\u0101rslodzes aizsardz\u012bba: Jaun\u0101s cilindru konstrukcijas bie\u017ei vien ietver lab\u0101kus p\u0101rslodzes aizsardz\u012bbas meh\u0101nismus, kas uzlabo dro\u0161\u012bbu.<\/li>\n<li>\u0100tra uzst\u0101d\u012b\u0161ana: M\u016bsdienu hidrauliskie cilindri ir paredz\u0113ti vienk\u0101r\u0161ai uzst\u0101d\u012b\u0161anai un nomai\u0146ai, t\u0101d\u0113j\u0101di samazinot d\u012bkst\u0101ves laiku.<\/li>\n<li>Standartiz\u0113tas sast\u0101vda\u013cas: Daudzi hidrauliskie cilindri ir standartiz\u0113ti produkti, kas nodro\u0161ina \u0113rtu piek\u013cuvi rezerves da\u013c\u0101m tirg\u016b.<\/li>\n<\/ul>\n<p><strong>Lietojumprogrammu scen\u0101riji<\/strong><\/p>\n<p>F707985 cilindra nomai\u0146u var veikt da\u017e\u0101dos gad\u012bjumos:<\/p>\n<ol>\n<li>Ekskavatori: Hidrauliskie cilindri ekskavatora svir\u0101s vai kausos var tikt boj\u0101ti ilgsto\u0161as \u200b\u200blieto\u0161anas vai p\u0101rslodzes d\u0113\u013c, un tie ir j\u0101nomaina, lai atjaunotu norm\u0101lu darb\u012bbu.<\/li>\n<li>Celt\u0146i: Hidrauliskie cilindri celt\u0146a str\u0113les svir\u0101s ir pak\u013cauti nodilumam bie\u017eu cel\u0161anas un nolai\u0161anas procesu laik\u0101, t\u0101p\u0113c tie regul\u0101ri j\u0101maina, lai nodro\u0161in\u0101tu dro\u0161\u012bbu.<\/li>\n<li>Traktori: Traktoru front\u0101l\u0101 iekr\u0101v\u0113ja hidrauliskajiem cilindriem nep\u0101rtrauktas cel\u0161anas un noliek\u0161anas laik\u0101 var rasties nopl\u016bdes vai veiktsp\u0113jas pasliktin\u0101\u0161an\u0101s, kas prasa nomai\u0146u.<\/li>\n<li>Kombaini: Ra\u017eas nov\u0101k\u0161anas iek\u0101rtu hidrauliskie cilindri ra\u017eas nov\u0101k\u0161anas procesa laik\u0101 iztur augstu spiedienu un var tikt boj\u0101ti noguruma d\u0113\u013c, t\u0101p\u0113c tie ir j\u0101nomaina savlaic\u012bgi, lai saglab\u0101tu darba efektivit\u0101ti.<\/li>\n<li>Automatiz\u0113tas ra\u017eo\u0161anas l\u012bnijas: Hidrauliskos cilindrus izmanto robotiz\u0113tu roku un cita automatiz\u0113ta apr\u012bkojuma vad\u012bbai. Cilindru atteices var b\u016btiski ietekm\u0113t ra\u017eo\u0161anas efektivit\u0101ti, un to nomai\u0146a ir nepiecie\u0161ama nekav\u0113joties.<\/li>\n<\/ol>\n<p><strong>Apkopes uzdevumi<\/strong><\/p>\n<p>Regul\u0101rie F707985 cilindra nomai\u0146as apkopes darbi ietver:<\/p>\n<ol>\n<li>Regul\u0101ras p\u0101rbaudes<\/li>\n<li>Pareiza e\u013c\u013co\u0161ana<\/li>\n<li>Bl\u012bv\u0113juma nomai\u0146a<\/li>\n<li>Kalibr\u0113\u0161anas p\u0101rbaudes<\/li>\n<\/ol>\n<p><strong>Dro\u0161\u012bbas apsv\u0113rumi un vides faktori<\/strong><\/p>\n<p>Izmantojot F707985 cilindra nomai\u0146u, ir svar\u012bgi noteikt dro\u0161\u012bbas pas\u0101kumu priorit\u0101ti, lai nodro\u0161in\u0101tu dro\u0161u darba vidi. Tas ietver pareizu uzst\u0101d\u012b\u0161anas, e\u013c\u013co\u0161anas un regul\u0113\u0161anas proced\u016bru iev\u0113ro\u0161anu. Tiek sniegti atbilsto\u0161i nor\u0101d\u012bjumi cilindra izl\u012bdzin\u0101\u0161anai uzst\u0101d\u012b\u0161anas laik\u0101, un ieteicams izmantot piem\u0113rotus mont\u0101\u017eas kron\u0161teinus cilindra nostiprin\u0101\u0161anai. Lai pagarin\u0101tu cilindra kalpo\u0161anas laiku, ieteicams veikt ar\u012b p\u0101rbaudes, remonta un nomai\u0146as proced\u016bras.<\/p>\n<p><strong>Probl\u0113mu nov\u0113r\u0161ana un bie\u017ei sastopamas probl\u0113mas<\/strong><\/p>\n<p>Bie\u017ei sastopamas probl\u0113mas un probl\u0113mu nov\u0113r\u0161ana, nomainot F707985 cilindru:<\/p>\n<ul>\n<li>1.\u00a0probl\u0113ma: cilindra nopl\u016bde<\/li>\n<li>2.\u00a0probl\u0113ma: cilindrs nepareizi izb\u012bd\u0101s vai ievelkas<\/li>\n<li>3.\u00a0probl\u0113ma: cilindra troksnis vai vibr\u0101cija<\/li>\n<\/ul>\n<p><strong>Prevent\u012bvie pas\u0101kumi<\/strong><\/p>\n<p>Lai mazin\u0101tu iesp\u0113jam\u0101s probl\u0113mas ar cilindru, ieteicams veikt \u0161\u0101dus prevent\u012bvus pas\u0101kumus:<\/p>\n<ul>\n<li>Regul\u0101ras p\u0101rbaudes un apkope<\/li>\n<li>Pareiza e\u013c\u013co\u0161ana<\/li>\n<li>Bl\u012bv\u0113juma nomai\u0146a, ja nepiecie\u0161ams<\/li>\n<li>Pareiza izl\u012bdzin\u0101\u0161ana uzst\u0101d\u012b\u0161anas laik\u0101<\/li>\n<\/ul>\n<p><img decoding=\"async\" src=\"https:\/\/www.hydraulic-cylinders.net\/wp-content\/uploads\/2024\/12\/Replacement-Of-John-Deere-Hydraulic-Cylinder-7.webp\" alt=\"Att\u0113ls\"><\/p>\n<p><strong>Dizaina apsv\u0113rumi un atlases krit\u0113riji<\/strong><\/p>\n<p>Izv\u0113loties F707985 cilindra nomai\u0146u, ir svar\u012bgi \u0146emt v\u0113r\u0101 \u0161\u0101dus konstrukcijas apsv\u0113rumus:<\/p>\n<ul>\n<li>Nestsp\u0113ja<\/li>\n<li>Bl\u012bv\u0113\u0161anas efektivit\u0101te<\/li>\n<li>Iztur\u012bba<\/li>\n<li>Dro\u0161\u012bbas funkcijas<\/li>\n<li>Uzturam\u012bba<\/li>\n<\/ul>\n<p><strong>Bl\u012bv\u0113\u0161ana un e\u013c\u013co\u0161ana<\/strong><\/p>\n<p>F707985 cilindra nomai\u0146ai tiek izmantoti da\u017e\u0101di bl\u012bv\u0113\u0161anas komponenti, piem\u0113ram, virzu\u013ca bl\u012bvsl\u0113gi \u200b\u200bun stie\u0146a bl\u012bvsl\u0113gi, kas izgatavoti no nodilumiztur\u012bgiem materi\u0101liem, piem\u0113ram, poliuret\u0101na un nitrila gumijas. Cilindra korpuss un v\u012bt\u0146ot\u0101s gala virsmas tiek r\u016bp\u012bgi apstr\u0101d\u0101tas, lai uzlabotu nodilumiztur\u012bbu. Lai nodro\u0161in\u0101tu pareizu darb\u012bbu, ir nepiecie\u0161ama regul\u0101ra e\u013c\u013co\u0161ana ar piem\u0113rotu hidraulisko e\u013c\u013cu.<\/p>\n<p><strong>Regul\u0101ras p\u0101rbaudes un profilaktisk\u0101 apkope<\/strong><\/p>\n<p>Regul\u0101ras p\u0101rbaudes un profilaktisk\u0101 apkope F707985 cilindra nomai\u0146ai ir \u013coti svar\u012bgas. Uzsvars tiek likts uz pareizu uzst\u0101d\u012b\u0161anu, e\u013c\u013co\u0161anu un regul\u0113\u0161anu. Uzst\u0101d\u012b\u0161anas laik\u0101 tiek sniegti pareizi izl\u012bdzin\u0101\u0161anas nor\u0101d\u012bjumi, k\u0101 ar\u012b ieteikumi par atbilsto\u0161u mont\u0101\u017eas kron\u0161teinu izmanto\u0161anu cilindra nostiprin\u0101\u0161anai. Ir pieejami p\u0101rbaudes, remonta un nomai\u0146as pakalpojumi, lai pagarin\u0101tu cilindra kalpo\u0161anas laiku.<\/p>\n<p><strong>Instal\u0101cijas rokasgr\u0101mata<\/strong><\/p>\n<p>Lai pareizi uzst\u0101d\u012btu F707985 rezerves cilindru, iev\u0113rojiet t\u0101l\u0101k sniegtos nor\u0101d\u012bjumus.<\/p>\n<ol>\n<li>P\u0101rliecinieties, ka mont\u0101\u017eas virsma ir t\u012bra un bez gru\u017eiem.<\/li>\n<li>Pareizi novietojiet cilindru atbilsto\u0161i apr\u012bkojumam.<\/li>\n<li>Dro\u0161ai uzst\u0101d\u012b\u0161anai izmantojiet nepiecie\u0161amos stiprin\u0101juma kron\u0161teinus.<\/li>\n<li>Iev\u0113rojiet ieteicam\u0101s p\u0101rbaudes, remonta un nomai\u0146as proced\u016bras.<\/li>\n<li>Izmantojiet metodes, lai pagarin\u0101tu cilindra kalpo\u0161anas laiku.<\/li>\n<\/ol>\n<p><img decoding=\"async\" src=\"https:\/\/www.hydraulic-cylinders.net\/wp-content\/uploads\/2024\/12\/Replacement-Of-John-Deere-Hydraulic-Cylinder-8.webp\" alt=\"Att\u0113ls\"><\/p>\n<p><strong>Par m\u016bsu uz\u0146\u0113mumu<\/strong><\/p>\n<p>M\u0113s esam vado\u0161ais rezerves hidraulisko cilindru ra\u017eot\u0101js un vairumtirdzniec\u012bbas izplat\u012bt\u0101js, kas pied\u0101v\u0101 pla\u0161u produktu kl\u0101stu tirg\u016b. M\u016bsu uz\u0146\u0113mums ir paz\u012bstams ar savu profesionalit\u0101ti, starptautiskajiem sertifik\u0101tiem, piel\u0101gotiem pakalpojumiem, modernu ra\u017eo\u0161anas apr\u012bkojumu un izcilu p\u0113cp\u0101rdo\u0161anas apkalpo\u0161anu.<\/p>\n<p><img decoding=\"async\" src=\"https:\/\/www.hydraulic-cylinders.net\/wp-content\/uploads\/2024\/12\/hydraulic-cylinder-factory.webp\" alt=\"Att\u0113ls\"><\/p>\n<p><em>Autors: lil<\/em><\/p>","protected":false},"excerpt":{"rendered":"<p>Replacement Of F707985 Cylinder Introduction The Replacement Of F707985 Cylinder is a hydraulic cylinder designed to replace the original F707985 cylinder. It serves the same purpose as the original cylinder, providing the necessary hydraulic power for various applications. Specifications Weight: 36.453 lb Height: 6.5 in Length: 26 in Model The Replacement Of F707985 Cylinder is [&hellip;]<\/p>","protected":false},"featured_media":12274,"comment_status":"open","ping_status":"closed","template":"","meta":{"_et_pb_use_builder":"","_et_pb_old_content":"","_et_gb_content_width":""},"product_brand":[],"product_cat":[1489],"product_tag":[1380,1490,1491],"class_list":{"0":"post-14484","1":"product","2":"type-product","3":"status-publish","4":"has-post-thumbnail","6":"product_cat-replacement-of-john-deere-hydraulic-cylinder","7":"product_tag-hydraulic-cylinder","8":"product_tag-replacement-of-hydraulic-cylinder","9":"product_tag-replacemet-of-john-deere-hydraulic-cylinder","11":"first","12":"instock","13":"shipping-taxable","14":"product-type-simple"},"amp_enabled":true,"_links":{"self":[{"href":"https:\/\/www.hydraulic-cylinders.net\/lv\/wp-json\/wp\/v2\/product\/14484","targetHints":{"allow":["GET"]}}],"collection":[{"href":"https:\/\/www.hydraulic-cylinders.net\/lv\/wp-json\/wp\/v2\/product"}],"about":[{"href":"https:\/\/www.hydraulic-cylinders.net\/lv\/wp-json\/wp\/v2\/types\/product"}],"replies":[{"embeddable":true,"href":"https:\/\/www.hydraulic-cylinders.net\/lv\/wp-json\/wp\/v2\/comments?post=14484"}],"wp:featuredmedia":[{"embeddable":true,"href":"https:\/\/www.hydraulic-cylinders.net\/lv\/wp-json\/wp\/v2\/media\/12274"}],"wp:attachment":[{"href":"https:\/\/www.hydraulic-cylinders.net\/lv\/wp-json\/wp\/v2\/media?parent=14484"}],"wp:term":[{"taxonomy":"product_brand","embeddable":true,"href":"https:\/\/www.hydraulic-cylinders.net\/lv\/wp-json\/wp\/v2\/product_brand?post=14484"},{"taxonomy":"product_cat","embeddable":true,"href":"https:\/\/www.hydraulic-cylinders.net\/lv\/wp-json\/wp\/v2\/product_cat?post=14484"},{"taxonomy":"product_tag","embeddable":true,"href":"https:\/\/www.hydraulic-cylinders.net\/lv\/wp-json\/wp\/v2\/product_tag?post=14484"}],"curies":[{"name":"wp","href":"https:\/\/api.w.org\/{rel}","templated":true}]}}