{"id":14494,"date":"2024-12-12T08:48:43","date_gmt":"2024-12-12T08:48:43","guid":{"rendered":"https:\/\/www.hydraulic-cylinders.net\/product\/replacement-of-jl129457076-fold-cylinder\/"},"modified":"2024-12-12T08:48:45","modified_gmt":"2024-12-12T08:48:45","slug":"replacement-of-jl129457076-fold-cylinder","status":"publish","type":"product","link":"https:\/\/www.hydraulic-cylinders.net\/lv\/products\/replacement-of-jl129457076-fold-cylinder\/","title":{"rendered":"JL129457076 saliekam\u0101 cilindra nomai\u0146a"},"content":{"rendered":"<h1>JL129457076 saliekam\u0101 cilindra nomai\u0146a<\/h1>\n<p>JL129457076 saliekam\u0101 cilindra nomai\u0146a ir hidrauliskais cilindrs, kas paredz\u0113ts ori\u0123in\u0101l\u0101 cilindra nomai\u0146ai da\u017e\u0101dos mode\u013cos, piem\u0113ram, DB90 un DB120. Tas ir svar\u012bgi, lai uztur\u0113tu pareizu hidraulisko sist\u0113mu darb\u012bbu smagaj\u0101 apr\u012bkojum\u0101. <\/p>\n<h2>Specifik\u0101cijas<\/h2>\n<ul>\n<li>Svars: 172 m\u0101rci\u0146as<\/li>\n<li>Augstums: 7,5 collas<\/li>\n<li>Platums: 8,75 collas<\/li>\n<li>Garums: 74 collas<\/li>\n<\/ul>\n<h2>Lietojumprogrammu scen\u0101riji<\/h2>\n<p>JL129457076 saliekam\u0101 cilindra nomai\u0146a parasti tiek izmantota da\u017e\u0101d\u0101s smago iek\u0101rtu lietojumprogramm\u0101s:<\/p>\n<h3>Ekskavators<\/h3>\n<p>Ekskavatoros hidrauliskais cilindrs str\u0113l\u0113 vai kaus\u0101 var tikt boj\u0101ts ilgsto\u0161as \u200b\u200blieto\u0161anas vai p\u0101rslodzes d\u0113\u013c. T\u0101 nomai\u0146a ar JL129457076 saliekamo cilindru atjauno norm\u0101lu darb\u012bbu.<\/p>\n<h3>Celtnis<\/h3>\n<p>Hidrauliskais cilindrs celt\u0146a str\u0113l\u0113 ir pak\u013cauts nodilumam bie\u017eas cel\u0161anas un nolai\u0161anas laik\u0101. Regul\u0101ra nomai\u0146a nodro\u0161ina dro\u0161\u012bbu ekspluat\u0101cijas laik\u0101.<\/p>\n<h3>Traktors<\/h3>\n<p>Traktoru front\u0101l\u0101 iekr\u0101v\u0113ja hidrauliskaj\u0101 cilindr\u0101 nep\u0101rtrauktas cel\u0161anas un noliek\u0161anas laik\u0101 var rasties nopl\u016bdes vai samazin\u0101ties t\u0101 veiktsp\u0113ja. Lai nodro\u0161in\u0101tu optim\u0101lu darb\u012bbu, tas ir j\u0101nomaina.<\/p>\n<h3>Kombains<\/h3>\n<p>Ra\u017eas nov\u0101k\u0161anas proces\u0101 hidrauliskie cilindri iztur augstu spiedienu. Savlaic\u012bga nolietotu cilindru nomai\u0146a pal\u012bdz saglab\u0101t darba efektivit\u0101ti.<\/p>\n<h3>Automatiz\u0101cijas ra\u017eo\u0161anas l\u012bnija<\/h3>\n<p>Hidrauliskos cilindrus izmanto, lai vad\u012btu robotiz\u0113tas rokas un citas automatiz\u0113tas iek\u0101rtas ra\u017eo\u0161anas l\u012bnij\u0101s. Nekav\u0113joties j\u0101veic nomai\u0146a, lai izvair\u012btos no produktivit\u0101tes trauc\u0113jumiem.<\/p>\n<h3>Lie\u0161anas ma\u0161\u012bna<\/h3>\n<p>Hidraulisko cilindru darb\u012bba augstspiediena un temperat\u016bras ietekm\u0113 var pasliktin\u0101ties. Regul\u0101ra nomai\u0146a nodro\u0161ina produkta kvalit\u0101ti.<\/p>\n<h3>Kalnr\u016bpniec\u012bbas apr\u012bkojums<\/h3>\n<p>Hidrauliskos cilindrus izmanto kalnr\u016bpniec\u012bbas iek\u0101rt\u0101s smagu kravu cel\u0161anai un p\u0101rvieto\u0161anai. Lai nov\u0113rstu iek\u0101rtu boj\u0101jumus skarbu darba apst\u0101k\u013cu d\u0113\u013c, ir nepiecie\u0161amas regul\u0101ras p\u0101rbaudes un nomai\u0146a.<\/p>\n<h3>Buldozers<\/h3>\n<p>Buldozera l\u0101psti\u0146as hidraulisk\u0101 cilindra nodilums var izrais\u012bt stum\u0161anas jaudas samazin\u0101\u0161anos. Savlaic\u012bga nomai\u0146a ir b\u016btiska, lai uztur\u0113tu efekt\u012bvu darb\u012bbu.<\/p>\n<h2>Apkopes uzdevumi<\/h2>\n<p>Pareiza apkope ir \u013coti svar\u012bga JL129457076 loc\u012b\u0161anas cilindra ilgm\u016b\u017e\u012bbai. \u0160eit ir tr\u012bs bie\u017ei sastopami apkopes uzdevumi:<\/p>\n<h3>Regul\u0101ras p\u0101rbaudes<\/h3>\n<p>Regul\u0101ras p\u0101rbaudes nodro\u0161ina jebk\u0101du probl\u0113mu agr\u012bnu atkl\u0101\u0161anu, \u013caujot savlaic\u012bgi veikt remontu vai nomai\u0146u.<\/p>\n<h3>Pareiza e\u013c\u013co\u0161ana<\/h3>\n<p>Pareiza hidraulisk\u0101 \u0161\u0137idruma daudzuma uzkl\u0101\u0161ana iee\u013c\u013co cilindru, samazinot berzi un nov\u0113r\u0161ot priek\u0161laic\u012bgu nodilumu.<\/p>\n<h3>Bl\u012bvju nomai\u0146as un kalibr\u0113\u0161anas p\u0101rbaudes<\/h3>\n<p>Nodilu\u0161u bl\u012bv\u0113jumu nomai\u0146a un kalibr\u0113\u0161anas p\u0101rbau\u017eu veik\u0161ana nodro\u0161ina optim\u0101lu veiktsp\u0113ju un nov\u0113r\u0161 nopl\u016bdes.<\/p>\n<h2>Dro\u0161\u012bbas apsv\u0113rumi un vides faktori<\/h2>\n<p>JL129457076 saliekam\u0101 cilindra nomai\u0146as ier\u012bces dro\u0161a lieto\u0161ana un vides faktoru iev\u0113ro\u0161ana ir \u0101rk\u0101rt\u012bgi svar\u012bga. J\u0101iev\u0113ro atbilsto\u0161i dro\u0161\u012bbas pas\u0101kumi, lai nov\u0113rstu negad\u012bjumus vai traumas. Turkl\u0101t videi draudz\u012bgas prakses ievie\u0161ana pal\u012bdz samazin\u0101t ietekmi uz ekosist\u0113mu.<\/p>\n<h2>Probl\u0113mu nov\u0113r\u0161ana un bie\u017ei sastopamas probl\u0113mas<\/h2>\n<p>Ja rodas probl\u0113mas ar JL129457076 saliekam\u0101 cilindra nomai\u0146u, \u0146emiet v\u0113r\u0101 \u0161\u0101dus probl\u0113mu nov\u0113r\u0161anas padomus:<\/p>\n<ul>\n<li>P\u0101rbaudiet visus savienojumus un p\u0101rliecinieties, ka tie ir dro\u0161i.<\/li>\n<li>P\u0101rbaudiet, vai nav hidraulisk\u0101 \u0161\u0137idruma nopl\u016b\u017eu.<\/li>\n<li>P\u0101rliecinieties, vai cilindrs ir pareizi kalibr\u0113ts.<\/li>\n<\/ul>\n<p>Ja probl\u0113mas joproj\u0101m past\u0101v, konsult\u0113jieties ar speci\u0101listu, lai veiktu t\u0101l\u0101ku diagnostiku un risin\u0101jumu. Lai nov\u0113rstu iesp\u0113jam\u0101s probl\u0113mas, iev\u0113rojiet prevent\u012bvos pas\u0101kumus, piem\u0113ram, regul\u0101ru apkopi un pareizu uzst\u0101d\u012b\u0161anu.<\/p>\n<p><img decoding=\"async\" src=\"https:\/\/www.hydraulic-cylinders.net\/wp-content\/uploads\/2024\/12\/Replacement-Of-John-Deere-Hydraulic-Cylinder-7.webp\" alt=\"JL129457076 saliekam\u0101 cilindra att\u0113la nomai\u0146a\"><\/p>\n<h2>Dizaina apsv\u0113rumi un atlases krit\u0113riji<\/h2>\n<p>Izv\u0113loties JL129457076 saliekam\u0101 cilindra nomai\u0146u, j\u0101\u0146em v\u0113r\u0101 vair\u0101ki dizaina apsv\u0113rumi:<\/p>\n<ul>\n<li>Nestsp\u0113ja<\/li>\n<li>Bl\u012bv\u0113\u0161anas efektivit\u0101te<\/li>\n<li>Iztur\u012bba<\/li>\n<li>Dro\u0161\u012bbas funkcijas<\/li>\n<li>Uzturam\u012bba<\/li>\n<\/ul>\n<p>Katram no \u0161iem faktoriem ir iz\u0161\u0137iro\u0161a noz\u012bme cilindra veiktsp\u0113jas un ilgm\u016b\u017e\u012bbas nodro\u0161in\u0101\u0161an\u0101. JL129457076 salok\u0101m\u0101 cilindra nomai\u0146a atbilst \u0161iem krit\u0113rijiem, padarot to par ide\u0101lu izv\u0113li da\u017e\u0101diem lietojumiem.<\/p>\n<h2>Bl\u012bv\u0113\u0161ana un e\u013c\u013co\u0161ana<\/h2>\n<p>JL129457076 saliekam\u0101 cilindra nomai\u0146a ietver da\u017e\u0101dus bl\u012bv\u0113\u0161anas komponentus, piem\u0113ram, virzu\u013ca bl\u012bves un stie\u0146a bl\u012bves, kas izgatavotas no iztur\u012bgiem materi\u0101liem, piem\u0113ram, poliuret\u0101na un nitrila gumijas. Cilindra korpuss un v\u012bt\u0146otie gali tiek r\u016bp\u012bgi apstr\u0101d\u0101ti, lai uzlabotu nodilumiztur\u012bbu. Lai nodro\u0161in\u0101tu vienm\u0113r\u012bgu darb\u012bbu un nov\u0113rstu priek\u0161laic\u012bgu nodilumu, ir nepiecie\u0161ama regul\u0101ra e\u013c\u013co\u0161ana ar atbilsto\u0161u hidraulisko e\u013c\u013cu.<\/p>\n<h2>Regul\u0101ra p\u0101rbaude un profilaktisk\u0101 apkope<\/h2>\n<p>Lai uztur\u0113tu JL129457076 saliekam\u0101 cilindra nomai\u0146as optim\u0101lu veiktsp\u0113ju, j\u0101veic \u0161\u0101di pas\u0101kumi:<\/p>\n<ul>\n<li>Nodro\u0161iniet pareizu uzst\u0101d\u012b\u0161anu, e\u013c\u013co\u0161anu un regul\u0113\u0161anu.<\/li>\n<li>Uzst\u0101d\u012b\u0161anas laik\u0101 nodro\u0161iniet pareizu izl\u012bdzin\u0101\u0161anu.<\/li>\n<li>Dro\u0161ai fiks\u0101cijai ieteicams izmantot piem\u0113rotus stiprin\u0101juma kron\u0161teinus.<\/li>\n<li>Sniedziet konsult\u0101cijas par p\u0101rbaudes, remonta un nomai\u0146as proced\u016br\u0101m.<\/li>\n<li>Pied\u0101v\u0101jam rezerves da\u013cas un remonta pakalpojumus.<\/li>\n<li>Sniedziet padomus, k\u0101 pagarin\u0101t cilindra kalpo\u0161anas laiku.<\/li>\n<\/ul>\n<h2>Instal\u0101cijas rokasgr\u0101mata<\/h2>\n<p>Lai pareizi uzst\u0101d\u012btu JL129457076 nomain\u0101mo cilindru, iev\u0113rojiet \u0161\u012bs vadl\u012bnijas:<\/p>\n<ul>\n<li>P\u0101rliecinieties, ka mont\u0101\u017eas virsma ir t\u012bra un bez gru\u017eiem.<\/li>\n<li>Pareizi novietojiet cilindru atbilsto\u0161i apr\u012bkojumam.<\/li>\n<li>Savienojumu pievilk\u0161anai izmantojiet atbilsto\u0161us instrumentus un metodes.<\/li>\n<li>P\u0113c uzst\u0101d\u012b\u0161anas p\u0101rbaudiet, vai nav nopl\u016b\u017eu, un, ja nepiecie\u0161ams, nov\u0113rsiet to.<\/li>\n<\/ul>\n<h2>Par m\u016bsu uz\u0146\u0113mumu<\/h2>\n<p>M\u0113s esam vado\u0161ais rezerves hidraulisko cilindru ra\u017eot\u0101js un vairumtirgot\u0101js. M\u016bsu uz\u0146\u0113mums pied\u0101v\u0101 pla\u0161u produktu kl\u0101stu un ir ieguvis atzin\u012bbu gan viet\u0113j\u0101, gan starptautiskaj\u0101 tirg\u016b.<\/p>\n<h3>Profesionalit\u0101te<\/h3>\n<p>M\u0113s lepojamies ar savu profesionalit\u0101ti un pieredzi augstas kvalit\u0101tes hidraulisko cilindru ra\u017eo\u0161an\u0101.<\/p>\n<h3>Starptautisk\u0101s sertifik\u0101cijas<\/h3>\n<p>Mums ir da\u017e\u0101di starptautiski sertifik\u0101ti, kas nodro\u0161ina, ka m\u016bsu produkti atbilst augst\u0101kajiem nozares standartiem.<\/p>\n<h3>Piel\u0101go\u0161anas pakalpojumi<\/h3>\n<p>M\u0113s pied\u0101v\u0101jam piel\u0101go\u0161anas pakalpojumus, lai apmierin\u0101tu m\u016bsu klientu \u012bpa\u0161\u0101s vajadz\u012bbas, pied\u0101v\u0101jot individu\u0101li izgatavotus hidrauliskos cilindrus.<\/p>\n<h3>Ra\u017eo\u0161anas iek\u0101rtas<\/h3>\n<p>Apr\u012bkoti ar modern\u0101m ra\u017eo\u0161anas iek\u0101rt\u0101m, m\u0113s nodro\u0161in\u0101m efekt\u012bvus un prec\u012bzus ra\u017eo\u0161anas procesus.<\/p>\n<h3>P\u0113cp\u0101rdo\u0161anas serviss<\/h3>\n<p>M\u016bsu specializ\u0113t\u0101 p\u0113cp\u0101rdo\u0161anas apkalpo\u0161anas komanda sniedz atbalstu un pal\u012bdz\u012bbu m\u016bsu klientiem, nodro\u0161inot vi\u0146u apmierin\u0101t\u012bbu.<\/p>\n<p><img decoding=\"async\" src=\"https:\/\/www.hydraulic-cylinders.net\/wp-content\/uploads\/2024\/12\/hydraulic-cylinder-factory.webp\" alt=\"Uz\u0146\u0113muma t\u0113ls\"><\/p>\n<p>Autors: lil<\/p>","protected":false},"excerpt":{"rendered":"<p>Replacement Of JL129457076 Fold Cylinder The Replacement Of JL129457076 Fold Cylinder is a hydraulic cylinder designed to replace the original cylinder in various models, such as the DB90 and DB120. It is essential for maintaining the proper functioning of hydraulic systems in heavy equipment. Specifications Weight: 172 lb Height: 7.5 in Width: 8.75 in Length: [&hellip;]<\/p>","protected":false},"featured_media":12299,"comment_status":"open","ping_status":"closed","template":"","meta":{"_et_pb_use_builder":"","_et_pb_old_content":"","_et_gb_content_width":""},"product_brand":[],"product_cat":[1489],"product_tag":[1380,1490,1491],"class_list":{"0":"post-14494","1":"product","2":"type-product","3":"status-publish","4":"has-post-thumbnail","6":"product_cat-replacement-of-john-deere-hydraulic-cylinder","7":"product_tag-hydraulic-cylinder","8":"product_tag-replacement-of-hydraulic-cylinder","9":"product_tag-replacemet-of-john-deere-hydraulic-cylinder","11":"first","12":"instock","13":"shipping-taxable","14":"product-type-simple"},"amp_enabled":true,"_links":{"self":[{"href":"https:\/\/www.hydraulic-cylinders.net\/lv\/wp-json\/wp\/v2\/product\/14494","targetHints":{"allow":["GET"]}}],"collection":[{"href":"https:\/\/www.hydraulic-cylinders.net\/lv\/wp-json\/wp\/v2\/product"}],"about":[{"href":"https:\/\/www.hydraulic-cylinders.net\/lv\/wp-json\/wp\/v2\/types\/product"}],"replies":[{"embeddable":true,"href":"https:\/\/www.hydraulic-cylinders.net\/lv\/wp-json\/wp\/v2\/comments?post=14494"}],"wp:featuredmedia":[{"embeddable":true,"href":"https:\/\/www.hydraulic-cylinders.net\/lv\/wp-json\/wp\/v2\/media\/12299"}],"wp:attachment":[{"href":"https:\/\/www.hydraulic-cylinders.net\/lv\/wp-json\/wp\/v2\/media?parent=14494"}],"wp:term":[{"taxonomy":"product_brand","embeddable":true,"href":"https:\/\/www.hydraulic-cylinders.net\/lv\/wp-json\/wp\/v2\/product_brand?post=14494"},{"taxonomy":"product_cat","embeddable":true,"href":"https:\/\/www.hydraulic-cylinders.net\/lv\/wp-json\/wp\/v2\/product_cat?post=14494"},{"taxonomy":"product_tag","embeddable":true,"href":"https:\/\/www.hydraulic-cylinders.net\/lv\/wp-json\/wp\/v2\/product_tag?post=14494"}],"curies":[{"name":"wp","href":"https:\/\/api.w.org\/{rel}","templated":true}]}}