{"id":14500,"date":"2024-12-12T08:49:08","date_gmt":"2024-12-12T08:49:08","guid":{"rendered":"https:\/\/www.hydraulic-cylinders.net\/product\/replacement-of-aa105569-outer-wing-lift-cylinder\/"},"modified":"2024-12-12T08:49:10","modified_gmt":"2024-12-12T08:49:10","slug":"replacement-of-aa105569-outer-wing-lift-cylinder","status":"publish","type":"product","link":"https:\/\/www.hydraulic-cylinders.net\/lv\/products\/replacement-of-aa105569-outer-wing-lift-cylinder\/","title":{"rendered":"AA105569 \u0101r\u0113j\u0101 sp\u0101rna pacel\u0161anas cilindra nomai\u0146a"},"content":{"rendered":"<h1>AA105569 \u0101r\u0113j\u0101 sp\u0101rna pacel\u0161anas cilindra nomai\u0146a<\/h1>\n<p>AA105569 \u0101r\u0113j\u0101 sp\u0101rna pacel\u0161anas cilindra nomai\u0146a ir hidrauliskais cilindrs, ko izmanto da\u017e\u0101dos mode\u013cos, tostarp DB55, DB74, DB80, DB83, DB88, DB90, DB120 un DR24. Tas sver 68,143 m\u0101rci\u0146as un t\u0101 izm\u0113ri ir 6,5 collas augstum\u0101, 7 collas platum\u0101 un 23 collas garum\u0101. Hidrauliskajam cilindram ir b\u016btiska loma ma\u0161\u012bnu darb\u012bb\u0101, jo tas pal\u012bdz pacelt un p\u0101rvietot smagus priek\u0161metus.<\/p>\n<h2>Specifik\u0101cijas un mode\u013ci<\/h2>\n<p>AA105569 \u0101r\u0113j\u0101 sp\u0101rna pacel\u0161anas cilindra nomai\u0146as komplekts ir paredz\u0113ts da\u017e\u0101diem mode\u013ciem, tostarp DB55, DB74, DB80, DB83, DB88, DB90, DB120 un DR24. T\u0101 svars ir 68,143 m\u0101rci\u0146as, augstums ir 6,5 collas, platums ir 7 collas un garums ir 23 collas.<\/p>\n<h2>Funkcijas<\/h2>\n<p>Ir da\u017e\u0101das funkcijas, kas padara AA105569 \u0101r\u0113j\u0101 sp\u0101rna pacel\u0161anas cilindra nomai\u0146u par uzticamu hidraulisk\u0101 cilindra izv\u0113li. Da\u017eas no funkcij\u0101m ir \u0161\u0101das:<\/p>\n<h3>Uzlabota apr\u012bkojuma veiktsp\u0113ja<\/h3>\n<p>Boj\u0101tu vai nolietotu hidraulisko cilindru nomai\u0146a var atjaunot iek\u0101rtu norm\u0101lu darb\u012bbas sp\u0113ju un nodro\u0161in\u0101t to veiktsp\u0113ju da\u017e\u0101dos pielietojumos.<\/p>\n<h3>Pastiprin\u0101ta dro\u0161\u012bba<\/h3>\n<p>Regul\u0101ra hidraulisko cilindru nomai\u0146a var samazin\u0101t dro\u0161\u012bbas apdraud\u0113jumus, ko rada cilindru darb\u012bbas trauc\u0113jumi, nodro\u0161inot operatoru un apr\u012bkojuma dro\u0161\u012bbu.<\/p>\n<h3>P\u0101rslodzes aizsardz\u012bba<\/h3>\n<p>Jaunos cilindru dizainos bie\u017ei tiek \u0146emti v\u0113r\u0101 lab\u0101ki p\u0101rslodzes aizsardz\u012bbas meh\u0101nismi, t\u0101d\u0113j\u0101di uzlabojot dro\u0161\u012bbu.<\/p>\n<h3>\u0100tra uzst\u0101d\u012b\u0161ana<\/h3>\n<p>M\u016bsdienu hidraulisko cilindru konstrukcij\u0101s parasti tiek \u0146emta v\u0113r\u0101 vienk\u0101r\u0161a uzst\u0101d\u012b\u0161ana un nomai\u0146a, t\u0101d\u0113j\u0101di samazinot d\u012bkst\u0101ves laiku.<\/p>\n<h3>Standartiz\u0113tas deta\u013cas<\/h3>\n<p>Daudzi hidrauliskie cilindri ir standartiz\u0113ti produkti, kas atvieglo rezerves da\u013cu ieg\u016b\u0161anu tirg\u016b.<\/p>\n<p>M\u016bsu uz\u0146\u0113mums var ra\u017eot \u0161o produktu, un m\u016bsu produkti var lieliski aizst\u0101t \u0161os hidrauliskos cilindrus.<\/p>\n<h2>Pieteikumi<\/h2>\n<p>AA105569 \u0101r\u0113j\u0101 sp\u0101rna pacel\u0161anas cilindra nomai\u0146a tiek izmantota da\u017e\u0101d\u0101s ma\u0161\u012bn\u0101s, tostarp:<\/p>\n<h3>Ekskavatori<\/h3>\n<p>Hidrauliskais cilindrs var tikt boj\u0101ts ilgsto\u0161as \u200b\u200blieto\u0161anas vai p\u0101rslodzes d\u0113\u013c, un, lai atjaunotu norm\u0101lu darb\u012bbu, tas var b\u016bt j\u0101nomaina, \u012bpa\u0161i ekskavatora rok\u0101 vai kaus\u0101.<\/p>\n<h3>Celt\u0146i<\/h3>\n<p>Celt\u0146a str\u0113les hidrauliskais cilindrs bie\u017eas cel\u0161anas un nolai\u0161anas laik\u0101 ir pak\u013cauts nodilumam, t\u0101p\u0113c dro\u0161\u012bbas labad tas ir regul\u0101ri j\u0101maina.<\/p>\n<h3>Traktori<\/h3>\n<p>Traktoru front\u0101l\u0101 iekr\u0101v\u0113ja hidrauliskais cilindrs var nopl\u016bst vai pasliktin\u0101ties t\u0101 veiktsp\u0113ja nep\u0101rtrauktas cel\u0161anas un noliek\u0161anas darb\u012bbu d\u0113\u013c, un tas ir j\u0101nomaina.<\/p>\n<p>Citi pielietojumi ietver kombainus, automatiz\u0113tas ra\u017eo\u0161anas l\u012bnijas, preses ma\u0161\u012bnas, kalnr\u016bpniec\u012bbas iek\u0101rtas, buldozerus utt.<\/p>\n<h2>Apkope<\/h2>\n<p>Regul\u0101ra AA105569 \u0101r\u0113j\u0101 sp\u0101rna pacel\u0161anas cilindra apkope var uzlabot t\u0101 kalpo\u0161anas laiku un efektivit\u0101ti. Da\u017ei no bie\u017e\u0101k veiktajiem apkopes darbiem ir \u0161\u0101di:<\/p>\n<h3>Regul\u0101ra p\u0101rbaude<\/h3>\n<p>Regul\u0101ra hidraulisko cilindru p\u0101rbaude var laikus atkl\u0101t probl\u0113mas un nov\u0113rst iesp\u0113jamus boj\u0101jumus.<\/p>\n<h3>Piem\u0113rota e\u013c\u013co\u0161ana<\/h3>\n<p>Pievienojot atbilsto\u0161u hidraulisk\u0101s e\u013c\u013cas daudzumu, var samazin\u0101t nodilumu un berzi, k\u0101 ar\u012b nov\u0113rst cilindra boj\u0101jumus.<\/p>\n<h3>Bl\u012bv\u0113juma nomai\u0146a un kalibr\u0113\u0161anas p\u0101rbaude<\/h3>\n<p>Vecu vai nodilu\u0161u bl\u012bv\u0113jumu nomai\u0146a un kalibr\u0113\u0161anas p\u0101rbaude var nodro\u0161in\u0101t cilindra dro\u0161u un vienm\u0113r\u012bgu darb\u012bbu.<\/p>\n<p>Ir svar\u012bgi nodro\u0161in\u0101t atbilsto\u0161us nor\u0101d\u012bjumus pareizai uzst\u0101d\u012b\u0161anai, izl\u012bdzin\u0101\u0161anai un e\u013c\u013co\u0161anai. Izmantojot atbilsto\u0161us uzst\u0101d\u012b\u0161anas kron\u0161teinus, cilindrus var nostiprin\u0101t viet\u0101. Ieteicamo p\u0101rbaudes, remonta un nomai\u0146as proced\u016bru iev\u0113ro\u0161ana var uzlabot AA105569 \u0101r\u0113j\u0101 sp\u0101rna pacel\u0161anas cilindra kalpo\u0161anas laiku.<\/p>\n<h2>Dro\u0161\u012bbas un vides apsv\u0113rumi<\/h2>\n<p>Str\u0101d\u0101jot ar hidrauliskajiem cilindriem, dro\u0161\u012bbas pas\u0101kumi ir \u013coti svar\u012bgi, lai izvair\u012btos no negad\u012bjumiem un traum\u0101m. Uzst\u0101dot, p\u0101rbaudot vai remont\u0113jot cilindrus, ir svar\u012bgi iev\u0113rot atbilsto\u0161as \u200b\u200bdro\u0161\u012bbas proced\u016bras, lai nov\u0113rstu iesp\u0113jamos apdraud\u0113jumus. Turkl\u0101t, lietojot hidrauliskos cilindrus, ir svar\u012bgi \u0146emt v\u0113r\u0101 vides faktorus, piem\u0113ram, pareizu izlietot\u0101s hidraulisk\u0101s e\u013c\u013cas utiliz\u0101ciju.<\/p>\n<h2>Probl\u0113mu nov\u0113r\u0161ana un bie\u017ei sastopamas probl\u0113mas<\/h2>\n<p>Da\u017eas bie\u017ei sastopamas probl\u0113mas, kas var rasties, lietojot hidrauliskos cilindrus, ir \u0161\u0101das:<\/p>\n<h3>Nopl\u016bde<\/h3>\n<p>Nopl\u016bde ir izplat\u012bta probl\u0113ma, kas var rasties nolietotu bl\u012bv\u0113jumu vai boj\u0101tu cilindru deta\u013cu d\u0113\u013c.<\/p>\n<h3>L\u0113na darb\u012bba<\/h3>\n<p>Cilindrs var darboties l\u0113ni zema hidraulisk\u0101 spiediena vai nepareizi funkcion\u0113jo\u0161a vad\u012bbas v\u0101rsta d\u0113\u013c.<\/p>\n<h3>Troksnis<\/h3>\n<p>Troksnis darb\u012bbas laik\u0101 var liecin\u0101t par nolietot\u0101m deta\u013c\u0101m vai zemu hidraulisko spiedienu.<\/p>\n<p>Lai diagnostic\u0113tu un atrisin\u0101tu \u0161\u012bs probl\u0113mas, ir svar\u012bgi iev\u0113rot ieteicam\u0101s probl\u0113mu nov\u0113r\u0161anas proced\u016bras un nepiecie\u0161am\u012bbas gad\u012bjum\u0101 mekl\u0113t profesion\u0101lu pal\u012bdz\u012bbu. Prevent\u012bvie pas\u0101kumi, piem\u0113ram, regul\u0101ra p\u0101rbaude, var samazin\u0101t \u0161o probl\u0113mu ra\u0161anos.<\/p>\n<p><img decoding=\"async\" src=\"https:\/\/www.hydraulic-cylinders.net\/wp-content\/uploads\/2024\/12\/Replacement-Of-John-Deere-Hydraulic-Cylinder-7.webp\"><\/p>\n<h2>Dizaina apsv\u0113rumi un atlases krit\u0113riji<\/h2>\n<p>Izv\u0113loties hidrauliskos cilindrus, j\u0101\u0146em v\u0113r\u0101 da\u017e\u0101di faktori, tostarp nestsp\u0113ja, iztur\u012bba, bl\u012bv\u0113jums un apkopes pras\u012bbas. AA105569 \u0101r\u0113j\u0101 sp\u0101rna pacel\u0161anas cilindra nomai\u0146as komplekts ir izstr\u0101d\u0101ts, lai atbilstu \u0161\u012bm pras\u012bb\u0101m un nodro\u0161in\u0101tu uzticamu veiktsp\u0113ju da\u017e\u0101dos pielietojumos.<\/p>\n<h3>Nestsp\u0113ja<\/h3>\n<p>Balonam j\u0101b\u016bt ar pietiekamu nestsp\u0113ju, lai iztur\u0113tu iek\u0101rtas svara un spiediena pras\u012bbas.<\/p>\n<h3>Iztur\u012bba<\/h3>\n<p>Cilindram j\u0101b\u016bt izgatavotam no augstas kvalit\u0101tes materi\u0101liem, kas sp\u0113j iztur\u0113t skarbos ma\u0161\u012bnu darba apst\u0101k\u013cus.<\/p>\n<h3>Bl\u012bv\u0113\u0161ana<\/h3>\n<p>Balonam j\u0101b\u016bt ar atbilsto\u0161u bl\u012bv\u0113jumu, lai nov\u0113rstu nopl\u016bdes un nodro\u0161in\u0101tu pareizu darb\u012bbu.<\/p>\n<h3>Apkopes pras\u012bbas<\/h3>\n<p>Balonam j\u0101b\u016bt ar vienk\u0101r\u0161\u0101m apkopes pras\u012bb\u0101m, piem\u0113ram, viegli demont\u0113jamu, nomain\u0101mu un kalibr\u0113jamu deta\u013cu.<\/p>\n<h2>Bl\u012bv\u0113\u0161ana un e\u013c\u013co\u0161ana<\/h2>\n<p>Pareiza bl\u012bv\u0113\u0161ana un e\u013c\u013co\u0161ana ir \u013coti svar\u012bga, lai saglab\u0101tu hidraulisko cilindru veiktsp\u0113ju un kalpo\u0161anas laiku. AA105569 \u0101r\u0113j\u0101 sp\u0101rna pacel\u0161anas cilindra nomai\u0146ai tiek izmantoti da\u017e\u0101di bl\u012bv\u0113jumi un materi\u0101li, piem\u0113ram, virzu\u013ca bl\u012bv\u0113jumi un stie\u0146a bl\u012bv\u0113jumi, kas izgatavoti no poliuret\u0101na vai nitrila gumijas, lai nodro\u0161in\u0101tu lab\u0101ku nodilumiztur\u012bbu. Cilindra cilindra korpuss un v\u012bt\u0146ot\u0101s gala virsmas tiek r\u016bp\u012bgi apstr\u0101d\u0101tas, lai uzlabotu nodilumiztur\u012bbu un ilgm\u016b\u017e\u012bbu. Ir svar\u012bgi izmantot atbilsto\u0161u hidraulisk\u0101s e\u013c\u013cas veidu un daudzumu e\u013c\u013co\u0161anai, k\u0101 ar\u012b regul\u0101ri p\u0101rbaud\u012bt un nomain\u012bt bl\u012bves un citas sast\u0101vda\u013cas, lai nov\u0113rstu nopl\u016bdes un nodro\u0161in\u0101tu optim\u0101lu veiktsp\u0113ju.<\/p>\n<p><img decoding=\"async\" src=\"https:\/\/www.hydraulic-cylinders.net\/wp-content\/uploads\/2024\/12\/Replacement-Of-John-Deere-Hydraulic-Cylinder-8.webp\"><\/p>\n<h2>Apkope<\/h2>\n<p>Pareiza AA105569 \u0101r\u0113j\u0101 sp\u0101rna pacel\u0161anas cilindra nomai\u0146as apkope var palielin\u0101t t\u0101 kalpo\u0161anas laiku un nodro\u0161in\u0101t optim\u0101lu veiktsp\u0113ju. Da\u017ei no bie\u017e\u0101k veicamajiem apkopes uzdevumiem ietver regul\u0101ru p\u0101rbaudi, atbilsto\u0161u e\u013c\u013co\u0161anu un bl\u012bv\u0113juma nomai\u0146u. Uzst\u0101d\u012b\u0161anas laik\u0101 ir \u013coti svar\u012bgi nodro\u0161in\u0101t pareizu vad\u012bbu, izl\u012bdzin\u0101\u0161anu un e\u013c\u013co\u0161anu, lai nov\u0113rstu iesp\u0113jamus apdraud\u0113jumus. Izmantojot atbilsto\u0161as \u200b\u200buzst\u0101d\u012b\u0161anas kron\u0161teinus, var nostiprin\u0101t cilindru viet\u0101. Ieteicamo p\u0101rbaudes, remonta un nomai\u0146as proced\u016bru iev\u0113ro\u0161ana var uzlabot AA105569 \u0101r\u0113j\u0101 sp\u0101rna pacel\u0161anas cilindra nomai\u0146as kalpo\u0161anas laiku.<\/p>\n<h2>Uz\u0146\u0113muma inform\u0101cija<\/h2>\n<p>M\u0113s esam hidraulisko cilindru ra\u017eot\u0101js, kas specializ\u0113jas rezerves hidraulisko cilindru ra\u017eo\u0161an\u0101. M\u016bsu uz\u0146\u0113mums pied\u0101v\u0101 pla\u0161u produktu kl\u0101stu un ir k\u013cuvis par vienu no vado\u0161ajiem hidraulisko cilindru ra\u017eot\u0101jiem un vairumtirdzniec\u012bbas izplat\u012bt\u0101jiem viet\u0113j\u0101 un starptautiskaj\u0101 tirg\u016b.<\/p>\n<h3>Profesionalit\u0101te<\/h3>\n<p>Mums ir pieredz\u0113ju\u0161u profesion\u0101\u013cu komanda, kas projekt\u0113 un ra\u017eo hidrauliskos cilindrus, kas atbilst klientu pras\u012bb\u0101m un nozares standartiem.<\/p>\n<h3>Starptautisk\u0101 sertifik\u0101cija<\/h3>\n<p>M\u016bsu produktiem ir starptautiski sertifik\u0101ti, piem\u0113ram, ISO9001 un CE, kas garant\u0113 kvalit\u0101ti un dro\u0161\u012bbu.<\/p>\n<h3>Piel\u0101go\u0161anas pakalpojumi<\/h3>\n<p>M\u0113s pied\u0101v\u0101jam piel\u0101go\u0161anas pakalpojumus, lai apmierin\u0101tu \u012bpa\u0161as klientu vajadz\u012bbas un pras\u012bbas.<\/p>\n<h3>Ra\u017eo\u0161anas iek\u0101rtas<\/h3>\n<p>M\u016bsu uz\u0146\u0113mumam ir modernas ra\u017eo\u0161anas iek\u0101rtas, tostarp CNC apstr\u0101des centri, CNC virpas un autom\u0101tisk\u0101s metin\u0101\u0161anas iek\u0101rtas, kas nodro\u0161ina m\u016bsu produktu kvalit\u0101ti un precizit\u0101ti.<\/p>\n<h3>P\u0113cp\u0101rdo\u0161anas serviss<\/h3>\n<p>M\u0113s nodro\u0161in\u0101m izcilu p\u0113cp\u0101rdo\u0161anas apkalpo\u0161anu, tostarp hidraulisko cilindru remontu, nomai\u0146u un atjauno\u0161anu, nodro\u0161inot klientu apmierin\u0101t\u012bbu.<\/p>\n<p><img decoding=\"async\" src=\"https:\/\/www.hydraulic-cylinders.net\/wp-content\/uploads\/2024\/12\/hydraulic-cylinder-factory.webp\"><\/p>\n<p>Autors: lil<\/p>","protected":false},"excerpt":{"rendered":"<p>Replacement Of AA105569 Outer Wing Lift Cylinder The Replacement Of AA105569 Outer Wing Lift Cylinder is a hydraulic cylinder used in various models including DB55, DB74, DB80, DB83, DB88, DB90, DB120, and DR24. It weighs 68.143 lbs and has dimensions of 6.5 inches in height, 7 inches in width, and 23 inches in length. The [&hellip;]<\/p>","protected":false},"featured_media":10743,"comment_status":"open","ping_status":"closed","template":"","meta":{"_et_pb_use_builder":"","_et_pb_old_content":"","_et_gb_content_width":""},"product_brand":[],"product_cat":[1489],"product_tag":[1380,1490,1491],"class_list":{"0":"post-14500","1":"product","2":"type-product","3":"status-publish","4":"has-post-thumbnail","6":"product_cat-replacement-of-john-deere-hydraulic-cylinder","7":"product_tag-hydraulic-cylinder","8":"product_tag-replacement-of-hydraulic-cylinder","9":"product_tag-replacemet-of-john-deere-hydraulic-cylinder","11":"first","12":"instock","13":"shipping-taxable","14":"product-type-simple"},"amp_enabled":true,"_links":{"self":[{"href":"https:\/\/www.hydraulic-cylinders.net\/lv\/wp-json\/wp\/v2\/product\/14500","targetHints":{"allow":["GET"]}}],"collection":[{"href":"https:\/\/www.hydraulic-cylinders.net\/lv\/wp-json\/wp\/v2\/product"}],"about":[{"href":"https:\/\/www.hydraulic-cylinders.net\/lv\/wp-json\/wp\/v2\/types\/product"}],"replies":[{"embeddable":true,"href":"https:\/\/www.hydraulic-cylinders.net\/lv\/wp-json\/wp\/v2\/comments?post=14500"}],"wp:featuredmedia":[{"embeddable":true,"href":"https:\/\/www.hydraulic-cylinders.net\/lv\/wp-json\/wp\/v2\/media\/10743"}],"wp:attachment":[{"href":"https:\/\/www.hydraulic-cylinders.net\/lv\/wp-json\/wp\/v2\/media?parent=14500"}],"wp:term":[{"taxonomy":"product_brand","embeddable":true,"href":"https:\/\/www.hydraulic-cylinders.net\/lv\/wp-json\/wp\/v2\/product_brand?post=14500"},{"taxonomy":"product_cat","embeddable":true,"href":"https:\/\/www.hydraulic-cylinders.net\/lv\/wp-json\/wp\/v2\/product_cat?post=14500"},{"taxonomy":"product_tag","embeddable":true,"href":"https:\/\/www.hydraulic-cylinders.net\/lv\/wp-json\/wp\/v2\/product_tag?post=14500"}],"curies":[{"name":"wp","href":"https:\/\/api.w.org\/{rel}","templated":true}]}}