{"id":14735,"date":"2025-01-18T08:03:54","date_gmt":"2025-01-18T08:03:54","guid":{"rendered":"https:\/\/www.hydraulic-cylinders.net\/product\/replacement-of-wz32451034-hydraulic-cylinder-assembly\/"},"modified":"2025-01-18T08:04:03","modified_gmt":"2025-01-18T08:04:03","slug":"replacement-of-wz32451034-hydraulic-cylinder-assembly","status":"publish","type":"product","link":"https:\/\/www.hydraulic-cylinders.net\/lv\/products\/replacement-of-wz32451034-hydraulic-cylinder-assembly\/","title":{"rendered":"WZ32451034 hidraulisk\u0101 cilindra mezgla nomai\u0146a"},"content":{"rendered":"<p><!DOCTYPE html><br \/>\n<html><br \/>\n<head><br \/>\n\t<title>WZ32451034 hidraulisk\u0101 cilindra mezgla nomai\u0146a<\/title><br \/>\n<\/head><br \/>\n<body><\/p>\n<h1>WZ32451034 hidraulisk\u0101 cilindra mezgla nomai\u0146a<\/h1>\n<h2>Produkta apraksts<\/h2>\n<p>WZ32451034 hidraulisk\u0101 cilindra mezgla nomai\u0146a ir b\u016btiska sast\u0101vda\u013ca da\u017e\u0101dos r\u016bpnieciskos pielietojumos. Tas ir paredz\u0113ts, lai nodro\u0161in\u0101tu uzticamu un efekt\u012bvu hidraulisko jaudu da\u017e\u0101du veidu ma\u0161\u012bn\u0101m. \u0160im hidraulisk\u0101 cilindra mezglam ir b\u016btiska loma smagu kravu cel\u0161an\u0101, stum\u0161an\u0101 un vilk\u0161an\u0101, nodro\u0161inot vienm\u0113r\u012bgu darb\u012bbu un uzlabotu produktivit\u0101ti.<\/p>\n<h2>Specifik\u0101cijas un mode\u013ci<\/h2>\n<h3>Specifik\u0101cijas<\/h3>\n<ul>\n<li>Svars: 20 m\u0101rci\u0146as<\/li>\n<li>Augstums: 3 collas<\/li>\n<li>Platums: 3,25 collas<\/li>\n<li>Garums: 36 collas<\/li>\n<\/ul>\n<h3>Mode\u013ci<\/h3>\n<ul>\n<li>508<\/li>\n<li>510<\/li>\n<li>512<\/li>\n<li>824<\/li>\n<li>832<\/li>\n<li>832I<\/li>\n<li>840<\/li>\n<\/ul>\n<h2>Produkta funkcijas<\/h2>\n<ul>\n<li>\u013boti iztur\u012bga konstrukcija ilgsto\u0161ai veiktsp\u0113jai<\/li>\n<li>Lieliska nestsp\u0113ja<\/li>\n<li>Prec\u012bza in\u017eenierija vienm\u0113r\u012bgai un efekt\u012bvai darb\u012bbai<\/li>\n<li>Uzlabota bl\u012bv\u0113\u0161anas tehnolo\u0123ija nopl\u016b\u017eu nov\u0113r\u0161anai<\/li>\n<li>Vienk\u0101r\u0161a apkope un remonts<\/li>\n<\/ul>\n<h2>Pieteikumi<\/h2>\n<p>WZ32451034 hidraulisk\u0101 cilindra komplekta nomai\u0146a tiek pla\u0161i izmantota da\u017e\u0101d\u0101s nozar\u0113s, tostarp:<\/p>\n<h3>B\u016bvniec\u012bba<\/h3>\n<p>Parasti izmanto celtniec\u012bbas iek\u0101rt\u0101s, piem\u0113ram, celt\u0146os, pac\u0113l\u0101jos un liftos, kur nepiecie\u0161ama stingra un dro\u0161a smagu priek\u0161metu fiks\u0101cija.<\/p>\n<h3>Ra\u017eo\u0161ana<\/h3>\n<p>Izmanto pres\u0113\u0161anas iek\u0101rt\u0101s, kur materi\u0101li tiek veidoti augsta spiediena ietekm\u0113 un ra\u017eo\u0161anas proces\u0101 ir nepiecie\u0161ama stabila fiks\u0101cija.<\/p>\n<h3>Transports<\/h3>\n<p>Izmanto transportl\u012bdzek\u013cu stabilizatoros un domkratos, lai nodro\u0161in\u0101tu dro\u0161\u012bbu apkopes vai transport\u0113\u0161anas procesu laik\u0101.<\/p>\n<h3>Avi\u0101cija<\/h3>\n<p>B\u016btiski svar\u012bgi nolai\u0161an\u0101s meh\u0101nismu sist\u0113m\u0101s, lai pacel\u0161an\u0101s un nolai\u0161an\u0101s laik\u0101 dro\u0161i nostiprin\u0101tu nolai\u0161an\u0101s meh\u0101nismu atbilsto\u0161\u0101 poz\u012bcij\u0101. <\/p>\n<h2>Dizaina apsv\u0113rumi un atlases krit\u0113riji<\/h2>\n<p>Projekt\u0113jot un izv\u0113loties WZ32451034 hidraulisk\u0101 cilindra mezgla nomai\u0146u, tiek \u0146emti v\u0113r\u0101 vair\u0101ki svar\u012bgi faktori:<\/p>\n<h3>Nestsp\u0113ja<\/h3>\n<p>Hidraulisk\u0101 cilindra mezgls ir paredz\u0113ts, lai efekt\u012bvi un dro\u0161i apstr\u0101d\u0101tu lielas slodzes.<\/p>\n<h3>Bl\u012bv\u0113\u0161ana<\/h3>\n<p>Lai nodro\u0161in\u0101tu efekt\u012bvu bl\u012bv\u0113\u0161anu, tiek izmantoti da\u017e\u0101di bl\u012bv\u0113jumi, piem\u0113ram, virzu\u013ca bl\u012bvsl\u0113gi \u200b\u200bun stie\u0146a bl\u012bvsl\u0113gi. Materi\u0101li, piem\u0113ram, poliuret\u0101ns un nitrila gumija, tiek izv\u0113l\u0113ti to nodilumiztur\u012bgo \u012bpa\u0161\u012bbu d\u0113\u013c.<\/p>\n<h3>Iztur\u012bba<\/h3>\n<p>Cilindra korpuss un v\u012bt\u0146otie gali tiek prec\u012bzi apstr\u0101d\u0101ti, lai uzlabotu nodilumiztur\u012bbu un kop\u0113jo iztur\u012bbu.<\/p>\n<h3>Dro\u0161\u012bba<\/h3>\n<p>Dizains ietver dro\u0161\u012bbas funkcijas, lai nov\u0113rstu negad\u012bjumus un nodro\u0161in\u0101tu operatora labsaj\u016btu.<\/p>\n<h3>Apkope<\/h3>\n<p>Optim\u0101lai veiktsp\u0113jai nepiecie\u0161ama regul\u0101ra e\u013c\u013co\u0161ana ar atbilsto\u0161u hidraulisko e\u013c\u013cu, un, lai identific\u0113tu un nov\u0113rstu iesp\u0113jam\u0101s probl\u0113mas, ieteicams veikt periodiskas p\u0101rbaudes un apkopi.<\/p>\n<h2>Instal\u0101cijas rokasgr\u0101mata<\/h2>\n<p>Lai pareizi uzst\u0101d\u012btu WZ32451034 hidraulisk\u0101 cilindra mezgla nomai\u0146u, veiciet \u0161\u012bs darb\u012bbas:<\/p>\n<ol>\n<li>P\u0101rliecinieties, ka teritorija ir br\u012bva no jebk\u0101diem gru\u017eiem vai \u0161\u0137\u0113r\u0161\u013ciem.<\/li>\n<li>Novietojiet cilindru ar mont\u0101\u017eas kron\u0161teinu vai nor\u0101d\u012bto stiprin\u0101juma punktu.<\/li>\n<li>Dro\u0161i nostipriniet cilindru, izmantojot atbilsto\u0161us uzst\u0101d\u012b\u0161anas kron\u0161teinus vai skavas.<\/li>\n<li>Pievienojiet hidraulisk\u0101s l\u012bnijas atbilsto\u0161i sist\u0113mas specifik\u0101cij\u0101m.<\/li>\n<li>Pirms piln\u012bgas cilindra lieto\u0161anas p\u0101rbaudiet t\u0101 pareizu darb\u012bbu.<\/li>\n<\/ol>\n<p>\t<img decoding=\"async\" src=\"https:\/\/www.hydraulic-cylinders.net\/wp-content\/uploads\/2024\/12\/Replacement-Of-John-Deere-Hydraulic-Cylinder-7.webp\" alt=\"Hidraulisk\u0101 cilindra att\u0113ls\"><\/p>\n<h2>Apkopes uzdevumi<\/h2>\n<p>Lai nodro\u0161in\u0101tu WZ32451034 hidraulisk\u0101 cilindra mezgla nomai\u0146as optim\u0101lu veiktsp\u0113ju un ilgm\u016b\u017e\u012bbu, regul\u0101ri j\u0101veic \u0161\u0101di apkopes darbi:<\/p>\n<ol>\n<li>Regul\u0101ras p\u0101rbaudes, lai identific\u0113tu nolietotas vai boj\u0101tas deta\u013cas.<\/li>\n<li>Pareiza e\u013c\u013co\u0161ana, lai samazin\u0101tu berzi un nodro\u0161in\u0101tu vienm\u0113r\u012bgu darb\u012bbu.<\/li>\n<li>Bl\u012bv\u0113jumu nomai\u0146a nepiecie\u0161am\u012bbas gad\u012bjum\u0101, lai nov\u0113rstu nopl\u016bdes.<\/li>\n<li>Kalibr\u0113\u0161anas p\u0101rbaudes prec\u012bzas funkcionalit\u0101tes uztur\u0113\u0161anai.<\/li>\n<\/ol>\n<p>Ir \u013coti svar\u012bgi pareizi uzst\u0101d\u012bt, iee\u013c\u013cot un noregul\u0113t hidraulisko cilindru. Uzst\u0101d\u012b\u0161anas laik\u0101 j\u0101nodro\u0161ina atbilsto\u0161a izl\u012bdzin\u0101\u0161anas vadl\u012bnijas, un cilindra efekt\u012bvai nostiprin\u0101\u0161anai ieteicams izmantot piem\u0113rotus uzst\u0101d\u012b\u0161anas kron\u0161teinus. Ir pieejamas ieteicam\u0101s p\u0101rbaudes, remonta un nomai\u0146as proced\u016bras, lai palielin\u0101tu hidraulisk\u0101 cilindra kalpo\u0161anas laiku.<\/p>\n<p>\t<img decoding=\"async\" src=\"https:\/\/www.hydraulic-cylinders.net\/wp-content\/uploads\/2024\/12\/Replacement-Of-John-Deere-Hydraulic-Cylinder-8.webp\" alt=\"Hidraulisk\u0101 cilindra att\u0113ls\"><\/p>\n<h2>Dro\u0161\u012bbas apsv\u0113rumi un vides faktori<\/h2>\n<p>Izmantojot WZ32451034 hidraulisk\u0101 cilindra mezgla nomai\u0146u, ir svar\u012bgi noteikt dro\u0161\u012bbas pas\u0101kumu priorit\u0101ti, lai nov\u0113rstu negad\u012bjumus un nodro\u0161in\u0101tu dro\u0161u darba vidi. Iz\u0161\u0137iro\u0161a noz\u012bme ir atbilsto\u0161ai apm\u0101c\u012bbai hidraulisk\u0101 cilindra lieto\u0161an\u0101 un ekspluat\u0101cij\u0101.<\/p>\n<h2>Probl\u0113mu nov\u0113r\u0161ana un bie\u017ei sastopamas probl\u0113mas<\/h2>\n<p>\u0160eit ir da\u017ei bie\u017ei sastopami probl\u0113mu nov\u0113r\u0161anas padomi un risin\u0101jumi, kas saist\u012bti ar WZ32451034 hidraulisk\u0101 cilindra mezgla nomai\u0146u:<\/p>\n<ul>\n<li>Ja cilindrs neizvirz\u0101s vai neievelkas, p\u0101rbaudiet hidraulisk\u0101 \u0161\u0137idruma l\u012bmeni un nodro\u0161iniet pareizu e\u013c\u013co\u0161anu.<\/li>\n<li>Troksnis vai vibr\u0101cija darb\u012bbas laik\u0101 var liecin\u0101t par nolietot\u0101m vai boj\u0101t\u0101m deta\u013c\u0101m. P\u0101rbaudiet un nomainiet t\u0101s, ja nepiecie\u0161ams.<\/li>\n<li>Ja ir nopl\u016bdes, p\u0101rbaudiet bl\u012bves un nomainiet t\u0101s, ja t\u0101s ir boj\u0101tas vai nolietotas.<\/li>\n<\/ul>\n<p>\t<img decoding=\"async\" src=\"https:\/\/www.hydraulic-cylinders.net\/wp-content\/uploads\/2024\/12\/hydraulic-cylinder-factory.webp\" alt=\"Hidraulisk\u0101 cilindra r\u016bpn\u012bcas att\u0113ls\"><\/p>\n<p>Visbeidzot, m\u0113s esam vado\u0161ais rezerves hidraulisko cilindru ra\u017eot\u0101js un vairumtirdzniec\u012bbas izplat\u012bt\u0101js. M\u016bsu uz\u0146\u0113mums pied\u0101v\u0101 pla\u0161u hidraulisko cilindru produktu kl\u0101stu un ir paz\u012bstams ar savu profesionalit\u0101ti, starptautiskajiem sertifik\u0101tiem, piel\u0101gotiem pakalpojumiem, modern\u0101ko ra\u017eo\u0161anas apr\u012bkojumu un izcilu p\u0113cp\u0101rdo\u0161anas atbalstu.<\/p>\n<p>Autors: Lails.<\/p>\n<p><\/body><br \/>\n<\/html><\/p>","protected":false},"excerpt":{"rendered":"<p>Replacement Of WZ32451034 Hydraulic Cylinder Assembly Replacement Of WZ32451034 Hydraulic Cylinder Assembly Product Description The Replacement Of WZ32451034 Hydraulic Cylinder Assembly is a crucial component in various industrial applications. It is designed to provide reliable and efficient hydraulic power to different types of machinery. This hydraulic cylinder assembly plays a vital role in lifting, pushing, [&hellip;]<\/p>","protected":false},"featured_media":14734,"comment_status":"open","ping_status":"closed","template":"","meta":{"_et_pb_use_builder":"","_et_pb_old_content":"","_et_gb_content_width":""},"product_brand":[],"product_cat":[1489],"product_tag":[1490,1492],"class_list":{"0":"post-14735","1":"product","2":"type-product","3":"status-publish","4":"has-post-thumbnail","6":"product_cat-replacement-of-john-deere-hydraulic-cylinder","7":"product_tag-replacement-of-hydraulic-cylinder","8":"product_tag-replacement-of-john-deere-hydraulic-cylinder","10":"first","11":"instock","12":"shipping-taxable","13":"product-type-simple"},"amp_enabled":true,"_links":{"self":[{"href":"https:\/\/www.hydraulic-cylinders.net\/lv\/wp-json\/wp\/v2\/product\/14735","targetHints":{"allow":["GET"]}}],"collection":[{"href":"https:\/\/www.hydraulic-cylinders.net\/lv\/wp-json\/wp\/v2\/product"}],"about":[{"href":"https:\/\/www.hydraulic-cylinders.net\/lv\/wp-json\/wp\/v2\/types\/product"}],"replies":[{"embeddable":true,"href":"https:\/\/www.hydraulic-cylinders.net\/lv\/wp-json\/wp\/v2\/comments?post=14735"}],"wp:featuredmedia":[{"embeddable":true,"href":"https:\/\/www.hydraulic-cylinders.net\/lv\/wp-json\/wp\/v2\/media\/14734"}],"wp:attachment":[{"href":"https:\/\/www.hydraulic-cylinders.net\/lv\/wp-json\/wp\/v2\/media?parent=14735"}],"wp:term":[{"taxonomy":"product_brand","embeddable":true,"href":"https:\/\/www.hydraulic-cylinders.net\/lv\/wp-json\/wp\/v2\/product_brand?post=14735"},{"taxonomy":"product_cat","embeddable":true,"href":"https:\/\/www.hydraulic-cylinders.net\/lv\/wp-json\/wp\/v2\/product_cat?post=14735"},{"taxonomy":"product_tag","embeddable":true,"href":"https:\/\/www.hydraulic-cylinders.net\/lv\/wp-json\/wp\/v2\/product_tag?post=14735"}],"curies":[{"name":"wp","href":"https:\/\/api.w.org\/{rel}","templated":true}]}}