{"id":14737,"date":"2025-01-18T08:04:06","date_gmt":"2025-01-18T08:04:06","guid":{"rendered":"https:\/\/www.hydraulic-cylinders.net\/product\/replacement-of-ah210323-hydraulic-cylinder-2\/"},"modified":"2025-01-18T08:04:08","modified_gmt":"2025-01-18T08:04:08","slug":"replacement-of-ah210323-hydraulic-cylinder-2","status":"publish","type":"product","link":"https:\/\/www.hydraulic-cylinders.net\/lv\/products\/replacement-of-ah210323-hydraulic-cylinder-2\/","title":{"rendered":"AH210323 hidraulisk\u0101 cilindra nomai\u0146a"},"content":{"rendered":"<p>AH210323 hidraulisk\u0101 cilindra nomai\u0146a<\/p>\n<h2>Ievads<\/h2>\n<p>AH210323 hidraulisk\u0101 cilindra nomai\u0146a ir hidrauliskais cilindrs, kas kalpo k\u0101 ori\u0123in\u0101l\u0101s deta\u013cas nomai\u0146a. Hidrauliskais cilindrs ir meh\u0101nisks izpildmeh\u0101nisms, ko izmanto, lai ar line\u0101ru g\u0101jienu nodro\u0161in\u0101tu line\u0101ru sp\u0113ku. To parasti izmanto da\u017e\u0101d\u0101s meh\u0101nisk\u0101s iek\u0101rt\u0101s kravu cel\u0161anai, spie\u0161anai un notur\u0113\u0161anai. \u0160is nomai\u0146as hidrauliskais cilindrs ir sader\u012bgs ar 260, 270, 325 un 328 mode\u013ciem.<\/p>\n<h2>Specifik\u0101cijas<\/h2>\n<p>AH210323 hidraulisk\u0101 cilindra rezerves da\u013ca sver 35 m\u0101rci\u0146as (15,6 kg), un t\u0101s izm\u0113ri ir 4 collas (10 cm) augstum\u0101, 5 collas (12,7 cm) platum\u0101 un 33,5 collas (85,9 cm) garum\u0101. T\u0101 ir paredz\u0113ta 260, 270, 325 un 328 mode\u013ciem.<\/p>\n<h2>Funkcijas<\/h2>\n<h3>1. Iztur\u012bba<\/h3>\n<p>AH210323 hidraulisk\u0101 cilindra nomai\u0146a ir \u013coti iztur\u012bga un var iztur\u0113t lielas slodzes un skarbus ekspluat\u0101cijas apst\u0101k\u013cus.<\/p>\n<h3>2. Precizit\u0101te<\/h3>\n<p>Hidrauliskais cilindrs ir paredz\u0113ts prec\u012bzai kravas vad\u012bbai un pozicion\u0113\u0161anai.<\/p>\n<h3>3. Sader\u012bba<\/h3>\n<p>AH210323 hidraulisk\u0101 cilindra nomai\u0146as deta\u013ca ir sader\u012bga ar 260, 270, 325 un 328 mode\u013ciem, t\u0101d\u0113j\u0101di atvieglojot ori\u0123in\u0101l\u0101s deta\u013cas nomai\u0146u.<\/p>\n<h3>4. Daudzpus\u012bba<\/h3>\n<p>Hidraulisko cilindru var izmantot da\u017e\u0101dos pielietojumos, piem\u0113ram, celtniec\u012bbas iek\u0101rt\u0101s, ra\u017eo\u0161an\u0101, transport\u0101 un avi\u0101cij\u0101.<\/p>\n<h3>5. Izmaksu zi\u0146\u0101 efekt\u012bvs<\/h3>\n<p>AH210323 hidraulisk\u0101 cilindra nomai\u0146a ir izmaksu zi\u0146\u0101 efekt\u012bva alternat\u012bva ori\u0123in\u0101lajai deta\u013cai.<\/p>\n<h2>Pieteikumi<\/h2>\n<h3>Celtniec\u012bbas apr\u012bkojums<\/h3>\n<p>AH210323 hidraulisk\u0101 cilindra nomai\u0146a parasti tiek izmantota celtniec\u012bbas iek\u0101rt\u0101s, piem\u0113ram, celt\u0146os, pac\u0113l\u0101jos un liftos, lai dro\u0161i notur\u0113tu smagas kravas.<\/p>\n<h3>Ra\u017eo\u0161ana<\/h3>\n<p>Hidraulisko cilindru izmanto spiediena ma\u0161\u012bn\u0101s, lai veidotu materi\u0101lus zem augsta spiediena, un tas prasa dro\u0161u notur\u0113\u0161anu, lai nov\u0113rstu negad\u012bjumus.<\/p>\n<h3>Transports<\/h3>\n<p>Hidrauliskais cilindrs tiek izmantots transportl\u012bdzek\u013cu stabilizatoros un domkratos, lai nodro\u0161in\u0101tu dro\u0161\u012bbu remonta vai transport\u0113\u0161anas laik\u0101.<\/p>\n<h3>Avi\u0101cija<\/h3>\n<p>Hidrauliskais cilindrs tiek izmantots lidma\u0161\u012bnu nolai\u0161an\u0101s sist\u0113mu sist\u0113m\u0101s, lai dro\u0161i notur\u0113tu nolai\u0161an\u0101s iek\u0101rtu pareizaj\u0101 poz\u012bcij\u0101 pacel\u0161an\u0101s un nolai\u0161an\u0101s laik\u0101.<\/p>\n<h2>Projekt\u0113\u0161anas apsv\u0113rumi un atlases standarti<\/h2>\n<h3>1. Kravnes\u012bba<\/h3>\n<p>AH210323 hidraulisk\u0101 cilindra nomai\u0146a ir paredz\u0113ta ar lielu kravnes\u012bbu, lai nodro\u0161in\u0101tu, ka tas var iztur\u0113t paredz\u0113t\u0101s slodzes.<\/p>\n<h3>2. Bl\u012bv\u0113\u0161ana<\/h3>\n<p>Hidrauliskais cilindrs ir konstru\u0113ts ar da\u017e\u0101diem bl\u012bv\u0113jumiem, piem\u0113ram, virzu\u013ca bl\u012bv\u0113m un stie\u0146a bl\u012bv\u0113m, lai nov\u0113rstu nopl\u016bdes un nodro\u0161in\u0101tu ilgsto\u0161u iztur\u012bbu.<\/p>\n<h3>3. Iztur\u012bba<\/h3>\n<p>Hidrauliskais cilindrs ir konstru\u0113ts t\u0101, lai iztur\u0113tu skarbus darba apst\u0101k\u013cus un lielas slodzes, nodro\u0161inot, ka tas priek\u0161laic\u012bgi nesaboj\u0101jas.<\/p>\n<h3>4. Dro\u0161\u012bba<\/h3>\n<p>Hidrauliskais cilindrs ir konstru\u0113ts ar dro\u0161\u012bbas funkcij\u0101m, piem\u0113ram, spiediena samazin\u0101\u0161anas v\u0101rstiem, lai nov\u0113rstu negad\u012bjumus p\u0101rslodzes d\u0113\u013c.<\/p>\n<h3>5. Apkope<\/h3>\n<p>Hidrauliskais cilindrs ir paredz\u0113ts vienk\u0101r\u0161ai apkopei, un t\u0101 deta\u013cas ir viegli nomain\u0101mas un viegli pieejamas tirg\u016b.<\/p>\n<h2>Bl\u012bv\u0113\u0161ana un e\u013c\u013co\u0161ana<\/h2>\n<p>AH210323 hidraulisk\u0101 cilindra nomai\u0146ai tiek izmantoti da\u017e\u0101di bl\u012bv\u0113jumi, piem\u0113ram, virzu\u013ca bl\u012bv\u0113jumi un stie\u0146a bl\u012bv\u0113jumi, kas izgatavoti no nodilumiztur\u012bgiem materi\u0101liem, piem\u0113ram, poliuret\u0101na un nitrila gumijas. Cilindra korpuss un v\u012bt\u0146ot\u0101 gala virsma ir prec\u012bzi apstr\u0101d\u0101ta, lai uzlabotu nodilumiztur\u012bbu. Hidrauliskajam cilindram ir nepiecie\u0161ama regul\u0101ra e\u013c\u013co\u0161ana ar atbilsto\u0161u hidraulisko e\u013c\u013cu, lai nodro\u0161in\u0101tu vienm\u0113r\u012bgu darb\u012bbu un nov\u0113rstu priek\u0161laic\u012bgu nodilumu.<\/p>\n<h2>Apkope un remonts<\/h2>\n<p>AH210323 hidraulisk\u0101 cilindra nomai\u0146ai nepiecie\u0161ama periodiska apkope, piem\u0113ram, regul\u0101ra p\u0101rbaude, e\u013c\u013co\u0161ana un bl\u012bv\u0113juma nomai\u0146a. Pareiza uzst\u0101d\u012b\u0161ana un izl\u012bdzin\u0101\u0161ana ir \u013coti svar\u012bga, lai nodro\u0161in\u0101tu ilgsto\u0161u iztur\u012bbu. Ja cilindrs saboj\u0101jas, to var salabot ar rezerves da\u013c\u0101m vai piln\u012bb\u0101 nomain\u012bt.<\/p>\n<h2>Produkta uzst\u0101d\u012b\u0161anas rokasgr\u0101mata<\/h2>\n<p>Pirms AH210323 hidraulisk\u0101 cilindra nomai\u0146as uzst\u0101d\u012b\u0161anas p\u0101rliecinieties, vai apr\u012bkojums ir dro\u0161i nostiprin\u0101ts un hidrauliskaj\u0101 sist\u0113m\u0101 nav spiediena. Iev\u0113rojiet ra\u017eot\u0101ja sniegtos nor\u0101d\u012bjumus, lai nodro\u0161in\u0101tu pareizu cilindra uzst\u0101d\u012b\u0161anu un izl\u012bdzin\u0101\u0161anu. Izmantojiet atbilsto\u0161us uzst\u0101d\u012b\u0161anas stiprin\u0101jumus, lai nostiprin\u0101tu cilindru viet\u0101.<\/p>\n<p><img src=\"https:\/\/www.hydraulic-cylinders.net\/wp-content\/uploads\/2024\/12\/Replacement-Of-John-Deere-Hydraulic-Cylinder-7.webp\"><\/p>\n<h2>Bie\u017ei sastopamie apkopes uzdevumi<\/h2>\n<h3>1. Regul\u0101ra p\u0101rbaude<\/h3>\n<p>Lai noteiktu jebk\u0101das nodiluma paz\u012bmes un nov\u0113rstu boj\u0101jumus, ir nepiecie\u0161ama periodiska hidraulisk\u0101 cilindra p\u0101rbaude.<\/p>\n<h3>2. E\u013c\u013co\u0161ana<\/h3>\n<p>Hidrauliskajam cilindram ir nepiecie\u0161ama regul\u0101ra e\u013c\u013co\u0161ana ar atbilsto\u0161u hidraulisko e\u013c\u013cu, lai nodro\u0161in\u0101tu vienm\u0113r\u012bgu darb\u012bbu un nov\u0113rstu priek\u0161laic\u012bgu nodilumu.<\/p>\n<h3>3. Bl\u012bv\u0113juma nomai\u0146a<\/h3>\n<p>Hidraulisk\u0101 cilindra bl\u012bves periodiski j\u0101nomaina, lai nov\u0113rstu nopl\u016bdes un nodro\u0161in\u0101tu pareizu darb\u012bbu.<\/p>\n<h2>Dro\u0161\u012bbas apsv\u0113rumi un vides faktori<\/h2>\n<p>Izmantojot AH210323 hidraulisk\u0101 cilindra nomai\u0146u, ir svar\u012bgi iev\u0113rot visus ra\u017eot\u0101ja sniegtos dro\u0161\u012bbas nor\u0101d\u012bjumus. Regul\u0101ra apkope un p\u0101rbaudes var pal\u012bdz\u0113t nov\u0113rst negad\u012bjumus. Lai nov\u0113rstu vides pies\u0101r\u0146ojumu, ir nepiecie\u0161ama pareiza hidraulisk\u0101 cilindra utiliz\u0101cija.<\/p>\n<p><img src=\"https:\/\/www.hydraulic-cylinders.net\/wp-content\/uploads\/2024\/12\/Replacement-Of-John-Deere-Hydraulic-Cylinder-8.webp\"><\/p>\n<h2>Probl\u0113mu nov\u0113r\u0161ana un bie\u017ei sastopamas probl\u0113mas<\/h2>\n<p>Bie\u017ei sastopamas hidraulisk\u0101 cilindra probl\u0113mas ir nopl\u016bdes, samazin\u0101ta veiktsp\u0113ja un nesp\u0113ja notur\u0113t slodzes. Ja rodas \u0161\u012bs probl\u0113mas, p\u0101rbaudiet cilindru, vai nav nodiluma paz\u012bmju, un nomainiet visas nolietot\u0101s deta\u013cas. Pareiza izl\u012bdzin\u0101\u0161ana ir \u013coti svar\u012bga, lai nodro\u0161in\u0101tu cilindra pareizu darb\u012bbu.<\/p>\n<p>Lai nov\u0113rstu bie\u017ei sastopamas probl\u0113mas, p\u0101rliecinieties, ka hidrauliskais cilindrs tiek regul\u0101ri apkopts, iee\u013c\u013cots un p\u0101rbaud\u012bts. Iev\u0113rojiet visus ra\u017eot\u0101ja sniegtos dro\u0161\u012bbas nor\u0101d\u012bjumus, lai nov\u0113rstu negad\u012bjumus.<\/p>\n<p>Autors: lil<\/p>\n<h2>Uz\u0146\u0113muma ievads<\/h2>\n<p>M\u0113s esam rezerves hidraulisko cilindru ra\u017eot\u0101js, pied\u0101v\u0101jot pla\u0161u produktu kl\u0101stu. M\u0113s esam viens no vado\u0161ajiem hidraulisko cilindru ra\u017eot\u0101jiem un vairumtirdzniec\u012bbas izplat\u012bt\u0101jiem viet\u0113j\u0101 un starptautiskaj\u0101 tirg\u016b.<\/p>\n<h3>Profesionalit\u0101te<\/h3>\n<p>Mums ir augsti kvalific\u0113tu speci\u0101listu komanda, kas ir ap\u0146\u0113musies nodro\u0161in\u0101t m\u016bsu klientiem augstas kvalit\u0101tes produktus un pakalpojumus.<\/p>\n<h3>Starptautisk\u0101s sertifik\u0101cijas<\/h3>\n<p>M\u016bsu produkti ir sertific\u0113ti atbilsto\u0161i starptautiskiem kvalit\u0101tes standartiem, kas nodro\u0161ina, ka m\u016bsu klientiem pied\u0101v\u0101jam tikai vislab\u0101kos produktus.<\/p>\n<h3>Piel\u0101go\u0161anas pakalpojumi<\/h3>\n<p>M\u0113s pied\u0101v\u0101jam piel\u0101go\u0161anas pakalpojumus, lai apmierin\u0101tu m\u016bsu klientu unik\u0101l\u0101s vajadz\u012bbas, nodro\u0161inot, ka vi\u0146i sa\u0146em vislab\u0101kos produktus, kas atbilst vi\u0146u pras\u012bb\u0101m.<\/p>\n<h3>M\u016bsdien\u012bg\u0101k\u0101s ra\u017eo\u0161anas iek\u0101rtas<\/h3>\n<p>M\u0113s izmantojam modern\u0101k\u0101s ra\u017eo\u0161anas iek\u0101rtas un metodes, lai nodro\u0161in\u0101tu augstas kvalit\u0101tes produktu ra\u017eo\u0161anu, kas atbilst m\u016bsu klientu vajadz\u012bb\u0101m.<\/p>\n<h3>P\u0113cp\u0101rdo\u0161anas serviss<\/h3>\n<p>M\u0113s nodro\u0161in\u0101m p\u0113cp\u0101rdo\u0161anas apkalpo\u0161anu, lai nodro\u0161in\u0101tu m\u016bsu klientu apmierin\u0101t\u012bbu ar m\u016bsu produktiem un pakalpojumiem. M\u016bsu ekspertu komanda vienm\u0113r ir pieejama, lai sniegtu tehnisko atbalstu un pal\u012bdz\u012bbu, kad vien tas nepiecie\u0161ams.<\/p>\n<p><img src=\"https:\/\/www.hydraulic-cylinders.net\/wp-content\/uploads\/2024\/12\/hydraulic-cylinder-factory.webp\"><\/p>","protected":false},"excerpt":{"rendered":"<p>Replacement Of AH210323 Hydraulic Cylinder Introduction The Replacement Of AH210323 Hydraulic Cylinder is a hydraulic cylinder that serves as a replacement for the original part. The hydraulic cylinder is a mechanical actuator that is used to give a linear force through a linear stroke. It is commonly used in various mechanical equipment for lifting, pressing, [&hellip;]<\/p>","protected":false},"featured_media":14736,"comment_status":"open","ping_status":"closed","template":"","meta":{"_et_pb_use_builder":"","_et_pb_old_content":"","_et_gb_content_width":""},"product_brand":[],"product_cat":[1489],"product_tag":[1490,1492],"class_list":{"0":"post-14737","1":"product","2":"type-product","3":"status-publish","4":"has-post-thumbnail","6":"product_cat-replacement-of-john-deere-hydraulic-cylinder","7":"product_tag-replacement-of-hydraulic-cylinder","8":"product_tag-replacement-of-john-deere-hydraulic-cylinder","10":"first","11":"instock","12":"shipping-taxable","13":"product-type-simple"},"amp_enabled":true,"_links":{"self":[{"href":"https:\/\/www.hydraulic-cylinders.net\/lv\/wp-json\/wp\/v2\/product\/14737","targetHints":{"allow":["GET"]}}],"collection":[{"href":"https:\/\/www.hydraulic-cylinders.net\/lv\/wp-json\/wp\/v2\/product"}],"about":[{"href":"https:\/\/www.hydraulic-cylinders.net\/lv\/wp-json\/wp\/v2\/types\/product"}],"replies":[{"embeddable":true,"href":"https:\/\/www.hydraulic-cylinders.net\/lv\/wp-json\/wp\/v2\/comments?post=14737"}],"wp:featuredmedia":[{"embeddable":true,"href":"https:\/\/www.hydraulic-cylinders.net\/lv\/wp-json\/wp\/v2\/media\/14736"}],"wp:attachment":[{"href":"https:\/\/www.hydraulic-cylinders.net\/lv\/wp-json\/wp\/v2\/media?parent=14737"}],"wp:term":[{"taxonomy":"product_brand","embeddable":true,"href":"https:\/\/www.hydraulic-cylinders.net\/lv\/wp-json\/wp\/v2\/product_brand?post=14737"},{"taxonomy":"product_cat","embeddable":true,"href":"https:\/\/www.hydraulic-cylinders.net\/lv\/wp-json\/wp\/v2\/product_cat?post=14737"},{"taxonomy":"product_tag","embeddable":true,"href":"https:\/\/www.hydraulic-cylinders.net\/lv\/wp-json\/wp\/v2\/product_tag?post=14737"}],"curies":[{"name":"wp","href":"https:\/\/api.w.org\/{rel}","templated":true}]}}