{"id":14755,"date":"2025-01-18T08:04:58","date_gmt":"2025-01-18T08:04:58","guid":{"rendered":"https:\/\/www.hydraulic-cylinders.net\/product\/replacement-of-bxe10603-hydraulic-cylinder-kit\/"},"modified":"2025-01-18T08:05:15","modified_gmt":"2025-01-18T08:05:15","slug":"replacement-of-bxe10603-hydraulic-cylinder-kit","status":"publish","type":"product","link":"https:\/\/www.hydraulic-cylinders.net\/lv\/products\/replacement-of-bxe10603-hydraulic-cylinder-kit\/","title":{"rendered":"BXE10603 hidraulisk\u0101 cilindra komplekta nomai\u0146a"},"content":{"rendered":"<h1>BXE10603 hidraulisk\u0101 cilindra komplekta nomai\u0146a<\/h1>\n<p>First, let&#8217;s introduce the product and define what this hydraulic cylinder is and its purpose. The Replacement Of BXE10603 Hydraulic Cylinder Kit is a high-quality replacement kit designed for the 8100, 8200, 8300, 8400, 8500, and 8600 models. It is built to withstand heavy-duty applications and ensure optimal performance.<\/p>\n<h2>Specifik\u0101cijas<\/h2>\n<ul>\n<li>Svars: 44 m\u0101rci\u0146as<\/li>\n<li>Augstums: 26,5 cm<\/li>\n<li>Platums: 15,6 collas<\/li>\n<li>Garums: 34,4 collas<\/li>\n<\/ul>\n<h2>Sader\u012bgi mode\u013ci<\/h2>\n<ul>\n<li>8100<\/li>\n<li>8200<\/li>\n<li>8300<\/li>\n<li>8400<\/li>\n<li>8500<\/li>\n<li>8600<\/li>\n<\/ul>\n<h2>Produkta funkcijas<\/h2>\n<ul>\n<li>1. Augstas kvalit\u0101tes konstrukcija: BXE10603 hidraulisk\u0101 cilindra komplekta nomai\u0146a ir izgatavota no iztur\u012bgiem materi\u0101liem, lai nodro\u0161in\u0101tu ilgsto\u0161u darb\u012bbu.<\/li>\n<li>2. Vienk\u0101r\u0161a uzst\u0101d\u012b\u0161ana: \u0160is komplekts ir paredz\u0113ts vienk\u0101r\u0161ai uzst\u0101d\u012b\u0161anai, nodro\u0161inot \u0101tru nomai\u0146u un minim\u0101lu d\u012bkst\u0101ves laiku.<\/li>\n<li>3. Daudzpus\u012bga sader\u012bba: t\u0101 ir sader\u012bga ar vair\u0101kiem mode\u013ciem, nodro\u0161inot \u0113rtu risin\u0101jumu da\u017e\u0101d\u0101m lietojumprogramm\u0101m.<\/li>\n<li>4. Izcila funkcionalit\u0101te: Hidraulisko cilindru komplekts pied\u0101v\u0101 izcilu veiktsp\u0113ju, uzlabojot j\u016bsu apr\u012bkojuma efektivit\u0101ti un produktivit\u0101ti.<\/li>\n<li>5. Izmaksu zi\u0146\u0101 efekt\u012bva alternat\u012bva: izv\u0113loties \u0161o nomai\u0146as komplektu, j\u016bs varat ietaup\u012bt uz d\u0101rg\u0101m ori\u0123in\u0101laj\u0101m rezerves da\u013c\u0101m, neapdraudot kvalit\u0101ti.<\/li>\n<\/ul>\n<h2>Pieteikumi<\/h2>\n<p>BXE10603 hidraulisk\u0101 cilindra komplekta nomai\u0146a tiek izmantota da\u017e\u0101d\u0101s nozar\u0113s:<\/p>\n<h3>B\u016bvniec\u012bba:<\/h3>\n<p>Parasti izmanto celtniec\u012bbas iek\u0101rt\u0101s, piem\u0113ram, celt\u0146os, pac\u0113l\u0101jos un liftos, kur nepiecie\u0161ama dro\u0161a un uzticama smagu kravu fiks\u0101cija.<\/p>\n<h3>Ra\u017eo\u0161ana:<\/h3>\n<p>Izmanto hidrauliskaj\u0101s pres\u0113s materi\u0101lu veido\u0161anai zem augsta spiediena, kur ra\u017eo\u0161anas proces\u0101 ir nepiecie\u0161ama stabila un dro\u0161a fiks\u0101cija.<\/p>\n<h3>Transports:<\/h3>\n<p>Atrodams transportl\u012bdzek\u013cu stabilizatoros un domkratos, nodro\u0161inot dro\u0161\u012bbu apkopes vai transport\u0113\u0161anas procesu laik\u0101.<\/p>\n<h3>Avi\u0101cija:<\/h3>\n<p>Izmanto \u0161asijas sist\u0113m\u0101s, lai dro\u0161i nofiks\u0113tu \u0161asiju pareizaj\u0101 poz\u012bcij\u0101 pacel\u0161an\u0101s un nos\u0113\u0161an\u0101s laik\u0101, nodro\u0161inot lidapar\u0101ta dro\u0161\u012bbu.<\/p>\n<h2>Dizaina apsv\u0113rumi un atlases krit\u0113riji<\/h2>\n<p>Izv\u0113loties BXE10603 hidraulisk\u0101 cilindra komplekta nomai\u0146u, tiek \u0146emti v\u0113r\u0101 vair\u0101ki konstrukcijas apsv\u0113rumi un krit\u0113riji:<\/p>\n<h3>Nestsp\u0113ja:<\/h3>\n<p>Hidraulisko cilindru komplekts ir paredz\u0113ts lielu slod\u017eu apstr\u0101dei un uzticama atbalsta nodro\u0161in\u0101\u0161anai da\u017e\u0101diem pielietojumiem.<\/p>\n<h3>Bl\u012bv\u0113jums:<\/h3>\n<p>Komplekt\u0101 ir iek\u013cauti da\u017e\u0101di bl\u012bv\u0113\u0161anas komponenti, piem\u0113ram, virzu\u013ca bl\u012bvsl\u0113gi \u200b\u200bun stie\u0146u bl\u012bvsl\u0113gi, kas izgatavoti no nodilumiztur\u012bgiem materi\u0101liem, piem\u0113ram, poliuret\u0101na un nitrila gumijas, lai nodro\u0161in\u0101tu efekt\u012bvu bl\u012bv\u0113\u0161anu un nov\u0113rstu nopl\u016bdes.<\/p>\n<h3>Iztur\u012bba:<\/h3>\n<p>Komplekta cilindra korpuss un v\u012bt\u0146otie gali tiek r\u016bp\u012bgi apstr\u0101d\u0101ti, lai uzlabotu nodilumiztur\u012bbu un pagarin\u0101tu hidraulisk\u0101 cilindra kalpo\u0161anas laiku.<\/p>\n<h3>Dro\u0161\u012bba:<\/h3>\n<p>BXE10603 hidraulisk\u0101 cilindra komplekta nomai\u0146a atbilst dro\u0161\u012bbas standartiem un ietver dro\u0161\u012bbas funkcijas, lai nov\u0113rstu negad\u012bjumus darb\u012bbas laik\u0101.<\/p>\n<h3>Apkope:<\/h3>\n<p>Lai nodro\u0161in\u0101tu hidraulisk\u0101 cilindra optim\u0101lu darb\u012bbu un ilgm\u016b\u017e\u012bbu, nepiecie\u0161ama regul\u0101ra apkope un p\u0101rbaudes. Pareiza e\u013c\u013co\u0161ana ar pareizu hidraulisk\u0101s e\u013c\u013cas daudzumu ir \u013coti svar\u012bga netrauc\u0113tai darb\u012bbai.<\/p>\n<h2>P\u0101rbaudes un profilaktisk\u0101s apkopes pas\u0101kumi<\/h2>\n<p>Lai maksim\u0101li palielin\u0101tu BXE10603 hidraulisk\u0101 cilindra komplekta nomai\u0146as kalpo\u0161anas laiku, j\u0101veic \u0161\u0101di pas\u0101kumi:<\/p>\n<h3>1. Regul\u0101ras p\u0101rbaudes:<\/h3>\n<p>P\u0101rbaudiet hidraulisko cilindru, vai nav nodiluma, boj\u0101jumu vai nopl\u016b\u017eu paz\u012bmju. P\u0101rbaudiet mont\u0101\u017eas kron\u0161teinus, stiprin\u0101jumus un savienojumus, vai tie ir stingri un stabili.<\/p>\n<h3>2. Pareiza e\u013c\u013co\u0161ana:<\/h3>\n<p>P\u0101rliecinieties, ka cilindrs ir pien\u0101c\u012bgi iee\u013c\u013cots ar ieteicamo hidraulisko e\u013c\u013cu, lai samazin\u0101tu berzi un nodilumu.<\/p>\n<h3>3. Bl\u012bv\u0113juma nomai\u0146a:<\/h3>\n<p>Uzraugiet bl\u012bv\u0113jumu st\u0101vokli un nomainiet tos, ja tiek konstat\u0113tas nodiluma vai nopl\u016bdes paz\u012bmes.<\/p>\n<h3>Pareiza izl\u012bdzin\u0101\u0161ana:<\/h3>\n<p>Uzst\u0101d\u012b\u0161anas laik\u0101 nodro\u0161iniet atbilsto\u0161us nor\u0101d\u012bjumus cilindra izl\u012bdzin\u0101\u0161anai, lai nov\u0113rstu nepareizu izl\u012bdzin\u0101\u0161anu un iesp\u0113jamus boj\u0101jumus.<\/p>\n<h3>Ieteicam\u0101s apkopes un remonta proced\u016bras:<\/h3>\n<p>Iev\u0113rojiet ra\u017eot\u0101ja ieteikt\u0101s apkopes, remonta un deta\u013cu nomai\u0146as proced\u016bras. Apsveriet iesp\u0113ju izmantot atjauno\u0161anas pakalpojumus, lai pagarin\u0101tu hidraulisk\u0101 cilindra kalpo\u0161anas laiku.<\/p>\n<h3>Padomi dz\u012bves ilguma palielin\u0101\u0161anai:<\/h3>\n<p>Ieviesiet t\u0101das metodes k\u0101 regul\u0101ras p\u0101rbaudes, atbilsto\u0161a e\u013c\u013co\u0161ana un prevent\u012bvie pas\u0101kumi, lai uzlabotu BXE10603 hidraulisk\u0101 cilindra komplekta iztur\u012bbu un ilgm\u016b\u017e\u012bbu.<\/p>\n<h2>Dro\u0161\u012bbas apsv\u0113rumi un vides faktori<\/h2>\n<p>Str\u0101d\u0101jot ar hidrauliskajiem cilindriem, ir svar\u012bgi noteikt dro\u0161\u012bbas pas\u0101kumu priorit\u0101ti. Da\u017ei svar\u012bgi dro\u0161\u012bbas apsv\u0113rumi ir \u0161\u0101di:<\/p>\n<p>1. Iev\u0113rojiet dro\u0161\u012bbas protokolus un vadl\u012bnijas, lai nov\u0113rstu negad\u012bjumus un traumas.<\/p>\n<p>2. R\u012bkojoties ar hidrauliskajiem cilindriem vai str\u0101d\u0101jot to tuvum\u0101, izmantojiet atbilsto\u0161us individu\u0101los aizsardz\u012bbas l\u012bdzek\u013cus (IAL).<\/p>\n<p>3. Nodro\u0161in\u0101t atbilsto\u0161u apm\u0101c\u012bbu un kvalifik\u0101ciju person\u0101lam, kas iesaist\u012bts hidraulisko cilindru uzst\u0101d\u012b\u0161an\u0101, apkop\u0113 un ekspluat\u0101cij\u0101.<\/p>\n<p>4. \u0145emiet v\u0113r\u0101 t\u0101dus vides faktorus k\u0101 temperat\u016bra, mitrums un saskare ar kod\u012bg\u0101m viel\u0101m, kas var ietekm\u0113t hidraulisk\u0101 cilindra darb\u012bbu un kalpo\u0161anas laiku.<\/p>\n<h2>K\u013c\u016bmju diagnostika un bie\u017e\u0101k sastopam\u0101s probl\u0113mas<\/h2>\n<p>T\u0101l\u0101k ir nor\u0101d\u012btas da\u017eas bie\u017ei sastopamas k\u013c\u016bmju diagnozes un probl\u0113mas, kas var rasties:<\/p>\n<h3>1. Nopl\u016bde:<\/h3>\n<p>Ja ir redzama nopl\u016bde, p\u0101rbaudiet bl\u012bves un savienojumus, vai tie nav boj\u0101ti vai nepareizi uzst\u0101d\u012bti.<\/p>\n<h3>2. Nepietiekams sp\u0113ks:<\/h3>\n<p>P\u0101rbaudiet, vai hidrauliskaj\u0101s l\u012bnij\u0101s nav ierobe\u017eojumu, nepietiekama hidraulisk\u0101s e\u013c\u013cas daudzuma vai nolietotu deta\u013cu, kas var\u0113tu ietekm\u0113t sp\u0113ka izvadi.<\/p>\n<h3>3. Neparasts troksnis:<\/h3>\n<p>Neparastas ska\u0146as var liecin\u0101t par iek\u0161\u0113jiem boj\u0101jumiem vai nepietiekamu e\u013c\u013co\u0161anu. P\u0101rbaudiet cilindru, vai nav nolietotu vai boj\u0101tu deta\u013cu.<\/p>\n<h3>4. L\u0113na darb\u012bba:<\/h3>\n<p>Nepietiekama e\u013c\u013co\u0161ana, zems hidrauliskais spiediens vai nolietotas bl\u012bves var izrais\u012bt l\u0113nu darb\u012bbu. Nekav\u0113joties nov\u0113rsiet \u0161\u012bs probl\u0113mas, lai atjaunotu optim\u0101lu veiktsp\u0113ju.<\/p>\n<h2>Probl\u0113mu nov\u0113r\u0161anas padomi un risin\u0101jumi<\/h2>\n<p>Lai efekt\u012bvi nov\u0113rstu probl\u0113mas un nov\u0113rstu t\u0101s, \u0146emiet v\u0113r\u0101 \u0161\u0101dus padomus:<\/p>\n<h3>1. Nopl\u016bde:<\/h3>\n<p>Ja tiek konstat\u0113ta nopl\u016bde, p\u0101rliecinieties, vai bl\u012bves un savienojumi ir pareizi uzst\u0101d\u012bti. Nomainiet boj\u0101t\u0101s bl\u012bves un pievelciet savienojumus, ja nepiecie\u0161ams.<\/p>\n<h3>2. Nepietiekams sp\u0113ks:<\/h3>\n<p>P\u0101rbaudiet, vai hidrauliskaj\u0101s l\u012bnij\u0101s nav aizsprostojumu vai ierobe\u017eojumu. P\u0101rliecinieties, vai hidraulisk\u0101s e\u013c\u013cas l\u012bmenis ir pietiekams, un, ja nepiecie\u0161ams, nomainiet nolietot\u0101s deta\u013cas.<\/p>\n<h3>3. Neparasts troksnis:<\/h3>\n<p>Ja ir dzirdams neparasts troksnis, p\u0101rbaudiet, vai cilindr\u0101 nav boj\u0101tu vai nolietotu deta\u013cu. Pareizi iee\u013c\u013cojiet cilindru un nomainiet visas boj\u0101t\u0101s deta\u013cas.<\/p>\n<h3>4. L\u0113na darb\u012bba:<\/h3>\n<p>P\u0101rbaudiet e\u013c\u013co\u0161anas l\u012bme\u0146us un p\u0101rliecinieties, vai hidrauliskais spiediens ir ieteicamaj\u0101 diapazon\u0101. Ja nepiecie\u0161ams, nomainiet nolietot\u0101s bl\u012bves un deta\u013cas.<\/p>\n<h2>Par m\u016bsu uz\u0146\u0113mumu<\/h2>\n<p>M\u0113s esam vado\u0161ais hidraulisko cilindru ra\u017eot\u0101js un vairumtirdzniec\u012bbas izplat\u012bt\u0101js, kas specializ\u0113jas rezerves hidraulisko cilindru ra\u017eo\u0161an\u0101. M\u016bsu pla\u0161ais produktu kl\u0101sts padara m\u016bs par iev\u0113rojamu sp\u0113l\u0113t\u0101ju gan viet\u0113j\u0101, gan starptautiskaj\u0101 tirg\u016b.<\/p>\n<p>M\u016bsu uz\u0146\u0113mums izce\u013cas ar:<\/p>\n<h3>Profesionalit\u0101te:<\/h3>\n<p>Mums ir pieredz\u0113ju\u0161u profesion\u0101\u013cu komanda, kas velt\u012bta augstas kvalit\u0101tes hidraulisko cilindru risin\u0101jumu pieg\u0101dei.<\/p>\n<h3>Starptautisk\u0101s sertifik\u0101cijas:<\/h3>\n<p>Visi m\u016bsu produkti atbilst starptautiski atz\u012btiem standartiem un tiek pak\u013cauti stingr\u0101m kvalit\u0101tes kontroles proced\u016br\u0101m.<\/p>\n<h3>Piel\u0101go\u0161anas pakalpojumi:<\/h3>\n<p>M\u0113s pied\u0101v\u0101jam piel\u0101go\u0161anas iesp\u0113jas, lai apmierin\u0101tu \u012bpa\u0161as klientu pras\u012bbas un nodro\u0161in\u0101tu optim\u0101lu veiktsp\u0113ju.<\/p>\n<h3>M\u016bsdien\u012bgas ra\u017eo\u0161anas iek\u0101rtas:<\/h3>\n<p>M\u016bsu modern\u0101s ra\u017eo\u0161anas iek\u0101rtas \u013cauj mums ra\u017eot hidrauliskos cilindrus ar precizit\u0101ti un efektivit\u0101ti.<\/p>\n<h3>Izcils p\u0113cp\u0101rdo\u0161anas serviss:<\/h3>\n<p>M\u0113s pied\u0101v\u0101jam visaptvero\u0161u p\u0113cp\u0101rdo\u0161anas atbalstu, tostarp tehnisko pal\u012bdz\u012bbu, apkopes nor\u0101d\u012bjumus un \u0101tru atbildi uz klientu jaut\u0101jumiem.<\/p>\n<p><img decoding=\"async\" src=\"https:\/\/www.hydraulic-cylinders.net\/wp-content\/uploads\/2024\/12\/hydraulic-cylinder-factory.webp\" alt=\"Uz\u0146\u0113muma r\u016bpn\u012bcas att\u0113ls\"><\/p>\n<p>Atcerieties lo\u0123iski sak\u0101rtot rakstu, izmantot apak\u0161virsrakstus \u0113rtai navig\u0101cijai, iek\u013caut atbilsto\u0161us att\u0113lus vai diagrammas, lai uzlabotu izpratni, un nodro\u0161in\u0101t, lai saturs b\u016btu skaidrs, kodol\u012bgs un piem\u0113rots las\u012bt\u0101jiem ar da\u017e\u0101diem tehnisko zin\u0101\u0161anu l\u012bme\u0146iem.<\/p>\n<p>Autors: lil<\/p>","protected":false},"excerpt":{"rendered":"<p>Replacement Of BXE10603 Hydraulic Cylinder Kit First, let&#8217;s introduce the product and define what this hydraulic cylinder is and its purpose. The Replacement Of BXE10603 Hydraulic Cylinder Kit is a high-quality replacement kit designed for the 8100, 8200, 8300, 8400, 8500, and 8600 models. It is built to withstand heavy-duty applications and ensure optimal performance. [&hellip;]<\/p>","protected":false},"featured_media":14754,"comment_status":"open","ping_status":"closed","template":"","meta":{"_et_pb_use_builder":"","_et_pb_old_content":"","_et_gb_content_width":""},"product_brand":[],"product_cat":[1489],"product_tag":[1490,1492],"class_list":{"0":"post-14755","1":"product","2":"type-product","3":"status-publish","4":"has-post-thumbnail","6":"product_cat-replacement-of-john-deere-hydraulic-cylinder","7":"product_tag-replacement-of-hydraulic-cylinder","8":"product_tag-replacement-of-john-deere-hydraulic-cylinder","10":"first","11":"instock","12":"shipping-taxable","13":"product-type-simple"},"amp_enabled":true,"_links":{"self":[{"href":"https:\/\/www.hydraulic-cylinders.net\/lv\/wp-json\/wp\/v2\/product\/14755","targetHints":{"allow":["GET"]}}],"collection":[{"href":"https:\/\/www.hydraulic-cylinders.net\/lv\/wp-json\/wp\/v2\/product"}],"about":[{"href":"https:\/\/www.hydraulic-cylinders.net\/lv\/wp-json\/wp\/v2\/types\/product"}],"replies":[{"embeddable":true,"href":"https:\/\/www.hydraulic-cylinders.net\/lv\/wp-json\/wp\/v2\/comments?post=14755"}],"wp:featuredmedia":[{"embeddable":true,"href":"https:\/\/www.hydraulic-cylinders.net\/lv\/wp-json\/wp\/v2\/media\/14754"}],"wp:attachment":[{"href":"https:\/\/www.hydraulic-cylinders.net\/lv\/wp-json\/wp\/v2\/media?parent=14755"}],"wp:term":[{"taxonomy":"product_brand","embeddable":true,"href":"https:\/\/www.hydraulic-cylinders.net\/lv\/wp-json\/wp\/v2\/product_brand?post=14755"},{"taxonomy":"product_cat","embeddable":true,"href":"https:\/\/www.hydraulic-cylinders.net\/lv\/wp-json\/wp\/v2\/product_cat?post=14755"},{"taxonomy":"product_tag","embeddable":true,"href":"https:\/\/www.hydraulic-cylinders.net\/lv\/wp-json\/wp\/v2\/product_tag?post=14755"}],"curies":[{"name":"wp","href":"https:\/\/api.w.org\/{rel}","templated":true}]}}