{"id":1479,"date":"2023-09-26T06:16:33","date_gmt":"2023-09-26T06:16:33","guid":{"rendered":"https:\/\/hydraulic-cylinders.net\/?post_type=product&#038;p=1479"},"modified":"2025-04-11T03:41:35","modified_gmt":"2025-04-11T03:41:35","slug":"small-excavator-bucket-cylinder","status":"publish","type":"product","link":"https:\/\/www.hydraulic-cylinders.net\/lv\/products\/small-excavator-bucket-cylinder\/","title":{"rendered":"Mazs ekskavatora kausa cilindrs"},"content":{"rendered":"<h1 style=\"text-align: center;\"><strong>Mazs ekskavatora kausa cilindrs<\/strong><\/h1>\n<p><img loading=\"lazy\" decoding=\"async\" class=\"aligncenter wp-image-1480\" src=\"https:\/\/hydraulic-cylinders.net\/wp-content\/uploads\/2023\/09\/bucket-cylinder-1-300x300.webp\" alt=\"\" width=\"400\" height=\"400\" \/><\/p>\n<p>Maz\u0101 ekskavatora kausa cilindrs ir augstas veiktsp\u0113jas hidrauliska sast\u0101vda\u013ca, kas paredz\u0113ta, lai optimiz\u0113tu mazo ekskavatoru rak\u0161anas un cel\u0161anas sp\u0113jas. Pateicoties kompaktajam izm\u0113ram un iztur\u012bgajai konstrukcijai, \u0161is cilindrs pied\u0101v\u0101 izcilu iztur\u012bbu, precizit\u0101ti un ilgm\u016b\u017e\u012bbu.<\/p>\n<p>Maz\u0101 ekskavatora kausa cilindrs ir iztur\u012bga un uzticama hidrauliska sast\u0101vda\u013ca, kas uzlabo mazo ekskavatoru efektivit\u0101ti un daudzpus\u012bbu. Pateicoties kompaktajam dizainam, augstajai celtsp\u0113jai un prec\u012bzajai vad\u012bbai, \u0161is cilindrs \u013cauj operatoriem \u0101tri un prec\u012bzi veikt da\u017e\u0101dus rak\u0161anas darbus. Iev\u0113rojot ieteicam\u0101s lieto\u0161anas metodes un apkopes praksi, operatori var nodro\u0161in\u0101t maz\u0101 ekskavatora kausa cilindra optim\u0101lu veiktsp\u0113ju un ilgm\u016b\u017e\u012bbu, k\u0101 rezult\u0101t\u0101 palielin\u0101s produktivit\u0101te un tiks veiksm\u012bgi pabeigti b\u016bvniec\u012bbas un rak\u0161anas projekti. Ieguldiet \u0161aj\u0101 izcilaj\u0101 hidrauliskaj\u0101 cilindr\u0101, lai paaugstin\u0101tu sava maz\u0101 ekskavatora iesp\u0113jas un sasniegtu izcilus rezult\u0101tus rak\u0161anas un cel\u0161anas darbos.<\/p>\n<p>Maza ekskavatora kausa cilindra galven\u0101s \u012bpa\u0161\u012bbas:<\/p>\n<ol>\n<li>Kompakts dizains un viegla konstrukcija<\/li>\n<\/ol>\n<ul>\n<li>Maz\u0101 ekskavatora kausa cilindrs ir \u012bpa\u0161i izstr\u0101d\u0101ts maziem ekskavatoriem, nodro\u0161inot perfektu piem\u0113rot\u012bbu un optim\u0101lu veiktsp\u0113ju.<\/li>\n<li>T\u0101 kompaktais dizains un viegl\u0101 konstrukcija samazina ekskavatora kop\u0113jo svaru, uzlabojot manevr\u0113tsp\u0113ju un degvielas ekonomiju.<\/li>\n<\/ul>\n<ol start=\"2\">\n<li>Augsta celtsp\u0113ja un rak\u0161anas sp\u0113ks<\/li>\n<\/ol>\n<ul>\n<li>Neskatoties uz mazo izm\u0113ru, cilindrs nodro\u0161ina iespaid\u012bgu celtsp\u0113ju un rak\u0161anas sp\u0113ku, kas \u013cauj efekt\u012bvi veikt rak\u0161anas darbus un materi\u0101lu apstr\u0101di.<\/li>\n<li>Tas \u013cauj ekskavatoram \u0101tri un prec\u012bzi veikt pla\u0161u uzdevumu kl\u0101stu, s\u0101kot no tran\u0161eju rak\u0161anas l\u012bdz gru\u017eu t\u012br\u012b\u0161anai.<\/li>\n<\/ul>\n<ol start=\"3\">\n<li>Vienm\u0113r\u012bga darb\u012bba un prec\u012bza vad\u012bba<\/li>\n<\/ol>\n<ul>\n<li>Cilindra uzlabot\u0101 hidraulisk\u0101 sist\u0113ma nodro\u0161ina vienm\u0113r\u012bgu un prec\u012bzu darb\u012bbu, \u013caujot prec\u012bzi novietot kausu efekt\u012bvai rak\u0161anai un iekrau\u0161anai.<\/li>\n<li>Tas pied\u0101v\u0101 lielisku ekskavatora kust\u012bbu kontroli, \u013caujot operatoriem str\u0101d\u0101t \u0161aur\u0101s telp\u0101s un sasniegt optim\u0101lus rezult\u0101tus.<\/li>\n<\/ul>\n<ol start=\"4\">\n<li>Iztur\u012bga konstrukcija un iztur\u012bba<\/li>\n<\/ol>\n<ul>\n<li>Mazais ekskavatora kausa cilindrs ir izgatavots no augstas kvalit\u0101tes materi\u0101liem un iev\u0113rojot stingrus ra\u017eo\u0161anas standartus, un tam ir izcila iztur\u012bba un ilgm\u016b\u017e\u012bba.<\/li>\n<li>Tas iztur sare\u017e\u0123\u012btus darba apst\u0101k\u013cus, tostarp intens\u012bvu rak\u0161anu un bie\u017eu ekspluat\u0101ciju, nodro\u0161inot uzticamu veiktsp\u0113ju ilg\u0101k\u0101 kalpo\u0161anas laik\u0101.<\/li>\n<\/ul>\n<h2><strong>Maza ekskavatora kausa cilindra parametrs:<\/strong><\/h2>\n<table border=\"1\" cellspacing=\"0\" cellpadding=\"0\">\n<tbody>\n<tr>\n<td>Produkta nosaukums<\/td>\n<td>Mazs ekskavatora kausa cilindrs<\/td>\n<\/tr>\n<tr>\n<td>Funkcijas:<\/td>\n<td>Kontrol\u0113jiet kausa darb\u012bbu<\/td>\n<\/tr>\n<tr>\n<td>Urbuma diametrs:<\/td>\n<td>50 mm\uff5e105 mm<\/td>\n<\/tr>\n<tr>\n<td>Stie\u0146a diametrs:<\/td>\n<td>25 mm\uff5e70 mm<br \/>\nG\u0101jiens \u22641000 mm<\/td>\n<\/tr>\n<tr>\n<td>Vilces sp\u0113ks:<\/td>\n<td>Maksim\u0101l\u0101 jauda 255 kN<\/td>\n<\/tr>\n<tr>\n<td>Urbuma diametrs:<\/td>\n<td>105 mm\/spiediens 29,4 MPa<\/td>\n<\/tr>\n<\/tbody>\n<\/table>\n<h2><strong>Maza ekskavatora kausa cilindra identifik\u0101cijas sh\u0113ma:<\/strong><\/h2>\n<p><img loading=\"lazy\" decoding=\"async\" class=\"alignnone wp-image-1481 size-full\" src=\"https:\/\/hydraulic-cylinders.net\/wp-content\/uploads\/2023\/09\/bucket-cylinder-construction.webp\" alt=\"\" width=\"1481\" height=\"988\" srcset=\"https:\/\/hydraulic-cylinders.net\/wp-content\/uploads\/2023\/09\/bucket-cylinder-construction.webp 1481w, https:\/\/hydraulic-cylinders.net\/wp-content\/uploads\/2023\/09\/bucket-cylinder-construction-1280x854.webp 1280w, https:\/\/hydraulic-cylinders.net\/wp-content\/uploads\/2023\/09\/bucket-cylinder-construction-980x654.webp 980w, https:\/\/hydraulic-cylinders.net\/wp-content\/uploads\/2023\/09\/bucket-cylinder-construction-480x320.webp 480w\" sizes=\"(min-width: 0px) and (max-width: 480px) 480px, (min-width: 481px) and (max-width: 980px) 980px, (min-width: 981px) and (max-width: 1280px) 1280px, (min-width: 1281px) 1481px, 100vw\" \/><\/p>\n<h2><strong>Maza ekskavatora kausa cilindra apkope:<\/strong><\/h2>\n<ol>\n<li><strong>Regul\u0101ras p\u0101rbaudes<\/strong><\/li>\n<\/ol>\n<ul>\n<li>Pirms katras darb\u012bbas veiciet maz\u0101 ekskavatora kausa cilindra vizu\u0101lu p\u0101rbaudi, lai noteiktu jebk\u0101das nopl\u016bdes, boj\u0101jumu vai nodiluma paz\u012bmes.<\/li>\n<li>P\u0101rbaudiet hidraulisko savienojumu, bl\u012bv\u0113jumu un stiprin\u0101juma punktu herm\u0113tiskumu un integrit\u0101ti.<\/li>\n<li>P\u0101rbaudiet cilindra stieni un cilindra korpusu, vai nav korozijas vai ieskr\u0101p\u0113jumu paz\u012bmju.<\/li>\n<\/ul>\n<ol start=\"2\">\n<li><strong>E\u013c\u013co\u0161ana un t\u012br\u012b\u0161ana<\/strong><\/li>\n<\/ol>\n<ul>\n<li>Iev\u0113rojiet ra\u017eot\u0101ja ieteikumus par e\u013c\u013co\u0161anas interv\u0101liem un proced\u016br\u0101m.<\/li>\n<li>Uz cilindra stie\u0146a un bl\u012bv\u0113m uzkl\u0101jiet piem\u0113rotas sm\u0113rvielas, lai samazin\u0101tu berzi un nodro\u0161in\u0101tu vienm\u0113r\u012bgu darb\u012bbu.<\/li>\n<li>Regul\u0101ri t\u012briet cilindru un apk\u0101rt\u0113j\u0101s sast\u0101vda\u013cas, lai no\u0146emtu net\u012brumus, gru\u017eus un pies\u0101r\u0146ot\u0101jus, kas ietekm\u0113 veiktsp\u0113ju.<\/li>\n<\/ul>\n<ol start=\"3\">\n<li><strong>\u0160\u0137idruma monitorings<\/strong><\/li>\n<\/ol>\n<ul>\n<li>Regul\u0101ri p\u0101rbaudiet hidraulisk\u0101 \u0161\u0137idruma l\u012bmeni ekskavatora hidrauliskaj\u0101 sist\u0113m\u0101.<\/li>\n<li>Uztur\u0113t atbilsto\u0161u \u0161\u0137idruma l\u012bmeni un kvalit\u0101ti saska\u0146\u0101 ar ra\u017eot\u0101ja specifik\u0101cij\u0101m.<\/li>\n<li>Uzraugiet hidraulisko sist\u0113mu, vai nav \u0161\u0137idruma pies\u0101r\u0146ojuma vai boj\u0101\u0161an\u0101s paz\u012bmju, un nekav\u0113joties nov\u0113rsiet t\u0101s.<\/li>\n<\/ul>\n<ol start=\"4\">\n<li><strong>Profesion\u0101la apkalpo\u0161ana<\/strong><\/li>\n<\/ol>\n<ul>\n<li>Pl\u0101nojiet regul\u0101ru apkopi un apkalpo\u0161anu pie kvalific\u0113tiem tehni\u0137iem.<\/li>\n<li>Jebkuriem maz\u0101 ekskavatora kausa cilindra remonta, nomai\u0146as vai probl\u0113mu nov\u0113r\u0161anas jaut\u0101jumiem mekl\u0113jiet profesion\u0101lu pal\u012bdz\u012bbu.<\/li>\n<li>Lai maksim\u0101li palielin\u0101tu cilindra veiktsp\u0113ju un ilgm\u016b\u017e\u012bbu, iev\u0113rojiet ieteicamo apkopes grafiku.<\/li>\n<\/ul>\n<h2><strong>K\u0101da izm\u0113ra cilindrs ekskavatora \u012bk\u0161\u0137im?<\/strong><\/h2>\n<p>Ekskavatora \u012bk\u0161\u0137a cilindra izm\u0113rs var at\u0161\u0137irties atkar\u012bb\u0101 no ekskavatora \u012bpa\u0161aj\u0101m pras\u012bb\u0101m un \u012bk\u0161\u0137a stiprin\u0101juma paredz\u0113t\u0101 lietojuma. Atbilsto\u0161o cilindra izm\u0113ru parasti nosaka, \u0146emot v\u0113r\u0101 t\u0101dus faktorus k\u0101 ekskavatora darba svars, v\u0113lam\u0101 \u012bk\u0161\u0137a celtsp\u0113ja un sader\u012bba ar ekskavatora hidraulisko sist\u0113mu.<\/p>\n<p>Lai noteiktu piem\u0113rotu ekskavatora \u012bk\u0161\u0137a cilindra izm\u0113ru, ieteicams konsult\u0113ties ar \u012bk\u0161\u0137a stiprin\u0101juma ra\u017eot\u0101ju vai pieg\u0101d\u0101t\u0101ju. Vi\u0146i var sniegt nor\u0101d\u012bjumus, pamatojoties uz ekskavatora specifik\u0101cij\u0101m un \u012bk\u0161\u0137a paredz\u0113to pielietojumu.<\/p>\n<p>Ir v\u0113rts atz\u012bm\u0113t, ka ekskavatoru \u012bk\u0161\u0137i ir pieejami da\u017e\u0101dos izm\u0113ros un konfigur\u0101cij\u0101s, lai tie b\u016btu piem\u0113roti da\u017e\u0101diem ekskavatoru mode\u013ciem un izm\u0113riem. \u012ak\u0161\u0137a stiprin\u0101jums parasti sast\u0101v no centr\u0101l\u0101s konstrukcijas vai r\u0101mja, kas piestiprin\u0101ts pie ekskavatora str\u0113les, un hidraulisk\u0101 cilindra, kas nodro\u0161ina satver\u0161anas vai iesp\u012bl\u0113\u0161anas darb\u012bbu. Cilindra izm\u0113rs j\u0101izv\u0113las t\u0101, lai nodro\u0161in\u0101tu sader\u012bbu ar \u012bk\u0161\u0137a stiprin\u0101jumu un nepiecie\u0161amo satver\u0161anas sp\u0113ku paredz\u0113tajiem uzdevumiem.<\/p>\n<p>Izv\u0113loties ekskavatora \u012bk\u0161\u0137a cilindra izm\u0113ru, ir svar\u012bgi atrast l\u012bdzsvaru starp pietiekamu celtsp\u0113ju un to, ka ekskavatora hidraulisk\u0101 sist\u0113ma var pien\u0101c\u012bgi atbalst\u012bt \u012bk\u0161\u0137a darb\u012bbu. P\u0101r\u0101k liels cilindrs var p\u0101rm\u0113r\u012bgi noslogot ekskavatora hidraulisko sist\u0113mu, savuk\u0101rt nepietiekams cilindra izm\u0113rs var ierobe\u017eot celtsp\u0113ju un samazin\u0101t veiktsp\u0113ju.<\/p>\n<p>Rezum\u0113jot, ekskavatora \u012bk\u0161\u0137a cilindra izm\u0113rs j\u0101nosaka, pamatojoties uz t\u0101diem faktoriem k\u0101 ekskavatora darba svars, v\u0113lam\u0101 celtsp\u0113ja un sader\u012bba ar \u012bk\u0161\u0137a stiprin\u0101jumu un hidraulisko sist\u0113mu. Lai nodro\u0161in\u0101tu pareizu izm\u0113ru un optim\u0101lu veiktsp\u0113ju, ieteicams konsult\u0113ties ar \u012bk\u0161\u0137a stiprin\u0101juma ra\u017eot\u0101ju vai pieg\u0101d\u0101t\u0101ju.<\/p>\n<h2><strong>R\u016bpn\u012bcas iesp\u0113jas un jauda:<\/strong><\/h2>\n<h3>(1) Mont\u0101\u017ea<\/h3>\n<p>Mums ir pirmklas\u012bga neatkar\u012bga p\u0113tniec\u012bbas un att\u012bst\u012bbas mont\u0101\u017eas platforma. Hidraulisko cilindru ra\u017eo\u0161anas darbn\u012bc\u0101 ir \u010detras pusautom\u0101tiskas pacel\u0161anas cilindru mont\u0101\u017eas l\u012bnijas un viena autom\u0101tisk\u0101 sl\u012bpuma cilindru mont\u0101\u017eas l\u012bnija ar projekt\u0113to gada ra\u017eo\u0161anas jaudu 1 miljons vien\u012bbu. Speci\u0101lo cilindru darbn\u012bca ir apr\u012bkota ar da\u017e\u0101du specifik\u0101ciju pusautom\u0101tisku t\u012br\u012b\u0161anas mont\u0101\u017eas sist\u0113mu ar projekt\u0113to gada ra\u017eo\u0161anas jaudu 200 000 vien\u012bbu un apr\u012bkota ar slaven\u0101m CNC apstr\u0101des iek\u0101rt\u0101m, apstr\u0101des centru, augstas precizit\u0101tes cilindru apstr\u0101des speci\u0101lo apr\u012bkojumu, robotiz\u0113tu metin\u0101\u0161anas iek\u0101rtu, autom\u0101tisku t\u012br\u012b\u0161anas iek\u0101rtu, autom\u0101tisku cilindru mont\u0101\u017eas iek\u0101rtu un autom\u0101tisku kr\u0101so\u0161anas ra\u017eo\u0161anas l\u012bniju. Eso\u0161ais kritiskais apr\u012bkojums ir vair\u0101k nek\u0101 300 komplektu (komplektu). Optim\u0101la iek\u0101rtu resursu sadale un efekt\u012bva izmanto\u0161ana nodro\u0161ina produktu precizit\u0101tes pras\u012bbas un apmierina produktu augst\u0101s kvalit\u0101tes pras\u012bbas.<\/p>\n<p><img loading=\"lazy\" decoding=\"async\" class=\"alignnone wp-image-626\" src=\"https:\/\/hydraulic-cylinders.net\/wp-content\/uploads\/2023\/08\/hydraulic-cylinder-product-1-300x158.webp\" alt=\"\" width=\"495\" height=\"260\" srcset=\"https:\/\/hydraulic-cylinders.net\/wp-content\/uploads\/2023\/08\/hydraulic-cylinder-product-1-300x158.webp 495w, https:\/\/hydraulic-cylinders.net\/wp-content\/uploads\/2023\/08\/hydraulic-cylinder-product-1-480x252.webp 480w\" sizes=\"(min-width: 0px) and (max-width: 480px) 480px, (min-width: 481px) 495px, 100vw\" \/> <img loading=\"lazy\" decoding=\"async\" class=\"alignnone wp-image-627\" src=\"https:\/\/hydraulic-cylinders.net\/wp-content\/uploads\/2023\/08\/hydraulic-cylinder-product-2-300x189.webp\" alt=\"\" width=\"413\" height=\"260\" \/><\/p>\n<h3>(2) Apstr\u0101de<\/h3>\n<p>Apstr\u0101des cehs ir apr\u012bkots ar piel\u0101gotu sl\u012bpo slie\u017eu virpo\u0161anas centru, apstr\u0101des centru, \u0101trgaitas asin\u0101\u0161anas ma\u0161\u012bnu, metin\u0101\u0161anas robotu un citu saist\u012btu apr\u012bkojumu, kas var apstr\u0101d\u0101t cilindriskas caurules ar maksim\u0101lo iek\u0161\u0113jo diametru 400 mm un maksim\u0101lo garumu 6 metri.<\/p>\n<p><img loading=\"lazy\" decoding=\"async\" class=\"alignnone wp-image-628 size-large\" src=\"https:\/\/hydraulic-cylinders.net\/wp-content\/uploads\/2023\/08\/hydraulic-cylinder-product-3-1024x391.webp\" alt=\"\" width=\"1024\" height=\"391\" srcset=\"https:\/\/hydraulic-cylinders.net\/wp-content\/uploads\/2023\/08\/hydraulic-cylinder-product-3-980x374.webp 980w, https:\/\/hydraulic-cylinders.net\/wp-content\/uploads\/2023\/08\/hydraulic-cylinder-product-3-480x183.webp 480w\" sizes=\"(min-width: 0px) and (max-width: 480px) 480px, (min-width: 481px) and (max-width: 980px) 980px, (min-width: 981px) 1024px, 100vw\" \/><\/p>\n<h3>(3) Metin\u0101\u0161ana<\/h3>\n<p><img loading=\"lazy\" decoding=\"async\" class=\"alignnone wp-image-629 size-large\" src=\"https:\/\/hydraulic-cylinders.net\/wp-content\/uploads\/2023\/08\/hydraulic-cylinder-product-4-1024x510.webp\" alt=\"\" width=\"1024\" height=\"510\" srcset=\"https:\/\/hydraulic-cylinders.net\/wp-content\/uploads\/2023\/08\/hydraulic-cylinder-product-4-980x488.webp 980w, https:\/\/hydraulic-cylinders.net\/wp-content\/uploads\/2023\/08\/hydraulic-cylinder-product-4-480x239.webp 480w\" sizes=\"(min-width: 0px) and (max-width: 480px) 480px, (min-width: 481px) and (max-width: 980px) 980px, (min-width: 981px) 1024px, 100vw\" \/><\/p>\n<h3>(4) Kr\u0101so\u0161ana un p\u0101rkl\u0101\u0161ana<\/h3>\n<p>Ar maz\u0101m un vid\u0113ja izm\u0113ra cilindrisk\u0101m autom\u0101tisk\u0101m \u016bdens b\u0101zes kr\u0101su p\u0101rkl\u0101\u0161anas l\u012bnij\u0101m, lai pan\u0101ktu autom\u0101tisku robotu iekrau\u0161anu un izkrau\u0161anu un autom\u0101tisku izsmidzin\u0101\u0161anu, projekt\u0113t\u0101 jauda ir 4000 gabali mai\u0146\u0101;<br \/>\nMums ir ar\u012b pusautom\u0101tiska kr\u0101su ra\u017eo\u0161anas l\u012bnija lieliem baloniem, ko darbina \u0137\u0113des piedzi\u0146a, ar 60 kastu konstrukcijas jaudu vien\u0101 mai\u0146\u0101.<\/p>\n<p><img loading=\"lazy\" decoding=\"async\" class=\"alignnone wp-image-630\" src=\"https:\/\/hydraulic-cylinders.net\/wp-content\/uploads\/2023\/08\/hydraulic-cylinder-product-5-300x213.webp\" alt=\"\" width=\"366\" height=\"260\" \/> <img loading=\"lazy\" decoding=\"async\" class=\"alignnone wp-image-631\" src=\"https:\/\/hydraulic-cylinders.net\/wp-content\/uploads\/2023\/08\/hydraulic-cylinder-product-6-300x225.webp\" alt=\"\" width=\"347\" height=\"260\" \/><\/p>\n<h3>(5) Test\u0113\u0161ana<\/h3>\n<p>Mums ir augst\u0101k\u0101s klases p\u0101rbaudes iek\u0101rtas un test\u0113\u0161anas stendi, lai nodro\u0161in\u0101tu, ka balona veiktsp\u0113ja atbilst pras\u012bb\u0101m.<\/p>\n<p><img loading=\"lazy\" decoding=\"async\" class=\"alignnone wp-image-632\" src=\"https:\/\/hydraulic-cylinders.net\/wp-content\/uploads\/2023\/08\/hydraulic-cylinder-product-8-300x200.webp\" alt=\"\" width=\"389\" height=\"260\" \/><\/p>\n<p>&nbsp;<\/p>\n<p>&nbsp;<\/p>\n<p>M\u0113s esam viens no lab\u0101kajiem hidraulisko cilindru ra\u017eot\u0101jiem. M\u0113s varam pied\u0101v\u0101t visaptvero\u0161u hidraulisko cilindru kl\u0101stu. M\u0113s nodro\u0161in\u0101m ar\u012b atbilsto\u0161us <a href=\"https:\/\/hzpt.com\/agricultural-pto-gearbox\/\" target=\"_blank\" rel=\"noopener\">lauksaimniec\u012bbas p\u0101rnesumk\u0101rbas<\/a>. M\u0113s esam eksport\u0113ju\u0161i savus produktus klientiem vis\u0101 pasaul\u0113 un esam ieguvu\u0161i labu reput\u0101ciju, pateicoties m\u016bsu izcilajai produktu kvalit\u0101tei un p\u0113cp\u0101rdo\u0161anas servisam. M\u0113s aicin\u0101m klientus no valsts un \u0101rvalst\u012bm sazin\u0101ties ar mums, lai risin\u0101tu biznesa sarunas, apmain\u012btos ar inform\u0101ciju un... <a href=\"https:\/\/www.hydraulic-cylinders.net\/lv\/contact-us\/\">sadarboties ar mums<\/a>!<\/p>","protected":false},"excerpt":{"rendered":"<p>Small Excavator Bucket Cylinder The small excavator bucket cylinder is a high-performance hydraulic component designed to optimize small excavators&#8217; digging and lifting capabilities. With its compact size and robust construction, this cylinder offers exceptional strength, precision, and durability. The small excavator bucket cylinder is a robust and reliable hydraulic component that enhances the efficiency and [&hellip;]<\/p>","protected":false},"featured_media":1482,"comment_status":"open","ping_status":"closed","template":"","meta":{"_et_pb_use_builder":"","_et_pb_old_content":"","_et_gb_content_width":""},"product_brand":[],"product_cat":[1550,1503,1376],"product_tag":[1380],"class_list":{"0":"post-1479","1":"product","2":"type-product","3":"status-publish","4":"has-post-thumbnail","6":"product_cat-double-acting-hydraulic-cylinder","7":"product_cat-excavator-hydraulic-cylinders","8":"product_cat-hydraulic-cylinder","9":"product_tag-hydraulic-cylinder","11":"first","12":"instock","13":"shipping-taxable","14":"product-type-simple"},"amp_enabled":true,"_links":{"self":[{"href":"https:\/\/www.hydraulic-cylinders.net\/lv\/wp-json\/wp\/v2\/product\/1479","targetHints":{"allow":["GET"]}}],"collection":[{"href":"https:\/\/www.hydraulic-cylinders.net\/lv\/wp-json\/wp\/v2\/product"}],"about":[{"href":"https:\/\/www.hydraulic-cylinders.net\/lv\/wp-json\/wp\/v2\/types\/product"}],"replies":[{"embeddable":true,"href":"https:\/\/www.hydraulic-cylinders.net\/lv\/wp-json\/wp\/v2\/comments?post=1479"}],"wp:featuredmedia":[{"embeddable":true,"href":"https:\/\/www.hydraulic-cylinders.net\/lv\/wp-json\/wp\/v2\/media\/1482"}],"wp:attachment":[{"href":"https:\/\/www.hydraulic-cylinders.net\/lv\/wp-json\/wp\/v2\/media?parent=1479"}],"wp:term":[{"taxonomy":"product_brand","embeddable":true,"href":"https:\/\/www.hydraulic-cylinders.net\/lv\/wp-json\/wp\/v2\/product_brand?post=1479"},{"taxonomy":"product_cat","embeddable":true,"href":"https:\/\/www.hydraulic-cylinders.net\/lv\/wp-json\/wp\/v2\/product_cat?post=1479"},{"taxonomy":"product_tag","embeddable":true,"href":"https:\/\/www.hydraulic-cylinders.net\/lv\/wp-json\/wp\/v2\/product_tag?post=1479"}],"curies":[{"name":"wp","href":"https:\/\/api.w.org\/{rel}","templated":true}]}}