{"id":1483,"date":"2023-09-26T06:49:38","date_gmt":"2023-09-26T06:49:38","guid":{"rendered":"https:\/\/hydraulic-cylinders.net\/?post_type=product&#038;p=1483"},"modified":"2025-04-11T03:41:32","modified_gmt":"2025-04-11T03:41:32","slug":"small-excavator-boom-cylinder","status":"publish","type":"product","link":"https:\/\/www.hydraulic-cylinders.net\/lv\/products\/small-excavator-boom-cylinder\/","title":{"rendered":"Mazais ekskavatora str\u0113les cilindrs"},"content":{"rendered":"<h1 style=\"text-align: center;\"><strong>Mazais ekskavatora str\u0113les cilindrs<\/strong><\/h1>\n<p><img loading=\"lazy\" decoding=\"async\" class=\"aligncenter wp-image-1484\" src=\"https:\/\/hydraulic-cylinders.net\/wp-content\/uploads\/2023\/09\/boom-cylinder-1-300x300.webp\" alt=\"\" width=\"400\" height=\"400\" \/><\/p>\n<p>Maz\u0101 ekskavatora str\u0113les cilindrs ir jaud\u012bga hidrauliska sast\u0101vda\u013ca, kas optimiz\u0113 mazo ekskavatoru cel\u0161anas un sasniedzam\u012bbas sp\u0113jas. \u0160is cilindrs ir \u012bpa\u0161i izstr\u0101d\u0101ts, lai nodro\u0161in\u0101tu izcilu iztur\u012bbu, ilgm\u016b\u017e\u012bbu un precizit\u0101ti kompaktaj\u0101s celtniec\u012bbas ma\u0161\u012bn\u0101s.<\/p>\n<p>Maz\u0101 ekskavatora str\u0113les cilindrs ir svar\u012bga hidraulisk\u0101 sast\u0101vda\u013ca, kas uzlabo mazo ekskavatoru efektivit\u0101ti un veiktsp\u0113ju. Pateicoties t\u0101 kompaktajam dizainam, augstajai celtsp\u0113jai un prec\u012bzajai vad\u012bbai, \u0161is cilindrs \u013cauj operatoriem viegli un prec\u012bzi veikt da\u017e\u0101dus rak\u0161anas darbus. Iev\u0113rojot ieteicam\u0101s lieto\u0161anas metodes un apkopes praksi, operatori var nodro\u0161in\u0101t maz\u0101 ekskavatora str\u0113les cilindra optim\u0101lu veiktsp\u0113ju un ilgm\u016b\u017e\u012bbu, k\u0101 rezult\u0101t\u0101 palielin\u0101s produktivit\u0101te un tiks veiksm\u012bgi pabeigti b\u016bvniec\u012bbas un rak\u0161anas projekti. Ieguldiet \u0161aj\u0101 izcilaj\u0101 hidrauliskaj\u0101 cilindr\u0101, lai uzlabotu sava maz\u0101 ekskavatora iesp\u0113jas un sasniegtu izcilus rezult\u0101tus cel\u0161anas un snieg\u0161an\u0101s darb\u012bb\u0101s.<\/p>\n<p>Maza ekskavatora str\u0113les cilindra galven\u0101s \u012bpa\u0161\u012bbas:<\/p>\n<ol>\n<li>Kompakts dizains un iztur\u012bga konstrukcija<\/li>\n<\/ol>\n<ul>\n<li>Maz\u0101 ekskavatora str\u0113les cilindrs ir \u012bpa\u0161i izstr\u0101d\u0101ts maziem ekskavatoriem, nodro\u0161inot perfektu piem\u0113rot\u012bbu un optim\u0101lu veiktsp\u0113ju.<\/li>\n<li>T\u0101 kompaktais dizains un iztur\u012bg\u0101 konstrukcija \u013cauj tam iztur\u0113t skarbus ekspluat\u0101cijas apst\u0101k\u013cus, nodro\u0161inot ilgsto\u0161u iztur\u012bbu.<\/li>\n<\/ul>\n<ol start=\"2\">\n<li>Augsta celtsp\u0113ja un sniedzam\u012bba<\/li>\n<\/ol>\n<ul>\n<li>Neskatoties uz mazo izm\u0113ru, cilindrs nodro\u0161ina iespaid\u012bgu celtsp\u0113ju un sniedzam\u012bbu, \u013caujot efekt\u012bvi apstr\u0101d\u0101t materi\u0101lus un veikt rak\u0161anas darbus.<\/li>\n<li>Tas nodro\u0161ina nepiecie\u0161amo jaudu un pagarin\u0101jumu, lai manevr\u0113tu sl\u0113gt\u0101s telp\u0101s un piek\u013c\u016btu gr\u016bti sasniedzam\u0101m viet\u0101m.<\/li>\n<\/ul>\n<ol start=\"3\">\n<li>Prec\u012bza vad\u012bba un vienm\u0113r\u012bga darb\u012bba<\/li>\n<\/ol>\n<ul>\n<li>Cilindra uzlabot\u0101 hidraulisk\u0101 sist\u0113ma nodro\u0161ina prec\u012bzu vad\u012bbu un vienm\u0113r\u012bgu darb\u012bbu, \u013caujot operatoriem veikt uzdevumus prec\u012bzi un efekt\u012bvi.<\/li>\n<li>Tas pied\u0101v\u0101 izcilu atsauc\u012bbu un manevr\u0113tsp\u0113ju, veicinot prec\u012bzu pozicion\u0113\u0161anu un uzlabojot produktivit\u0101ti darba viet\u0101.<\/li>\n<\/ul>\n<ol start=\"4\">\n<li>Uzticama veiktsp\u0113ja un dro\u0161\u012bba<\/li>\n<\/ol>\n<ul>\n<li>Maz\u0101 ekskavatora str\u0113les cilindrs, kas izgatavots no augstas kvalit\u0101tes materi\u0101liem un iev\u0113rojot stingrus ra\u017eo\u0161anas standartus, nodro\u0161ina uzticamu veiktsp\u0113ju sare\u017e\u0123\u012btos apst\u0101k\u013cos.<\/li>\n<li>Taj\u0101 ir iek\u013cautas dro\u0161\u012bbas funkcijas, kas nov\u0113r\u0161 p\u0113k\u0161\u0146us kritienus vai negaid\u012btas kust\u012bbas, nodro\u0161inot operatora un apr\u012bkojuma dro\u0161\u012bbu darb\u012bbas laik\u0101.<\/li>\n<\/ul>\n<h2><strong>Maza ekskavatora str\u0113les cilindra parametrs:<\/strong><\/h2>\n<table border=\"1\" cellspacing=\"0\" cellpadding=\"0\">\n<tbody>\n<tr>\n<td>Produkta nosaukums<\/td>\n<td>Mazais ekskavatora str\u0113les cilindrs<\/td>\n<\/tr>\n<tr>\n<td>Funkcijas:<\/td>\n<td>Kontrol\u0113jiet liel\u0101s rokas pacel\u0161anas kust\u012bbu<\/td>\n<\/tr>\n<tr>\n<td>Urbuma diametrs:<\/td>\n<td>50 mm\uff5e125 mm<\/td>\n<\/tr>\n<tr>\n<td>Stie\u0146a diametrs:<\/td>\n<td>25 mm\uff5e75 mm<br \/>\nG\u0101jiens \u22641000 mm<\/td>\n<\/tr>\n<tr>\n<td>Vilces sp\u0113ks:<\/td>\n<td>Maksim\u0101l\u0101 jauda 361 kN<\/td>\n<\/tr>\n<tr>\n<td>Urbuma diametrs:<\/td>\n<td>125 mm\/spiediens 29,4 MPa<\/td>\n<\/tr>\n<\/tbody>\n<\/table>\n<h2><strong>Maza ekskavatora str\u0113les cilindra identifik\u0101cijas sh\u0113ma:<\/strong><\/h2>\n<p><img loading=\"lazy\" decoding=\"async\" class=\"alignnone wp-image-1486 size-full\" src=\"https:\/\/hydraulic-cylinders.net\/wp-content\/uploads\/2023\/09\/boom-cylinder-construction.webp\" alt=\"\" width=\"1481\" height=\"988\" srcset=\"https:\/\/hydraulic-cylinders.net\/wp-content\/uploads\/2023\/09\/boom-cylinder-construction.webp 1481w, https:\/\/hydraulic-cylinders.net\/wp-content\/uploads\/2023\/09\/boom-cylinder-construction-1280x854.webp 1280w, https:\/\/hydraulic-cylinders.net\/wp-content\/uploads\/2023\/09\/boom-cylinder-construction-980x654.webp 980w, https:\/\/hydraulic-cylinders.net\/wp-content\/uploads\/2023\/09\/boom-cylinder-construction-480x320.webp 480w\" sizes=\"(min-width: 0px) and (max-width: 480px) 480px, (min-width: 481px) and (max-width: 980px) 980px, (min-width: 981px) and (max-width: 1280px) 1280px, (min-width: 1281px) 1481px, 100vw\" \/><\/p>\n<h2><strong>Maz\u0101 ekskavatora str\u0113les cilindra lieto\u0161anas metode:<\/strong><\/h2>\n<ol>\n<li>Instal\u0113\u0161ana un integr\u0101cija<\/li>\n<\/ol>\n<ul>\n<li>Lai pareizi uzst\u0101d\u012btu mazo ekskavatora str\u0113les cilindru, skatiet ra\u017eot\u0101ja nor\u0101d\u012bjumus.<\/li>\n<li>Nodro\u0161iniet sader\u012bbu un dro\u0161u stiprin\u0101jumu pie ekskavatora str\u0113les mezgla.<\/li>\n<li>Iev\u0113rojiet ieteicamos griezes momenta parametrus un izmantojiet atbilsto\u0161us stiprin\u0101juma elementus.<\/li>\n<\/ul>\n<ol start=\"2\">\n<li>Darb\u012bbas apsv\u0113rumi<\/li>\n<\/ol>\n<ul>\n<li>Iepaz\u012bstieties ar ekskavatora vad\u012bbas ier\u012bc\u0113m un darb\u012bbu, tostarp str\u0113les cilindru.<\/li>\n<li>Pirms faktisk\u0101 darba uzs\u0101k\u0161anas praktiz\u0113jiet ekskavatora un str\u0113les cilindra darb\u012bbu kontrol\u0113t\u0101 vid\u0113.<\/li>\n<li>Iev\u0113rojiet dro\u0161\u012bbas nor\u0101d\u012bjumus, str\u0101d\u0101jiet ekskavatora slodzes robe\u017e\u0101s un sasniedziet ierobe\u017eojumus, lai nov\u0113rstu negad\u012bjumus un apr\u012bkojuma boj\u0101jumus.<\/li>\n<\/ul>\n<ol start=\"3\">\n<li>Efekt\u012bvas cel\u0161anas un sniedzam\u012bbas metodes<\/li>\n<\/ol>\n<ul>\n<li>Izmantojiet maz\u0101 ekskavatora str\u0113les cilindra prec\u012bzo vad\u012bbu, lai optimiz\u0113tu cel\u0161anas un sniedzam\u012bbas tehnikas.<\/li>\n<li>Pace\u013cot vai izstiepjot str\u0113li, saglab\u0101jiet stabilu poz\u012bciju, izvairoties no p\u0113k\u0161\u0146\u0101m vai saraust\u012bt\u0101m kust\u012bb\u0101m, kas var noslogot cilindru.<\/li>\n<li>Nodro\u0161iniet pareizu kravas novietojumu un saglab\u0101jiet l\u012bdzsvaru dro\u0161ai un efekt\u012bvai materi\u0101lu apstr\u0101dei.<\/li>\n<\/ul>\n<h2><strong>K\u0101 no\u0146emt hidraulisko cilindru no ekskavatora?<\/strong><\/h2>\n<p>Hidraulisk\u0101 cilindra no\u0146em\u0161ana no ekskavatora prasa r\u016bp\u012bgu uzman\u012bbu un pareizu proced\u016bru iev\u0113ro\u0161anu, lai nodro\u0161in\u0101tu dro\u0161\u012bbu un nov\u0113rstu apr\u012bkojuma boj\u0101jumus. \u0160eit ir sniegti visp\u0101r\u012bgi so\u013ci, kas pal\u012bdz\u0113s jums veikt \u0161o procesu:<\/p>\n<ol>\n<li><strong>Sagatavo\u0161ana:<\/strong><\/li>\n<\/ol>\n<ul>\n<li>P\u0101rliecinieties, ka ekskavators ir izsl\u0113gts un novietots uz l\u012bdzenas virsmas.<\/li>\n<li>Iesl\u0113dziet dro\u0161\u012bbas sl\u0113dzeni un nostipriniet str\u0113li un sviru stabil\u0101 st\u0101vokl\u012b.<\/li>\n<li>Uzvelciet atbilsto\u0161us individu\u0101los aizsardz\u012bbas l\u012bdzek\u013cus, piem\u0113ram, cimdus un aizsargbrilles.<\/li>\n<\/ul>\n<ol start=\"2\">\n<li><strong>Identific\u0113jiet cilindru:<\/strong><\/li>\n<\/ol>\n<ul>\n<li>Atrodiet hidraulisko cilindru, kuru v\u0113laties no\u0146emt. Tas var b\u016bt piestiprin\u0101ts pie str\u0113les, sviras vai citiem ekskavatora komponentiem.<\/li>\n<\/ul>\n<ol start=\"3\">\n<li><strong>Hidraulisk\u0101 spiediena samazin\u0101\u0161ana:<\/strong><\/li>\n<\/ol>\n<ul>\n<li>Pirms jebkuru hidraulisko l\u012bniju vai savienojumu atvieno\u0161anas ir svar\u012bgi atbr\u012bvot spiedienu sist\u0113m\u0101, lai nov\u0113rstu p\u0113k\u0161\u0146as kust\u012bbas vai \u0161\u0137idruma iz\u0161\u013cakst\u012b\u0161anos.<\/li>\n<li>S\u0101ciet, atrodot sava ekskavatora mode\u013ca spiediena samazin\u0101\u0161anas v\u0101rstu vai spiediena samazin\u0101\u0161anas proced\u016bru.<\/li>\n<li>Lai pareizi atbr\u012bvotu spiedienu hidrauliskaj\u0101 sist\u0113m\u0101, iev\u0113rojiet ra\u017eot\u0101ja nor\u0101d\u012bjumus.<\/li>\n<\/ul>\n<ol start=\"4\">\n<li><strong>Atvienojiet hidraulisk\u0101s l\u012bnijas:<\/strong><\/li>\n<\/ol>\n<ul>\n<li>Identific\u0113jiet hidraulisk\u0101s l\u012bnijas, kas ir savienotas ar cilindru. \u0160\u012bs l\u012bnijas pievada hidraulisko \u0161\u0137idrumu uz cilindru un no t\u0101.<\/li>\n<li>Izmantojiet atbilsto\u0161as \u200b\u200buzgrie\u017e\u0146u atsl\u0113gas vai stiprin\u0101jumus, lai atbr\u012bvotu un atvienotu hidraulisk\u0101s l\u012bnijas no cilindra.<\/li>\n<li>Novietojiet zem atvienotaj\u0101m l\u012bnij\u0101m trauku vai absorb\u0113jo\u0161u materi\u0101lu, lai sav\u0101ktu atliku\u0161o hidraulisko \u0161\u0137idrumu.<\/li>\n<\/ul>\n<ol start=\"5\">\n<li><strong>No\u0146emiet stiprin\u0101juma deta\u013cas:<\/strong><\/li>\n<\/ol>\n<ul>\n<li>Atrodiet cilindra stiprin\u0101juma punktus. Tie var b\u016bt skr\u016bves vai tapas, kas nostiprina cilindru pie ekskavatora konstrukcijas.<\/li>\n<li>Izmantojiet atbilsto\u0161us instrumentus, lai no\u0146emtu stiprin\u0101juma deta\u013cas atkar\u012bb\u0101 no konkr\u0113t\u0101s konstrukcijas.<\/li>\n<li>No\u0146em\u0161anas laik\u0101 nodro\u0161iniet atbilsto\u0161u cilindra atbalstu, lai nov\u0113rstu t\u0101 nokri\u0161anu vai boj\u0101jumu ra\u0161anos.<\/li>\n<\/ul>\n<ol start=\"6\">\n<li><strong>Atvienojiet cilindru:<\/strong><\/li>\n<\/ol>\n<ul>\n<li>Uzman\u012bgi pab\u012bdiet vai izkustiniet cilindru no t\u0101 mont\u0101\u017eas poz\u012bcijas. Ja tas ir cie\u0161i piestiprin\u0101ts, iesp\u0113jams, b\u016bs viegli j\u0101uzsit pa to ar gumijas \u0101muru vai j\u0101izmanto hidraulisk\u0101 cilindra izvilc\u0113js.<\/li>\n<li>P\u0101rliecinieties, ka cilindra iz\u0146em\u0161anu netrauc\u0113 citas sast\u0101vda\u013cas vai konstrukcijas.<\/li>\n<\/ul>\n<ol start=\"7\">\n<li><strong>P\u0101rbaude un apkope:<\/strong><\/li>\n<\/ol>\n<ul>\n<li>Kad cilindrs ir no\u0146emts, p\u0101rbaudiet, vai nav boj\u0101jumu, nopl\u016b\u017eu vai nodiluma paz\u012bmju.<\/li>\n<li>Not\u012briet cilindru un p\u0101rbaudiet stieni, bl\u012bves un citas sast\u0101vda\u013cas, vai nav korozijas, iegriezumu vai p\u0101rm\u0113r\u012bga nodiluma paz\u012bmju.<\/li>\n<li>Pirms cilindra atk\u0101rtotas uzst\u0101d\u012b\u0161anas veiciet visus nepiecie\u0161amos apkopes vai remonta darbus.<\/li>\n<\/ul>\n<ol start=\"8\">\n<li><strong>Atk\u0101rtota uzst\u0101d\u012b\u0161ana vai nomai\u0146a:<\/strong><\/li>\n<\/ol>\n<ul>\n<li>Lai uzst\u0101d\u012btu hidraulisko cilindru atpaka\u013c, veiciet no\u0146em\u0161anas procesa apgriezt\u0101s darb\u012bbas, nodro\u0161inot pareizu izl\u012bdzin\u0101\u0161anu un griezes momenta specifik\u0101cijas.<\/li>\n<li>Ja cilindrs tiek nomain\u012bts, r\u016bp\u012bgi uzst\u0101diet jauno cilindru saska\u0146\u0101 ar ra\u017eot\u0101ja nor\u0101d\u012bjumiem un vadl\u012bnij\u0101m.<\/li>\n<\/ul>\n<h2><strong>R\u016bpn\u012bcas iesp\u0113jas un jauda:<\/strong><\/h2>\n<h3>(1) Mont\u0101\u017ea<\/h3>\n<p>Mums ir pirmklas\u012bga neatkar\u012bga p\u0113tniec\u012bbas un att\u012bst\u012bbas mont\u0101\u017eas platforma. Hidraulisko cilindru ra\u017eo\u0161anas darbn\u012bc\u0101 ir \u010detras pusautom\u0101tiskas pacel\u0161anas cilindru mont\u0101\u017eas l\u012bnijas un viena autom\u0101tisk\u0101 sl\u012bpuma cilindru mont\u0101\u017eas l\u012bnija ar projekt\u0113to gada ra\u017eo\u0161anas jaudu 1 miljons vien\u012bbu. Speci\u0101lo cilindru darbn\u012bca ir apr\u012bkota ar da\u017e\u0101du specifik\u0101ciju pusautom\u0101tisku t\u012br\u012b\u0161anas mont\u0101\u017eas sist\u0113mu ar projekt\u0113to gada ra\u017eo\u0161anas jaudu 200 000 vien\u012bbu un apr\u012bkota ar slaven\u0101m CNC apstr\u0101des iek\u0101rt\u0101m, apstr\u0101des centru, augstas precizit\u0101tes cilindru apstr\u0101des speci\u0101lo apr\u012bkojumu, robotiz\u0113tu metin\u0101\u0161anas iek\u0101rtu, autom\u0101tisku t\u012br\u012b\u0161anas iek\u0101rtu, autom\u0101tisku cilindru mont\u0101\u017eas iek\u0101rtu un autom\u0101tisku kr\u0101so\u0161anas ra\u017eo\u0161anas l\u012bniju. Eso\u0161ais kritiskais apr\u012bkojums ir vair\u0101k nek\u0101 300 komplektu (komplektu). Optim\u0101la iek\u0101rtu resursu sadale un efekt\u012bva izmanto\u0161ana nodro\u0161ina produktu precizit\u0101tes pras\u012bbas un apmierina produktu augst\u0101s kvalit\u0101tes pras\u012bbas.<\/p>\n<p><img loading=\"lazy\" decoding=\"async\" class=\"alignnone wp-image-626\" src=\"https:\/\/hydraulic-cylinders.net\/wp-content\/uploads\/2023\/08\/hydraulic-cylinder-product-1-300x158.webp\" alt=\"\" width=\"495\" height=\"260\" srcset=\"https:\/\/hydraulic-cylinders.net\/wp-content\/uploads\/2023\/08\/hydraulic-cylinder-product-1-300x158.webp 495w, https:\/\/hydraulic-cylinders.net\/wp-content\/uploads\/2023\/08\/hydraulic-cylinder-product-1-480x252.webp 480w\" sizes=\"(min-width: 0px) and (max-width: 480px) 480px, (min-width: 481px) 495px, 100vw\" \/> <img loading=\"lazy\" decoding=\"async\" class=\"alignnone wp-image-627\" src=\"https:\/\/hydraulic-cylinders.net\/wp-content\/uploads\/2023\/08\/hydraulic-cylinder-product-2-300x189.webp\" alt=\"\" width=\"413\" height=\"260\" \/><\/p>\n<h3>(2) Apstr\u0101de<\/h3>\n<p>Apstr\u0101des cehs ir apr\u012bkots ar piel\u0101gotu sl\u012bpo slie\u017eu virpo\u0161anas centru, apstr\u0101des centru, \u0101trgaitas asin\u0101\u0161anas ma\u0161\u012bnu, metin\u0101\u0161anas robotu un citu saist\u012btu apr\u012bkojumu, kas var apstr\u0101d\u0101t cilindriskas caurules ar maksim\u0101lo iek\u0161\u0113jo diametru 400 mm un maksim\u0101lo garumu 6 metri.<\/p>\n<p><img loading=\"lazy\" decoding=\"async\" class=\"alignnone wp-image-628 size-large\" src=\"https:\/\/hydraulic-cylinders.net\/wp-content\/uploads\/2023\/08\/hydraulic-cylinder-product-3-1024x391.webp\" alt=\"\" width=\"1024\" height=\"391\" srcset=\"https:\/\/hydraulic-cylinders.net\/wp-content\/uploads\/2023\/08\/hydraulic-cylinder-product-3-980x374.webp 980w, https:\/\/hydraulic-cylinders.net\/wp-content\/uploads\/2023\/08\/hydraulic-cylinder-product-3-480x183.webp 480w\" sizes=\"(min-width: 0px) and (max-width: 480px) 480px, (min-width: 481px) and (max-width: 980px) 980px, (min-width: 981px) 1024px, 100vw\" \/><\/p>\n<h3>(3) Metin\u0101\u0161ana<\/h3>\n<p><img loading=\"lazy\" decoding=\"async\" class=\"alignnone wp-image-629 size-large\" src=\"https:\/\/hydraulic-cylinders.net\/wp-content\/uploads\/2023\/08\/hydraulic-cylinder-product-4-1024x510.webp\" alt=\"\" width=\"1024\" height=\"510\" srcset=\"https:\/\/hydraulic-cylinders.net\/wp-content\/uploads\/2023\/08\/hydraulic-cylinder-product-4-980x488.webp 980w, https:\/\/hydraulic-cylinders.net\/wp-content\/uploads\/2023\/08\/hydraulic-cylinder-product-4-480x239.webp 480w\" sizes=\"(min-width: 0px) and (max-width: 480px) 480px, (min-width: 481px) and (max-width: 980px) 980px, (min-width: 981px) 1024px, 100vw\" \/><\/p>\n<h3>(4) Kr\u0101so\u0161ana un p\u0101rkl\u0101\u0161ana<\/h3>\n<p>Ar maz\u0101m un vid\u0113ja izm\u0113ra cilindrisk\u0101m autom\u0101tisk\u0101m \u016bdens b\u0101zes kr\u0101su p\u0101rkl\u0101\u0161anas l\u012bnij\u0101m, lai pan\u0101ktu autom\u0101tisku robotu iekrau\u0161anu un izkrau\u0161anu un autom\u0101tisku izsmidzin\u0101\u0161anu, projekt\u0113t\u0101 jauda ir 4000 gabali mai\u0146\u0101;<br \/>\nMums ir ar\u012b pusautom\u0101tiska kr\u0101su ra\u017eo\u0161anas l\u012bnija lieliem baloniem, ko darbina \u0137\u0113des piedzi\u0146a, ar 60 kastu konstrukcijas jaudu vien\u0101 mai\u0146\u0101.<\/p>\n<p><img loading=\"lazy\" decoding=\"async\" class=\"alignnone wp-image-630\" src=\"https:\/\/hydraulic-cylinders.net\/wp-content\/uploads\/2023\/08\/hydraulic-cylinder-product-5-300x213.webp\" alt=\"\" width=\"366\" height=\"260\" \/> <img loading=\"lazy\" decoding=\"async\" class=\"alignnone wp-image-631\" src=\"https:\/\/hydraulic-cylinders.net\/wp-content\/uploads\/2023\/08\/hydraulic-cylinder-product-6-300x225.webp\" alt=\"\" width=\"347\" height=\"260\" \/><\/p>\n<h3>(5) Test\u0113\u0161ana<\/h3>\n<p>Mums ir augst\u0101k\u0101s klases p\u0101rbaudes iek\u0101rtas un test\u0113\u0161anas stendi, lai nodro\u0161in\u0101tu, ka balona veiktsp\u0113ja atbilst pras\u012bb\u0101m.<\/p>\n<p><img loading=\"lazy\" decoding=\"async\" class=\"alignnone wp-image-632\" src=\"https:\/\/hydraulic-cylinders.net\/wp-content\/uploads\/2023\/08\/hydraulic-cylinder-product-8-300x200.webp\" alt=\"\" width=\"389\" height=\"260\" \/><\/p>\n<p>&nbsp;<\/p>\n<p>&nbsp;<\/p>\n<p>M\u0113s esam viens no lab\u0101kajiem hidraulisko cilindru ra\u017eot\u0101jiem. M\u0113s varam pied\u0101v\u0101t visaptvero\u0161us hidrauliskos cilindrus. M\u0113s nodro\u0161in\u0101m ar\u012b atbilsto\u0161us <a href=\"https:\/\/hzpt.com\/agricultural-pto-gearbox\/\" target=\"_blank\" rel=\"noopener\">lauksaimniec\u012bbas p\u0101rnesumk\u0101rbas<\/a>. M\u0113s esam eksport\u0113ju\u0161i savus produktus klientiem vis\u0101 pasaul\u0113 un esam ieguvu\u0161i labu reput\u0101ciju, pateicoties m\u016bsu izcilajai produktu kvalit\u0101tei un p\u0113cp\u0101rdo\u0161anas servisam. M\u0113s aicin\u0101m klientus no valsts un \u0101rvalst\u012bm sazin\u0101ties ar mums, lai risin\u0101tu biznesa sarunas, apmain\u012btos ar inform\u0101ciju un... <a href=\"https:\/\/www.hydraulic-cylinders.net\/lv\/contact-us\/\">sadarboties ar mums<\/a>!<\/p>","protected":false},"excerpt":{"rendered":"<p>Small Excavator Boom Cylinder The Small Excavator Boom Cylinder is a powerful hydraulic component that optimizes small excavators&#8217; lifting and reaching capabilities. This cylinder is specifically engineered to deliver exceptional strength, durability, and precision in compact construction machinery. The Small Excavator Boom Cylinder is a vital hydraulic component that enhances the efficiency and performance of [&hellip;]<\/p>","protected":false},"featured_media":1485,"comment_status":"open","ping_status":"closed","template":"","meta":{"_et_pb_use_builder":"","_et_pb_old_content":"","_et_gb_content_width":""},"product_brand":[],"product_cat":[1550,1503,1376],"product_tag":[1380],"class_list":{"0":"post-1483","1":"product","2":"type-product","3":"status-publish","4":"has-post-thumbnail","6":"product_cat-double-acting-hydraulic-cylinder","7":"product_cat-excavator-hydraulic-cylinders","8":"product_cat-hydraulic-cylinder","9":"product_tag-hydraulic-cylinder","11":"first","12":"instock","13":"shipping-taxable","14":"product-type-simple"},"amp_enabled":true,"_links":{"self":[{"href":"https:\/\/www.hydraulic-cylinders.net\/lv\/wp-json\/wp\/v2\/product\/1483","targetHints":{"allow":["GET"]}}],"collection":[{"href":"https:\/\/www.hydraulic-cylinders.net\/lv\/wp-json\/wp\/v2\/product"}],"about":[{"href":"https:\/\/www.hydraulic-cylinders.net\/lv\/wp-json\/wp\/v2\/types\/product"}],"replies":[{"embeddable":true,"href":"https:\/\/www.hydraulic-cylinders.net\/lv\/wp-json\/wp\/v2\/comments?post=1483"}],"wp:featuredmedia":[{"embeddable":true,"href":"https:\/\/www.hydraulic-cylinders.net\/lv\/wp-json\/wp\/v2\/media\/1485"}],"wp:attachment":[{"href":"https:\/\/www.hydraulic-cylinders.net\/lv\/wp-json\/wp\/v2\/media?parent=1483"}],"wp:term":[{"taxonomy":"product_brand","embeddable":true,"href":"https:\/\/www.hydraulic-cylinders.net\/lv\/wp-json\/wp\/v2\/product_brand?post=1483"},{"taxonomy":"product_cat","embeddable":true,"href":"https:\/\/www.hydraulic-cylinders.net\/lv\/wp-json\/wp\/v2\/product_cat?post=1483"},{"taxonomy":"product_tag","embeddable":true,"href":"https:\/\/www.hydraulic-cylinders.net\/lv\/wp-json\/wp\/v2\/product_tag?post=1483"}],"curies":[{"name":"wp","href":"https:\/\/api.w.org\/{rel}","templated":true}]}}