{"id":1495,"date":"2023-09-26T08:04:05","date_gmt":"2023-09-26T08:04:05","guid":{"rendered":"https:\/\/hydraulic-cylinders.net\/?post_type=product&#038;p=1495"},"modified":"2025-04-11T03:41:22","modified_gmt":"2025-04-11T03:41:22","slug":"small-excavator-rotary-actuator","status":"publish","type":"product","link":"https:\/\/www.hydraulic-cylinders.net\/lv\/products\/small-excavator-rotary-actuator\/","title":{"rendered":"Maza ekskavatora rot\u0101cijas piedzi\u0146a"},"content":{"rendered":"<h1 style=\"text-align: center;\"><strong>Maza ekskavatora rot\u0101cijas piedzi\u0146a<\/strong><\/h1>\n<p><img loading=\"lazy\" decoding=\"async\" class=\"aligncenter wp-image-1497\" src=\"https:\/\/hydraulic-cylinders.net\/wp-content\/uploads\/2023\/09\/rotary-actuator-1-1-300x300.webp\" alt=\"\" width=\"400\" height=\"400\" \/><\/p>\n<p>Maz\u0101 ekskavatora rot\u0101cijas izpildmeh\u0101nisms ir jaud\u012bga hidrauliska sast\u0101vda\u013ca, kas paredz\u0113ta mazo ekskavatoru daudzpus\u012bbas un veiktsp\u0113jas uzlabo\u0161anai. \u0160is izpildmeh\u0101nisms ir prec\u012bzi izstr\u0101d\u0101ts, lai nodro\u0161in\u0101tu prec\u012bzu rot\u0101ciju un vad\u012bbu, \u013caujot efekt\u012bvi darboties da\u017e\u0101dos b\u016bvniec\u012bbas un rak\u0161anas darbos.<\/p>\n<p>Maz\u0101 ekskavatora rot\u0101cijas piedzi\u0146a ir b\u016btiska hidrauliska sast\u0101vda\u013ca, kas uzlabo mazo ekskavatoru daudzpus\u012bbu un veiktsp\u0113ju. Pateicoties t\u0101 kompaktajam dizainam, prec\u012bzajai rot\u0101cijai un vad\u012bbai, daudzpus\u012bgai pielikumu sader\u012bbai un vienm\u0113r\u012bgai darb\u012bbai, \u0161\u012b piedzi\u0146a \u013cauj operatoriem efekt\u012bvi veikt da\u017e\u0101dus b\u016bvniec\u012bbas un rak\u0161anas darbus. Iev\u0113rojot ieteicam\u0101s lieto\u0161anas metodes un apkopes praksi, operatori var nodro\u0161in\u0101t maz\u0101 ekskavatora rot\u0101cijas piedzi\u0146as optim\u0101lu veiktsp\u0113ju un ilgm\u016b\u017e\u012bbu, k\u0101 rezult\u0101t\u0101 palielin\u0101s produktivit\u0101te un projektu veiksm\u012bga pabeig\u0161ana. Ieguldiet \u0161aj\u0101 izcilaj\u0101 hidrauliskaj\u0101 piedzi\u0146as ieg\u0101d\u0113, lai uzlabotu sava maz\u0101 ekskavatora iesp\u0113jas un sasniegtu izcilus rezult\u0101tus b\u016bvniec\u012bbas un rak\u0161anas darbos.<\/p>\n<p>Maz\u0101 ekskavatora rot\u0101cijas piedzi\u0146as galven\u0101s \u012bpa\u0161\u012bbas:<\/p>\n<ol>\n<li>Kompakts dizains un iztur\u012bga konstrukcija<\/li>\n<\/ol>\n<ul>\n<li>Maz\u0101 ekskavatora rot\u0101cijas izpildmeh\u0101nismam ir kompakts dizains, kas padara to ide\u0101li piem\u0113rotu maziem ekskavatoriem, neapdraudot jaudu un veiktsp\u0113ju.<\/li>\n<li>Izgatavots no augstas kvalit\u0101tes materi\u0101liem un iztur\u012bgas konstrukcijas, \u0161is izpildmeh\u0101nisms nodro\u0161ina iztur\u012bbu un ilgm\u016b\u017e\u012bbu pat sare\u017e\u0123\u012btos darba apst\u0101k\u013cos.<\/li>\n<\/ul>\n<ol start=\"2\">\n<li>Prec\u012bza rot\u0101cija un vad\u012bba<\/li>\n<\/ol>\n<ul>\n<li>\u0160is izpildmeh\u0101nisms nodro\u0161ina prec\u012bzu rot\u0101ciju un vad\u012bbu, \u013caujot operatoriem viegli novietot un manevr\u0113t ar piederumiem, piem\u0113ram, kausiem, urbjiem un satv\u0113r\u0113jiem.<\/li>\n<li>Tas nodro\u0161ina prec\u012bzu un efekt\u012bvu darb\u012bbu, uzlabojot produktivit\u0101ti un samazinot rak\u0161anas darbu veik\u0161anai nepiecie\u0161amo laiku.<\/li>\n<\/ul>\n<ol start=\"3\">\n<li>Daudzpus\u012bga pielikumu sader\u012bba<\/li>\n<\/ol>\n<ul>\n<li>Maz\u0101 ekskavatora rot\u0101cijas piedzi\u0146a ir sader\u012bga ar da\u017e\u0101diem stiprin\u0101jumiem, padarot to piem\u0113rotu vair\u0101kiem pielietojumiem.<\/li>\n<li>To var izmantot ar kausiem rak\u0161anai, greiferiem materi\u0101lu apstr\u0101dei un urb\u0161anas urbjiem, nodro\u0161inot daudzpus\u012bbu un elast\u012bbu darba viet\u0101.<\/li>\n<\/ul>\n<ol start=\"4\">\n<li>Vienm\u0113r\u012bga un efekt\u012bva darb\u012bba<\/li>\n<\/ol>\n<ul>\n<li>Apr\u012bkots ar modern\u0101m hidraulisk\u0101m tehnolo\u0123ij\u0101m, \u0161is izpildmeh\u0101nisms nodro\u0161ina vienm\u0113r\u012bgu un efekt\u012bvu darb\u012bbu.<\/li>\n<li>Tas nodro\u0161ina izcilu atsauc\u012bbu, \u013caujot operatoriem veikt prec\u012bzas kust\u012bbas ar vieglumu un kontroli.<\/li>\n<\/ul>\n<h2><strong>Maz\u0101 ekskavatora rot\u0101cijas piedzi\u0146as parametrs:<\/strong><\/h2>\n<table border=\"1\" cellspacing=\"0\" cellpadding=\"0\">\n<tbody>\n<tr>\n<td>Produkta nosaukums<\/td>\n<td>Mazs ekskavatora stie\u0146a cilindrs<\/td>\n<\/tr>\n<tr>\n<td>Funkcijas:<\/td>\n<td>Kontrol\u0113jiet apak\u0161delma kust\u012bbu<\/td>\n<\/tr>\n<tr>\n<td>Urbuma diametrs:<\/td>\n<td>50 mm\uff5e115 mm<\/td>\n<\/tr>\n<tr>\n<td>Stie\u0146a diametrs:<\/td>\n<td>25 mm\uff5e70 mm<br \/>\nG\u0101jiens \u22641000 mm<\/td>\n<\/tr>\n<tr>\n<td>Vilces sp\u0113ks:<\/td>\n<td>Maksim\u0101l\u0101 jauda 305 kN<\/td>\n<\/tr>\n<tr>\n<td>Urbuma diametrs:<\/td>\n<td>115 mm\/spiediens 29,4 MPa)<\/td>\n<\/tr>\n<\/tbody>\n<\/table>\n<h2><strong>Maz\u0101 ekskavatora rot\u0101cijas piedzi\u0146as identifik\u0101cijas sh\u0113ma:<\/strong><\/h2>\n<p><img loading=\"lazy\" decoding=\"async\" class=\"alignnone wp-image-1490 size-full\" src=\"https:\/\/hydraulic-cylinders.net\/wp-content\/uploads\/2023\/09\/stick-cylinder-construction.webp\" alt=\"\" width=\"1481\" height=\"988\" srcset=\"https:\/\/hydraulic-cylinders.net\/wp-content\/uploads\/2023\/09\/stick-cylinder-construction.webp 1481w, https:\/\/hydraulic-cylinders.net\/wp-content\/uploads\/2023\/09\/stick-cylinder-construction-1280x854.webp 1280w, https:\/\/hydraulic-cylinders.net\/wp-content\/uploads\/2023\/09\/stick-cylinder-construction-980x654.webp 980w, https:\/\/hydraulic-cylinders.net\/wp-content\/uploads\/2023\/09\/stick-cylinder-construction-480x320.webp 480w\" sizes=\"(min-width: 0px) and (max-width: 480px) 480px, (min-width: 481px) and (max-width: 980px) 980px, (min-width: 981px) and (max-width: 1280px) 1280px, (min-width: 1281px) 1481px, 100vw\" \/><\/p>\n<h2><strong>Maz\u0101 ekskavatora rot\u0101cijas piedzi\u0146as lieto\u0161anas metode:<\/strong><\/h2>\n<ol>\n<li>Instal\u0113\u0161ana un integr\u0101cija<\/li>\n<\/ol>\n<ul>\n<li>S\u0101ciet, iev\u0113rojot ra\u017eot\u0101ja nor\u0101d\u012bjumus par maz\u0101 ekskavatora rot\u0113jo\u0161\u0101 izpildmeh\u0101nisma pareizu uzst\u0101d\u012b\u0161anu.<\/li>\n<li>Nodro\u0161iniet sader\u012bbu un dro\u0161i piestipriniet izpildmeh\u0101nismu ekskavatora stiprin\u0101juma punktam.<\/li>\n<li>Iev\u0113rojiet ieteicamos griezes momenta parametrus un izmantojiet atbilsto\u0161us stiprin\u0101juma elementus, lai nodro\u0161in\u0101tu dro\u0161u un uzticamu savienojumu.<\/li>\n<\/ul>\n<ol start=\"2\">\n<li>Darb\u012bbas apsv\u0113rumi<\/li>\n<\/ol>\n<ul>\n<li>Iepaz\u012bstieties ar maz\u0101 ekskavatora vad\u012bbas ier\u012bc\u0113m un darb\u012bbu, tostarp rot\u0101cijas piedzi\u0146u.<\/li>\n<li>Pirms faktisko uzdevumu veik\u0161anas praktiz\u0113jiet ekskavatora un izpildmeh\u0101nisma darb\u012bbu kontrol\u0113t\u0101 vid\u0113.<\/li>\n<li>Iev\u0113rojiet dro\u0161\u012bbas nor\u0101d\u012bjumus un str\u0101d\u0101jiet ekskavatora slodzes ierobe\u017eojumu robe\u017e\u0101s, lai nov\u0113rstu negad\u012bjumus un apr\u012bkojuma boj\u0101jumus.<\/li>\n<\/ul>\n<ol start=\"3\">\n<li>Pielikumu lieto\u0161ana un kontrole<\/li>\n<\/ol>\n<ul>\n<li>Pievienojiet v\u0113lamo instrumentu vai piederumu, piem\u0113ram, kausu, satv\u0113r\u0113ju vai urbi, maz\u0101 ekskavatora rot\u0101cijas piedzi\u0146ai.<\/li>\n<li>Izmantojiet izpildmeh\u0101nisma prec\u012bzo vad\u012bbu, lai novietotu un manipul\u0113tu ar stiprin\u0101jumu atbilsto\u0161i veicamajam uzdevumam.<\/li>\n<li>Piel\u0101gojiet rot\u0101cijas \u0101trumu un virzienu atbilsto\u0161i rak\u0161anas vai b\u016bvniec\u012bbas projekta \u012bpa\u0161aj\u0101m pras\u012bb\u0101m.<\/li>\n<\/ul>\n<h2><strong>K\u0101da izm\u0113ra cilindrs ekskavatora \u012bk\u0161\u0137im?<\/strong><\/h2>\n<p>Ekskavatora \u012bk\u0161\u0137a cilindra izm\u0113rs var at\u0161\u0137irties atkar\u012bb\u0101 no ekskavatora \u012bpa\u0161aj\u0101m pras\u012bb\u0101m un \u012bk\u0161\u0137a stiprin\u0101juma paredz\u0113t\u0101 lietojuma. Atbilsto\u0161o cilindra izm\u0113ru parasti nosaka, \u0146emot v\u0113r\u0101 t\u0101dus faktorus k\u0101 ekskavatora darba svars, v\u0113lam\u0101 \u012bk\u0161\u0137a celtsp\u0113ja un sader\u012bba ar ekskavatora hidraulisko sist\u0113mu.<\/p>\n<p>Lai noteiktu piem\u0113rotu ekskavatora \u012bk\u0161\u0137a cilindra izm\u0113ru, ieteicams konsult\u0113ties ar \u012bk\u0161\u0137a stiprin\u0101juma ra\u017eot\u0101ju vai pieg\u0101d\u0101t\u0101ju. Vi\u0146i var sniegt nor\u0101d\u012bjumus, pamatojoties uz ekskavatora specifik\u0101cij\u0101m un \u012bk\u0161\u0137a paredz\u0113to pielietojumu.<\/p>\n<p>Ir v\u0113rts atz\u012bm\u0113t, ka ekskavatoru \u012bk\u0161\u0137i ir pieejami da\u017e\u0101dos izm\u0113ros un konfigur\u0101cij\u0101s, lai tie b\u016btu piem\u0113roti da\u017e\u0101diem ekskavatoru mode\u013ciem un izm\u0113riem. \u012ak\u0161\u0137a stiprin\u0101jums parasti sast\u0101v no centr\u0101l\u0101s konstrukcijas vai r\u0101mja, kas piestiprin\u0101ts pie ekskavatora str\u0113les, un hidraulisk\u0101 cilindra, kas nodro\u0161ina satver\u0161anas vai iesp\u012bl\u0113\u0161anas darb\u012bbu. Cilindra izm\u0113rs j\u0101izv\u0113las t\u0101, lai nodro\u0161in\u0101tu sader\u012bbu ar \u012bk\u0161\u0137a stiprin\u0101jumu un nepiecie\u0161amo satver\u0161anas sp\u0113ku paredz\u0113tajiem uzdevumiem.<\/p>\n<p>Izv\u0113loties ekskavatora \u012bk\u0161\u0137a cilindra izm\u0113ru, ir svar\u012bgi atrast l\u012bdzsvaru starp pietiekamu celtsp\u0113ju un to, ka ekskavatora hidraulisk\u0101 sist\u0113ma var pien\u0101c\u012bgi atbalst\u012bt \u012bk\u0161\u0137a darb\u012bbu. P\u0101r\u0101k liels cilindrs var p\u0101rm\u0113r\u012bgi noslogot ekskavatora hidraulisko sist\u0113mu, savuk\u0101rt nepietiekams cilindra izm\u0113rs var ierobe\u017eot celtsp\u0113ju un samazin\u0101t veiktsp\u0113ju.<\/p>\n<p>Rezum\u0113jot, ekskavatora \u012bk\u0161\u0137a cilindra izm\u0113rs j\u0101nosaka, pamatojoties uz t\u0101diem faktoriem k\u0101 ekskavatora darba svars, v\u0113lam\u0101 celtsp\u0113ja un sader\u012bba ar \u012bk\u0161\u0137a stiprin\u0101jumu un hidraulisko sist\u0113mu. Lai nodro\u0161in\u0101tu pareizu izm\u0113ru un optim\u0101lu veiktsp\u0113ju, ieteicams konsult\u0113ties ar \u012bk\u0161\u0137a stiprin\u0101juma ra\u017eot\u0101ju vai pieg\u0101d\u0101t\u0101ju.<\/p>\n<h2><strong>R\u016bpn\u012bcas iesp\u0113jas un jauda:<\/strong><\/h2>\n<h3>(1) Mont\u0101\u017ea<\/h3>\n<p>Mums ir pirmklas\u012bga neatkar\u012bga p\u0113tniec\u012bbas un att\u012bst\u012bbas mont\u0101\u017eas platforma. Hidraulisko cilindru ra\u017eo\u0161anas darbn\u012bc\u0101 ir \u010detras pusautom\u0101tiskas pacel\u0161anas cilindru mont\u0101\u017eas l\u012bnijas un viena autom\u0101tisk\u0101 sl\u012bpuma cilindru mont\u0101\u017eas l\u012bnija ar projekt\u0113to gada ra\u017eo\u0161anas jaudu 1 miljons vien\u012bbu. Speci\u0101lo cilindru darbn\u012bca ir apr\u012bkota ar da\u017e\u0101du specifik\u0101ciju pusautom\u0101tisku t\u012br\u012b\u0161anas mont\u0101\u017eas sist\u0113mu ar projekt\u0113to gada ra\u017eo\u0161anas jaudu 200 000 vien\u012bbu un apr\u012bkota ar slaven\u0101m CNC apstr\u0101des iek\u0101rt\u0101m, apstr\u0101des centru, augstas precizit\u0101tes cilindru apstr\u0101des speci\u0101lo apr\u012bkojumu, robotiz\u0113tu metin\u0101\u0161anas iek\u0101rtu, autom\u0101tisku t\u012br\u012b\u0161anas iek\u0101rtu, autom\u0101tisku cilindru mont\u0101\u017eas iek\u0101rtu un autom\u0101tisku kr\u0101so\u0161anas ra\u017eo\u0161anas l\u012bniju. Eso\u0161ais kritiskais apr\u012bkojums ir vair\u0101k nek\u0101 300 komplektu (komplektu). Optim\u0101la iek\u0101rtu resursu sadale un efekt\u012bva izmanto\u0161ana nodro\u0161ina produktu precizit\u0101tes pras\u012bbas un apmierina produktu augst\u0101s kvalit\u0101tes pras\u012bbas.<\/p>\n<p><img loading=\"lazy\" decoding=\"async\" class=\"alignnone wp-image-626\" src=\"https:\/\/hydraulic-cylinders.net\/wp-content\/uploads\/2023\/08\/hydraulic-cylinder-product-1-300x158.webp\" alt=\"\" width=\"495\" height=\"260\" srcset=\"https:\/\/hydraulic-cylinders.net\/wp-content\/uploads\/2023\/08\/hydraulic-cylinder-product-1-300x158.webp 495w, https:\/\/hydraulic-cylinders.net\/wp-content\/uploads\/2023\/08\/hydraulic-cylinder-product-1-480x252.webp 480w\" sizes=\"(min-width: 0px) and (max-width: 480px) 480px, (min-width: 481px) 495px, 100vw\" \/> <img loading=\"lazy\" decoding=\"async\" class=\"alignnone wp-image-627\" src=\"https:\/\/hydraulic-cylinders.net\/wp-content\/uploads\/2023\/08\/hydraulic-cylinder-product-2-300x189.webp\" alt=\"\" width=\"413\" height=\"260\" \/><\/p>\n<h3>(2) Apstr\u0101de<\/h3>\n<p>Apstr\u0101des cehs ir apr\u012bkots ar piel\u0101gotu sl\u012bpo slie\u017eu virpo\u0161anas centru, apstr\u0101des centru, \u0101trgaitas asin\u0101\u0161anas ma\u0161\u012bnu, metin\u0101\u0161anas robotu un citu saist\u012btu apr\u012bkojumu, kas var apstr\u0101d\u0101t cilindriskas caurules ar maksim\u0101lo iek\u0161\u0113jo diametru 400 mm un maksim\u0101lo garumu 6 metri.<\/p>\n<p><img loading=\"lazy\" decoding=\"async\" class=\"alignnone wp-image-628 size-large\" src=\"https:\/\/hydraulic-cylinders.net\/wp-content\/uploads\/2023\/08\/hydraulic-cylinder-product-3-1024x391.webp\" alt=\"\" width=\"1024\" height=\"391\" srcset=\"https:\/\/hydraulic-cylinders.net\/wp-content\/uploads\/2023\/08\/hydraulic-cylinder-product-3-980x374.webp 980w, https:\/\/hydraulic-cylinders.net\/wp-content\/uploads\/2023\/08\/hydraulic-cylinder-product-3-480x183.webp 480w\" sizes=\"(min-width: 0px) and (max-width: 480px) 480px, (min-width: 481px) and (max-width: 980px) 980px, (min-width: 981px) 1024px, 100vw\" \/><\/p>\n<h3>(3) Metin\u0101\u0161ana<\/h3>\n<p><img loading=\"lazy\" decoding=\"async\" class=\"alignnone wp-image-629 size-large\" src=\"https:\/\/hydraulic-cylinders.net\/wp-content\/uploads\/2023\/08\/hydraulic-cylinder-product-4-1024x510.webp\" alt=\"\" width=\"1024\" height=\"510\" srcset=\"https:\/\/hydraulic-cylinders.net\/wp-content\/uploads\/2023\/08\/hydraulic-cylinder-product-4-980x488.webp 980w, https:\/\/hydraulic-cylinders.net\/wp-content\/uploads\/2023\/08\/hydraulic-cylinder-product-4-480x239.webp 480w\" sizes=\"(min-width: 0px) and (max-width: 480px) 480px, (min-width: 481px) and (max-width: 980px) 980px, (min-width: 981px) 1024px, 100vw\" \/><\/p>\n<h3>(4) Kr\u0101so\u0161ana un p\u0101rkl\u0101\u0161ana<\/h3>\n<p>Ar maz\u0101m un vid\u0113ja izm\u0113ra cilindrisk\u0101m autom\u0101tisk\u0101m \u016bdens b\u0101zes kr\u0101su p\u0101rkl\u0101\u0161anas l\u012bnij\u0101m, lai pan\u0101ktu autom\u0101tisku robotu iekrau\u0161anu un izkrau\u0161anu un autom\u0101tisku izsmidzin\u0101\u0161anu, projekt\u0113t\u0101 jauda ir 4000 gabali mai\u0146\u0101;<br \/>\nMums ir ar\u012b pusautom\u0101tiska kr\u0101su ra\u017eo\u0161anas l\u012bnija lieliem baloniem, ko darbina \u0137\u0113des piedzi\u0146a, ar 60 kastu konstrukcijas jaudu vien\u0101 mai\u0146\u0101.<\/p>\n<p><img loading=\"lazy\" decoding=\"async\" class=\"alignnone wp-image-630\" src=\"https:\/\/hydraulic-cylinders.net\/wp-content\/uploads\/2023\/08\/hydraulic-cylinder-product-5-300x213.webp\" alt=\"\" width=\"366\" height=\"260\" \/> <img loading=\"lazy\" decoding=\"async\" class=\"alignnone wp-image-631\" src=\"https:\/\/hydraulic-cylinders.net\/wp-content\/uploads\/2023\/08\/hydraulic-cylinder-product-6-300x225.webp\" alt=\"\" width=\"347\" height=\"260\" \/><\/p>\n<h3>(5) Test\u0113\u0161ana<\/h3>\n<p>Mums ir augst\u0101k\u0101s klases p\u0101rbaudes iek\u0101rtas un test\u0113\u0161anas stendi, lai nodro\u0161in\u0101tu, ka balona veiktsp\u0113ja atbilst pras\u012bb\u0101m.<\/p>\n<p><img loading=\"lazy\" decoding=\"async\" class=\"alignnone wp-image-632\" src=\"https:\/\/hydraulic-cylinders.net\/wp-content\/uploads\/2023\/08\/hydraulic-cylinder-product-8-300x200.webp\" alt=\"\" width=\"389\" height=\"260\" \/><\/p>\n<p>&nbsp;<\/p>\n<p>&nbsp;<\/p>\n<p>M\u0113s esam viens no lab\u0101kajiem hidraulisko cilindru ra\u017eot\u0101jiem. M\u0113s varam pied\u0101v\u0101t visaptvero\u0161us hidrauliskos cilindrus. M\u0113s nodro\u0161in\u0101m ar\u012b atbilsto\u0161us <a href=\"https:\/\/hzpt.com\/agricultural-pto-gearbox\/\" target=\"_blank\" rel=\"noopener\">lauksaimniec\u012bbas p\u0101rnesumk\u0101rbas<\/a>. M\u0113s esam eksport\u0113ju\u0161i savus produktus klientiem vis\u0101 pasaul\u0113 un esam ieguvu\u0161i labu reput\u0101ciju, pateicoties m\u016bsu izcilajai produktu kvalit\u0101tei un p\u0113cp\u0101rdo\u0161anas servisam. M\u0113s aicin\u0101m klientus no valsts un \u0101rvalst\u012bm sazin\u0101ties ar mums, lai risin\u0101tu biznesa sarunas, apmain\u012btos ar inform\u0101ciju un... <a href=\"https:\/\/www.hydraulic-cylinders.net\/lv\/contact-us\/\">sadarboties ar mums<\/a>!<\/p>","protected":false},"excerpt":{"rendered":"<p>Small Excavator Rotary Actuator The small excavator rotary actuator is a powerful hydraulic component designed to enhance the versatility and performance of small excavators. This actuator is precisely engineered to provide precise rotation and control, enabling efficient operation in various construction and excavation tasks. The small excavator rotary actuator is a crucial hydraulic component that [&hellip;]<\/p>","protected":false},"featured_media":1496,"comment_status":"open","ping_status":"closed","template":"","meta":{"_et_pb_use_builder":"","_et_pb_old_content":"","_et_gb_content_width":""},"product_brand":[],"product_cat":[1550,1503,1376],"product_tag":[1380],"class_list":{"0":"post-1495","1":"product","2":"type-product","3":"status-publish","4":"has-post-thumbnail","6":"product_cat-double-acting-hydraulic-cylinder","7":"product_cat-excavator-hydraulic-cylinders","8":"product_cat-hydraulic-cylinder","9":"product_tag-hydraulic-cylinder","11":"first","12":"instock","13":"shipping-taxable","14":"product-type-simple"},"amp_enabled":true,"_links":{"self":[{"href":"https:\/\/www.hydraulic-cylinders.net\/lv\/wp-json\/wp\/v2\/product\/1495","targetHints":{"allow":["GET"]}}],"collection":[{"href":"https:\/\/www.hydraulic-cylinders.net\/lv\/wp-json\/wp\/v2\/product"}],"about":[{"href":"https:\/\/www.hydraulic-cylinders.net\/lv\/wp-json\/wp\/v2\/types\/product"}],"replies":[{"embeddable":true,"href":"https:\/\/www.hydraulic-cylinders.net\/lv\/wp-json\/wp\/v2\/comments?post=1495"}],"wp:featuredmedia":[{"embeddable":true,"href":"https:\/\/www.hydraulic-cylinders.net\/lv\/wp-json\/wp\/v2\/media\/1496"}],"wp:attachment":[{"href":"https:\/\/www.hydraulic-cylinders.net\/lv\/wp-json\/wp\/v2\/media?parent=1495"}],"wp:term":[{"taxonomy":"product_brand","embeddable":true,"href":"https:\/\/www.hydraulic-cylinders.net\/lv\/wp-json\/wp\/v2\/product_brand?post=1495"},{"taxonomy":"product_cat","embeddable":true,"href":"https:\/\/www.hydraulic-cylinders.net\/lv\/wp-json\/wp\/v2\/product_cat?post=1495"},{"taxonomy":"product_tag","embeddable":true,"href":"https:\/\/www.hydraulic-cylinders.net\/lv\/wp-json\/wp\/v2\/product_tag?post=1495"}],"curies":[{"name":"wp","href":"https:\/\/api.w.org\/{rel}","templated":true}]}}