{"id":1502,"date":"2023-09-27T07:01:44","date_gmt":"2023-09-27T07:01:44","guid":{"rendered":"https:\/\/hydraulic-cylinders.net\/?post_type=product&#038;p=1502"},"modified":"2025-04-11T03:41:16","modified_gmt":"2025-04-11T03:41:16","slug":"large-excavator-boom-cylinder","status":"publish","type":"product","link":"https:\/\/www.hydraulic-cylinders.net\/lv\/products\/large-excavator-boom-cylinder\/","title":{"rendered":"Liels ekskavatora str\u0113les cilindrs"},"content":{"rendered":"<h1 style=\"text-align: center;\"><strong>Liels ekskavatora str\u0113les cilindrs<\/strong><\/h1>\n<p><img loading=\"lazy\" decoding=\"async\" class=\"aligncenter wp-image-1503\" src=\"https:\/\/hydraulic-cylinders.net\/wp-content\/uploads\/2023\/09\/boom-cylinder-1-2-300x300.webp\" alt=\"\" width=\"400\" height=\"400\" \/><\/p>\n<p>Lielais ekskavatora str\u0113les cilindrs ir svar\u012bga hidrauliska sast\u0101vda\u013ca, kam ir iz\u0161\u0137iro\u0161a noz\u012bme lielu ekskavatoru efekt\u012bv\u0101 darb\u012bb\u0101. \u0160is cilindrs ir \u012bpa\u0161i izstr\u0101d\u0101ts, lai nodro\u0161in\u0101tu sp\u0113c\u012bgu str\u0113les izstiep\u0161anu un ievilk\u0161anu, t\u0101d\u0113j\u0101di nodro\u0161inot prec\u012bzu vad\u012bbu un uzlabotu veiktsp\u0113ju smagos b\u016bvniec\u012bbas projektos.<\/p>\n<p>Lielais ekskavatora str\u0113les cilindrs ir jaud\u012bga hidrauliska sast\u0101vda\u013ca, kas ir b\u016btiska lielu ekskavatoru efekt\u012bv\u0101 darb\u012bb\u0101. Pateicoties t\u0101 iztur\u012bgajai konstrukcijai, prec\u012bzajai vad\u012bbai, papla\u0161in\u0101tajai sniedzam\u012bbai un celtsp\u0113jai, \u0161is cilindrs \u013cauj operatoriem sasniegt uzlabotu veiktsp\u0113ju un produktivit\u0101ti smagos b\u016bvniec\u012bbas projektos. Iev\u0113rojot ieteicam\u0101s lieto\u0161anas metodes un apkopes praksi, operatori var nodro\u0161in\u0101t liel\u0101 ekskavatora str\u0113les cilindra optim\u0101lu veiktsp\u0113ju un ilgm\u016b\u017e\u012bbu, k\u0101 rezult\u0101t\u0101 palielin\u0101s efektivit\u0101te un b\u016bvniec\u012bbas uzdevumu veiksm\u012bga pabeig\u0161ana. Ieguldiet \u0161aj\u0101 izcilaj\u0101 hidrauliskaj\u0101 cilindr\u0101, lai atbr\u012bvotu sava liel\u0101 ekskavatora pilnu potenci\u0101lu un paceltu savas b\u016bvniec\u012bbas iesp\u0113jas jaun\u0101 l\u012bmen\u012b.<\/p>\n<p>Liela ekskavatora kausa cilindra galven\u0101s \u012bpa\u0161\u012bbas:<\/p>\n<ol>\n<li>Iztur\u012bga konstrukcija un augsta iztur\u012bba<\/li>\n<\/ol>\n<ul>\n<li>Lielais ekskavatora str\u0113les cilindrs ir izgatavots no iztur\u012bgiem materi\u0101liem un lepojas ar robustu konstrukciju, kas nodro\u0161ina optim\u0101lu veiktsp\u0113ju pat sare\u017e\u0123\u012btos apst\u0101k\u013cos.<\/li>\n<li>Tam piem\u012bt augstas iztur\u012bbas \u012bpa\u0161\u012bbas, kas \u013cauj iztur\u0113t lielas slodzes un ekspluat\u0101cijas laik\u0101 rad\u012bt iev\u0113rojamu sp\u0113ku.<\/li>\n<\/ul>\n<ol start=\"2\">\n<li>Prec\u012bza vad\u012bba un vienm\u0113r\u012bga darb\u012bba<\/li>\n<\/ol>\n<ul>\n<li>\u0160is cilindrs nodro\u0161ina prec\u012bzu str\u0113les izstiep\u0161anas un ievilk\u0161anas kontroli, \u013caujot operatoriem sasniegt prec\u012bzu pozicion\u0113\u0161anu un manevr\u0113tsp\u0113ju.<\/li>\n<li>Tas nodro\u0161ina vienm\u0113r\u012bgu un neman\u0101mu darb\u012bbu, samazinot saraust\u012bta kust\u012bbas un optimiz\u0113jot efektivit\u0101ti b\u016bvniec\u012bbas uzdevumu laik\u0101.<\/li>\n<\/ul>\n<ol start=\"3\">\n<li>Papla\u0161in\u0101ta sniedzam\u012bba un celtsp\u0113ja<\/li>\n<\/ol>\n<ul>\n<li>Ar iespaid\u012bgaj\u0101m pagarin\u0101juma iesp\u0113j\u0101m lielais ekskavatora str\u0113les cilindrs \u013cauj ekskavatoram sasniegt liel\u0101kus att\u0101lumus, papla\u0161inot t\u0101 darba diapazonu.<\/li>\n<li>Tas uzlabo ekskavatora celtsp\u0113ju, \u013caujot efekt\u012bvi apstr\u0101d\u0101t smagus materi\u0101lus un uzlabot produktivit\u0101ti darba viet\u0101.<\/li>\n<\/ul>\n<ol start=\"4\">\n<li>Sader\u012bba un piel\u0101go\u0161an\u0101s sp\u0113ja<\/li>\n<\/ol>\n<ul>\n<li>Lielais ekskavatora str\u0113les cilindrs ir izstr\u0101d\u0101ts t\u0101, lai b\u016btu sader\u012bgs ar pla\u0161u lielo ekskavatoru mode\u013cu kl\u0101stu, nodro\u0161inot daudzpus\u012bbu un vienk\u0101r\u0161u integr\u0101ciju.<\/li>\n<li>To var viegli piel\u0101got da\u017e\u0101d\u0101m str\u0113les konfigur\u0101cij\u0101m, padarot to par daudzpus\u012bgu hidraulisko komponentu da\u017e\u0101diem b\u016bvniec\u012bbas darbiem.<\/li>\n<\/ul>\n<h2><strong>Liela ekskavatora str\u0113les cilindra parametrs:<\/strong><\/h2>\n<table border=\"1\" cellspacing=\"0\" cellpadding=\"0\">\n<tbody>\n<tr>\n<td>Produkta nosaukums<\/td>\n<td>Liels ekskavatora str\u0113les cilindrs<\/td>\n<\/tr>\n<tr>\n<td>Funkcijas:<\/td>\n<td>Kontrol\u0113jiet liel\u0101s rokas pacel\u0161anas kust\u012bbu<\/td>\n<\/tr>\n<tr>\n<td>Urbuma diametrs:<\/td>\n<td>200 mm\uff5e420 mm<\/td>\n<\/tr>\n<tr>\n<td>Stie\u0146a diametrs:<\/td>\n<td>140 mm\uff5e300 mm<br \/>\nG\u0101jiens \u22643500 mm<\/td>\n<\/tr>\n<tr>\n<td>Vilces sp\u0113ks:<\/td>\n<td>Maksim\u0101l\u0101 jauda 4846,6 kN<\/td>\n<\/tr>\n<tr>\n<td>Urbuma diametrs:<\/td>\n<td>420 mm\/spiediens 35 MPa<\/td>\n<\/tr>\n<\/tbody>\n<\/table>\n<h2><strong>Liela ekskavatora str\u0113les cilindra identifik\u0101cijas sh\u0113ma:<\/strong><\/h2>\n<p><img loading=\"lazy\" decoding=\"async\" class=\"alignnone wp-image-1504 size-full\" src=\"https:\/\/hydraulic-cylinders.net\/wp-content\/uploads\/2023\/09\/boom-cylinder-2.webp\" alt=\"\" width=\"1418\" height=\"946\" srcset=\"https:\/\/hydraulic-cylinders.net\/wp-content\/uploads\/2023\/09\/boom-cylinder-2.webp 1418w, https:\/\/hydraulic-cylinders.net\/wp-content\/uploads\/2023\/09\/boom-cylinder-2-1280x854.webp 1280w, https:\/\/hydraulic-cylinders.net\/wp-content\/uploads\/2023\/09\/boom-cylinder-2-980x654.webp 980w, https:\/\/hydraulic-cylinders.net\/wp-content\/uploads\/2023\/09\/boom-cylinder-2-480x320.webp 480w\" sizes=\"(min-width: 0px) and (max-width: 480px) 480px, (min-width: 481px) and (max-width: 980px) 980px, (min-width: 981px) and (max-width: 1280px) 1280px, (min-width: 1281px) 1418px, 100vw\" \/><\/p>\n<h2><strong>Liela ekskavatora str\u0113les cilindra lieto\u0161anas metode:<\/strong><\/h2>\n<ol>\n<li>Instal\u0113\u0161ana un konfigur\u0113\u0161ana<\/li>\n<\/ol>\n<ul>\n<li>Iev\u0113rojiet ra\u017eot\u0101ja nor\u0101d\u012bjumus par liela ekskavatora str\u0113les cilindra pareizu uzst\u0101d\u012b\u0161anu.<\/li>\n<li>Nodro\u0161iniet sader\u012bbu un dro\u0161i piestipriniet cilindru pie ekskavatora str\u0113les mezgla.<\/li>\n<li>Lai izveidotu uzticamu savienojumu, izmantojiet ieteicamos griezes momenta parametrus un atbilsto\u0161us stiprin\u0101juma elementus.<\/li>\n<\/ul>\n<ol start=\"2\">\n<li>Darb\u012bbas apsv\u0113rumi<\/li>\n<\/ol>\n<ul>\n<li>Iepaz\u012bstieties ar liel\u0101 ekskavatora vad\u012bbas ier\u012bc\u0113m un darb\u012bbu, tostarp str\u0113les cilindru.<\/li>\n<li>Pirms b\u016bvniec\u012bbas darbu veik\u0161anas praktiz\u0113jiet ekskavatora un cilindra vad\u012b\u0161anu kontrol\u0113t\u0101 vid\u0113.<\/li>\n<li>Iev\u0113rojiet dro\u0161\u012bbas nor\u0101d\u012bjumus un str\u0101d\u0101jiet ekskavatora slodzes ierobe\u017eojumu robe\u017e\u0101s, lai nodro\u0161in\u0101tu dro\u0161\u012bbu un nov\u0113rstu apr\u012bkojuma boj\u0101jumus.<\/li>\n<\/ul>\n<ol start=\"3\">\n<li>Veiktsp\u0113jas optimiz\u0113\u0161ana<\/li>\n<\/ol>\n<ul>\n<li>Izmantojiet prec\u012bzo vad\u012bbu, ko pied\u0101v\u0101 lielais ekskavatora str\u0113les cilindrs, lai optimiz\u0113tu veiktsp\u0113ju b\u016bvniec\u012bbas projektu laik\u0101.<\/li>\n<li>Izstiepiet un ievelciet str\u0113li atbilsto\u0161i nepiecie\u0161am\u012bbai konkr\u0113tiem uzdevumiem, nodro\u0161inot prec\u012bzu materi\u0101lu izvieto\u0161anu un efekt\u012bvu rak\u0161anu vai cel\u0161anu.<\/li>\n<li>Piel\u0101gojiet str\u0113les le\u0146\u0137i un augstumu atbilsto\u0161i projekta pras\u012bb\u0101m, maksim\u0101li palielinot sasniedzam\u012bbu un produktivit\u0101ti darba viet\u0101.<\/li>\n<\/ul>\n<h2><strong>K\u0101da izm\u0113ra cilindrs ekskavatora \u012bk\u0161\u0137im?<\/strong><\/h2>\n<p>Ekskavatora \u012bk\u0161\u0137a cilindra izm\u0113rs var at\u0161\u0137irties atkar\u012bb\u0101 no ekskavatora \u012bpa\u0161aj\u0101m pras\u012bb\u0101m un \u012bk\u0161\u0137a stiprin\u0101juma paredz\u0113t\u0101 lietojuma. Atbilsto\u0161o cilindra izm\u0113ru parasti nosaka, \u0146emot v\u0113r\u0101 t\u0101dus faktorus k\u0101 ekskavatora darba svars, v\u0113lam\u0101 \u012bk\u0161\u0137a celtsp\u0113ja un sader\u012bba ar ekskavatora hidraulisko sist\u0113mu.<\/p>\n<p>Lai noteiktu piem\u0113rotu ekskavatora \u012bk\u0161\u0137a cilindra izm\u0113ru, ieteicams konsult\u0113ties ar \u012bk\u0161\u0137a stiprin\u0101juma ra\u017eot\u0101ju vai pieg\u0101d\u0101t\u0101ju. Vi\u0146i var sniegt nor\u0101d\u012bjumus, pamatojoties uz ekskavatora specifik\u0101cij\u0101m un \u012bk\u0161\u0137a paredz\u0113to pielietojumu.<\/p>\n<p>Ir v\u0113rts atz\u012bm\u0113t, ka ekskavatoru \u012bk\u0161\u0137i ir pieejami da\u017e\u0101dos izm\u0113ros un konfigur\u0101cij\u0101s, lai tie b\u016btu piem\u0113roti da\u017e\u0101diem ekskavatoru mode\u013ciem un izm\u0113riem. \u012ak\u0161\u0137a stiprin\u0101jums parasti sast\u0101v no centr\u0101l\u0101s konstrukcijas vai r\u0101mja, kas piestiprin\u0101ts pie ekskavatora str\u0113les, un hidraulisk\u0101 cilindra, kas nodro\u0161ina satver\u0161anas vai iesp\u012bl\u0113\u0161anas darb\u012bbu. Cilindra izm\u0113rs j\u0101izv\u0113las t\u0101, lai nodro\u0161in\u0101tu sader\u012bbu ar \u012bk\u0161\u0137a stiprin\u0101jumu un nepiecie\u0161amo satver\u0161anas sp\u0113ku paredz\u0113tajiem uzdevumiem.<\/p>\n<p>Izv\u0113loties ekskavatora \u012bk\u0161\u0137a cilindra izm\u0113ru, ir svar\u012bgi atrast l\u012bdzsvaru starp pietiekamu celtsp\u0113ju un to, ka ekskavatora hidraulisk\u0101 sist\u0113ma var pien\u0101c\u012bgi atbalst\u012bt \u012bk\u0161\u0137a darb\u012bbu. P\u0101r\u0101k liels cilindrs var p\u0101rm\u0113r\u012bgi noslogot ekskavatora hidraulisko sist\u0113mu, savuk\u0101rt nepietiekams cilindra izm\u0113rs var ierobe\u017eot celtsp\u0113ju un samazin\u0101t veiktsp\u0113ju.<\/p>\n<p>Rezum\u0113jot, ekskavatora \u012bk\u0161\u0137a cilindra izm\u0113rs j\u0101nosaka, pamatojoties uz t\u0101diem faktoriem k\u0101 ekskavatora darba svars, v\u0113lam\u0101 celtsp\u0113ja un sader\u012bba ar \u012bk\u0161\u0137a stiprin\u0101jumu un hidraulisko sist\u0113mu. Lai nodro\u0161in\u0101tu pareizu izm\u0113ru un optim\u0101lu veiktsp\u0113ju, ieteicams konsult\u0113ties ar \u012bk\u0161\u0137a stiprin\u0101juma ra\u017eot\u0101ju vai pieg\u0101d\u0101t\u0101ju.<\/p>\n<h2><strong>R\u016bpn\u012bcas iesp\u0113jas un jauda:<\/strong><\/h2>\n<h3>(1) Mont\u0101\u017ea<\/h3>\n<p>Mums ir pirmklas\u012bga neatkar\u012bga p\u0113tniec\u012bbas un att\u012bst\u012bbas mont\u0101\u017eas platforma. Hidraulisko cilindru ra\u017eo\u0161anas darbn\u012bc\u0101 ir \u010detras pusautom\u0101tiskas pacel\u0161anas cilindru mont\u0101\u017eas l\u012bnijas un viena autom\u0101tisk\u0101 sl\u012bpuma cilindru mont\u0101\u017eas l\u012bnija ar projekt\u0113to gada ra\u017eo\u0161anas jaudu 1 miljons vien\u012bbu. Speci\u0101lo cilindru darbn\u012bca ir apr\u012bkota ar da\u017e\u0101du specifik\u0101ciju pusautom\u0101tisku t\u012br\u012b\u0161anas mont\u0101\u017eas sist\u0113mu ar projekt\u0113to gada ra\u017eo\u0161anas jaudu 200 000 vien\u012bbu un apr\u012bkota ar slaven\u0101m CNC apstr\u0101des iek\u0101rt\u0101m, apstr\u0101des centru, augstas precizit\u0101tes cilindru apstr\u0101des speci\u0101lo apr\u012bkojumu, robotiz\u0113tu metin\u0101\u0161anas iek\u0101rtu, autom\u0101tisku t\u012br\u012b\u0161anas iek\u0101rtu, autom\u0101tisku cilindru mont\u0101\u017eas iek\u0101rtu un autom\u0101tisku kr\u0101so\u0161anas ra\u017eo\u0161anas l\u012bniju. Eso\u0161ais kritiskais apr\u012bkojums ir vair\u0101k nek\u0101 300 komplektu (komplektu). Optim\u0101la iek\u0101rtu resursu sadale un efekt\u012bva izmanto\u0161ana nodro\u0161ina produktu precizit\u0101tes pras\u012bbas un apmierina produktu augst\u0101s kvalit\u0101tes pras\u012bbas.<\/p>\n<p><img loading=\"lazy\" decoding=\"async\" class=\"alignnone wp-image-626\" src=\"https:\/\/hydraulic-cylinders.net\/wp-content\/uploads\/2023\/08\/hydraulic-cylinder-product-1-300x158.webp\" alt=\"\" width=\"495\" height=\"260\" srcset=\"https:\/\/hydraulic-cylinders.net\/wp-content\/uploads\/2023\/08\/hydraulic-cylinder-product-1-300x158.webp 495w, https:\/\/hydraulic-cylinders.net\/wp-content\/uploads\/2023\/08\/hydraulic-cylinder-product-1-480x252.webp 480w\" sizes=\"(min-width: 0px) and (max-width: 480px) 480px, (min-width: 481px) 495px, 100vw\" \/> <img loading=\"lazy\" decoding=\"async\" class=\"alignnone wp-image-627\" src=\"https:\/\/hydraulic-cylinders.net\/wp-content\/uploads\/2023\/08\/hydraulic-cylinder-product-2-300x189.webp\" alt=\"\" width=\"413\" height=\"260\" \/><\/p>\n<h3>(2) Apstr\u0101de<\/h3>\n<p>Apstr\u0101des cehs ir apr\u012bkots ar piel\u0101gotu sl\u012bpo slie\u017eu virpo\u0161anas centru, apstr\u0101des centru, \u0101trgaitas asin\u0101\u0161anas ma\u0161\u012bnu, metin\u0101\u0161anas robotu un citu saist\u012btu apr\u012bkojumu, kas var apstr\u0101d\u0101t cilindriskas caurules ar maksim\u0101lo iek\u0161\u0113jo diametru 400 mm un maksim\u0101lo garumu 6 metri.<\/p>\n<p><img loading=\"lazy\" decoding=\"async\" class=\"alignnone wp-image-628 size-large\" src=\"https:\/\/hydraulic-cylinders.net\/wp-content\/uploads\/2023\/08\/hydraulic-cylinder-product-3-1024x391.webp\" alt=\"\" width=\"1024\" height=\"391\" srcset=\"https:\/\/hydraulic-cylinders.net\/wp-content\/uploads\/2023\/08\/hydraulic-cylinder-product-3-980x374.webp 980w, https:\/\/hydraulic-cylinders.net\/wp-content\/uploads\/2023\/08\/hydraulic-cylinder-product-3-480x183.webp 480w\" sizes=\"(min-width: 0px) and (max-width: 480px) 480px, (min-width: 481px) and (max-width: 980px) 980px, (min-width: 981px) 1024px, 100vw\" \/><\/p>\n<h3>(3) Metin\u0101\u0161ana<\/h3>\n<p><img loading=\"lazy\" decoding=\"async\" class=\"alignnone wp-image-629 size-large\" src=\"https:\/\/hydraulic-cylinders.net\/wp-content\/uploads\/2023\/08\/hydraulic-cylinder-product-4-1024x510.webp\" alt=\"\" width=\"1024\" height=\"510\" srcset=\"https:\/\/hydraulic-cylinders.net\/wp-content\/uploads\/2023\/08\/hydraulic-cylinder-product-4-980x488.webp 980w, https:\/\/hydraulic-cylinders.net\/wp-content\/uploads\/2023\/08\/hydraulic-cylinder-product-4-480x239.webp 480w\" sizes=\"(min-width: 0px) and (max-width: 480px) 480px, (min-width: 481px) and (max-width: 980px) 980px, (min-width: 981px) 1024px, 100vw\" \/><\/p>\n<h3>(4) Kr\u0101so\u0161ana un p\u0101rkl\u0101\u0161ana<\/h3>\n<p>Ar maz\u0101m un vid\u0113ja izm\u0113ra cilindrisk\u0101m autom\u0101tisk\u0101m \u016bdens b\u0101zes kr\u0101su p\u0101rkl\u0101\u0161anas l\u012bnij\u0101m, lai pan\u0101ktu autom\u0101tisku robotu iekrau\u0161anu un izkrau\u0161anu un autom\u0101tisku izsmidzin\u0101\u0161anu, projekt\u0113t\u0101 jauda ir 4000 gabali mai\u0146\u0101;<br \/>\nMums ir ar\u012b pusautom\u0101tiska kr\u0101su ra\u017eo\u0161anas l\u012bnija lieliem baloniem, ko darbina \u0137\u0113des piedzi\u0146a, ar 60 kastu konstrukcijas jaudu vien\u0101 mai\u0146\u0101.<\/p>\n<p><img loading=\"lazy\" decoding=\"async\" class=\"alignnone wp-image-630\" src=\"https:\/\/hydraulic-cylinders.net\/wp-content\/uploads\/2023\/08\/hydraulic-cylinder-product-5-300x213.webp\" alt=\"\" width=\"366\" height=\"260\" \/> <img loading=\"lazy\" decoding=\"async\" class=\"alignnone wp-image-631\" src=\"https:\/\/hydraulic-cylinders.net\/wp-content\/uploads\/2023\/08\/hydraulic-cylinder-product-6-300x225.webp\" alt=\"\" width=\"347\" height=\"260\" \/><\/p>\n<h3>(5) Test\u0113\u0161ana<\/h3>\n<p>Mums ir augst\u0101k\u0101s klases p\u0101rbaudes iek\u0101rtas un test\u0113\u0161anas stendi, lai nodro\u0161in\u0101tu, ka balona veiktsp\u0113ja atbilst pras\u012bb\u0101m.<\/p>\n<p><img loading=\"lazy\" decoding=\"async\" class=\"alignnone wp-image-632\" src=\"https:\/\/hydraulic-cylinders.net\/wp-content\/uploads\/2023\/08\/hydraulic-cylinder-product-8-300x200.webp\" alt=\"\" width=\"389\" height=\"260\" \/><\/p>\n<p>&nbsp;<\/p>\n<p>&nbsp;<\/p>\n<p>M\u0113s esam viens no lab\u0101kajiem hidraulisko cilindru ra\u017eot\u0101jiem. M\u0113s varam pied\u0101v\u0101t visaptvero\u0161us hidrauliskos cilindrus. M\u0113s nodro\u0161in\u0101m ar\u012b atbilsto\u0161us <a href=\"https:\/\/hzpt.com\/agricultural-pto-gearbox\/\" target=\"_blank\" rel=\"noopener\">lauksaimniec\u012bbas p\u0101rnesumk\u0101rbas<\/a>. M\u0113s esam eksport\u0113ju\u0161i savus produktus klientiem vis\u0101 pasaul\u0113 un esam ieguvu\u0161i labu reput\u0101ciju, pateicoties m\u016bsu izcilajai produktu kvalit\u0101tei un p\u0113cp\u0101rdo\u0161anas servisam. M\u0113s aicin\u0101m klientus no valsts un \u0101rvalst\u012bm sazin\u0101ties ar mums, lai risin\u0101tu biznesa sarunas, apmain\u012btos ar inform\u0101ciju un... <a href=\"https:\/\/www.hydraulic-cylinders.net\/lv\/contact-us\/\">sadarboties ar mums<\/a>!<\/p>","protected":false},"excerpt":{"rendered":"<p>Large Excavator Boom Cylinder The large excavator boom cylinder is a vital hydraulic component that plays a crucial role in efficiently operating large excavators. This cylinder is specifically designed to provide powerful extension and retraction of the boom, enabling precise control and enhanced performance in heavy construction projects. The large excavator boom cylinder is a [&hellip;]<\/p>","protected":false},"featured_media":1505,"comment_status":"open","ping_status":"closed","template":"","meta":{"_et_pb_use_builder":"","_et_pb_old_content":"","_et_gb_content_width":""},"product_brand":[],"product_cat":[1550,1503,1376],"product_tag":[1380],"class_list":{"0":"post-1502","1":"product","2":"type-product","3":"status-publish","4":"has-post-thumbnail","6":"product_cat-double-acting-hydraulic-cylinder","7":"product_cat-excavator-hydraulic-cylinders","8":"product_cat-hydraulic-cylinder","9":"product_tag-hydraulic-cylinder","11":"first","12":"instock","13":"shipping-taxable","14":"product-type-simple"},"amp_enabled":true,"_links":{"self":[{"href":"https:\/\/www.hydraulic-cylinders.net\/lv\/wp-json\/wp\/v2\/product\/1502","targetHints":{"allow":["GET"]}}],"collection":[{"href":"https:\/\/www.hydraulic-cylinders.net\/lv\/wp-json\/wp\/v2\/product"}],"about":[{"href":"https:\/\/www.hydraulic-cylinders.net\/lv\/wp-json\/wp\/v2\/types\/product"}],"replies":[{"embeddable":true,"href":"https:\/\/www.hydraulic-cylinders.net\/lv\/wp-json\/wp\/v2\/comments?post=1502"}],"wp:featuredmedia":[{"embeddable":true,"href":"https:\/\/www.hydraulic-cylinders.net\/lv\/wp-json\/wp\/v2\/media\/1505"}],"wp:attachment":[{"href":"https:\/\/www.hydraulic-cylinders.net\/lv\/wp-json\/wp\/v2\/media?parent=1502"}],"wp:term":[{"taxonomy":"product_brand","embeddable":true,"href":"https:\/\/www.hydraulic-cylinders.net\/lv\/wp-json\/wp\/v2\/product_brand?post=1502"},{"taxonomy":"product_cat","embeddable":true,"href":"https:\/\/www.hydraulic-cylinders.net\/lv\/wp-json\/wp\/v2\/product_cat?post=1502"},{"taxonomy":"product_tag","embeddable":true,"href":"https:\/\/www.hydraulic-cylinders.net\/lv\/wp-json\/wp\/v2\/product_tag?post=1502"}],"curies":[{"name":"wp","href":"https:\/\/api.w.org\/{rel}","templated":true}]}}