{"id":15117,"date":"2025-01-19T14:07:33","date_gmt":"2025-01-19T14:07:33","guid":{"rendered":"https:\/\/www.hydraulic-cylinders.net\/product\/bucket-cylinder-for-komatsu-small-excavator-pc28mr\/"},"modified":"2025-01-19T14:07:41","modified_gmt":"2025-01-19T14:07:41","slug":"bucket-cylinder-for-komatsu-small-excavator-pc28mr","status":"publish","type":"product","link":"https:\/\/www.hydraulic-cylinders.net\/lv\/products\/bucket-cylinder-for-komatsu-small-excavator-pc28mr\/","title":{"rendered":"Kausa cilindrs Komatsu mazajam ekskavatoram PC28MR"},"content":{"rendered":"<h1>Kausa cilindrs Komatsu mazajam ekskavatoram PC28MR<\/h1>\n<h2>Ievads<\/h2>\n<p>Komatsu maz\u0101 ekskavatora PC28MR kausa cilindrs ir \u012bpa\u0161i izstr\u0101d\u0101ts hidrauliskais cilindrs, ko izmanto, lai kontrol\u0113tu kausa kust\u012bbu smagaj\u0101s ma\u0161\u012bn\u0101s, piem\u0113ram, ekskavatoros, ekskavatoros-iekr\u0101v\u0113jos un front\u0101lajos iekr\u0101v\u0113jos. T\u0101 galven\u0101 funkcija ir nodro\u0161in\u0101t kausa pacel\u0161anu, nolai\u0161anu un noliek\u0161anu, padarot to \u0113rtu da\u017e\u0101diem materi\u0101lu apstr\u0101des uzdevumiem. Hidrauliskaj\u0101 sist\u0113m\u0101 kausa cilindrs pan\u0101k prec\u012bzu kausa kontroli, mainot hidraulisk\u0101s e\u013c\u013cas spiedienu, \u013caujot operatoriem efekt\u012bvi apstr\u0101d\u0101t smagas kravas un piel\u0101goties sare\u017e\u0123\u012btai darba videi un da\u017e\u0101d\u0101m darba pras\u012bb\u0101m.<\/p>\n<p><img decoding=\"async\" src=\"https:\/\/www.hydraulic-cylinders.net\/wp-content\/uploads\/2025\/01\/songte-company-2.webp\" alt=\"Kausa cilindra att\u0113ls\"><\/p>\n<h2>Funkcijas<\/h2>\n<ul>\n<li>Augsta iztur\u012bba un ilgm\u016b\u017e\u012bba: Parasti izgatavots no augstas stipr\u012bbas t\u0113rauda vai alum\u012bnija, tas var iztur\u0113t augstu spiedienu un lielas slodzes, piel\u0101gojoties skarbajiem darba apst\u0101k\u013ciem. Konstrukcij\u0101 \u0146emta v\u0113r\u0101 nodilumiztur\u012bba un iztur\u012bba pret koroziju, pagarinot t\u0101 kalpo\u0161anas laiku.<\/li>\n<li>Efekt\u012bva hidraulisk\u0101 darb\u012bba: Izmantojot hidraulisk\u0101s e\u013c\u013cas spiedienu, t\u0101 pan\u0101k vienm\u0113r\u012bgas izstiep\u0161anas un ievilk\u0161anas kust\u012bbas, \u0101tri rea\u0123\u0113 uz vad\u012bbas komand\u0101m, nodro\u0161ina sp\u0113c\u012bgu stum\u0161anas un vilk\u0161anas sp\u0113ku un ir piem\u0113rota smagu kravu apstr\u0101dei un sare\u017e\u0123\u012btu darba uzdevumu veik\u0161anai.<\/li>\n<li>Da\u017e\u0101di veidi: Tas pied\u0101v\u0101 iesp\u0113ju izv\u0113l\u0113ties starp vienas darb\u012bbas (hidrauliski darbojas tikai vien\u0101 virzien\u0101) vai divk\u0101r\u0161as darb\u012bbas (hidrauliski darbojas abos virzienos) cilindriem, lai apmierin\u0101tu da\u017e\u0101das ekspluat\u0101cijas vajadz\u012bbas. Da\u017ei mode\u013ci ir teleskopiski, kas \u013cauj liel\u0101ku pagarin\u0101jumu, nepalielinot \u0101r\u0113jos izm\u0113rus, un ir piem\u0113roti lietojumiem ar ierobe\u017eotu vietu.<\/li>\n<li>Perfekta nomai\u0146a: m\u016bsu produkti var perfekti aizst\u0101t \u0161os hidrauliskos cilindrus, pied\u0101v\u0101jot sader\u012bbu un uzticamu veiktsp\u0113ju.<\/li>\n<\/ul>\n<p><img decoding=\"async\" src=\"https:\/\/www.hydraulic-cylinders.net\/wp-content\/uploads\/2025\/01\/songte-cylinder-head-with-all-kinds-excavator-models.webp\" alt=\"Produkta att\u0113ls\"><\/p>\n<h2>Pieteikumi<\/h2>\n<p>Komatsu maz\u0101 ekskavatora PC28MR kausa cilindrs tiek izmantots da\u017e\u0101dos scen\u0101rijos:<\/p>\n<ol>\n<li>B\u016bvniec\u012bbas tehnika: Ekskavatoros t\u0101s ir \u013coti svar\u012bgas rak\u0161anas, iekrau\u0161anas un augsnes vai gru\u017eu p\u0101rvieto\u0161anas darbiem. Ekskavatoros-iekr\u0101v\u0113jos kausa cilindrs pal\u012bdz gan rak\u0161anas, gan cel\u0161anas darbos.<\/li>\n<li>Lauksaimniec\u012bbas tehnika: Izmanto front\u0101lajos iekr\u0101v\u0113jos augsnes, siena un citu materi\u0101lu sav\u0101k\u0161anai, cel\u0161anai un transport\u0113\u0161anai.<\/li>\n<li>Ekskavatori: Kausa cilindrs \u013cauj veikt izrakumus, \u013caujot kausam iek\u013c\u016bt augsn\u0113.<\/li>\n<li>Iekr\u0101v\u0113ji: Front\u0101lajos iekr\u0101v\u0113jos tie pal\u012bdz efekt\u012bvi pacelt un izkraut preces.<\/li>\n<\/ol>\n<h2>Dizaina apsv\u0113rumi un atlases krit\u0113riji<\/h2>\n<p>Run\u0101jot par projekt\u0113\u0161anas apsv\u0113rumiem, tiek \u0146emti v\u0113r\u0101 t\u0101di galvenie aspekti k\u0101 nestsp\u0113ja, bl\u012bv\u0113jums, iztur\u012bba, dro\u0161\u012bba un apkopes iesp\u0113jas:<\/p>\n<p><img decoding=\"async\" src=\"https:\/\/www.hydraulic-cylinders.net\/wp-content\/uploads\/2025\/01\/songte-oil-pipes-and-spare-parts.webp\" alt=\"Dizaina apsv\u0113rumu att\u0113ls\"><\/p>\n<h2>Bl\u012bv\u0113\u0161ana un e\u013c\u013co\u0161ana<\/h2>\n<p>Kausa cilindr\u0101 tiek izmantoti da\u017e\u0101di bl\u012bv\u0113\u0161anas elementi, piem\u0113ram, virzu\u013ca bl\u012bvsl\u0113gi \u200b\u200bun stie\u0146a bl\u012bvsl\u0113gi, kas izgatavoti no nodilumiztur\u012bgiem materi\u0101liem, piem\u0113ram, poliuret\u0101na un nitrila gumijas. Cilindra korpuss un v\u012bt\u0146otie gali tiek r\u016bp\u012bgi apstr\u0101d\u0101ti, lai uzlabotu nodilumiztur\u012bbu. Lai nodro\u0161in\u0101tu vienm\u0113r\u012bgu darb\u012bbu, ir nepiecie\u0161ama regul\u0101ra e\u013c\u013co\u0161ana ar atbilsto\u0161u hidraulisk\u0101s e\u013c\u013cas daudzumu.<\/p>\n<h2>P\u0101rbaudes un profilaktisk\u0101s apkopes pas\u0101kumi<\/h2>\n<p>Regul\u0101ras p\u0101rbaudes un profilaktisk\u0101 apkope ir b\u016btiska optim\u0101lai veiktsp\u0113jai. Da\u017ei ieteicamie pas\u0101kumi ir \u0161\u0101di:<\/p>\n<ul>\n<li>Periodiskas p\u0101rbaudes<\/li>\n<li>Pareiza e\u013c\u013co\u0161ana<\/li>\n<li>Bl\u012bv\u0113juma nomai\u0146a<\/li>\n<li>Kalibr\u0113\u0161anas p\u0101rbaudes<\/li>\n<\/ul>\n<p><img decoding=\"async\" src=\"https:\/\/www.hydraulic-cylinders.net\/wp-content\/uploads\/2025\/01\/songte-chushion-collar.webp\" alt=\"Apkopes att\u0113ls\"><\/p>\n<h2>Dro\u0161\u012bbas apsv\u0113rumi un vides faktori<\/h2>\n<p>Lietojot kausa cilindru, ir \u0101rk\u0101rt\u012bgi svar\u012bgi iev\u0113rot dro\u0161\u012bbas pas\u0101kumus.<\/p>\n<h2>Probl\u0113mu nov\u0113r\u0161ana un bie\u017ei sastopamas probl\u0113mas<\/h2>\n<p>Sastopoties ar probl\u0113m\u0101m, ir \u013coti svar\u012bgi t\u0101s diagnostic\u0113t un efekt\u012bvi risin\u0101t. Da\u017ei probl\u0113mu nov\u0113r\u0161anas padomi un risin\u0101jumi ir \u0161\u0101di:<\/p>\n<p><img decoding=\"async\" src=\"https:\/\/www.hydraulic-cylinders.net\/wp-content\/uploads\/2025\/01\/songte-bushings-with-all-kinds-of-excavator-models.webp\" alt=\"Att\u0113la probl\u0113mu nov\u0113r\u0161ana\"><\/p>\n<h2>Par m\u016bsu uz\u0146\u0113mumu<\/h2>\n<p>M\u0113s esam rezerves hidraulisko cilindru ra\u017eot\u0101js. M\u016bsu pla\u0161ais produktu kl\u0101sts ir padar\u012bjis m\u016bs par vienu no vado\u0161ajiem hidraulisko cilindru ra\u017eot\u0101jiem un vairumtirgot\u0101jiem viet\u0113j\u0101 un starptautiskaj\u0101 tirg\u016b. Koncentr\u0113joties uz izcilu kvalit\u0101ti, m\u0113s iev\u0113rojam r\u016bpniecisk\u0101s ra\u017eo\u0161anas vad\u012bbas strat\u0113\u0123ijas sav\u0101s smalk\u0101s ra\u017eo\u0161anas darbn\u012bc\u0101s. M\u0113s past\u0101v\u012bgi uzlabojam savu ra\u017eo\u0161anas platformu, pilnveidojam produktu kvalit\u0101tes ra\u017eo\u0161anas ce\u013cu un mums ir sp\u0113c\u012bgas rado\u0161\u0101s sp\u0113jas. M\u016bsu augstas efektivit\u0101tes, augstas precizit\u0101tes un augstas kvalit\u0101tes principi ir v\u0113rsti uz m\u016bsu klientu daudzveid\u012bgo vajadz\u012bbu apmierin\u0101\u0161anu.<\/p>\n<p><img decoding=\"async\" src=\"https:\/\/www.hydraulic-cylinders.net\/wp-content\/uploads\/2025\/01\/songte-company-3.webp\" alt=\"Uz\u0146\u0113muma t\u0113ls\"><\/p>\n<p>M\u016bsu uz\u0146\u0113mums izce\u013cas ar:<\/p>\n<ul>\n<li>Ekspert\u012bze<\/li>\n<li>Starptautisk\u0101s sertifik\u0101cijas<\/li>\n<li>Piel\u0101goti pakalpojumi<\/li>\n<li>Ra\u017eo\u0161anas iek\u0101rtas<\/li>\n<li>P\u0113cp\u0101rdo\u0161anas serviss<\/li>\n<\/ul>\n<p>Autors: lil<\/p>","protected":false},"excerpt":{"rendered":"<p>Bucket Cylinder For Komatsu Small Excavator PC28MR Introduction The bucket cylinder for Komatsu small excavator PC28MR is a specially designed hydraulic cylinder used to control the movement of the bucket in heavy machinery such as excavators, backhoe loaders, and front loaders. Its main function is to enable the lifting, lowering, and tilting of the bucket, [&hellip;]<\/p>","protected":false},"featured_media":14789,"comment_status":"open","ping_status":"closed","template":"","meta":{"_et_pb_use_builder":"","_et_pb_old_content":"","_et_gb_content_width":""},"product_brand":[],"product_cat":[1494],"product_tag":[1495,1496],"class_list":{"0":"post-15117","1":"product","2":"type-product","3":"status-publish","4":"has-post-thumbnail","6":"product_cat-bucket-cylinders","7":"product_tag-bucket-cylinders","8":"product_tag-hydraulic-cylinders","10":"first","11":"instock","12":"shipping-taxable","13":"product-type-simple"},"amp_enabled":true,"_links":{"self":[{"href":"https:\/\/www.hydraulic-cylinders.net\/lv\/wp-json\/wp\/v2\/product\/15117","targetHints":{"allow":["GET"]}}],"collection":[{"href":"https:\/\/www.hydraulic-cylinders.net\/lv\/wp-json\/wp\/v2\/product"}],"about":[{"href":"https:\/\/www.hydraulic-cylinders.net\/lv\/wp-json\/wp\/v2\/types\/product"}],"replies":[{"embeddable":true,"href":"https:\/\/www.hydraulic-cylinders.net\/lv\/wp-json\/wp\/v2\/comments?post=15117"}],"wp:featuredmedia":[{"embeddable":true,"href":"https:\/\/www.hydraulic-cylinders.net\/lv\/wp-json\/wp\/v2\/media\/14789"}],"wp:attachment":[{"href":"https:\/\/www.hydraulic-cylinders.net\/lv\/wp-json\/wp\/v2\/media?parent=15117"}],"wp:term":[{"taxonomy":"product_brand","embeddable":true,"href":"https:\/\/www.hydraulic-cylinders.net\/lv\/wp-json\/wp\/v2\/product_brand?post=15117"},{"taxonomy":"product_cat","embeddable":true,"href":"https:\/\/www.hydraulic-cylinders.net\/lv\/wp-json\/wp\/v2\/product_cat?post=15117"},{"taxonomy":"product_tag","embeddable":true,"href":"https:\/\/www.hydraulic-cylinders.net\/lv\/wp-json\/wp\/v2\/product_tag?post=15117"}],"curies":[{"name":"wp","href":"https:\/\/api.w.org\/{rel}","templated":true}]}}