{"id":15119,"date":"2025-01-19T14:07:48","date_gmt":"2025-01-19T14:07:48","guid":{"rendered":"https:\/\/www.hydraulic-cylinders.net\/product\/bucket-cylinder-for-komatsu-small-excavator-pc156-7\/"},"modified":"2025-01-19T14:07:50","modified_gmt":"2025-01-19T14:07:50","slug":"bucket-cylinder-for-komatsu-small-excavator-pc156-7","status":"publish","type":"product","link":"https:\/\/www.hydraulic-cylinders.net\/lv\/products\/bucket-cylinder-for-komatsu-small-excavator-pc156-7\/","title":{"rendered":"Kausa cilindrs Komatsu mazajam ekskavatoram PC156-7"},"content":{"rendered":"<h2>Ievads<\/h2>\n<h3>Kausa cilindrs Komatsu mazajam ekskavatoram PC156-7<\/h3>\n<p>Komatsu maz\u0101 ekskavatora PC156-7 kausa cilindrs ir \u012bpa\u0161i izstr\u0101d\u0101ts hidrauliskais cilindrs, ko izmanto kausa kust\u012bbas vad\u012bbai smagaj\u0101s ma\u0161\u012bn\u0101s, piem\u0113ram, ekskavatoros, iekr\u0101v\u0113jos un front\u0101lajos iekr\u0101v\u0113jos. T\u0101 galven\u0101 funkcija ir nodro\u0161in\u0101t kausa pacel\u0161anu, nolai\u0161anu un noliek\u0161anu, atvieglojot da\u017e\u0101du materi\u0101lu apstr\u0101des uzdevumu veik\u0161anu. Hidrauliskaj\u0101 sist\u0113m\u0101 kausa cilindrs kontrol\u0113 prec\u012bzu kausa kust\u012bbu, mainot hidraulisk\u0101s e\u013c\u013cas spiedienu, \u013caujot operatoriem efekt\u012bvi apstr\u0101d\u0101t smagas kravas un piel\u0101goties sare\u017e\u0123\u012btai darba videi un da\u017e\u0101d\u0101m darba pras\u012bb\u0101m.<\/p>\n<p><img decoding=\"async\" src=\"https:\/\/www.hydraulic-cylinders.net\/wp-content\/uploads\/2025\/01\/songte-company-2.webp\" alt=\"Kausa cilindra att\u0113ls\"><\/p>\n<h2>Funkcijas<\/h2>\n<ul>\n<li>Augsta iztur\u012bba un ilgm\u016b\u017e\u012bba: Parasti izgatavots no augstas stipr\u012bbas t\u0113rauda vai alum\u012bnija, tas var iztur\u0113t augstu spiedienu un lielas slodzes, piel\u0101gojoties skarbai darba videi. Konstrukcij\u0101 \u0146emta v\u0113r\u0101 ar\u012b nodilumiztur\u012bba un iztur\u012bba pret koroziju, pagarinot kalpo\u0161anas laiku.<\/li>\n<li>Efekt\u012bva hidraulisk\u0101 darb\u012bba: Vienm\u0113r\u012bga teleskopisk\u0101 kust\u012bba tiek pan\u0101kta, izmantojot hidraulisk\u0101s e\u013c\u013cas spiedienu, kas var \u0101tri rea\u0123\u0113t uz vad\u012bbas komand\u0101m, nodro\u0161inot sp\u0113c\u012bgu stum\u0161anas un vilk\u0161anas sp\u0113ku, kas ir piem\u0113rots smagu kravu apstr\u0101dei un sare\u017e\u0123\u012btiem darba uzdevumiem.<\/li>\n<li>Da\u017e\u0101di veidi: vienas darb\u012bbas (hidrauliski darbojas vien\u0101 virzien\u0101) vai divk\u0101r\u0161as darb\u012bbas (hidrauliski darbojas abos virzienos) cilindrus var izv\u0113l\u0113ties atbilsto\u0161i pras\u012bb\u0101m, lai apmierin\u0101tu da\u017e\u0101das ekspluat\u0101cijas vajadz\u012bbas. Da\u017ei mode\u013ci ir teleskopiski, kas \u013cauj veikt liel\u0101ku izple\u0161anos, nepalielinot \u0101r\u0113jos izm\u0113rus, un ir piem\u0113roti lietojumiem ar ierobe\u017eotu telpu.<\/li>\n<li>Augstas kvalit\u0101tes nomai\u0146a: m\u016bsu produkts var lieliski nomain\u012bt \u0161os hidrauliskos cilindrus.<\/li>\n<\/ul>\n<p><img decoding=\"async\" src=\"https:\/\/www.hydraulic-cylinders.net\/wp-content\/uploads\/2025\/01\/songte-cylinder-head-with-all-kinds-excavator-models.webp\" alt=\"Kausa cilindra nomai\u0146as att\u0113ls\"><\/p>\n<h2>Pieteikumi<\/h2>\n<p>Kausa cilindru var izmantot da\u017e\u0101d\u0101s ma\u0161\u012bn\u0101s un nozar\u0113s, tostarp:<\/p>\n<ul>\n<li>B\u016bvniec\u012bbas tehnika: Ekskavatoros t\u0101s ir \u013coti svar\u012bgas augsnes vai gru\u017eu rak\u0161anai, iekrau\u0161anai un p\u0101rvieto\u0161anai. Ekskavatoros-iekr\u0101v\u0113jos kausa cilindrs pal\u012bdz rak\u0161anas un cel\u0161anas darbos. <\/li>\n<li>Lauksaimniec\u012bbas tehnika: Izmanto front\u0101lajos iekr\u0101v\u0113jos augsnes, siena un citu materi\u0101lu sav\u0101k\u0161anai, cel\u0161anai un transport\u0113\u0161anai. <\/li>\n<li>Ekskavatori: Kausa cilindrs \u013cauj kausam iek\u013c\u016bt augsn\u0113, lai pan\u0101ktu rak\u0161anas darb\u012bbu. <\/li>\n<li>Front\u0101lie iekr\u0101v\u0113ji: Front\u0101lie iekr\u0101v\u0113ji pal\u012bdz efekt\u012bvi pacelt un izkraut preces.<\/li>\n<\/ul>\n<p>Katrs pieteikums ir aprakst\u012bts t\u0101l\u0101k:<\/p>\n<ul>\n<li><strong>Celtniec\u012bbas apr\u012bkojums:<\/strong> Ekskavatoros kausa cilindru izmanto, lai p\u0101rvietotu augsni vai gru\u017eus, tos rokot vai pace\u013cot. Ekskavatoros-iekr\u0101v\u0113jos kausa cilindrs pal\u012bdz rakt un celt.<\/li>\n<li><strong>Lauksaimniec\u012bbas tehnika:<\/strong> Kausa cilindru izmanto front\u0101lajos iekr\u0101v\u0113jos augsnes, siena un citu materi\u0101lu sav\u0101k\u0161anai, cel\u0161anai un transport\u0113\u0161anai.<\/li>\n<li><strong>Ekskavatori:<\/strong> Kausa cilindrs \u013cauj kausam iek\u013c\u016bt augsn\u0113, lai veiktu rak\u0161anas darb\u012bbu. Tas pal\u012bdz ekskavatoriem \u0101tri un efekt\u012bvi veikt rak\u0161anas darbus.<\/li>\n<li><strong>Front\u0101lie iekr\u0101v\u0113ji:<\/strong> Front\u0101lajos iekr\u0101v\u0113jos kausa cilindrs pal\u012bdz efekt\u012bvi pacelt un izg\u0101zt preces.<\/li>\n<\/ul>\n<h2>Dizaina apsv\u0113rumi un atlases krit\u0113riji<\/h2>\n<p>Run\u0101jot par konstrukcijas apsv\u0113rumiem, turpm\u0101k ir apl\u016bkota kausa cilindra nestsp\u0113ja, bl\u012bv\u0113jums, iztur\u012bba, dro\u0161\u012bba un apkopes iesp\u0113jas:<\/p>\n<ul>\n<li><strong>Kravnes\u012bba:<\/strong> Kausa cilindram j\u0101sp\u0113j iztur\u0113t lielas slodzes un augstu spiedienu, vienlaikus saglab\u0101jot stabilit\u0101ti.<\/li>\n<li><strong>Bl\u012bv\u0113jums:<\/strong> Kausa cilindram j\u0101b\u016bt atbilsto\u0161i bl\u012bv\u0113tam, lai nov\u0113rstu e\u013c\u013cas nopl\u016bdi un nodro\u0161in\u0101tu vienm\u0113r\u012bgu darb\u012bbu. Bl\u012bv\u0113\u0161anas elementiem parasti izmanto poliuret\u0101nu, nitrilgumiju un citus nodilumiztur\u012bgus materi\u0101lus.<\/li>\n<li><strong>Iztur\u012bba:<\/strong> Skarb\u0101 darba vid\u0113 kausa cilindram j\u0101b\u016bt ar augstu nodilumiztur\u012bbu un iztur\u012bbu pret koroziju.<\/li>\n<li><strong>Dro\u0161\u012bba:<\/strong> Kausa cilindram j\u0101b\u016bt apr\u012bkotam ar nepiecie\u0161amaj\u0101m dro\u0161\u012bbas funkcij\u0101m, lai nov\u0113rstu negad\u012bjumus un nodro\u0161in\u0101tu operatora dro\u0161\u012bbu.<\/li>\n<li><strong>Uzturam\u012bba:<\/strong> Kausa cilindram j\u0101b\u016bt ar viegli pieejam\u0101m deta\u013c\u0101m, lai nodro\u0161in\u0101tu \u0101tru un vienk\u0101r\u0161u apkopi un remontu. <\/li>\n<\/ul>\n<p><img decoding=\"async\" src=\"https:\/\/www.hydraulic-cylinders.net\/wp-content\/uploads\/2025\/01\/songte-oil-pipes-and-spare-parts.webp\" alt=\"Kausa cilindra deta\u013cu att\u0113ls\"><\/p>\n<h2>Bl\u012bv\u0113\u0161ana un e\u013c\u013co\u0161ana<\/h2>\n<p>Kausa cilindra bl\u012bv\u0113jums un e\u013c\u013co\u0161ana j\u0101uztver nopietni. Cilindram j\u0101izmanto da\u017e\u0101di bl\u012bv\u0113\u0161anas elementi, piem\u0113ram, virzu\u013ca bl\u012bves un stie\u0146a bl\u012bves, kas izgatavotas no nodilumiztur\u012bgiem materi\u0101liem, piem\u0113ram, poliuret\u0101na un nitrila gumijas. Cilindra korpusam un v\u012btnes gala virsm\u0101m j\u0101b\u016bt smalki apstr\u0101d\u0101t\u0101m, lai uzlabotu nodilumiztur\u012bbu. Pareiza e\u013c\u013co\u0161ana ir b\u016btiska nevainojamai darb\u012bbai, un regul\u0101ra e\u013c\u013cas mai\u0146a ir nepiecie\u0161ama pareizai apkopei.<\/p>\n<h2>Apkope un remonts<\/h2>\n<p>Regul\u0101ras p\u0101rbaudes un prevent\u012bvie apkopes pas\u0101kumi pal\u012bdz samazin\u0101t iesp\u0113jam\u0101s probl\u0113mas. Pareiza uzst\u0101d\u012b\u0161ana, e\u013c\u013co\u0161ana un regul\u0113\u0161ana ir \u013coti svar\u012bgas, lai nodro\u0161in\u0101tu optim\u0101lu veiktsp\u0113ju. Da\u017ei bie\u017ei veicamie apkopes darbi ietver:<\/p>\n<ul>\n<li>Regul\u0101ra p\u0101rbaude<\/li>\n<li>Pareiza e\u013c\u013co\u0161ana<\/li>\n<li>Bl\u012bv\u0113juma nomai\u0146a<\/li>\n<li>Kalibr\u0113\u0161anas p\u0101rbaudes<\/li>\n<\/ul>\n<p>Katrs uzdevums ir aprakst\u012bts t\u0101l\u0101k:<\/p>\n<ul>\n<li><strong>Regul\u0101ra p\u0101rbaude:<\/strong> Regul\u0101ras p\u0101rbaudes pal\u012bdz laikus atkl\u0101t probl\u0113mas un samazin\u0101t iesp\u0113jamo d\u012bkst\u0101vi. Regul\u0101ri j\u0101veic p\u0101rbaudes, lai noteiktu nodiluma paz\u012bmes, boj\u0101jumus un nopl\u016bdes.<\/li>\n<li><strong>Pareiza e\u013c\u013co\u0161ana:<\/strong> E\u013c\u013co\u0161ana ir b\u016btiska cilindra vienm\u0113r\u012bgai darb\u012bbai. Cilindrs regul\u0101ri j\u0101iee\u013c\u013co, lai nodro\u0161in\u0101tu t\u0101 vienm\u0113r\u012bgu darb\u012bbu.<\/li>\n<li><strong>Bl\u012bv\u0113juma nomai\u0146a:<\/strong> Bl\u012bv\u0113jumi ir b\u016btiska sast\u0101vda\u013ca, lai nov\u0113rstu e\u013c\u013cas nopl\u016bdi un nodro\u0161in\u0101tu netrauc\u0113tu darb\u012bbu. Regul\u0101ri j\u0101veic apkopes p\u0101rbaudes, lai nodro\u0161in\u0101tu, ka bl\u012bv\u0113jumi ir lab\u0101 st\u0101vokl\u012b. <\/li>\n<li><strong>Kalibr\u0113\u0161anas p\u0101rbaudes:<\/strong> Kalibr\u0113\u0161anas p\u0101rbaudes nodro\u0161ina cilindra pareizu darb\u012bbu. Ja tiek konstat\u0113tas kalibr\u0113\u0161anas probl\u0113mas, t\u0101s nekav\u0113joties j\u0101nov\u0113r\u0161.<\/li>\n<\/ul>\n<p><img decoding=\"async\" src=\"https:\/\/www.hydraulic-cylinders.net\/wp-content\/uploads\/2025\/01\/songte-chushion-collar.webp\" alt=\"Kausa cilindra apkopes att\u0113ls\"><\/p>\n<h2>Dro\u0161\u012bbas apsv\u0113rumi un vides faktori<\/h2>\n<p>Lietojot kausa cilindru, ir svar\u012bgi iev\u0113rot dro\u0161\u012bbas pas\u0101kumus. Lai nodro\u0161in\u0101tu operatora dro\u0161\u012bbu, j\u0101iev\u0113ro pareiza uzst\u0101d\u012b\u0161ana, apkope un ekspluat\u0101cija. Turkl\u0101t, lietojot kausa cilindru, j\u0101\u0146em v\u0113r\u0101 t\u0101di vides faktori k\u0101 temperat\u016bra, mitrums un putek\u013ci.<\/p>\n<h2>Probl\u0113mu nov\u0113r\u0161ana un bie\u017ei sastopamas probl\u0113mas<\/h2>\n<p>Lietojot kausa cilindru, var rasties da\u017eas bie\u017ei sastopamas probl\u0113mas, piem\u0113ram, e\u013c\u013cas nopl\u016bdes, nepietiekams spiediens un nepareiza izl\u012bdzin\u0101\u0161ana. Lai samazin\u0101tu iesp\u0113jam\u0101s probl\u0113mas, j\u0101iev\u0113ro probl\u0113mu nov\u0113r\u0161anas padomi, risin\u0101jumi un prevent\u012bvie pas\u0101kumi. <\/p>\n<p><img decoding=\"async\" src=\"https:\/\/www.hydraulic-cylinders.net\/wp-content\/uploads\/2025\/01\/songte-bushings-with-all-kinds-of-excavator-models.webp\" alt=\"Kausa cilindra probl\u0113mu nov\u0113r\u0161anas att\u0113ls\"><\/p>\n<h2>Par m\u016bsu uz\u0146\u0113mumu<\/h2>\n<p>M\u0113s esam rezerves hidraulisko cilindru ra\u017eot\u0101js. M\u016bsu uz\u0146\u0113mumam ir pilns produktu kl\u0101sts, un m\u0113s esam viens no vado\u0161ajiem hidraulisko cilindru ra\u017eot\u0101jiem un vairumtirgot\u0101jiem viet\u0113j\u0101 un starptautiskaj\u0101 tirg\u016b. M\u0113s iev\u0113rojam izcilu kvalit\u0101ti un pa\u013caujamies uz smalku ra\u017eo\u0161anas darbn\u012bcu r\u016bpniecisk\u0101s ra\u017eo\u0161anas vad\u012bbas strat\u0113\u0123iju. M\u016bsu uz\u0146\u0113mums nep\u0101rtraukti uzlabo darbn\u012bcas ra\u017eo\u0161anas platformu, pilnveido produktu kvalit\u0101tes ra\u017eo\u0161anas ce\u013cu un tam ir sp\u0113c\u012bgas rado\u0161\u0101s sp\u0113jas, apmierinot klientus ar augstas efektivit\u0101tes, augstas precizit\u0101tes un augstas kvalit\u0101tes principiem.<\/p>\n<p><img decoding=\"async\" src=\"https:\/\/hzpt.com\/wp-content\/uploads\/2024\/11\/songte-company-1.webp\" alt=\"Uz\u0146\u0113muma t\u0113ls\"><\/p>\n<h3>Profesionalit\u0101te<\/h3>\n<p>Mums ir profesion\u0101la in\u017eenieru un tehni\u0137u komanda, kas sp\u0113j projekt\u0113t un ra\u017eot augstas kvalit\u0101tes hidrauliskos cilindrus atbilsto\u0161i klientu pras\u012bb\u0101m.<\/p>\n<h3>Starptautisk\u0101 sertifik\u0101cija<\/h3>\n<p>M\u016bsu uz\u0146\u0113mums ir ieguvis da\u017e\u0101das starptautiskas sertifik\u0101cijas, tostarp CE un ISO. Klienti var b\u016bt dro\u0161i, ka m\u016bsu produkti atbilst starptautiskajiem kvalit\u0101tes standartiem.<\/p>\n<h3>Piel\u0101go\u0161anas pakalpojumi<\/h3>\n<p>M\u0113s pied\u0101v\u0101jam piel\u0101go\u0161anas pakalpojumus, lai apmierin\u0101tu m\u016bsu klientu \u012bpa\u0161\u0101s vajadz\u012bbas. M\u016bsu komanda var projekt\u0113t un izgatavot hidrauliskos cilindrus atbilsto\u0161i klienta pras\u012bb\u0101m.<\/p>\n<h3>Ra\u017eo\u0161anas iek\u0101rtas<\/h3>\n<p>M\u016bsu uz\u0146\u0113mums izmanto modernas ra\u017eo\u0161anas iek\u0101rtas, tostarp CNC virpas un apstr\u0101des centrus, lai nodro\u0161in\u0101tu m\u016bsu produktu precizit\u0101ti un precizit\u0101ti.<\/p>\n<h3>P\u0113cp\u0101rdo\u0161anas serviss<\/h3>\n<p>M\u0113s nodro\u0161in\u0101m lielisku p\u0113cp\u0101rdo\u0161anas apkalpo\u0161anu, tostarp tehnisko atbalstu un produktu apkopi. M\u016bsu komanda ir pieejama, lai atbild\u0113tu uz visiem klientu jaut\u0101jumiem vai ba\u017e\u0101m.<\/p>\n<h4>Autors: lil<\/h4>","protected":false},"excerpt":{"rendered":"<p>Introduction Bucket Cylinder for Komatsu Small Excavator PC156-7 The Bucket Cylinder for Komatsu Small Excavator PC156-7 is a specifically designed hydraulic cylinder used for controlling the movement of the bucket in heavy machinery such as excavators, backhoe loaders, and front-end loaders. Its main function is to enable the bucket to lift, lower, and tilt, making [&hellip;]<\/p>","protected":false},"featured_media":14787,"comment_status":"open","ping_status":"closed","template":"","meta":{"_et_pb_use_builder":"","_et_pb_old_content":"","_et_gb_content_width":""},"product_brand":[],"product_cat":[1494],"product_tag":[1495,1496],"class_list":{"0":"post-15119","1":"product","2":"type-product","3":"status-publish","4":"has-post-thumbnail","6":"product_cat-bucket-cylinders","7":"product_tag-bucket-cylinders","8":"product_tag-hydraulic-cylinders","10":"first","11":"instock","12":"shipping-taxable","13":"product-type-simple"},"amp_enabled":true,"_links":{"self":[{"href":"https:\/\/www.hydraulic-cylinders.net\/lv\/wp-json\/wp\/v2\/product\/15119","targetHints":{"allow":["GET"]}}],"collection":[{"href":"https:\/\/www.hydraulic-cylinders.net\/lv\/wp-json\/wp\/v2\/product"}],"about":[{"href":"https:\/\/www.hydraulic-cylinders.net\/lv\/wp-json\/wp\/v2\/types\/product"}],"replies":[{"embeddable":true,"href":"https:\/\/www.hydraulic-cylinders.net\/lv\/wp-json\/wp\/v2\/comments?post=15119"}],"wp:featuredmedia":[{"embeddable":true,"href":"https:\/\/www.hydraulic-cylinders.net\/lv\/wp-json\/wp\/v2\/media\/14787"}],"wp:attachment":[{"href":"https:\/\/www.hydraulic-cylinders.net\/lv\/wp-json\/wp\/v2\/media?parent=15119"}],"wp:term":[{"taxonomy":"product_brand","embeddable":true,"href":"https:\/\/www.hydraulic-cylinders.net\/lv\/wp-json\/wp\/v2\/product_brand?post=15119"},{"taxonomy":"product_cat","embeddable":true,"href":"https:\/\/www.hydraulic-cylinders.net\/lv\/wp-json\/wp\/v2\/product_cat?post=15119"},{"taxonomy":"product_tag","embeddable":true,"href":"https:\/\/www.hydraulic-cylinders.net\/lv\/wp-json\/wp\/v2\/product_tag?post=15119"}],"curies":[{"name":"wp","href":"https:\/\/api.w.org\/{rel}","templated":true}]}}