{"id":15120,"date":"2025-01-19T14:07:52","date_gmt":"2025-01-19T14:07:52","guid":{"rendered":"https:\/\/www.hydraulic-cylinders.net\/product\/bucket-cylinder-for-komatsu-small-excavator-pc75uu\/"},"modified":"2025-01-19T14:07:53","modified_gmt":"2025-01-19T14:07:53","slug":"bucket-cylinder-for-komatsu-small-excavator-pc75uu","status":"publish","type":"product","link":"https:\/\/www.hydraulic-cylinders.net\/lv\/products\/bucket-cylinder-for-komatsu-small-excavator-pc75uu\/","title":{"rendered":"Kausa cilindrs Komatsu mazajam ekskavatoram PC75UU"},"content":{"rendered":"<h1>Kausa cilindrs Komatsu mazajam ekskavatoram PC75UU<\/h1>\n<h2>Ievads<\/h2>\n<p>Kausa cilindrs ir speci\u0101li izstr\u0101d\u0101ts hidrauliskais cilindrs, ko izmanto, lai kontrol\u0113tu kausu kust\u012bbu smagaj\u0101s ma\u0161\u012bn\u0101s, piem\u0113ram, ekskavatoros, univers\u0101lajos ekskavatoros un front\u0101lajos iekr\u0101v\u0113jos. T\u0101 galven\u0101 funkcija ir \u013caut kausam pacelties, nolaisties un noliekties, t\u0101d\u0113j\u0101di atvieglojot da\u017e\u0101du materi\u0101lu apstr\u0101des uzdevumu veik\u0161anu. Hidrauliskaj\u0101 sist\u0113m\u0101 kausa cilindrs pan\u0101k prec\u012bzu kausa vad\u012bbu, mainot hidraulisk\u0101s e\u013c\u013cas spiedienu, \u013caujot operatoriem efekt\u012bvi apstr\u0101d\u0101t smagas kravas, piel\u0101goties sare\u017e\u0123\u012btai darba videi un da\u017e\u0101d\u0101m darba pras\u012bb\u0101m.<\/p>\n<p><img decoding=\"async\" src=\"https:\/\/www.hydraulic-cylinders.net\/wp-content\/uploads\/2025\/01\/songte-company-2.webp\"><\/p>\n<h2>Funkcijas<\/h2>\n<ul>\n<li>Augsta iztur\u012bba un ilgm\u016b\u017e\u012bba: parasti izgatavoti no augstas stipr\u012bbas t\u0113rauda vai alum\u012bnija, sp\u0113j iztur\u0113t augstu spiedienu un lielas slodzes, un ir izstr\u0101d\u0101ti, \u0146emot v\u0113r\u0101 nodilumiztur\u012bbu un korozijas iztur\u012bbu, pagarinot to kalpo\u0161anas laiku.<\/li>\n<li>Efekt\u012bva hidraulisk\u0101 darb\u012bba: izmanto hidraulisk\u0101s e\u013c\u013cas spiedienu, lai pan\u0101ktu vienm\u0113r\u012bgu izstiep\u0161anu un ievilk\u0161anu, sp\u0113j \u0101tri rea\u0123\u0113t uz vad\u012bbas komand\u0101m, nodro\u0161inot sp\u0113c\u012bgu stum\u0161anas un vilk\u0161anas sp\u0113ku, piem\u0113rots smagu kravu apstr\u0101dei un sare\u017e\u0123\u012btiem darba uzdevumiem.<\/li>\n<li>Atkar\u012bb\u0101 no pras\u012bb\u0101m var izv\u0113l\u0113ties da\u017e\u0101dus cilindru tipus: vienk\u0101r\u0161\u0101s darb\u012bbas (hidrauliski darbojas tikai vien\u0101 virzien\u0101) vai divk\u0101r\u0161\u0101s darb\u012bbas (hidrauliski darbojas divos virzienos). Da\u017ei mode\u013ci ir teleskopiski, kas \u013cauj tos pagarin\u0101t, nepalielinot \u0101r\u0113jos izm\u0113rus, t\u0101p\u0113c tie ir piem\u0113roti lietojumiem ar ierobe\u017eotu vietu.<\/li>\n<li>Piel\u0101gojams: m\u016bsu produkts var lieliski aizst\u0101t \u0161os hidrauliskos cilindrus.<\/li>\n<\/ul>\n<p><img decoding=\"async\" src=\"https:\/\/www.hydraulic-cylinders.net\/wp-content\/uploads\/2025\/01\/songte-cylinder-head-with-all-kinds-excavator-models.webp\"><\/p>\n<h2>Pieteikumi<\/h2>\n<p>Kausa cilindri ir svar\u012bgi celtniec\u012bbas apr\u012bkojum\u0101, lauksaimniec\u012bbas ma\u0161\u012bn\u0101s, ekskavatoros un front\u0101lajos iekr\u0101v\u0113jos. Tie pal\u012bdz izrakt, iekraut un p\u0101rvietot zemi vai gru\u017eus ekskavatoros, pal\u012bdz rakt un celt ekskavatoros, pal\u012bdz celt un izkraut front\u0101los iekr\u0101v\u0113jus, k\u0101 ar\u012b ir svar\u012bgi augsnes, siena un citu materi\u0101lu apstr\u0101des uzdevumiem lauksaimniec\u012bbas ma\u0161\u012bn\u0101s.<\/p>\n<h3>Celtniec\u012bbas apr\u012bkojums:<\/h3>\n<ul>\n<li>Ekskavatori: kausa cilindri \u013cauj kausam iek\u013c\u016bt augsn\u0113, lai pan\u0101ktu rak\u0161anas darb\u012bbu.<\/li>\n<li>Ekskavatori-i: kausa cilindrs pal\u012bdz ne tikai rak\u0161an\u0101, bet ar\u012b cel\u0161an\u0101.<\/li>\n<li>Front\u0101lie iekr\u0101v\u0113ji: kausa cilindri pal\u012bdz efekt\u012bvi pacelt un izkraut preces.<\/li>\n<\/ul>\n<h3>Lauksaimniec\u012bbas tehnika:<\/h3>\n<ul>\n<li>Front\u0101lie iekr\u0101v\u0113ji: augsnes, siena un citu materi\u0101lu apstr\u0101des darbiem.<\/li>\n<\/ul>\n<h3>Ekskavatori:<\/h3>\n<ul>\n<li>Kausa cilindri \u013cauj kausam iek\u013c\u016bt augsn\u0113, lai pan\u0101ktu rak\u0161anas darb\u012bbu.<\/li>\n<\/ul>\n<h2>Dizaina apsv\u0113rumi un atlases standarts<\/h2>\n<p>Kausa cilindra projekt\u0113\u0161anas apsv\u0113rumi ietver nestsp\u0113ju, bl\u012bv\u0113juma veiktsp\u0113ju, iztur\u012bbu, dro\u0161\u012bbu un apkopi. T\u0101l\u0101k ir nor\u0101d\u012bti galvenie projekt\u0113\u0161anas apsv\u0113rumu un atlases standartu aspekti:<\/p>\n<ul>\n<li>Kravnes\u012bba: kausa cilindrs parasti izmanto augstas iztur\u012bbas materi\u0101lus, lai iztur\u0113tu augstu spiedienu un lielas slodzes.<\/li>\n<li>Bl\u012bv\u0113juma veiktsp\u0113ja: cilindr\u0101 tiek izmantoti da\u017e\u0101di bl\u012bv\u0113jumi, piem\u0113ram, virzu\u013ca bl\u012bv\u0113jumi, stie\u0146a bl\u012bv\u0113jumi utt., kas izgatavoti no nodilumiztur\u012bgiem materi\u0101liem, piem\u0113ram, poliuret\u0101na un nitrila gumijas, lai uzlabotu bl\u012bv\u0113juma veiktsp\u0113ju, pagarin\u0101tu kalpo\u0161anas laiku un samazin\u0101tu e\u013c\u013cas nopl\u016bdes.<\/li>\n<li>Iztur\u012bba: cilindra korpuss un v\u012btnes virsma ir prec\u012bzi apstr\u0101d\u0101ta, lai uzlabotu nodilumiztur\u012bbu un pagarin\u0101tu kalpo\u0161anas laiku.<\/li>\n<li>Dro\u0161\u012bba: balonu konstrukcij\u0101 j\u0101\u0146em v\u0113r\u0101 dro\u0161\u012bbas elementi, piem\u0113ram, spiediena samazin\u0101\u0161anas v\u0101rsti, lai samazin\u0101tu negad\u012bjumu risku.<\/li>\n<li>Apkope: regul\u0101ra apkope, piem\u0113ram, e\u013c\u013cas mai\u0146a, bl\u012bv\u0113jumu nomai\u0146a un kalibr\u0113\u0161anas p\u0101rbaudes, var pagarin\u0101t cilindra kalpo\u0161anas laiku un saglab\u0101t t\u0101 veiktsp\u0113ju.<\/li>\n<\/ul>\n<p><img decoding=\"async\" src=\"https:\/\/www.hydraulic-cylinders.net\/wp-content\/uploads\/2025\/01\/songte-oil-pipes-and-spare-parts.webp\"><\/p>\n<h2>Bl\u012bv\u0113\u0161ana un e\u013c\u013co\u0161ana<\/h2>\n<p>Kausa cilindr\u0101 tiek izmantoti da\u017e\u0101di bl\u012bv\u0113jumi, piem\u0113ram, virzu\u013ca bl\u012bv\u0113jumi, stie\u0146a bl\u012bv\u0113jumi utt., kas izgatavoti no nodilumiztur\u012bgiem materi\u0101liem, piem\u0113ram, poliuret\u0101na un nitrila gumijas, lai uzlabotu bl\u012bv\u0113juma veiktsp\u0113ju, pagarin\u0101tu kalpo\u0161anas laiku un samazin\u0101tu e\u013c\u013cas nopl\u016bdes. Lai uztur\u0113tu cilindra veiktsp\u0113ju un pagarin\u0101tu t\u0101 kalpo\u0161anas laiku, ir nepiecie\u0161ama regul\u0101ra e\u013c\u013co\u0161ana ar hidraulisko e\u013c\u013cu.<\/p>\n<h2>Apkope un remonts<\/h2>\n<p>Regul\u0101ra apkope un remonts ir svar\u012bgi, lai kausa cilindrs darbotos nevainojami un nov\u0113rstu iesp\u0113jam\u0101s probl\u0113mas. T\u0101l\u0101k ir nor\u0101d\u012bti bie\u017ei veicamie apkopes darbi:<\/p>\n<ul>\n<li>Regul\u0101ra p\u0101rbaude: p\u0101rbaudiet, vai nav nodiluma paz\u012bmju, e\u013c\u013cas nopl\u016b\u017eu vai citu boj\u0101jumu.<\/li>\n<li>E\u013c\u013co\u0161ana: regul\u0101ri iee\u013c\u013cojiet kust\u012bg\u0101s da\u013cas un p\u0101rbaudiet hidraulisk\u0101s e\u013c\u013cas l\u012bmeni.<\/li>\n<li>Bl\u012bv\u0113jumu nomai\u0146a: nomainiet nolietotus vai boj\u0101tus bl\u012bv\u0113jumus, lai nov\u0113rstu e\u013c\u013cas nopl\u016bdes.<\/li>\n<li>Kalibr\u0113\u0161anas p\u0101rbaude: p\u0101rbaudiet cilindra spiedienu un g\u0101jienu, lai p\u0101rliecin\u0101tos, ka tas atbilst noteiktaj\u0101m specifik\u0101cij\u0101m.<\/li>\n<\/ul>\n<p><img decoding=\"async\" src=\"https:\/\/www.hydraulic-cylinders.net\/wp-content\/uploads\/2025\/01\/songte-chushion-collar.webp\"><\/p>\n<h2>Dro\u0161\u012bbas apsv\u0113rumi un vides faktori<\/h2>\n<p>Izmantojot kausa cilindru, ir svar\u012bgi iev\u0113rot dro\u0161\u012bbas pas\u0101kumus, piem\u0113ram, valk\u0101t aizsargl\u012bdzek\u013cus un nodro\u0161in\u0101t pareizu uzst\u0101d\u012b\u0161anu un lieto\u0161anu. Turkl\u0101t ir svar\u012bgi \u0146emt v\u0113r\u0101 vides faktorus, piem\u0113ram, e\u013c\u013cas nopl\u016bdes vai izl\u012b\u0161anu, k\u0101 ar\u012b pareizu izlietot\u0101s hidraulisk\u0101s e\u013c\u013cas utiliz\u0101ciju.<\/p>\n<h2>Probl\u0113mu nov\u0113r\u0161ana un bie\u017ei sastopamas probl\u0113mas<\/h2>\n<p>Bie\u017ei sastopamas probl\u0113mas ar kausa cilindru ir e\u013c\u013cas nopl\u016bdes, bl\u012bv\u0113juma boj\u0101jumi un nesp\u0113ja izb\u012bd\u012bties vai ievilkties. Probl\u0113mu nov\u0113r\u0161anas darb\u012bbas var ietvert e\u013c\u013cas l\u012bme\u0146a p\u0101rbaudi, bl\u012bv\u0113jumu apskati un boj\u0101jumu vai va\u013c\u012bgu savienojumu p\u0101rbaudi. Regul\u0101ri apkopes darbi var nov\u0113rst potenci\u0101lu probl\u0113mu ra\u0161anos.<\/p>\n<h2>Par m\u016bsu uz\u0146\u0113mumu<\/h2>\n<p>M\u0113s esam rezerves hidraulisko cilindru ra\u017eot\u0101js, kas pied\u0101v\u0101 pilnu produktu kl\u0101stu. Esam k\u013cuvu\u0161i par vienu no vado\u0161ajiem hidraulisko cilindru ra\u017eot\u0101jiem un vairumtirgot\u0101jiem vis\u0101 pasaul\u0113. M\u0113s iev\u0113rojam izcilas kvalit\u0101tes principu un pa\u013caujamies uz industrializ\u0113t\u0101m ra\u017eo\u0161anas vad\u012bbas strat\u0113\u0123ij\u0101m, kuru pamat\u0101 ir izsmalcin\u0101tas ra\u017eo\u0161anas darbn\u012bcas, tehniskie talanti, digit\u0101las augstas klases ra\u017eo\u0161anas iek\u0101rtas un profesion\u0101las p\u0101rbaudes sist\u0113mas, nep\u0101rtraukti uzlabojot darbn\u012bcu ra\u017eo\u0161anas platformu, pilnveidojot produktu kvalit\u0101tes ra\u017eo\u0161anas l\u012bniju un ar sp\u0113c\u012bgu rado\u0161umu apmierinot klientu da\u017e\u0101d\u0101s vajadz\u012bbas. M\u0113s nodro\u0161in\u0101m profesion\u0101lu, starptautisku sertifik\u0101ciju, pas\u016bt\u012bjuma pakalpojumus, ra\u017eo\u0161anas iek\u0101rtas un p\u0113cp\u0101rdo\u0161anas apkalpo\u0161anu, k\u0101 ar\u012b citus aspektus.<\/p>\n<p><img decoding=\"async\" src=\"https:\/\/hzpt.com\/wp-content\/uploads\/2024\/11\/songte-company-1.webp\"><\/p>\n<p>Autors: lil<\/p>","protected":false},"excerpt":{"rendered":"<p>Bucket Cylinder For Komatsu Small Excavator PC75UU Introduction A bucket cylinder is a specially designed hydraulic cylinder used to control the movement of buckets in heavy machinery such as excavators, backhoe excavators, and front-end loaders. Its primary function is to allow the bucket to lift, lower, and tilt, making it easier to handle various material [&hellip;]<\/p>","protected":false},"featured_media":14785,"comment_status":"open","ping_status":"closed","template":"","meta":{"_et_pb_use_builder":"","_et_pb_old_content":"","_et_gb_content_width":""},"product_brand":[],"product_cat":[1494],"product_tag":[1495,1496],"class_list":{"0":"post-15120","1":"product","2":"type-product","3":"status-publish","4":"has-post-thumbnail","6":"product_cat-bucket-cylinders","7":"product_tag-bucket-cylinders","8":"product_tag-hydraulic-cylinders","10":"first","11":"instock","12":"shipping-taxable","13":"product-type-simple"},"amp_enabled":true,"_links":{"self":[{"href":"https:\/\/www.hydraulic-cylinders.net\/lv\/wp-json\/wp\/v2\/product\/15120","targetHints":{"allow":["GET"]}}],"collection":[{"href":"https:\/\/www.hydraulic-cylinders.net\/lv\/wp-json\/wp\/v2\/product"}],"about":[{"href":"https:\/\/www.hydraulic-cylinders.net\/lv\/wp-json\/wp\/v2\/types\/product"}],"replies":[{"embeddable":true,"href":"https:\/\/www.hydraulic-cylinders.net\/lv\/wp-json\/wp\/v2\/comments?post=15120"}],"wp:featuredmedia":[{"embeddable":true,"href":"https:\/\/www.hydraulic-cylinders.net\/lv\/wp-json\/wp\/v2\/media\/14785"}],"wp:attachment":[{"href":"https:\/\/www.hydraulic-cylinders.net\/lv\/wp-json\/wp\/v2\/media?parent=15120"}],"wp:term":[{"taxonomy":"product_brand","embeddable":true,"href":"https:\/\/www.hydraulic-cylinders.net\/lv\/wp-json\/wp\/v2\/product_brand?post=15120"},{"taxonomy":"product_cat","embeddable":true,"href":"https:\/\/www.hydraulic-cylinders.net\/lv\/wp-json\/wp\/v2\/product_cat?post=15120"},{"taxonomy":"product_tag","embeddable":true,"href":"https:\/\/www.hydraulic-cylinders.net\/lv\/wp-json\/wp\/v2\/product_tag?post=15120"}],"curies":[{"name":"wp","href":"https:\/\/api.w.org\/{rel}","templated":true}]}}