{"id":15121,"date":"2025-01-19T14:07:55","date_gmt":"2025-01-19T14:07:55","guid":{"rendered":"https:\/\/www.hydraulic-cylinders.net\/product\/bucket-cylinder-for-komatsu-small-excavator-pc120-3-5-6-6e-7\/"},"modified":"2025-01-19T14:07:57","modified_gmt":"2025-01-19T14:07:57","slug":"bucket-cylinder-for-komatsu-small-excavator-pc120-3-5-6-6e-7","status":"publish","type":"product","link":"https:\/\/www.hydraulic-cylinders.net\/lv\/products\/bucket-cylinder-for-komatsu-small-excavator-pc120-3-5-6-6e-7\/","title":{"rendered":"Kausa cilindrs Komatsu mazajam ekskavatoram PC120-3-5-6-6E-7"},"content":{"rendered":"<h1>Kausa cilindrs Komatsu mazajam ekskavatoram PC120-3-5-6-6E-7<\/h1>\n<h2>Ievads<\/h2>\n<p>Kausa cilindrs ir speci\u0101li izstr\u0101d\u0101ts hidrauliskais cilindrs, ko galvenok\u0101rt izmanto, lai kontrol\u0113tu kausa kust\u012bbu smagaj\u0101s ma\u0161\u012bn\u0101s, piem\u0113ram, ekskavatoros, univers\u0101lajos iekr\u0101v\u0113jos un front\u0101lajos iekr\u0101v\u0113jos. T\u0101 galven\u0101 funkcija ir nodro\u0161in\u0101t kausa pacel\u0161anu, nolai\u0161anu un noliek\u0161anu, atvieglojot da\u017e\u0101du materi\u0101lu apstr\u0101des uzdevumu veik\u0161anu. Hidrauliskaj\u0101 sist\u0113m\u0101 kausa cilindrs pan\u0101k prec\u012bzu kausa vad\u012bbu, mainot hidraulisk\u0101s e\u013c\u013cas spiedienu, \u013caujot operatoriem efekt\u012bvi apstr\u0101d\u0101t smagas kravas un piel\u0101goties sare\u017e\u0123\u012btai darba videi un da\u017e\u0101d\u0101m darba pras\u012bb\u0101m.<\/p>\n<p><img decoding=\"async\" src=\"https:\/\/www.hydraulic-cylinders.net\/wp-content\/uploads\/2025\/01\/songte-company-2.webp\" alt=\"Kausa cilindra att\u0113ls\"><\/p>\n<h2>Funkcijas<\/h2>\n<ul>\n<li>Augsta iztur\u012bba un ilgm\u016b\u017e\u012bba: Parasti izgatavots no augstas stipr\u012bbas t\u0113rauda vai alum\u012bnija, tas var iztur\u0113t augstu spiedienu un lielas slodzes, piel\u0101gojoties skarbai darba videi. Konstrukcij\u0101 \u0146emta v\u0113r\u0101 nodilumiztur\u012bba un iztur\u012bba pret koroziju, lai pagarin\u0101tu kalpo\u0161anas laiku.<\/li>\n<li>Efekt\u012bva hidraulisk\u0101 darb\u012bba: Vienm\u0113r\u012bgas pagarin\u0101\u0161anas un sarau\u0161an\u0101s kust\u012bbas tiek pan\u0101ktas, izmantojot hidraulisk\u0101s e\u013c\u013cas spiedienu, kas var \u0101tri rea\u0123\u0113t uz vad\u012bbas komand\u0101m, nodro\u0161inot sp\u0113c\u012bgu stum\u0161anas un vilk\u0161anas sp\u0113ku, kas ir piem\u0113rots smagu kravu apstr\u0101dei un sare\u017e\u0123\u012btiem ekspluat\u0101cijas uzdevumiem.<\/li>\n<li>Da\u017e\u0101di veidi: Cilindru tipus var izv\u0113l\u0113ties atbilsto\u0161i pras\u012bb\u0101m, piem\u0113ram, vienk\u0101r\u0161\u0101s darb\u012bbas (hidraulisk\u0101 sist\u0113ma tiek izmantota tikai vien\u0101 virzien\u0101) vai divk\u0101r\u0161\u0101s darb\u012bbas (hidraulisk\u0101 sist\u0113ma tiek izmantota divos virzienos), lai apmierin\u0101tu da\u017e\u0101das ekspluat\u0101cijas vajadz\u012bbas. Da\u017ei mode\u013ci ir teleskopiski, kas \u013cauj tos pagarin\u0101t, nepalielinot \u0101r\u0113jos izm\u0113rus, un ir piem\u0113roti lietojumiem ar ierobe\u017eotu vietu.<\/li>\n<li>Perfekta nomai\u0146a: m\u016bsu produkts var lieliski nomain\u012bt \u0161os hidrauliskos cilindrus.<\/li>\n<\/ul>\n<p><img decoding=\"async\" src=\"https:\/\/www.hydraulic-cylinders.net\/wp-content\/uploads\/2025\/01\/songte-cylinder-head-with-all-kinds-excavator-models.webp\" alt=\"Kausa cilindra att\u0113ls\"><\/p>\n<h2>Pieteikumi<\/h2>\n<p>Kausa cilindrus parasti izmanto da\u017e\u0101d\u0101s smagaj\u0101s ma\u0161\u012bn\u0101s, tostarp:<\/p>\n<ul>\n<li>B\u016bvniec\u012bbas tehnika: Ekskavatoros t\u0101s ir \u013coti svar\u012bgas augsnes vai gru\u017eu rak\u0161anai, iekrau\u0161anai un p\u0101rvieto\u0161anai. Ekskavatoros kausa cilindrs pal\u012bdz gan rak\u0161an\u0101, gan cel\u0161an\u0101. <\/li>\n<li>Lauksaimniec\u012bbas tehnika: Izmanto front\u0101lajos iekr\u0101v\u0113jos augsnes, siena un citu materi\u0101lu sav\u0101k\u0161anai, cel\u0161anai un transport\u0113\u0161anai. <\/li>\n<li>Ekskavatori: Kausa cilindrs \u013cauj ekskavatoram rakt, \u013caujot kausam iek\u013c\u016bt augsn\u0113. <\/li>\n<li>Iekr\u0101v\u0113ji: Front\u0101lajos iekr\u0101v\u0113jos tie pal\u012bdz efekt\u012bvi pacelt un noliekt kravas. <\/li>\n<\/ul>\n<h2>Projekt\u0113\u0161anas apsv\u0113rumi un atlases standarti<\/h2>\n<p>Projekt\u0113jot kausa cilindru, \u012bpa\u0161a uzman\u012bba j\u0101piev\u0113r\u0161 t\u0101 nestsp\u0113jai, bl\u012bv\u0113jumam, iztur\u012bbai, dro\u0161\u012bbai un apkopei. Da\u017ei no projekt\u0113\u0161anas apsv\u0113rumiem ir \u0161\u0101di:<\/p>\n<ul>\n<li>Nestsp\u0113ja: Cilindram j\u0101sp\u0113j iztur\u0113t maksim\u0101lo slodzi, kas paredzama ekspluat\u0101cijas laik\u0101.<\/li>\n<li>Bl\u012bv\u0113jums: Da\u017e\u0101du bl\u012bv\u0113\u0161anas materi\u0101lu, piem\u0113ram, virzu\u013ca bl\u012bv\u0113jumu, stie\u0146a bl\u012bv\u0113jumu utt., izmanto\u0161ana ar nodilumiztur\u012bgiem materi\u0101liem, piem\u0113ram, poliuret\u0101nu un nitrilgumiju, var pagarin\u0101t cilindra kalpo\u0161anas laiku.<\/li>\n<li>Iztur\u012bba: Cilindra korpusam un v\u012btnes gala virsmai j\u0101b\u016bt smalki apstr\u0101d\u0101tai, palielinot cilindra nodilumiztur\u012bbu.<\/li>\n<li>Dro\u0161\u012bba: Baloniem j\u0101b\u016bt konstru\u0113tiem t\u0101, lai nov\u0113rstu nopl\u016bdi, l\u016bzumu vai p\u0113k\u0161\u0146u spiediena izdal\u012b\u0161anos, lai nodro\u0161in\u0101tu iek\u0101rtu un operatoru dro\u0161\u012bbu.<\/li>\n<li>Apkope: Regul\u0101ra apkope, piem\u0113ram, cilindra p\u0101rbaude un regul\u0113\u0161ana, var nodro\u0161in\u0101t t\u0101 pareizu darb\u012bbu un pagarin\u0101t t\u0101 kalpo\u0161anas laiku.<\/li>\n<\/ul>\n<p><img decoding=\"async\" src=\"https:\/\/www.hydraulic-cylinders.net\/wp-content\/uploads\/2025\/01\/songte-oil-pipes-and-spare-parts.webp\" alt=\"Kausa cilindra att\u0113ls\"><\/p>\n<h2>Bl\u012bv\u0113\u0161ana un e\u013c\u013co\u0161ana<\/h2>\n<p>Kausu cilindros tiek izmantoti da\u017e\u0101di bl\u012bv\u0113\u0161anas komponenti, piem\u0113ram, virzu\u013ca bl\u012bv\u0113jumi un stie\u0146a bl\u012bv\u0113jumi, lai nov\u0113rstu hidraulisk\u0101s e\u013c\u013cas nopl\u016bdi. Bl\u012bv\u0113\u0161anas materi\u0101li parasti ir poliuret\u0101ns un nitrila gumija, kas ir nodilumiztur\u012bgi un tiem ir lieliskas bl\u012bv\u0113\u0161anas \u012bpa\u0161\u012bbas. Lai nodro\u0161in\u0101tu cilindra vienm\u0113r\u012bgu darb\u012bbu, ir svar\u012bgi ar\u012b pareizi iee\u013c\u013cot. Ieteicams regul\u0101ri pievienot atbilsto\u0161u hidraulisk\u0101s e\u013c\u013cas daudzumu.<\/p>\n<h2>Prevent\u012bv\u0101 apkope un probl\u0113mu nov\u0113r\u0161ana<\/h2>\n<p>Prevent\u012bv\u0101 apkope ir \u013coti svar\u012bga, lai nodro\u0161in\u0101tu kausa cilindra ilgm\u016b\u017e\u012bbu. Regul\u0101ras p\u0101rbaudes, pareiza e\u013c\u013co\u0161ana, bl\u012bv\u0113juma komponentu nomai\u0146a un kalibr\u0113\u0161anas p\u0101rbaudes ir bie\u017ei sastopami apkopes uzdevumi. Ja rodas probl\u0113mas, pareizas probl\u0113mu nov\u0113r\u0161anas metodes var pal\u012bdz\u0113t t\u0101s efekt\u012bvi diagnostic\u0113t un atrisin\u0101t. Ir svar\u012bgi ar\u012b veikt prevent\u012bvus pas\u0101kumus, lai samazin\u0101tu potenci\u0101lo probl\u0113mu risku.<\/p>\n<p><img decoding=\"async\" src=\"https:\/\/www.hydraulic-cylinders.net\/wp-content\/uploads\/2025\/01\/songte-chushion-collar.webp\" alt=\"Kausa cilindra att\u0113ls\"><\/p>\n<h2>Dro\u0161\u012bbas un vides apsv\u0113rumi<\/h2>\n<p>Izmantojot kausu cilindrus, j\u0101iev\u0113ro dro\u0161\u012bbas pas\u0101kumi, lai nov\u0113rstu negad\u012bjumus un traumas. Ir svar\u012bgi iev\u0113rot dro\u0161\u012bbas vadl\u012bnijas un nor\u0101d\u012bjumus par cilindra pareizu uzst\u0101d\u012b\u0161anu un ekspluat\u0101ciju. No vides viedok\u013ca ir svar\u012bgi pareizi utiliz\u0113t izlietoto hidraulisko e\u013c\u013cu un citas cilindra sast\u0101vda\u013cas, lai nov\u0113rstu vides pies\u0101r\u0146o\u0161anu.<\/p>\n<h2>Uz\u0146\u0113muma ievads<\/h2>\n<p>M\u0113s esam vado\u0161ais hidraulisko cilindru ra\u017eot\u0101js un vairumtirdzniec\u012bbas izplat\u012bt\u0101js viet\u0113j\u0101 un starptautiskaj\u0101 tirg\u016b. M\u016bsu produktu kl\u0101sts ir pla\u0161s, un m\u0113s tiecamies uz izcil\u012bbu kvalit\u0101t\u0113. Ar industrializ\u0113t\u0101m ra\u017eo\u0161anas vad\u012bbas strat\u0113\u0123ij\u0101m, ko atbalsta kvalific\u0113ti talanti, augstas klases digit\u0101l\u0101s ra\u017eo\u0161anas iek\u0101rtas un profesion\u0101las test\u0113\u0161anas sist\u0113mas, m\u0113s nep\u0101rtraukti uzlabojam savu ra\u017eo\u0161anas platformu, pilnveidojam ra\u017eo\u0161anas procesu un mums ir sp\u0113c\u012bgas inov\u0101ciju iesp\u0113jas, lai apmierin\u0101tu m\u016bsu klientu da\u017e\u0101d\u0101s vajadz\u012bbas.<\/p>\n<ul>\n<li>Profesionalit\u0101te: Mums ir profesion\u0101lu in\u017eenieru komanda, kas var sniegt piel\u0101gotus pakalpojumus atbilsto\u0161i klientu pras\u012bb\u0101m.<\/li>\n<li>Starptautisk\u0101 sertifik\u0101cija: M\u016bsu produkti ir iztur\u0113ju\u0161i starptautiskus sertifik\u0101tus, piem\u0113ram, ISO9001 un CE.<\/li>\n<li>Piel\u0101go\u0161anas pakalpojums: M\u0113s pied\u0101v\u0101jam piel\u0101go\u0161anas pakalpojumus da\u017e\u0101diem hidrauliskajiem cilindriem atbilsto\u0161i klientu pras\u012bb\u0101m.<\/li>\n<li>Ra\u017eo\u0161anas iek\u0101rtas: Mums ir modernas ra\u017eo\u0161anas iek\u0101rtas, piem\u0113ram, CNC virpas, apstr\u0101des centri un metin\u0101\u0161anas roboti.<\/li>\n<li>P\u0113cp\u0101rdo\u0161anas serviss: M\u0113s pied\u0101v\u0101jam augstas kvalit\u0101tes p\u0113cp\u0101rdo\u0161anas servisu, tostarp deta\u013cu nomai\u0146u un remonta pakalpojumus.<\/li>\n<\/ul>\n<p><img decoding=\"async\" src=\"https:\/\/hzpt.com\/wp-content\/uploads\/2024\/11\/songte-company-1.webp\" alt=\"Kausa cilindra att\u0113ls\"><\/p>\n<p>Autors: lil<\/p>","protected":false},"excerpt":{"rendered":"<p>Bucket Cylinder For Komatsu Small Excavator PC120-3-5-6-6E-7 Introduction A bucket cylinder is a specially designed hydraulic cylinder that is primarily used to control the movement of the bucket in heavy machinery, such as excavators, backhoes, and front-end loaders. Its main function is to enable the bucket to be raised, lowered, and tilted, making it easier [&hellip;]<\/p>","protected":false},"featured_media":14784,"comment_status":"open","ping_status":"closed","template":"","meta":{"_et_pb_use_builder":"","_et_pb_old_content":"","_et_gb_content_width":""},"product_brand":[],"product_cat":[1494],"product_tag":[1495,1496],"class_list":{"0":"post-15121","1":"product","2":"type-product","3":"status-publish","4":"has-post-thumbnail","6":"product_cat-bucket-cylinders","7":"product_tag-bucket-cylinders","8":"product_tag-hydraulic-cylinders","10":"first","11":"instock","12":"shipping-taxable","13":"product-type-simple"},"amp_enabled":true,"_links":{"self":[{"href":"https:\/\/www.hydraulic-cylinders.net\/lv\/wp-json\/wp\/v2\/product\/15121","targetHints":{"allow":["GET"]}}],"collection":[{"href":"https:\/\/www.hydraulic-cylinders.net\/lv\/wp-json\/wp\/v2\/product"}],"about":[{"href":"https:\/\/www.hydraulic-cylinders.net\/lv\/wp-json\/wp\/v2\/types\/product"}],"replies":[{"embeddable":true,"href":"https:\/\/www.hydraulic-cylinders.net\/lv\/wp-json\/wp\/v2\/comments?post=15121"}],"wp:featuredmedia":[{"embeddable":true,"href":"https:\/\/www.hydraulic-cylinders.net\/lv\/wp-json\/wp\/v2\/media\/14784"}],"wp:attachment":[{"href":"https:\/\/www.hydraulic-cylinders.net\/lv\/wp-json\/wp\/v2\/media?parent=15121"}],"wp:term":[{"taxonomy":"product_brand","embeddable":true,"href":"https:\/\/www.hydraulic-cylinders.net\/lv\/wp-json\/wp\/v2\/product_brand?post=15121"},{"taxonomy":"product_cat","embeddable":true,"href":"https:\/\/www.hydraulic-cylinders.net\/lv\/wp-json\/wp\/v2\/product_cat?post=15121"},{"taxonomy":"product_tag","embeddable":true,"href":"https:\/\/www.hydraulic-cylinders.net\/lv\/wp-json\/wp\/v2\/product_tag?post=15121"}],"curies":[{"name":"wp","href":"https:\/\/api.w.org\/{rel}","templated":true}]}}