{"id":15125,"date":"2025-01-19T14:08:12","date_gmt":"2025-01-19T14:08:12","guid":{"rendered":"https:\/\/www.hydraulic-cylinders.net\/product\/bucket-cylinder-for-komatsu-small-excavator-pc100-3-5-6\/"},"modified":"2025-01-19T14:08:14","modified_gmt":"2025-01-19T14:08:14","slug":"bucket-cylinder-for-komatsu-small-excavator-pc100-3-5-6","status":"publish","type":"product","link":"https:\/\/www.hydraulic-cylinders.net\/lv\/products\/bucket-cylinder-for-komatsu-small-excavator-pc100-3-5-6\/","title":{"rendered":"Kausa cilindrs Komatsu mazajam ekskavatoram PC100-3-5-6"},"content":{"rendered":"<h2>Kausa cilindrs Komatsu mazajam ekskavatoram PC100-3-5-6<\/h2>\n<h3>Ievads:<\/h3>\n<p>Kausa cilindrs ir speci\u0101li izstr\u0101d\u0101ts hidrauliskais cilindrs, ko izmanto, lai kontrol\u0113tu kausa kust\u012bbu smagaj\u0101s ma\u0161\u012bn\u0101s, piem\u0113ram, ekskavatoros, univers\u0101lajos ekskavatoros un front\u0101lajos iekr\u0101v\u0113jos. T\u0101 galven\u0101 funkcija ir nodro\u0161in\u0101t kausa pacel\u0161anu, nolai\u0161anu un noliek\u0161anu, lai atvieglotu da\u017e\u0101du materi\u0101lu apstr\u0101di. Hidrauliskaj\u0101 sist\u0113m\u0101 kausa cilindrs nodro\u0161ina prec\u012bzu kausa vad\u012bbu, mainot hidraulisk\u0101s e\u013c\u013cas spiedienu, \u013caujot operatoriem efekt\u012bvi apstr\u0101d\u0101t smagas kravas un piel\u0101goties sare\u017e\u0123\u012btai darba videi un da\u017e\u0101d\u0101m darba pras\u012bb\u0101m.<\/p>\n<p><img decoding=\"async\" src=\"https:\/\/www.hydraulic-cylinders.net\/wp-content\/uploads\/2025\/01\/songte-company-2.webp\"><\/p>\n<h3>Funkcijas:<\/h3>\n<ul>\n<li>Augsta iztur\u012bba un ilgm\u016b\u017e\u012bba: parasti izgatavoti no augstas stipr\u012bbas t\u0113rauda vai alum\u012bnija, sp\u0113j iztur\u0113t augstu spiedienu un lielas slodzes, piem\u0113roti skarbai darba videi, konstru\u0113ti, \u0146emot v\u0113r\u0101 nodilumiztur\u012bbu un korozijas iztur\u012bbu, pagarinot kalpo\u0161anas laiku.<\/li>\n<li>Efekt\u012bva hidraulisk\u0101 darb\u012bba: vienm\u0113r\u012bga izstiep\u0161ana un sarau\u0161an\u0101s, ko pan\u0101k hidraulisk\u0101s e\u013c\u013cas spiediens, sp\u0113ja \u0101tri rea\u0123\u0113t uz vad\u012bbas komand\u0101m, nodro\u0161inot sp\u0113c\u012bgu stum\u0161anas un vilk\u0161anas sp\u0113ku, piem\u0113rots smagu kravu apstr\u0101dei un sare\u017e\u0123\u012btiem darbiem.<\/li>\n<li>Da\u017e\u0101di veidi: vienas darb\u012bbas (hidrauliski darbojas tikai vien\u0101 virzien\u0101) vai divk\u0101r\u0161as darb\u012bbas (hidrauliski darbojas abos virzienos) cilindrus var izv\u0113l\u0113ties atbilsto\u0161i vajadz\u012bb\u0101m, lai apmierin\u0101tu da\u017e\u0101das ekspluat\u0101cijas pras\u012bbas. Da\u017ei mode\u013ci ir teleskopiski, kas \u013cauj tos pagarin\u0101t, nepalielinot \u0101r\u0113jos izm\u0113rus, un ir piem\u0113roti lietojumiem ar ierobe\u017eotu vietu.<\/li>\n<li>Var lieliski aizst\u0101t citus hidrauliskos cilindrus.<\/li>\n<\/ul>\n<p><img decoding=\"async\" src=\"https:\/\/www.hydraulic-cylinders.net\/wp-content\/uploads\/2025\/01\/songte-cylinder-head-with-all-kinds-excavator-models.webp\"><\/p>\n<h3>Lietojumi:<\/h3>\n<p>Kausa cilindri parasti tiek izmantoti da\u017e\u0101d\u0101s b\u016bvniec\u012bbas, lauksaimniec\u012bbas un materi\u0101lu apstr\u0101des iek\u0101rt\u0101s:<\/p>\n<ul>\n<li>B\u016bvniec\u012bbas tehnika: ekskavatori, ekskavatori ar kausu, front\u0101lie iekr\u0101v\u0113ji<\/li>\n<li>Lauksaimniec\u012bbas tehnika: front\u0101lie iekr\u0101v\u0113ji, ko izmanto augsnes, siena un citu materi\u0101lu iekrau\u0161anai, cel\u0161anai un transport\u0113\u0161anai<\/li>\n<li>Ekskavatori: kausa cilindri \u013cauj kausam iek\u013c\u016bt augsn\u0113, lai pan\u0101ktu rak\u0161anas darb\u012bbu<\/li>\n<li>Front\u0101lie iekr\u0101v\u0113ji: kausa cilindri pal\u012bdz efekt\u012bvi pacelt un izkraut preces<\/li>\n<\/ul>\n<h3>Dizaina un atlases krit\u0113riji:<\/h3>\n<p>No konstrukcijas viedok\u013ca svar\u012bgi apsv\u0113rumi ir balona nestsp\u0113ja, bl\u012bv\u0113jums, iztur\u012bba, dro\u0161\u012bba un apkopes iesp\u0113jas:<\/p>\n<ul>\n<li>Nestsp\u0113ja: cilindram j\u0101sp\u0113j iztur\u0113t iek\u0101rtas un apstr\u0101d\u0101jam\u0101 materi\u0101la rad\u012bto slodzi. <\/li>\n<li>Bl\u012bv\u0113jums: Lai nov\u0113rstu e\u013c\u013cas nopl\u016bdi un uztur\u0113tu sist\u0113mas uzticam\u012bbu, tiek izmantoti da\u017e\u0101di bl\u012bv\u0113jumi, piem\u0113ram, virzu\u013ca bl\u012bvsl\u0113gi, stie\u0146a bl\u012bvsl\u0113gi \u200b\u200butt. <\/li>\n<li>Iztur\u012bba: cilindram j\u0101b\u016bt konstru\u0113tam, \u0146emot v\u0113r\u0101 nodilumiztur\u012bbu un korozijas iztur\u012bbu, un cilindra korpusam, virzu\u013ca stienim un cit\u0101m sast\u0101vda\u013c\u0101m j\u0101b\u016bt izgatavot\u0101m no augstas stipr\u012bbas materi\u0101liem. <\/li>\n<li>Dro\u0161\u012bba: balonam j\u0101b\u016bt ar dro\u0161u darba spiedienu un tam j\u0101b\u016bt apr\u012bkotam ar uzticam\u0101m dro\u0161\u012bbas ier\u012bc\u0113m, lai nov\u0113rstu p\u0101rslodzi un negad\u012bjumus. <\/li>\n<li>Uzturam\u012bba: cilindram j\u0101b\u016bt konstru\u0113tam t\u0101, lai to b\u016btu viegli uztur\u0113t un remont\u0113t, ar viegli pieejam\u0101m deta\u013c\u0101m un viegli demont\u0113jamu konstrukciju. <\/li>\n<\/ul>\n<p><img decoding=\"async\" src=\"https:\/\/www.hydraulic-cylinders.net\/wp-content\/uploads\/2025\/01\/songte-oil-pipes-and-spare-parts.webp\"><\/p>\n<h3>Bl\u012bv\u0113\u0161ana un e\u013c\u013co\u0161ana:<\/h3>\n<p>Lai nov\u0113rstu e\u013c\u013cas nopl\u016bdi un nodro\u0161in\u0101tu sist\u0113mas uzticam\u012bbu, tiek izmantoti da\u017e\u0101di bl\u012bv\u0113\u0161anas elementi, piem\u0113ram, virzu\u013ca bl\u012bvgredzeni, stie\u0146a bl\u012bvgredzeni utt. Bl\u012bv\u0113jumi ir izgatavoti no nodilumiztur\u012bgiem materi\u0101liem, piem\u0113ram, poliuret\u0101na un nitrila gumijas. Cilindra korpuss un v\u012bt\u0146ot\u0101s gala virsmas ir smalki apstr\u0101d\u0101tas, lai uzlabotu nodilumiztur\u012bbu. Lai nodro\u0161in\u0101tu cilindra vienm\u0113r\u012bgu darb\u012bbu, ir nepiecie\u0161ama regul\u0101ra e\u013c\u013co\u0161ana ar piem\u0113rotu hidraulisko e\u013c\u013cu.<\/p>\n<h3>Apkope:<\/h3>\n<p>Regul\u0101ras p\u0101rbaudes un profilaktisk\u0101s apkopes pas\u0101kumi ir b\u016btiski balona ilgm\u016b\u017e\u012bbai:<\/p>\n<ul>\n<li>Regul\u0101ras p\u0101rbaudes, vai cilindram un t\u0101 sast\u0101vda\u013c\u0101m nav nopl\u016b\u017eu, boj\u0101jumu un nodiluma.<\/li>\n<li>Atbilsto\u0161a e\u013c\u013co\u0161ana, lai nodro\u0161in\u0101tu cilindra vienm\u0113r\u012bgu darb\u012bbu.<\/li>\n<li>Bl\u012bvju nomai\u0146a un kalibr\u0113\u0161anas p\u0101rbaudes, ja nepiecie\u0161ams.<\/li>\n<li>Pareiza cilindra uzst\u0101d\u012b\u0161ana, izl\u012bdzin\u0101\u0161ana un atbilsto\u0161u mont\u0101\u017eas kron\u0161teinu izmanto\u0161ana.<\/li>\n<li>Ieteicam\u0101s p\u0101rbaudes, remonta un nomai\u0146as proced\u016bras, lai pagarin\u0101tu balona kalpo\u0161anas laiku.<\/li>\n<\/ul>\n<p><img decoding=\"async\" src=\"https:\/\/www.hydraulic-cylinders.net\/wp-content\/uploads\/2025\/01\/songte-chushion-collar.webp\"><\/p>\n<h3>Dro\u0161\u012bbas apsv\u0113rumi un vides faktori:<\/h3>\n<p>Izmantojot kausu cilindrus, j\u0101veic dro\u0161\u012bbas pas\u0101kumi, lai izvair\u012btos no negad\u012bjumiem un traum\u0101m. Pareiza uzst\u0101d\u012b\u0161ana, ekspluat\u0101cija un apkope ir b\u016btiska dro\u0161ai un efekt\u012bvai darb\u012bbai. Izv\u0113loties un ekspluat\u0113jot kausu cilindrus, j\u0101\u0146em v\u0113r\u0101 ar\u012b vides faktori, piem\u0113ram, temperat\u016bra un mitrums, lai nodro\u0161in\u0101tu to nevainojamu un uzticamu darb\u012bbu.<\/p>\n<h3>K\u013c\u016bmju diagnostika un bie\u017e\u0101k sastopam\u0101s probl\u0113mas:<\/h3>\n<p>Bie\u017e\u0101k sastopamie kausu cilindru defekti ir e\u013c\u013cas nopl\u016bde, nepietiekams spiediens, nepietiekams sp\u0113ks un slikta pozicion\u0113\u0161anas precizit\u0101te. Regul\u0101ra p\u0101rbaude un apkope var pal\u012bdz\u0113t nov\u0113rst \u0161\u012bs probl\u0113mas. Ja rodas probl\u0113mas, diagnostikas pas\u0101kumus, piem\u0113ram, spiediena m\u0113r\u012b\u0161anu, v\u0101rstu p\u0101rbaudi un vizu\u0101lu p\u0101rbaudi, var izmantot, lai noteiktu probl\u0113mas avotu.<\/p>\n<p><img decoding=\"async\" src=\"https:\/\/www.hydraulic-cylinders.net\/wp-content\/uploads\/2025\/01\/songte-bushings-with-all-kinds-of-excavator-models.webp\"><\/p>\n<h3>Par mums:<\/h3>\n<p>M\u0113s esam rezerves hidraulisko cilindru ra\u017eot\u0101js. M\u016bsu uz\u0146\u0113mumam ir pilns produktu kl\u0101sts, un m\u0113s esam k\u013cuvu\u0161i par vienu no vado\u0161ajiem hidraulisko cilindru ra\u017eot\u0101jiem un vairumtirgot\u0101jiem viet\u0113j\u0101 un starptautiskaj\u0101 tirg\u016b. M\u0113s iev\u0113rojam izcilas kvalit\u0101tes principu, pa\u013caujamies uz smalkra\u017eo\u0161anas darbn\u012bcu r\u016bpniecisk\u0101s ra\u017eo\u0161anas vad\u012bbas strat\u0113\u0123iju un nep\u0101rtraukti uzlabojam darbn\u012bcas ra\u017eo\u0161anas platformu, izmantojot tehnolo\u0123iju talantus, digit\u0101las augstas klases ra\u017eo\u0161anas iek\u0101rtas un profesion\u0101las test\u0113\u0161anas sist\u0113mas, k\u0101 ar\u012b mums ir sp\u0113c\u012bga rado\u0161uma sp\u0113ja apmierin\u0101t klientu da\u017e\u0101d\u0101s vajadz\u012bbas, iev\u0113rojot augstas efektivit\u0101tes, augstas precizit\u0101tes un augstas kvalit\u0101tes principus. <\/p>\n<p>M\u016bsu uz\u0146\u0113mums nodro\u0161ina profesion\u0101lus, starptautiski sertific\u0113tus, piel\u0101gotus pakalpojumus, modernu ra\u017eo\u0161anas apr\u012bkojumu un izcilu p\u0113cp\u0101rdo\u0161anas apkalpo\u0161anu.<\/p>\n<p><img decoding=\"async\" src=\"https:\/\/www.hydraulic-cylinders.net\/wp-content\/uploads\/2025\/01\/songte-company-3.webp\"><\/p>\n<p>Autors: lil<\/p>","protected":false},"excerpt":{"rendered":"<p>Bucket Cylinder For Komatsu Small Excavator PC100-3-5-6 Introduction: A bucket cylinder is a specially designed hydraulic cylinder used to control the movement of the bucket in heavy machinery such as excavators, backhoe excavators, and front-end loaders. Its main function is to enable the bucket to be lifted, lowered, and tilted for easy handling of various [&hellip;]<\/p>","protected":false},"featured_media":14776,"comment_status":"open","ping_status":"closed","template":"","meta":{"_et_pb_use_builder":"","_et_pb_old_content":"","_et_gb_content_width":""},"product_brand":[],"product_cat":[1494],"product_tag":[1495,1496],"class_list":{"0":"post-15125","1":"product","2":"type-product","3":"status-publish","4":"has-post-thumbnail","6":"product_cat-bucket-cylinders","7":"product_tag-bucket-cylinders","8":"product_tag-hydraulic-cylinders","10":"first","11":"instock","12":"shipping-taxable","13":"product-type-simple"},"amp_enabled":true,"_links":{"self":[{"href":"https:\/\/www.hydraulic-cylinders.net\/lv\/wp-json\/wp\/v2\/product\/15125","targetHints":{"allow":["GET"]}}],"collection":[{"href":"https:\/\/www.hydraulic-cylinders.net\/lv\/wp-json\/wp\/v2\/product"}],"about":[{"href":"https:\/\/www.hydraulic-cylinders.net\/lv\/wp-json\/wp\/v2\/types\/product"}],"replies":[{"embeddable":true,"href":"https:\/\/www.hydraulic-cylinders.net\/lv\/wp-json\/wp\/v2\/comments?post=15125"}],"wp:featuredmedia":[{"embeddable":true,"href":"https:\/\/www.hydraulic-cylinders.net\/lv\/wp-json\/wp\/v2\/media\/14776"}],"wp:attachment":[{"href":"https:\/\/www.hydraulic-cylinders.net\/lv\/wp-json\/wp\/v2\/media?parent=15125"}],"wp:term":[{"taxonomy":"product_brand","embeddable":true,"href":"https:\/\/www.hydraulic-cylinders.net\/lv\/wp-json\/wp\/v2\/product_brand?post=15125"},{"taxonomy":"product_cat","embeddable":true,"href":"https:\/\/www.hydraulic-cylinders.net\/lv\/wp-json\/wp\/v2\/product_cat?post=15125"},{"taxonomy":"product_tag","embeddable":true,"href":"https:\/\/www.hydraulic-cylinders.net\/lv\/wp-json\/wp\/v2\/product_tag?post=15125"}],"curies":[{"name":"wp","href":"https:\/\/api.w.org\/{rel}","templated":true}]}}