{"id":15128,"date":"2025-01-19T14:08:23","date_gmt":"2025-01-19T14:08:23","guid":{"rendered":"https:\/\/www.hydraulic-cylinders.net\/product\/bucket-cylinder-for-komatsu-small-excavator-pc55-55uu\/"},"modified":"2025-01-19T14:08:25","modified_gmt":"2025-01-19T14:08:25","slug":"bucket-cylinder-for-komatsu-small-excavator-pc55-55uu","status":"publish","type":"product","link":"https:\/\/www.hydraulic-cylinders.net\/lv\/products\/bucket-cylinder-for-komatsu-small-excavator-pc55-55uu\/","title":{"rendered":"Kausa cilindrs Komatsu mazajam ekskavatoram PC55 55UU"},"content":{"rendered":"<h1>Kausa cilindrs Komatsu mazajam ekskavatoram PC55 55UU<\/h1>\n<h2>Ievads<\/h2>\n<p>Komatsu maz\u0101 ekskavatora PC55 55UU kausa cilindrs ir specializ\u0113ts hidrauliskais cilindrs, ko galvenok\u0101rt izmanto, lai kontrol\u0113tu kausa kust\u012bbu smagaj\u0101s ma\u0161\u012bn\u0101s, piem\u0113ram, ekskavatoros, univers\u0101lajos ekskavatoros un front\u0101lajos iekr\u0101v\u0113jos. T\u0101 galven\u0101 funkcija ir \u013caut kausam pacelties, nolaisties un noliekties, atvieglojot da\u017e\u0101du materi\u0101lu apstr\u0101des uzdevumu veik\u0161anu. Hidrauliskaj\u0101 sist\u0113m\u0101 kausa cilindrs pan\u0101k prec\u012bzu kausa kontroli, mainot hidraulisk\u0101s e\u013c\u013cas spiedienu, un \u013cauj operatoriem efekt\u012bvi apstr\u0101d\u0101t smagus priek\u0161metus, piel\u0101gojoties sare\u017e\u0123\u012btai darba videi un da\u017e\u0101d\u0101m ekspluat\u0101cijas pras\u012bb\u0101m.<\/p>\n<p><img decoding=\"async\" src=\"https:\/\/www.hydraulic-cylinders.net\/wp-content\/uploads\/2025\/01\/songte-company-2.webp\" alt=\"Kausa cilindra att\u0113ls\"><\/p>\n<h2>Funkcijas<\/h2>\n<ul>\n<li>Augsta iztur\u012bba un ilgm\u016b\u017e\u012bba: parasti izgatavoti no augstas stipr\u012bbas t\u0113rauda vai alum\u012bnija, sp\u0113j iztur\u0113t augstu spiedienu un lielas slodzes, piem\u0113roti skarbai darba videi, konstru\u0113ti, \u0146emot v\u0113r\u0101 nodilumiztur\u012bbu un korozijas iztur\u012bbu, k\u0101 ar\u012b pagarin\u0101tu kalpo\u0161anas laiku.<\/li>\n<li>Efekt\u012bva hidraulisk\u0101 darb\u012bba: vienm\u0113r\u012bgas izstiep\u0161anas un sarau\u0161an\u0101s kust\u012bbas, ko nodro\u0161ina hidraulisk\u0101s e\u013c\u013cas spiediens, \u0101tra reakcija uz vad\u012bbas komand\u0101m, nodro\u0161inot sp\u0113c\u012bgu stum\u0161anas un vilk\u0161anas sp\u0113ku, piem\u0113rots smagu priek\u0161metu apstr\u0101dei un sare\u017e\u0123\u012btiem ekspluat\u0101cijas uzdevumiem.<\/li>\n<li>Pieejami da\u017e\u0101di veidi: vienas darb\u012bbas (hidrauliski darbojas tikai vien\u0101 virzien\u0101) vai divk\u0101r\u0161as darb\u012bbas (hidrauliski darbojas divos virzienos) cilindrus var izv\u0113l\u0113ties atbilsto\u0161i vajadz\u012bb\u0101m, lai apmierin\u0101tu da\u017e\u0101das ekspluat\u0101cijas pras\u012bbas, da\u017ei mode\u013ci ir teleskopiski, kas \u013cauj veikt liel\u0101ku izple\u0161anos, nepalielinot \u0101r\u0113jos izm\u0113rus, piem\u0113roti lietojumiem ar ierobe\u017eotu vietu.<\/li>\n<li>Lieliska hidraulisk\u0101 cilindra nomai\u0146a: m\u016bsu produkts var lieliski aizst\u0101t \u0161os hidrauliskos cilindrus.<\/li>\n<\/ul>\n<p><img decoding=\"async\" src=\"https:\/\/www.hydraulic-cylinders.net\/wp-content\/uploads\/2025\/01\/songte-cylinder-head-with-all-kinds-excavator-models.webp\" alt=\"Kausa cilindra att\u0113ls\"><\/p>\n<h2>Pieteikumi<\/h2>\n<p>Komatsu maz\u0101 ekskavatora PC55 55UU kausa cilindram ir da\u017e\u0101di pielietojumi da\u017e\u0101d\u0101s jom\u0101s:<\/p>\n<ul>\n<li>B\u016bvniec\u012bbas tehnika: pla\u0161i izmanto ekskavatoros augsnes vai gru\u017eu rak\u0161anai, iekrau\u0161anai un p\u0101rvieto\u0161anai, ekskavatoros-iekr\u0101v\u0113jos kausa cilindri pal\u012bdz gan izrakt, gan pacelt. <\/li>\n<li>Lauksaimniec\u012bbas tehnika: izmanto front\u0101lajiem iekr\u0101v\u0113jiem, augsnes, siena un citu materi\u0101lu sav\u0101k\u0161anai, cel\u0161anai un transport\u0113\u0161anai; ekskavatoros kausa cilindri \u013cauj rakt, \u013caujot kausam iek\u013c\u016bt augsn\u0113. <\/li>\n<li>Iekr\u0101v\u0113ji: front\u0101lajos iekr\u0101v\u0113jos tie pal\u012bdz efekt\u012bvi pacelt un noliekt preces. <\/li>\n<\/ul>\n<h2>Dizaina apsv\u0113rumi un atlases krit\u0113riji<\/h2>\n<p>Komatsu maz\u0101 ekskavatora PC55 55UU kausa cilindra konstrukcijai tika \u0146emti v\u0113r\u0101 \u0161\u0101di apsv\u0113rumi:<\/p>\n<ul>\n<li>Nestsp\u0113ja: sp\u0113j iztur\u0113t slodzi un spiedienu darba vid\u0113.<\/li>\n<li>Bl\u012bv\u0113\u0161anas efektivit\u0101te: Izmantojot da\u017e\u0101dus bl\u012bv\u0113jumus, piem\u0113ram, virzu\u013ca bl\u012bv\u0113jumus un stie\u0146a bl\u012bv\u0113jumus, no nodilumiztur\u012bgiem materi\u0101liem, izmantojot uzlabotu cilindra korpusa un v\u012bt\u0146ot\u0101 gala virsmas p\u0101rkl\u0101\u0161anas procesu, lai uzlabotu nodilumiztur\u012bbu, un regul\u0101ri e\u013c\u013cojot ar hidraulisko e\u013c\u013cu efekt\u012bvai bl\u012bv\u0113\u0161anai un e\u013c\u013co\u0161anai.<\/li>\n<li>Iztur\u012bba: Sp\u0113j iztur\u0113t skarbus darba apst\u0101k\u013cus, izmantojot augstas iztur\u012bbas materi\u0101lus, un ir izstr\u0101d\u0101ts, \u0146emot v\u0113r\u0101 nodilumiztur\u012bbu un iztur\u012bbu pret koroziju, pagarinot produkta kalpo\u0161anas laiku.<\/li>\n<li>Dro\u0161\u012bba: Stingri iev\u0113rojot dro\u0161\u012bbas standartus un noteikumus, nodro\u0161inot lietot\u0101jiem dro\u0161\u012bbas pas\u0101kumus un proced\u016bras, k\u0101 ar\u012b garant\u0113jot lietot\u0101ju dro\u0161\u012bbu darb\u012bbas laik\u0101.<\/li>\n<li>Apkope: Vienk\u0101r\u0161a apkope, izmantojot augstas kvalit\u0101tes komponentus, k\u0101 ar\u012b regul\u0101ra apkope un p\u0101rbaudes, lai pagarin\u0101tu produkta kalpo\u0161anas laiku.<\/li>\n<\/ul>\n<p><img decoding=\"async\" src=\"https:\/\/www.hydraulic-cylinders.net\/wp-content\/uploads\/2025\/01\/songte-oil-pipes-and-spare-parts.webp\" alt=\"Kausa cilindra att\u0113ls\"><\/p>\n<h2>Bl\u012bv\u0113\u0161ana un e\u013c\u013co\u0161ana<\/h2>\n<p>Komatsu maz\u0101 ekskavatora PC55 55UU kausa cilindram tiek izmantoti da\u017e\u0101di bl\u012bv\u0113jumi, piem\u0113ram, virzu\u013ca bl\u012bv\u0113jumi un stie\u0146a bl\u012bv\u0113jumi, no nodilumiztur\u012bgiem materi\u0101liem, un cilindra korpuss un v\u012bt\u0146ot\u0101 gala virsma tiek r\u016bp\u012bgi apstr\u0101d\u0101ta, lai uzlabotu nodilumiztur\u012bbu. Regul\u0101ra e\u013c\u013co\u0161ana ar hidraulisko e\u013c\u013cu var efekt\u012bvi iee\u013c\u013cot cilindru un nodro\u0161in\u0101t produkta bl\u012bv\u0113\u0161anas efektivit\u0101ti.<\/p>\n<h2>Apkope un remonts<\/h2>\n<p>Regul\u0101ra p\u0101rbaude un profilaktisk\u0101 apkope var pal\u012bdz\u0113t pagarin\u0101t kausa cilindra kalpo\u0161anas laiku. Bie\u017ei veicamie apkopes darbi ietver:<\/p>\n<ul>\n<li>Regul\u0101ra p\u0101rbaude<\/li>\n<li>Pareiza e\u013c\u013co\u0161ana<\/li>\n<li>Bl\u012bv\u0113juma nomai\u0146a<\/li>\n<li>Kalibr\u0113\u0161anas p\u0101rbaude<\/li>\n<\/ul>\n<p>Svar\u012bga ir ar\u012b pareiza kausa cilindra uzst\u0101d\u012b\u0161ana, un m\u0113s iesak\u0101m izmantot atbilsto\u0161us uzst\u0101d\u012b\u0161anas kron\u0161teinus cilindra nostiprin\u0101\u0161anai. Uzst\u0101d\u012b\u0161anas laik\u0101 ir nepiecie\u0161ama pareiza cilindra izl\u012bdzin\u0101\u0161ana. M\u0113s pied\u0101v\u0101jam ieteicam\u0101s p\u0101rbaudes, remonta un nomai\u0146as proced\u016bras, deta\u013cu nomai\u0146u un atjauno\u0161anas pakalpojumus, lai pal\u012bdz\u0113tu pagarin\u0101t produkta kalpo\u0161anas laiku.<\/p>\n<p><img decoding=\"async\" src=\"https:\/\/www.hydraulic-cylinders.net\/wp-content\/uploads\/2025\/01\/songte-chushion-collar.webp\" alt=\"Kausa cilindra att\u0113ls\"><\/p>\n<h2>Dro\u0161\u012bbas un vides apsv\u0113rumi<\/h2>\n<p>Lietojot kausa cilindru, stingri j\u0101iev\u0113ro dro\u0161\u012bbas pas\u0101kumi, lai nov\u0113rstu negad\u012bjumus un nodro\u0161in\u0101tu lietot\u0101ja dro\u0161\u012bbu. Darb\u012bbas laik\u0101 j\u0101valk\u0101 atbilsto\u0161s aizsargapr\u012bkojums. Vides apsv\u0113rumi ietver pareizu atkritumu utiliz\u0101ciju un vides noteikumu iev\u0113ro\u0161anu ra\u017eo\u0161anas un lieto\u0161anas laik\u0101.<\/p>\n<h2>Probl\u0113mu nov\u0113r\u0161ana un bie\u017ei sastopamas probl\u0113mas<\/h2>\n<p>Komatsu maz\u0101 ekskavatora PC55 55UU kausa cilindram lieto\u0161anas laik\u0101 var rasties da\u017eas bie\u017ei sastopamas probl\u0113mas, piem\u0113ram, nopl\u016bde, nodilums un samazin\u0101ta veiktsp\u0113ja. Pareiza diagnostika un prevent\u012bvie pas\u0101kumi var pal\u012bdz\u0113t samazin\u0101t un nov\u0113rst \u0161\u012bs probl\u0113mas un nodro\u0161in\u0101t produkta pareizu darb\u012bbu. M\u0113s sniedzam probl\u0113mu nov\u0113r\u0161anas padomus un risin\u0101jumus, lai pal\u012bdz\u0113tu las\u012bt\u0101jiem diagnostic\u0113t un risin\u0101t probl\u0113mas, k\u0101 ar\u012b ieteikt prevent\u012bvus pas\u0101kumus.<\/p>\n<p><img decoding=\"async\" src=\"https:\/\/www.hydraulic-cylinders.net\/wp-content\/uploads\/2025\/01\/songte-bushings-with-all-kinds-of-excavator-models.webp\" alt=\"Kausa cilindra att\u0113ls\"><\/p>\n<h2>Par m\u016bsu uz\u0146\u0113mumu<\/h2>\n<p>M\u0113s esam rezerves hidraulisko cilindru ra\u017eot\u0101js ar pilnu produktu kl\u0101stu, k\u013c\u016bstot par vienu no vado\u0161ajiem hidraulisko cilindru ra\u017eot\u0101jiem un vairumtirgot\u0101jiem viet\u0113j\u0101 un starptautiskaj\u0101 tirg\u016b. M\u0113s iev\u0113rojam izcilas kvalit\u0101tes principu, pa\u013caujamies uz izcil\u0101m ra\u017eo\u0161anas darbn\u012bc\u0101m industrializ\u0113tas ra\u017eo\u0161anas vad\u012bbas strat\u0113\u0123ij\u0101s un nep\u0101rtraukti uzlabojam darbn\u012bcas ra\u017eo\u0161anas platformu, izmantojot tehniskos talantus, digit\u0101las augstas klases ra\u017eo\u0161anas iek\u0101rtas un profesion\u0101las test\u0113\u0161anas sist\u0113mas. Mums piem\u012bt sp\u0113c\u012bga rado\u0161uma sp\u0113ja, un, iev\u0113rojot augstas efektivit\u0101tes, augstas precizit\u0101tes un augstas kvalit\u0101tes principus, m\u0113s varam apmierin\u0101t klientu da\u017e\u0101d\u0101s vajadz\u012bbas. <\/p>\n<p><img decoding=\"async\" src=\"https:\/\/hzpt.com\/wp-content\/uploads\/2024\/11\/songte-company-1.webp\" alt=\"Kausa cilindra att\u0113ls\"><\/p>\n<h3>Profesionalit\u0101te<\/h3>\n<p>Mums ir profesion\u0101la komanda ar pla\u0161u pieredzi hidraulisko produktu jom\u0101, lai klientiem nodro\u0161in\u0101tu augstas kvalit\u0101tes risin\u0101jumus un pakalpojumus.<\/p>\n<h3>Starptautisk\u0101 sertifik\u0101cija<\/h3>\n<p>M\u016bsu produkti ir iztur\u0113ju\u0161i starptautiskus sertifik\u0101tus, piem\u0113ram, CE, ISO9001 un SGS, kas nodro\u0161ina produktu kvalit\u0101ti un dro\u0161\u012bbu.<\/p>\n<h3>Piel\u0101go\u0161anas pakalpojumi<\/h3>\n<p>M\u0113s pied\u0101v\u0101jam piel\u0101gotus pakalpojumus, lai apmierin\u0101tu klientu unik\u0101l\u0101s vajadz\u012bbas, individu\u0101li piel\u0101gotus produktus un risin\u0101jumus, lai nodro\u0161in\u0101tu klientiem vislab\u0101ko pieredzi.<\/p>\n<h3>Ra\u017eo\u0161anas iek\u0101rtas<\/h3>\n<p>M\u0113s izmantojam modernu un augstas klases ra\u017eo\u0161anas apr\u012bkojumu, lai nodro\u0161in\u0101tu m\u016bsu produktu kvalit\u0101ti un veiktsp\u0113ju.<\/p>\n<h3>P\u0113cp\u0101rdo\u0161anas serviss<\/h3>\n<p>M\u0113s pied\u0101v\u0101jam visaptvero\u0161us p\u0113cp\u0101rdo\u0161anas pakalpojumus, piem\u0113ram, tehnisko atbalstu, apkopi, remontu, deta\u013cu nomai\u0146u un atjauno\u0161anas pakalpojumus.<\/p>\n<p>Autors: lil<\/p>","protected":false},"excerpt":{"rendered":"<p>Bucket Cylinder For Komatsu Small Excavator PC55 55UU Introduction The bucket cylinder for Komatsu small excavator PC55 55UU is a specialized hydraulic cylinder mainly used to control the movement of the bucket in heavy machinery, such as excavators, backhoe excavators, and front loaders. Its primary function is to allow the bucket to lift, lower, and [&hellip;]<\/p>","protected":false},"featured_media":14769,"comment_status":"open","ping_status":"closed","template":"","meta":{"_et_pb_use_builder":"","_et_pb_old_content":"","_et_gb_content_width":""},"product_brand":[],"product_cat":[1494],"product_tag":[1495,1496],"class_list":{"0":"post-15128","1":"product","2":"type-product","3":"status-publish","4":"has-post-thumbnail","6":"product_cat-bucket-cylinders","7":"product_tag-bucket-cylinders","8":"product_tag-hydraulic-cylinders","10":"first","11":"instock","12":"shipping-taxable","13":"product-type-simple"},"amp_enabled":true,"_links":{"self":[{"href":"https:\/\/www.hydraulic-cylinders.net\/lv\/wp-json\/wp\/v2\/product\/15128","targetHints":{"allow":["GET"]}}],"collection":[{"href":"https:\/\/www.hydraulic-cylinders.net\/lv\/wp-json\/wp\/v2\/product"}],"about":[{"href":"https:\/\/www.hydraulic-cylinders.net\/lv\/wp-json\/wp\/v2\/types\/product"}],"replies":[{"embeddable":true,"href":"https:\/\/www.hydraulic-cylinders.net\/lv\/wp-json\/wp\/v2\/comments?post=15128"}],"wp:featuredmedia":[{"embeddable":true,"href":"https:\/\/www.hydraulic-cylinders.net\/lv\/wp-json\/wp\/v2\/media\/14769"}],"wp:attachment":[{"href":"https:\/\/www.hydraulic-cylinders.net\/lv\/wp-json\/wp\/v2\/media?parent=15128"}],"wp:term":[{"taxonomy":"product_brand","embeddable":true,"href":"https:\/\/www.hydraulic-cylinders.net\/lv\/wp-json\/wp\/v2\/product_brand?post=15128"},{"taxonomy":"product_cat","embeddable":true,"href":"https:\/\/www.hydraulic-cylinders.net\/lv\/wp-json\/wp\/v2\/product_cat?post=15128"},{"taxonomy":"product_tag","embeddable":true,"href":"https:\/\/www.hydraulic-cylinders.net\/lv\/wp-json\/wp\/v2\/product_tag?post=15128"}],"curies":[{"name":"wp","href":"https:\/\/api.w.org\/{rel}","templated":true}]}}