{"id":15129,"date":"2025-01-19T14:08:27","date_gmt":"2025-01-19T14:08:27","guid":{"rendered":"https:\/\/www.hydraulic-cylinders.net\/product\/bucket-cylinder-for-komatsu-small-excavator-pc20-8\/"},"modified":"2025-01-19T14:08:29","modified_gmt":"2025-01-19T14:08:29","slug":"bucket-cylinder-for-komatsu-small-excavator-pc20-8","status":"publish","type":"product","link":"https:\/\/www.hydraulic-cylinders.net\/lv\/products\/bucket-cylinder-for-komatsu-small-excavator-pc20-8\/","title":{"rendered":"Kausa cilindrs Komatsu mazajam ekskavatoram PC20-8"},"content":{"rendered":"<h2>Kausa cilindrs Komatsu mazajam ekskavatoram PC20-8<\/h2>\n<h3>Ievads<\/h3>\n<p>A bucket cylinder for Komatsu small excavator PC20-8 is a specialized hydraulic cylinder used to control the movement of shovels in heavy machinery such as excavators, backhoe excavators, and front-end loaders. Its main function is to lift, lower, and tilt shovels to facilitate various material handling tasks. In the hydraulic system, the bucket cylinder controls the shovel&#8217;s precise movement through the pressure changes of hydraulic oil, allowing operators to efficiently handle heavy loads and adapt to complex work environments and diverse operational needs.<\/p>\n<p><img decoding=\"async\" src=\"https:\/\/www.hydraulic-cylinders.net\/wp-content\/uploads\/2025\/01\/songte-company-2.webp\" alt=\"Kausa cilindra att\u0113ls\"\/><\/p>\n<h3>Funkcijas<\/h3>\n<ul>\n<li>Augsta iztur\u012bba un ilgm\u016b\u017e\u012bba: parasti izgatavoti no augstas stipr\u012bbas t\u0113rauda vai alum\u012bnija, sp\u0113j iztur\u0113t augstu spiedienu un lielas slodzes, piem\u0113roti skarbai darba videi, konstru\u0113ti, \u0146emot v\u0113r\u0101 nodilumiztur\u012bbu un korozijas iztur\u012bbu, pagarinot kalpo\u0161anas laiku.<\/li>\n<li>Efekt\u012bva hidraulisk\u0101 darb\u012bba: izmantojot hidraulisk\u0101s e\u013c\u013cas spiedienu, lai pan\u0101ktu vienm\u0113r\u012bgu un prec\u012bzu teleskopisko kust\u012bbu, sp\u0113j \u0101tri rea\u0123\u0113t uz vad\u012bbas komand\u0101m, nodro\u0161inot sp\u0113c\u012bgu stum\u0161anas un vilk\u0161anas sp\u0113ku, piem\u0113rots smagu kravu apstr\u0101dei un sare\u017e\u0123\u012btiem ekspluat\u0101cijas uzdevumiem.<\/li>\n<li>Atkar\u012bb\u0101 no vajadz\u012bb\u0101m, lai apmierin\u0101tu da\u017e\u0101das ekspluat\u0101cijas pras\u012bbas, var izv\u0113l\u0113ties da\u017e\u0101dus cilindru veidus: vienk\u0101r\u0161\u0101s darb\u012bbas (hidrauliku izmanto tikai vien\u0101 virzien\u0101) vai divk\u0101r\u0161\u0101s darb\u012bbas (hidrauliku izmanto abos virzienos). Da\u017ei mode\u013ci ir teleskopiski, kas \u013cauj tos liel\u0101kus izstiept, nepalielinot \u0101r\u0113jos izm\u0113rus, un ir piem\u0113roti ierobe\u017eotas vietas lietojumiem.<\/li>\n<li>Piel\u0101gojams: m\u0113s varam ra\u017eot \u0161o produktu, un m\u016bsu produkts var lieliski aizst\u0101t \u0161os hidrauliskos cilindrus.<\/li>\n<\/ul>\n<p><img decoding=\"async\" src=\"https:\/\/www.hydraulic-cylinders.net\/wp-content\/uploads\/2025\/01\/songte-cylinder-head-with-all-kinds-excavator-models.webp\" alt=\"Kausa cilindra nomai\u0146as att\u0113ls\"\/><\/p>\n<h3>Pieteikumi<\/h3>\n<p>Komatsu maz\u0101 ekskavatora PC20-8 kausa cilindrs tiek pla\u0161i izmantots da\u017e\u0101d\u0101s smagaj\u0101s ma\u0161\u012bn\u0101s, tostarp:<\/p>\n<ul>\n<li>B\u016bvniec\u012bbas apr\u012bkojums: ekskavatoros tas ir nepiecie\u0161ams augsnes vai gru\u017eu rak\u0161anai, iekrau\u0161anai un p\u0101rvieto\u0161anai. Ekskavatoros l\u0101pstas cilindrs pal\u012bdz gan rak\u0161an\u0101, gan cel\u0161an\u0101. <\/li>\n<li>Lauksaimniec\u012bbas tehnika: izmanto front\u0101lajos iekr\u0101v\u0113jos augsnes, siena un citu materi\u0101lu sav\u0101k\u0161anai, cel\u0161anai un transport\u0113\u0161anai. <\/li>\n<li>Ekskavatori: kausa cilindrs \u013cauj veikt izrakumus, \u013caujot kausam iek\u013c\u016bt augsn\u0113. <\/li>\n<li>Iekr\u0101v\u0113ji: front\u0101lajos iekr\u0101v\u0113jos tie pal\u012bdz efekt\u012bvi pacelt un izkraut preces. <\/li>\n<\/ul>\n<h3>Dizaina apsv\u0113rumi un atlases krit\u0113riji<\/h3>\n<p>Kausa cilindru projekt\u0113\u0161anas apsv\u0113rumi ietver nestsp\u0113ju, bl\u012bv\u0113jumu, iztur\u012bbu, dro\u0161\u012bbu un apkopes iesp\u0113jas. Galvenie punkti ir:<\/p>\n<ul>\n<li>Nestsp\u0113ja: cilindram j\u0101b\u016bt konstru\u0113tam t\u0101, lai tas iztur\u0113tu maksim\u0101lo slodzi, kurai tas tiks pak\u013cauts.<\/li>\n<li>Bl\u012bv\u0113jums: lai nov\u0113rstu hidraulisk\u0101s e\u013c\u013cas nopl\u016bdi, j\u0101izmanto da\u017e\u0101di bl\u012bv\u0113\u0161anas komponenti, piem\u0113ram, virzu\u013ca bl\u012bvsl\u0113gi \u200b\u200bun stie\u0146a bl\u012bvsl\u0113gi. Priek\u0161roka dodama bl\u012bvsl\u0113giem, kas izgatavoti no nodilumiztur\u012bgiem materi\u0101liem, piem\u0113ram, poliuret\u0101na un nitrila gumijas.<\/li>\n<li>Durability: the cylinder&#8217;s body and threaded end surface should be finely treated to improve wear resistance. <\/li>\n<li>Dro\u0161\u012bba: cilindrs j\u0101projekt\u0113, \u0146emot v\u0113r\u0101 dro\u0161\u012bbu, lai izvair\u012btos no negad\u012bjumiem. <\/li>\n<li>Uzturam\u012bba: viegli piek\u013c\u016bt un nomain\u012bt komponentus, un tie ir piem\u0113roti demont\u0101\u017eai un mont\u0101\u017eai remontam un apkopei.<\/li>\n<\/ul>\n<p><img decoding=\"async\" src=\"https:\/\/www.hydraulic-cylinders.net\/wp-content\/uploads\/2025\/01\/songte-oil-pipes-and-spare-parts.webp\" alt=\"Kausa cilindra rezerves da\u013cu att\u0113ls\"\/><\/p>\n<h3>Produkta bl\u012bv\u0113\u0161ana un e\u013c\u013co\u0161ana<\/h3>\n<p>Lai nov\u0113rstu hidraulisk\u0101s e\u013c\u013cas nopl\u016bdi, j\u0101izmanto da\u017e\u0101di bl\u012bv\u0113\u0161anas komponenti, piem\u0113ram, virzu\u013ca bl\u012bvsl\u0113gi \u200b\u200bun stie\u0146a bl\u012bvsl\u0113gi. Priek\u0161roka dodama bl\u012bvsl\u0113giem, kas izgatavoti no nodilumiztur\u012bgiem materi\u0101liem, piem\u0113ram, poliuret\u0101na un nitrila gumijas. Turkl\u0101t cilindrs periodiski j\u0101iee\u013c\u013co ar atbilsto\u0161u hidraulisk\u0101s e\u013c\u013cas daudzumu, lai nodro\u0161in\u0101tu vienm\u0113r\u012bgu darb\u012bbu.<\/p>\n<h3>Apkope un remonts<\/h3>\n<p>Regul\u0101ra p\u0101rbaude, atbilsto\u0161a e\u013c\u013co\u0161ana, bl\u012bv\u0113jumu nomai\u0146a un kalibr\u0113\u0161anas p\u0101rbaudes ir bie\u017ei veicami apkopes uzdevumi. Uzst\u0101d\u012b\u0161anas laik\u0101 ir svar\u012bgi nodro\u0161in\u0101t pareizu izl\u012bdzin\u0101\u0161anu un ieteikt izmantot atbilsto\u0161us mont\u0101\u017eas kron\u0161teinus balona nostiprin\u0101\u0161anai. M\u0113s ar\u012b iesak\u0101m izmantot atbilsto\u0161as \u200b\u200bp\u0101rbaudes, remonta un nomai\u0146as proced\u016bras, lai pagarin\u0101tu balona kalpo\u0161anas laiku.<\/p>\n<p><img decoding=\"async\" src=\"https:\/\/www.hydraulic-cylinders.net\/wp-content\/uploads\/2025\/01\/songte-chushion-collar.webp\" alt=\"Kausa cilindra spilvena apkakles att\u0113ls\"\/><\/p>\n<h3>Dro\u0161\u012bbas apsv\u0113rumi un vides faktori<\/h3>\n<p>Izmantojot kausa cilindru, dro\u0161\u012bbas pas\u0101kumi ir \u0101rk\u0101rt\u012bgi svar\u012bgi. Turkl\u0101t j\u0101\u0146em v\u0113r\u0101 vides faktori, lai nodro\u0161in\u0101tu, ka darb\u012bbas tiek veiktas ilgtsp\u0113j\u012bgi un ar minim\u0101lu negat\u012bvu ietekmi uz vidi.<\/p>\n<h3>Probl\u0113mu nov\u0113r\u0161ana un bie\u017ei sastopamas probl\u0113mas<\/h3>\n<p>Bie\u017ei sastopamas probl\u0113mas ar kausu cilindriem ir nopl\u016bde, nepietiekams hidrauliskais spiediens un boj\u0101ti bl\u012bv\u0113jumi. J\u0101sniedz probl\u0113mu nov\u0113r\u0161anas padomi un risin\u0101jumi, lai pal\u012bdz\u0113tu las\u012bt\u0101jiem efekt\u012bvi diagnostic\u0113t un risin\u0101t probl\u0113mas, un j\u0101veic prevent\u012bvi pas\u0101kumi, lai samazin\u0101tu iesp\u0113jam\u0101s probl\u0113mas.<\/p>\n<p><img decoding=\"async\" src=\"https:\/\/www.hydraulic-cylinders.net\/wp-content\/uploads\/2025\/01\/songte-bushings-with-all-kinds-of-excavator-models.webp\" alt=\"Kausa cilindra bukses att\u0113ls\"\/><\/p>\n<h2>Par mums<\/h2>\n<p>M\u0113s esam vado\u0161ais hidraulisko cilindru ra\u017eot\u0101js un izplat\u012bt\u0101js viet\u0113j\u0101 un starptautiskaj\u0101 tirg\u016b. M\u0113s pied\u0101v\u0101jam pla\u0161u produktu kl\u0101stu un esam ap\u0146\u0113mu\u0161ies ra\u017eot augstas kvalit\u0101tes produktus, lai apmierin\u0101tu m\u016bsu klientu da\u017e\u0101d\u0101s vajadz\u012bbas. M\u016bsu uz\u0146\u0113mums iev\u0113ro izcilus kvalit\u0101tes standartus un sav\u0101s sare\u017e\u0123\u012btaj\u0101s ra\u017eo\u0161anas darbn\u012bc\u0101s pa\u013caujas uz r\u016bpniecisk\u0101s ra\u017eo\u0161anas vad\u012bbas strat\u0113\u0123ij\u0101m. Mums ir tehnisko talantu komanda, augstas klases digit\u0101las ra\u017eo\u0161anas iek\u0101rtas un profesion\u0101las p\u0101rbaudes sist\u0113mas, lai nep\u0101rtraukti uzlabotu m\u016bsu ra\u017eo\u0161anas platformu un pilnveidotu m\u016bsu produktu kvalit\u0101tes ra\u017eo\u0161anas l\u012bnijas, nodro\u0161inot augstu efektivit\u0101ti, precizit\u0101ti un augstas kvalit\u0101tes produktus, lai apmierin\u0101tu m\u016bsu klientu da\u017e\u0101d\u0101s vajadz\u012bbas.<\/p>\n<h3>Profesionalit\u0101te<\/h3>\n<p>M\u016bsu uz\u0146\u0113mum\u0101 str\u0101d\u0101 pieredz\u0113ju\u0161u profesion\u0101\u013cu komanda, kas ir ap\u0146\u0113musies nodro\u0161in\u0101t augstas kvalit\u0101tes produktus un pakalpojumus, lai apmierin\u0101tu m\u016bsu klientu vajadz\u012bbas.<\/p>\n<h3>Starptautisk\u0101 sertifik\u0101cija<\/h3>\n<p>M\u0113s esam ieguvu\u0161i da\u017e\u0101dus starptautiskus sertifik\u0101tus, piem\u0113ram, ISO 9001, CE un SGS, lai nodro\u0161in\u0101tu m\u016bsu produktu kvalit\u0101ti.<\/p>\n<h3>Piel\u0101go\u0161anas pakalpojumi<\/h3>\n<p>M\u0113s pied\u0101v\u0101jam piel\u0101gotus pakalpojumus, lai apmierin\u0101tu m\u016bsu klientu \u012bpa\u0161\u0101s vajadz\u012bbas.<\/p>\n<h3>Ra\u017eo\u0161anas iek\u0101rtas<\/h3>\n<p>Mums ir uzlabotas ra\u017eo\u0161anas iek\u0101rtas, piem\u0113ram, ciparu vad\u012bbas darbgaldi, hidraulisko cilindru ra\u017eo\u0161anas l\u012bnijas un autom\u0101tisk\u0101s metin\u0101\u0161anas iek\u0101rtas, lai nodro\u0161in\u0101tu m\u016bsu produktu kvalit\u0101ti.<\/p>\n<h3>P\u0113cp\u0101rdo\u0161anas serviss<\/h3>\n<p>M\u0113s pied\u0101v\u0101jam p\u0113cp\u0101rdo\u0161anas pakalpojumus, piem\u0113ram, rezerves da\u013cas un remonta pakalpojumus, lai nodro\u0161in\u0101tu m\u016bsu produktu ilgm\u016b\u017e\u012bbu.<\/p>\n<p><img decoding=\"async\" src=\"https:\/\/hzpt.com\/wp-content\/uploads\/2024\/11\/songte-company-1.webp\" alt=\"Kausa cilindra uz\u0146\u0113muma att\u0113ls\"\/><\/p>\n<p>Autors: lil<\/p>","protected":false},"excerpt":{"rendered":"<p>Bucket Cylinder For Komatsu Small Excavator PC20-8 Introduction A bucket cylinder for Komatsu small excavator PC20-8 is a specialized hydraulic cylinder used to control the movement of shovels in heavy machinery such as excavators, backhoe excavators, and front-end loaders. Its main function is to lift, lower, and tilt shovels to facilitate various material handling tasks. [&hellip;]<\/p>","protected":false},"featured_media":14765,"comment_status":"open","ping_status":"closed","template":"","meta":{"_et_pb_use_builder":"","_et_pb_old_content":"","_et_gb_content_width":""},"product_brand":[],"product_cat":[1494],"product_tag":[1495,1496],"class_list":{"0":"post-15129","1":"product","2":"type-product","3":"status-publish","4":"has-post-thumbnail","6":"product_cat-bucket-cylinders","7":"product_tag-bucket-cylinders","8":"product_tag-hydraulic-cylinders","10":"first","11":"instock","12":"shipping-taxable","13":"product-type-simple"},"amp_enabled":true,"_links":{"self":[{"href":"https:\/\/www.hydraulic-cylinders.net\/lv\/wp-json\/wp\/v2\/product\/15129","targetHints":{"allow":["GET"]}}],"collection":[{"href":"https:\/\/www.hydraulic-cylinders.net\/lv\/wp-json\/wp\/v2\/product"}],"about":[{"href":"https:\/\/www.hydraulic-cylinders.net\/lv\/wp-json\/wp\/v2\/types\/product"}],"replies":[{"embeddable":true,"href":"https:\/\/www.hydraulic-cylinders.net\/lv\/wp-json\/wp\/v2\/comments?post=15129"}],"wp:featuredmedia":[{"embeddable":true,"href":"https:\/\/www.hydraulic-cylinders.net\/lv\/wp-json\/wp\/v2\/media\/14765"}],"wp:attachment":[{"href":"https:\/\/www.hydraulic-cylinders.net\/lv\/wp-json\/wp\/v2\/media?parent=15129"}],"wp:term":[{"taxonomy":"product_brand","embeddable":true,"href":"https:\/\/www.hydraulic-cylinders.net\/lv\/wp-json\/wp\/v2\/product_brand?post=15129"},{"taxonomy":"product_cat","embeddable":true,"href":"https:\/\/www.hydraulic-cylinders.net\/lv\/wp-json\/wp\/v2\/product_cat?post=15129"},{"taxonomy":"product_tag","embeddable":true,"href":"https:\/\/www.hydraulic-cylinders.net\/lv\/wp-json\/wp\/v2\/product_tag?post=15129"}],"curies":[{"name":"wp","href":"https:\/\/api.w.org\/{rel}","templated":true}]}}