{"id":15133,"date":"2025-01-19T14:08:50","date_gmt":"2025-01-19T14:08:50","guid":{"rendered":"https:\/\/www.hydraulic-cylinders.net\/product\/bucket-cylinder-for-komatsu-middle-excavator-pc200lc-8\/"},"modified":"2025-01-19T14:08:52","modified_gmt":"2025-01-19T14:08:52","slug":"bucket-cylinder-for-komatsu-middle-excavator-pc200lc-8","status":"publish","type":"product","link":"https:\/\/www.hydraulic-cylinders.net\/lv\/products\/bucket-cylinder-for-komatsu-middle-excavator-pc200lc-8\/","title":{"rendered":"Kausa cilindrs Komatsu vid\u0113jam ekskavatoram PC200LC-8"},"content":{"rendered":"<p><!DOCTYPE html><br \/>\n<html><br \/>\n<head><br \/>\n<title>Kausa cilindrs Komatsu vid\u0113jam ekskavatoram PC200LC-8<\/title><br \/>\n<\/head><br \/>\n<body><\/p>\n<h1>Kausa cilindrs Komatsu vid\u0113jam ekskavatoram PC200LC-8<\/h1>\n<h2>Ievads<\/h2>\n<p>Komatsu vid\u0113j\u0101 ekskavatora PC200LC-8 kausa cilindrs ir \u012bpa\u0161i izstr\u0101d\u0101ts hidrauliskais cilindrs, ko izmanto, lai kontrol\u0113tu kausa kust\u012bbu smagaj\u0101s ma\u0161\u012bn\u0101s, piem\u0113ram, ekskavatoros, ekskavatoros-iekr\u0101v\u0113jos un front\u0101lajos iekr\u0101v\u0113jos. T\u0101 galven\u0101 funkcija ir nodro\u0161in\u0101t kausa pacel\u0161anas, nolai\u0161anas un noliek\u0161anas kust\u012bbas, padarot to piem\u0113rotu da\u017e\u0101diem materi\u0101lu apstr\u0101des uzdevumiem. Hidrauliskaj\u0101 sist\u0113m\u0101 kausa cilindrs pan\u0101k prec\u012bzu kausa vad\u012bbu, izmantojot hidraulisk\u0101s e\u013c\u013cas spiediena izmai\u0146as, \u013caujot operatoriem efekt\u012bvi apstr\u0101d\u0101t smagas kravas un piel\u0101goties sare\u017e\u0123\u012btai darba videi un da\u017e\u0101d\u0101m darba pras\u012bb\u0101m.<\/p>\n<p><img decoding=\"async\" src=\"https:\/\/www.hydraulic-cylinders.net\/wp-content\/uploads\/2025\/01\/songte-company-2.webp\"><\/p>\n<h2>Funkcijas<\/h2>\n<ul>\n<li>Augsta iztur\u012bba un ilgm\u016b\u017e\u012bba: Parasti izgatavots no augstas stipr\u012bbas t\u0113rauda vai alum\u012bnija, tas var iztur\u0113t augstu spiedienu un lielas slodzes, piel\u0101gojoties skarbai darba videi. Konstrukcij\u0101 \u0146emta v\u0113r\u0101 nodilumiztur\u012bba un iztur\u012bba pret koroziju, lai pagarin\u0101tu kalpo\u0161anas laiku.<\/li>\n<li>Efekt\u012bva hidraulisk\u0101 darb\u012bba: Izmantojot hidraulisk\u0101s e\u013c\u013cas spiedienu, t\u0101 pan\u0101k vienm\u0113r\u012bgas izstiep\u0161anas un sarau\u0161an\u0101s kust\u012bbas, \u0101tri rea\u0123\u0113 uz vad\u012bbas komand\u0101m, nodro\u0161ina sp\u0113c\u012bgu stum\u0161anas un vilk\u0161anas sp\u0113ku un ir piem\u0113rota smagu kravu apstr\u0101dei un sare\u017e\u0123\u012btu darba uzdevumu veik\u0161anai.<\/li>\n<li>Da\u017e\u0101di veidi: Izv\u0113lieties starp vienas darb\u012bbas (hidrauliski darbojas tikai vien\u0101 virzien\u0101) vai divk\u0101r\u0161as darb\u012bbas (hidrauliski darbojas abos virzienos) cilindriem atbilsto\u0161i konkr\u0113taj\u0101m ekspluat\u0101cijas vajadz\u012bb\u0101m. Da\u017ei mode\u013ci ir teleskopiski, kas \u013cauj tos papla\u0161in\u0101t, nepalielinot \u0101r\u0113jos izm\u0113rus, padarot tos piem\u0113rotus lietojumiem ar ierobe\u017eotu vietu.<\/li>\n<li>Perfekta nomai\u0146a: m\u016bsu produkts var lieliski aizst\u0101t eso\u0161os hidrauliskos cilindrus. <\/li>\n<\/ul>\n<p><img decoding=\"async\" src=\"https:\/\/www.hydraulic-cylinders.net\/wp-content\/uploads\/2025\/01\/songte-cylinder-head-with-all-kinds-excavator-models.webp\"><\/p>\n<h2>Pieteikumi<\/h2>\n<ul>\n<li>B\u016bvniec\u012bbas tehnika: atrodama ekskavatoros, t\u0101 ir \u013coti svar\u012bga rak\u0161anai, iekrau\u0161anai un augsnes vai gru\u017eu p\u0101rvieto\u0161anai. Ekskavatoros-iekr\u0101v\u0113jos kausa cilindrs pal\u012bdz gan rak\u0161an\u0101, gan cel\u0161an\u0101.<\/li>\n<li>Lauksaimniec\u012bbas tehnika: Izmanto front\u0101lajos iekr\u0101v\u0113jos augsnes, siena un citu materi\u0101lu sav\u0101k\u0161anai, cel\u0161anai un transport\u0113\u0161anai.<\/li>\n<li>Ekskavatori: Kausa cilindrs nodro\u0161ina rak\u0161anas darb\u012bbas, \u013caujot kausam iek\u013c\u016bt augsn\u0113.<\/li>\n<li>Iekr\u0101v\u0113ji: Front\u0101lajos iekr\u0101v\u0113jos tie pal\u012bdz efekt\u012bvi pacelt un noliekt preces.<\/li>\n<\/ul>\n<h2>Dizaina apsv\u0113rumi un atlases krit\u0113riji<\/h2>\n<ul>\n<li>Nestsp\u0113ja: Apspriediet cilindra sp\u0113ju nest slodzes un atbilsto\u0161a cilindra izv\u0113les noz\u012bmi, pamatojoties uz konkr\u0113to pielietojumu.<\/li>\n<li>Bl\u012bv\u0113jums: Apspriediet da\u017e\u0101du bl\u012bv\u0113jumu, piem\u0113ram, virzu\u013ca bl\u012bv\u0113jumu un stie\u0146a bl\u012bv\u0113jumu, kas izgatavoti no nodilumiztur\u012bgiem materi\u0101liem, piem\u0113ram, poliuret\u0101na un nitrila gumijas, izmanto\u0161anu. Uzsveriet smalki apstr\u0101d\u0101ta cilindra korpusa un v\u012bt\u0146oto galu virsmu noz\u012bmi nodilumiztur\u012bbas uzlabo\u0161an\u0101.<\/li>\n<li>Iztur\u012bba: Uzsveriet iztur\u012bbas apsv\u0113rumus konstrukcijas zi\u0146\u0101, lai nodro\u0161in\u0101tu, ka cilindrs var iztur\u0113t sare\u017e\u0123\u012btus darba apst\u0101k\u013cus.<\/li>\n<li>Dro\u0161\u012bba: Piev\u0113rsiet uzman\u012bbu projekt\u0113\u0161an\u0101 ieviestajiem dro\u0161\u012bbas pas\u0101kumiem, lai nov\u0113rstu negad\u012bjumus un nodro\u0161in\u0101tu lietot\u0101ju dro\u0161\u012bbu.<\/li>\n<li>Apkope: Apspriediet regul\u0101ru p\u0101rbau\u017eu un prevent\u012bvo apkopes pas\u0101kumu noz\u012bmi, lai pagarin\u0101tu balona kalpo\u0161anas laiku. Sniedziet padomus par apkopes uzdevumiem, piem\u0113ram, e\u013c\u013co\u0161anu, bl\u012bv\u0113jumu nomai\u0146u un kalibr\u0113\u0161anas p\u0101rbaud\u0113m.<\/li>\n<\/ul>\n<p><img decoding=\"async\" src=\"https:\/\/www.hydraulic-cylinders.net\/wp-content\/uploads\/2025\/01\/songte-oil-pipes-and-spare-parts.webp\"><\/p>\n<h2>Dro\u0161\u012bbas apsv\u0113rumi un vides faktori<\/h2>\n<p>Lietojot kausa cilindru, ir svar\u012bgi iev\u0113rot dro\u0161\u012bbas pas\u0101kumus, lai nov\u0113rstu negad\u012bjumus. Tas ietver atbilsto\u0161a aizsargl\u012bdzek\u013ca valk\u0101\u0161anu, pareizu lieto\u0161anas proced\u016bru iev\u0113ro\u0161anu un apr\u012bkojuma lab\u0101 darba st\u0101vokl\u012b nodro\u0161in\u0101\u0161anu. Turkl\u0101t, \u0146emot v\u0113r\u0101 vides faktorus, piem\u0113ram, temperat\u016bru, mitrumu un \u0137\u012bmisko vielu iedarb\u012bbu, var pal\u012bdz\u0113t saglab\u0101t cilindra veiktsp\u0113ju un ilgm\u016b\u017e\u012bbu.<\/p>\n<h2>Probl\u0113mu nov\u0113r\u0161ana un bie\u017ei sastopamas probl\u0113mas<\/h2>\n<p>Ja rodas probl\u0113mas vai darb\u012bbas trauc\u0113jumi ar kausa cilindru, ir svar\u012bgi tos nekav\u0113joties diagnostic\u0113t un nov\u0113rst. Sniedziet probl\u0113mu nov\u0113r\u0161anas padomus un risin\u0101jumus, lai pal\u012bdz\u0113tu las\u012bt\u0101jiem efekt\u012bvi diagnostic\u0113t un nov\u0113rst probl\u0113mas. Turkl\u0101t iesakiet prevent\u012bvus pas\u0101kumus, lai samazin\u0101tu iesp\u0113jam\u0101s probl\u0113mas un veicin\u0101tu cilindra netrauc\u0113tu darb\u012bbu.<\/p>\n<p><img decoding=\"async\" src=\"https:\/\/www.hydraulic-cylinders.net\/wp-content\/uploads\/2025\/01\/songte-bushings-with-all-kinds-of-excavator-models.webp\"><\/p>\n<h2>Instal\u0101cijas rokasgr\u0101mata<\/h2>\n<p>Pareiza uzst\u0101d\u012b\u0161ana ir \u013coti svar\u012bga kausa cilindra optim\u0101lai darb\u012bbai. Sniedziet soli pa solim uzst\u0101d\u012b\u0161anas rokasgr\u0101matu, uzsverot pareizu cilindra izl\u012bdzin\u0101\u0161anu. Iesakiet izmantot piem\u0113rotus uzst\u0101d\u012b\u0161anas kron\u0161teinus cilindra nostiprin\u0101\u0161anai. Izkl\u0101stiet ieteicam\u0101s p\u0101rbaudes, remonta un nomai\u0146as proced\u016bras, k\u0101 ar\u012b padomus cilindra kalpo\u0161anas laika pagarin\u0101\u0161anai.<\/p>\n<h2>Apkopes uzdevumi<\/h2>\n<ul>\n<li>Regul\u0101ras p\u0101rbaudes: Uzsveriet regul\u0101ru p\u0101rbau\u017eu veik\u0161anas noz\u012bmi, lai identific\u0113tu iesp\u0113jam\u0101s probl\u0113mas vai nodilumu.<\/li>\n<li>Pareiza e\u013c\u013co\u0161ana: Izskaidrojiet pareizas e\u013c\u013co\u0161anas noz\u012bmi vienm\u0113r\u012bgai darb\u012bbai un priek\u0161laic\u012bgas nodiluma nov\u0113r\u0161anai.<\/li>\n<li>Bl\u012bv\u0113jumu nomai\u0146a: uzsver nepiecie\u0161am\u012bbu savlaic\u012bgi nomain\u012bt bl\u012bv\u0113jumus, lai saglab\u0101tu cilindra integrit\u0101ti un nov\u0113rstu nopl\u016bdes.<\/li>\n<li>Kalibr\u0113\u0161anas p\u0101rbaudes: Apspriediet periodisku kalibr\u0113\u0161anas p\u0101rbau\u017eu noz\u012bmi, lai nodro\u0161in\u0101tu, ka cilindrs darbojas v\u0113lamajos parametros.<\/li>\n<\/ul>\n<p><img decoding=\"async\" src=\"https:\/\/www.hydraulic-cylinders.net\/wp-content\/uploads\/2025\/01\/songte-chushion-collar.webp\"><\/p>\n<h2>Secin\u0101jums<\/h2>\n<p>M\u016bsu uz\u0146\u0113mums ir vado\u0161ais hidraulisko cilindru ra\u017eot\u0101js un vairumtirdzniec\u012bbas izplat\u012bt\u0101js viet\u0113j\u0101 un starptautiskaj\u0101 tirg\u016b. Ar pilnu produktu kl\u0101stu m\u0113s iev\u0113rojam izcilas kvalit\u0101tes, efekt\u012bvu ra\u017eo\u0161anas procesu un profesion\u0101la servisa principus. M\u016bsu produkti ir projekt\u0113ti un ra\u017eoti ar augstu precizit\u0101ti, izmantojot progres\u012bvas tehnolo\u0123ijas un augst\u0101k\u0101s kvalit\u0101tes materi\u0101lus. M\u0113s pied\u0101v\u0101jam piel\u0101go\u0161anas pakalpojumus, starptautiskas sertifik\u0101cijas, visaptvero\u0161u p\u0113cp\u0101rdo\u0161anas atbalstu un pla\u0161u ra\u017eo\u0161anas iek\u0101rtu kl\u0101stu. Ar savu pieredzi un ap\u0146em\u0161anos nodro\u0161in\u0101t klientu apmierin\u0101t\u012bbu m\u0113s cen\u0161amies apmierin\u0101t m\u016bsu klientu da\u017e\u0101d\u0101s vajadz\u012bbas.<\/p>\n<p><img decoding=\"async\" src=\"https:\/\/www.hydraulic-cylinders.net\/wp-content\/uploads\/2025\/01\/songte-company-3.webp\"><\/p>\n<p>Autors: lil<\/p>\n<p><\/body><br \/>\n<\/html><\/p>","protected":false},"excerpt":{"rendered":"<p>Bucket Cylinder For Komatsu Middle Excavator PC200LC-8 Bucket Cylinder For Komatsu Middle Excavator PC200LC-8 Introduction The bucket cylinder for Komatsu middle excavator PC200LC-8 is a specially designed hydraulic cylinder used to control the movement of the bucket in heavy machinery such as excavators, backhoe loaders, and front loaders. Its main function is to enable the [&hellip;]<\/p>","protected":false},"featured_media":14788,"comment_status":"open","ping_status":"closed","template":"","meta":{"_et_pb_use_builder":"","_et_pb_old_content":"","_et_gb_content_width":""},"product_brand":[],"product_cat":[1494],"product_tag":[1495,1496],"class_list":{"0":"post-15133","1":"product","2":"type-product","3":"status-publish","4":"has-post-thumbnail","6":"product_cat-bucket-cylinders","7":"product_tag-bucket-cylinders","8":"product_tag-hydraulic-cylinders","10":"first","11":"instock","12":"shipping-taxable","13":"product-type-simple"},"amp_enabled":true,"_links":{"self":[{"href":"https:\/\/www.hydraulic-cylinders.net\/lv\/wp-json\/wp\/v2\/product\/15133","targetHints":{"allow":["GET"]}}],"collection":[{"href":"https:\/\/www.hydraulic-cylinders.net\/lv\/wp-json\/wp\/v2\/product"}],"about":[{"href":"https:\/\/www.hydraulic-cylinders.net\/lv\/wp-json\/wp\/v2\/types\/product"}],"replies":[{"embeddable":true,"href":"https:\/\/www.hydraulic-cylinders.net\/lv\/wp-json\/wp\/v2\/comments?post=15133"}],"wp:featuredmedia":[{"embeddable":true,"href":"https:\/\/www.hydraulic-cylinders.net\/lv\/wp-json\/wp\/v2\/media\/14788"}],"wp:attachment":[{"href":"https:\/\/www.hydraulic-cylinders.net\/lv\/wp-json\/wp\/v2\/media?parent=15133"}],"wp:term":[{"taxonomy":"product_brand","embeddable":true,"href":"https:\/\/www.hydraulic-cylinders.net\/lv\/wp-json\/wp\/v2\/product_brand?post=15133"},{"taxonomy":"product_cat","embeddable":true,"href":"https:\/\/www.hydraulic-cylinders.net\/lv\/wp-json\/wp\/v2\/product_cat?post=15133"},{"taxonomy":"product_tag","embeddable":true,"href":"https:\/\/www.hydraulic-cylinders.net\/lv\/wp-json\/wp\/v2\/product_tag?post=15133"}],"curies":[{"name":"wp","href":"https:\/\/api.w.org\/{rel}","templated":true}]}}