{"id":15134,"date":"2025-01-19T14:08:54","date_gmt":"2025-01-19T14:08:54","guid":{"rendered":"https:\/\/www.hydraulic-cylinders.net\/product\/bucket-cylinder-for-komatsu-middle-excavator-pc228\/"},"modified":"2025-01-19T14:08:56","modified_gmt":"2025-01-19T14:08:56","slug":"bucket-cylinder-for-komatsu-middle-excavator-pc228","status":"publish","type":"product","link":"https:\/\/www.hydraulic-cylinders.net\/lv\/products\/bucket-cylinder-for-komatsu-middle-excavator-pc228\/","title":{"rendered":"Kausa cilindrs Komatsu vid\u0113jam ekskavatoram PC228"},"content":{"rendered":"<h1>Kausa cilindrs Komatsu vid\u0113jam ekskavatoram PC228<\/h1>\n<h2>Ievads<\/h2>\n<p>Komatsu vid\u0113j\u0101 ekskavatora PC228 kausa cilindrs ir specializ\u0113ts hidrauliskais cilindrs, kas paredz\u0113ts kausa kust\u012bbas vad\u012bbai smagaj\u0101s ma\u0161\u012bn\u0101s, piem\u0113ram, ekskavatoros, univers\u0101lajos iekr\u0101v\u0113jos un front\u0101lajos iekr\u0101v\u0113jos. T\u0101 galven\u0101 funkcija ir \u013caut kausam pacelties, nolaisties un noliekties, atvieglojot da\u017e\u0101du materi\u0101lu apstr\u0101des uzdevumu veik\u0161anu. Hidrauliskaj\u0101 sist\u0113m\u0101 kausa cilindrs kontrol\u0113 prec\u012bzu kausa kust\u012bbu, mainot hidraulisk\u0101s e\u013c\u013cas spiedienu, \u013caujot operatoram efekt\u012bvi apstr\u0101d\u0101t smagas kravas un piel\u0101goties sare\u017e\u0123\u012btai darba videi un da\u017e\u0101d\u0101m ekspluat\u0101cijas pras\u012bb\u0101m.<\/p>\n<p><img decoding=\"async\" src=\"https:\/\/www.hydraulic-cylinders.net\/wp-content\/uploads\/2025\/01\/songte-company-2.webp\" alt=\"Kausa cilindrs Komatsu vid\u0113jam ekskavatoram PC228\" \/><\/p>\n<h2>Funkcijas<\/h2>\n<ul>\n<li><strong>Augsta iztur\u012bba un ilgm\u016b\u017e\u012bba:<\/strong> Parasti izgatavots no augstas stipr\u012bbas t\u0113rauda vai alum\u012bnija, tas var iztur\u0113t augstu spiedienu un lielas slodzes, piel\u0101gojoties skarbai darba videi. T\u0101 konstrukcija \u0146em v\u0113r\u0101 nodilumiztur\u012bbu un korozijas iztur\u012bbu, pagarinot t\u0101 kalpo\u0161anas laiku.<\/li>\n<li><strong>Efekt\u012bva hidraulisk\u0101 darb\u012bba:<\/strong> Izmantojot hidraulisk\u0101s e\u013c\u013cas spiedienu, lai pan\u0101ktu vienm\u0113r\u012bgu teleskopisko kust\u012bbu, tas var \u0101tri rea\u0123\u0113t uz darb\u012bbas komand\u0101m un nodro\u0161in\u0101t sp\u0113c\u012bgu stum\u0161anas un vilk\u0161anas sp\u0113ku, kas ir piem\u0113rots smagu kravu apstr\u0101dei un sare\u017e\u0123\u012btu darba uzdevumu veik\u0161anai.<\/li>\n<li><strong>Da\u017e\u0101di veidi:<\/strong> Atbilsto\u0161i j\u016bsu pras\u012bb\u0101m varat izv\u0113l\u0113ties starp vienas darb\u012bbas (hidrauliski darbojas tikai vien\u0101 virzien\u0101) vai divk\u0101r\u0161as darb\u012bbas (hidrauliski darbojas abos virzienos) cilindriem; da\u017ei mode\u013ci ir teleskopiski, kas \u013cauj tos pagarin\u0101t, nepalielinot \u0101r\u0113jos izm\u0113rus, un ir piem\u0113roti lieto\u0161anai ierobe\u017eot\u0101 telp\u0101.<\/li>\n<li><strong>Piel\u0101gojams:<\/strong> M\u016bsu uz\u0146\u0113mums var ra\u017eot \u0161o produktu un perfektus citu hidraulisko cilindru aizvietot\u0101jus.<\/li>\n<\/ul>\n<p><img decoding=\"async\" src=\"https:\/\/www.hydraulic-cylinders.net\/wp-content\/uploads\/2025\/01\/songte-cylinder-head-with-all-kinds-excavator-models.webp\" alt=\"Kausa cilindrs Komatsu vid\u0113jam ekskavatoram PC228\" \/><\/p>\n<h2>Pieteikumi<\/h2>\n<p>Komatsu vid\u0113j\u0101 ekskavatora PC228 kausa cilindrs ir piem\u0113rots da\u017e\u0101d\u0101m smagaj\u0101m ma\u0161\u012bn\u0101m, tostarp:<\/p>\n<ul>\n<li><strong>Celtniec\u012bbas apr\u012bkojums:<\/strong> Tie ir atrodami ekskavatoros un ir nepiecie\u0161ami augsnes vai gru\u017eu rak\u0161anai, iekrau\u0161anai un p\u0101rvieto\u0161anai. Ekskavatoros-iekr\u0101v\u0113jos kausa cilindrs pal\u012bdz gan rak\u0161an\u0101, gan cel\u0161an\u0101.<\/li>\n<li><strong>Lauksaimniec\u012bbas tehnika:<\/strong> Izmantojot front\u0101los iekr\u0101v\u0113jus, tie var gr\u0101bt, pacelt un transport\u0113t augsni, sienu un citus materi\u0101lus. Ekskavatoros kausa cilindri \u013cauj veikt rak\u0161anu, \u013caujot kausam iek\u013c\u016bt augsn\u0113.<\/li>\n<li><strong>Iekr\u0101v\u0113ja apr\u012bkojums:<\/strong> Front\u0101lajos iekr\u0101v\u0113jos tie pal\u012bdz efekt\u012bvi pacelt un noliekt kravu.<\/li>\n<\/ul>\n<h2>Dizaina apsv\u0113rumi un atlases krit\u0113riji<\/h2>\n<ul>\n<li><strong>Nestsp\u0113ja:<\/strong> Tam j\u0101sp\u0113j iztur\u0113t maksim\u0101l\u0101s slodzes, ar kur\u0101m tas var saskarties ekspluat\u0101cijas laik\u0101.<\/li>\n<li><strong>Bl\u012bv\u0113jums:<\/strong> Da\u017e\u0101du bl\u012bv\u0113\u0161anas elementu, piem\u0113ram, virzu\u013ca bl\u012bv\u0113jumu, stie\u0146a bl\u012bv\u0113jumu utt., izmanto\u0161ana. Bl\u012bv\u0113\u0161anas elementiem j\u0101b\u016bt izgatavotiem no nodilumiztur\u012bgiem materi\u0101liem, piem\u0113ram, poliuret\u0101na vai nitrila gumijas, un cilindra korpusam un v\u012bt\u0146otaj\u0101m gala virsm\u0101m j\u0101b\u016bt smalki apstr\u0101d\u0101t\u0101m, lai uzlabotu nodilumiztur\u012bbu.<\/li>\n<li><strong>Iztur\u012bba:<\/strong> Balonam j\u0101b\u016bt konstru\u0113tam t\u0101, lai tas iztur\u0113tu vides faktorus, kuriem tas tiks pak\u013cauts, piem\u0113ram, koroziju un nodilumu.<\/li>\n<li><strong>Dro\u0161\u012bba:<\/strong> Projekt\u0113\u0161an\u0101 j\u0101iek\u013cauj dro\u0161\u012bbas elementi, lai nov\u0113rstu negad\u012bjumus un traumas.<\/li>\n<li><strong>Uzturam\u012bba:<\/strong> Produktam j\u0101b\u016bt viegli kopjamam un remont\u0113jamam, lai samazin\u0101tu d\u012bkst\u0101ves laiku un nodro\u0161in\u0101tu ilgu kalpo\u0161anas laiku.<\/li>\n<\/ul>\n<p><img decoding=\"async\" src=\"https:\/\/www.hydraulic-cylinders.net\/wp-content\/uploads\/2025\/01\/songte-oil-pipes-and-spare-parts.webp\" alt=\"Kausa cilindrs Komatsu vid\u0113jam ekskavatoram PC228\" \/><\/p>\n<h2>Bl\u012bv\u0113\u0161ana un e\u013c\u013co\u0161ana<\/h2>\n<p>Komatsu vid\u0113j\u0101 ekskavatora PC228 kausa cilindrs izmanto da\u017e\u0101dus bl\u012bv\u0113\u0161anas elementus, lai nodro\u0161in\u0101tu hidraulisk\u0101s sist\u0113mas efekt\u012bvu darb\u012bbu. Cilindra korpuss un v\u012bt\u0146ot\u0101s gala virsmas ir prec\u012bzi apstr\u0101d\u0101tas, lai uzlabotu nodilumiztur\u012bbu. Nepiecie\u0161ama regul\u0101ra e\u013c\u013co\u0161ana ar atbilsto\u0161u hidraulisko e\u013c\u013cu.<\/p>\n<p><img decoding=\"async\" src=\"https:\/\/www.hydraulic-cylinders.net\/wp-content\/uploads\/2025\/01\/songte-chushion-collar.webp\" alt=\"Kausa cilindrs Komatsu vid\u0113jam ekskavatoram PC228\" \/><\/p>\n<h2>Apkope un remonts<\/h2>\n<p>T\u0101l\u0101k ir nor\u0101d\u012bti bie\u017ei veicamie apkopes darbi.<\/p>\n<ul>\n<li>Regul\u0101ra p\u0101rbaude<\/li>\n<li>Pareiza e\u013c\u013co\u0161ana<\/li>\n<li>Bl\u012bv\u0113juma nomai\u0146a<\/li>\n<li>Kalibr\u0113\u0161anas p\u0101rbaude<\/li>\n<\/ul>\n<p>Pareiza uzst\u0101d\u012b\u0161ana, e\u013c\u013co\u0161ana un regul\u0113\u0161ana ir \u013coti svar\u012bga, lai nodro\u0161in\u0101tu ilgu kalpo\u0161anas laiku. Uzst\u0101d\u012b\u0161anas laik\u0101 ieteicams pareizi izl\u012bdzin\u0101t cilindru un izmantot atbilsto\u0161us stiprin\u0101juma kron\u0161teinus, lai to nostiprin\u0101tu. Lai uztur\u0113tu optim\u0101lu veiktsp\u0113ju un pagarin\u0101tu Komatsu vid\u0113j\u0101 ekskavatora PC228 kausa cilindra kalpo\u0161anas laiku, ieteicams regul\u0101ri veikt p\u0101rbaudes, remontu un nomai\u0146as proced\u016bras.<\/p>\n<p><img decoding=\"async\" src=\"https:\/\/www.hydraulic-cylinders.net\/wp-content\/uploads\/2025\/01\/songte-bushings-with-all-kinds-of-excavator-models.webp\" alt=\"Kausa cilindrs Komatsu vid\u0113jam ekskavatoram PC228\" \/><\/p>\n<h2>Dro\u0161\u012bbas apsv\u0113rumi un vides faktori<\/h2>\n<p>Izmantojot kausa cilindru Komatsu vid\u0113j\u0101 ekskavatora PC228 modelim, dro\u0161\u012bbas pas\u0101kumi ir \u013coti svar\u012bgi, lai nov\u0113rstu negad\u012bjumus un traumas. Projekt\u0113jot un izv\u0113loties hidrauliskos cilindrus, j\u0101\u0146em v\u0113r\u0101 t\u0101di vides faktori k\u0101 temperat\u016bra un mitrums.<\/p>\n<h2>K\u013c\u016bmju diagnostika un bie\u017ei sastopam\u0101s probl\u0113mas<\/h2>\n<p>Bie\u017e\u0101k sastopamie defekti ir e\u013c\u013cas nopl\u016bde, neparasts troksnis un l\u0113na vai nestabila kust\u012bba. Tos var izrais\u012bt da\u017e\u0101di faktori, piem\u0113ram, nodilums, bl\u012bv\u0113juma boj\u0101jums vai nepareiza uzst\u0101d\u012b\u0161ana.<\/p>\n<h2>Uz\u0146\u0113muma ievads<\/h2>\n<p>M\u0113s esam kvalitat\u012bvu rezerves hidraulisko cilindru ra\u017eot\u0101js un vado\u0161ais hidraulisko cilindru ra\u017eot\u0101js un vairumtirdzniec\u012bbas izplat\u012bt\u0101js viet\u0113j\u0101 un \u0101rvalstu tirgos. M\u0113s iev\u0113rojam izcilas kvalit\u0101tes strat\u0113\u0123iju, pa\u013caujamies uz smalku ra\u017eo\u0161anas darbn\u012bcu r\u016bpniecisk\u0101s ra\u017eo\u0161anas vad\u012bbu un nep\u0101rtraukti uzlabojam darbn\u012bcu produktu ra\u017eo\u0161anas platformu tehnisko talantu, digit\u0101lo augstas klases ra\u017eo\u0161anas iek\u0101rtu un profesion\u0101lo test\u0113\u0161anas sist\u0113mu zi\u0146\u0101. Ar efekt\u012bviem, prec\u012bziem un augstas kvalit\u0101tes principiem m\u0113s apmierin\u0101m klientu da\u017e\u0101d\u0101s vajadz\u012bbas.<\/p>\n<p><img decoding=\"async\" src=\"https:\/\/hzpt.com\/wp-content\/uploads\/2024\/11\/songte-company-1.webp\" alt=\"Kausa cilindrs Komatsu vid\u0113jam ekskavatoram PC228\" \/><\/p>\n<h3>Profesionalit\u0101te:<\/h3>\n<p>Mums ir profesion\u0101\u013cu komanda, kas sav\u0101 darb\u0101 iev\u0113ro augst\u0101kos standartus, nodro\u0161inot, ka m\u016bsu klientiem pied\u0101v\u0101jam augstas kvalit\u0101tes produktus un pakalpojumus.<\/p>\n<h3>Starptautisk\u0101 sertifik\u0101cija:<\/h3>\n<p>M\u016bsu uz\u0146\u0113mumam ir da\u017e\u0101di starptautiski sertifik\u0101ti, piem\u0113ram, ISO9001 un CE, kas nodro\u0161ina, ka m\u016bsu produkti atbilst pasaules kvalit\u0101tes standartiem.<\/p>\n<h3>Piel\u0101go\u0161anas pakalpojumi:<\/h3>\n<p>M\u0113s pied\u0101v\u0101jam piel\u0101go\u0161anas pakalpojumus, lai apmierin\u0101tu jebkuras m\u016bsu klientu \u012bpa\u0161\u0101s vajadz\u012bbas un pras\u012bbas.<\/p>\n<h3>Ra\u017eo\u0161anas iek\u0101rtas:<\/h3>\n<p>M\u016bsu ra\u017eo\u0161anas iek\u0101rtas ietver modernus CNC apstr\u0101des centrus, test\u0113\u0161anas iek\u0101rtas un citas augsto tehnolo\u0123iju iek\u0101rtas, kas \u013cauj mums ra\u017eot augstas kvalit\u0101tes produktus.<\/p>\n<h3>P\u0113cp\u0101rdo\u0161anas pakalpojumi:<\/h3>\n<p>M\u0113s pied\u0101v\u0101jam izcilus p\u0113cp\u0101rdo\u0161anas pakalpojumus, lai nodro\u0161in\u0101tu m\u016bsu klientu apmierin\u0101t\u012bbu ar m\u016bsu produktiem un pakalpojumiem, tostarp regul\u0101ru apkopi, p\u0101rbaudes, remontu un deta\u013cu nomai\u0146u.<\/p>\n<p>Autors: lil<\/p>","protected":false},"excerpt":{"rendered":"<p>Bucket Cylinder For Komatsu Middle Excavator PC228 Introduction The Bucket Cylinder for Komatsu Middle Excavator PC228 is a specialized hydraulic cylinder designed to control the movement of the bucket in heavy machinery such as excavators, backhoes, and front-end loaders. Its primary function is to allow the bucket to lift, lower, and tilt, making it easier [&hellip;]<\/p>","protected":false},"featured_media":14787,"comment_status":"open","ping_status":"closed","template":"","meta":{"_et_pb_use_builder":"","_et_pb_old_content":"","_et_gb_content_width":""},"product_brand":[],"product_cat":[1494],"product_tag":[1495,1496],"class_list":{"0":"post-15134","1":"product","2":"type-product","3":"status-publish","4":"has-post-thumbnail","6":"product_cat-bucket-cylinders","7":"product_tag-bucket-cylinders","8":"product_tag-hydraulic-cylinders","10":"first","11":"instock","12":"shipping-taxable","13":"product-type-simple"},"amp_enabled":true,"_links":{"self":[{"href":"https:\/\/www.hydraulic-cylinders.net\/lv\/wp-json\/wp\/v2\/product\/15134","targetHints":{"allow":["GET"]}}],"collection":[{"href":"https:\/\/www.hydraulic-cylinders.net\/lv\/wp-json\/wp\/v2\/product"}],"about":[{"href":"https:\/\/www.hydraulic-cylinders.net\/lv\/wp-json\/wp\/v2\/types\/product"}],"replies":[{"embeddable":true,"href":"https:\/\/www.hydraulic-cylinders.net\/lv\/wp-json\/wp\/v2\/comments?post=15134"}],"wp:featuredmedia":[{"embeddable":true,"href":"https:\/\/www.hydraulic-cylinders.net\/lv\/wp-json\/wp\/v2\/media\/14787"}],"wp:attachment":[{"href":"https:\/\/www.hydraulic-cylinders.net\/lv\/wp-json\/wp\/v2\/media?parent=15134"}],"wp:term":[{"taxonomy":"product_brand","embeddable":true,"href":"https:\/\/www.hydraulic-cylinders.net\/lv\/wp-json\/wp\/v2\/product_brand?post=15134"},{"taxonomy":"product_cat","embeddable":true,"href":"https:\/\/www.hydraulic-cylinders.net\/lv\/wp-json\/wp\/v2\/product_cat?post=15134"},{"taxonomy":"product_tag","embeddable":true,"href":"https:\/\/www.hydraulic-cylinders.net\/lv\/wp-json\/wp\/v2\/product_tag?post=15134"}],"curies":[{"name":"wp","href":"https:\/\/api.w.org\/{rel}","templated":true}]}}