{"id":15139,"date":"2025-01-19T14:09:15","date_gmt":"2025-01-19T14:09:15","guid":{"rendered":"https:\/\/www.hydraulic-cylinders.net\/product\/bucket-cylinder-for-komatsu-middle-excavator-pc200-3-5-6-7-8-8mo\/"},"modified":"2025-01-19T14:09:17","modified_gmt":"2025-01-19T14:09:17","slug":"bucket-cylinder-for-komatsu-middle-excavator-pc200-3-5-6-7-8-8mo","status":"publish","type":"product","link":"https:\/\/www.hydraulic-cylinders.net\/lv\/products\/bucket-cylinder-for-komatsu-middle-excavator-pc200-3-5-6-7-8-8mo\/","title":{"rendered":"Kausa cilindrs Komatsu vid\u0113ja izm\u0113ra ekskavatoram PC200-3-5-6-7-8-8MO"},"content":{"rendered":"<h1>Kausa cilindrs Komatsu vid\u0113ja izm\u0113ra ekskavatoram PC200-3-5-6-7-8-8MO<\/h1>\n<h2>Ievads<\/h2>\n<h3>Kausa cilindra defin\u0113\u0161ana<\/h3>\n<p>Komatsu vid\u0113j\u0101 ekskavatora PC200-3-5-6-7-8-8MO kausa cilindrs ir specializ\u0113ts hidrauliskais cilindrs, kas paredz\u0113ts kausa kust\u012bbas vad\u012bbai smagaj\u0101s ma\u0161\u012bn\u0101s, piem\u0113ram, ekskavatoros, ekskavatoros un front\u0101lajos iekr\u0101v\u0113jos. T\u0101 galven\u0101 funkcija ir nodro\u0161in\u0101t kausa pacel\u0161anu, nolai\u0161anu un noliek\u0161anu, padarot to \u0113rtu da\u017e\u0101diem materi\u0101lu apstr\u0101des uzdevumiem. Hidrauliskaj\u0101 sist\u0113m\u0101 kausa cilindrs izmanto hidraulisk\u0101s e\u013c\u013cas spiediena izmai\u0146as, lai pan\u0101ktu prec\u012bzu kausa vad\u012bbu, \u013caujot operatoriem efekt\u012bvi apstr\u0101d\u0101t smagas kravas un piel\u0101goties sare\u017e\u0123\u012btai darba videi un da\u017e\u0101d\u0101m ekspluat\u0101cijas pras\u012bb\u0101m.<\/p>\n<p><img decoding=\"async\" src=\"https:\/\/www.hydraulic-cylinders.net\/wp-content\/uploads\/2025\/01\/songte-company-2.webp\"><\/p>\n<h3>Kausa cilindra \u012bpa\u0161\u012bbas<\/h3>\n<ul>\n<li><strong>Augsta iztur\u012bba un ilgm\u016b\u017e\u012bba:<\/strong> Parasti izgatavots no augstas stipr\u012bbas t\u0113rauda vai alum\u012bnija, tas var iztur\u0113t augstu spiedienu un lielas slodzes, piel\u0101gojoties skarbai darba videi. Konstrukcij\u0101 \u0146emta v\u0113r\u0101 nodilumiztur\u012bba un iztur\u012bba pret koroziju, pagarinot kalpo\u0161anas laiku.<\/li>\n<li><strong>Efekt\u012bva hidraulisk\u0101 darb\u012bba:<\/strong> Izmanto hidraulisk\u0101s e\u013c\u013cas spiedienu, lai pan\u0101ktu vienm\u0113r\u012bgu izstiep\u0161anu un ievilk\u0161anu, \u0101tri rea\u0123\u0113jot uz vad\u012bbas komand\u0101m, nodro\u0161inot sp\u0113c\u012bgu stum\u0161anas un vilk\u0161anas sp\u0113ku, piem\u0113rots smagu kravu apstr\u0101dei un sare\u017e\u0123\u012btu uzdevumu veik\u0161anai.<\/li>\n<li><strong>Da\u017e\u0101di veidi:<\/strong> Atbilsto\u0161i pras\u012bb\u0101m var izv\u0113l\u0113ties vienk\u0101r\u0161as darb\u012bbas (hidraulika tiek izmantota tikai vien\u0101 virzien\u0101) vai divk\u0101r\u0161as darb\u012bbas (hidraulika tiek izmantota divos virzienos) cilindrus, lai apmierin\u0101tu da\u017e\u0101das ekspluat\u0101cijas vajadz\u012bbas. Da\u017ei mode\u013ci ir teleskopiski, kas \u013cauj tos papla\u0161in\u0101t, nepalielinot \u0101r\u0113jos izm\u0113rus, un ir piem\u0113roti lietojumiem ar ierobe\u017eotu telpu.<\/li>\n<li><strong>Perfekta nomai\u0146a:<\/strong> M\u016bsu produkti var lieliski aizst\u0101t \u0161os hidrauliskos cilindrus.<\/li>\n<\/ul>\n<p><img decoding=\"async\" src=\"https:\/\/www.hydraulic-cylinders.net\/wp-content\/uploads\/2025\/01\/songte-cylinder-head-with-all-kinds-excavator-models.webp\"><\/p>\n<h3>Kausa cilindra pielietojumi<\/h3>\n<ul>\n<li><strong>Celtniec\u012bbas apr\u012bkojums:<\/strong> Ekskavatoros tie ir nepiecie\u0161ami zemes vai gru\u017eu rak\u0161anai, iekrau\u0161anai un p\u0101rvieto\u0161anai. Ekskavatoros kausa cilindrs pal\u012bdz rak\u0161anas un cel\u0161anas darbos. <\/li>\n<li><strong>Lauksaimniec\u012bbas tehnika:<\/strong> Izmanto front\u0101lajos iekr\u0101v\u0113jos augsnes, siena un citu materi\u0101lu sav\u0101k\u0161anai, cel\u0161anai un transport\u0113\u0161anai. <\/li>\n<li><strong>Ekskavatori:<\/strong> Kausa cilindrs \u013cauj veikt rak\u0161anas darbus, \u013caujot kausam iek\u013c\u016bt augsn\u0113.<\/li>\n<li><strong>Iekr\u0101v\u0113js:<\/strong> Front\u0101lajos iekr\u0101v\u0113jos tas atvieglo pre\u010du efekt\u012bvu pacel\u0161anu un izg\u0101\u0161anu. <\/li>\n<\/ul>\n<h3>Dizaina apsv\u0113rumi un atlases krit\u0113riji<\/h3>\n<h4>Dizaina apsv\u0113rumi<\/h4>\n<ul>\n<li><strong>Nestsp\u0113ja:<\/strong> Kausa cilindra nestsp\u0113ja ir iz\u0161\u0137iro\u0161s apsv\u0113rums, jo t\u0101 nosaka svaru, ko tas var iztur\u0113t.<\/li>\n<li><strong>Bl\u012bv\u0113jums:<\/strong> Kausa cilindra bl\u012bv\u0113\u0161anas sist\u0113mai j\u0101nov\u0113r\u0161 hidraulisk\u0101s e\u013c\u013cas nopl\u016bde un j\u0101nodro\u0161ina sist\u0113mas efekt\u012bva darb\u012bba. <\/li>\n<li><strong>Iztur\u012bba:<\/strong> Kausa cilindra iztur\u012bba ir atkar\u012bga no t\u0101 konstrukcij\u0101 izmantot\u0101 materi\u0101la un nodilumiztur\u012bgo un korozijiztur\u012bgo deta\u013cu konstrukcijas.<\/li>\n<li><strong>Dro\u0161\u012bba:<\/strong> Kausa cilindra konstrukcij\u0101 j\u0101\u0146em v\u0113r\u0101 dro\u0161\u012bbas pas\u0101kumi, piem\u0113ram, p\u0113k\u0161\u0146as kust\u012bbas nov\u0113r\u0161ana un cilindra stabilit\u0101tes nodro\u0161in\u0101\u0161ana darb\u012bbas laik\u0101.<\/li>\n<li><strong>Apkope:<\/strong> Kausa cilindram j\u0101b\u016bt viegli kopjamam un remont\u0113jamam, ar deta\u013c\u0101m, kur\u0101m var viegli piek\u013c\u016bt un kuras var nomain\u012bt.<\/li>\n<\/ul>\n<h4>Atlases krit\u0113riji<\/h4>\n<ul>\n<li><strong>Kravnes\u012bba:<\/strong> Kausa cilindra kravnes\u012bbai j\u0101atbilst tehnikas ekspluat\u0101cijas pras\u012bb\u0101m. <\/li>\n<li><strong>G\u0101jiena garums:<\/strong> Kausa cilindra g\u0101jiena garumam j\u0101atbilst nepiecie\u0161amajam ma\u0161\u012bnas kust\u012bbas diapazonam. <\/li>\n<li><strong>Diametrs:<\/strong> Kausa cilindra diametram j\u0101atbilst hidraulisk\u0101s sist\u0113mas darba spiedienam.<\/li>\n<\/ul>\n<p><img decoding=\"async\" src=\"https:\/\/www.hydraulic-cylinders.net\/wp-content\/uploads\/2025\/01\/songte-oil-pipes-and-spare-parts.webp\"><\/p>\n<h3>Kausa cilindra bl\u012bv\u0113\u0161ana un e\u013c\u013co\u0161ana<\/h3>\n<p>Kausa cilindr\u0101 tiek izmantoti da\u017e\u0101di bl\u012bv\u0113jumi, piem\u0113ram, virzu\u013ca bl\u012bv\u0113jumi un stie\u0146a bl\u012bv\u0113jumi, kas izgatavoti no nodilumiztur\u012bgiem materi\u0101liem, piem\u0113ram, poliuret\u0101na un nitrila gumijas. Cilindra korpuss un v\u012bt\u0146ot\u0101s gala virsmas tiek r\u016bp\u012bgi apstr\u0101d\u0101tas, lai uzlabotu nodilumiztur\u012bbu. Lai nodro\u0161in\u0101tu vienm\u0113r\u012bgu darb\u012bbu, kausa cilindram ir nepiecie\u0161ama regul\u0101ra e\u013c\u013co\u0161ana ar atbilsto\u0161u hidraulisk\u0101s e\u013c\u013cas daudzumu.<\/p>\n<h3>Apkope un remonts<\/h3>\n<p>Kausa cilindram nepiecie\u0161amas regul\u0101ras p\u0101rbaudes un profilaktiskas apkopes pas\u0101kumi, piem\u0113ram, pareiza e\u013c\u013co\u0161ana, bl\u012bv\u0113juma nomai\u0146a un kalibr\u0113\u0161anas p\u0101rbaudes. Pareiza uzst\u0101d\u012b\u0161ana ir b\u016btiska, pareizi izl\u012bdzinot cilindru un ieteicams izmantot uzst\u0101d\u012b\u0161anas kron\u0161teinus cilindra nostiprin\u0101\u0161anai. Iesak\u0101m iev\u0113rot sniegt\u0101s p\u0101rbaudes, remonta un nomai\u0146as proced\u016bras, lai pagarin\u0101tu kausa cilindra kalpo\u0161anas laiku.<\/p>\n<p><img decoding=\"async\" src=\"https:\/\/www.hydraulic-cylinders.net\/wp-content\/uploads\/2025\/01\/songte-chushion-collar.webp\"><\/p>\n<h3>Dro\u0161\u012bbas un vides apsv\u0113rumi<\/h3>\n<p>Lietojot kausa cilindru, vienm\u0113r j\u0101iev\u0113ro atbilsto\u0161i dro\u0161\u012bbas pas\u0101kumi. Ir svar\u012bgi iev\u0113rot ieteicam\u0101s uzst\u0101d\u012b\u0161anas proced\u016bras un lietot atbilsto\u0161u dro\u0161\u012bbas apr\u012bkojumu. Kausa cilindra hidrauliskie \u0161\u0137idrumi ir j\u0101izn\u012bcina saska\u0146\u0101 ar vides aizsardz\u012bbas noteikumiem.<\/p>\n<h3>Boj\u0101jumu diagnostika un bie\u017e\u0101k sastopam\u0101s probl\u0113mas<\/h3>\n<p>Bie\u017e\u0101k\u0101s probl\u0113mas, kas var rasties ar kausa cilindru, ir bl\u012bv\u0113juma atteice, nopl\u016bde un p\u0101rm\u0113r\u012bgs nodilums. Pareiza apkope, tostarp regul\u0101ra p\u0101rbaude, e\u013c\u013co\u0161ana un nodilu\u0161o deta\u013cu nomai\u0146a, var nov\u0113rst \u0161\u012bs probl\u0113mas. Boj\u0101juma gad\u012bjum\u0101 j\u0101veic diagnostika un probl\u0113mu nov\u0113r\u0161ana, lai noteiktu probl\u0113mas c\u0113loni un veiktu korekt\u012bvus pas\u0101kumus.<\/p>\n<p><img decoding=\"async\" src=\"https:\/\/www.hydraulic-cylinders.net\/wp-content\/uploads\/2025\/01\/songte-bushings-with-all-kinds-of-excavator-models.webp\"><\/p>\n<h3>Par m\u016bsu uz\u0146\u0113mumu<\/h3>\n<p>M\u0113s esam rezerves hidraulisko cilindru ra\u017eot\u0101js, kas pied\u0101v\u0101 pilnu produktu un pakalpojumu kl\u0101stu. Esam viens no vado\u0161ajiem hidraulisko cilindru ra\u017eot\u0101jiem un vairumtirgot\u0101jiem viet\u0113j\u0101 un starptautiskaj\u0101 tirg\u016b. M\u0113s iev\u0113rojam izcilas kvalit\u0101tes principu un pa\u013caujamies uz smalkra\u017eo\u0161anas darbn\u012bcu r\u016bpniecisk\u0101s ra\u017eo\u0161anas vad\u012bbas strat\u0113\u0123iju. M\u016bsu uz\u0146\u0113mums nep\u0101rtraukti uzlabo darbn\u012bcas ra\u017eo\u0161anas platformu, pilnveido produktu kvalit\u0101tes ra\u017eo\u0161anas ce\u013cu un tam piem\u012bt sp\u0113c\u012bgas rado\u0161\u0101s sp\u0113jas, apmierinot klientu da\u017e\u0101d\u0101s vajadz\u012bbas ar augstu efektivit\u0101ti, precizit\u0101ti un augstas kvalit\u0101tes principiem.<\/p>\n<p><img decoding=\"async\" src=\"https:\/\/hzpt.com\/wp-content\/uploads\/2024\/11\/songte-company-1.webp\"><\/p>\n<h4>M\u016bsu uz\u0146\u0113muma profesionalit\u0101te<\/h4>\n<p>M\u016bsu uz\u0146\u0113mum\u0101 ir tehnisko ekspertu komanda, un m\u0113s izmantojam modernu digit\u0101lo ra\u017eo\u0161anas apr\u012bkojumu un profesion\u0101las test\u0113\u0161anas sist\u0113mas, lai sniegtu piel\u0101gotus pakalpojumus m\u016bsu klientiem.<\/p>\n<h4>M\u016bsu uz\u0146\u0113muma starptautiskie sertifik\u0101ti<\/h4>\n<p>M\u016bsu uz\u0146\u0113mums ir ieguvis starptautiskus sertifik\u0101tus, piem\u0113ram, CE un ISO9001, kas apliecina m\u016bsu ap\u0146em\u0161anos nodro\u0161in\u0101t augstas kvalit\u0101tes produktus un pakalpojumus.<\/p>\n<h4>M\u016bsu uz\u0146\u0113muma piel\u0101go\u0161anas pakalpojumi<\/h4>\n<p>M\u016bsu uz\u0146\u0113mums pied\u0101v\u0101 personaliz\u0101cijas pakalpojumus, kas \u013cauj mums piel\u0101got produktus atbilsto\u0161i klientu unik\u0101laj\u0101m pras\u012bb\u0101m.<\/p>\n<h4>M\u016bsu uz\u0146\u0113muma ra\u017eo\u0161anas iek\u0101rtas<\/h4>\n<p>M\u016bsu uz\u0146\u0113mums izmanto modernas ra\u017eo\u0161anas iek\u0101rtas, piem\u0113ram, CNC virpas, fr\u0113zma\u0161\u012bnas un metin\u0101\u0161anas robotus, lai nodro\u0161in\u0101tu m\u016bsu produktu kvalit\u0101ti.<\/p>\n<h4>M\u016bsu uz\u0146\u0113muma p\u0113cp\u0101rdo\u0161anas pakalpojumi<\/h4>\n<p>M\u016bsu uz\u0146\u0113mums pied\u0101v\u0101 visaptvero\u0161us p\u0113cp\u0101rdo\u0161anas pakalpojumus, tostarp deta\u013cu nomai\u0146u, remonta pakalpojumus un tehnisko atbalstu.<\/p>\n<p>Autors: Lails.<\/p>","protected":false},"excerpt":{"rendered":"<p>Bucket Cylinder For Komatsu Middle Excavator PC200-3-5-6-7-8-8MO Introduction Defining the Bucket Cylinder The Bucket Cylinder for Komatsu Middle Excavator PC200-3-5-6-7-8-8MO is a specialized hydraulic cylinder designed for controlling the movement of the bucket in heavy machinery, such as excavators, backhoes, and front loaders. Its primary function is to enable lifting, lowering, and tilting of the [&hellip;]<\/p>","protected":false},"featured_media":14778,"comment_status":"open","ping_status":"closed","template":"","meta":{"_et_pb_use_builder":"","_et_pb_old_content":"","_et_gb_content_width":""},"product_brand":[],"product_cat":[1494],"product_tag":[1495,1496],"class_list":{"0":"post-15139","1":"product","2":"type-product","3":"status-publish","4":"has-post-thumbnail","6":"product_cat-bucket-cylinders","7":"product_tag-bucket-cylinders","8":"product_tag-hydraulic-cylinders","10":"first","11":"instock","12":"shipping-taxable","13":"product-type-simple"},"amp_enabled":true,"_links":{"self":[{"href":"https:\/\/www.hydraulic-cylinders.net\/lv\/wp-json\/wp\/v2\/product\/15139","targetHints":{"allow":["GET"]}}],"collection":[{"href":"https:\/\/www.hydraulic-cylinders.net\/lv\/wp-json\/wp\/v2\/product"}],"about":[{"href":"https:\/\/www.hydraulic-cylinders.net\/lv\/wp-json\/wp\/v2\/types\/product"}],"replies":[{"embeddable":true,"href":"https:\/\/www.hydraulic-cylinders.net\/lv\/wp-json\/wp\/v2\/comments?post=15139"}],"wp:featuredmedia":[{"embeddable":true,"href":"https:\/\/www.hydraulic-cylinders.net\/lv\/wp-json\/wp\/v2\/media\/14778"}],"wp:attachment":[{"href":"https:\/\/www.hydraulic-cylinders.net\/lv\/wp-json\/wp\/v2\/media?parent=15139"}],"wp:term":[{"taxonomy":"product_brand","embeddable":true,"href":"https:\/\/www.hydraulic-cylinders.net\/lv\/wp-json\/wp\/v2\/product_brand?post=15139"},{"taxonomy":"product_cat","embeddable":true,"href":"https:\/\/www.hydraulic-cylinders.net\/lv\/wp-json\/wp\/v2\/product_cat?post=15139"},{"taxonomy":"product_tag","embeddable":true,"href":"https:\/\/www.hydraulic-cylinders.net\/lv\/wp-json\/wp\/v2\/product_tag?post=15139"}],"curies":[{"name":"wp","href":"https:\/\/api.w.org\/{rel}","templated":true}]}}