{"id":1514,"date":"2023-09-27T09:17:18","date_gmt":"2023-09-27T09:17:18","guid":{"rendered":"https:\/\/hydraulic-cylinders.net\/?post_type=product&#038;p=1514"},"modified":"2025-04-11T01:49:35","modified_gmt":"2025-04-11T01:49:35","slug":"aerial-work-platform-electric-cylinder","status":"publish","type":"product","link":"https:\/\/www.hydraulic-cylinders.net\/lv\/products\/aerial-work-platform-electric-cylinder\/","title":{"rendered":"Pac\u0113l\u0101ja darba platformas elektriskais cilindrs"},"content":{"rendered":"<h1 style=\"text-align: center;\"><strong>Pac\u0113l\u0101ja darba platformas elektriskais cilindrs<\/strong><\/h1>\n<p><img loading=\"lazy\" decoding=\"async\" class=\"wp-image-1515 aligncenter\" src=\"https:\/\/hydraulic-cylinders.net\/wp-content\/uploads\/2023\/09\/electric-cylinder-1-300x300.webp\" alt=\"\" width=\"400\" height=\"400\" \/><\/p>\n<p>Pace\u013camo darba platformu elektriskais cilindrs ir moderna hidrauliska sast\u0101vda\u013ca, kas paredz\u0113ta, lai uzlabotu efektivit\u0101ti un dro\u0161\u012bbu paaugstin\u0101t\u0101 darba vid\u0113. \u0160is inovat\u012bvais cilindrs ir kritiski svar\u012bgs pace\u013camaj\u0101s darba platform\u0101s, nodro\u0161inot prec\u012bzu un kontrol\u0113tu vertik\u0101lu kust\u012bbu darbiniekiem, instrumentiem un apr\u012bkojumam.<\/p>\n<p>Arvien stingr\u0101kiem vides aizsardz\u012bbas likumiem un noteikumiem cilv\u0113ku vides apzi\u0146a pak\u0101peniski pieaug, un pras\u012bbas celtniec\u012bbas ma\u0161\u012bn\u0101m pieaug. Ar zemu trok\u0161\u0146a l\u012bmeni un cit\u0101m priek\u0161roc\u012bb\u0101m elektriskais cilindrs bez nopl\u016bd\u0113m, augsta efektivit\u0101te un zems pies\u0101r\u0146ojums tikai kompens\u0113 \u0161o vajadz\u012bbu. Visu veidu celtniec\u012bbas ma\u0161\u012bnas vai manipulatori ar elektriskajiem cilindriem k\u0101 meh\u0101niskiem nes\u0113jiem pak\u0101peniski ir k\u013cuvu\u0161i popul\u0101ri daudzos uz\u0146\u0113mumos.<\/p>\n<p>K\u0101 elektrisk\u0101 piedzi\u0146as veids, elektriskajam cilindram ir zemas izmaksas, kompakta konstrukcija, vienk\u0101r\u0161a uzst\u0101d\u012b\u0161ana, augsta vad\u012bbas precizit\u0101te un elast\u012bga darb\u012bba. K\u0101 meh\u0101nisks kust\u012bbas nes\u0113js elektriskais cilindrs vada lod\u012b\u0161u skr\u016bves kust\u012bbu, izmantojot servomotora rot\u0101ciju, lai le\u0146\u0137isk\u0101 nob\u012bde tiktu p\u0101rveidota par line\u0101ru nob\u012bdi, lai pan\u0101ktu prec\u012bzu \u0101truma kontroli, poz\u012bcijas kontroli un vilces kontroli.<\/p>\n<p>Elektriskajam cilindram ir t\u0101das priek\u0161roc\u012bbas k\u0101 augsta efektivit\u0101te, liela kravnes\u012bba, \u0101trs \u0101trums, prec\u012bza un vad\u0101ma kust\u012bba utt. To pla\u0161i izmanto kosmosa testos, daudzpak\u0101pju br\u012bv\u012bbas simul\u0101cij\u0101, daudzpak\u0101pju br\u012bv\u012bbas dinamiskaj\u0101 izklaid\u0113, daudzpak\u0101pju br\u012bv\u012bbas prec\u012bz\u0101 apstr\u0101d\u0113, robotik\u0101, automobi\u013cu ra\u017eo\u0161an\u0101 un cit\u0101s iek\u0101rtu jom\u0101s, t\u0113rauda savienojumu lie\u0161an\u0101, naftas \u0137\u012bmij\u0101, materi\u0101lu apstr\u0101d\u0113, iesmidzin\u0101\u0161anas form\u0113\u0161anas ma\u0161\u012bn\u0101s, veid\u0146u kontrol\u0113, v\u0101rstu vad\u012bb\u0101, prec\u012bzijas ma\u0161\u012bn\u0101s, farm\u0101cijas ma\u0161\u012bn\u0101s, p\u0101rtikas p\u0101rstr\u0101d\u0113 un cit\u0101s jom\u0101s.<\/p>\n<p>Pac\u0113l\u0101ja elektrisk\u0101 cilindra galven\u0101s \u012bpa\u0161\u012bbas:<\/p>\n<ol>\n<li>Vienm\u0113r\u012bga un prec\u012bza vertik\u0101la kust\u012bba:<\/li>\n<\/ol>\n<ul>\n<li>Pace\u013cam\u0101s darba platformas elektriskais cilindrs nodro\u0161ina vienm\u0113r\u012bgu un prec\u012bzu vertik\u0101lu kust\u012bbu, nodro\u0161inot prec\u012bzu pozicion\u0113\u0161anu v\u0113lamaj\u0101 augstum\u0101.<\/li>\n<li>Tas \u013cauj operatoriem viegli piel\u0101got platformas augstumu, veicinot efekt\u012bvu darba izpildi un uzlabojot produktivit\u0101ti.<\/li>\n<\/ul>\n<ol start=\"2\">\n<li>Elektrisk\u0101s piedzi\u0146as veiktsp\u0113ja:<\/li>\n<\/ol>\n<ul>\n<li>\u0160is cilindrs darbojas ar elektrisko str\u0101vu, t\u0101p\u0113c nav nepiecie\u0161ama manu\u0101la s\u016bkn\u0113\u0161ana vai \u0101r\u0113ji baro\u0161anas avoti.<\/li>\n<li>Tas nodro\u0161ina klusu un efekt\u012bvu darb\u012bbu, padarot to piem\u0113rotu lieto\u0161anai telp\u0101s, kur j\u0101samazina troksnis un emisijas.<\/li>\n<\/ul>\n<ol start=\"3\">\n<li>Augsta kravnes\u012bba:<\/li>\n<\/ol>\n<ul>\n<li>Pace\u013cam\u0101s darba platformas elektriskajam cilindram ir liela kravnes\u012bba, kas \u013cauj tam viegli atbalst\u012bt str\u0101dniekus, instrumentus un smago apr\u012bkojumu.<\/li>\n<li>Tas ir izstr\u0101d\u0101ts, lai iztur\u0113tu sare\u017e\u0123\u012btus darba apst\u0101k\u013cus un tiktu gal\u0101 ar iev\u0113rojam\u0101m slodz\u0113m, neapdraudot dro\u0161\u012bbu vai veiktsp\u0113ju.<\/li>\n<\/ul>\n<ol start=\"4\">\n<li>Dro\u0161\u012bbas funkcijas:<\/li>\n<\/ol>\n<ul>\n<li>\u0160aj\u0101 cilindr\u0101 ir iek\u013cautas uzlabotas dro\u0161\u012bbas funkcijas, piem\u0113ram, gala sl\u0113d\u017ei, av\u0101rijas aptur\u0113\u0161anas pogas un p\u0101rslodzes aizsardz\u012bba.<\/li>\n<li>\u0160ie dro\u0161\u012bbas meh\u0101nismi nodro\u0161ina operatora dro\u0161\u012bbu, nov\u0113r\u0161ot p\u0101rm\u0113r\u012bgu platformas kust\u012bbu, p\u0101rslodzi vai net\u012b\u0161u darb\u012bbu.<\/li>\n<\/ul>\n<h2><strong>Pac\u0113l\u0101ja darba platformas elektrisk\u0101 cilindra parametrs:<\/strong><\/h2>\n<table border=\"1\" cellspacing=\"0\" cellpadding=\"0\">\n<tbody>\n<tr>\n<td>Produkta nosaukums<\/td>\n<td>Pac\u0113l\u0101ja darba platformas elektriskais cilindrs<\/td>\n<\/tr>\n<tr>\n<td>Funkcijas:<\/td>\n<td>Realiz\u0113t teleskopisko funkciju<\/td>\n<\/tr>\n<tr>\n<td>Vilces sp\u0113ks:<\/td>\n<td>1\u20131000 kN<\/td>\n<\/tr>\n<tr>\n<td>Spriegums:<\/td>\n<td>24 V, 48 V, 220 V, 380 V\u2026<\/td>\n<\/tr>\n<tr>\n<td>Elektrisk\u0101 cilindra funkcijas:<\/td>\n<td>Augsta efektivit\u0101te, liels \u0101trums,<br \/>\nSmaga slodze, augsta precizit\u0101te<\/td>\n<\/tr>\n<tr>\n<td>Elektrisko cilindru pielietojumi:<\/td>\n<td>\u0160\u0137\u0113rveida pac\u0113l\u0101ja darba platforma, Masta pac\u0113l\u0101ja darba platforma,<br \/>\nUgunsdz\u0113s\u0113ju ma\u0161\u012bna, autom\u0101tisk\u0101 ra\u017eo\u0161anas l\u012bnija utt.<\/td>\n<\/tr>\n<\/tbody>\n<\/table>\n<h2><strong>Darba platformas identifik\u0101cijas sh\u0113ma:<\/strong><\/h2>\n<p><img loading=\"lazy\" decoding=\"async\" class=\"alignnone wp-image-1517 size-full\" src=\"https:\/\/hydraulic-cylinders.net\/wp-content\/uploads\/2023\/09\/aerial-work-platform-cylinder-construct.webp\" alt=\"\" width=\"600\" height=\"400\" srcset=\"https:\/\/hydraulic-cylinders.net\/wp-content\/uploads\/2023\/09\/aerial-work-platform-cylinder-construct.webp 600w, https:\/\/hydraulic-cylinders.net\/wp-content\/uploads\/2023\/09\/aerial-work-platform-cylinder-construct-480x320.webp 480w\" sizes=\"(min-width: 0px) and (max-width: 480px) 480px, (min-width: 481px) 600px, 100vw\" \/><img loading=\"lazy\" decoding=\"async\" class=\"alignnone wp-image-1518\" src=\"https:\/\/hydraulic-cylinders.net\/wp-content\/uploads\/2023\/09\/electric-cylinder-3.webp\" alt=\"\" width=\"600\" height=\"277\" srcset=\"https:\/\/hydraulic-cylinders.net\/wp-content\/uploads\/2023\/09\/electric-cylinder-3.webp 600w, https:\/\/hydraulic-cylinders.net\/wp-content\/uploads\/2023\/09\/electric-cylinder-3-480x222.webp 480w\" sizes=\"(min-width: 0px) and (max-width: 480px) 480px, (min-width: 481px) 600px, 100vw\" \/><\/p>\n<h2><strong>Elektrisk\u0101 cilindra pacel\u0161anas platformas lieto\u0161anas metode:<\/strong><\/h2>\n<ol>\n<li><strong>Platformas uzst\u0101d\u012b\u0161ana:<\/strong><\/li>\n<\/ol>\n<ul>\n<li>Lai pareizi uzst\u0101d\u012btu pac\u0113l\u0101ja darba platformas elektrisko cilindru, iev\u0113rojiet ra\u017eot\u0101ja nor\u0101d\u012bjumus.<\/li>\n<li>P\u0101rliecinieties, vai cilindrs ir dro\u0161i piestiprin\u0101ts pie pac\u0113l\u0101ja darba platformas r\u0101mja, nodro\u0161inot stabilu un uzticamu savienojumu.<\/li>\n<\/ul>\n<ol start=\"2\">\n<li><strong>Elektriskais piesl\u0113gums:<\/strong><\/li>\n<\/ol>\n<ul>\n<li>Pievienojiet cilindru elektrot\u012bklam saska\u0146\u0101 ar sniegtaj\u0101m vadl\u012bnij\u0101m.<\/li>\n<li>P\u0101rliecinieties, vai visi elektriskie savienojumi ir dro\u0161i un pareizi izol\u0113ti, lai nov\u0113rstu elektrisk\u0101s str\u0101vas rad\u012btus apdraud\u0113jumus.<\/li>\n<\/ul>\n<ol start=\"3\">\n<li><strong>Platformas augstuma regul\u0113\u0161ana:<\/strong><\/li>\n<\/ol>\n<ul>\n<li>Lai regul\u0113tu platformas augstumu, izmantojiet komplekt\u0101cij\u0101 iek\u013cauto vad\u012bbas paneli vai saskarni.<\/li>\n<li>Lai nodro\u0161in\u0101tu vienm\u0113r\u012bgu un kontrol\u0113tu vertik\u0101lu kust\u012bbu, iev\u0113rojiet ieteicam\u0101s ekspluat\u0101cijas proced\u016bras un dro\u0161\u012bbas vadl\u012bnijas.<\/li>\n<\/ul>\n<ol start=\"4\">\n<li><strong>Dro\u0161\u012bbas apsv\u0113rumi:<\/strong><\/li>\n<\/ol>\n<ul>\n<li>Pirms pace\u013cam\u0101s darba platformas lieto\u0161anas iepaz\u012bstieties ar dro\u0161\u012bbas funkcij\u0101m un \u0101rk\u0101rtas proced\u016br\u0101m.<\/li>\n<li>Nodro\u0161iniet, lai visi operatori sa\u0146emtu atbilsto\u0161u apm\u0101c\u012bbu par platformas un pace\u013cam\u0101s darba platformas elektrisk\u0101 cilindra dro\u0161u ekspluat\u0101ciju.<\/li>\n<\/ul>\n<h2><strong>Elektrisk\u0101 cilindra pielietojums:<\/strong><\/h2>\n<p><img loading=\"lazy\" decoding=\"async\" id=\"thepasted-1\" class=\"alignnone wp-image-1519 size-full\" src=\"https:\/\/hydraulic-cylinders.net\/wp-content\/uploads\/2023\/09\/electric-cylinder-4.webp\" alt=\"\" width=\"968\" height=\"831\" srcset=\"https:\/\/hydraulic-cylinders.net\/wp-content\/uploads\/2023\/09\/electric-cylinder-4.webp 968w, https:\/\/hydraulic-cylinders.net\/wp-content\/uploads\/2023\/09\/electric-cylinder-4-480x412.webp 480w\" sizes=\"(min-width: 0px) and (max-width: 480px) 480px, (min-width: 481px) 968px, 100vw\" \/><\/p>\n<h2><strong>K\u0101 darbojas hidraulisk\u0101 sist\u0113ma?<\/strong><\/h2>\n<p>Hidraulisk\u0101 sist\u0113ma ir meh\u0101niska jaudas p\u0101rvades sist\u0113ma, kas izmanto \u0161\u0137idruma sp\u0113ku, lai \u0123ener\u0113tu un p\u0101rvad\u012btu jaudu. T\u0101 darbojas, pamatojoties uz Pask\u0101la likumu, kas nosaka, ka, pieliekot spiedienu uz ierobe\u017eotu \u0161\u0137idrumu, spiediens tiek vien\u0101di p\u0101rnests visos virzienos.<\/p>\n<p>\u0160eit ir vienk\u0101r\u0161ots hidraulisk\u0101s sist\u0113mas darb\u012bbas skaidrojums:<\/p>\n<ol>\n<li><strong>Hidraulisk\u0101s sist\u0113mas sast\u0101vda\u013cas:<\/strong>\n<ul>\n<li>Hidrauliskais \u0161\u0137idrums: Parasti uz e\u013c\u013cas b\u0101zes, tas ir ener\u0123ijas p\u0101rvades l\u012bdzeklis.<\/li>\n<li>Hidrauliskais s\u016bknis: Tas rada \u0161\u0137idruma pl\u016bsmu un spiedienu sist\u0113m\u0101.<\/li>\n<li>Hidrauliskais cilindrs: P\u0101rveido \u0161\u0137idruma spiedienu line\u0101r\u0101 kust\u012bb\u0101 vai sp\u0113k\u0101.<\/li>\n<li>Vad\u012bbas v\u0101rsti: regul\u0113 hidraulisk\u0101 \u0161\u0137idruma pl\u016bsmu un virzienu.<\/li>\n<li>Hidrauliskais motors: P\u0101rveido \u0161\u0137idruma spiedienu rot\u0101cijas kust\u012bb\u0101.<\/li>\n<\/ul>\n<\/li>\n<li><strong>S\u016bkn\u0113\u0161anas \u0161\u0137idrums:<\/strong>\n<ul>\n<li>Hidrauliskais s\u016bknis ies\u016bc hidraulisko \u0161\u0137idrumu no rezervu\u0101ra un zem spiediena to pieg\u0101d\u0101 p\u0101r\u0113jai sist\u0113mai.<\/li>\n<li>S\u016bk\u0146a darb\u012bbas laik\u0101 tas rada vakuumu, kas ies\u016bc \u0161\u0137idrumu iepl\u016bdes atver\u0113.<\/li>\n<\/ul>\n<\/li>\n<li><strong>\u0160\u0137idruma sadal\u012bjums:<\/strong>\n<ul>\n<li>Spiediena \u0161\u0137idrums pl\u016bst caur hidrauliskaj\u0101m l\u012bnij\u0101m vai \u0161\u013c\u016bten\u0113m, lai sasniegtu da\u017e\u0101das sist\u0113mas sast\u0101vda\u013cas.<\/li>\n<li>\u0160\u012bs l\u012bnijas ir paredz\u0113tas, lai iztur\u0113tu augsta spiediena apst\u0101k\u013cus un p\u0101rvad\u012btu \u0161\u0137idrumu bez nopl\u016bdes.<\/li>\n<\/ul>\n<\/li>\n<li><strong>Vad\u012bbas v\u0101rsti:<\/strong>\n<ul>\n<li>Vad\u012bbas v\u0101rsti nosaka hidraulisk\u0101 \u0161\u0137idruma pl\u016bsmas virzienu, \u0101trumu un spiedienu.<\/li>\n<li>Tos darbina manu\u0101li vai elektroniski, un tie ir atbild\u012bgi par noteiktu hidraulisko komponentu aktiviz\u0113\u0161anu vai deaktiviz\u0113\u0161anu.<\/li>\n<\/ul>\n<\/li>\n<li><strong>Hidrauliskais cilindrs:<\/strong>\n<ul>\n<li>Hidrauliskais cilindrs sast\u0101v no cilindriskas caurules, virzu\u013ca un stie\u0146a.<\/li>\n<li>Kad spiediena \u0161\u0137idrums non\u0101k cilindra vien\u0101 pus\u0113, tas nospie\u017e virzuli, kas p\u0101rvieto stieni.<\/li>\n<li>\u0160\u012b line\u0101r\u0101 kust\u012bba var pacelt, stumt vai p\u0101rvietot \u0101r\u0113j\u0101s slodzes.<\/li>\n<\/ul>\n<\/li>\n<li><strong>Hidrauliskais motors:<\/strong>\n<ul>\n<li>Hidrauliskais motors p\u0101rveido \u0161\u0137idruma spiedienu rot\u0101cijas kust\u012bb\u0101.<\/li>\n<li>Tas sast\u0101v no rotora un statora, un spiediena ietekm\u0113 eso\u0161ais \u0161\u0137idrums liek rotoram griezties.<\/li>\n<li>Rot\u0101cijas jaudu var izmantot ma\u0161\u012bnu vad\u012b\u0161anai vai darba veik\u0161anai.<\/li>\n<\/ul>\n<\/li>\n<li><strong>Atgrie\u0161ana un filtr\u0113\u0161ana:<\/strong>\n<ul>\n<li>P\u0113c paredz\u0113t\u0101s funkcijas veik\u0161anas hidrauliskais \u0161\u0137idrums atgrie\u017eas rezervu\u0101r\u0101 atk\u0101rtotai izmanto\u0161anai.<\/li>\n<li>Filtr\u0101cijas sist\u0113mas nodro\u0161ina, ka \u0161\u0137idrums ir t\u012brs un bez piemais\u012bjumiem, nov\u0113r\u0161ot hidraulisko komponentu boj\u0101jumus.<\/li>\n<\/ul>\n<\/li>\n<li><strong>Kontrole un dro\u0161\u012bba:<\/strong>\n<ul>\n<li>Hidraulisk\u0101s sist\u0113mas ietver da\u017e\u0101dus vad\u012bbas meh\u0101nismus, piem\u0113ram, spiediena samazin\u0101\u0161anas v\u0101rstus, lai nov\u0113rstu p\u0101rm\u0113r\u012bgu spiediena palielin\u0101\u0161anos un nodro\u0161in\u0101tu sist\u0113mas dro\u0161\u012bbu.<\/li>\n<li>Sensori un atgriezenisk\u0101s saites ier\u012bces var uzraudz\u012bt un regul\u0113t sist\u0113mas parametrus, piem\u0113ram, spiedienu, temperat\u016bru un pl\u016bsmu.<\/li>\n<\/ul>\n<\/li>\n<\/ol>\n<h2><strong>R\u016bpn\u012bcas iesp\u0113jas un jauda:<\/strong><\/h2>\n<h3>(1) Mont\u0101\u017ea<\/h3>\n<p>Mums ir pirmklas\u012bga neatkar\u012bga p\u0113tniec\u012bbas un att\u012bst\u012bbas mont\u0101\u017eas platforma. Hidraulisko cilindru ra\u017eo\u0161anas darbn\u012bc\u0101 ir \u010detras pusautom\u0101tiskas pacel\u0161anas cilindru mont\u0101\u017eas l\u012bnijas un viena autom\u0101tisk\u0101 sl\u012bpuma cilindru mont\u0101\u017eas l\u012bnija ar projekt\u0113to gada ra\u017eo\u0161anas jaudu 1 miljons vien\u012bbu. Speci\u0101lo cilindru darbn\u012bca ir apr\u012bkota ar da\u017e\u0101du specifik\u0101ciju pusautom\u0101tisku t\u012br\u012b\u0161anas mont\u0101\u017eas sist\u0113mu ar projekt\u0113to gada ra\u017eo\u0161anas jaudu 200 000 vien\u012bbu un apr\u012bkota ar slaven\u0101m CNC apstr\u0101des iek\u0101rt\u0101m, apstr\u0101des centru, augstas precizit\u0101tes cilindru apstr\u0101des speci\u0101lo apr\u012bkojumu, robotiz\u0113tu metin\u0101\u0161anas iek\u0101rtu, autom\u0101tisku t\u012br\u012b\u0161anas iek\u0101rtu, autom\u0101tisku cilindru mont\u0101\u017eas iek\u0101rtu un autom\u0101tisku kr\u0101so\u0161anas ra\u017eo\u0161anas l\u012bniju. Eso\u0161ais kritiskais apr\u012bkojums ir vair\u0101k nek\u0101 300 komplektu (komplektu). Optim\u0101la iek\u0101rtu resursu sadale un efekt\u012bva izmanto\u0161ana nodro\u0161ina produktu precizit\u0101tes pras\u012bbas un apmierina produktu augst\u0101s kvalit\u0101tes pras\u012bbas.<\/p>\n<p><img loading=\"lazy\" decoding=\"async\" class=\"alignnone wp-image-626\" src=\"https:\/\/hydraulic-cylinders.net\/wp-content\/uploads\/2023\/08\/hydraulic-cylinder-product-1-300x158.webp\" alt=\"\" width=\"495\" height=\"260\" srcset=\"https:\/\/hydraulic-cylinders.net\/wp-content\/uploads\/2023\/08\/hydraulic-cylinder-product-1-300x158.webp 495w, https:\/\/hydraulic-cylinders.net\/wp-content\/uploads\/2023\/08\/hydraulic-cylinder-product-1-480x252.webp 480w\" sizes=\"(min-width: 0px) and (max-width: 480px) 480px, (min-width: 481px) 495px, 100vw\" \/> <img loading=\"lazy\" decoding=\"async\" class=\"alignnone wp-image-627\" src=\"https:\/\/hydraulic-cylinders.net\/wp-content\/uploads\/2023\/08\/hydraulic-cylinder-product-2-300x189.webp\" alt=\"\" width=\"413\" height=\"260\" \/><\/p>\n<h3>(2) Apstr\u0101de<\/h3>\n<p>Apstr\u0101des cehs ir apr\u012bkots ar piel\u0101gotu sl\u012bpo slie\u017eu virpo\u0161anas centru, apstr\u0101des centru, \u0101trgaitas asin\u0101\u0161anas ma\u0161\u012bnu, metin\u0101\u0161anas robotu un citu saist\u012btu apr\u012bkojumu, kas var apstr\u0101d\u0101t cilindriskas caurules ar maksim\u0101lo iek\u0161\u0113jo diametru 400 mm un maksim\u0101lo garumu 6 metri.<\/p>\n<p><img loading=\"lazy\" decoding=\"async\" class=\"alignnone wp-image-628 size-large\" src=\"https:\/\/hydraulic-cylinders.net\/wp-content\/uploads\/2023\/08\/hydraulic-cylinder-product-3-1024x391.webp\" alt=\"\" width=\"1024\" height=\"391\" srcset=\"https:\/\/hydraulic-cylinders.net\/wp-content\/uploads\/2023\/08\/hydraulic-cylinder-product-3-980x374.webp 980w, https:\/\/hydraulic-cylinders.net\/wp-content\/uploads\/2023\/08\/hydraulic-cylinder-product-3-480x183.webp 480w\" sizes=\"(min-width: 0px) and (max-width: 480px) 480px, (min-width: 481px) and (max-width: 980px) 980px, (min-width: 981px) 1024px, 100vw\" \/><\/p>\n<h3>(3) Metin\u0101\u0161ana<\/h3>\n<p><img loading=\"lazy\" decoding=\"async\" class=\"alignnone wp-image-629 size-large\" src=\"https:\/\/hydraulic-cylinders.net\/wp-content\/uploads\/2023\/08\/hydraulic-cylinder-product-4-1024x510.webp\" alt=\"\" width=\"1024\" height=\"510\" srcset=\"https:\/\/hydraulic-cylinders.net\/wp-content\/uploads\/2023\/08\/hydraulic-cylinder-product-4-980x488.webp 980w, https:\/\/hydraulic-cylinders.net\/wp-content\/uploads\/2023\/08\/hydraulic-cylinder-product-4-480x239.webp 480w\" sizes=\"(min-width: 0px) and (max-width: 480px) 480px, (min-width: 481px) and (max-width: 980px) 980px, (min-width: 981px) 1024px, 100vw\" \/><\/p>\n<h3>(4) Kr\u0101so\u0161ana un p\u0101rkl\u0101\u0161ana<\/h3>\n<p>Ar maz\u0101m un vid\u0113ja izm\u0113ra cilindrisk\u0101m autom\u0101tisk\u0101m \u016bdens b\u0101zes kr\u0101su p\u0101rkl\u0101\u0161anas l\u012bnij\u0101m, lai pan\u0101ktu autom\u0101tisku robotu iekrau\u0161anu un izkrau\u0161anu un autom\u0101tisku izsmidzin\u0101\u0161anu, projekt\u0113t\u0101 jauda ir 4000 gabali mai\u0146\u0101;<br \/>\nMums ir ar\u012b pusautom\u0101tiska kr\u0101su ra\u017eo\u0161anas l\u012bnija lieliem baloniem, ko darbina \u0137\u0113des piedzi\u0146a, ar 60 kastu konstrukcijas jaudu vien\u0101 mai\u0146\u0101.<\/p>\n<p><img loading=\"lazy\" decoding=\"async\" class=\"alignnone wp-image-630\" src=\"https:\/\/hydraulic-cylinders.net\/wp-content\/uploads\/2023\/08\/hydraulic-cylinder-product-5-300x213.webp\" alt=\"\" width=\"366\" height=\"260\" \/> <img loading=\"lazy\" decoding=\"async\" class=\"alignnone wp-image-631\" src=\"https:\/\/hydraulic-cylinders.net\/wp-content\/uploads\/2023\/08\/hydraulic-cylinder-product-6-300x225.webp\" alt=\"\" width=\"347\" height=\"260\" \/><\/p>\n<h3>(5) Test\u0113\u0161ana<\/h3>\n<p>Mums ir augst\u0101k\u0101s klases p\u0101rbaudes iek\u0101rtas un test\u0113\u0161anas stendi, lai nodro\u0161in\u0101tu, ka balona veiktsp\u0113ja atbilst pras\u012bb\u0101m.<\/p>\n<p><img loading=\"lazy\" decoding=\"async\" class=\"alignnone wp-image-632\" src=\"https:\/\/hydraulic-cylinders.net\/wp-content\/uploads\/2023\/08\/hydraulic-cylinder-product-8-300x200.webp\" alt=\"\" width=\"389\" height=\"260\" \/><\/p>\n<p>&nbsp;<\/p>\n<p>&nbsp;<\/p>\n<p>M\u0113s esam viens no lab\u0101kajiem hidraulisko cilindru ra\u017eot\u0101jiem. M\u0113s varam pied\u0101v\u0101t visaptvero\u0161us hidrauliskos cilindrus. M\u0113s nodro\u0161in\u0101m ar\u012b atbilsto\u0161us <a href=\"https:\/\/hzpt.com\/agricultural-pto-gearbox\/\" target=\"_blank\" rel=\"noopener\">lauksaimniec\u012bbas p\u0101rnesumk\u0101rbas<\/a>. M\u0113s esam eksport\u0113ju\u0161i savus produktus klientiem vis\u0101 pasaul\u0113 un esam ieguvu\u0161i labu reput\u0101ciju, pateicoties m\u016bsu izcilajai produktu kvalit\u0101tei un p\u0113cp\u0101rdo\u0161anas servisam. M\u0113s aicin\u0101m klientus no valsts un \u0101rvalst\u012bm sazin\u0101ties ar mums, lai risin\u0101tu biznesa sarunas, apmain\u012btos ar inform\u0101ciju un... <a href=\"https:\/\/www.hydraulic-cylinders.net\/lv\/contact-us\/\">sadarboties ar mums<\/a>!<\/p>","protected":false},"excerpt":{"rendered":"<p>Aerial Work Platform Electric Cylinder The aerial work platform electric cylinder is a cutting-edge hydraulic component designed to enhance efficiency and safety in elevated work environments. This innovative cylinder is critical in aerial work platforms, providing precise and controlled vertical movement for workers, tools, and equipment. With the increasingly strict environmental protection laws and regulations, [&hellip;]<\/p>","protected":false},"featured_media":1516,"comment_status":"open","ping_status":"closed","template":"","meta":{"_et_pb_use_builder":"","_et_pb_old_content":"","_et_gb_content_width":""},"product_brand":[],"product_cat":[1500,1549,1376],"product_tag":[1380],"class_list":{"0":"post-1514","1":"product","2":"type-product","3":"status-publish","4":"has-post-thumbnail","6":"product_cat-aerial-work-vehicle-hydraulic-cylinder","7":"product_cat-single-acting-hydraulic-cylinder","8":"product_cat-hydraulic-cylinder","9":"product_tag-hydraulic-cylinder","11":"first","12":"instock","13":"shipping-taxable","14":"product-type-simple"},"amp_enabled":true,"_links":{"self":[{"href":"https:\/\/www.hydraulic-cylinders.net\/lv\/wp-json\/wp\/v2\/product\/1514","targetHints":{"allow":["GET"]}}],"collection":[{"href":"https:\/\/www.hydraulic-cylinders.net\/lv\/wp-json\/wp\/v2\/product"}],"about":[{"href":"https:\/\/www.hydraulic-cylinders.net\/lv\/wp-json\/wp\/v2\/types\/product"}],"replies":[{"embeddable":true,"href":"https:\/\/www.hydraulic-cylinders.net\/lv\/wp-json\/wp\/v2\/comments?post=1514"}],"wp:featuredmedia":[{"embeddable":true,"href":"https:\/\/www.hydraulic-cylinders.net\/lv\/wp-json\/wp\/v2\/media\/1516"}],"wp:attachment":[{"href":"https:\/\/www.hydraulic-cylinders.net\/lv\/wp-json\/wp\/v2\/media?parent=1514"}],"wp:term":[{"taxonomy":"product_brand","embeddable":true,"href":"https:\/\/www.hydraulic-cylinders.net\/lv\/wp-json\/wp\/v2\/product_brand?post=1514"},{"taxonomy":"product_cat","embeddable":true,"href":"https:\/\/www.hydraulic-cylinders.net\/lv\/wp-json\/wp\/v2\/product_cat?post=1514"},{"taxonomy":"product_tag","embeddable":true,"href":"https:\/\/www.hydraulic-cylinders.net\/lv\/wp-json\/wp\/v2\/product_tag?post=1514"}],"curies":[{"name":"wp","href":"https:\/\/api.w.org\/{rel}","templated":true}]}}