{"id":15147,"date":"2025-01-19T14:09:54","date_gmt":"2025-01-19T14:09:54","guid":{"rendered":"https:\/\/www.hydraulic-cylinders.net\/product\/bucket-cylinder-for-komatsu-large-excavator-pc360-8mo\/"},"modified":"2025-01-19T14:09:56","modified_gmt":"2025-01-19T14:09:56","slug":"bucket-cylinder-for-komatsu-large-excavator-pc360-8mo","status":"publish","type":"product","link":"https:\/\/www.hydraulic-cylinders.net\/lv\/products\/bucket-cylinder-for-komatsu-large-excavator-pc360-8mo\/","title":{"rendered":"Kausa cilindrs Komatsu lielajam ekskavatoram PC360-8MO"},"content":{"rendered":"<h1>Kausa cilindrs Komatsu lielajam ekskavatoram PC360-8MO<\/h1>\n<h2>Ievads<\/h2>\n<h3>Kausa cilindra defin\u0113\u0161ana<\/h3>\n<p>Kausa cilindrs ir speci\u0101li izstr\u0101d\u0101ts hidrauliskais cilindrs, ko izmanto, lai kontrol\u0113tu kausa kust\u012bbu smagaj\u0101s ma\u0161\u012bn\u0101s, piem\u0113ram, ekskavatoros, univers\u0101lajos ekskavatoros un front\u0101lajos iekr\u0101v\u0113jos. T\u0101 galven\u0101 funkcija ir nodro\u0161in\u0101t kausa pacel\u0161anu, nolai\u0161anu un noliek\u0161anu, atvieglojot da\u017e\u0101du materi\u0101lu apstr\u0101des uzdevumu veik\u0161anu. Hidrauliskaj\u0101 sist\u0113m\u0101 kausa cilindrs pan\u0101k prec\u012bzu kausa vad\u012bbu, mainot hidraulisk\u0101s e\u013c\u013cas spiedienu, \u013caujot operatoriem efekt\u012bvi apstr\u0101d\u0101t smagas kravas, piel\u0101goties sare\u017e\u0123\u012btai darba videi un da\u017e\u0101d\u0101m ekspluat\u0101cijas pras\u012bb\u0101m.<\/p>\n<p><img decoding=\"async\" src=\"https:\/\/www.hydraulic-cylinders.net\/wp-content\/uploads\/2025\/01\/songte-company-2.webp\" alt=\"Kausa cilindra att\u0113ls\"><\/p>\n<h3>Kausa cilindra \u012bpa\u0161\u012bbas<\/h3>\n<ul>\n<li>Augsta iztur\u012bba un ilgm\u016b\u017e\u012bba: Parasti izgatavots no augstas stipr\u012bbas t\u0113rauda vai alum\u012bnija, tas var iztur\u0113t augstu spiedienu un lielas slodzes, piel\u0101goties skarbai darba videi un \u0146emt v\u0113r\u0101 nodilumiztur\u012bbu un korozijas iztur\u012bbu, lai pagarin\u0101tu kalpo\u0161anas laiku.<\/li>\n<li>Efekt\u012bva hidraulisk\u0101 darb\u012bba: Vienm\u0113r\u012bga izstiep\u0161ana un sarau\u0161an\u0101s tiek pan\u0101kta, izmantojot hidraulisk\u0101s e\u013c\u013cas spiedienu, nodro\u0161inot sp\u0113c\u012bgu stum\u0161anas un vilk\u0161anas sp\u0113ku, un ir piem\u0113rota smagu kravu apstr\u0101dei un sare\u017e\u0123\u012btiem ekspluat\u0101cijas uzdevumiem.<\/li>\n<li>Da\u017e\u0101di veidi: vienas darb\u012bbas (hidrauliku izmanto tikai vien\u0101 virzien\u0101) vai divk\u0101r\u0161as darb\u012bbas (hidrauliku izmanto abos virzienos) cilindrus var izv\u0113l\u0113ties atbilsto\u0161i vajadz\u012bb\u0101m, lai apmierin\u0101tu da\u017e\u0101das ekspluat\u0101cijas pras\u012bbas. Da\u017ei mode\u013ci ir teleskopiski, kas \u013cauj tos pagarin\u0101t, nepalielinot \u0101r\u0113jos izm\u0113rus, un ir piem\u0113roti lietojumiem ar ierobe\u017eotu vietu.<\/li>\n<li>Nomain\u0101ms da\u017e\u0101diem mode\u013ciem: m\u016bsu produkti var lieliski aizst\u0101t \u0161os hidrauliskos cilindrus.<\/li>\n<\/ul>\n<p><img decoding=\"async\" src=\"https:\/\/www.hydraulic-cylinders.net\/wp-content\/uploads\/2025\/01\/songte-cylinder-head-with-all-kinds-excavator-models.webp\" alt=\"Kausa cilindra nomai\u0146as att\u0113ls\"><\/p>\n<h3>Kausa cilindra pielietojums<\/h3>\n<p>Kausa cilindri tiek pla\u0161i izmantoti da\u017e\u0101da veida ma\u0161\u012bn\u0101s, piem\u0113ram:<\/p>\n<ul>\n<li>B\u016bvniec\u012bbas apr\u012bkojums: ekskavatoros tie ir \u013coti svar\u012bgi augsnes vai gru\u017eu rak\u0161anai, iekrau\u0161anai un p\u0101rvieto\u0161anai. Ekskavatoros-iekr\u0101v\u0113jos tie pal\u012bdz gan rak\u0161an\u0101, gan cel\u0161an\u0101.<\/li>\n<li>Lauksaimniec\u012bbas tehnika: Izmanto front\u0101lajiem iekr\u0101v\u0113jiem, augsnes, siena un citu materi\u0101lu sav\u0101k\u0161anai, cel\u0161anai un transport\u0113\u0161anai.<\/li>\n<li>Ekskavatori: Kausa cilindrs \u013cauj veikt izrakumus, \u013caujot kausam iek\u013c\u016bt augsn\u0113.<\/li>\n<li>Iekr\u0101v\u0113ji: Front\u0101lajos iekr\u0101v\u0113jos tie pal\u012bdz efekt\u012bvi pacelt un noliekt kravu.<\/li>\n<\/ul>\n<h3>Kausa cilindra projekt\u0113\u0161anas apsv\u0113rumi<\/h3>\n<p>Projekt\u0113jot kausa cilindru, svar\u012bgi ir \u0161\u0101di faktori:<\/p>\n<h4>Kravnes\u012bba<\/h4>\n<p>Balona konstrukcij\u0101 j\u0101\u0146em v\u0113r\u0101 slodzes apjoms, ko cilindrs var iztur\u0113t bez deform\u0101cijas vai boj\u0101jumiem.<\/p>\n<h4>Bl\u012bv\u0113\u0161ana<\/h4>\n<p>Lai nov\u0113rstu hidraulisk\u0101s e\u013c\u013cas nopl\u016bdi un nodro\u0161in\u0101tu cilindra efekt\u012bvu darb\u012bbu, ir svar\u012bgi nodro\u0161in\u0101t atbilsto\u0161u bl\u012bv\u0113jumu.<\/p>\n<h4>Iztur\u012bba<\/h4>\n<p>Balona materi\u0101lam j\u0101sp\u0113j iztur\u0113t skarbos darba apst\u0101k\u013cus un pretoties nodilumam un korozijai.<\/p>\n<h4>Dro\u0161\u012bba<\/h4>\n<p>Kausa cilindriem j\u0101b\u016bt konstru\u0113tiem, \u0146emot v\u0113r\u0101 dro\u0161\u012bbu, visus iesp\u0113jamos apdraud\u0113jumus un nodro\u0161inot, ka cilindrs darb\u012bbas laik\u0101 nesaboj\u0101jas.<\/p>\n<h4>Uzturam\u012bba<\/h4>\n<p>Balonam j\u0101b\u016bt konstru\u0113tam t\u0101, lai to b\u016btu viegli remont\u0113t un apkopt, lai nodro\u0161in\u0101tu optim\u0101lu veiktsp\u0113ju un ilgm\u016b\u017e\u012bbu.<\/p>\n<p><img decoding=\"async\" src=\"https:\/\/www.hydraulic-cylinders.net\/wp-content\/uploads\/2025\/01\/songte-oil-pipes-and-spare-parts.webp\" alt=\"Kausa cilindra dizaina att\u0113ls\"><\/p>\n<h3>Kausa cilindra bl\u012bv\u0113\u0161ana un e\u013c\u013co\u0161ana<\/h3>\n<p>Kausa cilindram ir nepiecie\u0161ami da\u017e\u0101di bl\u012bv\u0113\u0161anas komponenti, piem\u0113ram, virzu\u013ca bl\u012bvsl\u0113gi \u200b\u200bun stie\u0146a bl\u012bvsl\u0113gi, kas izgatavoti no nodilumiztur\u012bgiem materi\u0101liem, piem\u0113ram, poliuret\u0101na un nitrila gumijas, lai nodro\u0161in\u0101tu efekt\u012bvu bl\u012bv\u0113\u0161anu. Cilindra korpuss un v\u012bt\u0146ot\u0101 gala virsma tiek r\u016bp\u012bgi apstr\u0101d\u0101ta, lai uzlabotu nodilumiztur\u012bbu. Lai nodro\u0161in\u0101tu optim\u0101lu veiktsp\u0113ju un ilgm\u016b\u017e\u012bbu, ir nepiecie\u0161ama regul\u0101ra e\u013c\u013co\u0161ana ar hidraulisko e\u013c\u013cu.<\/p>\n<h3>Kausa cilindra profilaktisk\u0101 apkope un probl\u0113mu nov\u0113r\u0161ana<\/h3>\n<ul>\n<li>Regul\u0101ras p\u0101rbaudes: Regul\u0101ri p\u0101rbaudiet balonu, lai atkl\u0101tu un nov\u0113rstu iesp\u0113jam\u0101s probl\u0113mas, pirms t\u0101s k\u013c\u016bst nopietnas.<\/li>\n<li>Pareiza e\u013c\u013co\u0161ana: Lai cilindrs darbotos efekt\u012bvi un samazin\u0101tu nodilumu, ir nepiecie\u0161ama atbilsto\u0161a e\u013c\u013co\u0161ana.<\/li>\n<li>Bl\u012bv\u0113jumu nomai\u0146a: Nolietoti bl\u012bv\u0113jumi var izrais\u012bt nopl\u016bdes un samazin\u0101t cilindra efektivit\u0101ti; to nomai\u0146a var pal\u012bdz\u0113t uztur\u0113t optim\u0101lu veiktsp\u0113ju.<\/li>\n<\/ul>\n<p>Ir svar\u012bgi pareizi uzst\u0101d\u012bt kausa cilindru un prec\u012bzi to izl\u012bdzin\u0101t. Cilindra nostiprin\u0101\u0161anai ieteicams izmantot atbilsto\u0161us uzst\u0101d\u012b\u0161anas kron\u0161teinus. Regul\u0101ras p\u0101rbaudes, remonta un nomai\u0146as proced\u016bras ir b\u016btiskas, lai pagarin\u0101tu kausa cilindra kalpo\u0161anas laiku.<\/p>\n<p><img decoding=\"async\" src=\"https:\/\/www.hydraulic-cylinders.net\/wp-content\/uploads\/2025\/01\/songte-chushion-collar.webp\" alt=\"Kausa cilindra apkopes att\u0113ls\"><\/p>\n<h3>Dro\u0161\u012bbas apsv\u0113rumi un vides faktori<\/h3>\n<p>Izmantojot kausu cilindrus, ir svar\u012bgi \u0146emt v\u0113r\u0101 dro\u0161\u012bbas pas\u0101kumus, lai nodro\u0161in\u0101tu cilindra efekt\u012bvu darb\u012bbu un izvair\u012btos no jebk\u0101diem zaud\u0113jumiem vai boj\u0101jumiem. J\u0101apsver pareiza lietotu hidraulisko cilindru utiliz\u0101cija, lai nov\u0113rstu vides pies\u0101r\u0146ojumu un nodro\u0161in\u0101tu dro\u0161\u012bbu.<\/p>\n<h3>Kausa cilindra diagnostika un probl\u0113mu nov\u0113r\u0161ana<\/h3>\n<p>Visbie\u017e\u0101k sastopam\u0101 probl\u0113ma ar kausu cilindriem ir bl\u012bv\u0113jumu boj\u0101jumi, kas var izrais\u012bt nopl\u016bdes un samazin\u0101t cilindra efektivit\u0101ti. Regul\u0101ra p\u0101rbaude, atbilsto\u0161s apkopes grafiks un boj\u0101to deta\u013cu savlaic\u012bga nomai\u0146a var nov\u0113rst \u0161o probl\u0113mu.<\/p>\n<p><img decoding=\"async\" src=\"https:\/\/www.hydraulic-cylinders.net\/wp-content\/uploads\/2025\/01\/songte-bushings-with-all-kinds-of-excavator-models.webp\" alt=\"Kausa cilindra probl\u0113mu nov\u0113r\u0161anas att\u0113ls\"><\/p>\n<h2>Par mums<\/h2>\n<p>M\u0113s esam rezerves hidraulisko cilindru ra\u017eot\u0101js ar pilnu produktu kl\u0101stu un esam k\u013cuvu\u0161i par vienu no vado\u0161ajiem hidraulisko cilindru ra\u017eot\u0101jiem un vairumtirgot\u0101jiem viet\u0113j\u0101 un starptautiskaj\u0101 tirg\u016b. M\u0113s iev\u0113rojam r\u016bpniecisk\u0101s ra\u017eo\u0161anas vad\u012bbas strat\u0113\u0123iju, kuras pamat\u0101 ir izcila kvalit\u0101te, un pa\u013caujamies uz tehnisko talantu, augstas klases digit\u0101lo ra\u017eo\u0161anas iek\u0101rtu un profesion\u0101lu test\u0113\u0161anas sist\u0113mu pielieto\u0161anu, lai nep\u0101rtraukti uzlabotu darbn\u012bcas ra\u017eo\u0161anas l\u012bniju, uzlabotu produktu kvalit\u0101ti un mums ir sp\u0113c\u012bgas rado\u0161as sp\u0113jas apmierin\u0101t klientu da\u017e\u0101d\u0101s vajadz\u012bbas, iev\u0113rojot augstas efektivit\u0101tes, augstas precizit\u0101tes un augstas kvalit\u0101tes principus.<\/p>\n<p><img decoding=\"async\" src=\"https:\/\/hzpt.com\/wp-content\/uploads\/2024\/11\/songte-company-1.webp\" alt=\"Par mums Att\u0113ls\"><\/p>\n<h3>M\u016bsu specialit\u0101tes<\/h3>\n<ul>\n<li>Profesionalit\u0101te: Mums ir ekspertu komanda, kas p\u0101rzina hidrauliskos cilindrus un var pied\u0101v\u0101t piel\u0101gotus risin\u0101jumus da\u017e\u0101diem klientiem.<\/li>\n<li>Starptautisk\u0101s sertifik\u0101cijas: M\u016bsu produkti ir starptautiski sertific\u0113ti, kas nodro\u0161ina, ka m\u016bsu produkti atbilst nozares standartiem un noteikumiem.<\/li>\n<li>Piel\u0101go\u0161anas pakalpojumi: M\u0113s pied\u0101v\u0101jam piel\u0101gotus hidrauliskos cilindrus atbilsto\u0161i klientu vajadz\u012bb\u0101m, nodro\u0161inot, ka cilindrs atbilst vi\u0146u \u012bpa\u0161aj\u0101m pras\u012bb\u0101m.<\/li>\n<li>Ra\u017eo\u0161anas iek\u0101rtas: Mums ir uzlabotas ra\u017eo\u0161anas iek\u0101rtas un tehnolo\u0123ijas, lai nodro\u0161in\u0101tu produktu kvalit\u0101ti un efektivit\u0101ti.<\/li>\n<li>P\u0113cp\u0101rdo\u0161anas serviss: M\u0113s pied\u0101v\u0101jam pilnu p\u0113cp\u0101rdo\u0161anas servisu, tostarp rezerves da\u013cas un atjauno\u0161anas pakalpojumus, lai nodro\u0161in\u0101tu m\u016bsu produktu ilgm\u016b\u017e\u012bbu.<\/li>\n<\/ul>\n<p><img decoding=\"async\" src=\"https:\/\/www.hydraulic-cylinders.net\/wp-content\/uploads\/2025\/01\/songte-company-3.webp\" alt=\"M\u016bsu uz\u0146\u0113muma t\u0113ls\"><\/p>\n<p><em>Autors: lil<\/em><\/p>","protected":false},"excerpt":{"rendered":"<p>Bucket Cylinder for Komatsu Large Excavator PC360-8MO Introduction Defining Bucket Cylinder A bucket cylinder is a specially designed hydraulic cylinder used to control the movement of the bucket in heavy machinery such as excavators, backhoe excavators, and front-end loaders. Its main function is to enable the bucket to lift, lower, and tilt, making it easier [&hellip;]<\/p>","protected":false},"featured_media":14789,"comment_status":"open","ping_status":"closed","template":"","meta":{"_et_pb_use_builder":"","_et_pb_old_content":"","_et_gb_content_width":""},"product_brand":[],"product_cat":[1494],"product_tag":[1495,1496],"class_list":{"0":"post-15147","1":"product","2":"type-product","3":"status-publish","4":"has-post-thumbnail","6":"product_cat-bucket-cylinders","7":"product_tag-bucket-cylinders","8":"product_tag-hydraulic-cylinders","10":"first","11":"instock","12":"shipping-taxable","13":"product-type-simple"},"amp_enabled":true,"_links":{"self":[{"href":"https:\/\/www.hydraulic-cylinders.net\/lv\/wp-json\/wp\/v2\/product\/15147","targetHints":{"allow":["GET"]}}],"collection":[{"href":"https:\/\/www.hydraulic-cylinders.net\/lv\/wp-json\/wp\/v2\/product"}],"about":[{"href":"https:\/\/www.hydraulic-cylinders.net\/lv\/wp-json\/wp\/v2\/types\/product"}],"replies":[{"embeddable":true,"href":"https:\/\/www.hydraulic-cylinders.net\/lv\/wp-json\/wp\/v2\/comments?post=15147"}],"wp:featuredmedia":[{"embeddable":true,"href":"https:\/\/www.hydraulic-cylinders.net\/lv\/wp-json\/wp\/v2\/media\/14789"}],"wp:attachment":[{"href":"https:\/\/www.hydraulic-cylinders.net\/lv\/wp-json\/wp\/v2\/media?parent=15147"}],"wp:term":[{"taxonomy":"product_brand","embeddable":true,"href":"https:\/\/www.hydraulic-cylinders.net\/lv\/wp-json\/wp\/v2\/product_brand?post=15147"},{"taxonomy":"product_cat","embeddable":true,"href":"https:\/\/www.hydraulic-cylinders.net\/lv\/wp-json\/wp\/v2\/product_cat?post=15147"},{"taxonomy":"product_tag","embeddable":true,"href":"https:\/\/www.hydraulic-cylinders.net\/lv\/wp-json\/wp\/v2\/product_tag?post=15147"}],"curies":[{"name":"wp","href":"https:\/\/api.w.org\/{rel}","templated":true}]}}