{"id":15148,"date":"2025-01-19T14:09:58","date_gmt":"2025-01-19T14:09:58","guid":{"rendered":"https:\/\/www.hydraulic-cylinders.net\/product\/bucket-cylinder-for-komatsu-large-excavator-pc650lc-8r-650lccse-8r\/"},"modified":"2025-01-19T14:10:00","modified_gmt":"2025-01-19T14:10:00","slug":"bucket-cylinder-for-komatsu-large-excavator-pc650lc-8r-650lccse-8r","status":"publish","type":"product","link":"https:\/\/www.hydraulic-cylinders.net\/lv\/products\/bucket-cylinder-for-komatsu-large-excavator-pc650lc-8r-650lccse-8r\/","title":{"rendered":"Kausa cilindrs Komatsu lielajam ekskavatoram PC650LC-8R\/650LCCSE-8R"},"content":{"rendered":"<h1>Kausa cilindrs Komatsu lielajam ekskavatoram PC650LC-8R\/650LCCSE-8R<\/h1>\n<h2>Ievads<\/h2>\n<p>Kausa cilindrs ir speci\u0101li izstr\u0101d\u0101ts hidrauliskais cilindrs, ko izmanto, lai kontrol\u0113tu kausa kust\u012bbu smagaj\u0101s ma\u0161\u012bn\u0101s, piem\u0113ram, ekskavatoros, iekr\u0101v\u0113jos ar ekskavatoru un front\u0101lajos iekr\u0101v\u0113jos. T\u0101 galven\u0101 funkcija ir nodro\u0161in\u0101t kausa pacel\u0161anu, nolai\u0161anu un noliek\u0161anu, padarot to piem\u0113rotu da\u017e\u0101diem materi\u0101lu apstr\u0101des uzdevumiem. Hidrauliskaj\u0101 sist\u0113m\u0101 kausa cilindrs pan\u0101k prec\u012bzu kausa vad\u012bbu, mainot hidraulisk\u0101s e\u013c\u013cas spiedienu, \u013caujot operatoriem efekt\u012bvi apstr\u0101d\u0101t smagas kravas un piel\u0101goties sare\u017e\u0123\u012btai darba videi un da\u017e\u0101d\u0101m ekspluat\u0101cijas pras\u012bb\u0101m.<\/p>\n<p><img decoding=\"async\" src=\"https:\/\/www.hydraulic-cylinders.net\/wp-content\/uploads\/2025\/01\/songte-company-2.webp\"><\/p>\n<h2>Funkcijas<\/h2>\n<ul>\n<li>Augsta iztur\u012bba un ilgm\u016b\u017e\u012bba: parasti izgatavots no augstas stipr\u012bbas t\u0113rauda vai alum\u012bnija, sp\u0113j iztur\u0113t augstu spiedienu un lielas slodzes, piem\u0113rots skarbai darba videi, izstr\u0101d\u0101ts, \u0146emot v\u0113r\u0101 nodilumiztur\u012bbu un korozijas iztur\u012bbu, pagarinot kalpo\u0161anas laiku.<\/li>\n<li>Efekt\u012bva hidraulisk\u0101 darb\u012bba: vienm\u0113r\u012bga izstiep\u0161ana un sarau\u0161an\u0101s, ko pan\u0101k hidraulisk\u0101s e\u013c\u013cas spiediens, sp\u0113ja \u0101tri rea\u0123\u0113t uz vad\u012bbas komand\u0101m, nodro\u0161inot sp\u0113c\u012bgu stum\u0161anas un vilk\u0161anas sp\u0113ku, piem\u0113rots smagu kravu apstr\u0101dei un sare\u017e\u0123\u012btiem ekspluat\u0101cijas uzdevumiem.<\/li>\n<li>Da\u017e\u0101du veidu cilindrus: vienas darb\u012bbas (hidraulika tiek izmantota tikai vien\u0101 virzien\u0101) vai divk\u0101r\u0161as darb\u012bbas (hidraulika tiek izmantota abos virzienos) var izv\u0113l\u0113ties atbilsto\u0161i pras\u012bb\u0101m, lai apmierin\u0101tu da\u017e\u0101das ekspluat\u0101cijas vajadz\u012bbas. Da\u017ei mode\u013ci ir teleskopiski, kas \u013cauj tos pagarin\u0101t, nepalielinot \u0101r\u0113jos izm\u0113rus, un ir piem\u0113roti lietojumiem ar ierobe\u017eotu telpu.<\/li>\n<li>Viegli nomain\u0101ms: m\u016bsu produkti var lieliski aizst\u0101t \u0161os hidrauliskos cilindrus.<\/li>\n<\/ul>\n<p><img decoding=\"async\" src=\"https:\/\/www.hydraulic-cylinders.net\/wp-content\/uploads\/2025\/01\/songte-cylinder-head-with-all-kinds-excavator-models.webp\"><\/p>\n<h2>Pieteikumi<\/h2>\n<p>Kausa cilindrs ir b\u016btisks augsnes vai gru\u017eu rak\u0161anai, iekrau\u0161anai un p\u0101rvieto\u0161anai celtniec\u012bbas tehnik\u0101, piem\u0113ram, ekskavatoros un ekskavatoru-iekr\u0101v\u0113jos. Front\u0101lajos iekr\u0101v\u0113jos tie pal\u012bdz efekt\u012bvi pacelt un noliekt preces. Tos izmanto ar\u012b lauksaimniec\u012bbas tehnik\u0101 augsnes, siena un citu materi\u0101lu iekrau\u0161anai, cel\u0161anai un transport\u0113\u0161anai. Kausa cilindri \u013cauj ekskavatoriem iek\u013c\u016bt augsn\u0113, lai veiktu rak\u0161anas darbus. T\u0101l\u0101k ir nor\u0101d\u012bti da\u017ei no da\u017e\u0101dajiem pielietojumiem:<\/p>\n<h3>Celtniec\u012bbas tehnika<\/h3>\n<p>Ekskavatoros kausa cilindri ir nepiecie\u0161ami augsnes vai gru\u017eu rak\u0161anai, iekrau\u0161anai un p\u0101rvieto\u0161anai. Ekskavatoros-iekr\u0101v\u0113jos kausa cilindri pal\u012bdz gan rak\u0161anas, gan cel\u0161anas darbos. Tie ir svar\u012bgi ar\u012b front\u0101lajos iekr\u0101v\u0113jos, kur tie pal\u012bdz efekt\u012bvi pacelt un noliekt preces.<\/p>\n<h3>Lauksaimniec\u012bbas tehnika<\/h3>\n<p>Kausa cilindrus izmanto front\u0101lajos iekr\u0101v\u0113jos augsnes, siena un citu materi\u0101lu iekrau\u0161anai, cel\u0161anai un transport\u0113\u0161anai. Tos izmanto ar\u012b da\u017e\u0101da veida lauksaimniec\u012bbas tehnik\u0101.<\/p>\n<h3>Ekskavatori<\/h3>\n<p>Kausa cilindri \u013cauj ekskavatoriem iek\u013c\u016bt augsn\u0113 rak\u0161anas darbu veik\u0161anai, kas ir b\u016btiski da\u017e\u0101dos b\u016bvniec\u012bbas un rak\u0161anas projektos.<\/p>\n<h3>Front\u0101lie iekr\u0101v\u0113ji<\/h3>\n<p>Front\u0101lajos iekr\u0101v\u0113jos kausa cilindri pal\u012bdz efekt\u012bvi pacelt un noliekt preces, kas ir svar\u012bgi da\u017e\u0101dos iekrau\u0161anas un izkrau\u0161anas darbos.<\/p>\n<h3>Ekskavatori-iekr\u0101v\u0113ji<\/h3>\n<p>Ekskavatoros-iekr\u0101v\u0113jos kausa cilindri pal\u012bdz gan rak\u0161anas, gan cel\u0161anas darbos, padarot tos ide\u0101li piem\u0113rotus da\u017e\u0101diem b\u016bvniec\u012bbas un rak\u0161anas projektiem.<\/p>\n<p><img decoding=\"async\" src=\"https:\/\/www.hydraulic-cylinders.net\/wp-content\/uploads\/2025\/01\/songte-bushings-with-all-kinds-of-excavator-models.webp\"><\/p>\n<h2>Projekt\u0113\u0161anas apsv\u0113rumi un atlases standarti<\/h2>\n<p>Kausa cilindriem ir daudz dizaina apsv\u0113rumu un atlases standartu, kas nodro\u0161ina to funkcionalit\u0101ti un iztur\u012bbu.<\/p>\n<h3>Nestsp\u0113ja<\/h3>\n<p>Kausa cilindru nestsp\u0113ja ir svar\u012bgs to konstrukcijas aspekts. Cilindram j\u0101sp\u0113j iztur\u0113t lielas slodzes un augstu spiedienu, t\u0101p\u0113c ir svar\u012bgi cilindra konstrukcij\u0101 izmantot augstas iztur\u012bbas materi\u0101lus.<\/p>\n<h3>Bl\u012bv\u0113\u0161anas \u012bpa\u0161\u012bbas<\/h3>\n<p>Kausa cilindram j\u0101sp\u0113j uztur\u0113t herm\u0113tisku bl\u012bv\u0113jumu, lai nov\u0113rstu hidraulisk\u0101s e\u013c\u013cas nopl\u016bdi. Cilindram j\u0101izmanto augstas kvalit\u0101tes bl\u012bv\u0113\u0161anas materi\u0101li, piem\u0113ram, virzu\u013ca bl\u012bvsl\u0113gi \u200b\u200bun stie\u0146a bl\u012bvsl\u0113gi, kas izgatavoti no poliuret\u0101na vai nitrila gumijas. Pareiza cilindra virsmas apdare un prec\u012bza cilindra galvas un virzu\u013ca stie\u0146a apstr\u0101de var iev\u0113rojami uzlabot bl\u012bv\u0113\u0161anas \u012bpa\u0161\u012bbas un nov\u0113rst e\u013c\u013cas nopl\u016bdi.<\/p>\n<h3>Iztur\u012bba<\/h3>\n<p>Kausa cilindram j\u0101b\u016bt pietiekami iztur\u012bgam, lai iztur\u0113tu skarbus darba apst\u0101k\u013cus un nodilumu. Tam j\u0101b\u016bt konstru\u0113tam no nodilumiztur\u012bgiem materi\u0101liem un korozijiztur\u012bgiem p\u0101rkl\u0101jumiem, kas var pagarin\u0101t cilindra kalpo\u0161anas laiku.<\/p>\n<h3>Dro\u0161\u012bba<\/h3>\n<p>Kausu cilindriem j\u0101b\u016bt konstru\u0113tiem, \u0146emot v\u0113r\u0101 dro\u0161\u012bbu. Tiem j\u0101sp\u0113j iztur\u0113t augstu spiedienu un lielas slodzes, un tiem j\u0101b\u016bt apr\u012bkotiem ar dro\u0161\u012bbas funkcij\u0101m, piem\u0113ram, spiediena samazin\u0101\u0161anas v\u0101rstiem, lai nov\u0113rstu negad\u012bjumus.<\/p>\n<h3>Uzturam\u012bba<\/h3>\n<p>Kausa cilindriem j\u0101b\u016bt konstru\u0113tiem t\u0101, lai tos b\u016btu viegli apkopt. Tiem j\u0101b\u016bt viegli izjaucamiem un saliekamiem, un tajos j\u0101izmanto viegli pieejamas nomain\u0101mas deta\u013cas. Cilindru virsmas apdare un prec\u012bza apstr\u0101de var ar\u012b atvieglot apkopes darbus, piem\u0113ram, bl\u012bv\u0113jumu un gult\u0146u nomai\u0146u un kalibr\u0113\u0161anu.<\/p>\n<p><img decoding=\"async\" src=\"https:\/\/www.hydraulic-cylinders.net\/wp-content\/uploads\/2025\/01\/songte-oil-pipes-and-spare-parts.webp\"><\/p>\n<h2>Bl\u012bv\u0113\u0161ana un e\u013c\u013co\u0161ana<\/h2>\n<p>Lai kausa cilindri darbotos efekt\u012bvi, tiem ir nepiecie\u0161ams atbilsto\u0161s bl\u012bv\u0113jums un e\u013c\u013co\u0161ana. Cilindra virzu\u013ca bl\u012bv\u0113jumiem un stie\u0146a bl\u012bv\u0113jumiem j\u0101b\u016bt izgatavotiem no augstas kvalit\u0101tes materi\u0101liem, piem\u0113ram, poliuret\u0101na vai nitrila gumijas, lai nodro\u0161in\u0101tu herm\u0113tisku bl\u012bv\u0113jumu un nov\u0113rstu e\u013c\u013cas nopl\u016bdi. Cilindra virsmas apdare un cilindra galvas un virzu\u013ca stie\u0146a prec\u012bz\u0101 apstr\u0101de var uzlabot bl\u012bv\u0113juma funkciju un nov\u0113rst e\u013c\u013cas nopl\u016bdi. Lai nodro\u0161in\u0101tu pareizu darb\u012bbu, cilindrs ir j\u0101iee\u013c\u013co ar atbilsto\u0161u hidraulisko e\u013c\u013cu. Lai uztur\u0113tu cilindra veiktsp\u0113ju, hidraulisk\u0101 e\u013c\u013ca ir regul\u0101ri j\u0101papildina.<\/p>\n<h2>Apkope un remonts<\/h2>\n<p>Regul\u0101ra p\u0101rbaude, e\u013c\u013co\u0161ana, bl\u012bvju nomai\u0146a un kalibr\u0113\u0161anas p\u0101rbaudes ir b\u016btiskas, lai kausa cilindrs darbotos efekt\u012bvi. Pareiza uzst\u0101d\u012b\u0161ana, e\u013c\u013co\u0161ana un regul\u0113\u0161ana ir \u013coti svar\u012bga, lai pagarin\u0101tu cilindra kalpo\u0161anas laiku. T\u0101l\u0101k ir nor\u0101d\u012bti da\u017ei bie\u017ei veicamie apkopes darbi:<\/p>\n<h3>P\u0101rbaude<\/h3>\n<p>Regul\u0101ras p\u0101rbaudes var nov\u0113rst potenci\u0101las probl\u0113mas, atkl\u0101jot nodilumu, nopl\u016bdes un citas probl\u0113mas. P\u0101rbaudiet balona \u0101rpusi, vai nav boj\u0101jumu, nopl\u016b\u017eu vai nodiluma paz\u012bmju. P\u0101rbaudiet balona stiprin\u0101juma skr\u016bves, lai p\u0101rliecin\u0101tos, ka t\u0101s ir cie\u0161i pievilktas un nostiprin\u0101tas.<\/p>\n<h3>E\u013c\u013co\u0161ana<\/h3>\n<p>E\u013c\u013co\u0161ana ir b\u016btiska cilindra darb\u012bbas uztur\u0113\u0161anai. Izmantojiet atbilsto\u0161a veida un daudzuma hidraulisko e\u013c\u013cu, lai e\u013c\u013cotu cilindru un nov\u0113rstu boj\u0101jumus berzes un karstuma d\u0113\u013c.<\/p>\n<h3>Bl\u012bv\u0113juma nomai\u0146a<\/h3>\n<p>Regul\u0101ri nomainiet bl\u012bves, lai nov\u0113rstu e\u013c\u013cas nopl\u016bdi un uztur\u0113tu pareizu bl\u012bv\u0113jumu. Lai nodro\u0161in\u0101tu optim\u0101lu veiktsp\u0113ju un bl\u012bv\u0113juma \u012bpa\u0161\u012bbas, izmantojiet augstas kvalit\u0101tes poliuret\u0101na vai nitrila gumijas bl\u012bves.<\/p>\n<h3>Kalibr\u0113\u0161anas p\u0101rbaude<\/h3>\n<p>Kalibr\u0113\u0161anas p\u0101rbaudes ir b\u016btiskas, lai nodro\u0161in\u0101tu cilindra darb\u012bbu pie\u0146emam\u0101s robe\u017e\u0101s. P\u0101rbaudiet cilindra pagarin\u0101juma un sarau\u0161an\u0101s att\u0101lumu, spiediena ierobe\u017eojumus un citus kritiskus parametrus, lai nodro\u0161in\u0101tu optim\u0101lu veiktsp\u0113ju.<\/p>\n<p><img decoding=\"async\" src=\"https:\/\/www.hydraulic-cylinders.net\/wp-content\/uploads\/2025\/01\/songte-chushion-collar.webp\"><\/p>\n<h2>Dro\u0161\u012bbas apsv\u0113rumi un vides faktori<\/h2>\n<p>Kausu cilindri darbojas augsta spiediena apst\u0101k\u013cos un, ja ar tiem r\u012bkojas nepareizi, tie var rad\u012bt nopietnus dro\u0161\u012bbas apdraud\u0113jumus. Operatoriem, r\u012bkojoties ar kausu cilindriem, j\u0101iev\u0113ro atbilsto\u0161as \u200b\u200bdro\u0161\u012bbas vadl\u012bnijas un proced\u016bras. Stingra dro\u0161\u012bbas vadl\u012bniju iev\u0113ro\u0161ana un regul\u0101ra apkope var samazin\u0101t negad\u012bjumu un traumu risku. Vides faktori, piem\u0113ram, temperat\u016bra, mitrums un kod\u012bgi materi\u0101li, var ietekm\u0113t ar\u012b kausu cilindru veiktsp\u0113ju un kalpo\u0161anas laiku. Pareiza materi\u0101lu un apdares izv\u0113le var mazin\u0101t vides faktoru ietekmi.<\/p>\n<h2>Probl\u0113mu nov\u0113r\u0161ana un bie\u017ei sastopamas probl\u0113mas<\/h2>\n<p>Kausu cilindriem var rasties da\u017e\u0101das probl\u0113mas nodiluma, nopl\u016b\u017eu vai citu probl\u0113mu d\u0113\u013c. Bie\u017ei sastopamas probl\u0113mas ir e\u013c\u013cas nopl\u016bde, boj\u0101ti bl\u012bv\u0113jumi un nepareizi funkcion\u0113jo\u0161i hidrauliskie komponenti. Probl\u0113mas nov\u0113r\u0161ana var pal\u012bdz\u0113t noteikt galveno c\u0113loni un nov\u0113rst probl\u0113mas n\u0101kotn\u0113. Pareiza apkope, remonts un boj\u0101to deta\u013cu nomai\u0146a var pal\u012bdz\u0113t atjaunot cilindra funkcionalit\u0101ti. T\u0101l\u0101k ir nor\u0101d\u012btas da\u017eas izplat\u012btas probl\u0113mu nov\u0113r\u0161anas darb\u012bbas:<\/p>\n<h3>Probl\u0113mas diagnostika<\/h3>\n<p>Nosakiet probl\u0113mas pamatc\u0113loni, p\u0101rbaudot cilindru, vai nav boj\u0101jumu, nodiluma, nopl\u016b\u017eu vai citu probl\u0113mu paz\u012bmju. P\u0101rbaudiet hidraulisko sist\u0113mu, vai taj\u0101 nav pareizs spiediens un \u0161\u0137idruma l\u012bmenis. P\u0101rbaudiet cilindra stiprin\u0101juma skr\u016bves, vai nav va\u013c\u012bguma vai boj\u0101jumu paz\u012bmju.<\/p>\n<h3>Remonts un nomai\u0146a<\/h3>\n<p>P\u0113c nepiecie\u0161am\u012bbas salabojiet vai nomainiet boj\u0101t\u0101s deta\u013cas. Nomainiet nolietot\u0101s vai boj\u0101t\u0101s bl\u012bves ar augstas kvalit\u0101tes poliuret\u0101na vai nitrila gumijas bl\u012bv\u0113m. P\u0101rbaudiet hidraulisko sist\u0113mu, vai nav nopl\u016b\u017eu vai darb\u012bbas trauc\u0113jumu, un salabojiet vai nomainiet visas boj\u0101t\u0101s sast\u0101vda\u013cas.<\/p>\n<h3>Prevent\u012bvie pas\u0101kumi<\/h3>\n<p>Veiciet prevent\u012bvus pas\u0101kumus, lai samazin\u0101tu turpm\u0101ku probl\u0113mu risku. Regul\u0101ra apkope, p\u0101rbaude un remonts var pal\u012bdz\u0113t nov\u0113rst nopl\u016bdes, nodilumu un citas probl\u0113mas. Pareiza uzst\u0101d\u012b\u0161ana, kalibr\u0113\u0161ana un e\u013c\u013co\u0161ana var ar\u012b pal\u012bdz\u0113t uztur\u0113t optim\u0101lu veiktsp\u0113ju un pagarin\u0101t cilindra kalpo\u0161anas laiku.<\/p>\n<h1>Par mums<\/h1>\n<p>M\u0113s esam vado\u0161ais hidraulisko cilindru ra\u017eot\u0101js un vairumtirgot\u0101js, kas specializ\u0113jas rezerves cilindros. M\u016bsu pla\u0161ais produktu kl\u0101sts ir padar\u012bjis m\u016bs par vado\u0161o hidraulisko cilindru ra\u017eot\u0101ju un vairumtirgot\u0101ju gan viet\u0113j\u0101, gan starptautiskaj\u0101 tirg\u016b. M\u0113s tiecamies p\u0113c izcil\u012bbas kvalit\u0101t\u0113 un sav\u0101s pilnveidotaj\u0101s ra\u017eo\u0161anas darbn\u012bc\u0101s pa\u013caujamies uz industrializ\u0113t\u0101m ra\u017eo\u0161anas vad\u012bbas strat\u0113\u0123ij\u0101m. M\u0113s past\u0101v\u012bgi uzlabojam savu ra\u017eo\u0161anas platformu, pilnveidojam produktu kvalit\u0101tes ra\u017eo\u0161anas l\u012bnijas un mums ir sp\u0113c\u012bgas rado\u0161\u0101s sp\u0113jas. M\u0113s esam ap\u0146\u0113mu\u0161ies nodro\u0161in\u0101t klientus ar augstas efektivit\u0101tes, augstas precizit\u0101tes un augstas kvalit\u0101tes produktiem, kas atbilst pla\u0161am vajadz\u012bbu kl\u0101stam.<\/p>\n<p><img decoding=\"async\" src=\"https:\/\/hzpt.com\/wp-content\/uploads\/2024\/11\/songte-company-1.webp\"><\/p>\n<h2>Profesionalit\u0101te<\/h2>\n<p>M\u016bsu komandu veido pieredz\u0113ju\u0161i in\u017eenieri un tehni\u0137i, kas specializ\u0113jas hidraulisko cilindru ra\u017eo\u0161an\u0101. M\u0113s izmantojam progres\u012bvas tehnolo\u0123ijas un apr\u012bkojumu, lai nodro\u0161in\u0101tu augstas kvalit\u0101tes ra\u017eo\u0161anu un prec\u012bzu apstr\u0101di.<\/p>\n<h2>Starptautisk\u0101 sertifik\u0101cija<\/h2>\n<p>M\u016bsu produkti atbilst starptautiskajiem kvalit\u0101tes standartiem un ir sertific\u0113ti saska\u0146\u0101 ar ISO 9001:2015. M\u0113s esam ap\u0146\u0113mu\u0161ies nodro\u0161in\u0101t klientus ar augstas kvalit\u0101tes produktiem, kas atbilst starptautiskajiem standartiem.<\/p>\n<h2>Piel\u0101go\u0161anas pakalpojums<\/h2>\n<p>M\u0113s pied\u0101v\u0101jam piel\u0101gotus hidraulisko cilindru risin\u0101jumus, lai apmierin\u0101tu \u012bpa\u0161as klientu vajadz\u012bbas. M\u016bsu pieredz\u0113ju\u0161ie in\u017eenieri cie\u0161i sadarbojas ar klientiem, lai izstr\u0101d\u0101tu piel\u0101gotus risin\u0101jumus, kas atbilst vi\u0146u unik\u0101laj\u0101m pras\u012bb\u0101m.<\/p>\n<h2>Ra\u017eo\u0161anas iek\u0101rtas<\/h2>\n<p>M\u016bsu ra\u017eo\u0161anas iek\u0101rtas ir apr\u012bkotas ar modern\u0101kaj\u0101m iek\u0101rt\u0101m un tehnolo\u0123ij\u0101m, kas nodro\u0161ina efekt\u012bvus un augstas kvalit\u0101tes ra\u017eo\u0161anas procesus. M\u0113s esam ap\u0146\u0113mu\u0161ies izmantot jaun\u0101k\u0101s tehnolo\u0123ijas un iek\u0101rtas, lai ra\u017eotu augstas kvalit\u0101tes produktus.<\/p>\n<h2>P\u0113cp\u0101rdo\u0161anas serviss<\/h2>\n<p>M\u0113s pied\u0101v\u0101jam p\u0113cp\u0101rdo\u0161anas apkalpo\u0161anu un atbalstu, lai nodro\u0161in\u0101tu klientu apmierin\u0101t\u012bbu. M\u0113s sniedzam virkni pakalpojumu, tostarp hidraulisko cilindru remontu, nomai\u0146u un apkopi.<\/p>\n<p><img decoding=\"async\" src=\"https:\/\/www.hydraulic-cylinders.net\/wp-content\/uploads\/2025\/01\/songte-company-3.webp\"><\/p>\n<p>Autors: lil<\/p>","protected":false},"excerpt":{"rendered":"<p>Bucket Cylinder For Komatsu Large Excavator PC650LC-8R\/650LCCSE-8R Introduction The bucket cylinder is a specially designed hydraulic cylinder used to control the movement of the bucket in heavy machinery such as excavators, backhoe loaders, and front loaders. Its main function is to enable the bucket to be lifted, lowered, and tilted, making it suitable for various [&hellip;]<\/p>","protected":false},"featured_media":14788,"comment_status":"open","ping_status":"closed","template":"","meta":{"_et_pb_use_builder":"","_et_pb_old_content":"","_et_gb_content_width":""},"product_brand":[],"product_cat":[1494],"product_tag":[1495,1496],"class_list":{"0":"post-15148","1":"product","2":"type-product","3":"status-publish","4":"has-post-thumbnail","6":"product_cat-bucket-cylinders","7":"product_tag-bucket-cylinders","8":"product_tag-hydraulic-cylinders","10":"first","11":"instock","12":"shipping-taxable","13":"product-type-simple"},"amp_enabled":true,"_links":{"self":[{"href":"https:\/\/www.hydraulic-cylinders.net\/lv\/wp-json\/wp\/v2\/product\/15148","targetHints":{"allow":["GET"]}}],"collection":[{"href":"https:\/\/www.hydraulic-cylinders.net\/lv\/wp-json\/wp\/v2\/product"}],"about":[{"href":"https:\/\/www.hydraulic-cylinders.net\/lv\/wp-json\/wp\/v2\/types\/product"}],"replies":[{"embeddable":true,"href":"https:\/\/www.hydraulic-cylinders.net\/lv\/wp-json\/wp\/v2\/comments?post=15148"}],"wp:featuredmedia":[{"embeddable":true,"href":"https:\/\/www.hydraulic-cylinders.net\/lv\/wp-json\/wp\/v2\/media\/14788"}],"wp:attachment":[{"href":"https:\/\/www.hydraulic-cylinders.net\/lv\/wp-json\/wp\/v2\/media?parent=15148"}],"wp:term":[{"taxonomy":"product_brand","embeddable":true,"href":"https:\/\/www.hydraulic-cylinders.net\/lv\/wp-json\/wp\/v2\/product_brand?post=15148"},{"taxonomy":"product_cat","embeddable":true,"href":"https:\/\/www.hydraulic-cylinders.net\/lv\/wp-json\/wp\/v2\/product_cat?post=15148"},{"taxonomy":"product_tag","embeddable":true,"href":"https:\/\/www.hydraulic-cylinders.net\/lv\/wp-json\/wp\/v2\/product_tag?post=15148"}],"curies":[{"name":"wp","href":"https:\/\/api.w.org\/{rel}","templated":true}]}}