{"id":15150,"date":"2025-01-19T14:10:08","date_gmt":"2025-01-19T14:10:08","guid":{"rendered":"https:\/\/www.hydraulic-cylinders.net\/product\/bucket-cylinder-for-komatsu-large-excavator-pc350-5-6-7\/"},"modified":"2025-01-19T14:10:10","modified_gmt":"2025-01-19T14:10:10","slug":"bucket-cylinder-for-komatsu-large-excavator-pc350-5-6-7","status":"publish","type":"product","link":"https:\/\/www.hydraulic-cylinders.net\/lv\/products\/bucket-cylinder-for-komatsu-large-excavator-pc350-5-6-7\/","title":{"rendered":"Kausa cilindrs Komatsu lielajam ekskavatoram PC350-5-6-7"},"content":{"rendered":"<h2>Kausa cilindrs Komatsu lielajam ekskavatoram PC350-5-6-7<\/h2>\n<h3>Ievads<\/h3>\n<p>Kausa cilindrs ir speci\u0101li izstr\u0101d\u0101ts hidrauliskais cilindrs, ko izmanto, lai kontrol\u0113tu kausa kust\u012bbu smagaj\u0101s ma\u0161\u012bn\u0101s, piem\u0113ram, ekskavatoros, univers\u0101lajos ekskavatoros un front\u0101lajos iekr\u0101v\u0113jos. T\u0101 galven\u0101 funkcija ir nodro\u0161in\u0101t kausa pacel\u0161anu, nolai\u0161anu un noliek\u0161anu, atvieglojot da\u017e\u0101du materi\u0101lu apstr\u0101des uzdevumu veik\u0161anu. Hidrauliskaj\u0101 sist\u0113m\u0101 kausa cilindrs pan\u0101k prec\u012bzu kausa vad\u012bbu, mainot hidraulisk\u0101s e\u013c\u013cas spiedienu, \u013caujot operatoriem efekt\u012bvi apstr\u0101d\u0101t smagus priek\u0161metus, piel\u0101goties sare\u017e\u0123\u012btai darba videi un da\u017e\u0101d\u0101m ekspluat\u0101cijas pras\u012bb\u0101m. <\/p>\n<p><img decoding=\"async\" src=\"https:\/\/www.hydraulic-cylinders.net\/wp-content\/uploads\/2025\/01\/songte-company-2.webp\" \/><\/p>\n<h3>Funkcijas<\/h3>\n<ul>\n<li>Augsta iztur\u012bba un ilgm\u016b\u017e\u012bba: parasti izgatavoti no augstas stipr\u012bbas t\u0113rauda vai alum\u012bnija, sp\u0113j iztur\u0113t augstu spiedienu un lielas slodzes, piel\u0101goties skarbai darba videi un ir izstr\u0101d\u0101ti ar nodilumiztur\u012bbu un korozijas iztur\u012bbu, lai pagarin\u0101tu kalpo\u0161anas laiku.<\/li>\n<li>Efekt\u012bva hidraulisk\u0101 darb\u012bba: izmanto hidraulisk\u0101s e\u013c\u013cas spiedienu, lai pan\u0101ktu vienm\u0113r\u012bgas izstiep\u0161anas un sarau\u0161an\u0101s kust\u012bbas, sp\u0113j \u0101tri rea\u0123\u0113t uz darb\u012bbas komand\u0101m, nodro\u0161ina sp\u0113c\u012bgus stum\u0161anas un vilk\u0161anas sp\u0113kus, ir piem\u0113rota smagu priek\u0161metu apstr\u0101dei un sare\u017e\u0123\u012btiem ekspluat\u0101cijas uzdevumiem.<\/li>\n<li>Atkar\u012bb\u0101 no ekspluat\u0101cijas vajadz\u012bb\u0101m var izv\u0113l\u0113ties da\u017e\u0101dus cilindru veidus: vienk\u0101r\u0161\u0101s darb\u012bbas (hidrauliku izmanto tikai vien\u0101 virzien\u0101) vai divk\u0101r\u0161\u0101s darb\u012bbas (hidrauliku izmanto abos virzienos). Da\u017ei mode\u013ci ir teleskopiski, kas \u013cauj tos pagarin\u0101t, nepalielinot \u0101r\u0113jo izm\u0113ru, t\u0101p\u0113c tie ir piem\u0113roti lietojumiem ar ierobe\u017eotu vietu.<\/li>\n<li>Var aizst\u0101t citus hidrauliskos cilindrus: m\u016bsu cilindri var lieliski aizst\u0101t citus hidrauliskos cilindrus, nodro\u0161inot rentablus risin\u0101jumus iek\u0101rtu apkopei un remontam.<\/li>\n<\/ul>\n<p><img decoding=\"async\" src=\"https:\/\/www.hydraulic-cylinders.net\/wp-content\/uploads\/2025\/01\/songte-cylinder-head-with-all-kinds-excavator-models.webp\" \/><\/p>\n<h3>Pieteikumi<\/h3>\n<p>Kausa cilindri tiek izmantoti da\u017e\u0101d\u0101s smago ma\u0161\u012bnu pielietojumos, tostarp:<\/p>\n<ul>\n<li>B\u016bvniec\u012bbas apr\u012bkojums: ekskavatoros tie ir \u013coti svar\u012bgi rak\u0161anas, iekrau\u0161anas un augsnes vai gru\u017eu p\u0101rvieto\u0161anas darbiem. Ekskavatoros kausa cilindri pal\u012bdz gan rak\u0161anas, gan cel\u0161anas darbos. <\/li>\n<li>Lauksaimniec\u012bbas tehnika: izmanto front\u0101lajos iekr\u0101v\u0113jos augsnes, siena un citu materi\u0101lu sav\u0101k\u0161anai, cel\u0161anai un transport\u0113\u0161anai. <\/li>\n<li>Ekskavatori: kausa cilindri nodro\u0161ina rak\u0161anas darbus, \u013caujot kausam iek\u013c\u016bt augsn\u0113.<\/li>\n<li>Iekr\u0101v\u0113ji: front\u0101lajos iekr\u0101v\u0113jos tie pal\u012bdz efekt\u012bvi pacelt un izkraut kravu.<\/li>\n<\/ul>\n<h3>Dizaina apsv\u0113rumi un atlases krit\u0113riji<\/h3>\n<p>Dizaina apsv\u0113rumi ietver:<\/p>\n<ul>\n<li>Nestsp\u0113ja: kausa cilindri ir paredz\u0113ti, lai iztur\u0113tu augstu spiedienu un lielas slodzes.<\/li>\n<li>Bl\u012bv\u0113jums: da\u017e\u0101di bl\u012bv\u0113\u0161anas komponenti, piem\u0113ram, virzu\u013ca bl\u012bv\u0113jumi un stie\u0146a bl\u012bv\u0113jumi, tiek izmantoti, lai nodro\u0161in\u0101tu, ka hidrauliskais \u0161\u0137idrums neizpl\u016bst no cilindra.<\/li>\n<li>Iztur\u012bba: kausu cilindri ir konstru\u0113ti t\u0101, lai b\u016btu nodilumiztur\u012bgi, un da\u017eiem mode\u013ciem ir anod\u0113ts cietais p\u0101rkl\u0101jums papildu aizsardz\u012bbai.<\/li>\n<li>Dro\u0161\u012bba: kausu cilindri ir konstru\u0113ti t\u0101, lai samazin\u0101tu negad\u012bjumu iesp\u0113jam\u012bbu, piem\u0113ram, iek\u013caujot spiediena samazin\u0101\u0161anas v\u0101rstus.<\/li>\n<li>Apkope: kausu cilindri ir konstru\u0113ti t\u0101, lai tos b\u016btu viegli apkalpot un uztur\u0113t, un tiem ir t\u0101das funkcijas k\u0101 no\u0146emami gala v\u0101ci\u0146i un \u0113rta piek\u013cuve iek\u0161\u0113j\u0101m sast\u0101vda\u013c\u0101m. <\/li>\n<\/ul>\n<p><img decoding=\"async\" src=\"https:\/\/www.hydraulic-cylinders.net\/wp-content\/uploads\/2025\/01\/songte-oil-pipes-and-spare-parts.webp\" \/><\/p>\n<p>Bl\u012bv\u0113\u0161anas un e\u013c\u013co\u0161anas apsv\u0113rumi:<\/p>\n<ul>\n<li>Lai nodro\u0161in\u0101tu, ka hidrauliskais \u0161\u0137idrums neizpl\u016bst no cilindra, tiek izmantoti da\u017e\u0101di bl\u012bv\u0113\u0161anas komponenti, piem\u0113ram, virzu\u013ca bl\u012bvsl\u0113gi, stie\u0146a bl\u012bvsl\u0113gi \u200b\u200bun t\u012br\u012bt\u0101ji.<\/li>\n<li>Bl\u012bv\u0113juma komponenti parasti ir izgatavoti no nodilumiztur\u012bgiem materi\u0101liem, piem\u0113ram, poliuret\u0101na un nitrila gumijas.<\/li>\n<li>Cilindra korpuss un v\u012bt\u0146ot\u0101s gala virsmas ir smalki apstr\u0101d\u0101tas, lai uzlabotu nodilumiztur\u012bbu.<\/li>\n<li>Kausa cilindram nepiecie\u0161ama regul\u0101ra e\u013c\u013co\u0161ana ar atbilsto\u0161u hidraulisk\u0101s e\u013c\u013cas daudzumu.<\/li>\n<\/ul>\n<p>Regul\u0101ri apkopes un prevent\u012bvie pas\u0101kumi ietver:<\/p>\n<ul>\n<li>Regul\u0101ra cilindra korpusa un virzu\u013ca p\u0101rbaude, vai nav boj\u0101jumu vai nodiluma.<\/li>\n<li>Regul\u0101ra e\u013c\u013co\u0161ana ar atbilsto\u0161u hidraulisko e\u013c\u013cu.<\/li>\n<li>Regul\u0101ra nodilu\u0161u vai boj\u0101tu bl\u012bv\u0113juma elementu nomai\u0146a.<\/li>\n<li>Regul\u0101ras kalibr\u0113\u0161anas p\u0101rbaudes, lai nodro\u0161in\u0101tu cilindra pareizu darb\u012bbu.<\/li>\n<\/ul>\n<p><img decoding=\"async\" src=\"https:\/\/www.hydraulic-cylinders.net\/wp-content\/uploads\/2025\/01\/songte-chushion-collar.webp\" \/><\/p>\n<h3>Dro\u0161\u012bbas apsv\u0113rumi un vides faktori<\/h3>\n<p>Izmantojot cilindrus, ir svar\u012bgi iev\u0113rot dro\u0161\u012bbas pas\u0101kumus, piem\u0113ram:<\/p>\n<ul>\n<li>P\u0101rliecinieties, vai cilindrs ir pareizi un dro\u0161i uzst\u0101d\u012bts.<\/li>\n<li>P\u0101rliecinieties, ka cilindrs ir atbilsto\u0161i iee\u013c\u013cots un uztur\u0113ts lab\u0101 st\u0101vokl\u012b.<\/li>\n<li>Valk\u0101jiet atbilsto\u0161us individu\u0101los aizsardz\u012bbas l\u012bdzek\u013cus, piem\u0113ram, cimdus un aizsargbrilles.<\/li>\n<li>Esiet inform\u0113ti par iesp\u0113jamiem apdraud\u0113jumiem, piem\u0113ram, augstu spiedienu un smag\u0101m krav\u0101m.<\/li>\n<\/ul>\n<p>Kausa cilindri parasti ir izgatavoti no p\u0101rstr\u0101d\u0101jamiem un videi draudz\u012bgiem materi\u0101liem. <\/p>\n<h3>Diagnoze un probl\u0113mu nov\u0113r\u0161ana<\/h3>\n<p>Bie\u017eas probl\u0113mas ar kausa cilindriem var b\u016bt hidraulisk\u0101 \u0161\u0137idruma nopl\u016bde, virzu\u013ca stie\u0146u vai bl\u012bv\u0113jumu boj\u0101jumi un nepareiza vai nepietiekama e\u013c\u013co\u0161ana. <\/p>\n<p>Lai diagnostic\u0113tu un nov\u0113rstu probl\u0113mas ar kausa cilindriem:<\/p>\n<ul>\n<li>P\u0101rbaudiet, vai nav hidraulisk\u0101 \u0161\u0137idruma nopl\u016b\u017eu paz\u012bmju.<\/li>\n<li>P\u0101rbaudiet virzuli un bl\u012bves, vai nav boj\u0101jumu vai nodiluma.<\/li>\n<li>P\u0101rliecinieties, ka cilindrs ir atbilsto\u0161i iee\u013c\u013cots.<\/li>\n<li>P\u0101rbaudiet hidraulisko sist\u0113mu, vai nav probl\u0113mu.<\/li>\n<\/ul>\n<p>Prevent\u012bvie pas\u0101kumi ietver regul\u0101ru apkopi un e\u013c\u013co\u0161anu, k\u0101 ar\u012b cilindra pareizas uzst\u0101d\u012b\u0161anas un kalibr\u0113\u0161anas nodro\u0161in\u0101\u0161anu.<\/p>\n<p><img decoding=\"async\" src=\"https:\/\/www.hydraulic-cylinders.net\/wp-content\/uploads\/2025\/01\/songte-bushings-with-all-kinds-of-excavator-models.webp\" \/><\/p>\n<h3>Par m\u016bsu uz\u0146\u0113mumu<\/h3>\n<p>M\u0113s esam vado\u0161ais hidraulisko cilindru ra\u017eot\u0101js un vairumtirdzniec\u012bbas izplat\u012bt\u0101js, kas pied\u0101v\u0101 rentablus risin\u0101jumus iek\u0101rtu apkopei un remontam. M\u0113s specializ\u0113jamies pla\u0161a hidraulisko cilindru kl\u0101sta ra\u017eo\u0161an\u0101, un m\u016bsu ra\u017eo\u0161anu nodro\u0161ina tehnisko speci\u0101listu komanda, modern\u0101kais apr\u012bkojums un profesion\u0101las test\u0113\u0161anas sist\u0113mas. M\u016bsu ra\u017eo\u0161anas platforma tiek nep\u0101rtraukti uzlabota, lai atbilstu augst\u0101kajiem efektivit\u0101tes, precizit\u0101tes un kvalit\u0101tes standartiem. M\u0113s pied\u0101v\u0101jam piel\u0101gotus pakalpojumus un mums ir pla\u0161a pieredze hidraulisko cilindru ra\u017eo\u0161an\u0101 da\u017e\u0101diem pielietojumiem. M\u0113s lielu uzsvaru liekam uz klientu apmierin\u0101t\u012bbu un cen\u0161amies nodro\u0161in\u0101t augst\u0101k\u0101s kvalit\u0101tes servisu un atbalstu.<\/p>\n<ul>\n<li>Profesionalit\u0101te: M\u016bsu komandu veido tehniskie eksperti ar pla\u0161u pieredzi hidraulisko cilindru projekt\u0113\u0161an\u0101 un ra\u017eo\u0161an\u0101.<\/li>\n<li>Starptautisk\u0101s sertifik\u0101cijas: M\u016bsu produktus ir p\u0101rbaud\u012bju\u0161as un sertific\u0113ju\u0161as starptautiskas standartu organiz\u0101cijas, piem\u0113ram, ISO.<\/li>\n<li>Piel\u0101goti pakalpojumi: M\u0113s pied\u0101v\u0101jam piel\u0101gotus hidraulisko cilindru risin\u0101jumus, lai apmierin\u0101tu m\u016bsu klientu \u012bpa\u0161\u0101s vajadz\u012bbas.<\/li>\n<li>Ra\u017eo\u0161anas iek\u0101rtas: M\u016bsu ra\u017eo\u0161anas iek\u0101rtas ir apr\u012bkotas ar modern\u0101ko apr\u012bkojumu, tostarp CNC iek\u0101rt\u0101m un robotiz\u0113t\u0101m metin\u0101\u0161anas sist\u0113m\u0101m.<\/li>\n<li>P\u0113cp\u0101rdo\u0161anas serviss: M\u0113s pied\u0101v\u0101jam visaptvero\u0161u p\u0113cp\u0101rdo\u0161anas servisu, tostarp rezerves da\u013cas un atjauno\u0161anas pakalpojumus, lai nodro\u0161in\u0101tu m\u016bsu produktu ilgm\u016b\u017e\u012bbu un uzticam\u012bbu.<\/li>\n<\/ul>\n<p><img decoding=\"async\" src=\"https:\/\/hzpt.com\/wp-content\/uploads\/2024\/11\/songte-company-1.webp\" \/><\/p>\n<p>Autors: lil<\/p>","protected":false},"excerpt":{"rendered":"<p>Bucket Cylinder For Komatsu Large Excavator PC350-5-6-7 Introduction A bucket cylinder is a specially designed hydraulic cylinder used to control the movement of the bucket in heavy machinery such as excavators, backhoe excavators, and front-end loaders. Its main function is to enable the bucket to lift, lower, and tilt, making it easier for various materials [&hellip;]<\/p>","protected":false},"featured_media":14785,"comment_status":"open","ping_status":"closed","template":"","meta":{"_et_pb_use_builder":"","_et_pb_old_content":"","_et_gb_content_width":""},"product_brand":[],"product_cat":[1494],"product_tag":[1495,1496],"class_list":{"0":"post-15150","1":"product","2":"type-product","3":"status-publish","4":"has-post-thumbnail","6":"product_cat-bucket-cylinders","7":"product_tag-bucket-cylinders","8":"product_tag-hydraulic-cylinders","10":"first","11":"instock","12":"shipping-taxable","13":"product-type-simple"},"amp_enabled":true,"_links":{"self":[{"href":"https:\/\/www.hydraulic-cylinders.net\/lv\/wp-json\/wp\/v2\/product\/15150","targetHints":{"allow":["GET"]}}],"collection":[{"href":"https:\/\/www.hydraulic-cylinders.net\/lv\/wp-json\/wp\/v2\/product"}],"about":[{"href":"https:\/\/www.hydraulic-cylinders.net\/lv\/wp-json\/wp\/v2\/types\/product"}],"replies":[{"embeddable":true,"href":"https:\/\/www.hydraulic-cylinders.net\/lv\/wp-json\/wp\/v2\/comments?post=15150"}],"wp:featuredmedia":[{"embeddable":true,"href":"https:\/\/www.hydraulic-cylinders.net\/lv\/wp-json\/wp\/v2\/media\/14785"}],"wp:attachment":[{"href":"https:\/\/www.hydraulic-cylinders.net\/lv\/wp-json\/wp\/v2\/media?parent=15150"}],"wp:term":[{"taxonomy":"product_brand","embeddable":true,"href":"https:\/\/www.hydraulic-cylinders.net\/lv\/wp-json\/wp\/v2\/product_brand?post=15150"},{"taxonomy":"product_cat","embeddable":true,"href":"https:\/\/www.hydraulic-cylinders.net\/lv\/wp-json\/wp\/v2\/product_cat?post=15150"},{"taxonomy":"product_tag","embeddable":true,"href":"https:\/\/www.hydraulic-cylinders.net\/lv\/wp-json\/wp\/v2\/product_tag?post=15150"}],"curies":[{"name":"wp","href":"https:\/\/api.w.org\/{rel}","templated":true}]}}