{"id":15152,"date":"2025-01-19T14:10:16","date_gmt":"2025-01-19T14:10:16","guid":{"rendered":"https:\/\/www.hydraulic-cylinders.net\/product\/bucket-cylinder-for-komatsu-large-excavator-pc70lc-8\/"},"modified":"2025-01-19T14:10:18","modified_gmt":"2025-01-19T14:10:18","slug":"bucket-cylinder-for-komatsu-large-excavator-pc70lc-8","status":"publish","type":"product","link":"https:\/\/www.hydraulic-cylinders.net\/lv\/products\/bucket-cylinder-for-komatsu-large-excavator-pc70lc-8\/","title":{"rendered":"Kausa cilindrs Komatsu lielajam ekskavatoram PC70LC-8"},"content":{"rendered":"<h1>Kausa cilindrs Komatsu lielajam ekskavatoram PC70LC-8<\/h1>\n<h2>Ievads<\/h2>\n<p>Komatsu lielizm\u0113ra ekskavatora PC70LC-8 kausa cilindrs ir \u012bpa\u0161i izstr\u0101d\u0101ts hidrauliskais cilindrs, ko izmanto, lai kontrol\u0113tu kausa kust\u012bbu smagaj\u0101s ma\u0161\u012bn\u0101s, piem\u0113ram, ekskavatoros, univers\u0101lajos iekr\u0101v\u0113jos un front\u0101lajos iekr\u0101v\u0113jos. T\u0101 galven\u0101 funkcija ir nodro\u0161in\u0101t kausa pacel\u0161anu, nolai\u0161anu un noliek\u0161anu, atvieglojot da\u017e\u0101du materi\u0101lu apstr\u0101des uzdevumu veik\u0161anu. Hidrauliskaj\u0101 sist\u0113m\u0101 kausa cilindrs pan\u0101k prec\u012bzu kausa kontroli, mainot hidraulisk\u0101s e\u013c\u013cas spiedienu, \u013caujot operatoriem efekt\u012bvi apstr\u0101d\u0101t smagas kravas un piel\u0101goties sare\u017e\u0123\u012btai darba videi un da\u017e\u0101d\u0101m ekspluat\u0101cijas pras\u012bb\u0101m.<\/p>\n<p><img decoding=\"async\" src=\"https:\/\/www.hydraulic-cylinders.net\/wp-content\/uploads\/2025\/01\/songte-company-2.webp\"><\/p>\n<h2>Funkcijas<\/h2>\n<ul>\n<li>Augsta iztur\u012bba un ilgm\u016b\u017e\u012bba: Parasti izgatavots no augstas stipr\u012bbas t\u0113rauda vai alum\u012bnija, tas var iztur\u0113t augstu spiedienu un lielas slodzes, piel\u0101goties skarbai darba videi un ir izstr\u0101d\u0101ts, \u0146emot v\u0113r\u0101 nodilumiztur\u012bbu un korozijas iztur\u012bbu, pagarinot t\u0101 kalpo\u0161anas laiku.<\/li>\n<li>Efekt\u012bva hidraulisk\u0101 darb\u012bba: vienm\u0113r\u012bga teleskopisk\u0101 darb\u012bba, kas pan\u0101kta, izmantojot hidraulisk\u0101s e\u013c\u013cas spiedienu, sp\u0113j \u0101tri rea\u0123\u0113t uz darb\u012bbas komand\u0101m, nodro\u0161inot sp\u0113c\u012bgu stum\u0161anas un vilk\u0161anas sp\u0113ku, kas piem\u0113rots smagu kravu apstr\u0101dei un sare\u017e\u0123\u012btu ekspluat\u0101cijas uzdevumu veik\u0161anai.<\/li>\n<li>Da\u017e\u0101di veidi: atkar\u012bb\u0101 no vajadz\u012bb\u0101m var izv\u0113l\u0113ties vienas darb\u012bbas (hidrauliski tikai vien\u0101 virzien\u0101) vai divk\u0101r\u0161as darb\u012bbas (hidrauliski abos virzienos) cilindrus, lai apmierin\u0101tu da\u017e\u0101das ekspluat\u0101cijas vajadz\u012bbas. Da\u017ei mode\u013ci ir teleskopiski, kas \u013cauj tos pagarin\u0101t, nepalielinot \u0101r\u0113jo izm\u0113ru, t\u0101p\u0113c tie ir piem\u0113roti lietojumiem ar ierobe\u017eotu vietu.<\/li>\n<li>Viegli izgatavojams: m\u016bsu produkts var lieliski aizst\u0101t \u0161os hidrauliskos cilindrus.<\/li>\n<\/ul>\n<p><img decoding=\"async\" src=\"https:\/\/www.hydraulic-cylinders.net\/wp-content\/uploads\/2025\/01\/songte-cylinder-head-with-all-kinds-excavator-models.webp\"><\/p>\n<h2>Pieteikumi<\/h2>\n<p>Komatsu liel\u0101 ekskavatora PC70LC-8 kausa cilindru var izmantot da\u017e\u0101d\u0101s nozar\u0113s, tostarp:<\/p>\n<ul>\n<li>B\u016bvniec\u012bbas apr\u012bkojums: ekskavatoros tie ir \u013coti svar\u012bgi rak\u0161anai, iekrau\u0161anai un zemes vai gru\u017eu p\u0101rvieto\u0161anai. Ekskavatoros kausa cilindrs pal\u012bdz gan rak\u0161an\u0101, gan cel\u0161an\u0101. <\/li>\n<li>Lauksaimniec\u012bbas tehnika: izmanto front\u0101lajos iekr\u0101v\u0113jos augsnes, siena un citu materi\u0101lu rak\u0161anai, cel\u0161anai un transport\u0113\u0161anai, ekskavatori: kausa cilindri nodro\u0161ina rak\u0161anas darb\u012bbu, \u013caujot kausam iek\u013c\u016bt augsn\u0113.<\/li>\n<li>Iekr\u0101v\u0113ji: Front\u0101lajos iekr\u0101v\u0113jos tie pal\u012bdz efekt\u012bvi pacelt un noliekt preces.<\/li>\n<\/ul>\n<h2>Dizaina apsv\u0113rumi un atlases krit\u0113riji<\/h2>\n<p>Projekt\u0113jot un izv\u0113loties kausa cilindrus, j\u0101\u0146em v\u0113r\u0101 t\u0101di galvenie faktori k\u0101 nestsp\u0113ja, bl\u012bv\u0113jums, iztur\u012bba, dro\u0161\u012bba un apkopes iesp\u0113jas:<\/p>\n<ul>\n<li>Nestsp\u0113ja: Cilindram j\u0101sp\u0113j iztur\u0113t kravas svaru un hidraulisk\u0101s sist\u0113mas spiedienu.<\/li>\n<li>Bl\u012bv\u0113jums: Da\u017e\u0101di bl\u012bv\u0113\u0161anas komponenti, piem\u0113ram, virzu\u013ca bl\u012bv\u0113jumi un stie\u0146a bl\u012bv\u0113jumi, j\u0101izv\u0113las, pamatojoties uz nodilumiztur\u012bgiem materi\u0101liem, piem\u0113ram, poliuret\u0101nu un nitrilgumiju, lai nodro\u0161in\u0101tu ilgu kalpo\u0161anas laiku.<\/li>\n<li>Iztur\u012bba: Cilindra korpusa virsmai un v\u012bt\u0146otajam galam j\u0101b\u016bt smalki apstr\u0101d\u0101tam, lai uzlabotu nodilumiztur\u012bbu.<\/li>\n<li>Dro\u0161\u012bba: Projekt\u0113jot un izv\u0113loties kausu cilindrus, vienm\u0113r j\u0101\u0146em v\u0113r\u0101 dro\u0161a uzst\u0101d\u012b\u0161ana, ekspluat\u0101cija un apkope.<\/li>\n<li>Apkope: Lai nodro\u0161in\u0101tu cilindra ilgu kalpo\u0161anas laiku, ir j\u0101veic regul\u0101ra apkope.<\/li>\n<\/ul>\n<p><img decoding=\"async\" src=\"https:\/\/www.hydraulic-cylinders.net\/wp-content\/uploads\/2025\/01\/songte-oil-pipes-and-spare-parts.webp\"><\/p>\n<h2>Bl\u012bv\u0113\u0161ana un e\u013c\u013co\u0161ana<\/h2>\n<p>Cilindra bl\u012bv\u0113\u0161anai un e\u013c\u013co\u0161anai tiek izmantoti da\u017e\u0101di bl\u012bv\u0113\u0161anas komponenti, piem\u0113ram, virzu\u013ca bl\u012bvsl\u0113gi \u200b\u200bun stie\u0146a bl\u012bvsl\u0113gi. Tie ir izgatavoti no nodilumiztur\u012bgiem materi\u0101liem, piem\u0113ram, poliuret\u0101na un nitrila gumijas. Cilindra korpuss un v\u012bt\u0146ot\u0101 gala virsma ir smalki apstr\u0101d\u0101ta, lai uzlabotu nodilumiztur\u012bbu. E\u013c\u013co\u0161anai nepiecie\u0161ams regul\u0101ri pievienot atbilsto\u0161u hidraulisk\u0101s e\u013c\u013cas daudzumu.<\/p>\n<p><img decoding=\"async\" src=\"https:\/\/www.hydraulic-cylinders.net\/wp-content\/uploads\/2025\/01\/songte-chushion-collar.webp\"><\/p>\n<h2>Apkope un remonts<\/h2>\n<p>J\u0101veic regul\u0101ras p\u0101rbaudes un profilaktiskie apkopes pas\u0101kumi, tostarp:<\/p>\n<ul>\n<li>Regul\u0101ras p\u0101rbaudes un e\u013c\u013co\u0161ana<\/li>\n<li>Bl\u012bvju nomai\u0146as un kalibr\u0113\u0161anas p\u0101rbaudes<\/li>\n<li>Pareiza cilindra uzst\u0101d\u012b\u0161ana un izl\u012bdzin\u0101\u0161ana<\/li>\n<li>Cilindra nostiprin\u0101\u0161anai izmantojiet atbilsto\u0161us mont\u0101\u017eas kron\u0161teinus<\/li>\n<li>Ieteicam\u0101s p\u0101rbaudes, remonta un nomai\u0146as proced\u016bras<\/li>\n<li>Deta\u013cu nomai\u0146a un atjauno\u0161anas pakalpojumi<\/li>\n<\/ul>\n<h2>Dro\u0161\u012bbas un vides apsv\u0113rumi<\/h2>\n<p>Izmantojot kausu cilindrus, dro\u0161\u012bbas pas\u0101kumi ir \u0101rk\u0101rt\u012bgi svar\u012bgi. J\u0101\u0146em v\u0113r\u0101 ar\u012b ietekme uz vidi un j\u0101veic atbilsto\u0161i pas\u0101kumi, lai samazin\u0101tu negat\u012bvo ietekmi.<\/p>\n<h2>K\u013c\u016bmju diagnostika un bie\u017ei sastopam\u0101s probl\u0113mas<\/h2>\n<p>Bie\u017ei sastopamas probl\u0113mas ar kausu cilindriem ir \u0161\u0101das:<\/p>\n<ul>\n<li>Nepietiekams hidrauliskais spiediens<\/li>\n<li>Nopl\u016bdu\u0161as bl\u012bves<\/li>\n<li>Saliekts vai boj\u0101ts virzu\u013ca stienis<\/li>\n<li>Nolietots cilindra cilindrs<\/li>\n<\/ul>\n<p>Lai atrisin\u0101tu \u0161\u012bs probl\u0113mas, ir j\u0101veic atbilsto\u0161a k\u013c\u016bmju diagnostika un j\u0101veic probl\u0113mu nov\u0113r\u0161anas pas\u0101kumi.<\/p>\n<p><img decoding=\"async\" src=\"https:\/\/www.hydraulic-cylinders.net\/wp-content\/uploads\/2025\/01\/songte-bushings-with-all-kinds-of-excavator-models.webp\"><\/p>\n<h2>Par mums<\/h2>\n<p>M\u0113s esam rezerves hidraulisko cilindru ra\u017eot\u0101js ar pilnu produktu kl\u0101stu. M\u0113s esam viens no vado\u0161ajiem hidraulisko cilindru ra\u017eot\u0101jiem un vairumtirgot\u0101jiem viet\u0113j\u0101 un starptautiskaj\u0101 tirg\u016b. M\u0113s iev\u0113rojam izcil\u012bbas principu un pa\u013caujamies uz industrializ\u0113t\u0101m ra\u017eo\u0161anas vad\u012bbas strat\u0113\u0123ij\u0101m smalk\u0101s ra\u017eo\u0161anas darbn\u012bc\u0101s, izmantojot tehnolo\u0123iskos talantus, digitaliz\u0113tas augstas klases ra\u017eo\u0161anas iek\u0101rtas un profesion\u0101las test\u0113\u0161anas sist\u0113mas, lai nep\u0101rtraukti uzlabotu darbn\u012bcas ra\u017eo\u0161anas platformu, uzlabotu produktu kvalit\u0101tes ra\u017eo\u0161anas l\u012bniju un mums ir sp\u0113c\u012bga sp\u0113ja rad\u012bt augstas efektivit\u0101tes, augstas precizit\u0101tes un augstas kvalit\u0101tes produktus, lai apmierin\u0101tu m\u016bsu klientu da\u017e\u0101d\u0101s vajadz\u012bbas.<\/p>\n<p><img decoding=\"async\" src=\"https:\/\/hzpt.com\/wp-content\/uploads\/2024\/11\/songte-company-1.webp\"><\/p>\n<p>M\u0113s specializ\u0113jamies starptautiskas sertifik\u0101cijas, piel\u0101gotu pakalpojumu, ra\u017eo\u0161anas iek\u0101rtu un p\u0113cp\u0101rdo\u0161anas pakalpojumu snieg\u0161an\u0101. M\u016bsu m\u0113r\u0137is ir nodro\u0161in\u0101t m\u016bsu klientiem lab\u0101kos produktus un pakalpojumus.<\/p>\n<p>Autors: lil<\/p>","protected":false},"excerpt":{"rendered":"<p>Bucket Cylinder For Komatsu Large Excavator PC70LC-8 Introduction The bucket cylinder for Komatsu large excavator PC70LC-8 is a specifically designed hydraulic cylinder used to control the movement of the bucket in heavy machinery such as excavators, backhoes, and front loaders. Its main function is to enable the bucket to lift, lower and tilt, making it [&hellip;]<\/p>","protected":false},"featured_media":14782,"comment_status":"open","ping_status":"closed","template":"","meta":{"_et_pb_use_builder":"","_et_pb_old_content":"","_et_gb_content_width":""},"product_brand":[],"product_cat":[1494],"product_tag":[1495,1496],"class_list":{"0":"post-15152","1":"product","2":"type-product","3":"status-publish","4":"has-post-thumbnail","6":"product_cat-bucket-cylinders","7":"product_tag-bucket-cylinders","8":"product_tag-hydraulic-cylinders","10":"first","11":"instock","12":"shipping-taxable","13":"product-type-simple"},"amp_enabled":true,"_links":{"self":[{"href":"https:\/\/www.hydraulic-cylinders.net\/lv\/wp-json\/wp\/v2\/product\/15152","targetHints":{"allow":["GET"]}}],"collection":[{"href":"https:\/\/www.hydraulic-cylinders.net\/lv\/wp-json\/wp\/v2\/product"}],"about":[{"href":"https:\/\/www.hydraulic-cylinders.net\/lv\/wp-json\/wp\/v2\/types\/product"}],"replies":[{"embeddable":true,"href":"https:\/\/www.hydraulic-cylinders.net\/lv\/wp-json\/wp\/v2\/comments?post=15152"}],"wp:featuredmedia":[{"embeddable":true,"href":"https:\/\/www.hydraulic-cylinders.net\/lv\/wp-json\/wp\/v2\/media\/14782"}],"wp:attachment":[{"href":"https:\/\/www.hydraulic-cylinders.net\/lv\/wp-json\/wp\/v2\/media?parent=15152"}],"wp:term":[{"taxonomy":"product_brand","embeddable":true,"href":"https:\/\/www.hydraulic-cylinders.net\/lv\/wp-json\/wp\/v2\/product_brand?post=15152"},{"taxonomy":"product_cat","embeddable":true,"href":"https:\/\/www.hydraulic-cylinders.net\/lv\/wp-json\/wp\/v2\/product_cat?post=15152"},{"taxonomy":"product_tag","embeddable":true,"href":"https:\/\/www.hydraulic-cylinders.net\/lv\/wp-json\/wp\/v2\/product_tag?post=15152"}],"curies":[{"name":"wp","href":"https:\/\/api.w.org\/{rel}","templated":true}]}}